{"id":1211,"date":"2020-08-13T08:14:55","date_gmt":"2020-08-13T06:14:55","guid":{"rendered":"http:\/\/viennatouristinformation.com\/fr\/?page_id=1211"},"modified":"2023-06-02T08:43:35","modified_gmt":"2023-06-02T06:43:35","slug":"histoire-de-lart","status":"publish","type":"page","link":"https:\/\/viennatouristinformation.com\/fr\/choses-a-faire\/musee\/histoire-de-lart\/","title":{"rendered":"Guide du Mus\u00e9e d&rsquo;Histoire de l&rsquo;Art \u00e0 Vienne"},"content":{"rendered":"<h2 id=\"t-1669197677489\" data-hide=\"true\">Le majestueux Kunsthistorisches Museum sur la Maria-Theresien-Platz se dresse en face du <a href=\"https:\/\/viennatouristinformation.com\/fr\/choses-a-faire\/musee\/histoire-naturelle\/\" style=\"outline: none;\">Mus\u00e9e d&rsquo;histoire naturelle<\/a> comme une image miroir architecturale.<\/h2>\n<p>Avec 1,5 million de visiteurs par an, c&rsquo;est non seulement l&rsquo;un des <a href=\"https:\/\/viennatouristinformation.com\/fr\/choses-a-faire\/musee\/\" style=\"outline: none;\">mus\u00e9es les plus importants de Vienne<\/a> , mais aussi l&rsquo;un des plus importants au monde.<\/p>\n<p>Le mus\u00e9e, avec l&rsquo;un des int\u00e9rieurs les plus magnifiques de Vienne, poss\u00e8de de pr\u00e9cieux tr\u00e9sors d&rsquo;art de sept mill\u00e9naires, de l&rsquo;\u00e9poque de l&rsquo;\u00c9gypte ancienne \u00e0 la fin du XVIIIe si\u00e8cle.<\/p>\n<p>Parmi elles, la \u00ab\u00a0Saliera\u00a0\u00bb, estim\u00e9e \u00e0 plus de 50 millions d&rsquo;euros, vol\u00e9e en 2003. Depuis que la cellule de sel dor\u00e9e a \u00e9t\u00e9 trouv\u00e9e dans une for\u00eat et ramen\u00e9e en 2006, elle est l&rsquo;une des expositions les plus c\u00e9l\u00e8bres du mus\u00e9e.<\/p>\n<h2 id=\"t-1669197677490\">Collections du mus\u00e9e<\/h2>\n<p><span><img decoding=\"async\" class=\"lazyload\" alt=\"Sammlungen im Museum in Vienna in Austria\" data-id=\"2094\" width=\"885\" data-init-width=\"1000\" height=\"590\" data-init-height=\"667\" title=\"Sammlungen im Museum in Vienna in Austria\" loading=\"lazy\" src=\"data:image\/gif;base64,R0lGODlhAQABAIAAAAAAAP\/\/\/yH5BAEAAAAALAAAAAABAAEAAAIBRAA7\" data-src=\"\/\/viennatouristinformation.com\/fr\/wp-content\/uploads\/2020\/09\/Sammlungen-im-Museum.jpg\" data-width=\"885\" data-height=\"590\"><noscript><img decoding=\"async\" class=\"lazyload\" alt=\"Sammlungen im Museum in Vienna in Austria\" data-id=\"2094\" width=\"885\" data-init-width=\"1000\" height=\"590\" data-init-height=\"667\" title=\"Sammlungen im Museum in Vienna in Austria\" loading=\"lazy\" src=\"\/\/viennatouristinformation.com\/fr\/wp-content\/uploads\/2020\/09\/Sammlungen-im-Museum.jpg\" data-width=\"885\" data-height=\"590\"><\/noscript><\/span><\/p>\n<p>Cr\u00e9\u00e9 \u00e0 partir des domaines des Habsbourg, le Kunsthistorisches Museum, avec sa collection d&rsquo;\u0153uvres importantes et la plus grande collection Bruegel au monde, est l&rsquo;une des collections d&rsquo;art les plus vastes et les plus importantes au monde.<\/p>\n<h3 id=\"t-1669197677491\">Exposition permanente au mus\u00e9e :<\/h3>\n<ol type=\"1\">\n<li><strong>\u00c4gyptisch-Orientalische Sammlung:<\/strong> Bestaunen Sie hier eine der weltweit wichtigsten Sammlungen \u00e4gyptischer Altert\u00fcmer. \u00dcber 17.000 Objekte, die 4500 Jahre abdecken, befassen sich mit den Bereichen Totenkult, Kulturgeschichte, bildende Kunst und die Entwicklung der Schrift.&nbsp;Zu den Highlights geh\u00f6ren Sarkophage, Mumien, die reich dekorierte Kultkammer des Ka-ni-nisut aus dem Alten Reich sowie Gesichtsstelen aus dem antiken S\u00fcdarabien und eine L\u00f6wendarstellung vom Ischtartor aus Babylon.<\/li>\n<li><strong>Antikensammlung:<\/strong> Rund 2500 Exponate aus drei Jahrtausenden entf\u00fchren den Besucher in die faszinierende Welt der klassischen Antike. Hervorzuheben sind vor allem die Schatzfunde aus der V\u00f6lkerwanderungszeit und dem Fr\u00fchmittelalter, die einzigartigen antiken Prunkkameen sowie die Vasensammlung mit Meisterwerken wie dem Brygos-Skyphos.<\/li>\n<li><strong>Gem\u00e4ldegalerie:<\/strong> Neben der weltgr\u00f6\u00dften Bruegel-Sammlung zeigt die Gem\u00e4ldegalerie viele Hauptwerke der abendl\u00e4ndischen Kunst, darunter Meisterwerke von Rembrandt, Rubens, Tizian, D\u00fcrer und&nbsp;Tintoretto. Erw\u00e4hnenswert sind vor allem Raffaels \u00ab\u00a0Madonna im Gr\u00fcnen\u00a0\u00bb, die Infantinnen-Bilder von Velazquez und Vermeers \u00ab\u00a0Malkunst\u00a0\u00bb.<\/li>\n<li><strong>Kunstkammer Wien:<\/strong> Als eine der bedeutendsten Kunstkammern der Welt pr\u00e4sentiert sie seltene Ausstellungsst\u00fccke aus den einstigen Schatz- und Wunderkammern der Habsburger. Prunkst\u00fcck ist die bereits erw\u00e4hnte Saliera von Benvenuto Cellini. Auch die Kunstkammer Kaiser Rudolfs II. sowie der Exotica-Komplex sind \u00fcberaus sehenswert.<\/li>\n<li><strong>Coin Cabinet:<\/strong> Cette collection avec environ 600 000 objets de trois mill\u00e9naires est l&rsquo;une des cinq plus grandes et des plus importantes collections de pi\u00e8ces de monnaie au monde. Il remonte \u00e0 la collection imp\u00e9riale des Habsbourg.<\/li>\n<\/ol>\n<p>Des expositions temporaires compl\u00e8tent l&rsquo;offre de premier ordre. Vous trouverez ici les expositions temporaires en cours <a href=\"https:\/\/www.khm.at\/besuchen\/ausstellungen\/\" rel=\"noopener\" target=\"_blank\">.<\/a><\/p>\n<h2 id=\"t-1669197677492\">Emplacements du Mus\u00e9e<\/h2>\n<p><span><img decoding=\"async\" class=\"lazyload\" alt=\"Weltmuseum Wien\" data-id=\"2090\" width=\"885\" data-init-width=\"1000\" height=\"519\" data-init-height=\"587\" title=\"Weltmuseum Wien\" loading=\"lazy\" src=\"data:image\/gif;base64,R0lGODlhAQABAIAAAAAAAP\/\/\/yH5BAEAAAAALAAAAAABAAEAAAIBRAA7\" data-src=\"\/\/viennatouristinformation.com\/fr\/wp-content\/uploads\/2020\/09\/Weltmuseum-Wien-1.jpg\" data-width=\"885\" data-height=\"519\"><noscript><img decoding=\"async\" class=\"lazyload\" alt=\"Weltmuseum Wien\" data-id=\"2090\" width=\"885\" data-init-width=\"1000\" height=\"519\" data-init-height=\"587\" title=\"Weltmuseum Wien\" loading=\"lazy\" src=\"\/\/viennatouristinformation.com\/fr\/wp-content\/uploads\/2020\/09\/Weltmuseum-Wien-1.jpg\" data-width=\"885\" data-height=\"519\"><\/noscript><\/span><\/p>\n<p>L&rsquo;association du mus\u00e9e KHM comprend les 7 sites suivants :<\/p>\n<ul>\n<li><strong>Kunsthistorisches Museum Vienna:<\/strong> Le Kunsthistorisches Museum est le b\u00e2timent principal et abrite la galerie de photos, la collection \u00e9gyptienne-orientale, la collection d&rsquo;antiquit\u00e9s, la Kunstkammer et le cabinet de monnaie.<\/li>\n<li><strong><a href=\"https:\/\/viennatouristinformation.com\/fr\/choses-a-faire\/palais-imperial\/musee-du-monde\/\" style=\"outline: none;\">Mus\u00e9e du monde de Vienne :<\/a><\/strong> &nbsp; Le Mus\u00e9e du monde est situ\u00e9 dans la Hofburg de Vienne, \u00e0 seulement 6 minutes \u00e0 pied du b\u00e2timent principal. Avec 250 000 objets ethnographiques et une importante collection de photos avec environ 140 000 photographies et environ 146 000 objets imprim\u00e9s, c&rsquo;est le plus grand mus\u00e9e ethnographique d&rsquo;Autriche.<\/li>\n<li><strong><a href=\"https:\/\/viennatouristinformation.com\/fr\/choses-a-faire\/palais-imperial\/tresor-imperial\/\" style=\"outline: none;\">Tr\u00e9sor imp\u00e9rial de Vienne :<\/a><\/strong> Il est situ\u00e9 dans l&rsquo;aile suisse, la partie la plus ancienne de la Hofburg de Vienne, \u00e0 seulement 5 minutes \u00e0 pied du b\u00e2timent principal. Le tr\u00e9sor abrite les tr\u00e9sors des Habsbourg, dont la couronne imp\u00e9riale et la couronne imp\u00e9riale autrichienne.<\/li>\n<li><strong>Temple de Th\u00e9s\u00e9e Vienne :<\/strong> Le temple de Th\u00e9s\u00e9e est un temple de style grec datant de 1823 qui pr\u00e9sente des \u0153uvres d&rsquo;art exceptionnelles. Il se trouve dans le Volksgarten, \u00e0 8 minutes \u00e0 pied du b\u00e2timent principal.<\/li>\n<li><strong>Kaiserliche Wagenburg Vienne :<\/strong> &nbsp; L&rsquo;Imperial Wagenburg est situ\u00e9 dans le <a href=\"https:\/\/viennatouristinformation.com\/fr\/choses-a-faire\/chateaux\/schonbrunn\/\" style=\"outline: none;\">complexe du palais de Sch\u00f6nbrunn<\/a> . Il pr\u00e9sente des carrosses et des v\u00eatements extraordinaires de la famille imp\u00e9riale autrichienne.<\/li>\n<li><strong>Mus\u00e9e du Th\u00e9\u00e2tre :<\/strong> Le mus\u00e9e du Palais Lobkowitz se trouve \u00e0 12 minutes \u00e0 pied du b\u00e2timent principal. Il est consacr\u00e9 \u00e0 l&rsquo;histoire du th\u00e9\u00e2tre de la fin du XVe si\u00e8cle aux exp\u00e9rimentations contemporaines et montre la diversit\u00e9 du th\u00e9\u00e2tre.<\/li>\n<li><strong>Ch\u00e2teau d&rsquo; Ambras Innsbruck :<\/strong> Ce ch\u00e2teau m\u00e9di\u00e9val est situ\u00e9 \u00e0 Innsbruck. Le mus\u00e9e d&rsquo;art du ch\u00e2teau inf\u00e9rieur est consid\u00e9r\u00e9 comme le plus ancien mus\u00e9e du monde et pr\u00e9sente les collections du prince et client de la Renaissance l&rsquo;archiduc Ferdinand II &#8211; l&rsquo;un des plus importants collectionneurs de l&#8217;empire des Habsbourg.<\/li>\n<\/ul>\n<h2 id=\"t-1669197677493\">Entr\u00e9e, billets et prix<\/h2>\n<ul>\n<li><strong>Billet :<\/strong> L&rsquo;entr\u00e9e pour les adultes est de 16 \u20ac. Les enfants et les jeunes de moins de 19 ans ont l&rsquo;entr\u00e9e gratuite.<\/li>\n<li><strong>Billet combin\u00e9 :<\/strong> Avec le billet combin\u00e9 \u00ab Tr\u00e9sors des Habsbourg \u00bb \u00e0 22 \u20ac, vous avez acc\u00e8s au Kunsthistorisches Museum et au Tr\u00e9sor imp\u00e9rial de Vienne. Le \u00ab Masterticket \u00bb \u00e0 24 \u20ac, en revanche, vous donne le droit de visiter le Kunsthistorisches Museum et le <a href=\"https:\/\/viennatouristinformation.com\/fr\/choses-a-faire\/musee\/leopold\/\" style=\"outline: none;\">Leopold Museum<\/a> .<\/li>\n<li><strong>Billet annuel :<\/strong> Un billet annuel est \u00e9galement disponible. Cette carte vous donne acc\u00e8s pendant un an aux sept mus\u00e9es suivants&nbsp;: Mus\u00e9e d&rsquo;histoire de l&rsquo;art de Vienne, <a href=\"https:\/\/viennatouristinformation.com\/fr\/choses-a-faire\/palais-imperial\/tresor-imperial\/\" style=\"outline: none;\">Tr\u00e9sor imp\u00e9rial<\/a> de Vienne , Mus\u00e9e des cal\u00e8ches imp\u00e9riales de Vienne, Mus\u00e9e du th\u00e9\u00e2tre, Mus\u00e9e <a href=\"https:\/\/viennatouristinformation.com\/fr\/choses-a-faire\/palais-imperial\/musee-du-monde\/\" style=\"outline: none;\">du monde de Vienne<\/a> avec chasse \u00e0 la cour et armurerie et une collection d&rsquo;instruments de musique anciens, Ch\u00e2teau d&rsquo;Ambras Innsbruck et Temple de Th\u00e9s\u00e9e.<\/li>\n<li><strong>Amis du KHM :<\/strong> Si vous souhaitez soutenir le Kunsthistorisches Museum, vous pouvez faire une demande d&rsquo;adh\u00e9sion \u00e0 l&rsquo;Association des Amis du KHM pour 70 \u20ac. L&rsquo;adh\u00e9sion est valable 12 mois \u00e0 compter de la date d&rsquo;adh\u00e9sion. Plus d&rsquo;informations \u00e0 ce sujet <a href=\"https:\/\/www.khm.at\/unterstuetzen\/freundeskreise\/freunde-des-khm\/werden-sie-mitglied\/\" rel=\"noopener\" target=\"_blank\">ici<\/a> .<\/li>\n<li><strong>Visites guid\u00e9es :<\/strong> Les personnes int\u00e9ress\u00e9es peuvent participer aux visites guid\u00e9es publiques du Kunsthistorisches Museum. L&rsquo;inscription n&rsquo;est pas obligatoire. L&rsquo;offre actuelle de visites guid\u00e9es et les tarifs correspondants sont disponibles sur la page d&rsquo; <a href=\"https:\/\/www.khm.at\/erfahren\/kunstvermittlung\/oeffentliche-fuehrungen\/\" rel=\"noopener\" target=\"_blank\">accueil<\/a> du mus\u00e9e .<\/li>\n<li><strong>Audioguide<\/strong> : Un audioguide en sept langues est disponible moyennant des frais de location.<\/li>\n<\/ul>\n<p><a href=\"https:\/\/shop.khm.at\/tickets\/\" rel=\"noopener\" target=\"_blank\">Vous trouverez ici<\/a> un aper\u00e7u d\u00e9taill\u00e9 du programme de billets actuel.<\/p>\n<h2 id=\"t-1669197677494\">Caf\u00e9 du mus\u00e9e<\/h2>\n<p>Les amateurs d&rsquo;art pourront prendre une d\u00e9licieuse pause dans le caf\u00e9-restaurant de l&rsquo;h\u00f4tel.<\/p>\n<p>Le caf\u00e9-restaurant extr\u00eamement photog\u00e9nique dans la salle du d\u00f4me \u00e0 couper le souffle avec sa magnifique toile de fond est un motif photo tr\u00e8s populaire &#8211; en particulier aupr\u00e8s de la communaut\u00e9 Instagram.<\/p>\n<p>Offrez-vous des sp\u00e9cialit\u00e9s traditionnelles dans un int\u00e9rieur \u00e9l\u00e9gant et une ambiance historique.<\/p>\n<p>Un billet de mus\u00e9e valide est requis pour visiter le restaurant.<\/p>\n<h2 id=\"t-1669197677495\">histoire<\/h2>\n<p><span><img decoding=\"async\" class=\"lazyload\" alt=\"Geschichte\" data-id=\"2095\" width=\"885\" data-init-width=\"1000\" height=\"590\" data-init-height=\"667\" title=\"Geschichte\" loading=\"lazy\" src=\"data:image\/gif;base64,R0lGODlhAQABAIAAAAAAAP\/\/\/yH5BAEAAAAALAAAAAABAAEAAAIBRAA7\" data-src=\"\/\/viennatouristinformation.com\/fr\/wp-content\/uploads\/2020\/09\/Geschichte-9.jpg\" data-width=\"885\" data-height=\"590\"><noscript><img decoding=\"async\" class=\"lazyload\" alt=\"Geschichte\" data-id=\"2095\" width=\"885\" data-init-width=\"1000\" height=\"590\" data-init-height=\"667\" title=\"Geschichte\" loading=\"lazy\" src=\"\/\/viennatouristinformation.com\/fr\/wp-content\/uploads\/2020\/09\/Geschichte-9.jpg\" data-width=\"885\" data-height=\"590\"><\/noscript><\/span><\/p>\n<p>Le Kunsthistorisches Museum a \u00e9t\u00e9 construit en 1891 sous l&#8217;empereur Fran\u00e7ois-Joseph pour les collections d&rsquo;art imp\u00e9riales. Il fit rassembler et exposer les collections imp\u00e9riales des Habsbourg, de l&#8217;empereur Rodolphe II, de Ferdinand du Tyrol et de l&rsquo;archiduc L\u00e9opold Wilhelm dans un b\u00e2timent sp\u00e9cialement construit sur la Ringstrasse.<\/p>\n<p>Les architectes Gottfried Semper et le baron Karl von Hasenauer, qui ont commenc\u00e9 la construction en 1871 , ont \u00e9t\u00e9 charg\u00e9s de cela et de la construction simultan\u00e9e du <a href=\"https:\/\/viennatouristinformation.com\/fr\/choses-a-faire\/musee\/histoire-naturelle\/\" style=\"outline: none;\">Mus\u00e9e d&rsquo;histoire naturelle .<\/a><\/p>\n<p>Les deux mus\u00e9es aux allures de palais se font face comme une image miroir sur la Maria-Theresien-Platz.<\/p>\n<p>En accord avec les \u0153uvres d&rsquo;art de classe mondiale expos\u00e9es, le magnifique int\u00e9rieur du mus\u00e9e impressionne \u00e9galement par ses int\u00e9rieurs richement d\u00e9cor\u00e9s, ses d\u00f4mes et ses escaliers n\u00e9oclassiques.<\/p>\n<h2 id=\"t-1669197677496\">Contact<\/h2>\n<ul>\n<li><strong>Adresse :<\/strong> Maria-Theresien-Platz, 1010 Vienne<\/li>\n<li><strong>M\u00e9tro :<\/strong> U3 Volkstheater<\/li>\n<li><strong>Horaires d&rsquo;ouverture :<\/strong> Les horaires d&rsquo;ouverture actuels peuvent \u00eatre consult\u00e9s sur la page d&rsquo; <a href=\"https:\/\/www.khm.at\/besuchen\/besucherinformation\/oeffnungszeiten-eintrittspreise\/\" rel=\"noopener\" target=\"_blank\">accueil<\/a> du mus\u00e9e &nbsp; .<\/li>\n<\/ul>\n","protected":false},"excerpt":{"rendered":"<p>Le majestueux Kunsthistorisches Museum sur la Maria-Theresien-Platz se dresse en face du Mus\u00e9e d&rsquo;histoire naturelle comme une image miroir architecturale. Avec 1,5 million de visiteurs par an, c&rsquo;est non seulement l&rsquo;un des mus\u00e9es les plus importants de Vienne , mais aussi l&rsquo;un des plus importants au monde. Le mus\u00e9e, avec l&rsquo;un des int\u00e9rieurs les plus [&hellip;]<\/p>\n","protected":false},"author":3,"featured_media":2092,"parent":133,"menu_order":0,"comment_status":"open","ping_status":"closed","template":"","meta":{"footnotes":""},"tags":[],"class_list":["post-1211","page","type-page","status-publish","has-post-thumbnail","hentry","post-wrapper","thrv_wrapper"],"_links":{"self":[{"href":"https:\/\/viennatouristinformation.com\/fr\/wp-json\/wp\/v2\/pages\/1211","targetHints":{"allow":["GET"]}}],"collection":[{"href":"https:\/\/viennatouristinformation.com\/fr\/wp-json\/wp\/v2\/pages"}],"about":[{"href":"https:\/\/viennatouristinformation.com\/fr\/wp-json\/wp\/v2\/types\/page"}],"author":[{"embeddable":true,"href":"https:\/\/viennatouristinformation.com\/fr\/wp-json\/wp\/v2\/users\/3"}],"replies":[{"embeddable":true,"href":"https:\/\/viennatouristinformation.com\/fr\/wp-json\/wp\/v2\/comments?post=1211"}],"version-history":[{"count":0,"href":"https:\/\/viennatouristinformation.com\/fr\/wp-json\/wp\/v2\/pages\/1211\/revisions"}],"up":[{"embeddable":true,"href":"https:\/\/viennatouristinformation.com\/fr\/wp-json\/wp\/v2\/pages\/133"}],"wp:featuredmedia":[{"embeddable":true,"href":"https:\/\/viennatouristinformation.com\/fr\/wp-json\/wp\/v2\/media\/2092"}],"wp:attachment":[{"href":"https:\/\/viennatouristinformation.com\/fr\/wp-json\/wp\/v2\/media?parent=1211"}],"wp:term":[{"taxonomy":"post_tag","embeddable":true,"href":"https:\/\/viennatouristinformation.com\/fr\/wp-json\/wp\/v2\/tags?post=1211"}],"curies":[{"name":"wp","href":"https:\/\/api.w.org\/{rel}","templated":true}]}}