{"id":1213,"date":"2020-08-13T14:19:00","date_gmt":"2020-08-13T12:19:00","guid":{"rendered":"http:\/\/viennatouristinformation.com\/fr\/?page_id=1213"},"modified":"2023-06-02T09:25:45","modified_gmt":"2023-06-02T07:25:45","slug":"histoire-naturelle","status":"publish","type":"page","link":"https:\/\/viennatouristinformation.com\/fr\/choses-a-faire\/musee\/histoire-naturelle\/","title":{"rendered":"Mus\u00e9e d&rsquo;Histoire Naturelle de Vienne"},"content":{"rendered":"<h2 id=\"t-1669201520846\" data-hide=\"true\">Le Mus\u00e9um d&rsquo;histoire naturelle est l&rsquo;un des mus\u00e9es d&rsquo;histoire naturelle les plus importants au monde.<\/h2>\n<p>Il se dresse sur la Maria-Theresien-Platz en face de son miroir architectural, le <a href=\"https:\/\/viennatouristinformation.com\/fr\/choses-a-faire\/musee\/histoire-de-lart\/\" style=\"outline: none;\">Mus\u00e9e d&rsquo;histoire de l&rsquo;art<\/a> .<\/p>\n<p>Les collections de sciences naturelles du mus\u00e9e comprennent la plus grande collection au monde de m\u00e9t\u00e9orites, d&rsquo;artefacts pr\u00e9historiques, de pierres pr\u00e9cieuses, de fossiles, d&rsquo;os de dinosaures et de la statue de Venus von Willendorf.<\/p>\n<p>Vous trouverez ici les informations les plus importantes sur les expositions, les prix d&rsquo;entr\u00e9e et l&rsquo;histoire.<\/p>\n<h2 id=\"t-1669201520847\">Exposition au mus\u00e9e<\/h2>\n<p><span><img decoding=\"async\" class=\"lazyload\" alt=\"Ausstellung im Museum in Vienna in Austria\" data-id=\"2122\" width=\"885\" data-init-width=\"1000\" height=\"590\" data-init-height=\"667\" title=\"Ausstellung im Museum in Vienna in Austria\" loading=\"lazy\" src=\"data:image\/gif;base64,R0lGODlhAQABAIAAAAAAAP\/\/\/yH5BAEAAAAALAAAAAABAAEAAAIBRAA7\" data-src=\"\/\/viennatouristinformation.com\/fr\/wp-content\/uploads\/2020\/09\/Ausstellung-im-Museum.jpg\" data-width=\"885\" data-height=\"590\"><noscript><img decoding=\"async\" class=\"lazyload\" alt=\"Ausstellung im Museum in Vienna in Austria\" data-id=\"2122\" width=\"885\" data-init-width=\"1000\" height=\"590\" data-init-height=\"667\" title=\"Ausstellung im Museum in Vienna in Austria\" loading=\"lazy\" src=\"\/\/viennatouristinformation.com\/fr\/wp-content\/uploads\/2020\/09\/Ausstellung-im-Museum.jpg\" data-width=\"885\" data-height=\"590\"><\/noscript><\/span><\/p>\n<p>Le mus\u00e9e d&rsquo;histoire naturelle abrite environ 30 millions d&rsquo;objets et d&rsquo;artefacts. Plus de 100 000 pi\u00e8ces sont pr\u00e9sent\u00e9es dans 39 salles d&rsquo;exposition th\u00e9matiques.<\/p>\n<p>Voici quelques-unes des salles et des expositions les plus passionnantes&nbsp;:<\/p>\n<ul>\n<li><strong>Meteoritensaal:<\/strong> Besucher k\u00f6nnen im Meteortiensaal die gr\u00f6\u00dfte und \u00e4lteste Meteoritensammlung der Welt bestaunen, darunter der aufsehenerregende \u00ab\u00a0Tissint\u00a0\u00bb-Meteorit vom Mars. Ein&nbsp;Simulator zeigt zudem einen gewaltigen Meteoriteneinschlag in 3D-Optik.<\/li>\n<li><strong>Sauriersaal:<\/strong> Riesige Saurierskelette und \u00dcberreste geben Aufschluss \u00fcber die gewaltigen Urzeittiere. H\u00f6hepunkt ist ein lebensecht wirkender und sich bewegender Allosaurier.&nbsp;<\/li>\n<li><strong>Venuskabinett:<\/strong> Absolutes Highlight der gesamten Sammlung und eines der bekanntesten arch\u00e4ologischen Fundst\u00fccke der Welt ist die 29.500 Jahre alte \u00ab\u00a0Venus von Willendorf\u00a0\u00bb.&nbsp;<\/li>\n<li><strong>Digitaler Planetarium:<\/strong> Das Digitale Planetarium ist mit seiner rund 8,5 Meter durchmessenden Innenkuppel eine der Hauptattraktionen des Museums. Mehrmals t\u00e4glich finden hier Live-Vorf\u00fchrungen zu Themen wie Astronomie, Pr\u00e4historie, Biologie oder Tiefsee statt. Beachten Sie bitte, dass das digitale Planetarium nicht im Eintritt inkludiert ist.<\/li>\n<li><strong>Zoologie:<\/strong> In dieser Abteilung werden ausgestopfte Tiere gezeigt, darunter auch seltene und bereits ausgestorbene Arten.<\/li>\n<li><strong>Edelsteinsammlung:<\/strong> Kostbare Edelsteine wie Smaragde, Kristalle und Quarze werden hier zur Schau gestellt und locken Besucher mit ihrer Pracht.<\/li>\n<\/ul>\n<p>Zudem wird das Museumsangebot durch wechselnde Ausstellungen erg\u00e4nzt. Aktuelle Sonderausstellungen finden Sie <a href=\"https:\/\/www.nhm-wien.ac.at\/ausstellung\/sonderausstellungen\" rel=\"noopener\" target=\"_blank\">hier<\/a>.<\/p>\n<h2 id=\"t-1669201520848\">Eintritt, Tickets und Preis<\/h2>\n<p><span><img decoding=\"async\" class=\"lazyload\" alt=\"Eintritt, Tickets und Preis\" data-id=\"2123\" width=\"885\" data-init-width=\"1000\" height=\"590\" data-init-height=\"667\" title=\"Eintritt, Tickets und Preis\" loading=\"lazy\" src=\"data:image\/gif;base64,R0lGODlhAQABAIAAAAAAAP\/\/\/yH5BAEAAAAALAAAAAABAAEAAAIBRAA7\" data-src=\"\/\/viennatouristinformation.com\/fr\/wp-content\/uploads\/2020\/09\/Eintritt-Tickets-und-Preis.jpg\" data-width=\"885\" data-height=\"590\"><noscript><img decoding=\"async\" class=\"lazyload\" alt=\"Eintritt, Tickets und Preis\" data-id=\"2123\" width=\"885\" data-init-width=\"1000\" height=\"590\" data-init-height=\"667\" title=\"Eintritt, Tickets und Preis\" loading=\"lazy\" src=\"\/\/viennatouristinformation.com\/fr\/wp-content\/uploads\/2020\/09\/Eintritt-Tickets-und-Preis.jpg\" data-width=\"885\" data-height=\"590\"><\/noscript><\/span><\/p>\n<ul>\n<li><strong>Ticket: <\/strong>Der Eintritt f\u00fcr Erwachsene betr\u00e4gt 12\u20ac. Kinder und Jugendliche unter 19 Jahren haben freien Eintritt. Der Eintritt f\u00fcr das Digitale Planetarium ist im Eintrittspreis nicht inkludiert.<\/li>\n<li><strong>Jahresticket: <\/strong>F\u00fcr eine Jahreskarte zahlen Erwachsene 33\u20ac.<\/li>\n<li><strong>F\u00f6rderer &amp; Sponsoren: <\/strong>Wer das Naturhistorische Museum unterst\u00fctzen m\u00f6chte, kann eine Mitgliedschaft f\u00fcr den Verein der Freunde des NHM beantragen. Der Jahresmitgliedsbeitrag f\u00fcr Einzelmitglieder betr\u00e4gt 33\u20ac. F\u00f6rderer zahlen 330\u20ac. Mehr dazu <a href=\"https:\/\/freunde.nhm-wien.ac.at\/mitgliedschaft\/item\/47-arten-der-mitgliedschaft\" rel=\"noopener\" target=\"_blank\">hier<\/a>.<\/li>\n<li><strong>F\u00fchrungen: <\/strong>Interessierte k\u00f6nnen bei einer F\u00fchrung tiefer in die faszinierende Welt der Natur eintauchen. Mehr dazu <a href=\"https:\/\/www.nhm-wien.ac.at\/fuehrungen_willkommen\" rel=\"noopener\" target=\"_blank\">hier<\/a>.<\/li>\n<li><strong>Audioguide: &nbsp;<\/strong>Ein Audioguide in sechs Sprachen ist gegen eine Leihgeb\u00fchr am Infostand des Museums erh\u00e4ltlich.<\/li>\n<\/ul>\n<p><a href=\"https:\/\/www.nhm-wien.ac.at\/information\" rel=\"noopener\" target=\"_blank\">Hier<\/a> finden Sie die detaillierte \u00dcbersicht des aktuellen Ticketprogramms.<\/p>\n<h2 id=\"t-1669201520849\">Nacht im Museum f\u00fcr Kinder<\/h2>\n<p><span><img decoding=\"async\" class=\"lazyload\" alt=\"Nacht im Museum f\u00fcr Kinder in Vienna in Austria\" data-id=\"2124\" width=\"885\" data-init-width=\"1000\" height=\"590\" data-init-height=\"667\" title=\"Nacht im Museum f\u00fcr Kinder in Vienna in Austria\" loading=\"lazy\" src=\"data:image\/gif;base64,R0lGODlhAQABAIAAAAAAAP\/\/\/yH5BAEAAAAALAAAAAABAAEAAAIBRAA7\" data-src=\"\/\/viennatouristinformation.com\/fr\/wp-content\/uploads\/2020\/09\/Nacht-im-Museum-f\u00fcr-Kinder.jpg\" data-width=\"885\" data-height=\"590\"><noscript><img decoding=\"async\" class=\"lazyload\" alt=\"Nacht im Museum f\u00fcr Kinder in Vienna in Austria\" data-id=\"2124\" width=\"885\" data-init-width=\"1000\" height=\"590\" data-init-height=\"667\" title=\"Nacht im Museum f\u00fcr Kinder in Vienna in Austria\" loading=\"lazy\" src=\"\/\/viennatouristinformation.com\/fr\/wp-content\/uploads\/2020\/09\/Nacht-im-Museum-f\u00fcr-Kinder.jpg\" data-width=\"885\" data-height=\"590\"><\/noscript><\/span><\/p>\n<p>Ein ganz besonderes Highlight des Naturhistorischen Museums ist die \u201cNacht im Museum\u201c.<\/p>\n<p>Die kleinen Entdecker \u00fcbernachten nicht nur im Naturhistorischen Museum, dank eines aufregenden Programms k\u00f6nnen sie eine wahre Abenteuernacht erleben.<\/p>\n<p>Die Nacht voller spannender Aktivit\u00e4ten wie einer Taschenlampenf\u00fchrung, Betthupferl, einer Filmvorf\u00fchrung im Digitalen Planetarium, Schlafen im Dinosauriersaal und Fr\u00fchst\u00fcckssackerl, werden die Kleinen nicht so schnell vergessen.<\/p>\n<h2 id=\"t-1669201520850\">Cafe im Museum<\/h2>\n<p>In der atemberaubenden Kuppelhalle des Naturhistorischen Museums befindet sich das Caf\u00e9-Restaurant. Verw\u00f6hnen Sie Ihren Gaumen mit Wiener Spezialit\u00e4ten, w\u00e4hrend Sie das historische Ambiente der prachtvollen Kuppelhalle genie\u00dfen. Diese ist im \u00dcbrigen ein beliebtes Fotomotiv.<\/p>\n<p>Lors du soi-disant \u00ab\u00a0Genussdinner\u00a0\u00bb, qui a lieu tous les mercredis d&rsquo;octobre \u00e0 juin inclus, \u00e0 19h00, les visiteurs peuvent profiter de d\u00e9lices culinaires dans le cadre \u00e9poustouflant de la salle du d\u00f4me.<\/p>\n<p>Le point culminant est l&rsquo;offre suppl\u00e9mentaire du circuit \u00ab\u00a0Sur les toits de Vienne\u00a0\u00bb. Cette visite nocturne \u00e0 8\u20ac est \u00e9galement propos\u00e9e s\u00e9par\u00e9ment et offre aux visiteurs un aper\u00e7u exclusif des coulisses et de l&rsquo;histoire de la maison. La promenade \u00e0 travers le mus\u00e9e se termine sur le toit du mus\u00e9e d&rsquo;histoire naturelle, o\u00f9 vous serez r\u00e9compens\u00e9 par une vue sensationnelle sur les toits de Vienne.<\/p>\n<h2 id=\"t-1669201520851\"><strong>histoire<\/strong><\/h2>\n<p><span><img decoding=\"async\" class=\"lazyload\" alt=\"Geschichte\" data-id=\"2125\" width=\"885\" data-init-width=\"1000\" height=\"590\" data-init-height=\"667\" title=\"Geschichte\" loading=\"lazy\" src=\"data:image\/gif;base64,R0lGODlhAQABAIAAAAAAAP\/\/\/yH5BAEAAAAALAAAAAABAAEAAAIBRAA7\" data-src=\"\/\/viennatouristinformation.com\/fr\/wp-content\/uploads\/2020\/09\/Geschichte-11.jpg\" data-width=\"885\" data-height=\"590\"><noscript><img decoding=\"async\" class=\"lazyload\" alt=\"Geschichte\" data-id=\"2125\" width=\"885\" data-init-width=\"1000\" height=\"590\" data-init-height=\"667\" title=\"Geschichte\" loading=\"lazy\" src=\"\/\/viennatouristinformation.com\/fr\/wp-content\/uploads\/2020\/09\/Geschichte-11.jpg\" data-width=\"885\" data-height=\"590\"><\/noscript><\/span><\/p>\n<p>La premi\u00e8re pierre du mus\u00e9e d&rsquo;histoire naturelle a \u00e9t\u00e9 pos\u00e9e lorsque l&#8217;empereur Fran\u00e7ois Ier a achet\u00e9 ce qui \u00e9tait alors la plus grande et la plus c\u00e9l\u00e8bre collection d&rsquo;histoire naturelle au monde en 1750. A cette \u00e9poque, les collections \u00e9taient entrepos\u00e9es \u00e0 la Hofburg.<\/p>\n<p>Avec l&rsquo;expansion constante de l&rsquo;inventaire, il y avait un grand manque d&rsquo;espace et un nouveau b\u00e2timent du mus\u00e9e est devenu n\u00e9cessaire. Les architectes Gottfried Semper et le baron Karl von Hasenauer, qui ont commenc\u00e9 \u00e0 construire les b\u00e2timents en 1871, ont \u00e9t\u00e9 charg\u00e9s de ce b\u00e2timent &#8211; et de la construction simultan\u00e9e du Kunsthistorisches Museum.<\/p>\n<p>En 1789, le mus\u00e9e d&rsquo;histoire naturelle a \u00e9t\u00e9 achev\u00e9 et ouvert par l&#8217;empereur Fran\u00e7ois-Joseph I. Les deux mus\u00e9es imposants se font face comme une image miroir sur la Maria-Theresien-Platz.<\/p>\n<p>Les deux mus\u00e9es comptent d\u00e9sormais parmi les sites les plus importants de Vienne.<\/p>\n<h2 id=\"t-1669201520852\">Contact<\/h2>\n<ul>\n<li><strong>Adresse :<\/strong> Maria-Theresien-Platz, 1010 Vienne<\/li>\n<li><strong>M\u00e9tro :<\/strong> U2 ou U3 Volkstheater<\/li>\n<li><strong>Horaires d&rsquo;ouverture :<\/strong> Les horaires d&rsquo;ouverture actuels peuvent \u00eatre consult\u00e9s sur la page d&rsquo; <a href=\"https:\/\/www.nhm-wien.ac.at\/jart\/prj3\/nhm-resp\/main.jart?rel=de&amp;content-id=1285316666641\" rel=\"noopener\" target=\"_blank\">accueil<\/a> du mus\u00e9e &nbsp;&nbsp; .<\/li>\n<\/ul>\n","protected":false},"excerpt":{"rendered":"<p>Le Mus\u00e9um d&rsquo;histoire naturelle est l&rsquo;un des mus\u00e9es d&rsquo;histoire naturelle les plus importants au monde. Il se dresse sur la Maria-Theresien-Platz en face de son miroir architectural, le Mus\u00e9e d&rsquo;histoire de l&rsquo;art . Les collections de sciences naturelles du mus\u00e9e comprennent la plus grande collection au monde de m\u00e9t\u00e9orites, d&rsquo;artefacts pr\u00e9historiques, de pierres pr\u00e9cieuses, de [&hellip;]<\/p>\n","protected":false},"author":3,"featured_media":2121,"parent":133,"menu_order":0,"comment_status":"open","ping_status":"closed","template":"","meta":{"footnotes":""},"tags":[],"class_list":["post-1213","page","type-page","status-publish","has-post-thumbnail","hentry","post-wrapper","thrv_wrapper"],"_links":{"self":[{"href":"https:\/\/viennatouristinformation.com\/fr\/wp-json\/wp\/v2\/pages\/1213","targetHints":{"allow":["GET"]}}],"collection":[{"href":"https:\/\/viennatouristinformation.com\/fr\/wp-json\/wp\/v2\/pages"}],"about":[{"href":"https:\/\/viennatouristinformation.com\/fr\/wp-json\/wp\/v2\/types\/page"}],"author":[{"embeddable":true,"href":"https:\/\/viennatouristinformation.com\/fr\/wp-json\/wp\/v2\/users\/3"}],"replies":[{"embeddable":true,"href":"https:\/\/viennatouristinformation.com\/fr\/wp-json\/wp\/v2\/comments?post=1213"}],"version-history":[{"count":0,"href":"https:\/\/viennatouristinformation.com\/fr\/wp-json\/wp\/v2\/pages\/1213\/revisions"}],"up":[{"embeddable":true,"href":"https:\/\/viennatouristinformation.com\/fr\/wp-json\/wp\/v2\/pages\/133"}],"wp:featuredmedia":[{"embeddable":true,"href":"https:\/\/viennatouristinformation.com\/fr\/wp-json\/wp\/v2\/media\/2121"}],"wp:attachment":[{"href":"https:\/\/viennatouristinformation.com\/fr\/wp-json\/wp\/v2\/media?parent=1213"}],"wp:term":[{"taxonomy":"post_tag","embeddable":true,"href":"https:\/\/viennatouristinformation.com\/fr\/wp-json\/wp\/v2\/tags?post=1213"}],"curies":[{"name":"wp","href":"https:\/\/api.w.org\/{rel}","templated":true}]}}