{"id":1220,"date":"2020-07-30T07:43:16","date_gmt":"2020-07-30T05:43:16","guid":{"rendered":"http:\/\/viennatouristinformation.com\/fr\/?page_id=1220"},"modified":"2023-06-02T08:25:42","modified_gmt":"2023-06-02T06:25:42","slug":"musee-du-monde","status":"publish","type":"page","link":"https:\/\/viennatouristinformation.com\/fr\/choses-a-faire\/chateaux\/palais-imperial\/musee-du-monde\/","title":{"rendered":"Mus\u00e9e du monde de Vienne"},"content":{"rendered":"<h2 id=\"t-1669208516920\" data-hide=\"true\">Le Weltmuseum Wien est situ\u00e9 dans le Neue Burg de la <a href=\"https:\/\/viennatouristinformation.com\/fr\/choses-a-faire\/chateaux\/palais-imperial\/\" style=\"outline: none;\">Hofburg<\/a> .<\/h2>\n<p>Il a \u00e9t\u00e9 fond\u00e9 en 1928 sous le nom de \u00ab\u00a0Mus\u00e9e d&rsquo;Ethnologie\u00a0\u00bb.<\/p>\n<p>Avec ses tr\u00e9sors culturels de premier ordre provenant de tous les continents, c&rsquo;est l&rsquo;un des mus\u00e9es ethnographiques les plus importants au monde.<\/p>\n<p>Le billet du Mus\u00e9e du monde vous donne \u00e9galement le droit de visiter la <strong>salle de chasse et d&rsquo;armurerie de la cour<\/strong> et la <strong>collection d&rsquo;instruments de musique anciens<\/strong> .<\/p>\n<h2 id=\"t-1669208516921\">Expositions au Mus\u00e9e du Monde<\/h2>\n<p><span><img decoding=\"async\" class=\"lazyload\" alt=\"Ausstellungen im Weltmuseum in Vienna in Austria\" data-id=\"2133\" width=\"885\" data-init-width=\"1000\" height=\"590\" data-init-height=\"667\" title=\"Ausstellungen im Weltmuseum in Vienna in Austria\" loading=\"lazy\" src=\"data:image\/gif;base64,R0lGODlhAQABAIAAAAAAAP\/\/\/yH5BAEAAAAALAAAAAABAAEAAAIBRAA7\" data-src=\"\/\/viennatouristinformation.com\/fr\/wp-content\/uploads\/2020\/09\/Ausstellungen-im-Weltmuseum.jpg\" data-width=\"885\" data-height=\"590\"><noscript><img decoding=\"async\" class=\"lazyload\" alt=\"Ausstellungen im Weltmuseum in Vienna in Austria\" data-id=\"2133\" width=\"885\" data-init-width=\"1000\" height=\"590\" data-init-height=\"667\" title=\"Ausstellungen im Weltmuseum in Vienna in Austria\" loading=\"lazy\" src=\"\/\/viennatouristinformation.com\/fr\/wp-content\/uploads\/2020\/09\/Ausstellungen-im-Weltmuseum.jpg\" data-width=\"885\" data-height=\"590\"><\/noscript><\/span><\/p>\n<p>Avec 250 000 objets ethnographiques, une importante collection de photos avec environ 140 000 photographies et environ 146 000 objets imprim\u00e9s, le Weltmuseum est le plus grand mus\u00e9e ethnographique d&rsquo;Autriche.<\/p>\n<p>Parmi les tr\u00e9sors culturels les plus fascinants figurent la collection du navigateur James Cook et les coiffes de plumes uniques datant d&rsquo;avant la d\u00e9couverte de l&rsquo;Am\u00e9rique, y compris la derni\u00e8re couronne de plumes existante datant de l&rsquo;\u00e9poque de Montezuma.<\/p>\n<p>La collection d&rsquo;exposition nouvellement con\u00e7ue est pr\u00e9sent\u00e9e dans 14 salles d&rsquo;exposition, organis\u00e9es par th\u00e8me.<\/p>\n<h3 id=\"t-1669208516922\">Les salles sont divis\u00e9es selon les domaines suivants :<\/h3>\n<ul>\n<li>B\u00e9nin et Ethiopie : Art, Pouvoir, R\u00e9sistance<\/li>\n<li>Kulturkampf \u00e0 Vienne<\/li>\n<li>Une mosa\u00efque autrichienne du Br\u00e9sil<\/li>\n<li>A l&rsquo;ombre du colonialisme<\/li>\n<li>La nouvelle perception &#8211; le point de vue de la Chine<\/li>\n<li>1873 &#8211; Le Japon arrive en Europe<\/li>\n<li>la folie des collectionneurs. Je souffre de la manie des mus\u00e9es&nbsp;!<\/li>\n<li>Mers du Sud : Rencontres avec le paradis perdu<\/li>\n<li>Fascin\u00e9 par l&rsquo;Indon\u00e9sie<\/li>\n<li>monde en mouvement<\/li>\n<li>Dans un nouveau monde<\/li>\n<li>L&rsquo;Orient \u00e0 votre porte<\/li>\n<li>Histoires de M\u00e9soam\u00e9rique<\/li>\n<li>Un village \u00e0 la montagne<\/li>\n<\/ul>\n<p>L&rsquo;offre du mus\u00e9e est \u00e9galement r\u00e9guli\u00e8rement compl\u00e9t\u00e9e par des expositions temporaires changeantes qui examinent de mani\u00e8re plus approfondie diff\u00e9rents sujets. Un aper\u00e7u et un aper\u00e7u des expositions temporaires peuvent \u00eatre trouv\u00e9s <a href=\"https:\/\/www.weltmuseumwien.at\/ausstellungen\/\" target=\"_blank\" rel=\"noopener\">ici<\/a> .<\/p>\n<h2 id=\"t-1669208516923\">Une partie du Mus\u00e9e du Monde<\/h2>\n<ul>\n<li><strong>Chasse \u00e0 la cour et armurerie&nbsp;:<\/strong> la collection pr\u00e9sente des armures \u00e9labor\u00e9es et des armes de c\u00e9r\u00e9monie qui racontent la vie chevaleresque et les \u00e9v\u00e9nements importants \u00e0 la cour. La collection viennoise est consid\u00e9r\u00e9e comme l&rsquo;arsenal courtois le mieux document\u00e9 d&rsquo;Occident.<\/li>\n<li><strong>Collection d&rsquo;instruments de musique anciens :<\/strong> Cette collection contient le plus important inventaire mondial d&rsquo;instruments baroques et de la Renaissance. Vous pouvez \u00e9galement voir des instruments originaux de grands compositeurs, dont Beethoven, Mozart et Haydn.<\/li>\n<\/ul>\n<h2 id=\"t-1669208516924\">Entr\u00e9e, billet et prix<\/h2>\n<p><span><img decoding=\"async\" class=\"lazyload\" alt=\"Eintritt, Ticket und Preis\" data-id=\"2134\" width=\"885\" data-init-width=\"1000\" height=\"590\" data-init-height=\"667\" title=\"Eintritt, Ticket und Preis\" loading=\"lazy\" src=\"data:image\/gif;base64,R0lGODlhAQABAIAAAAAAAP\/\/\/yH5BAEAAAAALAAAAAABAAEAAAIBRAA7\" data-src=\"\/\/viennatouristinformation.com\/fr\/wp-content\/uploads\/2020\/09\/Eintritt-Ticket-und-Preis-1.jpg\" data-width=\"885\" data-height=\"590\"><noscript><img decoding=\"async\" class=\"lazyload\" alt=\"Eintritt, Ticket und Preis\" data-id=\"2134\" width=\"885\" data-init-width=\"1000\" height=\"590\" data-init-height=\"667\" title=\"Eintritt, Ticket und Preis\" loading=\"lazy\" src=\"\/\/viennatouristinformation.com\/fr\/wp-content\/uploads\/2020\/09\/Eintritt-Ticket-und-Preis-1.jpg\" data-width=\"885\" data-height=\"590\"><\/noscript><\/span><\/p>\n<ul>\n<li><strong>Billet :<\/strong> Le billet d&rsquo;entr\u00e9e au Mus\u00e9e du Monde donne \u00e9galement droit \u00e0 la visite de la cour de chasse et de l&rsquo;armurerie et de la collection d&rsquo;instruments de musique anciens. Le prix d&rsquo;entr\u00e9e pour les adultes est de 12 \u20ac. Les enfants et les jeunes de moins de 19 ans b\u00e9n\u00e9ficient d&rsquo;une entr\u00e9e gratuite.<\/li>\n<li><strong>Billet annuel :<\/strong> avec le billet annuel, les d\u00e9tenteurs re\u00e7oivent un billet d&rsquo;entr\u00e9e pour des visites illimit\u00e9es au mus\u00e9e d&rsquo;histoire de l&rsquo;art de Vienne, au Tr\u00e9sor imp\u00e9rial de Vienne, aux voitures imp\u00e9riales de Vienne, au ch\u00e2teau d&rsquo;Ambras d&rsquo;Innsbruck, au mus\u00e9e du monde de Vienne avec la chasse \u00e0 la cour et l&rsquo;armurerie et la collection d&rsquo;anciens instruments de musique et le Mus\u00e9e du th\u00e9\u00e2tre avec la galerie de photos de l&rsquo;Acad\u00e9mie des arts visuels de Vienne 365 jours par an.<\/li>\n<\/ul>\n<p>Vous trouverez un aper\u00e7u des prix actuels des billets sur le <a href=\"https:\/\/www.weltmuseumwien.at\/information\/#eintrittspreise\" target=\"_blank\" rel=\"noopener\">site Web<\/a> du Weltmuseum <strong>.<\/strong><\/p>\n<ul>\n<li><strong>Visite guid\u00e9e :<\/strong> les visiteurs int\u00e9ress\u00e9s peuvent en savoir plus sur des th\u00e8mes s\u00e9lectionn\u00e9s, des expositions sp\u00e9ciales ou des salles dans le cadre d&rsquo;une visite guid\u00e9e.Vous pouvez trouver un aper\u00e7u actuel <a href=\"https:\/\/www.weltmuseumwien.at\/programm\/themenfuehrung\/\" target=\"_blank\" rel=\"noopener\">ici<\/a> .<\/li>\n<\/ul>\n<h2 id=\"t-1669208516925\">Caf\u00e9 du mus\u00e9e<\/h2>\n<p>Dans le superbe portique du mus\u00e9e se trouve le caf\u00e9 <strong>cook caf\u00e9 &amp; bistro<\/strong> , du nom du navigateur britannique James Cook.<\/p>\n<p>Profitez du flair grandiose et d&rsquo;une s\u00e9lection cr\u00e9ative de sp\u00e9cialit\u00e9s internationales et autrichiennes.&nbsp;<\/p>\n<p>Le caf\u00e9 du mus\u00e9e peut \u00e9galement \u00eatre visit\u00e9 sans billet d&rsquo;entr\u00e9e.<\/p>\n<h2 id=\"t-1669208516926\">histoire<\/h2>\n<p><span><img decoding=\"async\" class=\"lazyload\" alt=\"Geschichte\" data-id=\"2135\" width=\"885\" data-init-width=\"1000\" height=\"590\" data-init-height=\"667\" title=\"Geschichte\" loading=\"lazy\" src=\"data:image\/gif;base64,R0lGODlhAQABAIAAAAAAAP\/\/\/yH5BAEAAAAALAAAAAABAAEAAAIBRAA7\" data-src=\"\/\/viennatouristinformation.com\/fr\/wp-content\/uploads\/2020\/09\/Geschichte-12.jpg\" data-width=\"885\" data-height=\"590\"><noscript><img decoding=\"async\" class=\"lazyload\" alt=\"Geschichte\" data-id=\"2135\" width=\"885\" data-init-width=\"1000\" height=\"590\" data-init-height=\"667\" title=\"Geschichte\" loading=\"lazy\" src=\"\/\/viennatouristinformation.com\/fr\/wp-content\/uploads\/2020\/09\/Geschichte-12.jpg\" data-width=\"885\" data-height=\"590\"><\/noscript><\/span><\/p>\n<p>Le Weltmuseum Wien dans le Corps de Logis du Neue Burg a \u00e9t\u00e9 fond\u00e9 le 25 mai 1928 sous le nom de \u00ab\u00a0Mus\u00e9e d&rsquo;Ethnologie\u00a0\u00bb. Le mus\u00e9e ne s&rsquo;appelle \u00ab Weltmuseum Wien \u00bb que depuis 2013.<\/p>\n<p>Cependant, ses origines remontent au d\u00e9but du XVIe si\u00e8cle, lorsque les premi\u00e8res pi\u00e8ces ethnographiques ont \u00e9t\u00e9 collect\u00e9es dans le soi-disant Kunst- und Wunderkammern.<\/p>\n<p>En 1806, avec l&rsquo;achat d&rsquo;une partie des \u00abCollections Cook\u00bb, une \u00abCollection ethnographique kk\u00bb distincte a \u00e9t\u00e9 cr\u00e9\u00e9e dans le cabinet d&rsquo;histoire naturelle de la cour imp\u00e9riale. La collection du navigateur James Cook est toujours l&rsquo;un des points forts du mus\u00e9e.<\/p>\n<p>En 1876, il a \u00e9t\u00e9 d\u00e9cid\u00e9 que les stocks \u00e0 croissance rapide seraient g\u00e9r\u00e9s par le d\u00e9partement anthropologique et ethnographique du Mus\u00e9um d&rsquo;histoire naturelle.<\/p>\n<p>Aujourd&rsquo;hui, le Weltmuseum Wien, avec ses collections non europ\u00e9ennes les plus importantes au monde, est l&rsquo;un des mus\u00e9es ethnographiques les plus importants au monde.<\/p>\n<h2 id=\"t-1669208516927\">Contact<\/h2>\n<ul>\n<li><strong>Adresse :<\/strong> Heldenplatz, 1010 Vienne, Autriche<\/li>\n<li><strong>M\u00e9tro :<\/strong> &nbsp; U2 et U3 Volkstheater<\/li>\n<li><strong>Horaires d&rsquo;ouverture :<\/strong> Les horaires d&rsquo;ouverture actuels peuvent \u00eatre consult\u00e9s sur la page d&rsquo; <a href=\"https:\/\/www.weltmuseumwien.at\/information\/#oeffnungszeiten\" target=\"_blank\" rel=\"noopener\">accueil<\/a> du mus\u00e9e .<\/li>\n<\/ul>\n","protected":false},"excerpt":{"rendered":"<p>Le Weltmuseum Wien est situ\u00e9 dans le Neue Burg de la Hofburg . Il a \u00e9t\u00e9 fond\u00e9 en 1928 sous le nom de \u00ab\u00a0Mus\u00e9e d&rsquo;Ethnologie\u00a0\u00bb. Avec ses tr\u00e9sors culturels de premier ordre provenant de tous les continents, c&rsquo;est l&rsquo;un des mus\u00e9es ethnographiques les plus importants au monde. Le billet du Mus\u00e9e du monde vous donne [&hellip;]<\/p>\n","protected":false},"author":3,"featured_media":2132,"parent":1666,"menu_order":0,"comment_status":"open","ping_status":"closed","template":"","meta":{"footnotes":""},"tags":[],"class_list":["post-1220","page","type-page","status-publish","has-post-thumbnail","hentry","post-wrapper","thrv_wrapper"],"_links":{"self":[{"href":"https:\/\/viennatouristinformation.com\/fr\/wp-json\/wp\/v2\/pages\/1220","targetHints":{"allow":["GET"]}}],"collection":[{"href":"https:\/\/viennatouristinformation.com\/fr\/wp-json\/wp\/v2\/pages"}],"about":[{"href":"https:\/\/viennatouristinformation.com\/fr\/wp-json\/wp\/v2\/types\/page"}],"author":[{"embeddable":true,"href":"https:\/\/viennatouristinformation.com\/fr\/wp-json\/wp\/v2\/users\/3"}],"replies":[{"embeddable":true,"href":"https:\/\/viennatouristinformation.com\/fr\/wp-json\/wp\/v2\/comments?post=1220"}],"version-history":[{"count":0,"href":"https:\/\/viennatouristinformation.com\/fr\/wp-json\/wp\/v2\/pages\/1220\/revisions"}],"up":[{"embeddable":true,"href":"https:\/\/viennatouristinformation.com\/fr\/wp-json\/wp\/v2\/pages\/1666"}],"wp:featuredmedia":[{"embeddable":true,"href":"https:\/\/viennatouristinformation.com\/fr\/wp-json\/wp\/v2\/media\/2132"}],"wp:attachment":[{"href":"https:\/\/viennatouristinformation.com\/fr\/wp-json\/wp\/v2\/media?parent=1220"}],"wp:term":[{"taxonomy":"post_tag","embeddable":true,"href":"https:\/\/viennatouristinformation.com\/fr\/wp-json\/wp\/v2\/tags?post=1220"}],"curies":[{"name":"wp","href":"https:\/\/api.w.org\/{rel}","templated":true}]}}