{"id":1225,"date":"2020-08-14T13:21:44","date_gmt":"2020-08-14T11:21:44","guid":{"rendered":"http:\/\/viennatouristinformation.com\/fr\/?page_id=1225"},"modified":"2023-06-02T08:36:05","modified_gmt":"2023-06-02T06:36:05","slug":"tour-du-danube","status":"publish","type":"page","link":"https:\/\/viennatouristinformation.com\/fr\/choses-a-faire\/attractions\/tour-du-danube\/","title":{"rendered":"Guide de la Tour du Danube \u00e0 Vienne"},"content":{"rendered":"<h2 id=\"t-1669117492915\" data-hide=\"true\">La tour du Danube est situ\u00e9e dans le 22\u00e8me arrondissement au milieu du Donaupark, \u00e0 proximit\u00e9 imm\u00e9diate de la ville de l&rsquo;ONU et de l&rsquo;\u00eele du Danube.<\/h2>\n<p>Avec une hauteur de 252 m\u00e8tres, la tour d&rsquo;observation est le plus haut b\u00e2timent d&rsquo;Autriche et un point de rep\u00e8re de Vienne.<\/p>\n<p>Vous trouverez ici toutes les informations importantes sur la tour du Danube.<\/p>\n<h2 id=\"t-1669117492916\">Que puis-je faire dans la Tour du Danube ?<\/h2>\n<p><span><img decoding=\"async\" class=\"lazyload\" alt=\"Was kann ich im Donauturm machen\" data-id=\"1932\" width=\"885\" data-init-width=\"1000\" height=\"590\" data-init-height=\"667\" title=\"Was kann ich im Donauturm machen\" loading=\"lazy\" src=\"data:image\/gif;base64,R0lGODlhAQABAIAAAAAAAP\/\/\/yH5BAEAAAAALAAAAAABAAEAAAIBRAA7\" data-src=\"\/\/viennatouristinformation.com\/fr\/wp-content\/uploads\/2020\/09\/Was-kann-ich-im-Donauturm-machen.jpg\" data-width=\"885\" data-height=\"590\"><noscript><img decoding=\"async\" class=\"lazyload\" alt=\"Was kann ich im Donauturm machen\" data-id=\"1932\" width=\"885\" data-init-width=\"1000\" height=\"590\" data-init-height=\"667\" title=\"Was kann ich im Donauturm machen\" loading=\"lazy\" src=\"\/\/viennatouristinformation.com\/fr\/wp-content\/uploads\/2020\/09\/Was-kann-ich-im-Donauturm-machen.jpg\" data-width=\"885\" data-height=\"590\"><\/noscript><\/span><\/p>\n<p>Les visiteurs peuvent s&rsquo;attendre \u00e0 une exp\u00e9rience spectaculaire \u00e0 360\u00b0 dans la Tour du Danube.<\/p>\n<p>L&rsquo;ascenseur vous emm\u00e8ne en seulement 35 secondes \u00e0 la terrasse panoramique de 150 m\u00e8tres de haut, o\u00f9 vous serez r\u00e9compens\u00e9 par ce qui est probablement la plus belle vue panoramique de Vienne. Des \u00e9crans panoramiques interactifs fournissent des informations sur les attractions environnantes en huit langues.<\/p>\n<p>En plus de la vue sensationnelle, il y a aussi une offre gastronomique de premi\u00e8re classe. Trois niveaux de gastronomie &#8211; le caf\u00e9 de la tour \u00e0 160 m\u00e8tres, le restaurant de la tour tournante \u00e0 170 m\u00e8tres et le Donaubr\u00e4u au pied de la tour, g\u00e2tent le palais avec une large gamme de plats. &nbsp;<\/p>\n<h2 id=\"t-1669117492917\">Entr\u00e9e, billet et prix<\/h2>\n<p><span><img decoding=\"async\" class=\"lazyload\" alt=\"Eintritt, Ticket und Preis\" data-id=\"1933\" width=\"885\" data-init-width=\"1000\" height=\"590\" data-init-height=\"667\" title=\"Eintritt, Ticket und Preis\" loading=\"lazy\" src=\"data:image\/gif;base64,R0lGODlhAQABAIAAAAAAAP\/\/\/yH5BAEAAAAALAAAAAABAAEAAAIBRAA7\" data-src=\"\/\/viennatouristinformation.com\/fr\/wp-content\/uploads\/2020\/09\/Eintritt-Ticket-und-Preis.jpg\" data-width=\"885\" data-height=\"590\"><noscript><img decoding=\"async\" class=\"lazyload\" alt=\"Eintritt, Ticket und Preis\" data-id=\"1933\" width=\"885\" data-init-width=\"1000\" height=\"590\" data-init-height=\"667\" title=\"Eintritt, Ticket und Preis\" loading=\"lazy\" src=\"\/\/viennatouristinformation.com\/fr\/wp-content\/uploads\/2020\/09\/Eintritt-Ticket-und-Preis.jpg\" data-width=\"885\" data-height=\"590\"><\/noscript><\/span><\/p>\n<ul>\n<li><strong>Ticket:<\/strong> Le ticket simple vous donne droit \u00e0 l&rsquo;entr\u00e9e et \u00e0 un trajet en ascenseur jusqu&rsquo;\u00e0 la terrasse d&rsquo;observation ouverte \u00e0 une hauteur de 150 m\u00e8tres et \u00e0 l&rsquo;\u00e9tage central \u00e0 une hauteur de 165 m\u00e8tres. L&rsquo;acc\u00e8s \u00e0 la terrasse int\u00e9rieure, au restaurant de la tour et au caf\u00e9 de la tour est soumis \u00e0 disponibilit\u00e9. L&rsquo;entr\u00e9e pour les adultes co\u00fbte 14,50 \u20ac. Les enfants de 6 \u00e0 14 ans paient 9,90 \u20ac. Les enfants de moins de 6 ans b\u00e9n\u00e9ficient d&rsquo;une entr\u00e9e gratuite en combinaison avec un billet adulte ou senior.<\/li>\n<li><strong>Billet combin\u00e9 :<\/strong> Les billets combin\u00e9s suivants sont disponibles : \u00ab Tower &amp; Wheel \u00bb, \u00ab Tower &amp; Zoo \u00bb, \u00ab Tower &amp; Donauparkbahn \u00bb, \u00ab Tower &amp; Stift \u00bb, \u00ab Tower &amp; Ship \u00bb et \u00ab Tower &amp; Time Travel \u00bb.<\/li>\n<\/ul>\n<p>Vous trouverez <a href=\"https:\/\/www.donauturm.at\/de\/tickets\/\" target=\"_blank\" rel=\"noopener\">ici<\/a> un aper\u00e7u actuel de l&rsquo;offre de billets .<\/p>\n<h2 id=\"t-1669117492918\">Manger au restaurant<\/h2>\n<p>Une exp\u00e9rience sp\u00e9ciale est le restaurant tournant exclusif, qui est situ\u00e9 \u00e0 170 m\u00e8tres.<\/p>\n<p>Le restaurant de la tour tourne progressivement sur lui-m\u00eame, offrant aux visiteurs une vue panoramique \u00e0 360\u00b0 \u00e0 couper le souffle.<\/p>\n<p>Les d\u00e9lices culinaires sont fournis par la cuisine autrichienne haut de gamme, qui sert des classiques traditionnels tels que le Wiener Schnitzel, le filet bouilli et le poulet frit ainsi que des sp\u00e9cialit\u00e9s de saison \u00e0 des hauteurs \u00e9lev\u00e9es. L&rsquo;atmosph\u00e8re unique est \u00e9galement particuli\u00e8rement adapt\u00e9e pour un <a href=\"https:\/\/www.donauturm.at\/de\/news-and-events\/detail\/dinner-fuer-verliebte\" target=\"_blank\" rel=\"noopener\">d\u00eener romantique<\/a> avec vue sur les lumi\u00e8res nocturnes de Vienne.<\/p>\n<p><a href=\"https:\/\/www.donauturm.at\/assets\/Uploads\/3f77ff7f81\/Karte_Turmrestaurant-08_20.pdf\" target=\"_blank\" rel=\"noopener\">Voici<\/a> le lien vers le menu du restaurant de la tour.<\/p>\n<p>Veuillez noter qu&rsquo;une r\u00e9servation est n\u00e9cessaire pour le restaurant de la tour.&nbsp;<\/p>\n<h2 id=\"t-1669117492919\">Caf\u00e9 dans la tour du Danube<\/h2>\n<p>Au sommet de la tour se trouve \u00e9galement le <strong>caf\u00e9<\/strong> tournant de la tour .<\/p>\n<p>La culture traditionnelle des caf\u00e9s viennois dans le style des ann\u00e9es 1960 vous attend ici \u00e0 160 m\u00e8tres d&rsquo;altitude. D\u00e9gustez des viennoiseries comme la Sachertorte, le strudel aux pommes ou le Kaisergugelhupf tout en admirant la vue magnifique sur la capitale autrichienne et ses environs.<\/p>\n<p>Les samedis, dimanches et certains jours f\u00e9ri\u00e9s, le Turmcaf\u00e9 propose \u00e9galement un d\u00e9licieux brunch. Veuillez noter qu&rsquo;en raison de la forte demande pour le brunch, une r\u00e9servation pr\u00e9alable est n\u00e9cessaire.<\/p>\n<p><a href=\"https:\/\/www.donauturm.at\/assets\/Uploads\/d236c5f1f8\/Speise-und-Getraenkekarte-Turmcafe_dt_en-v4.pdf\" target=\"_blank\" rel=\"noopener\">Voici<\/a> le lien vers le menu du Turmcaf\u00e9. &nbsp;<\/p>\n<p>Un autre caf\u00e9 est \u00e9galement situ\u00e9 au pied de la tour : le <strong>Donaucaf\u00e9<\/strong> . De d\u00e9licieuses p\u00e2tisseries et la culture des caf\u00e9s viennois ne devraient pas non plus manquer ici.<\/p>\n<p><a href=\"https:\/\/www.donauturm.at\/assets\/Uploads\/eeb821f5d5\/Speise-und-Getraenkekarte-Donaucafe.pdf\" target=\"_blank\" rel=\"noopener\">Voici<\/a> le lien vers le menu du Donaucaf\u00e9.<\/p>\n<h2 id=\"t-1669117492920\">Donaubr\u00e4u au pied de la tour<\/h2>\n<p>Le Donaubr\u00e4u accueille ses h\u00f4tes au pied de la tour du Danube.<\/p>\n<p>La copieuse cuisine viennoise prend soin de votre bien-\u00eatre physique. La sp\u00e9cialit\u00e9 de la maison est la bi\u00e8re de la tour sp\u00e9cialement brass\u00e9e. Profitez-en au mieux dans le grand jardin d&rsquo;h\u00f4tes au milieu du Donaupark, qui a \u00e9t\u00e9 r\u00e9compens\u00e9 en 2019 par le meilleur jardin \u00e0 bi\u00e8re d&rsquo;Autriche. Le poulet frit et le schnitzel du ma\u00eetre brasseur sont \u00e9galement fortement recommand\u00e9s.<\/p>\n<p><a href=\"https:\/\/www.donauturm.at\/assets\/Uploads\/Donau-Braeu-Gastro\/209573f8e8\/Donaubraeu-Karte-Stand-07_2020.pdf\" target=\"_blank\" rel=\"noopener\">Voici<\/a> le lien vers le menu Donaubr\u00e4u.<\/p>\n<h2 id=\"t-1669117492921\">\u00c9v\u00e9nements dans la tour<\/h2>\n<ul>\n<li><strong>No\u00ebl :<\/strong> Pour que votre No\u00ebl reste longtemps dans les m\u00e9moires, l&rsquo;\u00e9quipe \u00e9v\u00e9nementielle de la tour du Danube \u00e9voque des menus de No\u00ebl et une atmosph\u00e8re d&rsquo;ambiance. Plus <a href=\"https:\/\/www.donauturm.at\/assets\/Uploads\/Diverse\/6a5e438e43\/Donauturm_Weihnachtsfeiern-Angebot-v2.pdf\" target=\"_blank\" rel=\"noopener\">ici<\/a> .<\/li>\n<li><strong>Nouvel An :<\/strong> La Tour du Danube est \u00e9galement le lieu id\u00e9al pour une c\u00e9l\u00e9bration inoubliable <a href=\"https:\/\/www.donauturm.at\/assets\/Uploads\/57af011223\/DON_Silvestermenu_181130.pdf\" target=\"_blank\" rel=\"noopener\">du Nouvel An .<\/a><\/li>\n<li><strong>Anniversaire :<\/strong> La surprise d&rsquo;anniversaire parfaite est une f\u00eate d&rsquo; <a href=\"https:\/\/www.donauturm.at\/de\/news-and-events\/detail\/geburtstagsfest-am-donauturm\" target=\"_blank\" rel=\"noopener\">anniversaire dans le restaurant<\/a> de la tour du Danube. Chaque anniversaire devient quelque chose de tr\u00e8s sp\u00e9cial ici.<\/li>\n<\/ul>\n<p><strong>\u00c9v\u00e9nements propres :<\/strong> L&rsquo;ambiance unique de la tour du Danube offre le cadre id\u00e9al pour des occasions sp\u00e9ciales. Les cinq lieux \u00e9v\u00e9nementiels &#8211; restaurant de la tour, caf\u00e9 de la tour, terrasse int\u00e9rieure, Donaubr\u00e4u et Donaucaf\u00e9 &#8211; conviennent \u00e9galement \u00e0 votre propre \u00e9v\u00e9nement. Plus d&rsquo;informations \u00e0 ce sujet <a href=\"https:\/\/www.donauturm.at\/de\/news-and-events\/ihr-event\/\" target=\"_blank\" rel=\"noopener\">ici<\/a> .<\/p>\n<h2 id=\"t-1669117492922\">Sp\u00e9cifications techniques<\/h2>\n<ul>\n<li><strong>Hauteur totale :<\/strong> 252 m<\/li>\n<li><strong>Masse totale :<\/strong> 17 600 t<\/li>\n<li><strong>Combien y a-t-il d&rsquo;escaliers ? <\/strong>Un escalier avec 779 marches et 60 plates-formes m\u00e8ne \u00e0 la terrasse panoramique de la tour du Danube.<\/li>\n<li><strong>\u00c0 quelle vitesse tourne la tour du Danube&nbsp;? <\/strong>Une rotation compl\u00e8te des restaurants tournants de la tour du Danube prend soit 26, 39 ou 52 minutes, selon le r\u00e9glage choisi.<\/li>\n<\/ul>\n<h2 id=\"t-1669117492923\"><strong>Saut \u00e0 l&rsquo;\u00e9lastique<\/strong><\/h2>\n<p>Lors des travaux de r\u00e9novation en 2018, la rampe de saut \u00e0 l&rsquo;\u00e9lastique a \u00e9t\u00e9 d\u00e9mont\u00e9e. Le saut \u00e0 l&rsquo;\u00e9lastique n&rsquo;est donc plus propos\u00e9.<\/p>\n<h2 id=\"t-1669117492924\">histoire<\/h2>\n<p><span><img decoding=\"async\" class=\"lazyload\" alt=\"Geschichte in Vienna in Austria\" data-id=\"1934\" width=\"885\" data-init-width=\"1000\" height=\"590\" data-init-height=\"667\" title=\"Geschichte in Vienna in Austria\" loading=\"lazy\" src=\"data:image\/gif;base64,R0lGODlhAQABAIAAAAAAAP\/\/\/yH5BAEAAAAALAAAAAABAAEAAAIBRAA7\" data-src=\"\/\/viennatouristinformation.com\/fr\/wp-content\/uploads\/2020\/09\/Geschichte-3.jpg\" data-width=\"885\" data-height=\"590\"><noscript><img decoding=\"async\" class=\"lazyload\" alt=\"Geschichte in Vienna in Austria\" data-id=\"1934\" width=\"885\" data-init-width=\"1000\" height=\"590\" data-init-height=\"667\" title=\"Geschichte in Vienna in Austria\" loading=\"lazy\" src=\"\/\/viennatouristinformation.com\/fr\/wp-content\/uploads\/2020\/09\/Geschichte-3.jpg\" data-width=\"885\" data-height=\"590\"><\/noscript><\/span><\/p>\n<p>La tour du Danube a \u00e9t\u00e9 construite entre 1962 et 1964 pour le \u00ab\u00a0Vienna International Garden Show\u00a0\u00bb. Le parc du Danube a \u00e9galement \u00e9t\u00e9 am\u00e9nag\u00e9 avec lui, dont le c\u0153ur \u00e9tait la tour de 252 m\u00e8tres de haut.<\/p>\n<p>Avec sa hauteur, la tour a remplac\u00e9 la cath\u00e9drale Saint-\u00c9tienne en tant que b\u00e2timent le plus haut d&rsquo;Autriche. De vastes travaux de conversion et de r\u00e9novation ont eu lieu en 2018 et 2019, avec lesquels, entre autres, le restaurant de la tour et le caf\u00e9 de la tour ont \u00e9t\u00e9 restaur\u00e9s dans le style des ann\u00e9es 1960.<\/p>\n<p>Aujourd&rsquo;hui, la tour du Danube n&rsquo;est pas seulement un symbole du style des ann\u00e9es 1960, mais aussi un monument viennois et une destination populaire. Depuis son ouverture, la tour a attir\u00e9 plus de 420 000 visiteurs par an.<\/p>\n<h2 id=\"t-1669117492925\">Contact<\/h2>\n<ul>\n<li><strong>Adresse :<\/strong> Donauturmplatz 1, 1220 Vienne<\/li>\n<li><strong>M\u00e9tro :<\/strong> U1 Alte Donau ou U6 Neue Donau<\/li>\n<li><strong>Parking : Des<\/strong> places de parking payantes sont situ\u00e9es directement \u00e0 la Tour du Danube. Cependant, ceux-ci sont disponibles en nombre limit\u00e9. Il y a aussi un parking public sur Arbeiterstrandbadstra\u00dfe, \u00e0 quelques minutes \u00e0 pied.<\/li>\n<li><strong>Horaires d&rsquo;ouverture :<\/strong> Vous trouverez les horaires d&rsquo;ouverture actuels sur le <a href=\"https:\/\/www.donauturm.at\/de\/ihr-besuch\/#arrival\" target=\"_blank\" rel=\"noopener\">site Internet<\/a> de Donauturm .<\/li>\n<\/ul>\n","protected":false},"excerpt":{"rendered":"<p>La tour du Danube est situ\u00e9e dans le 22\u00e8me arrondissement au milieu du Donaupark, \u00e0 proximit\u00e9 imm\u00e9diate de la ville de l&rsquo;ONU et de l&rsquo;\u00eele du Danube. Avec une hauteur de 252 m\u00e8tres, la tour d&rsquo;observation est le plus haut b\u00e2timent d&rsquo;Autriche et un point de rep\u00e8re de Vienne. Vous trouverez ici toutes les informations [&hellip;]<\/p>\n","protected":false},"author":3,"featured_media":1931,"parent":138,"menu_order":0,"comment_status":"open","ping_status":"closed","template":"","meta":{"footnotes":""},"tags":[],"class_list":["post-1225","page","type-page","status-publish","has-post-thumbnail","hentry","post-wrapper","thrv_wrapper"],"_links":{"self":[{"href":"https:\/\/viennatouristinformation.com\/fr\/wp-json\/wp\/v2\/pages\/1225","targetHints":{"allow":["GET"]}}],"collection":[{"href":"https:\/\/viennatouristinformation.com\/fr\/wp-json\/wp\/v2\/pages"}],"about":[{"href":"https:\/\/viennatouristinformation.com\/fr\/wp-json\/wp\/v2\/types\/page"}],"author":[{"embeddable":true,"href":"https:\/\/viennatouristinformation.com\/fr\/wp-json\/wp\/v2\/users\/3"}],"replies":[{"embeddable":true,"href":"https:\/\/viennatouristinformation.com\/fr\/wp-json\/wp\/v2\/comments?post=1225"}],"version-history":[{"count":0,"href":"https:\/\/viennatouristinformation.com\/fr\/wp-json\/wp\/v2\/pages\/1225\/revisions"}],"up":[{"embeddable":true,"href":"https:\/\/viennatouristinformation.com\/fr\/wp-json\/wp\/v2\/pages\/138"}],"wp:featuredmedia":[{"embeddable":true,"href":"https:\/\/viennatouristinformation.com\/fr\/wp-json\/wp\/v2\/media\/1931"}],"wp:attachment":[{"href":"https:\/\/viennatouristinformation.com\/fr\/wp-json\/wp\/v2\/media?parent=1225"}],"wp:term":[{"taxonomy":"post_tag","embeddable":true,"href":"https:\/\/viennatouristinformation.com\/fr\/wp-json\/wp\/v2\/tags?post=1225"}],"curies":[{"name":"wp","href":"https:\/\/api.w.org\/{rel}","templated":true}]}}