{"id":1228,"date":"2020-08-10T13:14:28","date_gmt":"2020-08-10T11:14:28","guid":{"rendered":"http:\/\/viennatouristinformation.com\/fr\/?page_id=1228"},"modified":"2023-06-02T09:25:17","modified_gmt":"2023-06-02T07:25:17","slug":"leopold","status":"publish","type":"page","link":"https:\/\/viennatouristinformation.com\/fr\/choses-a-faire\/musee\/leopold\/","title":{"rendered":"Guide du Mus\u00e9e L\u00e9opold \u00e0 Vienne"},"content":{"rendered":"<h2 id=\"t-1669201252017\" data-hide=\"true\">Le Mus\u00e9e L\u00e9opold pr\u00e9sente l&rsquo;une des plus vastes collections d&rsquo;art autrichien moderne.<\/h2>\n<p>Le mus\u00e9e d&rsquo;art abrite plus de 6000 tr\u00e9sors. L&rsquo;accent est mis sur la plus grande collection au monde de l&rsquo;artiste Egon Schiele et sur des \u0153uvres majeures de Gustav Klimt.<\/p>\n<p>Vous y trouverez des informations importantes sur l&rsquo;exposition, l&rsquo;histoire, les prix d&rsquo;entr\u00e9e et plus encore.<\/p>\n<h2 id=\"t-1669201252018\">Exposition au Mus\u00e9e L\u00e9opold<\/h2>\n<p>Dans l&rsquo;extraordinaire b\u00e2timent du Mus\u00e9e Leopold, les visiteurs peuvent admirer des \u0153uvres de premier ordre du modernisme viennois, de l&rsquo;expressionnisme autrichien et de la Wiener Werkst\u00e4tte sur une surface d&rsquo;exposition de 5 400 m\u00b2 r\u00e9partis sur cinq \u00e9tages.<\/p>\n<ul>\n<li><strong>Egon Schiele: <\/strong>Prunkst\u00fcck des Leopoldmuseums ist die weltweit gr\u00f6\u00dfte und bedeutendste Egon-Schiele-Sammlung. Mehr als 40 Gem\u00e4lde, 180 Grafiken und zahlreiche Autografen zeugen von dem Genie des \u00f6sterreichischen Expressionisten. Zu sehen sind Meisterwerke wie das \u00ab\u00a0Selbstbildnis mit Lampionfr\u00fcchten\u00a0\u00bb, \u00ab\u00a0Eremiten\u00a0\u00bb und das \u00ab\u00a0Bildnis Wally Neuzil\u00a0\u00bb.<\/li>\n<li><strong>Gustav Klimt: <\/strong>Ein weiterer H\u00f6hepunkt sind die Werke des Secessionsgr\u00fcnders&nbsp;Gustav Klimt. Zu den Highlights z\u00e4hlen \u00ab\u00a0Tod und Leben\u00a0\u00bb, \u00ab\u00a0Am Attersee\u00a0\u00bb und \u00ab\u00a0Die gro\u00dfe Pappel II (Aufsteigendes Gewitter)\u00a0\u00bb.<\/li>\n<li><strong>WIEN 1900. Aufbruch in die Moderne: <\/strong>Diese Dauerausstellung zeigt die brillanten Meisterleistungen und die gewaltige Vielfalt dieser Epoche. Die rund 1300 Exponate setzen sich nicht nur aus Gem\u00e4lden, Grafiken und Skulpturen zusammen, auch Ausstellungsst\u00fccke aus Keramik, Glas, Textilien, Metall und Leder sowie Kunsthandwerk und M\u00f6belst\u00fccke der Wiener Werkst\u00e4tte und des Jugendstils werden pr\u00e4sentiert.<\/li>\n<\/ul>\n<p>En outre, l&rsquo;offre du mus\u00e9e est compl\u00e9t\u00e9e par des expositions temporaires temporaires. Un aper\u00e7u et un aper\u00e7u des expositions temporaires peuvent \u00eatre trouv\u00e9s <a href=\"https:\/\/www.leopoldmuseum.org\/de\/ausstellungen\/aktuell\" rel=\"noopener\" target=\"_blank\">ici<\/a> .<\/p>\n<h2 id=\"t-1669201252019\">Entr\u00e9e, billet et visite guid\u00e9e<\/h2>\n<p><span><img decoding=\"async\" class=\"lazyload\" alt=\"Eintritt, Ticket und F\u00fchrung\" data-id=\"2106\" width=\"885\" data-init-width=\"1000\" height=\"590\" data-init-height=\"667\" title=\"Eintritt, Ticket und F\u00fchrung\" loading=\"lazy\" src=\"data:image\/gif;base64,R0lGODlhAQABAIAAAAAAAP\/\/\/yH5BAEAAAAALAAAAAABAAEAAAIBRAA7\" data-src=\"\/\/viennatouristinformation.com\/fr\/wp-content\/uploads\/2020\/09\/Eintritt-Ticket-und-F\u00fchrung.jpg\" data-width=\"885\" data-height=\"590\"><noscript><img decoding=\"async\" class=\"lazyload\" alt=\"Eintritt, Ticket und F\u00fchrung\" data-id=\"2106\" width=\"885\" data-init-width=\"1000\" height=\"590\" data-init-height=\"667\" title=\"Eintritt, Ticket und F\u00fchrung\" loading=\"lazy\" src=\"\/\/viennatouristinformation.com\/fr\/wp-content\/uploads\/2020\/09\/Eintritt-Ticket-und-F\u00fchrung.jpg\" data-width=\"885\" data-height=\"590\"><\/noscript><\/span><\/p>\n<ul>\n<li><strong>Billet :<\/strong> Le prix d&rsquo;entr\u00e9e pour les adultes est de 14 \u20ac. Les \u00e9l\u00e8ves et apprentis de moins de 19 ans, les \u00e9tudiants, les seniors, les ch\u00f4meurs et les personnes \u00e0 besoins sp\u00e9cifiques b\u00e9n\u00e9ficient d&rsquo;un tarif r\u00e9duit (10 \u20ac) sur pr\u00e9sentation d&rsquo;une pi\u00e8ce d&rsquo;identit\u00e9. Les enfants de moins de 7 ans ont l&rsquo;entr\u00e9e gratuite.<\/li>\n<li><strong>Billets combin\u00e9s :<\/strong> Les billets combin\u00e9s suivants sont disponibles : \u00ab Leopold Museum + KHM \u00bb, \u00ab Leopold Museum + MAK \u00bb, \u00ab Leopold Museum + mumok \u00bb et \u00ab Leopold Museum + KunstHausWien Museum Hundertwasser \u00bb.<\/li>\n<li><strong>Visites guid\u00e9es : <\/strong><a href=\"https:\/\/www.leopoldmuseum.org\/de\/besuch\/programm\/202007\" rel=\"noopener\" target=\"_blank\">Des visites guid\u00e9es publiques<\/a> en allemand ont lieu plusieurs fois par semaine, traitant plus en d\u00e9tail des expositions permanentes et temporaires. Des visites guid\u00e9es individuelles sont \u00e9galement propos\u00e9es. Ceux-ci peuvent \u00eatre r\u00e9serv\u00e9s en plusieurs langues.<\/li>\n<li><strong>Billet annuel :<\/strong> Avec le billet annuel \u00ab Carte L\u00e9opold \u00bb \u00e0 49 \u20ac, vous b\u00e9n\u00e9ficiez pendant un an de l&rsquo;acc\u00e8s gratuit \u00e0 toutes les expositions du Mus\u00e9e L\u00e9opold, ainsi que d&rsquo;autres avantages. Un pass annuel \u00e0 prix r\u00e9duit et un pass \u00e9tudiant annuel sont \u00e9galement disponibles.<\/li>\n<\/ul>\n<p>Un aper\u00e7u d\u00e9taill\u00e9 avec les prix actuels peut \u00eatre trouv\u00e9 sur le <a href=\"https:\/\/www.leopoldmuseum.org\/de\/besuch\/tickets-preise\" rel=\"noopener\" target=\"_blank\">site Internet<\/a> du Mus\u00e9e L\u00e9opold <strong>.<\/strong><\/p>\n<h2 id=\"t-1669201252020\">Caf\u00e9 L\u00e9opold<\/h2>\n<p>Le Caf\u00e9 L\u00e9opold est \u00e9galement install\u00e9 dans le Mus\u00e9e L\u00e9opold. C&rsquo;est l&rsquo;endroit id\u00e9al pour souffler et se ressourcer avec des plats viennois ou asiatiques.<\/p>\n<p>Le bar \u00e0 eau avec vue sur la cour int\u00e9rieure du MuseumsQuartier invite \u00e0 la fl\u00e2nerie, surtout en \u00e9t\u00e9.<\/p>\n<p>Le caf\u00e9 urbain au 2e niveau du mus\u00e9e se visite \u00e9galement sans billet.<\/p>\n<h2 id=\"t-1669201252021\">Toit terrasse libellule MQ<\/h2>\n<p>Une attraction spectaculaire attend les visiteurs sur le toit du Mus\u00e9e L\u00e9opold : la nouvelle terrasse panoramique du MQ Libelle.<\/p>\n<p>Le toit-terrasse de 970 m\u00b2 du MQ Libelle avec une salle \u00e9v\u00e9nementielle accueille ses visiteurs avec l&rsquo;une des plus belles vues de Vienne. Un kiosque gastronomique proposant des boissons rafra\u00eechissantes et des collations est \u00e9galement situ\u00e9 sur la terrasse.<\/p>\n<p>Le joyau architectural, accessible par un ascenseur ext\u00e9rieur et en libre acc\u00e8s, propose \u00e9galement des installations interactives.<\/p>\n<h2 id=\"t-1669201252022\">histoire<\/h2>\n<p><span><img decoding=\"async\" class=\"lazyload\" alt=\"Geschichte\" data-id=\"2107\" width=\"885\" data-init-width=\"1000\" height=\"590\" data-init-height=\"667\" title=\"Geschichte\" loading=\"lazy\" src=\"data:image\/gif;base64,R0lGODlhAQABAIAAAAAAAP\/\/\/yH5BAEAAAAALAAAAAABAAEAAAIBRAA7\" data-src=\"\/\/viennatouristinformation.com\/fr\/wp-content\/uploads\/2020\/09\/Geschichte-10.jpg\" data-width=\"885\" data-height=\"590\"><noscript><img decoding=\"async\" class=\"lazyload\" alt=\"Geschichte\" data-id=\"2107\" width=\"885\" data-init-width=\"1000\" height=\"590\" data-init-height=\"667\" title=\"Geschichte\" loading=\"lazy\" src=\"\/\/viennatouristinformation.com\/fr\/wp-content\/uploads\/2020\/09\/Geschichte-10.jpg\" data-width=\"885\" data-height=\"590\"><\/noscript><\/span><\/p>\n<p>Le Mus\u00e9e L\u00e9opold a \u00e9t\u00e9 ouvert en 2001. L&rsquo;inventaire du mus\u00e9e d&rsquo;art a \u00e9t\u00e9 dress\u00e9 par les ophtalmologues et amateurs d&rsquo;art viennois Rudolf et Elisabeth Leopold. Pendant cinq d\u00e9cennies, \u00e0 partir des ann\u00e9es 1950, le couple a collectionn\u00e9 environ 5000 \u0153uvres d&rsquo;art, dont la plus grande collection d&rsquo;Egon Schiele au monde. Outre leur passion pour l&rsquo;art, ils ont \u00e9galement fait preuve d&rsquo;un savoir-faire remarquable. Des \u0153uvres d&rsquo;artistes comme Egon Schiele et Gustav Klimt, g\u00e9n\u00e9ralement mal vues jusque dans les ann\u00e9es 1960, faisaient partie des objets de collection et \u00e9taient donc acquises pour des sommes relativement faibles.<\/p>\n<p>En 1994, Rudolf Leopold a apport\u00e9 une partie de sa consid\u00e9rable collection d&rsquo;art &#8211; compos\u00e9e de 5200 \u0153uvres &#8211; \u00e0 la \u00ab\u00a0Fondation priv\u00e9e du Mus\u00e9e L\u00e9opold\u00a0\u00bb. En 2001, cette collection a \u00e9t\u00e9 transf\u00e9r\u00e9e au Mus\u00e9e L\u00e9opold dans le MuseumsQuartier, qui porte le nom du couple L\u00e9opold.<\/p>\n<p>Le b\u00e2timent cubique con\u00e7u par les architectes Laurids et Manfred Ortner est rev\u00eatu de calcaire coquillier blanc et impressionne par ses pi\u00e8ces lumineuses et inond\u00e9es de lumi\u00e8re.<\/p>\n<p>Aujourd&rsquo;hui, le Mus\u00e9e L\u00e9opold est le b\u00e2timent le plus visit\u00e9 du MuseumsQuartier et est consid\u00e9r\u00e9 comme l&rsquo;un des centres culturels les plus importants de Vienne.&nbsp;<\/p>\n<h2 id=\"t-1669201252023\">Contact<\/h2>\n<ul>\n<li><strong>Adresse :<\/strong> MuseumsQuartier, Museumsplatz 1, 1070 Vienne<\/li>\n<li><strong>M\u00e9tro :<\/strong> &nbsp; U3 ou U2 jusqu&rsquo;\u00e0 Volkstheater \/ MuseumsQuartier<\/li>\n<li><strong>Horaires d&rsquo;ouverture :<\/strong> Les horaires d&rsquo;ouverture actuels peuvent \u00eatre consult\u00e9s sur le <a href=\"https:\/\/www.leopoldmuseum.org\/de\/besuch\/oeffnungszeiten\" rel=\"noopener\" target=\"_blank\">site Internet<\/a> du Mus\u00e9e L\u00e9opold .<\/li>\n<\/ul>\n","protected":false},"excerpt":{"rendered":"<p>Le Mus\u00e9e L\u00e9opold pr\u00e9sente l&rsquo;une des plus vastes collections d&rsquo;art autrichien moderne. Le mus\u00e9e d&rsquo;art abrite plus de 6000 tr\u00e9sors. L&rsquo;accent est mis sur la plus grande collection au monde de l&rsquo;artiste Egon Schiele et sur des \u0153uvres majeures de Gustav Klimt. Vous y trouverez des informations importantes sur l&rsquo;exposition, l&rsquo;histoire, les prix d&rsquo;entr\u00e9e et [&hellip;]<\/p>\n","protected":false},"author":3,"featured_media":2105,"parent":133,"menu_order":0,"comment_status":"open","ping_status":"closed","template":"","meta":{"footnotes":""},"tags":[],"class_list":["post-1228","page","type-page","status-publish","has-post-thumbnail","hentry","post-wrapper","thrv_wrapper"],"_links":{"self":[{"href":"https:\/\/viennatouristinformation.com\/fr\/wp-json\/wp\/v2\/pages\/1228","targetHints":{"allow":["GET"]}}],"collection":[{"href":"https:\/\/viennatouristinformation.com\/fr\/wp-json\/wp\/v2\/pages"}],"about":[{"href":"https:\/\/viennatouristinformation.com\/fr\/wp-json\/wp\/v2\/types\/page"}],"author":[{"embeddable":true,"href":"https:\/\/viennatouristinformation.com\/fr\/wp-json\/wp\/v2\/users\/3"}],"replies":[{"embeddable":true,"href":"https:\/\/viennatouristinformation.com\/fr\/wp-json\/wp\/v2\/comments?post=1228"}],"version-history":[{"count":0,"href":"https:\/\/viennatouristinformation.com\/fr\/wp-json\/wp\/v2\/pages\/1228\/revisions"}],"up":[{"embeddable":true,"href":"https:\/\/viennatouristinformation.com\/fr\/wp-json\/wp\/v2\/pages\/133"}],"wp:featuredmedia":[{"embeddable":true,"href":"https:\/\/viennatouristinformation.com\/fr\/wp-json\/wp\/v2\/media\/2105"}],"wp:attachment":[{"href":"https:\/\/viennatouristinformation.com\/fr\/wp-json\/wp\/v2\/media?parent=1228"}],"wp:term":[{"taxonomy":"post_tag","embeddable":true,"href":"https:\/\/viennatouristinformation.com\/fr\/wp-json\/wp\/v2\/tags?post=1228"}],"curies":[{"name":"wp","href":"https:\/\/api.w.org\/{rel}","templated":true}]}}