{"id":1230,"date":"2020-07-28T13:09:01","date_gmt":"2020-07-28T11:09:01","guid":{"rendered":"http:\/\/viennatouristinformation.com\/fr\/?page_id=1230"},"modified":"2025-07-17T13:50:54","modified_gmt":"2025-07-17T11:50:54","slug":"haus-des-meeres","status":"publish","type":"page","link":"https:\/\/viennatouristinformation.com\/fr\/choses-a-faire\/attractions\/haus-des-meeres\/","title":{"rendered":"Guide de Haus des Meeres \u00e0 Vienne (Zoo)"},"content":{"rendered":"<h2 id=\"t-1669120051447\" data-hide=\"true\">La Haus des Meeres est l&rsquo;un des trois zoos de Vienne, avec le zoo de Sch\u00f6nbrunn et le Lainzer Tiergarten.<\/h2>\n<p>Il est install\u00e9 dans une ancienne tour anti-a\u00e9rienne de la Seconde Guerre mondiale.<\/p>\n<p>Ici, vous apprendrez tout ce que vous devez savoir sur les habitants du zoo, les prix d&rsquo;entr\u00e9e, les attractions et l&rsquo;histoire.<\/p>\n<h2 id=\"t-1669120051448\">Que puis-je voir dans la Maison de la mer ?<\/h2>\n<p>La Maison de la Mer est un zoo Aqua Terra. Plus de 10 000 animaux vivent sur une superficie d&rsquo;environ 5 000 m\u00b2, r\u00e9partis sur 11 \u00e9tages. Les r\u00e9sidents comprennent des requins, des raies, des tortues, des poissons d&rsquo;eau douce, des crocodiles, des serpents, des singes, des oiseaux et des insectes du monde entier.<\/p>\n<p>Les temps forts suivants vous attendent ici :<\/p>\n<h3 id=\"t-1669120051449\">1. Aquariums marins<\/h3>\n<ul>\n<li><strong>Aquarium \u00e0 requins :<\/strong>&nbsp;L&rsquo;aquarium \u00e0 requins de 300 000 litres abrite des requins \u00e0 pointes noires, des requins bambous et la tortue de mer \u00ab\u00a0Puppi\u00a0\u00bb de plus de 100 kg.<\/li>\n<li><strong data-end=\"563\" data-start=\"534\">Bassin aux requins 360\u00b0 :<\/strong> Ce bassin accessible tout autour offre une vue sous tous les angles. Il abrite des requins \u00e0 pointes noires et des requins bambous, ainsi que des raies comme la raie guitare et la raie \u00e0 points bleus.<\/li>\n<li><strong>Bassin<\/strong>&nbsp; des requins marteaux : Le bassin des requins marteaux vous attend au 10\u00e8me \u00e9tage, o\u00f9 les requins marteaux, les raie pastenague du sud &amp; Co. gambadent.&nbsp;<\/li>\n<li><strong>Tunnel atlantique :<\/strong> Le tunnel atlantique de 10 m\u00e8tres de long avec son r\u00e9servoir de 500 000 litres n&rsquo;est pas seulement le plus grand aquarium marin d&rsquo;Autriche, gr\u00e2ce au tube de verre qui traverse le milieu du r\u00e9servoir, les visiteurs ont une vue spectaculaire sur le monde des poissons de l&rsquo;Atlantique .<\/li>\n<li><strong>Oeil Pacifique :<\/strong> Cet aquarium sp\u00e9cial est un h\u00e9misph\u00e8re en plexiglas de deux m\u00e8tres de diam\u00e8tre qui permet une vue \u00e0 la loupe sur le monde rare de la for\u00eat d&rsquo;algues brunes.<\/li>\n<li><strong>R\u00e9cif de surf&nbsp;:<\/strong>&nbsp; &nbsp;L&rsquo;aquarium d&rsquo;aventure pr\u00e9sente un impressionnant surf marin qui abrite de nombreux poissons tropicaux color\u00e9s et coraux.<\/li>\n<\/ul>\n<h3 id=\"t-1669120051450\">2. Terrariums<\/h3>\n<ul>\n<li><strong>Rubrique terrarium :<\/strong> La section terrarium abrite des serpents venimeux et g\u00e9ants, des crocodiles, des tortues, des l\u00e9zards, des grenouilles et diverses tarentules.<\/li>\n<\/ul>\n<h3 id=\"t-1669120051451\">3. Glaszubauten<\/h3>\n<ul>\n<li><strong>Maison tropicale :<\/strong> Il y a une pure sensation de jungle dans la maison tropicale, o\u00f9 plus de 500 animaux gambadent. Couvrant une superficie de 200 m\u00b2 et une hauteur de plus de 20 m\u00e8tres, vous pourrez observer les singes errer, les oiseaux tropicaux voler librement et bien plus encore.<\/li>\n<li><strong>Krokipark :<\/strong> Depuis la zone d&rsquo;entr\u00e9e, les visiteurs peuvent d\u00e9j\u00e0 jeter un coup d&rsquo;\u0153il sur le Krokibecken. En plus des crocodiles, des Crocodiles d&rsquo;Afrique de l&rsquo;Ouest divers poissons, tortues, oiseaux et singes vivent \u00e9galement dans le parc aux crocodiles.<\/li>\n<\/ul>\n<h2 id=\"t-1669120051452\">Entr\u00e9e, billet et visite guid\u00e9e<\/h2>\n<ul>\n<li><strong>Billet :<\/strong>&nbsp;L&rsquo;entr\u00e9e pour les adultes est de 22,90 \u20ac.&nbsp;Les enfants de 6 \u00e0 15 ans paient 9,80 \u20ac, tandis que les enfants de 3 \u00e0 5 ans paient 6,50 \u20ac.<strong>&nbsp;&nbsp;<\/strong><\/li>\n<li><strong>Pass annuel :<\/strong> Les pass annuels sont disponibles pour les adultes (39 \u20ac) et les enfants (19 \u20ac). Ils sont valables du lundi au vendredi. Le week-end, vous b\u00e9n\u00e9ficiez d&rsquo;une r\u00e9duction de 25% sur l&rsquo;entr\u00e9e.<\/li>\n<li><strong>Visites guid\u00e9es :<\/strong>&nbsp;Sur i<a href=\"https:\/\/www.haus-des-meeres.at\/en\/zoo\/experience\/guided-tours\" target=\"_blank\" style=\"outline: none;\" rel=\"noopener\">nscription pr\u00e9alable via le formulaire sur le site officiel<\/a>, des visites priv\u00e9es (1\u20138 personnes) ainsi que des visites de groupe (\u00e0 partir de 20 personnes) sont possibles. Les visites pour seniors (lundi et mardi, jours ouvrables hors vacances et jours f\u00e9ri\u00e9s) \u00e0 partir de 15 personnes, ainsi que les visites scolaires (du lundi au vendredi, jours ouvrables hors vacances et jours f\u00e9ri\u00e9s), sont gratuites. Toutes les autres visites co\u00fbtent 100 euros (visites priv\u00e9es jusqu\u2019\u00e0 25 personnes, visites en soir\u00e9e jusqu\u2019\u00e0 10 personnes). Plus de d\u00e9tails <a href=\"https:\/\/www.haus-des-meeres.at\/en\/zoo\/experience\/guided-tours\" target=\"_blank\" style=\"outline: none;\" data-lt-tmp-id=\"lt-788454\" spellcheck=\"false\" rel=\"noopener\">ici<\/a>\u200b<\/li>\n<li><strong>Alimentation :<\/strong>&nbsp;Vous trouverez<a href=\"https:\/\/www.haus-des-meeres.at\/en\/zoo\/experience\/feeding-times\" target=\"_blank\" style=\"outline: none;\" rel=\"noopener\"> ici le programme d&rsquo;alimentation actuel<\/a>&nbsp;<a href=\"https:\/\/www.haus-des-meeres.at\/de\/Besucherinfo\/Fuetterung_Meehr.htm\" target=\"_blank\" style=\"outline: none;\" rel=\"noopener\">.<\/a><\/li>\n<\/ul>\n<h2 id=\"t-1669120051453\">Terrasse sur le toit : <strong>360\u00b0<\/strong> Ocean Sky Cafe Bar<\/h2>\n<p>Le restaurant sur le toit 360\u00b0 Ocean Sky, situ\u00e9 au 11e \u00e9tage du b\u00e2timent, est le toit le plus \u00e9lev\u00e9 du centre de Vienne.<\/p>\n<p>Sur la terrasse tout autour, vous pouvez non seulement profiter d&rsquo;une vue panoramique spectaculaire sur les toits de Vienne, mais aussi de la nourriture et des boissons exquises.<\/p>\n<p>Que ce soit pour une pause pendant la journ\u00e9e ou pour terminer la soir\u00e9e, le tout nouveau 360\u00b0 Ocean Sky promet d&rsquo;\u00eatre l&rsquo;un des meilleurs endroits de Vienne avec sa vue magnifique.<\/p>\n<h2 id=\"t-1669120051454\">Maison de la mer pour les enfants<\/h2>\n<ul>\n<li><strong>Questionnaire :<\/strong> Afin de garantir aux enfants une visite p\u00e9dagogique du zoo, la Haus des Meeres propose un questionnaire sur ses pensionnaires. Vous pouvez le t\u00e9l\u00e9charger depuis la page d&rsquo;\n<ul>\n<li><\/li>\n<\/ul>\n<p><a href=\"https:\/\/www.haus-des-meeres.at\/en\/zoo\/experience\/school-and-zoo\" target=\"_blank\" style=\"outline: none;\" data-lt-tmp-id=\"lt-858280\" spellcheck=\"false\" rel=\"noopener\">accueil<\/a>.Visite num\u00e9rique interactive : Une application gratuite du Haus des Meeres, d\u00e9velopp\u00e9e avec hublz, guide d\u00e9sormais les visiteurs de mani\u00e8re interactive et multim\u00e9dia \u00e0 travers le zoo. Les questionnaires traditionnels ont \u00e9t\u00e9 modernis\u00e9s et enrichis de fonctionnalit\u00e9s passionnantes \u2014 m\u00eame la star TikTok Jeff Schreiner y participe. Plus d\u2019infos sur le <a href=\"https:\/\/www.haus-des-meeres.at\/en\/zoo\/experience\/school-and-zoo\" target=\"_blank\" style=\"outline: none;\" data-lt-tmp-id=\"lt-631183\" spellcheck=\"false\" rel=\"noopener\">site internet<\/a>&nbsp;<\/li>\n<li><strong>Anniversaire des enfants :<\/strong> Pour un anniversaire tr\u00e8s sp\u00e9cial, vous pouvez faire f\u00eater vos enfants \u00e0 partir de 6 ans \u00e0 la Haus des Meeres.Les plus petits sont pris en charge par un guide qui les accompagne dans leur chasse au tr\u00e9sor \u00e0 travers le zoo. Vous trouverez plus d&rsquo;informations \u00e0 ce sujet sur la page d&rsquo; <a href=\"https:\/\/www.haus-des-meeres.at\/en\/zoo\/experience\/birthday-party\" target=\"_blank\" style=\"outline: none;\" rel=\"noopener\">accueil<\/a>&nbsp;.&nbsp;Haus des Meeres permet d\u00e9sormais aussi aux adultes de f\u00eater leur anniversaire sur place. Vous trouverez plus de d\u00e9tails <a href=\"https:\/\/www.haus-des-meeres.at\/en\/zoo\/experience\/birthday-adults\" target=\"_blank\" rel=\"noopener\">ici.<\/a><\/li>\n<\/ul>\n<h2 id=\"t-1669120051455\">Escalade \u00e0 la maison de la mer<\/h2>\n<p>Les amateurs d&rsquo;escalade peuvent s&rsquo;attendre \u00e0 une attraction passionnante \u00e0 la Haus des Meeres. Le <strong><a href=\"https:\/\/www.flakturm-klettern.at\/\" target=\"_blank\" style=\"outline: none;\" rel=\"noopener\">centre d&rsquo;escalade Flakturm<\/a><\/strong> , qui offre un large \u00e9ventail de possibilit\u00e9s d&rsquo;escalade, se trouve \u00e9galement ici.<\/p>\n<p>Le mur d&rsquo;escalade de 30 m\u00e8tres de haut dans la campagne convient non seulement aux grimpeurs avanc\u00e9s, mais aussi aux d\u00e9butants qui en ont pour leur argent gr\u00e2ce \u00e0 divers cours d&rsquo;escalade.<\/p>\n<p>Plus de 20 variantes d&rsquo;itin\u00e9raires du 4\u00e8me au 9\u00e8me niveau de difficult\u00e9 m\u00e8nent au toit de la tour de flak &#8211; une exp\u00e9rience d&rsquo;escalade grandiose !<\/p>\n<h2 id=\"t-1669120051456\">Histoire<\/h2>\n<p>Le 26 novembre 1957, l&rsquo;Association <em>pour la biologie marine<\/em> a \u00e9t\u00e9 fond\u00e9e, qui \u00e0 l&rsquo;\u00e9poque se fixait d\u00e9j\u00e0 pour objectif de cr\u00e9er la \u00abMaison de la mer\u00bb dans l&rsquo;ancienne tour de flak Esterh\u00e1zypark.<\/p>\n<p>\u00c0 cette \u00e9poque, la Haus des Meeres \u00e9tait la premi\u00e8re exposition sur l&rsquo;eau de mer en Autriche et n&rsquo;occupait qu&rsquo;un \u00e9tage et demi de la tour de flak, qui \u00e9tait en grande partie vide \u00e0 l&rsquo;\u00e9poque.<\/p>\n<p>Celui-ci a \u00e9t\u00e9 achev\u00e9 en juillet 1944 et a fonctionn\u00e9 comme tour de contr\u00f4le de tir jusqu&rsquo;\u00e0 la fin de la guerre. Sur le toit de la tour se trouvait le soi-disant \u00ab\u00a0g\u00e9ant de W\u00fcrzburg\u00a0\u00bb. Il s&rsquo;agissait d&rsquo;un appareil radar prot\u00e9g\u00e9 des raids a\u00e9riens dans le puits par des murs en b\u00e9ton arm\u00e9 de 3,5 m\u00e8tres d&rsquo;\u00e9paisseur.<\/p>\n<p>Le fait que le zoo soit install\u00e9 dans une ancienne tour de flak est une particularit\u00e9 et fait l&rsquo;objet de l&rsquo; <strong>exposition permanente <em>\u00ab\u00a0Remembering Inside\u00a0\u00bb<\/em><\/strong> .<\/p>\n<p>L&rsquo;exposition est situ\u00e9e dans l&rsquo;ancien centre de commandement et met en lumi\u00e8re le sombre pass\u00e9 de la tour anti-a\u00e9rienne. Les expositions comprennent des expositions originales et des panneaux muraux sur l&rsquo;histoire du b\u00e2timent, qui peuvent \u00eatre vus dans l&rsquo;escalier, dont la plupart ont \u00e9t\u00e9 conserv\u00e9s dans leur \u00e9tat d&rsquo;origine. L&rsquo;exposition permanente est accessible dans le cadre d&rsquo;une visite guid\u00e9e. Vous pouvez en savoir plus \u00e0 ce sujet <a href=\"https:\/\/www.haus-des-meeres.at\/zoo\/erlebnis\/fuehrungen\" target=\"_blank\" style=\"outline: none;\" data-lt-tmp-id=\"lt-688763\" spellcheck=\"false\" rel=\"noopener\">ici<\/a> .<\/p>\n<p>Aujourd&rsquo;hui, la Haus des Meeres couvre une superficie de 8 000 m\u00b2, r\u00e9partis sur 11 \u00e9tages, et a \u00e9t\u00e9 visit\u00e9e par plus de 11,7 millions de visiteurs depuis son ouverture en 1957.<\/p>\n<h2 id=\"t-1669120051457\">Contact<\/h2>\n<ul>\n<li><strong>Adresse :<\/strong> Fritz-Gr\u00fcnbaum-Platz 1 (Esterh\u00e1zypark), 1060 Vienne<\/li>\n<li><strong>U-Bahn :<\/strong> &nbsp; U3 Neubaugasse<\/li>\n<li><strong>Parking<\/strong> : Il y a un parking Wipark dans la Windm\u00fchlgasse, \u00e0 proximit\u00e9 imm\u00e9diate de l&rsquo;Aqua Zoo. Les visiteurs de la Haus des Meeres peuvent se garer ici \u00e0 un tarif r\u00e9duit. Vous recevrez une carte de r\u00e9duction \u00e0 la billetterie de la Haus des Meeres.<\/li>\n<li><strong>Horaires d&rsquo;ouverture :<\/strong> Vous trouverez les horaires d&rsquo;ouverture actuels sur la <a href=\"https:\/\/www.haus-des-meeres.at\/de\/Besucherinfo\/Oeffnungszeiten.htm\" target=\"_blank\" rel=\"noopener\">page d&rsquo;accueil<\/a> de la Haus des Meeres .<\/li>\n<\/ul>\n<h3 style=\"\">ARTICLES CONNEXES<\/h3>\n<p><a href=\"https:\/\/viennatouristinformation.com\/fr\/choses-a-faire\/musee\/\" dynamic-postlink=\"tcb_post_the_permalink\" data-shortcode-id=\"133\"><\/a><\/p>\n<h2 style=\"padding-top: 0px !important; margin-top: 0px !important; text-align: center;\" id=\"t-1752749815338\"><span data-shortcode=\"tcb_post_title\" data-shortcode-name=\"Post title\" data-extra_key=\"\" data-attr-link=\"1\" data-attr-target=\"0\" data-attr-rel=\"0\" data-option-inline=\"1\" data-attr-static-link=\"{&quot;className&quot;:&quot;&quot;,&quot;href&quot;:&quot;https:\/\/viennatouristinformation.com\/fr\/choses-a-faire\/musee\/&quot;,&quot;title&quot;:&quot;30 Meilleurs Mus\u00e9es \u00e0 Vienne (+ Infos &amp; Billets)&quot;,&quot;class&quot;:&quot;&quot;}\" data-attr-css=\"\"><a href=\"https:\/\/viennatouristinformation.com\/fr\/choses-a-faire\/musee\/\" title=\"30 Meilleurs Mus\u00e9es \u00e0 Vienne (+ Infos &amp; Billets)\" data-css=\"\">30 Meilleurs Mus\u00e9es \u00e0 Vienne (+ Infos &amp; Billets)<\/a><\/span><\/h2>\n<p><a href=\"https:\/\/viennatouristinformation.com\/fr\/choses-a-faire\/avec-les-enfants\/\" dynamic-postlink=\"tcb_post_the_permalink\" data-shortcode-id=\"133\"><\/a><\/p>\n<h2 style=\"padding-top: 0px !important; margin-top: 0px !important; text-align: center;\" id=\"t-1752749815338\"><span data-shortcode=\"tcb_post_title\" data-shortcode-name=\"Post title\" data-extra_key=\"\" data-attr-link=\"1\" data-attr-target=\"0\" data-attr-rel=\"0\" data-option-inline=\"1\" data-attr-static-link=\"{&quot;className&quot;:&quot;&quot;,&quot;href&quot;:&quot;https:\/\/viennatouristinformation.com\/fr\/choses-a-faire\/musee\/&quot;,&quot;title&quot;:&quot;30 Meilleurs Mus\u00e9es \u00e0 Vienne (+ Infos &amp; Billets)&quot;,&quot;class&quot;:&quot;&quot;}\" data-attr-css=\"\"><a href=\"https:\/\/viennatouristinformation.com\/fr\/choses-a-faire\/avec-les-enfants\/\" title=\"25 Meilleures Choses \u00e0 Faire avec les Enfants \u00e0 Vienne\" data-css=\"\">25 Meilleures Choses \u00e0 Faire avec les Enfants \u00e0 Vienne<\/a><\/span><\/h2>\n<p><a href=\"https:\/\/viennatouristinformation.com\/fr\/choses-a-faire\/attractions\/\" dynamic-postlink=\"tcb_post_the_permalink\" data-shortcode-id=\"133\"><\/a><\/p>\n<h2 style=\"padding-top: 0px !important; margin-top: 0px !important; text-align: center;\" id=\"t-1752749815338\"><span data-shortcode=\"tcb_post_title\" data-shortcode-name=\"Post title\" data-extra_key=\"\" data-attr-link=\"1\" data-attr-target=\"0\" data-attr-rel=\"0\" data-option-inline=\"1\" data-attr-static-link=\"{&quot;className&quot;:&quot;&quot;,&quot;href&quot;:&quot;https:\/\/viennatouristinformation.com\/fr\/choses-a-faire\/musee\/&quot;,&quot;title&quot;:&quot;30 Meilleurs Mus\u00e9es \u00e0 Vienne (+ Infos &amp; Billets)&quot;,&quot;class&quot;:&quot;&quot;}\" data-attr-css=\"\"><a href=\"https:\/\/viennatouristinformation.com\/fr\/choses-a-faire\/attractions\/\" title=\"20 Meilleures Attractions \u00e0 Vienne (+ Billets &amp; Map)\" data-css=\"\">20 Meilleures Attractions \u00e0 Vienne (+ Billets &amp; Map)<\/a><\/span><\/h2>\n<p><a href=\"https:\/\/viennatouristinformation.com\/fr\/choses-a-faire\/top-10\/\" dynamic-postlink=\"tcb_post_the_permalink\" data-shortcode-id=\"133\"><\/a><\/p>\n<h2 style=\"padding-top: 0px !important; margin-top: 0px !important; text-align: center;\" id=\"t-1752749815338\"><span data-shortcode=\"tcb_post_title\" data-shortcode-name=\"Post title\" data-extra_key=\"\" data-attr-link=\"1\" data-attr-target=\"0\" data-attr-rel=\"0\" data-option-inline=\"1\" data-attr-static-link=\"{&quot;className&quot;:&quot;&quot;,&quot;href&quot;:&quot;https:\/\/viennatouristinformation.com\/fr\/choses-a-faire\/musee\/&quot;,&quot;title&quot;:&quot;30 Meilleurs Mus\u00e9es \u00e0 Vienne (+ Infos &amp; Billets)&quot;,&quot;class&quot;:&quot;&quot;}\" data-attr-css=\"\"><a href=\"https:\/\/viennatouristinformation.com\/fr\/choses-a-faire\/top-10\/\" title=\"10 Meilleures Choses \u00e0 Faire \u00e0 Vienne\" data-css=\"\">10 Meilleures Choses \u00e0 Faire \u00e0 Vienne<\/a><\/span><\/h2>\n","protected":false},"excerpt":{"rendered":"<p>La Haus des Meeres est l&rsquo;un des trois zoos de Vienne, avec le zoo de Sch\u00f6nbrunn et le Lainzer Tiergarten. Il est install\u00e9 dans une ancienne tour anti-a\u00e9rienne de la Seconde Guerre mondiale. Ici, vous apprendrez tout ce que vous devez savoir sur les habitants du zoo, les prix d&rsquo;entr\u00e9e, les attractions et l&rsquo;histoire. Que [&hellip;]<\/p>\n","protected":false},"author":3,"featured_media":4063,"parent":138,"menu_order":0,"comment_status":"open","ping_status":"closed","template":"","meta":{"footnotes":""},"tags":[],"class_list":["post-1230","page","type-page","status-publish","has-post-thumbnail","hentry","post-wrapper","thrv_wrapper"],"_links":{"self":[{"href":"https:\/\/viennatouristinformation.com\/fr\/wp-json\/wp\/v2\/pages\/1230","targetHints":{"allow":["GET"]}}],"collection":[{"href":"https:\/\/viennatouristinformation.com\/fr\/wp-json\/wp\/v2\/pages"}],"about":[{"href":"https:\/\/viennatouristinformation.com\/fr\/wp-json\/wp\/v2\/types\/page"}],"author":[{"embeddable":true,"href":"https:\/\/viennatouristinformation.com\/fr\/wp-json\/wp\/v2\/users\/3"}],"replies":[{"embeddable":true,"href":"https:\/\/viennatouristinformation.com\/fr\/wp-json\/wp\/v2\/comments?post=1230"}],"version-history":[{"count":0,"href":"https:\/\/viennatouristinformation.com\/fr\/wp-json\/wp\/v2\/pages\/1230\/revisions"}],"up":[{"embeddable":true,"href":"https:\/\/viennatouristinformation.com\/fr\/wp-json\/wp\/v2\/pages\/138"}],"wp:featuredmedia":[{"embeddable":true,"href":"https:\/\/viennatouristinformation.com\/fr\/wp-json\/wp\/v2\/media\/4063"}],"wp:attachment":[{"href":"https:\/\/viennatouristinformation.com\/fr\/wp-json\/wp\/v2\/media?parent=1230"}],"wp:term":[{"taxonomy":"post_tag","embeddable":true,"href":"https:\/\/viennatouristinformation.com\/fr\/wp-json\/wp\/v2\/tags?post=1230"}],"curies":[{"name":"wp","href":"https:\/\/api.w.org\/{rel}","templated":true}]}}