{"id":1234,"date":"2020-07-22T10:20:13","date_gmt":"2020-07-22T08:20:13","guid":{"rendered":"http:\/\/viennatouristinformation.com\/fr\/?page_id=1234"},"modified":"2023-06-02T08:41:45","modified_gmt":"2023-06-02T06:41:45","slug":"maison-de-la-musique","status":"publish","type":"page","link":"https:\/\/viennatouristinformation.com\/fr\/choses-a-faire\/musee\/maison-de-la-musique\/","title":{"rendered":"Guide de la Maison de la Musique \u00e0 Vienne"},"content":{"rendered":"<h2 id=\"t-1669193956432\" data-hide=\"true\">L&rsquo;innovante Maison de la Musique dans l&rsquo;historique Palais de l&rsquo;Archiduc Carl dans le 1er arrondissement est un mus\u00e9e sonore interactif.<\/h2>\n<p>Gr\u00e2ce \u00e0 des installations ax\u00e9es sur l&rsquo;exp\u00e9rience, les visiteurs peuvent d\u00e9velopper leur cr\u00e9ativit\u00e9 musicale en composant leur propre valse et en dirigeant virtuellement l&rsquo;Orchestre philharmonique de Vienne, entre autres.<\/p>\n<h2 id=\"t-1669193956433\">Que puis-je faire \u00e0 la Maison de la Musique ?<\/h2>\n<p>Sur ses quatre \u00e9tages, la Haus der Musik emm\u00e8ne les visiteurs dans le monde fascinant du son et des ph\u00e9nom\u00e8nes sonores. Dans ce qui suit, nous d\u00e9crivons les diff\u00e9rents \u00e9tages en d\u00e9tail.<\/p>\n<ol type=\"1\">\n<li><strong>\u00c9tage &#8211; Orchestre philharmonique de Vienne :<\/strong> L&rsquo;Orchestre philharmonique de Vienne a \u00e9t\u00e9 fond\u00e9 dans ce b\u00e2timent et se trouve toujours dans le m\u00eame b\u00e2timent aujourd&rsquo;hui. Dans les salles du premier \u00e9tage, les visiteurs peuvent visiter le mus\u00e9e de l&rsquo;orchestre de renomm\u00e9e mondiale et s&rsquo;\u00e9merveiller devant les tr\u00e9sors musicaux des archives historiques, qui repr\u00e9sentent la longue histoire musicale de l&rsquo;orchestre. Le point culminant est le jeu de d\u00e9s de valse, avec lequel vous pouvez composer votre propre valse.<\/li>\n<li><strong>Etage \u2013 SONOTOPIA :<\/strong> A cet \u00e9tage, le monde des sons est pr\u00e9sent\u00e9 de mani\u00e8re multim\u00e9dia et interactive, depuis la cr\u00e9ation d&rsquo;un son, en passant par sa propagation jusqu&rsquo;\u00e0 son traitement. De nombreuses stations et exp\u00e9riences sonores attendent ici les visiteurs.<\/li>\n<li><strong>\u00c9tage \u2013 Les Grands Ma\u00eetres :<\/strong> Le 3e \u00e9tage est d\u00e9di\u00e9 aux grands compositeurs qui ont travaill\u00e9 et v\u00e9cu \u00e0 Vienne. Il s&rsquo;agit notamment de Haydn, Mozart, Beethoven, Schubert, Strauss, Mahler et Schoenberg. D\u00e9couvrez les ma\u00eetres du classicisme viennois \u00e0 travers des documents historiques, des costumes et des objets personnels. Le point culminant est l&rsquo;installation interactive \u00ab\u00a0Namadeus\u00a0\u00bb avec laquelle vous pouvez entendre votre nom comme une composition de Mozart, ainsi que l&rsquo;\u0153uvre d&rsquo;art \u00ab\u00a0Sound Carpet <em>\u00ab\u00a0<\/em> .<\/li>\n<li><strong>\u00c9tage \u2013 Le chef d&rsquo;orchestre virtuel :<\/strong> Un autre point fort du Mus\u00e9e du son est situ\u00e9 au 4e \u00e9tage. Le soi-disant \u00ab\u00a0Virtual Conductor\u00a0\u00bb permet aux visiteurs de tester leur talent en tant que chef d&rsquo;orchestre de la Philharmonie de Vienne de renomm\u00e9e mondiale.<\/li>\n<\/ol>\n<h2 id=\"t-1669193956434\">Entr\u00e9e, billet et visite guid\u00e9e<\/h2>\n<ul>\n<li><strong>Billets simples :<\/strong> L&rsquo;entr\u00e9e est de 14 \u20ac pour les adultes et de 6 \u20ac pour les enfants de 3 \u00e0 11 ans. Les enfants de moins de 3 ans b\u00e9n\u00e9ficient d&rsquo;une entr\u00e9e gratuite.<\/li>\n<li><strong>Billet famille :<\/strong> Avec le billet famille \u00e0 29 \u20ac, deux adultes et un maximum de trois enfants de moins de 12 ans peuvent visiter le mus\u00e9e.<\/li>\n<li><strong>Billets de groupe :<\/strong> Les billets de groupe sont disponibles pour les groupes de 10 personnes ou plus apr\u00e8s inscription pr\u00e9alable au prix normal de 10 \u20ac par personne. Les groupes scolaires de moins de 12 ans paient 6 \u20ac et les groupes scolaires de plus de 12 ans paient 7 \u20ac par personne.<\/li>\n<li><strong>Billets sp\u00e9ciaux :<\/strong> Le <em>billet de nuit<\/em> \u00e0 7 \u20ac est disponible tous les jours \u00e0 partir de 20h00. La derni\u00e8re entr\u00e9e est \u00e0 21h30.<\/li>\n<li><strong>Abonnement annuel :<\/strong> Vous payez 39 \u20ac pour l&rsquo;abonnement annuel <em>HdM-Membercard . <\/em>L&rsquo;abonnement annuel pour <em>les enfants au club enfants de Pauki Knaller<\/em> co\u00fbte 5\u20ac.<\/li>\n<li><strong>Billets combin\u00e9s :<\/strong> Des billets combin\u00e9s avec le Mozarthaus de Vienne sont \u00e9galement disponibles \u00e0 la vente. Les adultes paient 18 \u20ac, les enfants de moins de 12 ans 8 \u20ac.<\/li>\n<\/ul>\n<p>Un aper\u00e7u d\u00e9taill\u00e9 et \u00e0 jour de tous les billets peut \u00eatre trouv\u00e9 <a href=\"https:\/\/www.hausdermusik.com\/besuch\/tickets\/\" target=\"_blank\" rel=\"noopener\">ici<\/a> .<\/p>\n<ul>\n<li><strong>Billets pour les concerts et les \u00e9v\u00e9nements :<\/strong> Vous pouvez consulter les prix des billets pour les concerts et les \u00e9v\u00e9nements sous l&rsquo;entr\u00e9e correspondante dans le <a href=\"https:\/\/www.hausdermusik.com\/events\/\" target=\"_blank\" rel=\"noopener\">calendrier des \u00e9v\u00e9nements<\/a> .<\/li>\n<li><strong>Visites guid\u00e9es :<\/strong> La Haus der Musik propose diverses visites th\u00e9matiques, sp\u00e9ciales et pour enfants aux visiteurs int\u00e9ress\u00e9s. <a href=\"https:\/\/www.hausdermusik.com\/musikvermittlung\/fuehrungen\/\" target=\"_blank\" rel=\"noopener\">Vous<\/a> pouvez trouver l&rsquo;offre de visites guid\u00e9es ici.<\/li>\n<\/ul>\n<h2 id=\"t-1669193956435\">Concerts \u00e0 la Maison de la Musique<\/h2>\n<p>Les concerts dits \u00ab Live On Stage <strong>\u00bb<\/strong> ont lieu dans la salle de concert au dernier \u00e9tage du mus\u00e9e. Il y a g\u00e9n\u00e9ralement 12 concerts r\u00e9partis sur l&rsquo;ann\u00e9e.<\/p>\n<p>Vous trouverez un aper\u00e7u des concerts dans le <a href=\"https:\/\/www.hausdermusik.com\/events\/\" target=\"_blank\" rel=\"noopener\">calendrier des \u00e9v\u00e9nements<\/a> du mus\u00e9e .<\/p>\n<h2 id=\"t-1669193956436\">Pour les enfants<\/h2>\n<p>Un objectif important du mus\u00e9e est de donner aux enfants et aux jeunes l&rsquo;acc\u00e8s au monde de la musique et de mettre en place de nouvelles mesures d&rsquo;\u00e9ducation musicale. Entre autres choses, l&rsquo;installation virtuelle \u00ab\u00a0Zookonzert\u00a0\u00bb y contribue &#8211; un conte de f\u00e9es passionnant pour les enfants.<\/p>\n<p>De plus, la Haus der Musik inspire ses petits visiteurs avec de nombreux <strong>concerts pour enfants<\/strong> . Des concerts pour enfants passionnants, divertissants et amusants sont propos\u00e9s, qui vous invitent \u00e0 chanter et \u00e0 danser.<\/p>\n<p><a href=\"https:\/\/www.hausdermusik.com\/events\/events-kinderkonzerte\/\" target=\"_blank\" rel=\"noopener\"><\/a>Vous trouverez ici un aper\u00e7u des concerts pour enfants actuels \u00e0 la Haus der Musik <a href=\"https:\/\/www.hausdermusik.com\/events\/events-kinderkonzerte\/\" target=\"_blank\" rel=\"noopener\">.<\/a><\/p>\n<h2 id=\"t-1669193956437\">\u00c9v\u00e9nements \u00e0 la Maison de la Musique<\/h2>\n<p>En plus des concerts \u00ab\u00a0Live On Stage\u00a0\u00bb et des concerts pour enfants, il y a d&rsquo;autres \u00e9v\u00e9nements et expositions temporaires temporaires \u00e0 la Maison de la Musique. Un aper\u00e7u actuel et un aper\u00e7u peuvent \u00eatre trouv\u00e9s <a href=\"https:\/\/www.hausdermusik.com\/events\/\" target=\"_blank\" rel=\"noopener\">ici<\/a> .<\/p>\n<p><strong>\u00c9v\u00e9nements propres :<\/strong> Vous pouvez r\u00e9server la Haus der Musik comme lieu d&rsquo;\u00e9v\u00e9nement. Qu&rsquo;il s&rsquo;agisse d&rsquo;un s\u00e9minaire, d&rsquo;une r\u00e9ception, d&rsquo;un concert, d&rsquo;un d\u00eener, d&rsquo;une pr\u00e9sentation d&rsquo;entreprise ou d&rsquo;une f\u00eate de No\u00ebl &#8211; l&rsquo;atmosph\u00e8re impressionnante et la technologie de la maison promettent le cadre id\u00e9al pour votre \u00e9v\u00e9nement r\u00e9ussi. Plus d&rsquo;informations \u00e0 ce sujet <a href=\"https:\/\/www.hausdermusik.com\/vermietung\/\" target=\"_blank\" rel=\"noopener\">ici<\/a> .<\/p>\n<h2 id=\"t-1669193956438\">histoire<\/h2>\n<p>La Maison de la Musique a \u00e9t\u00e9 ouverte en 2000. Il est situ\u00e9 dans le Palais Archiduc Carl, o\u00f9 se dressait la fonderie imp\u00e9riale au XVIe si\u00e8cle.<\/p>\n<p>Ce n&rsquo;est qu&rsquo;au d\u00e9but du XIXe si\u00e8cle, lorsque le b\u00e2timent fut achet\u00e9 et reconstruit par l&rsquo;archiduc g\u00e9n\u00e9ral autrichien Charles d&rsquo;Autriche-Hongrie, qu&rsquo;il prit la forme d&rsquo;un palais.<\/p>\n<p>En 1842, le compositeur et chef d&rsquo;orchestre Otto Nicolai emm\u00e9nagea dans le b\u00e2timent et y fonda les Concerts philharmoniques de Vienne. Par cons\u00e9quent, le Palais est consid\u00e9r\u00e9 comme le berceau du c\u00e9l\u00e8bre orchestre philharmonique de Vienne, qui est honor\u00e9 par le mus\u00e9e de l&rsquo;orchestre philharmonique de Vienne au 1er \u00e9tage, l&rsquo;ancien appartement de Nicolai.<\/p>\n<p>Fond\u00e9 en 2000, le Sound Museum a re\u00e7u le Prix du mus\u00e9e autrichien pour son concept innovant.&nbsp;<\/p>\n<h2 id=\"t-1669193956439\">Contact<\/h2>\n<ul>\n<li><strong>Adresse<\/strong> : Seilerst\u00e4tte 30, 1010 Vienne<\/li>\n<li><strong>M\u00e9tro :<\/strong> U1, U2 et U4 Karlsplatz ou U1 et U3 Stephansplatz<\/li>\n<li><strong>Horaires d&rsquo;ouverture :<\/strong> La Maison de la Musique est ouverte tous les jours. Les heures d&rsquo;ouverture actuelles peuvent \u00eatre consult\u00e9es sur le <a href=\"https:\/\/www.hausdermusik.com\/besuch\/oeffnungszeiten\/\" target=\"_blank\" rel=\"noopener\">site Web<\/a> de Haus der Musik .<\/li>\n<\/ul>\n","protected":false},"excerpt":{"rendered":"<p>L&rsquo;innovante Maison de la Musique dans l&rsquo;historique Palais de l&rsquo;Archiduc Carl dans le 1er arrondissement est un mus\u00e9e sonore interactif. Gr\u00e2ce \u00e0 des installations ax\u00e9es sur l&rsquo;exp\u00e9rience, les visiteurs peuvent d\u00e9velopper leur cr\u00e9ativit\u00e9 musicale en composant leur propre valse et en dirigeant virtuellement l&rsquo;Orchestre philharmonique de Vienne, entre autres. Que puis-je faire \u00e0 la Maison [&hellip;]<\/p>\n","protected":false},"author":3,"featured_media":2073,"parent":133,"menu_order":0,"comment_status":"open","ping_status":"closed","template":"","meta":{"footnotes":""},"tags":[],"class_list":["post-1234","page","type-page","status-publish","has-post-thumbnail","hentry","post-wrapper","thrv_wrapper"],"_links":{"self":[{"href":"https:\/\/viennatouristinformation.com\/fr\/wp-json\/wp\/v2\/pages\/1234","targetHints":{"allow":["GET"]}}],"collection":[{"href":"https:\/\/viennatouristinformation.com\/fr\/wp-json\/wp\/v2\/pages"}],"about":[{"href":"https:\/\/viennatouristinformation.com\/fr\/wp-json\/wp\/v2\/types\/page"}],"author":[{"embeddable":true,"href":"https:\/\/viennatouristinformation.com\/fr\/wp-json\/wp\/v2\/users\/3"}],"replies":[{"embeddable":true,"href":"https:\/\/viennatouristinformation.com\/fr\/wp-json\/wp\/v2\/comments?post=1234"}],"version-history":[{"count":0,"href":"https:\/\/viennatouristinformation.com\/fr\/wp-json\/wp\/v2\/pages\/1234\/revisions"}],"up":[{"embeddable":true,"href":"https:\/\/viennatouristinformation.com\/fr\/wp-json\/wp\/v2\/pages\/133"}],"wp:featuredmedia":[{"embeddable":true,"href":"https:\/\/viennatouristinformation.com\/fr\/wp-json\/wp\/v2\/media\/2073"}],"wp:attachment":[{"href":"https:\/\/viennatouristinformation.com\/fr\/wp-json\/wp\/v2\/media?parent=1234"}],"wp:term":[{"taxonomy":"post_tag","embeddable":true,"href":"https:\/\/viennatouristinformation.com\/fr\/wp-json\/wp\/v2\/tags?post=1234"}],"curies":[{"name":"wp","href":"https:\/\/api.w.org\/{rel}","templated":true}]}}