{"id":126,"date":"2020-06-10T20:39:57","date_gmt":"2020-06-10T18:39:57","guid":{"rendered":"http:\/\/viennatouristinformation.com\/fr\/?page_id=126"},"modified":"2024-12-23T11:59:36","modified_gmt":"2024-12-23T10:59:36","slug":"contact","status":"publish","type":"page","link":"https:\/\/viennatouristinformation.com\/fr\/contact\/","title":{"rendered":"Contact"},"content":{"rendered":"<h1 style=\"text-align: left; font-size: 18px !important;\"><span style=\"font-weight: normal;\">Vous planifiez un voyage \u00e0 Vienne?<\/span><\/h1>\n<h1 style=\"text-align: left;\">Contact de l&rsquo;office du tourisme de Vienne<\/h1>\n<p>Notre \u00e9quipe d\u00e9di\u00e9e est l\u00e0 pour rendre votre voyage \u00e0 Vienne inoubliable. Que vous ayez besoin <strong>d\u2019informations<\/strong>, de faire des&nbsp;<strong>r\u00e9servations<\/strong>&nbsp;ou d&rsquo;un soutien pour les voyages de groupe et<strong>&nbsp;les \u00e9v\u00e9nements M.I.C.E.,<\/strong> nous sommes l\u00e0 pour vous accompagner.<\/p>\n<p><span style=\"\"><a href=\"https:\/\/viennatouristinformation.com\/fr\/wp-content\/uploads\/2020\/10\/Influencers-1.jpg\"><img decoding=\"async\" class=\"lazyload\" alt=\"Prater \u00e0 Vienne en Autriche\" data-id=\"2050\" title=\"Prater \u00e0 Vienne en Autriche\" src=\"data:image\/gif;base64,R0lGODlhAQABAIAAAAAAAP\/\/\/yH5BAEAAAAALAAAAAABAAEAAAIBRAA7\" data-src=\"\/\/viennatouristinformation.com\/fr\/wp-content\/uploads\/2020\/09\/Prater.jpg\" style=\"aspect-ratio: auto 1000 \/ 667;\" ml-d=\"0\" data-width=\"480\" data-height=\"320\" data-init-width=\"1000\" data-init-height=\"667\" mt-d=\"0\" width=\"480\" height=\"320\" data-link-wrap=\"true\" loading=\"lazy\"><noscript><img decoding=\"async\" class=\"lazyload\" alt=\"Prater \u00e0 Vienne en Autriche\" data-id=\"2050\" title=\"Prater \u00e0 Vienne en Autriche\" src=\"\/\/viennatouristinformation.com\/fr\/wp-content\/uploads\/2020\/09\/Prater.jpg\" style=\"aspect-ratio: auto 1000 \/ 667;\" ml-d=\"0\" data-width=\"480\" data-height=\"320\" data-init-width=\"1000\" data-init-height=\"667\" mt-d=\"0\" width=\"480\" height=\"320\" data-link-wrap=\"true\" loading=\"lazy\"><\/noscript><\/a><\/span><\/p>\n<p style=\"text-align: center;\">Contact avec <em>support@viennatouristinformation.com\/fr<\/em> ou formulaire.<\/p>\n<h2 style=\"\">Comment pouvons nous aider?<\/h2>\n<h3 style=\"\">1. Info-Service<\/h3>\n<p style=\"\">R\u00e9ponse aux questions sur les voyages pr\u00e9vus \u00e0 Vienne ou pendant le s\u00e9jour.&nbsp;<\/p>\n<h3 style=\"\">2. Service de r\u00e9servation<\/h3>\n<p style=\"\">Laissez-nous nous occuper des d\u00e9tails : R\u00e9servation d&rsquo;h\u00f4tels, de billets, d&rsquo;excursions, d&rsquo;h\u00f4tels de conf\u00e9rence,&nbsp;<a href=\"https:\/\/viennatouristinformation.com\/fr\/voyage-groupe-vienne-allemagne\/\" style=\"outline: none;\" data-lt-tmp-id=\"lt-862522\" spellcheck=\"false\"><span style=\"font-size: 16px;\">de voyages de groupe<\/span><\/a>&nbsp;et r\u00e9servations de restaurants.&nbsp;<\/p>\n<h3 style=\"\">3. \u200bVoyages de groupe&nbsp;et MICE<\/h3>\n<p><strong>Votre partenaire pour des voyages de groupe sur mesure et des \u00e9v\u00e9nements :<\/strong><\/p>\n<ul>\n<li><strong><span>Voyages de groupe<\/span><\/strong><span>&nbsp;: Que vous organisiez une petite excursion ou un grand \u00e9v\u00e9nement, nous nous occupons de chaque d\u00e9tail.<\/span><\/li>\n<li><span><strong>Services M.I.C.E.<\/strong> : Nous vous accompagnons dans l\u2019organisation de r\u00e9unions, d\u2019incentives, de conf\u00e9rences et d\u2019\u00e9v\u00e9nements. En collaboration avec des fournisseurs locaux et des organisateurs de voyages internationaux, nous veillons \u00e0 ce que votre \u00e9v\u00e9nement \u00e0 Vienne soit un succ\u00e8s.<\/span><\/li>\n<\/ul>\n<h2 style=\"text-align: center;\">Contact pour d&rsquo;autres demandes<\/h2>\n<p style=\"text-align: center;\">Les demandes de coop\u00e9ration des m\u00e9dias, des voyagistes, des compagnies a\u00e9riennes, des m\u00e9dias, de la t\u00e9l\u00e9vision, des journaux et des entreprises peuvent \u00eatre effectu\u00e9es via notre formulaire de contact.&nbsp;<\/p>\n","protected":false},"excerpt":{"rendered":"<p>Vous planifiez un voyage \u00e0 Vienne? Contact de l&rsquo;office du tourisme de Vienne Notre \u00e9quipe d\u00e9di\u00e9e est l\u00e0 pour rendre votre voyage \u00e0 Vienne inoubliable. Que vous ayez besoin d\u2019informations, de faire des&nbsp;r\u00e9servations&nbsp;ou d&rsquo;un soutien pour les voyages de groupe et&nbsp;les \u00e9v\u00e9nements M.I.C.E., nous sommes l\u00e0 pour vous accompagner. Contact avec support@viennatouristinformation.com\/fr ou formulaire. Comment [&hellip;]<\/p>\n","protected":false},"author":17,"featured_media":3562,"parent":0,"menu_order":0,"comment_status":"closed","ping_status":"closed","template":"","meta":{"footnotes":""},"tags":[],"class_list":["post-126","page","type-page","status-publish","has-post-thumbnail","hentry","post-wrapper","thrv_wrapper"],"_links":{"self":[{"href":"https:\/\/viennatouristinformation.com\/fr\/wp-json\/wp\/v2\/pages\/126","targetHints":{"allow":["GET"]}}],"collection":[{"href":"https:\/\/viennatouristinformation.com\/fr\/wp-json\/wp\/v2\/pages"}],"about":[{"href":"https:\/\/viennatouristinformation.com\/fr\/wp-json\/wp\/v2\/types\/page"}],"author":[{"embeddable":true,"href":"https:\/\/viennatouristinformation.com\/fr\/wp-json\/wp\/v2\/users\/17"}],"replies":[{"embeddable":true,"href":"https:\/\/viennatouristinformation.com\/fr\/wp-json\/wp\/v2\/comments?post=126"}],"version-history":[{"count":0,"href":"https:\/\/viennatouristinformation.com\/fr\/wp-json\/wp\/v2\/pages\/126\/revisions"}],"wp:featuredmedia":[{"embeddable":true,"href":"https:\/\/viennatouristinformation.com\/fr\/wp-json\/wp\/v2\/media\/3562"}],"wp:attachment":[{"href":"https:\/\/viennatouristinformation.com\/fr\/wp-json\/wp\/v2\/media?parent=126"}],"wp:term":[{"taxonomy":"post_tag","embeddable":true,"href":"https:\/\/viennatouristinformation.com\/fr\/wp-json\/wp\/v2\/tags?post=126"}],"curies":[{"name":"wp","href":"https:\/\/api.w.org\/{rel}","templated":true}]}}