{"id":1262,"date":"2020-07-29T19:48:14","date_gmt":"2020-07-29T17:48:14","guid":{"rendered":"http:\/\/viennatouristinformation.com\/fr\/?page_id=1262"},"modified":"2023-06-02T09:55:02","modified_gmt":"2023-06-02T07:55:02","slug":"cafe","status":"publish","type":"page","link":"https:\/\/viennatouristinformation.com\/fr\/restaurants-a-vienne\/cafe\/","title":{"rendered":"10 Vrais caf\u00e9s viennois [avec de bonnes notes]"},"content":{"rendered":"<h2 id=\"t-1669283962252\" data-hide=\"true\">Viennese caf\u00e9 culture is a UNESCO World Heritage Site.<\/h2>\n<p>Voici une liste de caf\u00e9s viennois traditionnels, avec du caf\u00e9 et de la nourriture typiquement viennois.<\/p>\n<p>Notre recommandation est un Wiener Melange, un Einsp\u00e4nner ou un Franziskaner \u00e0 boire.<\/p>\n<p>Cela comprend un Sachertorte, un strudel aux pommes ou un Kaiserschmarrn.&nbsp;<\/p>\n<h2 id=\"t-1669283962253\">1. Caf\u00e9 Sacher<\/h2>\n<p>[tcb-script async=\u00a0\u00bb\u00a0\u00bb src=\u00a0\u00bb\/\/www.instagram.com\/embed.js\u00a0\u00bb][\/tcb-script]<\/p>\n<p>The famous Sachertorte was invented in 1832 when Prince Metternich commissioned his court kitchen to create a special dessert, but the chef fell ill and apprentice baker Franz Sacher had to take care of this task on short notice. He invented the Sachertorte, which was later perfected by his son Eduard Sacher.&nbsp;<\/p>\n<p>Apr\u00e8s cuisson, une p\u00e2te compos\u00e9e de beurre, sucre, \u0153ufs, chocolat, farine et vanille est divis\u00e9e au milieu, tartin\u00e9e de confiture d&rsquo;abricots et recouverte d&rsquo;un gla\u00e7age au chocolat. Le Caf\u00e9 Sacher traditionnel produit environ 300 000 g\u00e2teaux Sacher chaque ann\u00e9e, ce qui n\u00e9cessite 70 tonnes de confiture d&rsquo;abricot par an<\/p>\n<p>Le c\u00e9l\u00e8bre caf\u00e9 viennois avec son atmosph\u00e8re chic et \u00e9l\u00e9gante est situ\u00e9 juste en face de l&rsquo; <a href=\"https:\/\/viennatouristinformation.com\/fr\/choses-a-faire\/theatres\/opera-detat\/\" style=\"outline: none;\">Op\u00e9ra d&rsquo;\u00c9tat<\/a> .<\/p>\n<p><strong>Adresse :<\/strong> Philharmoniker Str. 4, A &#8211; 1010 Vienne<\/p>\n<h2 id=\"t-1669283962254\">2. Caf\u00e9 Imp\u00e9rial<\/h2>\n<blockquote data-instgrm-permalink=\"https:\/\/www.instagram.com\/p\/Bobt-fmnxTH\/?utm_source=ig_embed&amp;utm_campaign=loading\" data-instgrm-version=\"12\" style=\" background:#FFF; border:0; border-radius:3px; box-shadow:0 0 1px 0 rgba(0,0,0,0.5),0 1px 10px 0 rgba(0,0,0,0.15); margin: 1px; max-width:750px; min-width:326px; padding:0; width:99.375%; width:-webkit-calc(100% - 2px); width:calc(100% - 2px);\"><p> <a href=\"https:\/\/www.instagram.com\/p\/Bobt-fmnxTH\/?utm_source=ig_embed&amp;utm_campaign=loading\" style=\" background:#FFFFFF; line-height:0; padding:0 0; text-align:center; text-decoration:none; width:100%;\" target=\"_blank\" rel=\"noopener\">       Voir ce post sur Instagram            <\/a><\/p>\n<p style=\" color:#c9c8cd; font-family:Arial,sans-serif; font-size:14px; line-height:17px; margin-bottom:0; margin-top:8px; overflow:hidden; padding:8px 0 7px; text-align:center; text-overflow:ellipsis; white-space:nowrap;\"><a href=\"https:\/\/www.instagram.com\/p\/Bobt-fmnxTH\/?utm_source=ig_embed&amp;utm_campaign=loading\" style=\" color:#c9c8cd; font-family:Arial,sans-serif; font-size:14px; font-style:normal; font-weight:normal; line-height:17px; text-decoration:none;\" target=\"_blank\" rel=\"noopener\">Une publication partag\u00e9e par Noriki (@norynorykey)<\/a> (2 octobre 2018 \u00e0 18 h 53 HAP)<\/p>\n<\/blockquote>\n<p>[tcb-script async=\u00a0\u00bb\u00a0\u00bb src=\u00a0\u00bb\/\/www.instagram.com\/embed.js\u00a0\u00bb][\/tcb-script]<\/p>\n<p>Dans l&rsquo;imposant H\u00f4tel Imp\u00e9rial se trouve le Caf\u00e9 Imp\u00e9rial du m\u00eame nom, qui s&rsquo;int\u00e8gre parfaitement dans le d\u00e9cor avec son mobilier traditionnel, ses chaises Thonet et ses lustres. Le caf\u00e9 existe depuis 1873 et est un b\u00e2timent class\u00e9.<\/p>\n<p>Elle est connue pour la tarte imp\u00e9riale, qui a \u00e9t\u00e9 invent\u00e9e par le gar\u00e7on de cuisine Xaver Loibner en l&rsquo;honneur de l&#8217;empereur Fran\u00e7ois-Joseph Ier et dont la recette a toujours \u00e9t\u00e9 gard\u00e9e secr\u00e8te. Cependant, les amandes, le massepain et la cr\u00e8me au beurre au chocolat sont d\u00e9finitivement inclus.<\/p>\n<p><strong>Adresse :<\/strong> K\u00e4rntner Ring 16, A \u2013 1015 Vienne<\/p>\n<h2 id=\"t-1669283962255\">3. Caf\u00e9 Central<\/h2>\n<blockquote data-instgrm-permalink=\"https:\/\/www.instagram.com\/p\/CF6eifuAwpk\/?utm_source=ig_embed&amp;utm_campaign=loading\" data-instgrm-version=\"12\" style=\" background:#FFF; border:0; border-radius:3px; box-shadow:0 0 1px 0 rgba(0,0,0,0.5),0 1px 10px 0 rgba(0,0,0,0.15); margin: 1px; max-width:750px; min-width:326px; padding:0; width:99.375%; width:-webkit-calc(100% - 2px); width:calc(100% - 2px);\"><p> <a href=\"https:\/\/www.instagram.com\/p\/CF6eifuAwpk\/?utm_source=ig_embed&amp;utm_campaign=loading\" style=\" background:#FFFFFF; line-height:0; padding:0 0; text-align:center; text-decoration:none; width:100%;\" target=\"_blank\" rel=\"noopener\">       Voir ce post sur Instagram            <\/a><\/p>\n<p style=\" color:#c9c8cd; font-family:Arial,sans-serif; font-size:14px; line-height:17px; margin-bottom:0; margin-top:8px; overflow:hidden; padding:8px 0 7px; text-align:center; text-overflow:ellipsis; white-space:nowrap;\"><a href=\"https:\/\/www.instagram.com\/p\/CF6eifuAwpk\/?utm_source=ig_embed&amp;utm_campaign=loading\" style=\" color:#c9c8cd; font-family:Arial,sans-serif; font-size:14px; font-style:normal; font-weight:normal; line-height:17px; text-decoration:none;\" target=\"_blank\" rel=\"noopener\">Une publication partag\u00e9e par Enzo Fontana (@fontana_enzo87)<\/a> (4 octobre 2020, 12 h 45 HAP)<\/p>\n<\/blockquote>\n<p>[tcb-script async=\u00a0\u00bb\u00a0\u00bb src=\u00a0\u00bb\/\/www.instagram.com\/embed.js\u00a0\u00bb][\/tcb-script]<\/p>\n<p>Le caf\u00e9 viennois traditionnel Caf\u00e9 Central est situ\u00e9 dans le Palais Ferstel depuis 1896 et a \u00e9t\u00e9 pendant des d\u00e9cennies un lieu de rencontre pour les po\u00e8tes, les penseurs et les r\u00e9volutionnaires de la vieille Vienne. Sigmund Freud, Stefan Zweig, L\u00e9on Trotsky \u00e9taient souvent invit\u00e9s dans ce qui \u00e9tait alors le Literature Caf\u00e9. Les piliers et le plafond vo\u00fbt\u00e9 richement d\u00e9cor\u00e9 \u00e0 l&rsquo;int\u00e9rieur conf\u00e8rent au caf\u00e9 une atmosph\u00e8re unique. En \u00e9t\u00e9, vous pourrez vous asseoir dans le petit jardin devant le caf\u00e9. Le Caf\u00e9 Imperial est l&rsquo;un des caf\u00e9s les plus populaires de la ville.<\/p>\n<p><strong>Adresse :<\/strong> Herrengasse 14, A-1010 Vienne<\/p>\n<h2 id=\"t-1669283962256\">4. Demel K. u. K Hofzuckerb\u00e4cker<\/h2>\n<blockquote data-instgrm-permalink=\"https:\/\/www.instagram.com\/p\/B7f0HB-Kned\/?utm_source=ig_embed&amp;utm_campaign=loading\" data-instgrm-version=\"12\" style=\" background:#FFF; border:0; border-radius:3px; box-shadow:0 0 1px 0 rgba(0,0,0,0.5),0 1px 10px 0 rgba(0,0,0,0.15); margin: 1px; max-width:750px; min-width:326px; padding:0; width:99.375%; width:-webkit-calc(100% - 2px); width:calc(100% - 2px);\"><p> <a href=\"https:\/\/www.instagram.com\/p\/B7f0HB-Kned\/?utm_source=ig_embed&amp;utm_campaign=loading\" style=\" background:#FFFFFF; line-height:0; padding:0 0; text-align:center; text-decoration:none; width:100%;\" target=\"_blank\" rel=\"noopener\">       Voir ce post sur Instagram            <\/a><\/p>\n<p style=\" color:#c9c8cd; font-family:Arial,sans-serif; font-size:14px; line-height:17px; margin-bottom:0; margin-top:8px; overflow:hidden; padding:8px 0 7px; text-align:center; text-overflow:ellipsis; white-space:nowrap;\"><a href=\"https:\/\/www.instagram.com\/p\/B7f0HB-Kned\/?utm_source=ig_embed&amp;utm_campaign=loading\" style=\" color:#c9c8cd; font-family:Arial,sans-serif; font-size:14px; font-style:normal; font-weight:normal; line-height:17px; text-decoration:none;\" target=\"_blank\" rel=\"noopener\">Une publication partag\u00e9e par Demel KuK Hofzuckerb\u00e4ckerei (@demel_wien)<\/a> (19 octobre 2020, 02h00 HNP)<\/p>\n<\/blockquote>\n<p>[tcb-script async=\u00a0\u00bb\u00a0\u00bb src=\u00a0\u00bb\/\/www.instagram.com\/embed.js\u00a0\u00bb][\/tcb-script]<\/p>\n<p>Demel est l&rsquo;un des caf\u00e9s les plus c\u00e9l\u00e8bres de Vienne, et l&rsquo;entreprise d\u00e9tient toujours le titre de \u00ab\u00a0KuK Hofzuckerb\u00e4ckers\u00a0\u00bb, un confiseur de la cour imp\u00e9riale et royale. Demel a \u00e9t\u00e9 fond\u00e9e en 1786 par le confiseur Ludwig Dehne, dont le fils a vendu l&rsquo;entreprise \u00e0 son compagnon Christoph Demel en 1857.<\/p>\n<p>L&rsquo;int\u00e9rieur est traditionnellement con\u00e7u dans un style n\u00e9o-rococo, avec de l&rsquo;acajou et de grands miroirs d\u00e9finissant l&rsquo;ambiance. M\u00eame l&rsquo;imp\u00e9ratrice Elisabeth &#8211; Sissi &#8211; \u00e9tait invit\u00e9e ici. Le Demel est connu pour son strudel aux pommes, qui est fait \u00e0 la main. La p\u00e2te est si fine qu&rsquo;on peut lire le journal \u00e0 travers.<\/p>\n<p><strong>Adresse :<\/strong> Kohlmarkt 14, A \u2013 1010 Vienne<\/p>\n<h2 id=\"t-1669283962257\">5. Caf\u00e9 Landtmann<\/h2>\n<blockquote data-instgrm-permalink=\"https:\/\/www.instagram.com\/p\/CF9b8f0jEo8\/?utm_source=ig_embed&amp;utm_campaign=loading\" data-instgrm-version=\"12\" style=\" background:#FFF; border:0; border-radius:3px; box-shadow:0 0 1px 0 rgba(0,0,0,0.5),0 1px 10px 0 rgba(0,0,0,0.15); margin: 1px; max-width:750px; min-width:326px; padding:0; width:99.375%; width:-webkit-calc(100% - 2px); width:calc(100% - 2px);\"><p> <a href=\"https:\/\/www.instagram.com\/p\/CF9b8f0jEo8\/?utm_source=ig_embed&amp;utm_campaign=loading\" style=\" background:#FFFFFF; line-height:0; padding:0 0; text-align:center; text-decoration:none; width:100%;\" target=\"_blank\" rel=\"noopener\">       Voir ce post sur Instagram            <\/a><\/p>\n<p style=\" color:#c9c8cd; font-family:Arial,sans-serif; font-size:14px; line-height:17px; margin-bottom:0; margin-top:8px; overflow:hidden; padding:8px 0 7px; text-align:center; text-overflow:ellipsis; white-space:nowrap;\"><a href=\"https:\/\/www.instagram.com\/p\/CF9b8f0jEo8\/?utm_source=ig_embed&amp;utm_campaign=loading\" style=\" color:#c9c8cd; font-family:Arial,sans-serif; font-size:14px; font-style:normal; font-weight:normal; line-height:17px; text-decoration:none;\" target=\"_blank\" rel=\"noopener\">Une publication partag\u00e9e par KAWAI MARI (@kawai.mar)<\/a> (5 octobre 2020, 16 h 20 HAP)<\/p>\n<\/blockquote>\n<p>[tcb-script async=\u00a0\u00bb\u00a0\u00bb src=\u00a0\u00bb\/\/www.instagram.com\/embed.js\u00a0\u00bb][\/tcb-script]<\/p>\n<p>Le 1er octobre 1873, Franz Landtmann ouvrit le Kaffee et d\u00e8s le d\u00e9but ce devait \u00eatre le meilleur de la ville. Il en est toujours ainsi \u00e0 ce jour, le Landtmann class\u00e9 est le caf\u00e9 le plus \u00e9l\u00e9gant de Vienne. L&rsquo;ambiance cosy et styl\u00e9e est soulign\u00e9e par des fauteuils Thonet de l&rsquo;\u00e9poque imp\u00e9riale et des miroirs dor\u00e9s des ann\u00e9es 20.<\/p>\n<p>En raison de sa proximit\u00e9 avec le <a href=\"https:\/\/viennatouristinformation.com\/fr\/choses-a-faire\/theatres\/theatre-du-burg\/\" style=\"outline: none;\">Burgtheater<\/a> , l&rsquo;h\u00f4tel de ville et la Chancellerie f\u00e9d\u00e9rale, le caf\u00e9 est fr\u00e9quent\u00e9 par des acteurs, des politiciens, des fonctionnaires et des journalistes, et des conf\u00e9rences de presse y sont souvent organis\u00e9es.&nbsp;<\/p>\n<p>Sp\u00e9cialit\u00e9s de caf\u00e9, p\u00e2tisseries, g\u00e2teaux et plats de la <a href=\"https:\/\/viennatouristinformation.com\/fr\/restaurants-vienne\/cuisine-viennoise\/\" style=\"outline: none;\">cuisine viennoise<\/a> sont au menu.<\/p>\n<p><strong>Adresse :<\/strong> Universit\u00e4tsring 4 \u2013 1010 Vienne<\/p>\n<h2 id=\"t-1669283962258\">6. Caf\u00e9 Hawelka<\/h2>\n<blockquote data-instgrm-permalink=\"https:\/\/www.instagram.com\/p\/BvZHDSVAmTw\/?utm_source=ig_embed&amp;utm_campaign=loading\" data-instgrm-version=\"12\" style=\" background:#FFF; border:0; border-radius:3px; box-shadow:0 0 1px 0 rgba(0,0,0,0.5),0 1px 10px 0 rgba(0,0,0,0.15); margin: 1px; max-width:750px; min-width:326px; padding:0; width:99.375%; width:-webkit-calc(100% - 2px); width:calc(100% - 2px);\"><p> <a href=\"https:\/\/www.instagram.com\/p\/BvZHDSVAmTw\/?utm_source=ig_embed&amp;utm_campaign=loading\" style=\" background:#FFFFFF; line-height:0; padding:0 0; text-align:center; text-decoration:none; width:100%;\" target=\"_blank\" rel=\"noopener\">       Voir ce post sur Instagram            <\/a><\/p>\n<p style=\" color:#c9c8cd; font-family:Arial,sans-serif; font-size:14px; line-height:17px; margin-bottom:0; margin-top:8px; overflow:hidden; padding:8px 0 7px; text-align:center; text-overflow:ellipsis; white-space:nowrap;\"><a href=\"https:\/\/www.instagram.com\/p\/BvZHDSVAmTw\/?utm_source=ig_embed&amp;utm_campaign=loading\" style=\" color:#c9c8cd; font-family:Arial,sans-serif; font-size:14px; font-style:normal; font-weight:normal; line-height:17px; text-decoration:none;\" target=\"_blank\" rel=\"noopener\">Vous ne mangez pas&nbsp;?&nbsp;! Un message de (@dontyoueatcom)<\/a> (24 mars 2019, 6 h 14 HAP)<\/p>\n<\/blockquote>\n<p>[tcb-script async=\u00a0\u00bb\u00a0\u00bb src=\u00a0\u00bb\/\/www.instagram.com\/embed.js\u00a0\u00bb][\/tcb-script]<\/p>\n<p>Le Caf\u00e9 Hawelka a \u00e9t\u00e9 ouvert en 1939 par L\u00e9opold Hawelka. La d\u00e9coration est traditionnelle, on dit qu&rsquo;elle n&rsquo;a pas \u00e9t\u00e9 r\u00e9nov\u00e9e depuis son ouverture. Le caf\u00e9 est un point de rencontre bien connu de la sc\u00e8ne artistique viennoise et l&rsquo;atmosph\u00e8re \u00e9tait caract\u00e9ris\u00e9e par des artistes et des individualistes, en particulier dans les ann\u00e9es 1960 et 1970.<\/p>\n<p>La sp\u00e9cialit\u00e9 de Hawelka est les petits pains, qui sont pr\u00e9par\u00e9s selon une recette boh\u00e9mienne originale. Les Buchteln sont des boulettes de levure sucr\u00e9es et fourr\u00e9es.<\/p>\n<p><strong>Adresse :<\/strong> Dorotheergasse 6, A \u2013 1010 Vienne<\/p>\n<h2 id=\"t-1669283962259\">7. Gerstner K. u. K. Hofzuckerb\u00e4cker<\/h2>\n<blockquote data-instgrm-permalink=\"https:\/\/www.instagram.com\/p\/B5xVfdIDC9N\/?utm_source=ig_embed&amp;utm_campaign=loading\" data-instgrm-version=\"12\" style=\" background:#FFF; border:0; border-radius:3px; box-shadow:0 0 1px 0 rgba(0,0,0,0.5),0 1px 10px 0 rgba(0,0,0,0.15); margin: 1px; max-width:750px; min-width:326px; padding:0; width:99.375%; width:-webkit-calc(100% - 2px); width:calc(100% - 2px);\"><p> <a href=\"https:\/\/www.instagram.com\/p\/B5xVfdIDC9N\/?utm_source=ig_embed&amp;utm_campaign=loading\" style=\" background:#FFFFFF; line-height:0; padding:0 0; text-align:center; text-decoration:none; width:100%;\" target=\"_blank\" rel=\"noopener\">       Voir ce post sur Instagram            <\/a><\/p>\n<p style=\" color:#c9c8cd; font-family:Arial,sans-serif; font-size:14px; line-height:17px; margin-bottom:0; margin-top:8px; overflow:hidden; padding:8px 0 7px; text-align:center; text-overflow:ellipsis; white-space:nowrap;\"><a href=\"https:\/\/www.instagram.com\/p\/B5xVfdIDC9N\/?utm_source=ig_embed&amp;utm_campaign=loading\" style=\" color:#c9c8cd; font-family:Arial,sans-serif; font-size:14px; font-style:normal; font-weight:normal; line-height:17px; text-decoration:none;\" target=\"_blank\" rel=\"noopener\"><img class=\"lazyload\" decoding=\"async\" role=\"img\" alt=\"\u2696\ufe0f\" src=\"data:image\/gif;base64,R0lGODlhAQABAIAAAAAAAP\/\/\/yH5BAEAAAAALAAAAAABAAEAAAIBRAA7\" data-src=\"https:\/\/s.w.org\/images\/core\/emoji\/13.0.1\/svg\/2696.svg\" data-pin-media=\"https:\/\/viennatouristinformation.com\/fr\/wp-content\/uploads\/2021\/01\/wien_pinterest_10_kaffehaeuser-2.jpg\" data-pin-description=\"10 echte Wiener Kaffeeh\u00e4user [mit guten Bewertungen]\" data-pin-url=\"https:\/\/viennatouristinformation.com\/fr\/essen\/kaffeehauser\/?tve=true&amp;tcbf=f32feeee42\"><noscript><img class=\"lazyload\" decoding=\"async\" role=\"img\" alt=\"\u2696\ufe0f\" src=\"https:\/\/s.w.org\/images\/core\/emoji\/13.0.1\/svg\/2696.svg\" data-pin-media=\"https:\/\/viennatouristinformation.com\/fr\/wp-content\/uploads\/2021\/01\/wien_pinterest_10_kaffehaeuser-2.jpg\" data-pin-description=\"10 echte Wiener Kaffeeh\u00e4user [mit guten Bewertungen]\" data-pin-url=\"https:\/\/viennatouristinformation.com\/fr\/essen\/kaffeehauser\/?tve=true&amp;tcbf=f32feeee42\"><\/noscript>Un message de (@fvkhroo)<\/a> (7 avril 2019, 16 h 16 HNP)<\/p>\n<\/blockquote>\n<p>[tcb-script async=\u00a0\u00bb\u00a0\u00bb src=\u00a0\u00bb\/\/www.instagram.com\/embed.js\u00a0\u00bb][\/tcb-script]<\/p>\n<p>Le Caf\u00e9 Gerstner K. u. K. est situ\u00e9 juste \u00e0 c\u00f4t\u00e9 de l&rsquo;Op\u00e9ra national de Vienne dans le Palais Todesco. L&rsquo;ambiance traditionnelle est soulign\u00e9e par des peintures historiques au plafond, des boiseries dor\u00e9es et des chemin\u00e9es.<\/p>\n<p>Un grand escalier en colima\u00e7on courbe m\u00e8ne de la boutique du rez-de-chauss\u00e9e au premier \u00e9tage, o\u00f9 vous pourrez profiter de la vue sur <a href=\"https:\/\/viennatouristinformation.com\/fr\/choses-a-faire\/theatres\/opera-detat\/\">l&rsquo;Op\u00e9ra national de Vienne<\/a> dans une ambiance de salon.&nbsp;Une cuisine viennoise est servie au deuxi\u00e8me \u00e9tage. En \u00e9t\u00e9, vous pourrez vous asseoir dans le jardin de la cour int\u00e9rieure couverte de palmiers. Le caf\u00e9 est connu pour ses p\u00e2tisseries artisanales.<\/p>\n<p><strong>Adresse :<\/strong> K\u00e4rntner Strasse 51, A \u2013 Vienne<\/p>\n<h2 id=\"t-1669283962260\">8. Caf\u00e9 Sperl<\/h2>\n<blockquote data-instgrm-permalink=\"https:\/\/www.instagram.com\/p\/CFh9EldpqXv\/?utm_source=ig_embed&amp;utm_campaign=loading\" data-instgrm-version=\"12\" style=\" background:#FFF; border:0; border-radius:3px; box-shadow:0 0 1px 0 rgba(0,0,0,0.5),0 1px 10px 0 rgba(0,0,0,0.15); margin: 1px; max-width:750px; min-width:326px; padding:0; width:99.375%; width:-webkit-calc(100% - 2px); width:calc(100% - 2px);\"><p> <a href=\"https:\/\/www.instagram.com\/p\/CFh9EldpqXv\/?utm_source=ig_embed&amp;utm_campaign=loading\" style=\" background:#FFFFFF; line-height:0; padding:0 0; text-align:center; text-decoration:none; width:100%;\" target=\"_blank\" rel=\"noopener\">       Voir ce post sur Instagram            <\/a><\/p>\n<p style=\" color:#c9c8cd; font-family:Arial,sans-serif; font-size:14px; line-height:17px; margin-bottom:0; margin-top:8px; overflow:hidden; padding:8px 0 7px; text-align:center; text-overflow:ellipsis; white-space:nowrap;\"><a href=\"https:\/\/www.instagram.com\/p\/CFh9EldpqXv\/?utm_source=ig_embed&amp;utm_campaign=loading\" style=\" color:#c9c8cd; font-family:Arial,sans-serif; font-size:14px; font-style:normal; font-weight:normal; line-height:17px; text-decoration:none;\" target=\"_blank\" rel=\"noopener\">Une publication partag\u00e9e par Lucia Malla (@luciamalla)<\/a> (24 juillet 2020, 12:11\u00f6s PDT)<\/p>\n<\/blockquote>\n<p>[tcb-script async=\u00a0\u00bb\u00a0\u00bb src=\u00a0\u00bb\/\/www.instagram.com\/embed.js\u00a0\u00bb][\/tcb-script]<\/p>\n<p>Fond\u00e9 en 1880, le Caf\u00e9 Sperl pr\u00e8s du <a href=\"https:\/\/viennatouristinformation.com\/fr\/choses-a-faire\/attractions\/naschmarkt\/\">Naschmarkt <\/a>est consid\u00e9r\u00e9 comme un tuyau d&rsquo;initi\u00e9 pour les habitants, il a longtemps \u00e9t\u00e9 connu comme un artiste et un caf\u00e9 militaire.&nbsp;Aujourd&rsquo;hui, de nombreux \u00e9crivains et artistes y sont repr\u00e9sent\u00e9s et ont leur table d&rsquo;habitu\u00e9s \u00e0 la Sperl. Le caf\u00e9 a \u00e9t\u00e9 enti\u00e8rement r\u00e9nov\u00e9 dans les ann\u00e9es 1970, en pr\u00e9servant l&rsquo;atmosph\u00e8re traditionnelle.<\/p>\n<p>Un grand choix de journaux quotidiens est disponible et si le c\u0153ur vous en dit, vous pourrez tenter votre chance \u00e0 l&rsquo;une des trois tables de billard. Le piano est jou\u00e9 le dimanche et en \u00e9t\u00e9, vous pouvez vous asseoir dans le jardin devant le caf\u00e9. Le caf\u00e9 est connu pour sa cuisine viennoise originale et pour ses p\u00e2tisseries maison quotidiennes.<\/p>\n<p><strong>Adresse :<\/strong> Gumpendorfer Strasse 11, A \u2013 1060 Vienne<\/p>\n<h2 id=\"t-1669283962261\">9. Caf\u00e9 Schwarzenberg<\/h2>\n<blockquote data-instgrm-permalink=\"https:\/\/www.instagram.com\/p\/CDs6OYbiD3i\/?utm_source=ig_embed&amp;utm_campaign=loading\" data-instgrm-version=\"12\" style=\" background:#FFF; border:0; border-radius:3px; box-shadow:0 0 1px 0 rgba(0,0,0,0.5),0 1px 10px 0 rgba(0,0,0,0.15); margin: 1px; max-width:750px; min-width:326px; padding:0; width:99.375%; width:-webkit-calc(100% - 2px); width:calc(100% - 2px);\"><p> <a href=\"https:\/\/www.instagram.com\/p\/CDs6OYbiD3i\/?utm_source=ig_embed&amp;utm_campaign=loading\" style=\" background:#FFFFFF; line-height:0; padding:0 0; text-align:center; text-decoration:none; width:100%;\" target=\"_blank\" rel=\"noopener\">       Voir ce post sur Instagram            <\/a><\/p>\n<p style=\" color:#c9c8cd; font-family:Arial,sans-serif; font-size:14px; line-height:17px; margin-bottom:0; margin-top:8px; overflow:hidden; padding:8px 0 7px; text-align:center; text-overflow:ellipsis; white-space:nowrap;\"><a href=\"https:\/\/www.instagram.com\/p\/CDs6OYbiD3i\/?utm_source=ig_embed&amp;utm_campaign=loading\" style=\" color:#c9c8cd; font-family:Arial,sans-serif; font-size:14px; font-style:normal; font-weight:normal; line-height:17px; text-decoration:none;\" target=\"_blank\" rel=\"noopener\">Une publication partag\u00e9e par Caf\u00e9 Schwarzenberg (@cafeschwarzenberg)<\/a> (10 ao\u00fbt 2020 \u00e0 13 h 15 HAP)<\/p>\n<\/blockquote>\n<p>[tcb-script async=\u00a0\u00bb\u00a0\u00bb src=\u00a0\u00bb\/\/www.instagram.com\/embed.js\u00a0\u00bb][\/tcb-script]<\/p>\n<p>Depuis son ouverture au XIXe si\u00e8cle, le Caf\u00e9 Schwarzenberg n&rsquo;attire pas des artistes et des \u00e9crivains, mais des personnalit\u00e9s du monde des affaires. L&rsquo;int\u00e9rieur du plus ancien caf\u00e9 Ringstrasse de Vienne est tr\u00e8s traditionnel. Le bois pr\u00e9cieux, les miroirs muraux sur toute la longueur, les petits carreaux sur le haut plafond vo\u00fbt\u00e9 et les imposants lustres Art D\u00e9co, ainsi que les fauteuils en cuir semi-circulaires et le sol en pierre, conf\u00e8rent une atmosph\u00e8re \u00e9l\u00e9gante.<\/p>\n<p>Le caf\u00e9 est particuli\u00e8rement populaire aupr\u00e8s des touristes. Vernissages, concerts ou lectures sont souvent organis\u00e9s. La carte propose des viennoiseries fra\u00eeches du jour ainsi que diverses sp\u00e9cialit\u00e9s viennoises.<\/p>\n<p><strong>Adresse :<\/strong> K\u00e4rntner Ring 17, A \u2013 1010 Vienne<\/p>\n<h2 id=\"t-1669283962262\">10. Caf\u00e9 Frauenhuber<\/h2>\n<blockquote data-instgrm-permalink=\"https:\/\/www.instagram.com\/p\/B0YMgt4ICZW\/?utm_source=ig_embed&amp;utm_campaign=loading\" data-instgrm-version=\"12\" style=\" background:#FFF; border:0; border-radius:3px; box-shadow:0 0 1px 0 rgba(0,0,0,0.5),0 1px 10px 0 rgba(0,0,0,0.15); margin: 1px; max-width:750px; min-width:326px; padding:0; width:99.375%; width:-webkit-calc(100% - 2px); width:calc(100% - 2px);\"><p> <a href=\"https:\/\/www.instagram.com\/p\/B0YMgt4ICZW\/?utm_source=ig_embed&amp;utm_campaign=loading\" style=\" background:#FFFFFF; line-height:0; padding:0 0; text-align:center; text-decoration:none; width:100%;\" target=\"_blank\" rel=\"noopener\">       Voir ce post sur Instagram            <\/a><\/p>\n<p style=\" color:#c9c8cd; font-family:Arial,sans-serif; font-size:14px; line-height:17px; margin-bottom:0; margin-top:8px; overflow:hidden; padding:8px 0 7px; text-align:center; text-overflow:ellipsis; white-space:nowrap;\"><a href=\"https:\/\/www.instagram.com\/p\/B0YMgt4ICZW\/?utm_source=ig_embed&amp;utm_campaign=loading\" style=\" color:#c9c8cd; font-family:Arial,sans-serif; font-size:14px; font-style:normal; font-weight:normal; line-height:17px; text-decoration:none;\" target=\"_blank\" rel=\"noopener\">Une publication partag\u00e9e par Cafe Frauenhuber (@cafefrauenhuber)<\/a> (26&nbsp;membre&nbsp;2019, 4:19\u00f6\u00f6 PDT)<\/p>\n<\/blockquote>\n<p>[tcb-script async=\u00a0\u00bb\u00a0\u00bb src=\u00a0\u00bb\/\/www.instagram.com\/embed.js\u00a0\u00bb][\/tcb-script]<\/p>\n<p>Le b\u00e2timent dans lequel se trouve le caf\u00e9 traditionnel Frauenhuber date de 1746. Wolfgang Amadeus Mozart et Ludwig van Beethoven ont personnellement jou\u00e9 de la musique de table pour les invit\u00e9s en novembre 1788.<\/p>\n<p>Le caf\u00e9 est g\u00e9r\u00e9 sous le nom de Frauenhuber depuis 1891. C&rsquo;est l&rsquo;un des plus anciens de son genre \u00e0 Vienne et est consid\u00e9r\u00e9 comme le plus ancien caf\u00e9 encore exploit\u00e9 en permanence comme caf\u00e9 viennois. En \u00e9t\u00e9, des chaises sont install\u00e9es devant le caf\u00e9.<\/p>\n<p><strong>Adresse :<\/strong> Himmelpfortgasse 6, A \u2013 1010 Vienne<\/p>\n<p style=\"text-align: center;\"><a href=\"https:\/\/www.google.com\/maps\/d\/u\/1\/viewer?hl=en&amp;mid=1nEyFn-tVC2RuDvKwVGR22nYcsTgnledX&amp;ll=48.20569008490316%2C16.367441250000006&amp;z=16\" target=\"_blank\" rel=\"noopener\">(lien vers la carte)<\/a><\/p>\n","protected":false},"excerpt":{"rendered":"<p>Viennese caf\u00e9 culture is a UNESCO World Heritage Site. Voici une liste de caf\u00e9s viennois traditionnels, avec du caf\u00e9 et de la nourriture typiquement viennois. Notre recommandation est un Wiener Melange, un Einsp\u00e4nner ou un Franziskaner \u00e0 boire. Cela comprend un Sachertorte, un strudel aux pommes ou un Kaiserschmarrn.&nbsp; 1. Caf\u00e9 Sacher [tcb-script async=\u00a0\u00bb\u00a0\u00bb src=\u00a0\u00bb\/\/www.instagram.com\/embed.js\u00a0\u00bb][\/tcb-script] [&hellip;]<\/p>\n","protected":false},"author":17,"featured_media":2278,"parent":1467,"menu_order":0,"comment_status":"closed","ping_status":"closed","template":"","meta":{"footnotes":""},"tags":[],"class_list":["post-1262","page","type-page","status-publish","has-post-thumbnail","hentry","post-wrapper","thrv_wrapper"],"_links":{"self":[{"href":"https:\/\/viennatouristinformation.com\/fr\/wp-json\/wp\/v2\/pages\/1262","targetHints":{"allow":["GET"]}}],"collection":[{"href":"https:\/\/viennatouristinformation.com\/fr\/wp-json\/wp\/v2\/pages"}],"about":[{"href":"https:\/\/viennatouristinformation.com\/fr\/wp-json\/wp\/v2\/types\/page"}],"author":[{"embeddable":true,"href":"https:\/\/viennatouristinformation.com\/fr\/wp-json\/wp\/v2\/users\/17"}],"replies":[{"embeddable":true,"href":"https:\/\/viennatouristinformation.com\/fr\/wp-json\/wp\/v2\/comments?post=1262"}],"version-history":[{"count":0,"href":"https:\/\/viennatouristinformation.com\/fr\/wp-json\/wp\/v2\/pages\/1262\/revisions"}],"up":[{"embeddable":true,"href":"https:\/\/viennatouristinformation.com\/fr\/wp-json\/wp\/v2\/pages\/1467"}],"wp:featuredmedia":[{"embeddable":true,"href":"https:\/\/viennatouristinformation.com\/fr\/wp-json\/wp\/v2\/media\/2278"}],"wp:attachment":[{"href":"https:\/\/viennatouristinformation.com\/fr\/wp-json\/wp\/v2\/media?parent=1262"}],"wp:term":[{"taxonomy":"post_tag","embeddable":true,"href":"https:\/\/viennatouristinformation.com\/fr\/wp-json\/wp\/v2\/tags?post=1262"}],"curies":[{"name":"wp","href":"https:\/\/api.w.org\/{rel}","templated":true}]}}