{"id":1276,"date":"2020-07-29T20:13:41","date_gmt":"2020-07-29T18:13:41","guid":{"rendered":"http:\/\/viennatouristinformation.com\/fr\/?page_id=1276"},"modified":"2023-06-14T11:53:50","modified_gmt":"2023-06-14T09:53:50","slug":"parc-relais","status":"publish","type":"page","link":"https:\/\/viennatouristinformation.com\/fr\/organisez-votre-voyage-a-vienne\/arrivee\/parc-relais\/","title":{"rendered":"Parc Relais \u00e0 Vienne (Stationnement)"},"content":{"rendered":"<h2 id=\"t-1669281158323\" data-hide=\"true\">Il y a aussi peu de places de parking qu&rsquo;il y a de sites touristiques \u00e0 Vienne.<\/h2>\n<p>Afin que vous puissiez toujours trouver facilement une place, nous avons cr\u00e9\u00e9 l&rsquo;aper\u00e7u suivant pour .<\/p>\n<p style=\"\"><strong>Autres articles recommand\u00e9s :<\/strong><\/p>\n<ul>\n<li><a href=\"https:\/\/viennatouristinformation.com\/fr\/choses-a-faire\/top-10\/\" style=\"outline: none;\">Les 10 meilleures choses \u00e0 faire \u00e0 Vienne<\/a><\/li>\n<li><a href=\"https:\/\/viennatouristinformation.com\/fr\/hotels\/\" style=\"outline: none;\">Les meilleurs h\u00f4tels recommand\u00e9s \u00e0 Vienne<\/a><\/li>\n<li><a href=\"https:\/\/viennatouristinformation.com\/fr\/choses-a-faire\/attractions\/\" style=\"outline: none;\">Attractions exceptionnelles \u00e0 Vienne<\/a><\/li>\n<li><a href=\"https:\/\/viennatouristinformation.com\/fr\/restaurants-a-vienne\/\">Meilleurs restaurants \u00e0 Vienne<\/a><\/li>\n<li><a href=\"https:\/\/viennatouristinformation.com\/fr\/shopping\/\">Shopping \u00e0 Vienne<\/a><\/li>\n<li><a href=\"https:\/\/viennatouristinformation.com\/fr\/organisez-votre-voyage-a-vienne\/transports-en-commun-a-vienne\/\">Transport en commun \u00e0 Vienne<\/a><\/li>\n<\/ul>\n<h2 id=\"t-1669281158324\" style=\"\">Parkings Park and Ride (ouverts 24h\/24)<\/h2>\n<p><span><img class=\"lazyload\" decoding=\"async\" alt=\"\" data-id=\"4216\" width=\"898\" data-init-width=\"1000\" height=\"605\" data-init-height=\"674\" title=\"Panorama,?f,Vienna.,Austria\" loading=\"lazy\" src=\"data:image\/gif;base64,R0lGODlhAQABAIAAAAAAAP\/\/\/yH5BAEAAAAALAAAAAABAAEAAAIBRAA7\" data-src=\"\/\/viennatouristinformation.com\/fr\/wp-content\/uploads\/2022\/12\/park-and-ride-vienna-Austria2.jpg\" data-width=\"898\" data-height=\"605\" data-pin-media=\"https:\/\/viennatouristinformation.com\/fr\/wp-content\/uploads\/2021\/02\/prag_50_sehenswuerdigkeiten_pinterest-7.jpg\" data-pin-description=\"Park and Ride in Wien\" data-pin-url=\"https:\/\/viennatouristinformation.com\/fr\/organisez-votre-voyage-a-vienne\/arrivee\/parc-relais\/?tve=true&amp;tcbf=0585a8613a\" data-pinpro-key=\"tcaflmpu3\" style=\"aspect-ratio: auto 1000 \/ 674;\"><noscript><img class=\"lazyload\" decoding=\"async\" alt=\"\" data-id=\"4216\" width=\"898\" data-init-width=\"1000\" height=\"605\" data-init-height=\"674\" title=\"Panorama,?f,Vienna.,Austria\" loading=\"lazy\" src=\"\/\/viennatouristinformation.com\/fr\/wp-content\/uploads\/2022\/12\/park-and-ride-vienna-Austria2.jpg\" data-width=\"898\" data-height=\"605\" data-pin-media=\"https:\/\/viennatouristinformation.com\/fr\/wp-content\/uploads\/2021\/02\/prag_50_sehenswuerdigkeiten_pinterest-7.jpg\" data-pin-description=\"Park and Ride in Wien\" data-pin-url=\"https:\/\/viennatouristinformation.com\/fr\/organisez-votre-voyage-a-vienne\/arrivee\/parc-relais\/?tve=true&amp;tcbf=0585a8613a\" data-pinpro-key=\"tcaflmpu3\" style=\"aspect-ratio: auto 1000 \/ 674;\"><\/noscript><\/span><\/p>\n<p>\u00c0 la p\u00e9riph\u00e9rie de Vienne, il y a des installations Park &amp; Ride ouvertes 24h \/ 24.<\/p>\n<p>Vous \u00eates reli\u00e9 \u00e0 tous les quartiers de Vienne par les transports en commun.<\/p>\n<h2 id=\"t-1669281158325\">Ceux-ci incluent les garages Park &amp; Ride suivants:<\/h2>\n<ul>\n<li>3e arrondissement : Erdberg (U3)<\/li>\n<li>9. arrondissement : Spittelau (U4\/U6)<\/li>\n<li>14e arrondissement : H\u00fctteldorf (U4) (fin de Westautobahn, en venant de Salzbourg et d&rsquo;Allemagne)<\/li>\n<li>16e arrondissement : Ottakring (U3)<\/li>\n<li>21e arrondissement : Aderklaaer Strasse (U1)<\/li>\n<li>21e arrondissement : L\u00e9opoldau (U1)<\/li>\n<li>22\u00e8me arrondissement : Donaustadtbr\u00fccke (U2)<\/li>\n<li>23e arrondissement : Siebenhirten (U6)<\/li>\n<li>23e arrondissement : Liesing (S1)<\/li>\n<li>23. arrondissement : Perfektastra\u00dfe (U6)<\/li>\n<\/ul>\n<h2 id=\"t-1669281158326\">Parkings couverts en centre-ville (ouverts 24h\/24)<\/h2>\n<p>Il existe des parkings payants \u00e0 plusieurs \u00e9tages dans toute la ville, dont beaucoup se trouvent \u00e0 proximit\u00e9 des gares, des attractions touristiques ou des centres commerciaux. Les prix commencent \u00e0 2,00 euros de l&rsquo;heure et peuvent aller jusqu&rsquo;\u00e0 4,80 euros de l&rsquo;heure.<\/p>\n<p>Ces parkings du centre-ville sont ouverts 24h\/24 :<\/p>\n<ul>\n<li>1er arrondissement : Freyung<\/li>\n<li>1. arrondissement : Weihburggasse<\/li>\n<li>1er Arrondissement : Am Morzinplatz (Franz-Josefs-Kai)<\/li>\n<li>1er Arrondissement : Parc de l&rsquo;H\u00f4tel de Ville (Ring \/ Stadiongasse)<\/li>\n<li>1er arrondissement : Operngarage (K\u00e4rntner Stra\u00dfe 51)<\/li>\n<li>1er Arrondissement : Am Hof<\/li>\n<li>1er arrondissement : Beethovenplatz 3<\/li>\n<li>1er Arrondissement : Cobdengasse 2<\/li>\n<li>3\u00e8me arrondissement : Landstrasser Hauptstrasse \/ Seidlgasse<\/li>\n<li>4\u00e8me arrondissement : S\u00fcdbahnhof (Wiedner Guertel)<\/li>\n<li>5\u00e8me arrondissement : Am Hundsturm 1<\/li>\n<li>6. arrondissement : Windm\u00fchlgasse 22 \u2013 24<\/li>\n<li>7\u00e8me arrondissement : Stiftgasse 5 &#8211; 9<\/li>\n<li>8\u00e8me arrondissement : Trautsongasse 4<\/li>\n<li>9e arrondissement : W\u00e4hringer Gurtel 18 &#8211; 20<\/li>\n<li>15e arrondissement : Westbahnhof (Felberstra\u00dfe)<\/li>\n<li>20. arrondissement : Wehlistra\u00dfe 23<\/li>\n<\/ul>\n<h2 id=\"t-1669281158327\">Carte avec plus de parkings<\/h2>\n<h2 id=\"t-1669281158328\">Co\u00fbt du Park and Ride \u00e0 Vienne<\/h2>\n<ul>\n<li>Ticket horaire : \u00e0 partir de 1,20 euros<\/li>\n<li>Ticket journ\u00e9e : \u00e0 partir de 3,60 euros<\/li>\n<li>Forfait semaine : \u00e0 partir de 18,30 euros<\/li>\n<li>Abonnement mensuel : \u00e0 partir de 67,90 euros<\/li>\n<\/ul>\n<p>Les prix exacts d\u00e9pendent du parking choisi \u00e0 Vienne.<\/p>\n<h2 id=\"t-1669281158329\" style=\"\">Billets pour les transports en commun<\/h2>\n<p><span><img class=\"lazyload\" decoding=\"async\" alt=\"\" data-id=\"4214\" width=\"898\" data-init-width=\"1000\" height=\"599\" data-init-height=\"667\" title=\"Subway,Across,Water,Channel,With,Zollamtssteg,Bridge,In,Vienna\" loading=\"lazy\" src=\"data:image\/gif;base64,R0lGODlhAQABAIAAAAAAAP\/\/\/yH5BAEAAAAALAAAAAABAAEAAAIBRAA7\" data-src=\"\/\/viennatouristinformation.com\/fr\/wp-content\/uploads\/2022\/12\/park-and-ride-vienna-Austria.jpg\" data-width=\"898\" data-height=\"599\" data-pin-media=\"https:\/\/viennatouristinformation.com\/fr\/wp-content\/uploads\/2021\/02\/prag_50_sehenswuerdigkeiten_pinterest-7.jpg\" data-pin-description=\"Park and Ride in Wien\" data-pin-url=\"https:\/\/viennatouristinformation.com\/fr\/organisez-votre-voyage-a-vienne\/arrivee\/parc-relais\/?tve=true&amp;tcbf=0585a8613a\" data-pinpro-key=\"o0j63k3d3\" style=\"aspect-ratio: auto 1000 \/ 667;\"><noscript><img class=\"lazyload\" decoding=\"async\" alt=\"\" data-id=\"4214\" width=\"898\" data-init-width=\"1000\" height=\"599\" data-init-height=\"667\" title=\"Subway,Across,Water,Channel,With,Zollamtssteg,Bridge,In,Vienna\" loading=\"lazy\" src=\"\/\/viennatouristinformation.com\/fr\/wp-content\/uploads\/2022\/12\/park-and-ride-vienna-Austria.jpg\" data-width=\"898\" data-height=\"599\" data-pin-media=\"https:\/\/viennatouristinformation.com\/fr\/wp-content\/uploads\/2021\/02\/prag_50_sehenswuerdigkeiten_pinterest-7.jpg\" data-pin-description=\"Park and Ride in Wien\" data-pin-url=\"https:\/\/viennatouristinformation.com\/fr\/organisez-votre-voyage-a-vienne\/arrivee\/parc-relais\/?tve=true&amp;tcbf=0585a8613a\" data-pinpro-key=\"o0j63k3d3\" style=\"aspect-ratio: auto 1000 \/ 667;\"><\/noscript><\/span><\/p>\n<p>Le <strong>billet simple \u00ab\u00a01 voyage VIENNE<\/strong> \u00a0\u00bb est valable pour n&rsquo;importe quelle dur\u00e9e de trajet dans un sens apr\u00e8s validation et co\u00fbte environ 2,60 euros.Vous pouvez changer de train aussi souvent que vous le souhaitez, mais vous ne devez pas interrompre le voyage.<\/p>\n<p>Un <strong>billet pour 24, 48 ou 72 heures<\/strong> peut \u00eatre utilis\u00e9 exactement pendant le nombre d&rsquo;heures sp\u00e9cifi\u00e9 apr\u00e8s validation.<\/p>\n<p>Le ticket du r\u00e9seau <strong>Vienna City Card<\/strong> , \u00e9galement valable 24, 48 ou 72 heures, offre non seulement l&rsquo;utilisation des transports publics, mais \u00e9galement des entr\u00e9es r\u00e9duites dans les mus\u00e9es et les sites touristiques, les th\u00e9\u00e2tres et les concerts, les magasins, les caf\u00e9s, les restaurants et le Heurigen. Le stationnement est \u00e9galement r\u00e9duit avec la Vienna City Card.<\/p>\n<p>Il y a plus dans notre <a href=\"https:\/\/viennatouristinformation.com\/fr\/organisez-votre-voyage-a-vienne\/transports-en-commun-a-vienne\/\" style=\"outline: none;\">aper\u00e7u des transports publics \u00e0 Vienne<\/a> .<\/p>\n<h2 id=\"t-1669281158330\">Zones de stationnement de courte dur\u00e9e \u00e0 Vienne<\/h2>\n<p>Il existe une vaste zone de stationnement de courte dur\u00e9e dans 19 quartiers de Vienne. L\u00e0, le temps de stationnement est limit\u00e9, vous devez payer pour vous garer et avoir besoin d&rsquo;un ticket de parking (\u00e0 partir de 1,10 euros la demi-heure) ou d&rsquo;une vignette de stationnement d\u00e9livr\u00e9e par la ville, mais cela ne s&rsquo;applique qu&rsquo;aux r\u00e9sidents du quartier respectif.<\/p>\n<p>Le stationnement dans les zones de stationnement de courte dur\u00e9e est g\u00e9n\u00e9ralement gratuit le week-end.<\/p>\n<p>Veuillez v\u00e9rifier attentivement les panneaux de signalisation sur place.<\/p>\n<h2 id=\"t-1669281158331\">Vente de tickets de stationnement<\/h2>\n<p>Un ticket de parking peut \u00eatre achet\u00e9 dans les bureaux de tabac, les stations-service, les distributeurs automatiques de cigarettes, les bureaux de poste, les distributeurs de billets dans toutes les stations de m\u00e9tro de Vienne ainsi qu&rsquo;\u00e0 la caisse principale de la ville et \u00e0 toutes les caisses de la ville.<\/p>\n<p>Certains magasins et h\u00f4tels vendent \u00e9galement des tickets de stationnement.<\/p>\n<h2 id=\"t-1669281158332\">Validation des tickets de stationnement<\/h2>\n<p>Le ticket de parking achet\u00e9 doit \u00eatre valid\u00e9 en remplissant les rubriques mois, jour, heure, minute et ann\u00e9e et doit \u00eatre coll\u00e9 \u00e0 l&rsquo;int\u00e9rieur derri\u00e8re le pare-brise \u00e0 un endroit bien visible.<\/p>\n<p>Si vous remplissez par erreur le ticket de stationnement de mani\u00e8re incorrecte, vous devez le jeter. La correction n&rsquo;est pas autoris\u00e9e.<\/p>\n<h2 id=\"t-1669281158333\">Handy-Apps<\/h2>\n<p>Des applications pour t\u00e9l\u00e9phones portables telles que Park Now ouParkingplacesearch.at trouvent la prochaine place de parking gratuite, vous montrent comment vous y rendre en utilisant une navigation r\u00e9elle et vous informent \u00e0 l&rsquo;avance des co\u00fbts.<\/p>\n<p>Dans de nombreux cas, le paiement par t\u00e9l\u00e9phone portable est \u00e9galement possible, par exemple avec l&rsquo;application easypark.<\/p>\n<h2 id=\"t-1669281158334\">Parking gratuit<\/h2>\n<p>Le stationnement est gratuit en dehors des zones de stationnement de courte dur\u00e9e.<\/p>\n<p>Les zones de stationnement de courte dur\u00e9e s&rsquo;appliquant en journ\u00e9e, il est possible de se garer gratuitement la nuit de 22h00 \u00e0 9h00 et le week-end 24h\/24. Cependant, veillez \u00e0 respecter la r\u00e9glementation relative au stationnement le samedi dans les rues principales et commerciales.<\/p>\n<p>De plus, un parking gratuit est possible dans les 13e et 21e \u00e0 23e arrondissements.<\/p>\n<h2 id=\"t-1669281158335\">Plus de garages \u00e0 Vienne<\/h2>\n<p>APCOA PARKING Austria GmbH et WIPARK Garagen GmbH, fond\u00e9es en 1960, sont d&rsquo;autres garagistes \u00e0 Vienne.<\/p>\n<p>Les emplacements des places de stationnement peuvent \u00eatre trouv\u00e9s sur les sites Web ou l&rsquo;application mobile concern\u00e9s.<\/p>\n<h2 id=\"t-1669281158336\">remorquer<\/h2>\n<p>Si la voiture a \u00e9t\u00e9 remorqu\u00e9e, le centre d&rsquo;information de la police peut appeler le +43 1 760 43 pour plus d&rsquo;informations.<\/p>\n<p>Les frais de remorquage commencent \u00e0 270,00 euros.<\/p>\n<h3 style=\"\">ARTICLES CONNEXES<\/h3>\n<p><a href=\"https:\/\/viennatouristinformation.com\/fr\/organisez-votre-voyage-a-vienne\/arrivee\/station-de-bus-vib\/\" dynamic-postlink=\"tcb_post_the_permalink\" data-shortcode-id=\"167\"><\/a><\/p>\n<h2 style=\"padding-top: 0px !important; margin-top: 0px !important; text-align: center;\" id=\"t-1686727032072\" data-hide=\"true\"><span data-shortcode=\"tcb_post_title\" data-shortcode-name=\"Post title\" data-extra_key=\"\" data-attr-link=\"1\" data-attr-target=\"0\" data-attr-rel=\"0\" data-option-inline=\"1\" data-attr-static-link=\"{&quot;className&quot;:&quot;&quot;,&quot;href&quot;:&quot;https:\/\/viennatouristinformation.com\/fr\/choses-a-faire\/musee\/&quot;,&quot;title&quot;:&quot;30 Meilleurs Mus\u00e9es \u00e0 Vienne (+ Infos &amp; Billets)&quot;,&quot;class&quot;:&quot;&quot;}\" data-attr-css=\"\"><a href=\"https:\/\/viennatouristinformation.com\/fr\/organisez-votre-voyage-a-vienne\/arrivee\/station-de-bus-vib\/\" title=\"Gare routi\u00e8re de Vienne\u00a0: VIB Gare routi\u00e8re internationale de Vienne\" data-css=\"\">Gare routi\u00e8re de Vienne\u00a0: VIB Gare routi\u00e8re internationale de Vienne<\/a><\/span><\/h2>\n<p><a href=\"https:\/\/viennatouristinformation.com\/fr\/organisez-votre-voyage-a-vienne\/arrivee\/gare-centrale\/\" dynamic-postlink=\"tcb_post_the_permalink\" data-shortcode-id=\"167\"><\/a><\/p>\n<h2 style=\"padding-top: 0px !important; margin-top: 0px !important; text-align: center;\" id=\"t-1686727032072\" data-hide=\"true\"><span data-shortcode=\"tcb_post_title\" data-shortcode-name=\"Post title\" data-extra_key=\"\" data-attr-link=\"1\" data-attr-target=\"0\" data-attr-rel=\"0\" data-option-inline=\"1\" data-attr-static-link=\"{&quot;className&quot;:&quot;&quot;,&quot;href&quot;:&quot;https:\/\/viennatouristinformation.com\/fr\/choses-a-faire\/musee\/&quot;,&quot;title&quot;:&quot;30 Meilleurs Mus\u00e9es \u00e0 Vienne (+ Infos &amp; Billets)&quot;,&quot;class&quot;:&quot;&quot;}\" data-attr-css=\"\"><a href=\"https:\/\/viennatouristinformation.com\/fr\/organisez-votre-voyage-a-vienne\/arrivee\/gare-centrale\/\" title=\"Guide de la Gare Centrale de Vienne\" data-css=\"\">Guide de la Gare Centrale de Vienne<\/a><\/span><\/h2>\n<p><a href=\"https:\/\/viennatouristinformation.com\/fr\/organisez-votre-voyage-a-vienne\/arrivee\/parking\/\" dynamic-postlink=\"tcb_post_the_permalink\" data-shortcode-id=\"167\"><\/a><\/p>\n<h2 style=\"padding-top: 0px !important; margin-top: 0px !important; text-align: center;\" id=\"t-1686727032072\" data-hide=\"true\"><span data-shortcode=\"tcb_post_title\" data-shortcode-name=\"Post title\" data-extra_key=\"\" data-attr-link=\"1\" data-attr-target=\"0\" data-attr-rel=\"0\" data-option-inline=\"1\" data-attr-static-link=\"{&quot;className&quot;:&quot;&quot;,&quot;href&quot;:&quot;https:\/\/viennatouristinformation.com\/fr\/choses-a-faire\/musee\/&quot;,&quot;title&quot;:&quot;30 Meilleurs Mus\u00e9es \u00e0 Vienne (+ Infos &amp; Billets)&quot;,&quot;class&quot;:&quot;&quot;}\" data-attr-css=\"\"><a href=\"https:\/\/viennatouristinformation.com\/fr\/organisez-votre-voyage-a-vienne\/arrivee\/parking\/\" title=\"Stationnement \u00e0 Vienne\" data-css=\"\">Stationnement \u00e0 Vienne<\/a><\/span><\/h2>\n<p><a href=\"https:\/\/viennatouristinformation.com\/fr\/organisez-votre-voyage-a-vienne\/arrivee\/taxi\/\" dynamic-postlink=\"tcb_post_the_permalink\" data-shortcode-id=\"167\"><\/a><\/p>\n<h2 style=\"padding-top: 0px !important; margin-top: 0px !important; text-align: center;\" id=\"t-1686727032072\" data-hide=\"true\"><span data-shortcode=\"tcb_post_title\" data-shortcode-name=\"Post title\" data-extra_key=\"\" data-attr-link=\"1\" data-attr-target=\"0\" data-attr-rel=\"0\" data-option-inline=\"1\" data-attr-static-link=\"{&quot;className&quot;:&quot;&quot;,&quot;href&quot;:&quot;https:\/\/viennatouristinformation.com\/fr\/choses-a-faire\/musee\/&quot;,&quot;title&quot;:&quot;30 Meilleurs Mus\u00e9es \u00e0 Vienne (+ Infos &amp; Billets)&quot;,&quot;class&quot;:&quot;&quot;}\" data-attr-css=\"\"><a href=\"https:\/\/viennatouristinformation.com\/fr\/organisez-votre-voyage-a-vienne\/arrivee\/taxi\/\" title=\"Tout sur le taxi \u00e0 Vienne : tarifs, num\u00e9ros et FAQ\" data-css=\"\">Tout sur le taxi \u00e0 Vienne : tarifs, num\u00e9ros et FAQ<\/a><\/span><\/h2>\n","protected":false},"excerpt":{"rendered":"<p>Il y a aussi peu de places de parking qu&rsquo;il y a de sites touristiques \u00e0 Vienne. Afin que vous puissiez toujours trouver facilement une place, nous avons cr\u00e9\u00e9 l&rsquo;aper\u00e7u suivant pour . Autres articles recommand\u00e9s : Les 10 meilleures choses \u00e0 faire \u00e0 Vienne Les meilleurs h\u00f4tels recommand\u00e9s \u00e0 Vienne Attractions exceptionnelles \u00e0 Vienne [&hellip;]<\/p>\n","protected":false},"author":17,"featured_media":2212,"parent":1465,"menu_order":0,"comment_status":"closed","ping_status":"closed","template":"","meta":{"footnotes":""},"tags":[],"class_list":["post-1276","page","type-page","status-publish","has-post-thumbnail","hentry","post-wrapper","thrv_wrapper"],"_links":{"self":[{"href":"https:\/\/viennatouristinformation.com\/fr\/wp-json\/wp\/v2\/pages\/1276","targetHints":{"allow":["GET"]}}],"collection":[{"href":"https:\/\/viennatouristinformation.com\/fr\/wp-json\/wp\/v2\/pages"}],"about":[{"href":"https:\/\/viennatouristinformation.com\/fr\/wp-json\/wp\/v2\/types\/page"}],"author":[{"embeddable":true,"href":"https:\/\/viennatouristinformation.com\/fr\/wp-json\/wp\/v2\/users\/17"}],"replies":[{"embeddable":true,"href":"https:\/\/viennatouristinformation.com\/fr\/wp-json\/wp\/v2\/comments?post=1276"}],"version-history":[{"count":0,"href":"https:\/\/viennatouristinformation.com\/fr\/wp-json\/wp\/v2\/pages\/1276\/revisions"}],"up":[{"embeddable":true,"href":"https:\/\/viennatouristinformation.com\/fr\/wp-json\/wp\/v2\/pages\/1465"}],"wp:featuredmedia":[{"embeddable":true,"href":"https:\/\/viennatouristinformation.com\/fr\/wp-json\/wp\/v2\/media\/2212"}],"wp:attachment":[{"href":"https:\/\/viennatouristinformation.com\/fr\/wp-json\/wp\/v2\/media?parent=1276"}],"wp:term":[{"taxonomy":"post_tag","embeddable":true,"href":"https:\/\/viennatouristinformation.com\/fr\/wp-json\/wp\/v2\/tags?post=1276"}],"curies":[{"name":"wp","href":"https:\/\/api.w.org\/{rel}","templated":true}]}}