{"id":1327,"date":"2020-08-17T09:18:02","date_gmt":"2020-08-17T07:18:02","guid":{"rendered":"http:\/\/viennatouristinformation.com\/fr\/?page_id=1327"},"modified":"2023-06-02T10:22:05","modified_gmt":"2023-06-02T08:22:05","slug":"catering","status":"publish","type":"page","link":"https:\/\/viennatouristinformation.com\/fr\/voyage-groupe-a-vienne\/catering\/","title":{"rendered":"Traiteur pour salons, \u00e9v\u00e9nements et grandes f\u00eates priv\u00e9es \u00e0 Vienne"},"content":{"rendered":"<h1 style=\"\">Traiteur pour salons, \u00e9v\u00e9nements et grandes soir\u00e9es priv\u00e9es \u00e0 Vienne<\/h1>\n<p>Ensemble, nous planifions la restauration de votre \u00e9v\u00e9nement \u00e0 Vienne. Apr\u00e8s l&rsquo;enqu\u00eate, nous v\u00e9rifierons vos souhaits sans engagement et vous enverrons une offre.&nbsp;<\/p>\n<h2>Qu&rsquo;est-ce qui est possible \u00e0 Vienne ?<\/h2>\n<p>Il existe un grand nombre d&rsquo;options \u00e9ventuelles pour votre \u00e9v\u00e9nement. Dans le cadre de votre restauration, nous pouvons tout organiser d&rsquo;un buffet chaud, d&rsquo;un menu ou d&rsquo;un service \u00e0 table \u00e0 des amuse-bouche.<\/p>\n<p>De plus, nous pouvons fournir l&rsquo;ambiance (par exemple avec des chaises), l&rsquo;\u00e9quipement (couverts, vaisselle) et le personnel de service.&nbsp;<\/p>\n<p>Vous \u00eates invite \u00e0 apporter vos propres boissons ou laissez-nous les organisateurs pour vous. Nous avons \u00e9galement un \u00e9mission \u00e0 cocktail, pouvons mettre en place un bar \u00e0 whisky, s\u00e9lectionner un DJ, planifier la musique live ou un concert classique pour vous.&nbsp;<\/p>\n<p>La r\u00e9servation est possible pour les salons, les locaux de votre entreprise ou un lieu d&rsquo;\u00e9v\u00e9nement r\u00e9serv\u00e9 \u00e0 Vienne.&nbsp;<\/p>\n<p>Pour une restauration de qualit\u00e9, nous collaborons avec les meilleurs restaurants, p\u00e2tisseries et chocolatiers de Vienne. Nous sommes \u00e9galement heureux d&rsquo;organiser des m\u00e9langeurs \u00e0 cocktails ou un salon de whisky et de mettre en \u0153uvre des demandes inhabituelles.&nbsp;<\/p>\n<p>La possibilit\u00e9 de pr\u00e9parer votre buffet v\u00e9g\u00e9talien, v\u00e9g\u00e9tarien, halal, casher ou low-carb n&rsquo;est pas non plus un probl\u00e8me pour notre \u00e9quipe comp\u00e9tente, nous trouverons la bonne restauration.&nbsp;<\/p>\n<p><strong>Info :<\/strong> Sur demande, nous enverrons tout ce qui reste de la restauration \u00e0 une association caritative locale.&nbsp;<\/p>\n<h3>Agence full service<\/h3>\n<p>Notre service complet comprend toute la logistique, la restauration, les h\u00f4tels, les incentives, les interpr\u00e8tes, les guides touristiques et les restaurants.&nbsp;<\/p>\n<p>Pour la conclusion de votre \u00e9v\u00e9nement, nous nous ferons un plaisir d&rsquo;organiser des spectacles. Pour cela nous sommes en contact avec des cracheurs de feu, des dompteurs, des diseuses de bonne aventure, des magiciens, des DJs&#8230;<\/p>\n<ul>\n<li style=\"\"><span><strong>Assistance 24h\/24<\/strong><\/span><\/li>\n<li style=\"\"><span><strong>Casher, halal \u00e0 v\u00e9g\u00e9talien<\/strong><\/span><\/li>\n<li style=\"\"><span><strong>Programme de soutien complet<\/strong><\/span><\/li>\n<\/ul>\n<h2 style=\"\">Foire aux questions avant de r\u00e9server :<\/h2>\n<h2 style=\"text-align: center;\">Nous avons la bonne restauration<\/h2>\n<p style=\"text-align: center;\">Vous essayez de savoir ce qui est propos\u00e9 pour la restauration pour l&rsquo;occasion. Nous sommes \u00e9galement heureux de transmettre des ouhaits individuels pour votre \u00e9v\u00e9nement \u00e0 Vienne.&nbsp;<\/p>\n<h3>1. Traiteur pour \u00e9v\u00e9nements d&rsquo;entreprise \u00e0 Vienne<\/h3>\n<p style=\"\">Nous sommes heureux de nous occuper de la restauration de votre \u00e9v\u00e9nement d&rsquo;entreprise et d&rsquo;en faire une exp\u00e9rience durable pour vos propres employ\u00e9s, invit\u00e9s et visiteurs de l&rsquo;\u00e9v\u00e9nement.&nbsp;<em>&nbsp;<\/em><\/p>\n<p style=\"\">La restauration peut \u00eatre effectu\u00e9e dans les locaux de votre entreprise, \u00e0 Messe Wien ou dans un autre lieu \u00e9v\u00e9nementiel \u00e0 Vienne. Sur demande, nous pouvons prendre en charge l&rsquo;ensemble du processus, de la restauration au transfert et au programme d&rsquo;accompagnement.&nbsp;<\/p>\n<h3>2. Restauration de salon \u00e0 Vienne<\/h3>\n<p>Souhaitez-vous prendre en charge vos propres employ\u00e9s ou visiteurs de stand ? Avec notre restauration de salon, vous inspirerez \u00e0 la fois votre personnel et les visiteurs de votre stand.&nbsp;<\/p>\n<p>Les foires commerciales sont une figure de proue et Messe Wien est l&rsquo;un des principaux sites de foires commerciales en Europe. Pour une participation r\u00e9ussie \u00e0 un salon, l&rsquo;office de tourisme de Vienne propose le service de restauration adapt\u00e9.&nbsp;<\/p>\n<p>Les salons professionnels prennent souvent beaucoup de temps. Nous nous occupons d&rsquo;un accueil ad\u00e9quat pour vos employ\u00e9s. Les petites collations sont un excellent moyen de se d\u00e9tendre au stand.&nbsp;<\/p>\n<h3>3. Grands \u00e9v\u00e9nements priv\u00e9s \u00e0 Vienne<\/h3>\n<p style=\"\">Mariage? 50e&nbsp;anniversaire&nbsp;? Ou pr\u00e9voyez-vous une autre grande f\u00eate priv\u00e9e?&nbsp;<\/p>\n<p style=\"\">Quelle que soit l&rsquo;occasion, l&rsquo;Office de tourisme de Vienne est votre interlocuteur comp\u00e9tent pour les grands \u00e9v\u00e9nements priv\u00e9s \u00e0 Vienne.&nbsp;<\/p>\n<p style=\"\">Nous sommes \u00e9galement heureux de vous aider avec toute l&rsquo;organisation, de la restauration et du transfert au programme de soutien.&nbsp;<\/p>\n<h2>Nous planifions la bonne restauration :<\/h2>\n<p>En collaboration avec nos sp\u00e9cialistes, nous mettons vos id\u00e9es en pratique au plus haut niveau et planifions la restauration qui vous convient. Lors d&rsquo;une premi\u00e8re consultation gratuite, nous discuterons avec vous de vos souhaits individuels et vous ferons parvenir une offre adapt\u00e9e \u00e0 vos besoins dans les 24 \u00e0 48 heures.&nbsp;<\/p>\n<p>Nous serions heureux de vous fournir la gamme compl\u00e8te de services pour votre \u00e9v\u00e9nement \u00e0 Vienne &#8211; cela comprend l&rsquo;ensemble du programme de soutien.<\/p>\n<p>Das ist auch f\u00fcr Gro\u00dfveranstaltungen mit mehr als 1.000 Teilnehmern m\u00f6glich.&nbsp;<\/p>\n<p>Wir w\u00fcnschen Ihnen jetzt schon eine sch\u00f6ne Feier.&nbsp;<\/p>\n<h3>Restauration \u00e0 guichet unique :<\/h3>\n<ul>\n<li style=\"\"><span style=\"\"><strong>24 Stunden Support:<\/strong> Die gleichen Ansprechpartner von der Planung bis zur Durchf\u00fchrung mit 24 Stunden Support, auch in der Nacht.&nbsp;<\/span><\/li>\n<li><span><strong>Casher, halal \u00e0 vegan :&nbsp;<\/strong> Nous avons des partenaires traiteurs pour toutes les envies.&nbsp;<\/span><\/li>\n<li><span><strong>Programme d&rsquo;accompagnement complet :<\/strong> Tout est possible entre la salle de conf\u00e9rence, le bus et les incentives.&nbsp;<\/span><\/li>\n<\/ul>\n<h2 style=\"text-align: center;\">Premi\u00e8re consultation gratuite<\/h2>\n<p style=\"text-align: center;\">Nous serions ravis de discuter de vos attentes. Le contact est possible par t\u00e9l\u00e9phone au&nbsp; <span data-shortcode=\"thrive_global_fields\" data-shortcode-name=\"[Company] MICE Telefonnummer\" data-extra_key=\"1\" data-attr-id=\"19\" data-option-inline=\"1\">0043124567890<\/span> , email \u00e0 <em>support@viennatouristinformation.com\/fr<\/em> ou formulaire de contact.&nbsp;<\/p>\n","protected":false},"excerpt":{"rendered":"<p>Traiteur pour salons, \u00e9v\u00e9nements et grandes soir\u00e9es priv\u00e9es \u00e0 Vienne Ensemble, nous planifions la restauration de votre \u00e9v\u00e9nement \u00e0 Vienne. Apr\u00e8s l&rsquo;enqu\u00eate, nous v\u00e9rifierons vos souhaits sans engagement et vous enverrons une offre.&nbsp; Qu&rsquo;est-ce qui est possible \u00e0 Vienne ? Il existe un grand nombre d&rsquo;options \u00e9ventuelles pour votre \u00e9v\u00e9nement. Dans le cadre de votre [&hellip;]<\/p>\n","protected":false},"author":3,"featured_media":2866,"parent":1352,"menu_order":0,"comment_status":"closed","ping_status":"closed","template":"","meta":{"footnotes":""},"tags":[],"class_list":["post-1327","page","type-page","status-publish","has-post-thumbnail","hentry","post-wrapper","thrv_wrapper"],"_links":{"self":[{"href":"https:\/\/viennatouristinformation.com\/fr\/wp-json\/wp\/v2\/pages\/1327","targetHints":{"allow":["GET"]}}],"collection":[{"href":"https:\/\/viennatouristinformation.com\/fr\/wp-json\/wp\/v2\/pages"}],"about":[{"href":"https:\/\/viennatouristinformation.com\/fr\/wp-json\/wp\/v2\/types\/page"}],"author":[{"embeddable":true,"href":"https:\/\/viennatouristinformation.com\/fr\/wp-json\/wp\/v2\/users\/3"}],"replies":[{"embeddable":true,"href":"https:\/\/viennatouristinformation.com\/fr\/wp-json\/wp\/v2\/comments?post=1327"}],"version-history":[{"count":0,"href":"https:\/\/viennatouristinformation.com\/fr\/wp-json\/wp\/v2\/pages\/1327\/revisions"}],"up":[{"embeddable":true,"href":"https:\/\/viennatouristinformation.com\/fr\/wp-json\/wp\/v2\/pages\/1352"}],"wp:featuredmedia":[{"embeddable":true,"href":"https:\/\/viennatouristinformation.com\/fr\/wp-json\/wp\/v2\/media\/2866"}],"wp:attachment":[{"href":"https:\/\/viennatouristinformation.com\/fr\/wp-json\/wp\/v2\/media?parent=1327"}],"wp:term":[{"taxonomy":"post_tag","embeddable":true,"href":"https:\/\/viennatouristinformation.com\/fr\/wp-json\/wp\/v2\/tags?post=1327"}],"curies":[{"name":"wp","href":"https:\/\/api.w.org\/{rel}","templated":true}]}}