{"id":1392,"date":"2020-08-18T07:15:31","date_gmt":"2020-08-18T05:15:31","guid":{"rendered":"http:\/\/viennatouristinformation.com\/fr\/?page_id=1392"},"modified":"2022-11-24T07:51:36","modified_gmt":"2022-11-24T06:51:36","slug":"transfert-executif","status":"publish","type":"page","link":"https:\/\/viennatouristinformation.com\/fr\/voyage-groupe-a-vienne\/transfert-executif\/","title":{"rendered":"Transfert ex\u00e9cutif, Limousines &#038; Transfert VIP"},"content":{"rendered":"<h1>Transfert ex\u00e9cutif depuis l&rsquo;a\u00e9roport international de Vienne [VIE]&nbsp;<\/h1>\n<p>Service de limousine 24h\/24 avec tarifs fixes \u00e0 Vienne.&nbsp;<\/p>\n<h2>Vous \u00eates entre de bonnes mains avec nous<\/h2>\n<p>Le traitement des employ\u00e9s permet aux entreprises de se d\u00e9marquer.<\/p>\n<p>Nous serions heureux d&rsquo;organiser pour vous un transfert depuis l&rsquo;a\u00e9roport international de Vienne [VIE], un a\u00e9roport priv\u00e9, la gare, un service longue distance, un service d&rsquo;affaires ou un lieu s\u00e9lectionn\u00e9 individuellement.<\/p>\n<p>Assurer un processus fluide fait partie de l&rsquo;id\u00e9e de base de notre service de VTC 24h\/24 \u00e0 Vienne.<\/p>\n<p>En tant qu&rsquo;agence \u00e0 service complet, Vienna Tourist Information se consid\u00e8re comme un partenaire comp\u00e9tent pour toutes les questions relatives aux voyages d&rsquo;affaires. Nous nous occupons du transfert de l&rsquo;ex\u00e9cutif jusqu&rsquo;au programme de soutien avec l&rsquo;h\u00f4tel de la conf\u00e9rence.<\/p>\n<h3>Service personnalis\u00e9, limousines exclusives&nbsp;<\/h3>\n<p>Nos chauffeurs <span>fiables&nbsp;<\/span> vous accueilleront en costume et avec un panneau nominatif devant la sortie de l&rsquo;a\u00e9roport.&nbsp;<\/p>\n<p style=\"\">\n<p>Le chauffeur am\u00e8nera vos bagages dans nos limousines \u00e9quip\u00e9es du WiFi.&nbsp;<\/p>\n<ul>\n<li><span style=\"\"><strong><span style=\"\">Tarifs fixes<\/span><\/strong><strong><span style=\"\"><\/span><\/strong><strong><span style=\"\"><\/span><\/strong><\/span><\/li>\n<li style=\"\"><span style=\"\"><strong><span style=\"\">Assistance client 24h\/24<\/span><\/strong><\/span><\/li>\n<li style=\"\"><span style=\"\"><strong><span style=\"\"><\/span><\/strong><strong><span style=\"\">Transfert fiable<\/span><\/strong><\/span><\/li>\n<\/ul>\n<h2>Que dois-je savoir avant de r\u00e9server ?<\/h2>\n<h2 style=\"text-align: center;\">nos best-sellers<\/h2>\n<p><a href=\"#\"><span><span>Instance 1<\/span><\/span><\/a><\/p>\n<h5 style=\"\">Fourgon d&rsquo;affaires<\/h5>\n<p>&nbsp;<span><img decoding=\"async\" class=\"lazyload\" alt=\"Fourgon d'affaires\" data-id=\"2919\" width=\"284\" data-init-width=\"1000\" height=\"189\" data-init-height=\"667\" title=\"Fourgon d'affaires\" src=\"data:image\/gif;base64,R0lGODlhAQABAIAAAAAAAP\/\/\/yH5BAEAAAAALAAAAAABAAEAAAIBRAA7\" data-src=\"\/\/viennatouristinformation.com\/fr\/wp-content\/uploads\/2020\/10\/Business-Van.jpg\" data-width=\"284\" data-height=\"189\" style=\"\" loading=\"lazy\" data-pin-media=\"https:\/\/viennatouristinformation.com\/fr\/wp-content\/uploads\/2021\/02\/prag_juedisches_viertel_pinterest-4.jpg\" data-pin-description=\"Executive Transfer in Wien\" data-pin-url=\"https:\/\/viennatouristinformation.com\/fr\/gruppenreisen\/executive-transfer\/?tve=true&amp;tcbf=4c614afe8e\"><noscript><img decoding=\"async\" class=\"lazyload\" alt=\"Fourgon d'affaires\" data-id=\"2919\" width=\"284\" data-init-width=\"1000\" height=\"189\" data-init-height=\"667\" title=\"Fourgon d'affaires\" src=\"\/\/viennatouristinformation.com\/fr\/wp-content\/uploads\/2020\/10\/Business-Van.jpg\" data-width=\"284\" data-height=\"189\" style=\"\" loading=\"lazy\" data-pin-media=\"https:\/\/viennatouristinformation.com\/fr\/wp-content\/uploads\/2021\/02\/prag_juedisches_viertel_pinterest-4.jpg\" data-pin-description=\"Executive Transfer in Wien\" data-pin-url=\"https:\/\/viennatouristinformation.com\/fr\/gruppenreisen\/executive-transfer\/?tve=true&amp;tcbf=4c614afe8e\"><\/noscript><\/span><\/p>\n<p><em>Groupe de Business<\/em><\/p>\n<p>un B&nbsp;<\/p>\n<p>&nbsp;<\/p>\n<p>79,00 \u20ac <\/p>\n<ul>\n<li><span>24 heures par jour<\/span><\/li>\n<li><span>8 passagers maximum<\/span><\/li>\n<li><span>10 valises maximum<\/span><\/li>\n<li><span>vitres teint\u00e9es<\/span><\/li>\n<li><span>Empattement extra long<\/span><\/li>\n<\/ul>\n<h5 style=\"\">Mercedes Classe E<\/h5>\n<p> <span><img decoding=\"async\" class=\"lazyload\" alt=\"Mercedes E\" data-id=\"2921\" width=\"284\" data-init-width=\"1000\" height=\"189\" data-init-height=\"667\" title=\"Mercedes E\" src=\"data:image\/gif;base64,R0lGODlhAQABAIAAAAAAAP\/\/\/yH5BAEAAAAALAAAAAABAAEAAAIBRAA7\" data-src=\"\/\/viennatouristinformation.com\/fr\/wp-content\/uploads\/2020\/10\/Mercedes-E.jpg\" data-width=\"284\" data-height=\"189\" style=\"\" loading=\"lazy\" data-pin-media=\"https:\/\/viennatouristinformation.com\/fr\/wp-content\/uploads\/2021\/02\/prag_juedisches_viertel_pinterest-4.jpg\" data-pin-description=\"Executive Transfer in Wien\" data-pin-url=\"https:\/\/viennatouristinformation.com\/fr\/gruppenreisen\/executive-transfer\/?tve=true&amp;tcbf=4c614afe8e\"><noscript><img decoding=\"async\" class=\"lazyload\" alt=\"Mercedes E\" data-id=\"2921\" width=\"284\" data-init-width=\"1000\" height=\"189\" data-init-height=\"667\" title=\"Mercedes E\" src=\"\/\/viennatouristinformation.com\/fr\/wp-content\/uploads\/2020\/10\/Mercedes-E.jpg\" data-width=\"284\" data-height=\"189\" style=\"\" loading=\"lazy\" data-pin-media=\"https:\/\/viennatouristinformation.com\/fr\/wp-content\/uploads\/2021\/02\/prag_juedisches_viertel_pinterest-4.jpg\" data-pin-description=\"Executive Transfer in Wien\" data-pin-url=\"https:\/\/viennatouristinformation.com\/fr\/gruppenreisen\/executive-transfer\/?tve=true&amp;tcbf=4c614afe8e\"><\/noscript><\/span><\/p>\n<p><em>Classe affaire<\/em><\/p>\n<p>un B&nbsp;<\/p>\n<p>&nbsp;<\/p>\n<p>79,00 \u20ac<\/p>\n<ul>\n<li><span>24 heures par jour<\/span><\/li>\n<li><span>4 passagers maximum<\/span><\/li>\n<li><span>3 valises max.<\/span><\/li>\n<li><span>vitres teint\u00e9es<\/span><\/li>\n<li><span>4-matic, empattement long<\/span><\/li>\n<li><span>Climat<\/span><\/li>\n<\/ul>\n<h5 style=\"\">BMW S\u00e9rie 7<\/h5>\n<p> <span><img decoding=\"async\" class=\"lazyload\" alt=\"BMW S\u00c9RIE 7\" data-id=\"2922\" width=\"284\" data-init-width=\"1000\" height=\"189\" data-init-height=\"667\" title=\"BMW S\u00c9RIE 7\" src=\"data:image\/gif;base64,R0lGODlhAQABAIAAAAAAAP\/\/\/yH5BAEAAAAALAAAAAABAAEAAAIBRAA7\" data-src=\"\/\/viennatouristinformation.com\/fr\/wp-content\/uploads\/2020\/10\/7ER-BMW.jpg\" data-width=\"284\" data-height=\"189\" style=\"\" loading=\"lazy\" data-pin-media=\"https:\/\/viennatouristinformation.com\/fr\/wp-content\/uploads\/2021\/02\/prag_juedisches_viertel_pinterest-4.jpg\" data-pin-description=\"Executive Transfer in Wien\" data-pin-url=\"https:\/\/viennatouristinformation.com\/fr\/gruppenreisen\/executive-transfer\/?tve=true&amp;tcbf=4c614afe8e\"><noscript><img decoding=\"async\" class=\"lazyload\" alt=\"BMW S\u00c9RIE 7\" data-id=\"2922\" width=\"284\" data-init-width=\"1000\" height=\"189\" data-init-height=\"667\" title=\"BMW S\u00c9RIE 7\" src=\"\/\/viennatouristinformation.com\/fr\/wp-content\/uploads\/2020\/10\/7ER-BMW.jpg\" data-width=\"284\" data-height=\"189\" style=\"\" loading=\"lazy\" data-pin-media=\"https:\/\/viennatouristinformation.com\/fr\/wp-content\/uploads\/2021\/02\/prag_juedisches_viertel_pinterest-4.jpg\" data-pin-description=\"Executive Transfer in Wien\" data-pin-url=\"https:\/\/viennatouristinformation.com\/fr\/gruppenreisen\/executive-transfer\/?tve=true&amp;tcbf=4c614afe8e\"><\/noscript><\/span><\/p>\n<p><em>Premi\u00e8re classe<\/em><\/p>\n<p>un B<\/p>\n<p>99,00 \u20ac<\/p>\n<ul>\n<li><span>24 heures par jour<\/span><\/li>\n<li><span>4 passagers maximum<\/span><\/li>\n<li><span>3 valises max.<\/span><\/li>\n<li><span>vitres teint\u00e9es<\/span><\/li>\n<li><span>Executive-Driver-Pro<\/span><\/li>\n<\/ul>\n<h2 style=\"text-align: center;\">Quels types de transferts sont possibles ?<\/h2>\n<p style=\"text-align: center;\">Des limousines aux v\u00e9hicules blind\u00e9s en passant par les bus de groupe &#8211; nous avons le bon v\u00e9hicule pour vos besoins. Beaucoup de nos chauffeurs travaillent \u00e9galement comme gardes du corps.&nbsp;<\/p>\n<h3 style=\"\">1. Service de limousine<\/h3>\n<p style=\"\">Nous avons des limousines exclusives, de la Mercedes Classe E \u00e0 la BMW S\u00e9rie 5 en passant par les v\u00e9hicules \u00e9cologiques \u00e0 moteur \u00e9lectrique.<\/p>\n<p style=\"\">Aucune voiture n&rsquo;a plus de trois ans. Les v\u00e9hicules sont enti\u00e8rement \u00e9quip\u00e9s et ont une couleur fonc\u00e9e. Ils peuvent \u00eatre voyants ou r\u00e9serv\u00e9s. Nous nous concentrons enti\u00e8rement sur vos souhaits.<\/p>\n<h3 style=\"\">2. V\u00e9hicules blind\u00e9s<\/h3>\n<p style=\"\">Nous travaillons avec des chauffeurs qui travaillent \u00e9galement pour le Parlement autrichien \u00e0 Vienne.<\/p>\n<p style=\"\">Le placement de v\u00e9hicules avec les normes de s\u00e9curit\u00e9 appropri\u00e9es et une protection personnelle suppl\u00e9mentaire est possible.&nbsp;<\/p>\n<h3 style=\"\">3. Bus exclusifs ou van d&rsquo;affaires pour les groupes<\/h3>\n<p style=\"\">Pour les d\u00e9l\u00e9gations, nous pouvons \u00e9galement organiser un transfert de groupe avec des bus ou des minibus exclusifs. Vos coll\u00e8gues peuvent \u00e9galement explorer Vienne gr\u00e2ce \u00e0 notre transfert en bus exclusif.&nbsp;<\/p>\n<p style=\"\">Lors du choix d&rsquo;un bus, nous nous concentrons enti\u00e8rement sur vos besoins, par exemple avec des vitres teint\u00e9es et des si\u00e8ges en cuir.<\/p>\n<h2>Processus sans tracas avec exp\u00e9rience VIP<\/h2>\n<p>Les VIP doivent \u00eatre l\u00e0 \u00e0 l&rsquo;heure.<\/p>\n<\/p>\n<p>Ce facteur est indispensable au bon d\u00e9roulement des conf\u00e9rences, \u00e9v\u00e9nements et congr\u00e8s. Nos chauffeurs exp\u00e9riment\u00e9s \u00e0 Vienne accordent \u00e9galement la plus haute priorit\u00e9 \u00e0 la ponctualit\u00e9.<\/p>\n<p>&nbsp;<\/p>\n<p>En tant qu&rsquo;agence \u00e0 service complet, nous nous occupons de l&rsquo;ensemble du processus \u00e0 Vienne. Avec nous, vous pouvez coordonner des conf\u00e9rences, des \u00e9v\u00e9nements et des voyages d&rsquo;affaires avec une personne de contact locale. Le vol est retard\u00e9 ? Aucun probl\u00e8me. On reporte la restauration, on s&rsquo;occupe de la salle ou des incentives pr\u00e9vus.&nbsp;<\/p>\n<\/p>\n<p>Bien entendu, la r\u00e9servation individuelle de transferts et de services de limousine \u00e0 Vienne est \u00e9galement possible.<\/p>\n<p>Les v\u00e9hicules sont factur\u00e9s au forfait \u00e0 l&rsquo;heure ou \u00e0 la journ\u00e9e. Des bus exclusifs sont disponibles pour les transferts de groupe et de ville.&nbsp;<\/p>\n<\/p>\n<p>Pour les demandes sp\u00e9ciales, une premi\u00e8re consultation gratuite avec un examen des exigences est la premi\u00e8re \u00e9tape.&nbsp;<\/p>\n<h3>Service complet d&rsquo;une seule source :<\/h3>\n<ul>\n<li style=\"\"><span style=\"\"><strong>Assistance 24h\/<\/strong> 24 : hotline 24h\/24, par exemple en cas de retard d&rsquo;un vol.<\/span><\/li>\n<li><span><strong>D&rsquo;une seule source :<\/strong> Avec nous, vous n&rsquo;avez qu&rsquo;un seul interlocuteur \u00e0 Vienne qui s&rsquo;occupe de toutes les \u00e9tapes ult\u00e9rieures. La conf\u00e9rence est report\u00e9e ? Le vol arrive plus tard ? Le transfert est n\u00e9cessaire plus t\u00f4t? Aucun probl\u00e8me. Nous nous en occupons.<\/span><\/li>\n<li><span><strong>Consultation initiale gratuite :<\/strong> Vous recherchez un transfert de groupe sp\u00e9cial \u00e0 Vienne ou vous souhaitez une offre compl\u00e8te pour l&rsquo;organisation d&rsquo;\u00e9v\u00e9nements ?<\/span><\/li>\n<\/ul>\n<h2 style=\"text-align: center;\">Premi\u00e8re consultation gratuite<\/h2>\n<p style=\"text-align: center;\">Nous serions ravis de discuter de vos attentes. Le contact est possible par t\u00e9l\u00e9phone au&nbsp; <span data-shortcode=\"thrive_global_fields\" data-shortcode-name=\"[Company] MICE Telefonnummer\" data-extra_key=\"1\" data-attr-id=\"19\" data-option-inline=\"1\">0043124567890<\/span> , email \u00e0 <em>support@viennatouristinformation.com\/fr<\/em> ou formulaire de contact.&nbsp;<\/p>\n","protected":false},"excerpt":{"rendered":"<p>Transfert ex\u00e9cutif depuis l&rsquo;a\u00e9roport international de Vienne [VIE]&nbsp; Service de limousine 24h\/24 avec tarifs fixes \u00e0 Vienne.&nbsp; Vous \u00eates entre de bonnes mains avec nous Le traitement des employ\u00e9s permet aux entreprises de se d\u00e9marquer. Nous serions heureux d&rsquo;organiser pour vous un transfert depuis l&rsquo;a\u00e9roport international de Vienne [VIE], un a\u00e9roport priv\u00e9, la gare, un [&hellip;]<\/p>\n","protected":false},"author":3,"featured_media":2924,"parent":1352,"menu_order":0,"comment_status":"closed","ping_status":"closed","template":"","meta":{"footnotes":""},"tags":[],"class_list":["post-1392","page","type-page","status-publish","has-post-thumbnail","hentry","post-wrapper","thrv_wrapper"],"_links":{"self":[{"href":"https:\/\/viennatouristinformation.com\/fr\/wp-json\/wp\/v2\/pages\/1392","targetHints":{"allow":["GET"]}}],"collection":[{"href":"https:\/\/viennatouristinformation.com\/fr\/wp-json\/wp\/v2\/pages"}],"about":[{"href":"https:\/\/viennatouristinformation.com\/fr\/wp-json\/wp\/v2\/types\/page"}],"author":[{"embeddable":true,"href":"https:\/\/viennatouristinformation.com\/fr\/wp-json\/wp\/v2\/users\/3"}],"replies":[{"embeddable":true,"href":"https:\/\/viennatouristinformation.com\/fr\/wp-json\/wp\/v2\/comments?post=1392"}],"version-history":[{"count":0,"href":"https:\/\/viennatouristinformation.com\/fr\/wp-json\/wp\/v2\/pages\/1392\/revisions"}],"up":[{"embeddable":true,"href":"https:\/\/viennatouristinformation.com\/fr\/wp-json\/wp\/v2\/pages\/1352"}],"wp:featuredmedia":[{"embeddable":true,"href":"https:\/\/viennatouristinformation.com\/fr\/wp-json\/wp\/v2\/media\/2924"}],"wp:attachment":[{"href":"https:\/\/viennatouristinformation.com\/fr\/wp-json\/wp\/v2\/media?parent=1392"}],"wp:term":[{"taxonomy":"post_tag","embeddable":true,"href":"https:\/\/viennatouristinformation.com\/fr\/wp-json\/wp\/v2\/tags?post=1392"}],"curies":[{"name":"wp","href":"https:\/\/api.w.org\/{rel}","templated":true}]}}