{"id":1421,"date":"2020-08-18T11:36:42","date_gmt":"2020-08-18T09:36:42","guid":{"rendered":"http:\/\/viennatouristinformation.com\/fr\/?page_id=1421"},"modified":"2023-06-02T10:20:46","modified_gmt":"2023-06-02T08:20:46","slug":"salles-de-reunion-et-conference-vienne","status":"publish","type":"page","link":"https:\/\/viennatouristinformation.com\/fr\/voyage-groupe-a-vienne\/salles-de-reunion-et-conference-vienne\/","title":{"rendered":"Salle de R\u00e9union et de Conf\u00e9rence \u00e0 Vienne"},"content":{"rendered":"<h1 style=\"\">Salle de conf\u00e9rence, salle de conf\u00e9rence ou salle de r\u00e9union \u00e0 service complet \u00e0 Vienne<\/h1>\n<p>Chez Vienna Tourist Information, nous vous aidons \u00e0 trouver, r\u00e9server et g\u00e9rer l&rsquo;ensemble du programme de soutien \u00e0 Vienne.<\/p>\n<h2>Quel est le bon emplacement \u00e0 Vienne ?<\/h2>\n<p>Nous serions heureux de mettre \u00e0 votre disposition des salles pour petits groupes et \u00e9v\u00e9nements de plus de 1 000 participants.<\/p>\n<p>Les salles peuvent \u00eatre utilis\u00e9es pour des pr\u00e9sentations, des rendez-vous avec des clients, des cours de formation, etc. Qu&rsquo;il s&rsquo;agisse d&rsquo;une conf\u00e9rence, d&rsquo;un s\u00e9minaire ou d&rsquo;une pr\u00e9sentation de produit, nous trouverons la salle adapt\u00e9e \u00e0 vos besoins individuels.<\/p>\n<p>Sur demande, nous pouvons \u00e9galement nous charger de la r\u00e9servation compl\u00e8te de salles de conf\u00e9rence avec l&rsquo;ensemble du programme d&rsquo;accompagnement.<\/p>\n<p>Des si\u00e8ges selon les sp\u00e9cifications sont possibles. La technologie standard comprend des tableaux \u00e0 feuilles mobiles et des connexions pour les pr\u00e9sentations. Les salles de conf\u00e9rence sp\u00e9ciales dans les h\u00f4tels 5 \u00e9toiles disposent de techniciens sur place avec des microphones, la technologie de pr\u00e9sentation et le d\u00e9roulement de l&rsquo;\u00e9v\u00e9nement.<\/p>\n<p>En p\u00e9riode de distanciation sociale, nous pouvons \u00e9galement connecter des r\u00e9unions d&rsquo;\u00e9quipe en ligne dans diff\u00e9rentes villes. Votre entreprise a des bureaux \u00e0 Vienne, Paris et San Francisco ? Vos \u00e9quipes se r\u00e9unissent sur place et sont connect\u00e9es en ligne.&nbsp;<\/p>\n<h3>alimentation et restauration<\/h3>\n<p>Une indemnit\u00e9 de repas, par exemple avec petit-d\u00e9jeuner et caf\u00e9 le matin, un buffet ouvert le midi et une pause-caf\u00e9 l&rsquo;apr\u00e8s-midi, peut \u00eatre r\u00e9serv\u00e9e en option.<\/p>\n<p>Le bouchon n&rsquo;est pas un probl\u00e8me. Vous souhaitez apporter votre propre vin, whisky ou champagne ? Nous pouvons nous en occuper.<\/p>\n<ul>\n<li style=\"\"><span><strong>Assistance 24h\/24<\/strong><\/span><\/li>\n<li style=\"\"><span><strong>Pension tout compris<\/strong><\/span><\/li>\n<li><span><strong>R\u00e8glement complet<\/strong><strong><\/strong><\/span><\/li>\n<\/ul>\n<h2 style=\"\">Foire aux questions avant de r\u00e9server :<\/h2>\n<h2 style=\"text-align: center;\">Nous trouvons la bonne pi\u00e8ce pour toutes les occasions<\/h2>\n<p style=\"text-align: center;\">Un grand choix de salles de conf\u00e9rence, de conf\u00e9rence et de r\u00e9union est disponible pour votre \u00e9v\u00e9nement \u00e0 Vienne.<\/p>\n<h3 style=\"\">1\u00e8re salle de conf\u00e9rence \u00e0 Vienne<\/h3>\n<p style=\"\">Les salles de conf\u00e9rence sont \u00e9quip\u00e9es des si\u00e8ges souhait\u00e9s. Les salles contiennent g\u00e9n\u00e9ralement toute la technologie dont vous avez besoin pour des conf\u00e9rences ou autres.<\/p>\n<p style=\"\">Sur demande, nous pouvons \u00e9galement prendre en charge le programme d&rsquo;accompagnement, la restauration sur place et les \u00e9v\u00e9nements d&rsquo;\u00e9quipe apr\u00e8s ou pendant l&rsquo;\u00e9v\u00e9nement.&nbsp;<\/p>\n<h3 style=\"\">2e salle de conf\u00e9rence \u00e0 Vienne<\/h3>\n<p style=\"\">Vous cherchez une salle de conf\u00e9rence? Nous trouverons la salle qui vous convient, qu&rsquo;il s&rsquo;agisse d&rsquo;une pr\u00e9sentation de produit, d&rsquo;inviter des employ\u00e9s de diff\u00e9rents pays ou d&rsquo;un congr\u00e8s.&nbsp;<\/p>\n<p style=\"\">En tant qu&rsquo;agence \u00e0 service complet, nous pouvons \u00e9galement prendre en charge l&rsquo;accompagnement des participants, le transfert des cadres, les professeurs stagiaires, la restauration et l&rsquo;ensemble du programme d&rsquo;accompagnement.<\/p>\n<h3 style=\"\">3. Salle de r\u00e9union \u00e0 Vienne<\/h3>\n<p style=\"\">Pour votre r\u00e9union \u00e0 Vienne, nous avons les bons locaux \u00e0 proximit\u00e9 imm\u00e9diate de tous les lieux importants.<\/p>\n<p style=\"\">Vous souhaitez organiser une r\u00e9union apr\u00e8s un salon ? R\u00e9server un lieu pour des r\u00e9unions internes ? Rencontrer vos commerciaux ?<\/p>\n<p style=\"\">Ou vous planifiez un incentive, un team building ou simplement une r\u00e9union ?<\/p>\n<p style=\"\">Nous vous aiderons \u00e0 trouver la bonne chambre.<\/p>\n<h2>Consultation initiale gratuite et programme de soutien<\/h2>\n<p style=\"\">Sur demande, \u00e0 l&rsquo;office de tourisme de Vienne, nous nous occupons non seulement de la bonne solution de chambre, mais \u00e9galement de l&rsquo;ensemble du programme d&rsquo;accompagnement.<\/p>\n<p style=\"\">Qu&rsquo;il s&rsquo;agisse du bus vers le lieu, de la restauration, des h\u00f4tels, des restaurants, de l&rsquo;assistance aux conf\u00e9renciers, du transfert de cadres, des incentives, des interpr\u00e8tes pour les domaines sp\u00e9cialis\u00e9s ou des guides touristiques &#8211; avec notre service complet, nous r\u00e9pondons \u00e0 tous vos besoins et souhaits.<\/p>\n<p style=\"\">Nous sommes heureux d&rsquo;organiser des \u00e9v\u00e9nements d&rsquo;\u00e9quipe dans des salles ferm\u00e9es apr\u00e8s la conf\u00e9rence pour vous d\u00e9tendre.<\/p>\n<p style=\"\">La r\u00e9servation de salles de conf\u00e9rence individuelles, de salles de conf\u00e9rence et de salles de r\u00e9union est bien s\u00fbr \u00e9galement possible.<\/p>\n<p style=\"\">Nous vous souhaitons une conf\u00e9rence agr\u00e9able et r\u00e9ussie \u00e0 Vienne.<\/p>\n<h3>Salle de r\u00e9union \u00e0 service complet<\/h3>\n<ul>\n<li style=\"\"><span style=\"\"><strong>Un seul interlocuteur :<\/strong> Avec nous, vous pouvez planifier l&rsquo;ensemble du programme de soutien \u00e0 partir d&rsquo;une seule source.&nbsp;<\/span><\/li>\n<li><span><strong>Sonderkonditionen: <\/strong>Mit 22 Jahren Erfahrung genie\u00dfen wir spezielle Konditionen, fachliches Know-How und zahlreiche Kontakte in Wien.&nbsp;<\/span><\/li>\n<li><span><strong>Assistance 24h\/24 :<\/strong> De la demande \u00e0 la mise en \u0153uvre, vous avez les m\u00eames interlocuteurs qui s&rsquo;occupent de vous. Notre assistance est disponible 24h\/24.<\/span><\/li>\n<\/ul>\n<h2 style=\"text-align: center;\">Premi\u00e8re consultation gratuite<\/h2>\n<p style=\"text-align: center;\">Nous serions ravis de discuter de vos attentes. Le contact est possible par t\u00e9l\u00e9phone au&nbsp; <span data-shortcode=\"thrive_global_fields\" data-shortcode-name=\"[Company] MICE Telefonnummer\" data-extra_key=\"1\" data-attr-id=\"19\" data-option-inline=\"1\">0043124567890<\/span> , email \u00e0 <em>support@viennatouristinformation.com\/fr<\/em> ou formulaire de contact.&nbsp;<\/p>\n","protected":false},"excerpt":{"rendered":"<p>Salle de conf\u00e9rence, salle de conf\u00e9rence ou salle de r\u00e9union \u00e0 service complet \u00e0 Vienne Chez Vienna Tourist Information, nous vous aidons \u00e0 trouver, r\u00e9server et g\u00e9rer l&rsquo;ensemble du programme de soutien \u00e0 Vienne. Quel est le bon emplacement \u00e0 Vienne ? Nous serions heureux de mettre \u00e0 votre disposition des salles pour petits groupes [&hellip;]<\/p>\n","protected":false},"author":3,"featured_media":2887,"parent":1352,"menu_order":0,"comment_status":"closed","ping_status":"closed","template":"","meta":{"footnotes":""},"tags":[],"class_list":["post-1421","page","type-page","status-publish","has-post-thumbnail","hentry","post-wrapper","thrv_wrapper"],"_links":{"self":[{"href":"https:\/\/viennatouristinformation.com\/fr\/wp-json\/wp\/v2\/pages\/1421","targetHints":{"allow":["GET"]}}],"collection":[{"href":"https:\/\/viennatouristinformation.com\/fr\/wp-json\/wp\/v2\/pages"}],"about":[{"href":"https:\/\/viennatouristinformation.com\/fr\/wp-json\/wp\/v2\/types\/page"}],"author":[{"embeddable":true,"href":"https:\/\/viennatouristinformation.com\/fr\/wp-json\/wp\/v2\/users\/3"}],"replies":[{"embeddable":true,"href":"https:\/\/viennatouristinformation.com\/fr\/wp-json\/wp\/v2\/comments?post=1421"}],"version-history":[{"count":0,"href":"https:\/\/viennatouristinformation.com\/fr\/wp-json\/wp\/v2\/pages\/1421\/revisions"}],"up":[{"embeddable":true,"href":"https:\/\/viennatouristinformation.com\/fr\/wp-json\/wp\/v2\/pages\/1352"}],"wp:featuredmedia":[{"embeddable":true,"href":"https:\/\/viennatouristinformation.com\/fr\/wp-json\/wp\/v2\/media\/2887"}],"wp:attachment":[{"href":"https:\/\/viennatouristinformation.com\/fr\/wp-json\/wp\/v2\/media?parent=1421"}],"wp:term":[{"taxonomy":"post_tag","embeddable":true,"href":"https:\/\/viennatouristinformation.com\/fr\/wp-json\/wp\/v2\/tags?post=1421"}],"curies":[{"name":"wp","href":"https:\/\/api.w.org\/{rel}","templated":true}]}}