{"id":1438,"date":"2020-08-19T07:30:16","date_gmt":"2020-08-19T05:30:16","guid":{"rendered":"http:\/\/viennatouristinformation.com\/fr\/?page_id=1438"},"modified":"2023-06-02T10:20:05","modified_gmt":"2023-06-02T08:20:05","slug":"interpretes","status":"publish","type":"page","link":"https:\/\/viennatouristinformation.com\/fr\/voyage-groupe-a-vienne\/interpretes\/","title":{"rendered":"Interpr\u00e8tes, h\u00f4tesses et guides de la ville de Vienne."},"content":{"rendered":"<h1>Interpr\u00e8tes, h\u00f4tesses et guides de la ville de Vienne.<\/h1>\n<p>M\u00e9diation d&rsquo;interpr\u00e8tes asserment\u00e9s agr\u00e9\u00e9s, d&rsquo;h\u00f4tesses et de guides de ville dans toutes les langues.&nbsp;<\/p>\n<h2 id=\"t-1594219921958\">Interpr\u00e8tes avec expertise<\/h2>\n<p>Des interpr\u00e8tes qualifi\u00e9s avec des connaissances sp\u00e9cialis\u00e9es sont n\u00e9cessaires pour les \u00e9v\u00e9nements dans les secteurs de la technologie, de la pharmacie et de l&rsquo;informatique.<\/p>\n<p>Pour que votre \u00e9v\u00e9nement soit un succ\u00e8s complet, nous proposons une assistance linguistique pour des domaines particuliers avec nos interpr\u00e8tes agr\u00e9\u00e9s et asserment\u00e9s \u00e0 Vienne. La traduction simultan\u00e9e d&rsquo;\u00e9v\u00e9nements en direct est \u00e9galement possible.<\/p>\n<p>Nous sommes \u00e9galement heureux d&rsquo;organiser des h\u00f4tesses multilingues qui peuvent assumer de petites t\u00e2ches de service et de traduction et peuvent \u00eatre utilis\u00e9es, par exemple, sur le stand d&rsquo;exposition, \u00e0 la r\u00e9ception ou lors d&rsquo;\u00e9v\u00e9nements. Veuillez nous indiquer vos langues pr\u00e9f\u00e9r\u00e9es.<\/p>\n<p>Nous proposons \u00e9galement des guides de la ville multilingues qui vous fournissent, \u00e0 vous et \u00e0 vos invit\u00e9s, des informations passionnantes et des anecdotes sur les sites touristiques de Vienne. Les guides de la ville peuvent \u00e9galement \u00eatre r\u00e9serv\u00e9s avec des tarifs journaliers attractifs. Cela vous permet d&rsquo;organiser vos \u00e9v\u00e9nements de mani\u00e8re flexible.<\/p>\n<h3 id=\"t-1594219921959\">Des experts dans toutes les langues<\/h3>\n<p>Vous avez besoin d&rsquo;un interpr\u00e8te pour des domaines sp\u00e9cialis\u00e9s tels que l&rsquo;ing\u00e9nierie, la pharmacie ou le droit ?<\/p>\n<p>Nous travaillons \u00e0 Vienne avec des interpr\u00e8tes agr\u00e9\u00e9s locaux pour des domaines particuliers. Cela comprend \u00e9galement la traduction simultan\u00e9e d&rsquo;\u00e9v\u00e9nements, de conf\u00e9rences et d&rsquo;\u00e9v\u00e9nements en direct.<\/p>\n<ul>\n<li><span><strong>Assistance 24h\/24<\/strong><\/span><\/li>\n<li><span><strong>Service complet d&rsquo;une seule source<\/strong><\/span><\/li>\n<li><span><strong>Premi\u00e8re consultation gratuite<\/strong><\/span><\/li>\n<\/ul>\n<h2 style=\"text-align: center;\" id=\"t-1594219921960\">Quels interpr\u00e8tes pouvez-vous fournir ?<\/h2>\n<p>Des interpr\u00e8tes peuvent \u00eatre organis\u00e9s \u00e0 partir de 50 \u20ac net par heure plus TVA. Le prix d\u00e9pend de la qualification, de la sp\u00e9cialit\u00e9 et de la langue.<\/p>\n<h3 id=\"t-1594219921961\" style=\"\">1. Interpr\u00e8tes agr\u00e9\u00e9s<\/h3>\n<p style=\"\">A Vienne, nous travaillons avec des interpr\u00e8tes asserment\u00e9s.&nbsp;<\/p>\n<h3 id=\"t-1594219921962\" style=\"\">2. Domaines d&rsquo;expertise<\/h3>\n<p style=\"\">Les connaissances sp\u00e9cialis\u00e9es sont souvent indispensables pour la traduction de domaines sp\u00e9cialis\u00e9s, par exemple en politique, technologie et science. Nous avons \u00e9galement les bons interpr\u00e8tes dans notre base de donn\u00e9es pour les domaines d&rsquo;expertise.<\/p>\n<h3 id=\"t-1594219921963\" style=\"\">3. Traduction simultan\u00e9e<\/h3>\n<p style=\"\">Il est \u00e9galement possible de faire appel \u00e0 des interpr\u00e8tes pour la traduction de discours, d&rsquo;\u00e9v\u00e9nements d&rsquo;entreprise et d&rsquo;autres \u00e9v\u00e9nements en direct.<\/p>\n<h2 id=\"t-1594219921965\">243 + interpr\u00e8tes<\/h2>\n<p>Contact avec des interpr\u00e8tes licenci\u00e9s et asserment\u00e9s \u00e0 Vienne avec des connaissances sp\u00e9cialis\u00e9es.&nbsp;<\/p>\n<h2 style=\"text-align: center;\" id=\"t-1594219921966\">Quelles h\u00f4tesses pouvez-vous fournir ?<\/h2>\n<p style=\"text-align: center;\">Le placement d&rsquo;h\u00f4tesses est possible \u00e0 partir de 25 \u20ac de l&rsquo;heure HT \u00e0 Vienne et ses environs.<\/p>\n<h3 id=\"t-1594219921967\" style=\"\">1. Pour les salons \u00e0 Vienne<\/h3>\n<p style=\"\">Nos h\u00f4tesses vous assistent en tant que personnel de service \u00e0 la r\u00e9ception de votre stand d&rsquo;exposition et peuvent assumer de petites fonctions d&rsquo;interpr\u00e9tation.<\/p>\n<h3 id=\"t-1594219921968\" style=\"\">2. \u00c9v\u00e9nements \u00e0 Vienne<\/h3>\n<p style=\"\">Les t\u00e2ches classiques de nos h\u00f4tesses comprennent l&rsquo;accueil, l&rsquo;accueil et l&rsquo;installation des clients. Cela comprend \u00e9galement l&rsquo;enregistrement des invit\u00e9s.<\/p>\n<h2 id=\"t-1594219921969\">Agences s\u00e9lectionn\u00e9es&nbsp;<\/h2>\n<p>Nous travaillons avec les meilleures agences de Vienne. D\u00e9posez ici votre demande d&rsquo;h\u00f4tesses pour \u00e9v\u00e9nements, salons et \u00e9v\u00e9nements \u00e0 Vienne.&nbsp;<\/p>\n<h2 style=\"text-align: center;\" id=\"t-1594219921970\">Guides de la ville multilingues<\/h2>\n<p style=\"text-align: center;\">Des guides de la ville multilingues peuvent \u00eatre organis\u00e9s \u00e0 partir de 40 \u20ac par heure plus TVA. Le prix d\u00e9pend des langues et du sujet.<\/p>\n<h3 id=\"t-1594219921971\" style=\"\">1. Visites priv\u00e9es \u00e0 Vienne<\/h3>\n<p style=\"\">Souhaitez-vous inspirer vos invit\u00e9s avec les points forts de Vienne ou des lieux cach\u00e9s hors des sentiers battus ? Nos guides de la ville garantissent une exp\u00e9rience viennoise dont on se souviendra longtemps.<\/p>\n<h3 id=\"t-1594219921972\" style=\"\">2. Visites de groupe \u00e0 Vienne<\/h3>\n<p style=\"\">Apr\u00e8s une journ\u00e9e au salon, vous pouvez r\u00e9compenser vos coll\u00e8gues avec une visite de groupe passionnante \u00e0 Vienne. Bien s\u00fbr, les invit\u00e9s que vous avez invit\u00e9s \u00e0 Vienne peuvent \u00e9galement profiter de visites guid\u00e9es avec des guides de la ville agr\u00e9\u00e9s. En tant qu&rsquo;agence \u00e0 service complet, nous sommes \u00e9galement heureux d&rsquo;organiser des bus, des restaurants et des emplacements.<\/p>\n<h2 id=\"t-1594219921973\">Guide de la ville de Vienne<\/h2>\n<p>Nos services comprennent l&rsquo;organisation de billets, des visites guid\u00e9es et des visites pour les particuliers et les entreprises.<\/p>\n<p>Nous serions heureux de s\u00e9lectionner un guide de la ville qui correspond \u00e0 vos besoins et qui poss\u00e8de les domaines sp\u00e9cialis\u00e9s et les comp\u00e9tences linguistiques pertinents.&nbsp;<\/p>\n<h2 id=\"t-1594219921974\">Que dois-je savoir avant de r\u00e9server ?<\/h2>\n<h2>Une langue, une personne. Deux langues, deux personnes.&nbsp;<\/h2>\n<p>L&rsquo;anglais est d\u00e9sormais la langue des affaires incontest\u00e9e.<\/p>\n<p>Des traductions pr\u00e9cises sont essentielles, en particulier pour la traduction de domaines sp\u00e9cialis\u00e9s, par exemple un congr\u00e8s m\u00e9dical, des questions juridiques et des \u00e9v\u00e9nements politiques.<\/p>\n<p>Dans les situations importantes, il faut pouvoir s&rsquo;exprimer dans sa meilleure langue.<\/p>\n<p>La t\u00e2che de trouver la bonne langue est effectu\u00e9e par un interpr\u00e8te comp\u00e9tent, qui est \u00e9galement heureux d&rsquo;\u00eatre asserment\u00e9 avec les domaines de sp\u00e9cialisation appropri\u00e9s.&nbsp;<\/p>\n<p>Avec l&rsquo;office de tourisme de Vienne, la gestion des conf\u00e9rences, des \u00e9v\u00e9nements d&rsquo;entreprise et des \u00e9v\u00e9nements est possible \u00e0 partir d&rsquo;une seule source. Si vous le souhaitez, il existe un interlocuteur unique pour les interpr\u00e8tes, les h\u00f4tesses et l&rsquo;ensemble du programme d&rsquo;accompagnement, qui se charge de toutes les d\u00e9marches ult\u00e9rieures et est disponible 24h\/24.<\/p>\n<p>La premi\u00e8re \u00e9tape est une consultation initiale gratuite pour v\u00e9rifier les exigences.&nbsp;<\/p>\n<h3>Traitement \u00e0 partir d&rsquo;une source unique<\/h3>\n<ul>\n<li style=\"\"><span style=\"\"><strong>Assistance 24h\/24 :<\/strong> lors de la planification, de la pr\u00e9paration et de l&rsquo;ex\u00e9cution d&rsquo;\u00e9v\u00e9nements \u00e0 Vienne.&nbsp;<\/span><\/li>\n<li><span><strong>D&rsquo;une seule source :<\/strong> traitement complet avec une seule personne de contact, de l&rsquo;h\u00f4tel de la conf\u00e9rence, des interpr\u00e8tes au programme de soutien.&nbsp;<\/span><\/li>\n<li><span><strong>Consultation initiale gratuite :<\/strong> Premier contact avec conseil sur les offres, examen des besoins et des possibilit\u00e9s \u00e0 Vienne. &nbsp;<\/span><\/li>\n<\/ul>\n<h2 style=\"text-align: center;\">Premi\u00e8re consultation gratuite<\/h2>\n<p style=\"text-align: center;\">Nous serions ravis de discuter de vos attentes. Le contact est possible par t\u00e9l\u00e9phone au&nbsp; <span data-shortcode=\"thrive_global_fields\" data-shortcode-name=\"[Company] MICE Telefonnummer\" data-extra_key=\"1\" data-attr-id=\"19\" data-option-inline=\"1\">0043124567890<\/span> , email \u00e0 <em>support@viennatouristinformation.com\/fr<\/em> ou formulaire de contact.&nbsp;<\/p>\n","protected":false},"excerpt":{"rendered":"<p>Interpr\u00e8tes, h\u00f4tesses et guides de la ville de Vienne. M\u00e9diation d&rsquo;interpr\u00e8tes asserment\u00e9s agr\u00e9\u00e9s, d&rsquo;h\u00f4tesses et de guides de ville dans toutes les langues.&nbsp; Interpr\u00e8tes avec expertise Des interpr\u00e8tes qualifi\u00e9s avec des connaissances sp\u00e9cialis\u00e9es sont n\u00e9cessaires pour les \u00e9v\u00e9nements dans les secteurs de la technologie, de la pharmacie et de l&rsquo;informatique. Pour que votre \u00e9v\u00e9nement soit [&hellip;]<\/p>\n","protected":false},"author":3,"featured_media":2909,"parent":1352,"menu_order":0,"comment_status":"closed","ping_status":"closed","template":"","meta":{"footnotes":""},"tags":[],"class_list":["post-1438","page","type-page","status-publish","has-post-thumbnail","hentry","post-wrapper","thrv_wrapper"],"_links":{"self":[{"href":"https:\/\/viennatouristinformation.com\/fr\/wp-json\/wp\/v2\/pages\/1438","targetHints":{"allow":["GET"]}}],"collection":[{"href":"https:\/\/viennatouristinformation.com\/fr\/wp-json\/wp\/v2\/pages"}],"about":[{"href":"https:\/\/viennatouristinformation.com\/fr\/wp-json\/wp\/v2\/types\/page"}],"author":[{"embeddable":true,"href":"https:\/\/viennatouristinformation.com\/fr\/wp-json\/wp\/v2\/users\/3"}],"replies":[{"embeddable":true,"href":"https:\/\/viennatouristinformation.com\/fr\/wp-json\/wp\/v2\/comments?post=1438"}],"version-history":[{"count":0,"href":"https:\/\/viennatouristinformation.com\/fr\/wp-json\/wp\/v2\/pages\/1438\/revisions"}],"up":[{"embeddable":true,"href":"https:\/\/viennatouristinformation.com\/fr\/wp-json\/wp\/v2\/pages\/1352"}],"wp:featuredmedia":[{"embeddable":true,"href":"https:\/\/viennatouristinformation.com\/fr\/wp-json\/wp\/v2\/media\/2909"}],"wp:attachment":[{"href":"https:\/\/viennatouristinformation.com\/fr\/wp-json\/wp\/v2\/media?parent=1438"}],"wp:term":[{"taxonomy":"post_tag","embeddable":true,"href":"https:\/\/viennatouristinformation.com\/fr\/wp-json\/wp\/v2\/tags?post=1438"}],"curies":[{"name":"wp","href":"https:\/\/api.w.org\/{rel}","templated":true}]}}