{"id":1464,"date":"2020-09-07T14:10:52","date_gmt":"2020-09-07T12:10:52","guid":{"rendered":"http:\/\/viennatouristinformation.com\/fr\/?page_id=1464"},"modified":"2023-06-12T16:39:43","modified_gmt":"2023-06-12T14:39:43","slug":"shopping","status":"publish","type":"page","link":"https:\/\/viennatouristinformation.com\/fr\/shopping\/","title":{"rendered":"Guide du Shopping \u00e0 Vienne"},"content":{"rendered":"<h1 style=\"\">Guide du Shopping \u00e0 Vienne<\/h1>\n<p style=\"\"><strong>O\u00f9 puis-je faire mon Shopping \u00e0 Vienne ?<\/strong><\/p>\n<p style=\"\">\n<p style=\"\">Voici notre liste des meilleures rues commer\u00e7antes, centres commerciaux et march\u00e9s de Vienne.&nbsp;<\/p>\n<h2 id=\"t-1594796653444\" style=\"\">Conseils de Shopping \u00e0 Vienne<\/h2>\n<p>Vienne est la m\u00e9tropole commerciale de l&rsquo;Autriche. Les grands magasins, les rues commer\u00e7antes, les petites boutiques et les march\u00e9s se rencontrent ici.&nbsp;<\/p>\n<p>Tout est compris entre les id\u00e9es farfelues, la mode de cr\u00e9ateurs et les marques de luxe.&nbsp;<\/p>\n<p>La rue commer\u00e7ante Mariahilferstra\u00dfe, le centre commercial sud et le Naschmarkt sont c\u00e9l\u00e8bres. Les marques de luxe se sont install\u00e9es dans le Golden Quarter sur le Graben dans le 1er arrondissement, o\u00f9 la K\u00e4rtnerstrasse invite \u00e9galement au shopping.&nbsp;<\/p>\n<p>Le centre commercial Wien Mitte est situ\u00e9 \u00e0 proximit\u00e9 du centre. De petites boutiques vendent de la mode individuelle dans le 7\u00e8me arrondissement de Neubau, notamment autour du Spittelberg.&nbsp;<\/p>\n<p>Le Naschmarkt est c\u00e9l\u00e8bre avec ses \u00e9choppes, ses caf\u00e9s et ses restaurants.&nbsp;<\/p>\n<h3 id=\"t-1594796653445\">Heures d&rsquo;ouverture \u00e0 Vienne<\/h3>\n<p>Les magasins \u00e0 Vienne sont g\u00e9n\u00e9ralement ouverts du lundi au samedi, le dimanche \u00e9tant un jour f\u00e9ri\u00e9. Les supermarch\u00e9s ouvrent \u00e0 partir de 7h00, les boutiques de mode \u00e0 partir de 9h00. Les supermarch\u00e9s ferment \u00e0 20h30 au plus tard, parfois d\u00e8s 19h00. Les magasins normaux ferment \u00e0 20h00 au plus tard.&nbsp;<\/p>\n<p><strong><span style=\"color: var(ca1c1);\">Week-end :&nbsp;<\/span><\/strong> Le dimanche \u00e0 Vienne, seuls les supermarch\u00e9s des gares, de l&rsquo;a\u00e9roport et du 1er arrondissement sont ouverts.&nbsp;<\/p>\n<h2 style=\"text-align: center;\" id=\"t-1594796653446\">Endroits typiques pour faire du shopping<\/h2>\n<p style=\"text-align: center;\">Vue d&rsquo;ensemble des rues commer\u00e7antes, des centres commerciaux et des march\u00e9s<\/p>\n<p><a href=\"https:\/\/viennatouristinformation.com\/fr\/shopping\/rues-commercantes\/\" dynamic-postlink=\"tcb_post_the_permalink\" data-shortcode-id=\"238\"><\/a><\/p>\n<h3 style=\"text-align: center; padding-top: 0px !important; margin-top: 0px !important;\"><span data-attr-link=\"1\" data-attr-rel=\"0\" data-attr-target=\"0\" data-extra_key=\"\" data-option-inline=\"1\" data-shortcode=\"tcb_post_title\" data-shortcode-name=\"Post title\" data-attr-css=\"\" style=\"\" data-attr-static-link=\"{&quot;className&quot;:&quot;&quot;,&quot;href&quot;:&quot;https:\/\/viennatouristinformation.com\/fr\/shopping\/rues-commercantes\/&quot;,&quot;title&quot;:&quot;Top 10 des Rues Commer\u00e7antes de Vienne&quot;,&quot;class&quot;:&quot;&quot;}\"><a href=\"https:\/\/viennatouristinformation.com\/fr\/shopping\/rues-commercantes\/\" title=\"Top 10 des Rues Commer\u00e7antes de Vienne\" data-css=\"\">Top 10 des Rues Commer\u00e7antes de Vienne<\/a><\/span><\/h3>\n<p><a href=\"https:\/\/viennatouristinformation.com\/fr\/shopping\/rues-commercantes\/\"><span style=\"\"><span style=\"\"><strong>Lire plus<\/strong><\/span><\/span><\/a><a href=\"https:\/\/viennatouristinformation.com\/fr\/shopping\/centres-commerciaux\/\" dynamic-postlink=\"tcb_post_the_permalink\" data-shortcode-id=\"238\"><\/a><\/p>\n<h3 style=\"text-align: center; padding-top: 0px !important; margin-top: 0px !important;\"><span data-attr-link=\"1\" data-attr-rel=\"0\" data-attr-target=\"0\" data-extra_key=\"\" data-option-inline=\"1\" data-shortcode=\"tcb_post_title\" data-shortcode-name=\"Post title\" data-attr-css=\"\" style=\"\" data-attr-static-link=\"{&quot;className&quot;:&quot;&quot;,&quot;href&quot;:&quot;https:\/\/viennatouristinformation.com\/fr\/shopping\/rues-commercantes\/&quot;,&quot;title&quot;:&quot;Top 10 des Rues Commer\u00e7antes de Vienne&quot;,&quot;class&quot;:&quot;&quot;}\"><a href=\"https:\/\/viennatouristinformation.com\/fr\/shopping\/centres-commerciaux\/\" title=\"Top 10 des Centres Commerciaux \u00e0 Vienne\" data-css=\"\">Top 10 des Centres Commerciaux \u00e0 Vienne<\/a><\/span><\/h3>\n<p><a href=\"https:\/\/viennatouristinformation.com\/fr\/shopping\/centres-commerciaux\/\"><span style=\"\"><span style=\"\"><strong>Lire plus<\/strong><\/span><\/span><\/a><a href=\"https:\/\/viennatouristinformation.com\/fr\/shopping\/marches-de-noel\/\" dynamic-postlink=\"tcb_post_the_permalink\" data-shortcode-id=\"238\"><\/a><\/p>\n<h3 style=\"text-align: center; padding-top: 0px !important; margin-top: 0px !important;\"><span data-attr-link=\"1\" data-attr-rel=\"0\" data-attr-target=\"0\" data-extra_key=\"\" data-option-inline=\"1\" data-shortcode=\"tcb_post_title\" data-shortcode-name=\"Post title\" data-attr-css=\"\" style=\"\" data-attr-static-link=\"{&quot;className&quot;:&quot;&quot;,&quot;href&quot;:&quot;https:\/\/viennatouristinformation.com\/fr\/shopping\/rues-commercantes\/&quot;,&quot;title&quot;:&quot;Top 10 des Rues Commer\u00e7antes de Vienne&quot;,&quot;class&quot;:&quot;&quot;}\"><a href=\"https:\/\/viennatouristinformation.com\/fr\/shopping\/marches-de-noel\/\" title=\"10 Plus Beaux March\u00e9s de No\u00ebl \u00e0 Vienne\" data-css=\"\">10 Plus Beaux March\u00e9s de No\u00ebl \u00e0 Vienne<\/a><\/span><\/h3>\n<p><a href=\"https:\/\/viennatouristinformation.com\/fr\/shopping\/marches-de-noel\/\"><span style=\"\"><span style=\"\"><strong>Lire plus<\/strong><\/span><\/span><\/a><a href=\"https:\/\/viennatouristinformation.com\/fr\/shopping\/marches\/\" dynamic-postlink=\"tcb_post_the_permalink\" data-shortcode-id=\"238\"><\/a><\/p>\n<h3 style=\"text-align: center; padding-top: 0px !important; margin-top: 0px !important;\"><span data-attr-link=\"1\" data-attr-rel=\"0\" data-attr-target=\"0\" data-extra_key=\"\" data-option-inline=\"1\" data-shortcode=\"tcb_post_title\" data-shortcode-name=\"Post title\" data-attr-css=\"\" style=\"\" data-attr-static-link=\"{&quot;className&quot;:&quot;&quot;,&quot;href&quot;:&quot;https:\/\/viennatouristinformation.com\/fr\/shopping\/rues-commercantes\/&quot;,&quot;title&quot;:&quot;Top 10 des Rues Commer\u00e7antes de Vienne&quot;,&quot;class&quot;:&quot;&quot;}\"><a href=\"https:\/\/viennatouristinformation.com\/fr\/shopping\/marches\/\" title=\"10 Meilleurs March\u00e9s \u00e0 Vienne\" data-css=\"\">10 Meilleurs March\u00e9s \u00e0 Vienne<\/a><\/span><\/h3>\n<p><a href=\"https:\/\/viennatouristinformation.com\/fr\/shopping\/marches\/\"><span style=\"\"><span style=\"\"><strong>Lire plus<\/strong><\/span><\/span><\/a><a href=\"javascript:void(0)\"><span style=\"\"><span style=\"\">Load More<\/span><\/span><\/a><\/p>\n<h2 style=\"text-align: center; font-size: 34px !important;\">Souvenirs de Vienne<\/h2>\n<p style=\"text-align: center;\">Que puis-je ramener de Vienne ?<\/p>\n<h3 id=\"t-1594796653443\" style=\"\"><span data-attr-css=\"tve-u-1735135c571\" data-attr-link=\"1\" data-attr-rel=\"0\" data-attr-target=\"0\" data-extra_key=\"\" data-option-inline=\"1\" data-shortcode=\"tcb_post_title\" data-shortcode-name=\"Post title\" data-attr-static-link=\"{&quot;className&quot;:&quot;&quot;,&quot;href&quot;:&quot;https:\/\/viennatouristinformation.com\/fr\/shopping\/souvenirs\/&quot;,&quot;title&quot;:&quot;16 Souvenirs de Vienne (Conseils Shopping)&quot;,&quot;data-css&quot;:&quot;tve-u-1735135c571&quot;,&quot;class&quot;:&quot;&quot;}\" style=\"\"><a href=\"https:\/\/viennatouristinformation.com\/fr\/shopping\/souvenirs\/\" title=\"16 Souvenirs de Vienne (Conseils Shopping)\">16 Souvenirs de Vienne (Conseils Shopping)<\/a><\/span><\/h3>\n<p><a href=\"javascript:void(0)\"><span style=\"\"><span style=\"\">Load More<\/span><\/span><\/a><\/p>\n<h2 style=\"text-align: center; font-size: 34px !important;\" id=\"t-1594796653442\">Endroits connus pour faire du shopping<\/h2>\n<p style=\"text-align: center;\">La plus grande rue commer\u00e7ante. Le centre commercial le plus c\u00e9l\u00e8bre. Le march\u00e9 principal.&nbsp;<\/p>\n<h4 style=\"\">Mariahilferstra\u00dfe<\/h4>\n<p><a href=\"https:\/\/viennatouristinformation.com\/fr\/shopping\/rues-commercantes\/\" style=\"outline: none;\">La rue commer\u00e7ante&nbsp;<\/a> la plus importante de Vienne avec des centres commerciaux, des magasins de marques internationales et de petites boutiques dans les rues lat\u00e9rales.&nbsp;<\/p>\n<h4 style=\"\">Shopping-City-S\u00fcd<\/h4>\n<p>Avec 330 boutiques, le Shopping Center City S\u00fcd est le plus grand centre commercial de Vienne et aussi l&rsquo;un des plus grands d&rsquo;Europe. Des succursales de cha\u00eenes bien connues se m\u00ealent \u00e0 de plus petites boutiques. Si le coeur vous en dit, vous pourrez regarder l&rsquo;un des derniers blockbusters du cin\u00e9ma UCI apr\u00e8s vos achats.<a href=\"https:\/\/berlincitytrips.com\/shopping\/einkaufshauser\" style=\"outline: currentcolor none medium;\" target=\"_blank\" rel=\"noopener\"><\/a>&nbsp;<\/p>\n<h4>March\u00e9<\/h4>\n<p>Le <a href=\"https:\/\/viennatouristinformation.com\/fr\/choses-a-faire\/attractions\/naschmarkt\/\" style=\"outline: none;\">Naschmarkt<\/a> pr\u00e8s de la cath\u00e9drale Saint-\u00c9tienne est l&rsquo;un des \u00ab\u00a0originaux\u00a0\u00bb de la capitale. L&rsquo;atmosph\u00e8re anim\u00e9e du march\u00e9 ainsi que les offres gastronomiques nationales et internationales attirent des visiteurs du monde entier. Le Naschmarkt peut \u00e9galement \u00eatre facilement combin\u00e9 avec les curiosit\u00e9s. Le samedi, il y a aussi un grand march\u00e9 aux puces avec des antiquit\u00e9s, des livres d&rsquo;occasion et des disques.<\/p>\n<p><span><img decoding=\"async\" class=\"lazyload\" alt=\"March\u00e9 hebdomadaire \u00e0 Maybachufer \u00e0 Berlin en Allemagne\" data-id=\"884\" data-init-width=\"1000\" data-init-height=\"667\" title=\"March\u00e9 hebdomadaire \u00e0 Maybachufer \u00e0 Berlin en Allemagne\" src=\"data:image\/gif;base64,R0lGODlhAQABAIAAAAAAAP\/\/\/yH5BAEAAAAALAAAAAABAAEAAAIBRAA7\" data-src=\"https:\/\/viennatouristinformation.com\/fr\/wp-content\/uploads\/2020\/09\/Wochenmarkt-am-Maybachufer-in-Berlin-in-Deutschland.jpg\" data-width=\"1000\" data-height=\"667\" width=\"1000\" height=\"667\" data-pin-media=\"https:\/\/viennatouristinformation.com\/fr\/wp-content\/uploads\/2021\/01\/wien_pinterest_shopping-guide-2.png\" data-pin-description=\"Wien Shopping Guide: Wo, wann und wie lange?\" data-pin-url=\"https:\/\/viennatouristinformation.com\/fr\/shopping\/?tve=true&amp;tcbf=c259d22f47\" loading=\"lazy\"><noscript><img decoding=\"async\" class=\"lazyload\" alt=\"March\u00e9 hebdomadaire \u00e0 Maybachufer \u00e0 Berlin en Allemagne\" data-id=\"884\" data-init-width=\"1000\" data-init-height=\"667\" title=\"March\u00e9 hebdomadaire \u00e0 Maybachufer \u00e0 Berlin en Allemagne\" src=\"https:\/\/viennatouristinformation.com\/fr\/wp-content\/uploads\/2020\/09\/Wochenmarkt-am-Maybachufer-in-Berlin-in-Deutschland.jpg\" data-width=\"1000\" data-height=\"667\" width=\"1000\" height=\"667\" data-pin-media=\"https:\/\/viennatouristinformation.com\/fr\/wp-content\/uploads\/2021\/01\/wien_pinterest_shopping-guide-2.png\" data-pin-description=\"Wien Shopping Guide: Wo, wann und wie lange?\" data-pin-url=\"https:\/\/viennatouristinformation.com\/fr\/shopping\/?tve=true&amp;tcbf=c259d22f47\" loading=\"lazy\"><\/noscript><\/span><\/p>\n<h2 style=\"text-align: center;\">D&rsquo;autres id\u00e9es Shopping ?<\/h2>\n<p>Vienne est une capitale de pr\u00e8s de 2 millions d&rsquo;habitants. C&rsquo;est pourquoi les rues commer\u00e7antes, les quartiers et les centres sont r\u00e9partis dans toute la ville, il y a plus de 100 zones pi\u00e9tonnes \u00e0 Vienne. Cela signifie qu&rsquo;une visite <a href=\"https:\/\/viennatouristinformation.com\/fr\/choses-a-faire\/\" style=\"outline: none;\">des sites les plus importants<\/a> peut \u00e9galement \u00eatre facilement combin\u00e9e avec une courte pause shopping.&nbsp;<\/p>\n<p>Les exemples sont la Mariahilferstrasse pr\u00e8s du Museumsquartier et la K\u00e4rnterstrasse avec le c\u00e9l\u00e8bre h\u00f4tel Sacher, qui s&rsquo;\u00e9tend du Wiener Staastoper \u00e0 la Stephansplatz.&nbsp;<\/p>\n<p>Ensuite, il y a les <a href=\"https:\/\/viennatouristinformation.com\/fr\/shopping\/marches\/\" style=\"outline: none;\">march\u00e9s hebdomadaires viennois<\/a> .&nbsp;<\/p>\n<h3>Magasins \u00e0 proximit\u00e9 des attractions<\/h3>\n<ul>\n<li style=\"\"><span style=\"\"><strong>Mariahilferstrasse et K\u00e4rntnerstrasse :<\/strong> L&#8217;emplacement dans le centre-ville fait \u00e9galement de ces deux importantes rues commer\u00e7antes de Vienne le meilleur endroit pour faire du shopping pendant une escapade citadine. Ceux qui aiment chercher des alternatives aux boutiques de marques internationales peuvent se promener dans les rues lat\u00e9rales.&nbsp;<\/span><\/li>\n<li><span><strong>Wien Mitte :<\/strong> Le grand magasin The Mall se trouve \u00e0 quelques minutes \u00e0 pied de la Stephansplatz. Il est proche des principales attractions du centre de Vienne, ce qui en fait l&rsquo;endroit id\u00e9al pour faire du shopping dans un centre commercial, surtout par temps de pluie.&nbsp;<\/span><\/li>\n<li><span><strong>Naschmarkt :<\/strong> \u00c0 proximit\u00e9 des sites touristiques de Wien Mitte et de la cath\u00e9drale Saint-\u00c9tienne, le Naschmarkt est un bon endroit pour se promener parmi les artistes de rue, la cuisine de rue, les stands d&rsquo;artisanat et les souvenirs viennois typiques.&nbsp;<\/span><\/li>\n<\/ul>\n<h2 style=\"text-align: center; font-size: 34px !important;\">Plus d&rsquo;id\u00e9es d&rsquo;activit\u00e9s \u00e0 Vienne<\/h2>\n<p style=\"text-align: center;\">Que puis-je faire d&rsquo;autre?<\/p>\n<h3 style=\"\"><span data-attr-css=\"tve-u-173517fc1cb\" data-attr-link=\"1\" data-attr-rel=\"0\" data-attr-target=\"0\" data-extra_key=\"\" data-option-inline=\"1\" data-shortcode=\"tcb_post_title\" data-shortcode-name=\"Post title\" data-attr-static-link=\"{&quot;className&quot;:&quot;&quot;,&quot;href&quot;:&quot;https:\/\/viennatouristinformation.com\/fr\/choses-a-faire\/&quot;,&quot;title&quot;:&quot;100 Choses \u00e0 Faire \u00e0 Vienne : Palaces, Mus\u00e9es, Concerts\u2026&quot;,&quot;data-css&quot;:&quot;tve-u-173517fc1cb&quot;,&quot;class&quot;:&quot;&quot;}\"><a href=\"https:\/\/viennatouristinformation.com\/fr\/choses-a-faire\/\" title=\"100 Choses \u00e0 Faire \u00e0 Vienne : Palaces, Mus\u00e9es, Concerts\u2026\">100 Choses \u00e0 Faire \u00e0 Vienne : Palaces, Mus\u00e9es, Concerts\u2026<\/a><\/span><\/h3>\n<p><a href=\"https:\/\/viennatouristinformation.com\/fr\/choses-a-faire\/musee\/\" dynamic-postlink=\"tcb_post_the_permalink\" data-shortcode-id=\"133\"><\/a><\/p>\n<h3 id=\"t-1594796653438\" style=\"text-align: center; padding-top: 0px !important; margin-top: 0px !important;\"><span data-attr-link=\"1\" data-attr-rel=\"0\" data-attr-target=\"0\" data-extra_key=\"\" data-option-inline=\"1\" data-shortcode=\"tcb_post_title\" data-shortcode-name=\"Post title\" data-attr-css=\"\" style=\"\" data-attr-static-link=\"{&quot;className&quot;:&quot;&quot;,&quot;href&quot;:&quot;https:\/\/viennatouristinformation.com\/fr\/choses-a-faire\/musee\/&quot;,&quot;title&quot;:&quot;30 Meilleurs Mus\u00e9es \u00e0 Vienne (+ Infos &amp; Billets)&quot;,&quot;class&quot;:&quot;&quot;}\"><a href=\"https:\/\/viennatouristinformation.com\/fr\/choses-a-faire\/musee\/\" title=\"30 Meilleurs Mus\u00e9es \u00e0 Vienne (+ Infos &amp; Billets)\" data-css=\"\">30 Meilleurs Mus\u00e9es \u00e0 Vienne (+ Infos &amp; Billets)<\/a><\/span><\/h3>\n<p><a href=\"https:\/\/viennatouristinformation.com\/fr\/choses-a-faire\/musee\/\"><span style=\"\"><span style=\"\"><strong>Lire Plus<\/strong><\/span><\/span><\/a><a href=\"https:\/\/viennatouristinformation.com\/fr\/choses-a-faire\/avec-les-enfants\/\" dynamic-postlink=\"tcb_post_the_permalink\" data-shortcode-id=\"133\"><\/a><\/p>\n<h3 id=\"t-1594796653438\" style=\"text-align: center; padding-top: 0px !important; margin-top: 0px !important;\"><span data-attr-link=\"1\" data-attr-rel=\"0\" data-attr-target=\"0\" data-extra_key=\"\" data-option-inline=\"1\" data-shortcode=\"tcb_post_title\" data-shortcode-name=\"Post title\" data-attr-css=\"\" style=\"\" data-attr-static-link=\"{&quot;className&quot;:&quot;&quot;,&quot;href&quot;:&quot;https:\/\/viennatouristinformation.com\/fr\/choses-a-faire\/musee\/&quot;,&quot;title&quot;:&quot;30 Meilleurs Mus\u00e9es \u00e0 Vienne (+ Infos &amp; Billets)&quot;,&quot;class&quot;:&quot;&quot;}\"><a href=\"https:\/\/viennatouristinformation.com\/fr\/choses-a-faire\/avec-les-enfants\/\" title=\"25 Meilleures Choses \u00e0 Faire avec les Enfants \u00e0 Vienne\" data-css=\"\">25 Meilleures Choses \u00e0 Faire avec les Enfants \u00e0 Vienne<\/a><\/span><\/h3>\n<p><a href=\"https:\/\/viennatouristinformation.com\/fr\/choses-a-faire\/avec-les-enfants\/\"><span style=\"\"><span style=\"\"><strong>Lire Plus<\/strong><\/span><\/span><\/a><a href=\"https:\/\/viennatouristinformation.com\/fr\/restaurants-a-vienne\/cafe\/\" dynamic-postlink=\"tcb_post_the_permalink\" data-shortcode-id=\"133\"><\/a><\/p>\n<h3 id=\"t-1594796653438\" style=\"text-align: center; padding-top: 0px !important; margin-top: 0px !important;\"><span data-attr-link=\"1\" data-attr-rel=\"0\" data-attr-target=\"0\" data-extra_key=\"\" data-option-inline=\"1\" data-shortcode=\"tcb_post_title\" data-shortcode-name=\"Post title\" data-attr-css=\"\" style=\"\" data-attr-static-link=\"{&quot;className&quot;:&quot;&quot;,&quot;href&quot;:&quot;https:\/\/viennatouristinformation.com\/fr\/choses-a-faire\/musee\/&quot;,&quot;title&quot;:&quot;30 Meilleurs Mus\u00e9es \u00e0 Vienne (+ Infos &amp; Billets)&quot;,&quot;class&quot;:&quot;&quot;}\"><a href=\"https:\/\/viennatouristinformation.com\/fr\/restaurants-a-vienne\/cafe\/\" title=\"10 Vrais caf\u00e9s viennois [avec de bonnes notes]\" data-css=\"\">10 Vrais caf\u00e9s viennois [avec de bonnes notes]<\/a><\/span><\/h3>\n<p><a href=\"https:\/\/viennatouristinformation.com\/fr\/restaurants-a-vienne\/cafe\/\"><span style=\"\"><span style=\"\"><strong>Lire Plus<\/strong><\/span><\/span><\/a><a href=\"https:\/\/viennatouristinformation.com\/fr\/choses-a-faire\/chateaux\/\" dynamic-postlink=\"tcb_post_the_permalink\" data-shortcode-id=\"133\"><\/a><\/p>\n<h3 id=\"t-1594796653438\" style=\"text-align: center; padding-top: 0px !important; margin-top: 0px !important;\"><span data-attr-link=\"1\" data-attr-rel=\"0\" data-attr-target=\"0\" data-extra_key=\"\" data-option-inline=\"1\" data-shortcode=\"tcb_post_title\" data-shortcode-name=\"Post title\" data-attr-css=\"\" style=\"\" data-attr-static-link=\"{&quot;className&quot;:&quot;&quot;,&quot;href&quot;:&quot;https:\/\/viennatouristinformation.com\/fr\/choses-a-faire\/musee\/&quot;,&quot;title&quot;:&quot;30 Meilleurs Mus\u00e9es \u00e0 Vienne (+ Infos &amp; Billets)&quot;,&quot;class&quot;:&quot;&quot;}\"><a href=\"https:\/\/viennatouristinformation.com\/fr\/choses-a-faire\/chateaux\/\" title=\"10 Plus Beaux Ch\u00e2teaux de Vienne\" data-css=\"\">10 Plus Beaux Ch\u00e2teaux de Vienne<\/a><\/span><\/h3>\n<p><a href=\"https:\/\/viennatouristinformation.com\/fr\/choses-a-faire\/chateaux\/\"><span style=\"\"><span style=\"\"><strong>Lire Plus<\/strong><\/span><\/span><\/a><a href=\"javascript:void(0)\" style=\"\"><span style=\"\"><span style=\"\">Load More<\/span><\/span><\/a><\/p>\n<h2 style=\"text-align: center;\">FAQ sur le Shopping \u00e0 Vienne<\/h2>\n","protected":false},"excerpt":{"rendered":"<p>Guide du Shopping \u00e0 Vienne O\u00f9 puis-je faire mon Shopping \u00e0 Vienne ? Voici notre liste des meilleures rues commer\u00e7antes, centres commerciaux et march\u00e9s de Vienne.&nbsp; Conseils de Shopping \u00e0 Vienne Vienne est la m\u00e9tropole commerciale de l&rsquo;Autriche. Les grands magasins, les rues commer\u00e7antes, les petites boutiques et les march\u00e9s se rencontrent ici.&nbsp; Tout est [&hellip;]<\/p>\n","protected":false},"author":17,"featured_media":2689,"parent":0,"menu_order":0,"comment_status":"closed","ping_status":"closed","template":"","meta":{"footnotes":""},"tags":[],"class_list":["post-1464","page","type-page","status-publish","has-post-thumbnail","hentry","post-wrapper","thrv_wrapper"],"_links":{"self":[{"href":"https:\/\/viennatouristinformation.com\/fr\/wp-json\/wp\/v2\/pages\/1464","targetHints":{"allow":["GET"]}}],"collection":[{"href":"https:\/\/viennatouristinformation.com\/fr\/wp-json\/wp\/v2\/pages"}],"about":[{"href":"https:\/\/viennatouristinformation.com\/fr\/wp-json\/wp\/v2\/types\/page"}],"author":[{"embeddable":true,"href":"https:\/\/viennatouristinformation.com\/fr\/wp-json\/wp\/v2\/users\/17"}],"replies":[{"embeddable":true,"href":"https:\/\/viennatouristinformation.com\/fr\/wp-json\/wp\/v2\/comments?post=1464"}],"version-history":[{"count":0,"href":"https:\/\/viennatouristinformation.com\/fr\/wp-json\/wp\/v2\/pages\/1464\/revisions"}],"wp:featuredmedia":[{"embeddable":true,"href":"https:\/\/viennatouristinformation.com\/fr\/wp-json\/wp\/v2\/media\/2689"}],"wp:attachment":[{"href":"https:\/\/viennatouristinformation.com\/fr\/wp-json\/wp\/v2\/media?parent=1464"}],"wp:term":[{"taxonomy":"post_tag","embeddable":true,"href":"https:\/\/viennatouristinformation.com\/fr\/wp-json\/wp\/v2\/tags?post=1464"}],"curies":[{"name":"wp","href":"https:\/\/api.w.org\/{rel}","templated":true}]}}