{"id":1465,"date":"2020-09-07T07:36:08","date_gmt":"2020-09-07T05:36:08","guid":{"rendered":"http:\/\/viennatouristinformation.com\/fr\/?page_id=1465"},"modified":"2023-06-14T11:46:37","modified_gmt":"2023-06-14T09:46:37","slug":"arrivee","status":"publish","type":"page","link":"https:\/\/viennatouristinformation.com\/fr\/organisez-votre-voyage-a-vienne\/arrivee\/","title":{"rendered":"Arriv\u00e9e \u00e0 Vienne"},"content":{"rendered":"<h1>Guide pour se rendre \u00e0 Vienne<\/h1>\n<p style=\"\"><strong>Moyens d&rsquo;aller \u00e0 Vienne en Autriche :<\/strong> Avion, train, bus et voiture. Voici le guide complet.&nbsp;<\/p>\n<p style=\"text-align: center;\">Comment se rendre \u00e0 Vienne ?<\/p>\n<p style=\"text-align: center;\">&#8230; et comment se d\u00e9placer dans la ville ?<\/p>\n<h3 style=\"\"><span data-attr-css=\"tve-u-173e7860be8\" data-attr-link=\"1\" data-attr-rel=\"0\" data-attr-target=\"0\" data-extra_key=\"\" data-option-inline=\"1\" data-shortcode=\"tcb_post_title\" data-shortcode-name=\"Post title\" data-attr-static-link=\"{&quot;className&quot;:&quot;&quot;,&quot;href&quot;:&quot;https:\/\/viennatouristinformation.com\/fr\/organisez-votre-voyage-a-vienne\/transports-en-commun-a-vienne\/&quot;,&quot;title&quot;:&quot;Transports en commun&quot;,&quot;data-css&quot;:&quot;tve-u-173e7860be8&quot;,&quot;class&quot;:&quot;&quot;}\" style=\"\"><a href=\"https:\/\/viennatouristinformation.com\/fr\/organisez-votre-voyage-a-vienne\/transports-en-commun-a-vienne\/\" title=\"Transports en commun\">Transports en commun<\/a><\/span><\/h3>\n<p><a href=\"https:\/\/viennatouristinformation.com\/fr\/organisez-votre-voyage-a-vienne\/arrivee\/station-de-bus-vib\/\" dynamic-postlink=\"tcb_post_the_permalink\" data-shortcode-id=\"167\"><\/a><\/p>\n<h3 style=\"text-align: center; padding-top: 0px !important; margin-top: 0px !important;\"><span data-attr-link=\"1\" data-attr-rel=\"0\" data-attr-target=\"0\" data-extra_key=\"\" data-option-inline=\"1\" data-shortcode=\"tcb_post_title\" data-shortcode-name=\"Post title\" data-attr-css=\"\" data-attr-static-link=\"{&quot;className&quot;:&quot;&quot;,&quot;href&quot;:&quot;https:\/\/viennatouristinformation.com\/fr\/organisez-votre-voyage-a-vienne\/arrivee\/station-de-bus-vib\/&quot;,&quot;title&quot;:&quot;Gare routi\u00e8re de Vienne&nbsp;: VIB Gare routi\u00e8re internationale de Vienne&quot;,&quot;class&quot;:&quot;&quot;}\" style=\"\"><a href=\"https:\/\/viennatouristinformation.com\/fr\/organisez-votre-voyage-a-vienne\/arrivee\/station-de-bus-vib\/\" title=\"Gare routi\u00e8re de Vienne\u00a0: VIB Gare routi\u00e8re internationale de Vienne\" data-css=\"\">Gare routi\u00e8re de Vienne\u00a0: VIB Gare routi\u00e8re internationale de Vienne<\/a><\/span><\/h3>\n<p><a href=\"https:\/\/viennatouristinformation.com\/fr\/organisez-votre-voyage-a-vienne\/arrivee\/station-de-bus-vib\/\" style=\"\"><span style=\"\"><span style=\"\">Lire plus&#8230;<\/span><\/span><\/a><a href=\"https:\/\/viennatouristinformation.com\/fr\/organisez-votre-voyage-a-vienne\/arrivee\/aeroport-schwechat\/\" dynamic-postlink=\"tcb_post_the_permalink\" data-shortcode-id=\"167\"><\/a><\/p>\n<h3 style=\"text-align: center; padding-top: 0px !important; margin-top: 0px !important;\"><span data-attr-link=\"1\" data-attr-rel=\"0\" data-attr-target=\"0\" data-extra_key=\"\" data-option-inline=\"1\" data-shortcode=\"tcb_post_title\" data-shortcode-name=\"Post title\" data-attr-css=\"\" data-attr-static-link=\"{&quot;className&quot;:&quot;&quot;,&quot;href&quot;:&quot;https:\/\/viennatouristinformation.com\/fr\/organisez-votre-voyage-a-vienne\/arrivee\/station-de-bus-vib\/&quot;,&quot;title&quot;:&quot;Gare routi\u00e8re de Vienne&nbsp;: VIB Gare routi\u00e8re internationale de Vienne&quot;,&quot;class&quot;:&quot;&quot;}\" style=\"\"><a href=\"https:\/\/viennatouristinformation.com\/fr\/organisez-votre-voyage-a-vienne\/arrivee\/aeroport-schwechat\/\" title=\"Guide de l\u2019A\u00e9roport de Vienne Schwechat\" data-css=\"\">Guide de l\u2019A\u00e9roport de Vienne Schwechat<\/a><\/span><\/h3>\n<p><a href=\"https:\/\/viennatouristinformation.com\/fr\/organisez-votre-voyage-a-vienne\/arrivee\/aeroport-schwechat\/\" style=\"\"><span style=\"\"><span style=\"\">Lire plus&#8230;<\/span><\/span><\/a><a href=\"https:\/\/viennatouristinformation.com\/fr\/organisez-votre-voyage-a-vienne\/arrivee\/gare-centrale\/\" dynamic-postlink=\"tcb_post_the_permalink\" data-shortcode-id=\"167\"><\/a><\/p>\n<h3 style=\"text-align: center; padding-top: 0px !important; margin-top: 0px !important;\"><span data-attr-link=\"1\" data-attr-rel=\"0\" data-attr-target=\"0\" data-extra_key=\"\" data-option-inline=\"1\" data-shortcode=\"tcb_post_title\" data-shortcode-name=\"Post title\" data-attr-css=\"\" data-attr-static-link=\"{&quot;className&quot;:&quot;&quot;,&quot;href&quot;:&quot;https:\/\/viennatouristinformation.com\/fr\/organisez-votre-voyage-a-vienne\/arrivee\/station-de-bus-vib\/&quot;,&quot;title&quot;:&quot;Gare routi\u00e8re de Vienne&nbsp;: VIB Gare routi\u00e8re internationale de Vienne&quot;,&quot;class&quot;:&quot;&quot;}\" style=\"\"><a href=\"https:\/\/viennatouristinformation.com\/fr\/organisez-votre-voyage-a-vienne\/arrivee\/gare-centrale\/\" title=\"Guide de la Gare Centrale de Vienne\" data-css=\"\">Guide de la Gare Centrale de Vienne<\/a><\/span><\/h3>\n<p><a href=\"https:\/\/viennatouristinformation.com\/fr\/organisez-votre-voyage-a-vienne\/arrivee\/gare-centrale\/\" style=\"\"><span style=\"\"><span style=\"\">Lire plus&#8230;<\/span><\/span><\/a><a href=\"https:\/\/viennatouristinformation.com\/fr\/organisez-votre-voyage-a-vienne\/arrivee\/parc-relais\/\" dynamic-postlink=\"tcb_post_the_permalink\" data-shortcode-id=\"167\"><\/a><\/p>\n<h3 style=\"text-align: center; padding-top: 0px !important; margin-top: 0px !important;\"><span data-attr-link=\"1\" data-attr-rel=\"0\" data-attr-target=\"0\" data-extra_key=\"\" data-option-inline=\"1\" data-shortcode=\"tcb_post_title\" data-shortcode-name=\"Post title\" data-attr-css=\"\" data-attr-static-link=\"{&quot;className&quot;:&quot;&quot;,&quot;href&quot;:&quot;https:\/\/viennatouristinformation.com\/fr\/organisez-votre-voyage-a-vienne\/arrivee\/station-de-bus-vib\/&quot;,&quot;title&quot;:&quot;Gare routi\u00e8re de Vienne&nbsp;: VIB Gare routi\u00e8re internationale de Vienne&quot;,&quot;class&quot;:&quot;&quot;}\" style=\"\"><a href=\"https:\/\/viennatouristinformation.com\/fr\/organisez-votre-voyage-a-vienne\/arrivee\/parc-relais\/\" title=\"Parc Relais \u00e0 Vienne (Stationnement)\" data-css=\"\">Parc Relais \u00e0 Vienne (Stationnement)<\/a><\/span><\/h3>\n<p><a href=\"https:\/\/viennatouristinformation.com\/fr\/organisez-votre-voyage-a-vienne\/arrivee\/parc-relais\/\" style=\"\"><span style=\"\"><span style=\"\">Lire plus&#8230;<\/span><\/span><\/a><a href=\"https:\/\/viennatouristinformation.com\/fr\/organisez-votre-voyage-a-vienne\/arrivee\/parking\/\" dynamic-postlink=\"tcb_post_the_permalink\" data-shortcode-id=\"167\"><\/a><\/p>\n<h3 style=\"text-align: center; padding-top: 0px !important; margin-top: 0px !important;\"><span data-attr-link=\"1\" data-attr-rel=\"0\" data-attr-target=\"0\" data-extra_key=\"\" data-option-inline=\"1\" data-shortcode=\"tcb_post_title\" data-shortcode-name=\"Post title\" data-attr-css=\"\" data-attr-static-link=\"{&quot;className&quot;:&quot;&quot;,&quot;href&quot;:&quot;https:\/\/viennatouristinformation.com\/fr\/organisez-votre-voyage-a-vienne\/arrivee\/station-de-bus-vib\/&quot;,&quot;title&quot;:&quot;Gare routi\u00e8re de Vienne&nbsp;: VIB Gare routi\u00e8re internationale de Vienne&quot;,&quot;class&quot;:&quot;&quot;}\" style=\"\"><a href=\"https:\/\/viennatouristinformation.com\/fr\/organisez-votre-voyage-a-vienne\/arrivee\/parking\/\" title=\"Stationnement \u00e0 Vienne\" data-css=\"\">Stationnement \u00e0 Vienne<\/a><\/span><\/h3>\n<p><a href=\"https:\/\/viennatouristinformation.com\/fr\/organisez-votre-voyage-a-vienne\/arrivee\/parking\/\" style=\"\"><span style=\"\"><span style=\"\">Lire plus&#8230;<\/span><\/span><\/a><a href=\"https:\/\/viennatouristinformation.com\/fr\/organisez-votre-voyage-a-vienne\/arrivee\/taxi\/\" dynamic-postlink=\"tcb_post_the_permalink\" data-shortcode-id=\"167\"><\/a><\/p>\n<h3 style=\"text-align: center; padding-top: 0px !important; margin-top: 0px !important;\"><span data-attr-link=\"1\" data-attr-rel=\"0\" data-attr-target=\"0\" data-extra_key=\"\" data-option-inline=\"1\" data-shortcode=\"tcb_post_title\" data-shortcode-name=\"Post title\" data-attr-css=\"\" data-attr-static-link=\"{&quot;className&quot;:&quot;&quot;,&quot;href&quot;:&quot;https:\/\/viennatouristinformation.com\/fr\/organisez-votre-voyage-a-vienne\/arrivee\/station-de-bus-vib\/&quot;,&quot;title&quot;:&quot;Gare routi\u00e8re de Vienne&nbsp;: VIB Gare routi\u00e8re internationale de Vienne&quot;,&quot;class&quot;:&quot;&quot;}\" style=\"\"><a href=\"https:\/\/viennatouristinformation.com\/fr\/organisez-votre-voyage-a-vienne\/arrivee\/taxi\/\" title=\"Tout sur le taxi \u00e0 Vienne : tarifs, num\u00e9ros et FAQ\" data-css=\"\">Tout sur le taxi \u00e0 Vienne : tarifs, num\u00e9ros et FAQ<\/a><\/span><\/h3>\n<p><a href=\"https:\/\/viennatouristinformation.com\/fr\/organisez-votre-voyage-a-vienne\/arrivee\/taxi\/\" style=\"\"><span style=\"\"><span style=\"\">Lire plus&#8230;<\/span><\/span><\/a><a href=\"javascript:void(0)\" style=\"\"><span style=\"\"><span style=\"\">Load More<\/span><\/span><\/a><\/p>\n<p style=\"text-align: center;\">Transfert de l&rsquo;a\u00e9roport<\/p>\n<p style=\"text-align: center;\">City Airport Train (CAT), navette et transfert priv\u00e9<\/p>\n<h3 style=\"\"><span data-attr-css=\"tve-u-175028fc266\" data-attr-link=\"1\" data-attr-rel=\"0\" data-attr-target=\"0\" data-extra_key=\"\" data-option-inline=\"1\" data-shortcode=\"tcb_post_title\" data-shortcode-name=\"Post title\" data-attr-static-link=\"{&quot;className&quot;:&quot;&quot;,&quot;href&quot;:&quot;https:\/\/viennatouristinformation.com\/fr\/billetterie\/&quot;,&quot;title&quot;:&quot;Billets, visites et audioguides&quot;,&quot;data-css&quot;:&quot;tve-u-175028fc266&quot;,&quot;class&quot;:&quot;&quot;}\" style=\"\"><a href=\"https:\/\/viennatouristinformation.com\/fr\/billetterie\/\" title=\"Billets, visites et audioguides\">Billets, visites et audioguides<\/a><\/span><\/h3>\n<p><a href=\"javascript:void(0)\" style=\"\"><span style=\"\"><span style=\"\">Load More<\/span><\/span><\/a><\/p>\n<h2>Conf\u00e9rences, salons et voyages de groupe<\/h2>\n<p>En tant qu&rsquo;agent \u00e0 service complet, Viennatouristinformation.com organise tous les domaines du voyage de groupe.&nbsp;<\/p>\n<\/p>\n<p>Cela comprend les h\u00f4tels de conf\u00e9rence, les bus pour les transferts de groupe depuis l&rsquo;a\u00e9roport, les transferts ex\u00e9cutifs, la restauration, les incentives et bien s\u00fbr l&rsquo;ensemble du programme de soutien.&nbsp;<\/p>\n<\/p>\n<p>Lors d&rsquo;une premi\u00e8re consultation gratuite, nous serions heureux d&rsquo;examiner vos besoins en mati\u00e8re de conf\u00e9rences, de voyages de groupe et d&rsquo;\u00e9v\u00e9nements \u00e0 Vienne.&nbsp;<\/p>\n<h3>D&rsquo;une seule source<\/h3>\n<ul>\n<li style=\"\"><span style=\"\"><strong>Assistance 24 heures sur 24 :<\/strong> Toujours disponible lors de la planification, de la pr\u00e9paration et de la mise en \u0153uvre des voyages de groupe.&nbsp;<\/span><\/li>\n<li><span><strong>D&rsquo;une source unique :<\/strong> traitement complet, y compris le programme de support d&rsquo;une source unique avec une personne de contact.&nbsp;<\/span><\/li>\n<li><span><strong>Consultation initiale gratuite :<\/strong> Nous serions heureux de v\u00e9rifier lors d&rsquo;une consultation initiale gratuite si nous pouvons r\u00e9pondre \u00e0 vos exigences.&nbsp;<\/span><\/li>\n<\/ul>\n<h2 style=\"text-align: center;\">Consultation gratuite pour les voyages de groupe<\/h2>\n<p style=\"text-align: center;\">Nous serions ravis de discuter de vos attentes. Contactez-nous par&nbsp;email \u00e0&nbsp;<strong><em>support@viennatouristinformation.com<\/em><\/strong> ou via ce formulaire de contact.&nbsp;<\/p>\n","protected":false},"excerpt":{"rendered":"<p>Guide pour se rendre \u00e0 Vienne Moyens d&rsquo;aller \u00e0 Vienne en Autriche : Avion, train, bus et voiture. Voici le guide complet.&nbsp; Comment se rendre \u00e0 Vienne ? &#8230; et comment se d\u00e9placer dans la ville ? Transports en commun Gare routi\u00e8re de Vienne\u00a0: VIB Gare routi\u00e8re internationale de Vienne Lire plus&#8230; Guide de l\u2019A\u00e9roport [&hellip;]<\/p>\n","protected":false},"author":17,"featured_media":2740,"parent":111,"menu_order":0,"comment_status":"closed","ping_status":"closed","template":"","meta":{"footnotes":""},"tags":[],"class_list":["post-1465","page","type-page","status-publish","has-post-thumbnail","hentry","post-wrapper","thrv_wrapper"],"_links":{"self":[{"href":"https:\/\/viennatouristinformation.com\/fr\/wp-json\/wp\/v2\/pages\/1465","targetHints":{"allow":["GET"]}}],"collection":[{"href":"https:\/\/viennatouristinformation.com\/fr\/wp-json\/wp\/v2\/pages"}],"about":[{"href":"https:\/\/viennatouristinformation.com\/fr\/wp-json\/wp\/v2\/types\/page"}],"author":[{"embeddable":true,"href":"https:\/\/viennatouristinformation.com\/fr\/wp-json\/wp\/v2\/users\/17"}],"replies":[{"embeddable":true,"href":"https:\/\/viennatouristinformation.com\/fr\/wp-json\/wp\/v2\/comments?post=1465"}],"version-history":[{"count":0,"href":"https:\/\/viennatouristinformation.com\/fr\/wp-json\/wp\/v2\/pages\/1465\/revisions"}],"up":[{"embeddable":true,"href":"https:\/\/viennatouristinformation.com\/fr\/wp-json\/wp\/v2\/pages\/111"}],"wp:featuredmedia":[{"embeddable":true,"href":"https:\/\/viennatouristinformation.com\/fr\/wp-json\/wp\/v2\/media\/2740"}],"wp:attachment":[{"href":"https:\/\/viennatouristinformation.com\/fr\/wp-json\/wp\/v2\/media?parent=1465"}],"wp:term":[{"taxonomy":"post_tag","embeddable":true,"href":"https:\/\/viennatouristinformation.com\/fr\/wp-json\/wp\/v2\/tags?post=1465"}],"curies":[{"name":"wp","href":"https:\/\/api.w.org\/{rel}","templated":true}]}}