{"id":1467,"date":"2020-09-07T15:25:53","date_gmt":"2020-09-07T13:25:53","guid":{"rendered":"http:\/\/viennatouristinformation.com\/fr\/?page_id=1467"},"modified":"2023-06-12T16:34:14","modified_gmt":"2023-06-12T14:34:14","slug":"restaurants-a-vienne","status":"publish","type":"page","link":"https:\/\/viennatouristinformation.com\/fr\/restaurants-a-vienne\/","title":{"rendered":"Guide des Restaurants \u00e0 Vienne"},"content":{"rendered":"<h1>Guide des restaurants \u00e0 Vienne<\/h1>\n<p>Voici nos recommandations de meilleurs&nbsp;<strong>restaurants<\/strong>, <strong>caf\u00e9s<\/strong> et <strong>plats viennois typiques<\/strong> pour chaque occasion.<\/p>\n<h2 style=\"text-align: center;\">O\u00f9 puis-je manger \u00e0 Vienne ?<\/h2>\n<p><a href=\"https:\/\/viennatouristinformation.com\/fr\/restaurants-a-vienne\/restaurants-exceptionnels\/\" dynamic-postlink=\"tcb_post_the_permalink\" data-shortcode-id=\"547\"><\/a><\/p>\n<h3 style=\"text-align: center;\"><span data-attr-css=\"tve-u-173518d039a\" data-attr-link=\"1\" data-attr-rel=\"0\" data-attr-target=\"0\" data-extra_key=\"\" data-option-inline=\"1\" data-shortcode=\"tcb_post_title\" data-shortcode-name=\"Post title\" data-attr-static-link=\"{&quot;className&quot;:&quot;&quot;,&quot;href&quot;:&quot;https:\/\/viennatouristinformation.com\/fr\/restaurants-a-vienne\/restaurants-exceptionnels\/&quot;,&quot;title&quot;:&quot;22 Restaurants Exceptionnels \u00e0 Vienne&quot;,&quot;data-css&quot;:&quot;tve-u-173518d039a&quot;,&quot;class&quot;:&quot;&quot;}\"><a href=\"https:\/\/viennatouristinformation.com\/fr\/restaurants-a-vienne\/restaurants-exceptionnels\/\" title=\"22 Restaurants Exceptionnels \u00e0 Vienne\">22 Restaurants Exceptionnels \u00e0 Vienne<\/a><\/span><\/h3>\n<p><a href=\"https:\/\/viennatouristinformation.com\/fr\/restaurants-a-vienne\/restaurants-exceptionnels\/\" style=\"\"><span style=\"\"><span style=\"\"><strong>Lire&nbsp;<\/strong><span style=\"font-weight: 800;\">plus<\/span><\/span><\/span><\/a><a href=\"https:\/\/viennatouristinformation.com\/fr\/restaurants-a-vienne\/cafes\/\" dynamic-postlink=\"tcb_post_the_permalink\" data-shortcode-id=\"547\"><\/a><\/p>\n<h3 style=\"text-align: center;\"><span data-attr-css=\"tve-u-173518d039a\" data-attr-link=\"1\" data-attr-rel=\"0\" data-attr-target=\"0\" data-extra_key=\"\" data-option-inline=\"1\" data-shortcode=\"tcb_post_title\" data-shortcode-name=\"Post title\" data-attr-static-link=\"{&quot;className&quot;:&quot;&quot;,&quot;href&quot;:&quot;https:\/\/viennatouristinformation.com\/fr\/restaurants-a-vienne\/restaurants-exceptionnels\/&quot;,&quot;title&quot;:&quot;22 Restaurants Exceptionnels \u00e0 Vienne&quot;,&quot;data-css&quot;:&quot;tve-u-173518d039a&quot;,&quot;class&quot;:&quot;&quot;}\"><a href=\"https:\/\/viennatouristinformation.com\/fr\/restaurants-a-vienne\/cafes\/\" title=\"15 Caf\u00e9s \u00e0 Vienne (du branch\u00e9 au plus ancien)\">15 Caf\u00e9s \u00e0 Vienne (du branch\u00e9 au plus ancien)<\/a><\/span><\/h3>\n<p><a href=\"https:\/\/viennatouristinformation.com\/fr\/restaurants-a-vienne\/cafes\/\" style=\"\"><span style=\"\"><span style=\"\"><strong>Lire&nbsp;<\/strong><span style=\"font-weight: 800;\">plus<\/span><\/span><\/span><\/a><a href=\"https:\/\/viennatouristinformation.com\/fr\/restaurants-a-vienne\/tavernes-a-vin\/\" dynamic-postlink=\"tcb_post_the_permalink\" data-shortcode-id=\"547\"><\/a><\/p>\n<h3 style=\"text-align: center;\"><span data-attr-css=\"tve-u-173518d039a\" data-attr-link=\"1\" data-attr-rel=\"0\" data-attr-target=\"0\" data-extra_key=\"\" data-option-inline=\"1\" data-shortcode=\"tcb_post_title\" data-shortcode-name=\"Post title\" data-attr-static-link=\"{&quot;className&quot;:&quot;&quot;,&quot;href&quot;:&quot;https:\/\/viennatouristinformation.com\/fr\/restaurants-a-vienne\/restaurants-exceptionnels\/&quot;,&quot;title&quot;:&quot;22 Restaurants Exceptionnels \u00e0 Vienne&quot;,&quot;data-css&quot;:&quot;tve-u-173518d039a&quot;,&quot;class&quot;:&quot;&quot;}\"><a href=\"https:\/\/viennatouristinformation.com\/fr\/restaurants-a-vienne\/tavernes-a-vin\/\" title=\"12 Plus Belles Tavernes \u00e0 Vin de Vienne\">12 Plus Belles Tavernes \u00e0 Vin de Vienne<\/a><\/span><\/h3>\n<p><a href=\"https:\/\/viennatouristinformation.com\/fr\/restaurants-a-vienne\/tavernes-a-vin\/\" style=\"\"><span style=\"\"><span style=\"\"><strong>Lire&nbsp;<\/strong><span style=\"font-weight: 800;\">plus<\/span><\/span><\/span><\/a><a href=\"https:\/\/viennatouristinformation.com\/fr\/restaurants-a-vienne\/cafe\/\" dynamic-postlink=\"tcb_post_the_permalink\" data-shortcode-id=\"547\"><\/a><\/p>\n<h3 style=\"text-align: center;\"><span data-attr-css=\"tve-u-173518d039a\" data-attr-link=\"1\" data-attr-rel=\"0\" data-attr-target=\"0\" data-extra_key=\"\" data-option-inline=\"1\" data-shortcode=\"tcb_post_title\" data-shortcode-name=\"Post title\" data-attr-static-link=\"{&quot;className&quot;:&quot;&quot;,&quot;href&quot;:&quot;https:\/\/viennatouristinformation.com\/fr\/restaurants-a-vienne\/restaurants-exceptionnels\/&quot;,&quot;title&quot;:&quot;22 Restaurants Exceptionnels \u00e0 Vienne&quot;,&quot;data-css&quot;:&quot;tve-u-173518d039a&quot;,&quot;class&quot;:&quot;&quot;}\"><a href=\"https:\/\/viennatouristinformation.com\/fr\/restaurants-a-vienne\/cafe\/\" title=\"10 Vrais caf\u00e9s viennois [avec de bonnes notes]\">10 Vrais caf\u00e9s viennois [avec de bonnes notes]<\/a><\/span><\/h3>\n<p><a href=\"https:\/\/viennatouristinformation.com\/fr\/restaurants-a-vienne\/cafe\/\" style=\"\"><span style=\"\"><span style=\"\"><strong>Lire&nbsp;<\/strong><span style=\"font-weight: 800;\">plus<\/span><\/span><\/span><\/a><a href=\"javascript:void(0)\" style=\"\"><span style=\"\"><span style=\"\">Load More<\/span><\/span><\/a><\/p>\n<p style=\"text-align: center;\">Que puis-je manger \u00e0 Vienne ?<\/p>\n<p style=\"text-align: center;\">Strudel aux pommes, Kaiserschmarrn, pancakes et Wiener Schnitzel.&nbsp;Mais quoi d&rsquo;autre ?<\/p>\n<h2><span data-attr-css=\"tve-u-173dcc0ebe5\" data-attr-link=\"1\" data-attr-rel=\"0\" data-attr-target=\"0\" data-extra_key=\"\" data-option-inline=\"1\" data-shortcode=\"tcb_post_title\" data-shortcode-name=\"Post title\" data-attr-static-link=\"{&quot;className&quot;:&quot;&quot;,&quot;href&quot;:&quot;https:\/\/viennatouristinformation.com\/fr\/restaurants-a-vienne\/cuisine-viennoise\/&quot;,&quot;title&quot;:&quot;Cuisine Viennoise : 21 Plats Traditionnels&quot;,&quot;data-css&quot;:&quot;tve-u-173dcc0ebe5&quot;,&quot;class&quot;:&quot;&quot;}\"><a href=\"https:\/\/viennatouristinformation.com\/fr\/restaurants-a-vienne\/cuisine-viennoise\/\" title=\"Cuisine Viennoise : 21 Plats Traditionnels\">Cuisine Viennoise : 21 Plats Traditionnels<\/a><\/span><\/h2>\n<p><a href=\"javascript:void(0)\" style=\"\"><span style=\"\"><span style=\"\">Load More<\/span><\/span><\/a><\/p>\n<h2>Quels quartiers pour quelle cuisine \u00e0 Vienne ?<\/h2>\n<ul>\n<li style=\"\"><span style=\"\">Cuisine maison avec des plats classiques de Vienne ? Vous pouvez manger Wiener Schnitzel \u00e0 Figlm\u00fcller dans le centre-ville, et des pubs viennois typiques se trouvent dans toutes les parties de la ville.<\/span><\/li>\n<li><span>Une cuisine internationale pas ch\u00e8re ? Un d\u00e9tour par le Napkin Quarter en vaut la peine.<\/span><\/li>\n<li><span>Cuisine arabe ? Le 1er arrondissement peut le faire<\/span><\/li>\n<li><span>Asiatique? Route vers les 6e et 7e arrondissements.<\/span><\/li>\n<li><span>vie nocturne? Le Triangle des Bermudes \u00e0 Wien Mitte \u00e0 Schwedenplatz est la bonne adresse.<\/span><\/li>\n<\/ul>\n<h2 style=\"\">Service de Catering \u00e0 Vienne<\/h2>\n<p style=\"\">Pour vos \u00e9v\u00e9nements d&rsquo;entreprise, anniversaires et grands \u00e9v\u00e9nements priv\u00e9s, nous nous chargeons volontiers du catering \u00e0 Vienne.<\/p>\n<p style=\"\">\n<p style=\"\">En savoir plus sur nos <a href=\"https:\/\/viennatouristinformation.com\/fr\/gruppenreisen-nach-wien-full-service-m-i-c-e\/\" style=\"outline: none;\">offres de voyages de groupe<\/a> ici .&nbsp;<\/p>\n<ul>\n<li style=\"\"><span style=\"\"><span data-attr-id=\"18\" data-extra_key=\"1\" data-option-inline=\"1\" data-shortcode=\"thrive_global_fields\" data-shortcode-name=\"[Company] MICE Telefon\" style=\"\">support@ViennaTouristInformation.com<\/span><\/span><\/li>\n<\/ul>\n<p><span><img decoding=\"async\" alt=\"\" data-id=\"1330\" width=\"536\" data-init-width=\"1200\" height=\"630\" data-init-height=\"630\" title=\"Catering-f\u00fcr-Messen-Events-und-gro\u00dfe-private-Feiern-Berlin\" src=\"\/\/viennatouristinformation.com\/fr\/wp-content\/uploads\/2020\/08\/Catering-f\u00fcr-Messen-Events-und-gro\u00dfe-private-Feiern-Berlin.jpg\" data-width=\"536\" data-pin-media=\"https:\/\/viennatouristinformation.com\/fr\/wp-content\/uploads\/2021\/01\/wien_pinterest_Restaurant_guide-2.jpg\" data-pin-description=\"Guide des Restaurants \u00e0 Vienne\" data-pin-url=\"https:\/\/viennatouristinformation.com\/fr\/restaurants-a-vienne\/?tve=true&amp;tcbf=040785d850\" loading=\"lazy\"><\/span><\/p>\n","protected":false},"excerpt":{"rendered":"<p>Guide des restaurants \u00e0 Vienne Voici nos recommandations de meilleurs&nbsp;restaurants, caf\u00e9s et plats viennois typiques pour chaque occasion. O\u00f9 puis-je manger \u00e0 Vienne ? 22 Restaurants Exceptionnels \u00e0 Vienne Lire&nbsp;plus 15 Caf\u00e9s \u00e0 Vienne (du branch\u00e9 au plus ancien) Lire&nbsp;plus 12 Plus Belles Tavernes \u00e0 Vin de Vienne Lire&nbsp;plus 10 Vrais caf\u00e9s viennois [avec de [&hellip;]<\/p>\n","protected":false},"author":17,"featured_media":2685,"parent":0,"menu_order":0,"comment_status":"closed","ping_status":"closed","template":"","meta":{"footnotes":"","tve_updated_post":"","tve_custom_css":"","tve_user_custom_css":"","tve_globals":{},"tcb2_ready":1,"tcb_editor_enabled":1,"tve_landing_page":"tcb2-blank-page","_tve_header":"68","_tve_footer":"69"},"tags":[],"class_list":["post-1467","page","type-page","status-publish","has-post-thumbnail","hentry","post-wrapper","thrv_wrapper"],"_links":{"self":[{"href":"https:\/\/viennatouristinformation.com\/fr\/wp-json\/wp\/v2\/pages\/1467","targetHints":{"allow":["GET"]}}],"collection":[{"href":"https:\/\/viennatouristinformation.com\/fr\/wp-json\/wp\/v2\/pages"}],"about":[{"href":"https:\/\/viennatouristinformation.com\/fr\/wp-json\/wp\/v2\/types\/page"}],"author":[{"embeddable":true,"href":"https:\/\/viennatouristinformation.com\/fr\/wp-json\/wp\/v2\/users\/17"}],"replies":[{"embeddable":true,"href":"https:\/\/viennatouristinformation.com\/fr\/wp-json\/wp\/v2\/comments?post=1467"}],"version-history":[{"count":0,"href":"https:\/\/viennatouristinformation.com\/fr\/wp-json\/wp\/v2\/pages\/1467\/revisions"}],"wp:featuredmedia":[{"embeddable":true,"href":"https:\/\/viennatouristinformation.com\/fr\/wp-json\/wp\/v2\/media\/2685"}],"wp:attachment":[{"href":"https:\/\/viennatouristinformation.com\/fr\/wp-json\/wp\/v2\/media?parent=1467"}],"wp:term":[{"taxonomy":"post_tag","embeddable":true,"href":"https:\/\/viennatouristinformation.com\/fr\/wp-json\/wp\/v2\/tags?post=1467"}],"curies":[{"name":"wp","href":"https:\/\/api.w.org\/{rel}","templated":true}]}}