{"id":1512,"date":"2020-09-16T12:22:04","date_gmt":"2020-09-16T10:22:04","guid":{"rendered":"http:\/\/viennatouristinformation.com\/fr\/?page_id=1512"},"modified":"2023-06-12T16:48:40","modified_gmt":"2023-06-12T14:48:40","slug":"vienne-la-nuit","status":"publish","type":"page","link":"https:\/\/viennatouristinformation.com\/fr\/vienne-la-nuit\/","title":{"rendered":"Vie Nocturne : Guide de Vienne la nuit"},"content":{"rendered":"<h1>Guide de la vie nocturne de Vienne<\/h1>\n<p style=\"\">Les quartiers de vie nocturne les plus branch\u00e9s de Vienne. Bars, clubs, restaurants et conseils g\u00e9n\u00e9raux pour une nuit anim\u00e9e sur la sc\u00e8ne viennoise.<\/p>\n<h2>Que dois-je savoir sur la vie nocturne \u00e0 Vienne ?<\/h2>\n<p dir=\"ltr\">Vienne est une ville cosmopolite ! M\u00eame si la vie nocturne ne peut pas tout \u00e0 fait suivre celle des m\u00e9tropoles comme Londres ou Berlin, elle reste stimulante et excitante. Derri\u00e8re son patrimoine artistique et culturel, Vienne la nuit cache aussi une \u00e2me jeune qui se traduit par une vie nocturne anim\u00e9e.&nbsp;<\/p>\n<p dir=\"ltr\">Il y a des endroits o\u00f9 sortir pour tous les budgets : <strong>des pubs confortables et bon march\u00e9 aux bars chics <\/strong>et branch\u00e9s en passant par les <strong>discoth\u00e8ques outrageusement ch\u00e8res<\/strong>.&nbsp;La plupart des sites sont ouverts tous les jours de l&rsquo;ann\u00e9e, mais certains clubs en plein air n&rsquo;ouvrent qu&rsquo;en \u00e9t\u00e9.<\/p>\n<p dir=\"ltr\">Vienne est une destination pour les <strong>fans de musique \u00e9lectronique<\/strong> et bien que les clubs puissent \u00eatre d\u00e9crits comme petits, la qualit\u00e9 est de premier ordre.&nbsp;Si vous n&rsquo;aimez pas les discoth\u00e8ques, vous pouvez aller dans <strong>un bar avec de la musique live, un pub, un pub ou assister \u00e0 un concert classique.<\/strong><\/p>\n<h3>Conseils pour la vie nocturne<\/h3>\n<ul>\n<li><span style=\"\"><strong>Horaires d&rsquo;ouverture :<\/strong> Vienne ne dort pas ! Du coucher du soleil jusqu&rsquo;aux petites heures du matin.&nbsp;<\/span><\/li>\n<li><span style=\"\"><strong>Quartier nocturne :<\/strong> Triangle des Bermudes, arches Stadtbahn, Mariahilf et Neubau<\/span><\/li>\n<li><span style=\"\"><strong>Prix :<\/strong> Les prix europ\u00e9ens s&rsquo;appliquent.&nbsp;<\/span><\/li>\n<\/ul>\n<p style=\"\"><strong><span><span style=\"text-decoration: underline;\">Heurigen et Beisl :<\/span> <\/span><\/strong><span style=\"color: var(--tcb-skin-color-3);\"> Heurigen sont des pubs typiques de Vienne tenus par des viticulteurs, pour la plupart en p\u00e9riph\u00e9rie, avec du vin de leur propre production et des produits agricoles.<\/span><\/p>\n<p><span><a href=\"https:\/\/viennatouristinformation.com\/fr\/wp-content\/uploads\/2020\/09\/Beyoglu-at-Night-Itanbul-Turkey.jpg\"><img decoding=\"async\" class=\"lazyload\" alt=\"Bermudadreieck\" data-id=\"2694\" data-init-width=\"1200\" data-init-height=\"630\" title=\"Bermudadreieck\" src=\"data:image\/gif;base64,R0lGODlhAQABAIAAAAAAAP\/\/\/yH5BAEAAAAALAAAAAABAAEAAAIBRAA7\" data-src=\"\/\/viennatouristinformation.com\/fr\/wp-content\/uploads\/2020\/10\/Bermudadreieck.jpg\" data-width=\"1024\" data-height=\"538\" data-link-wrap=\"true\" style=\"\" width=\"1024\" height=\"538\" data-pin-media=\"https:\/\/viennatouristinformation.com\/fr\/wp-content\/uploads\/2021\/01\/wien_pinterest_nightlife_guide-2.jpg\" data-pin-description=\"Guide de la vie nocturne de Vienne : quartiers, bars et clubs avec des conseils | Vienna Tourist Information\" data-pin-url=\"https:\/\/viennatouristinformation.com\/fr\/berlin-la-nuit\/?tve=true&amp;tcbf=4e4c74fcfb\" loading=\"lazy\"><noscript><img decoding=\"async\" class=\"lazyload\" alt=\"Bermudadreieck\" data-id=\"2694\" data-init-width=\"1200\" data-init-height=\"630\" title=\"Bermudadreieck\" src=\"\/\/viennatouristinformation.com\/fr\/wp-content\/uploads\/2020\/10\/Bermudadreieck.jpg\" data-width=\"1024\" data-height=\"538\" data-link-wrap=\"true\" style=\"\" width=\"1024\" height=\"538\" data-pin-media=\"https:\/\/viennatouristinformation.com\/fr\/wp-content\/uploads\/2021\/01\/wien_pinterest_nightlife_guide-2.jpg\" data-pin-description=\"Guide de la vie nocturne de Vienne : quartiers, bars et clubs avec des conseils | Vienna Tourist Information\" data-pin-url=\"https:\/\/viennatouristinformation.com\/fr\/berlin-la-nuit\/?tve=true&amp;tcbf=4e4c74fcfb\" loading=\"lazy\"><\/noscript><\/a><\/span><\/p>\n<h2 style=\"text-align: left;\">Triangle des Bermudes<\/h2>\n<p>Le Triangle des Bermudes est situ\u00e9 au c\u0153ur du centre historique, pr\u00e8s du canal du Danube.<\/p>\n<p>Cette zone \u00e9tait autrefois d\u00e9di\u00e9e au commerce textile, mais depuis le d\u00e9but des ann\u00e9es 1980 avec l&rsquo;ouverture du pub Krah-Krah dans le style des anciennes tavernes autrichiennes, elle est devenue de plus en plus populaire.<\/p>\n<p>Aujourd&rsquo;hui, ce quartier est tr\u00e8s anim\u00e9 et fr\u00e9quent\u00e9 par les habitants et les touristes jusque tard dans la nuit gr\u00e2ce aux nombreux clubs et pubs proposant de la bonne bi\u00e8re, de la cuisine locale et de la musique live.<\/p>\n<p>Autour de la <a href=\"https:\/\/viennatouristinformation.com\/fr\/choses-a-faire\/eglises\/saint-etienne\/\">cath\u00e9drale Saint-\u00c9tienne<\/a>, du <a href=\"https:\/\/viennatouristinformation.com\/fr\/shopping\/rues-commercantes\/\" style=\"outline: none;\">Graben et de la K\u00e4rnterstra\u00dfe<\/a>, il y a quelques <a href=\"https:\/\/viennatouristinformation.com\/fr\/restaurants-a-vienne\/etoiles-michelin\/\">restaurants plus exclusifs<\/a>.&nbsp;Les exemples incluent le Schwarzer Kameel, fond\u00e9 en 1618, le Sky Bar et le Loos Bar.&nbsp;<\/p>\n<p><span><a href=\"https:\/\/viennatouristinformation.com\/fr\/wp-content\/uploads\/2020\/09\/Istanbul-Kadikoy-at-Night.jpg\"><img decoding=\"async\" class=\"lazyload\" alt=\"arcs de m\u00e9tro l\u00e9ger\" data-id=\"2696\" data-init-width=\"1200\" data-init-height=\"630\" title=\"arcs de m\u00e9tro l\u00e9ger\" src=\"data:image\/gif;base64,R0lGODlhAQABAIAAAAAAAP\/\/\/yH5BAEAAAAALAAAAAABAAEAAAIBRAA7\" data-src=\"\/\/viennatouristinformation.com\/fr\/wp-content\/uploads\/2020\/10\/Stadtbahnb\u00f6gen.jpg\" data-width=\"1024\" data-height=\"538\" data-link-wrap=\"true\" style=\"\" width=\"1024\" height=\"538\" data-pin-media=\"https:\/\/viennatouristinformation.com\/fr\/wp-content\/uploads\/2021\/01\/wien_pinterest_nightlife_guide-2.jpg\" data-pin-description=\"Guide de la vie nocturne de Vienne : quartiers, bars et clubs avec des conseils | Vienna Tourist Information\" data-pin-url=\"https:\/\/viennatouristinformation.com\/fr\/berlin-la-nuit\/?tve=true&amp;tcbf=4e4c74fcfb\" loading=\"lazy\"><noscript><img decoding=\"async\" class=\"lazyload\" alt=\"arcs de m\u00e9tro l\u00e9ger\" data-id=\"2696\" data-init-width=\"1200\" data-init-height=\"630\" title=\"arcs de m\u00e9tro l\u00e9ger\" src=\"\/\/viennatouristinformation.com\/fr\/wp-content\/uploads\/2020\/10\/Stadtbahnb\u00f6gen.jpg\" data-width=\"1024\" data-height=\"538\" data-link-wrap=\"true\" style=\"\" width=\"1024\" height=\"538\" data-pin-media=\"https:\/\/viennatouristinformation.com\/fr\/wp-content\/uploads\/2021\/01\/wien_pinterest_nightlife_guide-2.jpg\" data-pin-description=\"Guide de la vie nocturne de Vienne : quartiers, bars et clubs avec des conseils | Vienna Tourist Information\" data-pin-url=\"https:\/\/viennatouristinformation.com\/fr\/berlin-la-nuit\/?tve=true&amp;tcbf=4e4c74fcfb\" loading=\"lazy\"><\/noscript><\/a><\/span><\/p>\n<h2>Arches de m\u00e9tro<\/h2>\n<p>\u00c0 premi\u00e8re vue, pas exactement l&rsquo;endroit le plus pittoresque de Vienne. Une rue passante avec des rails pour un train sur les arches au milieu.<\/p>\n<p>Depuis plus de 100 ans, la ligne de m\u00e9tro U6 circule sur les arches, et juste en dessous se trouvent des salles de concert entre les stations Thaliastrasse et Nussdorfer Strasse.<\/p>\n<p>La musique forte \u00e9touffe le bruit de la circulation, les groupes et les DJ peuvent vraiment appuyer sur l&rsquo;acc\u00e9l\u00e9rateur, toute la nuit en \u00e9t\u00e9.<\/p>\n<p><span><a href=\"https:\/\/viennatouristinformation.com\/fr\/wp-content\/uploads\/2020\/09\/Istanbul-Bosphorus-Night-Cruise-Turkey.jpg\"><img decoding=\"async\" class=\"lazyload\" alt=\"6e arrondissement Mariahilf et 7e arrondissement Neubau\" data-id=\"2698\" data-init-width=\"1200\" data-init-height=\"630\" title=\"6e arrondissement Mariahilf et 7e arrondissement Neubau\" src=\"data:image\/gif;base64,R0lGODlhAQABAIAAAAAAAP\/\/\/yH5BAEAAAAALAAAAAABAAEAAAIBRAA7\" data-src=\"\/\/viennatouristinformation.com\/fr\/wp-content\/uploads\/2020\/10\/6.-Bezirk-Mariahilf-und-7.-Bezirk-Neubau.jpg\" data-width=\"1024\" data-height=\"538\" data-link-wrap=\"true\" width=\"1024\" height=\"538\" data-pin-media=\"https:\/\/viennatouristinformation.com\/fr\/wp-content\/uploads\/2021\/01\/wien_pinterest_nightlife_guide-2.jpg\" data-pin-description=\"Guide de la vie nocturne de Vienne : quartiers, bars et clubs avec des conseils | Vienna Tourist Information\" data-pin-url=\"https:\/\/viennatouristinformation.com\/fr\/berlin-la-nuit\/?tve=true&amp;tcbf=4e4c74fcfb\" loading=\"lazy\"><noscript><img decoding=\"async\" class=\"lazyload\" alt=\"6e arrondissement Mariahilf et 7e arrondissement Neubau\" data-id=\"2698\" data-init-width=\"1200\" data-init-height=\"630\" title=\"6e arrondissement Mariahilf et 7e arrondissement Neubau\" src=\"\/\/viennatouristinformation.com\/fr\/wp-content\/uploads\/2020\/10\/6.-Bezirk-Mariahilf-und-7.-Bezirk-Neubau.jpg\" data-width=\"1024\" data-height=\"538\" data-link-wrap=\"true\" width=\"1024\" height=\"538\" data-pin-media=\"https:\/\/viennatouristinformation.com\/fr\/wp-content\/uploads\/2021\/01\/wien_pinterest_nightlife_guide-2.jpg\" data-pin-description=\"Guide de la vie nocturne de Vienne : quartiers, bars et clubs avec des conseils | Vienna Tourist Information\" data-pin-url=\"https:\/\/viennatouristinformation.com\/fr\/berlin-la-nuit\/?tve=true&amp;tcbf=4e4c74fcfb\" loading=\"lazy\"><\/noscript><\/a><\/span><\/p>\n<h2>6e arrondissement Mariahilf et 7e arrondissement Neubau<\/h2>\n<p>Le march\u00e9 le plus c\u00e9l\u00e8bre de Vienne,<a href=\"https:\/\/viennatouristinformation.com\/fr\/choses-a-faire\/attractions\/naschmarkt\/\"> le Naschmarkt<\/a>, est un quartier \u00e0 la vie nocturne tr\u00e8s anim\u00e9e.&nbsp;Vous y trouverez de nombreux caf\u00e9s, restaurants et bars branch\u00e9s, fr\u00e9quent\u00e9s par de nombreux habitants. Une soci\u00e9t\u00e9 multiculturelle recherche la vari\u00e9t\u00e9 loin des grands clubs et discoth\u00e8ques.<\/p>\n<p>Une jeune sc\u00e8ne de bar s&rsquo;est \u00e9galement d\u00e9velopp\u00e9e dans le quartier de Neubau autour du quartier des mus\u00e9es, et il s&rsquo;y passe toujours quelque chose du petit-d\u00e9jeuner jusqu&rsquo;\u00e0 tard dans la nuit.<\/p>\n<p><span><a href=\"https:\/\/viennatouristinformation.com\/fr\/wp-content\/uploads\/2020\/09\/Istanbul-Bosphorus-Night-Cruise-Turkey.jpg\"><img decoding=\"async\" class=\"lazyload\" alt=\"Prater Beisl bis Praterdome\" data-id=\"2700\" data-init-width=\"1200\" data-init-height=\"630\" title=\"Prater Beisl bis Praterdome\" src=\"data:image\/gif;base64,R0lGODlhAQABAIAAAAAAAP\/\/\/yH5BAEAAAAALAAAAAABAAEAAAIBRAA7\" data-src=\"\/\/viennatouristinformation.com\/fr\/wp-content\/uploads\/2020\/10\/Prater-Beisl-bis-Praterdome.jpg\" data-width=\"1024\" data-height=\"538\" data-link-wrap=\"true\" width=\"1024\" height=\"538\" data-pin-media=\"https:\/\/viennatouristinformation.com\/fr\/wp-content\/uploads\/2021\/01\/wien_pinterest_nightlife_guide-2.jpg\" data-pin-description=\"Guide de la vie nocturne de Vienne : quartiers, bars et clubs avec des conseils | Vienna Tourist Information\" data-pin-url=\"https:\/\/viennatouristinformation.com\/fr\/berlin-la-nuit\/?tve=true&amp;tcbf=4e4c74fcfb\" loading=\"lazy\"><noscript><img decoding=\"async\" class=\"lazyload\" alt=\"Prater Beisl bis Praterdome\" data-id=\"2700\" data-init-width=\"1200\" data-init-height=\"630\" title=\"Prater Beisl bis Praterdome\" src=\"\/\/viennatouristinformation.com\/fr\/wp-content\/uploads\/2020\/10\/Prater-Beisl-bis-Praterdome.jpg\" data-width=\"1024\" data-height=\"538\" data-link-wrap=\"true\" width=\"1024\" height=\"538\" data-pin-media=\"https:\/\/viennatouristinformation.com\/fr\/wp-content\/uploads\/2021\/01\/wien_pinterest_nightlife_guide-2.jpg\" data-pin-description=\"Guide de la vie nocturne de Vienne : quartiers, bars et clubs avec des conseils | Vienna Tourist Information\" data-pin-url=\"https:\/\/viennatouristinformation.com\/fr\/berlin-la-nuit\/?tve=true&amp;tcbf=4e4c74fcfb\" loading=\"lazy\"><\/noscript><\/a><\/span><\/p>\n<h2>Prater : Beisl bis Praterdome<\/h2>\n<p><a href=\"https:\/\/viennatouristinformation.com\/fr\/choses-a-faire\/attractions\/prater\/\">Le Prater<\/a> et ses environs offrent \u00e9galement une vie nocturne anim\u00e9e.&nbsp;Le Praterdome am Riesenrad est la plus grande discoth\u00e8que d&rsquo;Autriche, proposant un spectacle laser spectaculaire sur 2 niveaux et 4 pistes de danse.<\/p>\n<p>Le Pratersauna est l&rsquo;un des clubs techno et \u00e9lectro les plus branch\u00e9s de Vienne avec le charme des ann\u00e9es 1960 et une piscine avec un paysage sablonneux dans le jardin. Le bar en pierre naturelle illumin\u00e9 de vert est impressionnant.<\/p>\n<p>Si vous n&rsquo;avez pas envie d&rsquo;aller dans une discoth\u00e8que ou un club, vous pouvez simplement vous installer confortablement dans l&rsquo;un des nombreux pubs de la r\u00e9gion.<\/p>\n<p><span><a href=\"https:\/\/viennatouristinformation.com\/fr\/wp-content\/uploads\/2020\/09\/Istanbul-Bosphorus-Night-Cruise-Turkey.jpg\"><img decoding=\"async\" class=\"lazyload\" alt=\"Concerts classiques, th\u00e9\u00e2tre et op\u00e9ra\" data-id=\"2701\" data-init-width=\"1200\" data-init-height=\"630\" title=\"Concerts classiques, th\u00e9\u00e2tre et op\u00e9ra\" src=\"data:image\/gif;base64,R0lGODlhAQABAIAAAAAAAP\/\/\/yH5BAEAAAAALAAAAAABAAEAAAIBRAA7\" data-src=\"\/\/viennatouristinformation.com\/fr\/wp-content\/uploads\/2020\/10\/Klassische-Konzerte-Theater-und-Oper.jpg\" data-width=\"1024\" data-height=\"538\" data-link-wrap=\"true\" width=\"1024\" height=\"538\" data-pin-media=\"https:\/\/viennatouristinformation.com\/fr\/wp-content\/uploads\/2021\/01\/wien_pinterest_nightlife_guide-2.jpg\" data-pin-description=\"Guide de la vie nocturne de Vienne : quartiers, bars et clubs avec des conseils | Vienna Tourist Information\" data-pin-url=\"https:\/\/viennatouristinformation.com\/fr\/berlin-la-nuit\/?tve=true&amp;tcbf=4e4c74fcfb\" loading=\"lazy\"><noscript><img decoding=\"async\" class=\"lazyload\" alt=\"Concerts classiques, th\u00e9\u00e2tre et op\u00e9ra\" data-id=\"2701\" data-init-width=\"1200\" data-init-height=\"630\" title=\"Concerts classiques, th\u00e9\u00e2tre et op\u00e9ra\" src=\"\/\/viennatouristinformation.com\/fr\/wp-content\/uploads\/2020\/10\/Klassische-Konzerte-Theater-und-Oper.jpg\" data-width=\"1024\" data-height=\"538\" data-link-wrap=\"true\" width=\"1024\" height=\"538\" data-pin-media=\"https:\/\/viennatouristinformation.com\/fr\/wp-content\/uploads\/2021\/01\/wien_pinterest_nightlife_guide-2.jpg\" data-pin-description=\"Guide de la vie nocturne de Vienne : quartiers, bars et clubs avec des conseils | Vienna Tourist Information\" data-pin-url=\"https:\/\/viennatouristinformation.com\/fr\/berlin-la-nuit\/?tve=true&amp;tcbf=4e4c74fcfb\" loading=\"lazy\"><\/noscript><\/a><\/span><\/p>\n<h2>Concerts classiques, th\u00e9\u00e2tre et op\u00e9ra<\/h2>\n<p>La r\u00e9putation de Vienne en tant que ville <a href=\"https:\/\/viennatouristinformation.com\/fr\/choses-a-faire\/theatres\/\">th\u00e9\u00e2trale<\/a> la pr\u00e9c\u00e8de et la ville est \u00e9galement connue pour ses concerts classiques.<\/p>\n<p><a href=\"https:\/\/viennatouristinformation.com\/fr\/choses-a-faire\/theatres\/opera-detat\/\">L&rsquo;Op\u00e9ra d&rsquo;\u00c9tat de Vienne<\/a> est mondialement connu et propose un vaste programme de spectacles d&rsquo;op\u00e9ra, de ballet classique et de th\u00e9\u00e2tre.&nbsp;Le concert du Nouvel An de l&rsquo;Orchestre philharmonique de Vienne a lieu ici, tout comme le bal de l&rsquo;op\u00e9ra de Vienne.<\/p>\n<p>Les concerts au <a href=\"https:\/\/viennatouristinformation.com\/fr\/choses-a-faire\/chateaux\/schonbrunn\/\">ch\u00e2teau de Sch\u00f6nbrunn<\/a> sont tr\u00e8s populaires.<\/p>\n<p>Il existe \u00e9galement de nombreuses autres sc\u00e8nes qui proposent un programme aussi exigeant que vari\u00e9.<\/p>\n<h2 style=\"text-align: center;\">Attention aux pi\u00e8ges \u00e0 touristes !<\/h2>\n<p>Vienne peut se vanter d&rsquo;\u00eatre l&rsquo;une des rares grandes villes o\u00f9 il n&rsquo;y a pas de fr\u00e9quents<\/p>\n<p>des pi\u00e8ges \u00e0 touristes existent.<\/p>\n<p>Les Fiaker, les cal\u00e8ches, sont peut-\u00eatre un peu ch\u00e8res et devant l&rsquo;op\u00e9ra des gens en costumes de Mozart essaient de vendre des billets de concert. Il faut \u00eatre prudent ici, car ce sont principalement des billets pour un th\u00e9\u00e2tre d&rsquo;arri\u00e8re-cour.<\/p>\n<p>En tant que touriste \u00e0 Vienne, vous vous sentez comme chez vous et vous n&rsquo;avez pas \u00e0 craindre les pi\u00e8ges \u00e0 touristes.&nbsp;<\/p>\n<p style=\"text-align: center;\">Billets pour la vie nocturne<\/p>\n<p style=\"text-align: center;\">exp\u00e9riences dans la nuit<\/p>\n<p style=\"text-align: center;\">Concerts \u00e0 Pub Crawl. D\u00e9couvrez la vie nocturne de Vienne avec des groupes, r\u00e9servez des billets individuels et r\u00e9servez l&rsquo;entr\u00e9e aux th\u00e9\u00e2tres.<\/p>\n<h3 style=\"\"><span data-attr-css=\"tve-u-1751c4ffa5d\" data-attr-link=\"1\" data-attr-rel=\"0\" data-attr-target=\"0\" data-extra_key=\"\" data-option-inline=\"1\" data-shortcode=\"tcb_post_title\" data-shortcode-name=\"Post title\" data-attr-static-link=\"{&quot;className&quot;:&quot;&quot;,&quot;href&quot;:&quot;https:\/\/viennatouristinformation.com\/fr\/billetterie\/&quot;,&quot;title&quot;:&quot;Billets, visites et audioguides&quot;,&quot;data-css&quot;:&quot;tve-u-1751c4ffa5d&quot;,&quot;class&quot;:&quot;&quot;}\"><a href=\"https:\/\/viennatouristinformation.com\/fr\/billetterie\/\" title=\"Billets, visites et audioguides\">Billets, visites et audioguides<\/a><\/span><\/h3>\n<p><a href=\"javascript:void(0)\" style=\"\"><span style=\"\"><span style=\"\">Load More<\/span><\/span><\/a><\/p>\n","protected":false},"excerpt":{"rendered":"<p>Guide de la vie nocturne de Vienne Les quartiers de vie nocturne les plus branch\u00e9s de Vienne. Bars, clubs, restaurants et conseils g\u00e9n\u00e9raux pour une nuit anim\u00e9e sur la sc\u00e8ne viennoise. Que dois-je savoir sur la vie nocturne \u00e0 Vienne ? Vienne est une ville cosmopolite ! M\u00eame si la vie nocturne ne peut pas [&hellip;]<\/p>\n","protected":false},"author":17,"featured_media":2692,"parent":0,"menu_order":0,"comment_status":"closed","ping_status":"closed","template":"","meta":{"footnotes":""},"tags":[],"class_list":["post-1512","page","type-page","status-publish","has-post-thumbnail","hentry","post-wrapper","thrv_wrapper"],"_links":{"self":[{"href":"https:\/\/viennatouristinformation.com\/fr\/wp-json\/wp\/v2\/pages\/1512","targetHints":{"allow":["GET"]}}],"collection":[{"href":"https:\/\/viennatouristinformation.com\/fr\/wp-json\/wp\/v2\/pages"}],"about":[{"href":"https:\/\/viennatouristinformation.com\/fr\/wp-json\/wp\/v2\/types\/page"}],"author":[{"embeddable":true,"href":"https:\/\/viennatouristinformation.com\/fr\/wp-json\/wp\/v2\/users\/17"}],"replies":[{"embeddable":true,"href":"https:\/\/viennatouristinformation.com\/fr\/wp-json\/wp\/v2\/comments?post=1512"}],"version-history":[{"count":0,"href":"https:\/\/viennatouristinformation.com\/fr\/wp-json\/wp\/v2\/pages\/1512\/revisions"}],"wp:featuredmedia":[{"embeddable":true,"href":"https:\/\/viennatouristinformation.com\/fr\/wp-json\/wp\/v2\/media\/2692"}],"wp:attachment":[{"href":"https:\/\/viennatouristinformation.com\/fr\/wp-json\/wp\/v2\/media?parent=1512"}],"wp:term":[{"taxonomy":"post_tag","embeddable":true,"href":"https:\/\/viennatouristinformation.com\/fr\/wp-json\/wp\/v2\/tags?post=1512"}],"curies":[{"name":"wp","href":"https:\/\/api.w.org\/{rel}","templated":true}]}}