{"id":1559,"date":"2020-09-09T08:05:40","date_gmt":"2020-09-09T06:05:40","guid":{"rendered":"http:\/\/viennatouristinformation.com\/fr\/?page_id=1559"},"modified":"2023-06-02T10:00:09","modified_gmt":"2023-06-02T08:00:09","slug":"souvenirs","status":"publish","type":"page","link":"https:\/\/viennatouristinformation.com\/fr\/shopping\/souvenirs\/","title":{"rendered":"16 Souvenirs de Vienne (Conseils Shopping)"},"content":{"rendered":"<h2 id=\"t-1669293662542\" data-hide=\"true\">Que seraient des vacances sans souvenir ?<\/h2>\n<p>A Vienne, le choix est immense, l&rsquo;abondance in\u00e9puisable. Vous pouvez trouver tout entre les souvenirs classiques et traditionnels.<\/p>\n<p>Bien s\u00fbr, tous les monuments sont \u00e9galement disponibles \u00e0 Vienne sous toutes leurs formes en souvenir. Ceux-ci incluent des tasses, des assiettes, du verre, des cartes postales, des affiches, des t-shirts, des sacs, des aimants, des porte-cl\u00e9s et bien plus encore.<\/p>\n<p>Mais il y a aussi des souvenirs qui racontent quelque chose sur Vienne et qui sont typiques de la ville.<\/p>\n<p>Nous avons rassembl\u00e9 quelques id\u00e9es de souvenirs typiques et insolites, certains avec une histoire int\u00e9ressante.<\/p>\n<h2 id=\"t-1669293662543\">1.Mozartkugeln<\/h2>\n<p><span><img decoding=\"async\" class=\"lazyload\" alt=\"Mozartkugeln in Vienna in Austria\" data-id=\"2266\" width=\"885\" data-init-width=\"1000\" height=\"590\" data-init-height=\"667\" title=\"Mozartkugeln in Vienna in Austria\" loading=\"lazy\" src=\"data:image\/gif;base64,R0lGODlhAQABAIAAAAAAAP\/\/\/yH5BAEAAAAALAAAAAABAAEAAAIBRAA7\" data-src=\"\/\/viennatouristinformation.com\/fr\/wp-content\/uploads\/2020\/10\/Mozartkugeln.jpg\" data-width=\"885\" data-height=\"590\"><noscript><img decoding=\"async\" class=\"lazyload\" alt=\"Mozartkugeln in Vienna in Austria\" data-id=\"2266\" width=\"885\" data-init-width=\"1000\" height=\"590\" data-init-height=\"667\" title=\"Mozartkugeln in Vienna in Austria\" loading=\"lazy\" src=\"\/\/viennatouristinformation.com\/fr\/wp-content\/uploads\/2020\/10\/Mozartkugeln.jpg\" data-width=\"885\" data-height=\"590\"><\/noscript><\/span><\/p>\n<p>La boule de chocolat, de pistaches, de massepain et de nougat a \u00e9t\u00e9 fabriqu\u00e9e pour la premi\u00e8re fois en 1890 par le confiseur salzbourgeois Paul F\u00fcrst. Il l&rsquo;a nomm\u00e9 100 ans apr\u00e8s sa mort d&rsquo;apr\u00e8s le c\u00e9l\u00e8bre compositeur Wolfgang Amadeus Mozart. Les boules de Mozart s&rsquo;appelaient \u00e0 l&rsquo;origine Mozart Bonbon.<\/p>\n<p>Les vrais Mozartkugeln sont compl\u00e8tement ronds, n&rsquo;ont pas de c\u00f4t\u00e9 aplati et sont envelopp\u00e9s de rouge dor\u00e9.<\/p>\n<p>Ils sont fabriqu\u00e9s sous la marque Mirabell. Selon leurs propres informations, plus de 90 millions de Mozartkugeln sont produites industriellement et export\u00e9es vers plus de 30 pays chaque ann\u00e9e.<\/p>\n<p>Les Mozartkugeln sont moins chers au supermarch\u00e9 que dans les boutiques de souvenirs.<\/p>\n<h2 id=\"t-1669293662544\">2. Sachertorte<\/h2>\n<p><span><img decoding=\"async\" class=\"lazyload\" alt=\"Sachertorte in Vienna in Austria\" data-id=\"2267\" width=\"885\" data-init-width=\"1000\" height=\"590\" data-init-height=\"667\" title=\"Sachertorte in Vienna in Austria\" loading=\"lazy\" src=\"data:image\/gif;base64,R0lGODlhAQABAIAAAAAAAP\/\/\/yH5BAEAAAAALAAAAAABAAEAAAIBRAA7\" data-src=\"\/\/viennatouristinformation.com\/fr\/wp-content\/uploads\/2020\/10\/Sachertorte.jpg\" data-width=\"885\" data-height=\"590\"><noscript><img decoding=\"async\" class=\"lazyload\" alt=\"Sachertorte in Vienna in Austria\" data-id=\"2267\" width=\"885\" data-init-width=\"1000\" height=\"590\" data-init-height=\"667\" title=\"Sachertorte in Vienna in Austria\" loading=\"lazy\" src=\"\/\/viennatouristinformation.com\/fr\/wp-content\/uploads\/2020\/10\/Sachertorte.jpg\" data-width=\"885\" data-height=\"590\"><\/noscript><\/span><\/p>\n<p>La Sachertorte a \u00e9t\u00e9 invent\u00e9e en 1832 par l&rsquo;apprenti boulanger Franz Sacher, lorsque le chef cuisinier du prince Metternich est tomb\u00e9 malade et que l&rsquo;apprenti a d\u00fb pr\u00e9parer lui-m\u00eame le dessert sp\u00e9cial demand\u00e9 par le prince. La Sachertorte a ensuite \u00e9t\u00e9 perfectionn\u00e9e par son fils Eduard Sacher.<\/p>\n<p>Les ingr\u00e9dients ne sont pas tr\u00e8s spectaculaires, une p\u00e2te \u00e0 base de beurre, sucre, \u0153ufs, chocolat, farine et vanille est divis\u00e9e au milieu apr\u00e8s cuisson, tartin\u00e9e de confiture d&rsquo;abricot et recouverte d&rsquo;un gla\u00e7age au chocolat.<\/p>\n<p>Le traditionnel Caf\u00e9 Sacher de l&rsquo;h\u00f4tel du m\u00eame nom produit environ 300 000 g\u00e2teaux Sacher chaque ann\u00e9e, ce qui n\u00e9cessite 70 tonnes de confiture d&rsquo;abricot par an.<\/p>\n<p>Un joli souvenir pour tous les gourmands.<\/p>\n<h2 id=\"t-1669293662545\">3. Violettes confites<\/h2>\n<p>Il est \u00e9tonnant que l&rsquo;imp\u00e9ratrice Elisabeth ait mang\u00e9 des bonbons avec un tour de taille traditionnel de 51 centim\u00e8tres, mais Sissi faisait r\u00e9guli\u00e8rement livrer les violettes candidates du KuK Hofzuckerb\u00e4ckerei Demel \u00e0 la Hofburg personnellement par M. Demel.<\/p>\n<p>Aujourd&rsquo;hui encore, la boutique Demel sur Kohlmarkt propose encore des violettes confites, pour lesquelles des p\u00e9tales de violettes naturels cueillis \u00e0 la main avec du sucre sont confits.<\/p>\n<p>Une douce tentation&#8230;<\/p>\n<h2 id=\"t-1669293662546\">4. Vin viennois<\/h2>\n<p><span><img decoding=\"async\" class=\"lazyload\" alt=\"Wiener Wein\" data-id=\"2269\" width=\"885\" data-init-width=\"1000\" height=\"590\" data-init-height=\"667\" title=\"Wiener Wein\" loading=\"lazy\" src=\"data:image\/gif;base64,R0lGODlhAQABAIAAAAAAAP\/\/\/yH5BAEAAAAALAAAAAABAAEAAAIBRAA7\" data-src=\"\/\/viennatouristinformation.com\/fr\/wp-content\/uploads\/2020\/10\/Wiener-Wein.jpg\" data-width=\"885\" data-height=\"590\"><noscript><img decoding=\"async\" class=\"lazyload\" alt=\"Wiener Wein\" data-id=\"2269\" width=\"885\" data-init-width=\"1000\" height=\"590\" data-init-height=\"667\" title=\"Wiener Wein\" loading=\"lazy\" src=\"\/\/viennatouristinformation.com\/fr\/wp-content\/uploads\/2020\/10\/Wiener-Wein.jpg\" data-width=\"885\" data-height=\"590\"><\/noscript><\/span><\/p>\n<p>Vienne est la seule m\u00e9tropole au monde qui poss\u00e8de une viticulture importante dans les limites de la ville. Les vins viennois sont cultiv\u00e9s sur le Nussberg \u00e0 332 m\u00e8tres d&rsquo;altitude et le Kahlenberg \u00e0 484 m\u00e8tres d&rsquo;altitude dans le 19e arrondissement de Vienne. Il y a un total de 700 hectares de vignes \u00e0 Vienne.<\/p>\n<p>En raison de son importance culturelle particuli\u00e8re, la culture viennoise Heurigen a \u00e9t\u00e9 inscrite sur la liste nationale de l&rsquo;UNESCO du patrimoine culturel immat\u00e9riel autrichien en 2019.<\/p>\n<p>Le vin du mill\u00e9sime en cours s&rsquo;appelle un heuriger. Les vins Heurigen sont l\u00e9gers et savoureux.<\/p>\n<p>Un joli souvenir pour tous les amateurs de vin et ceux qui veulent le devenir&#8230;<\/p>\n<h2 id=\"t-1669293662547\">5. Coupes de mani\u00e8re<\/h2>\n<p>Manner est le nom de famille du fondateur de la soci\u00e9t\u00e9 Josef Manner &amp; Comp. AG &#8211; une usine de confiserie viennoise. Presque tout le monde conna\u00eet le slogan publicitaire \u00ab\u00a0Vous aimez les hommes\u00a0\u00bb et encore plus les tranches de gaufres sucr\u00e9es \u00e0 la cr\u00e8me de noisette.<\/p>\n<p>Une vraie plaquette Manner mesure 49 \u00d7 17 \u00d7 17 millim\u00e8tres et est donc de la taille d&rsquo;une bouch\u00e9e. Quatre couches de p\u00e2te \u00e0 tartiner entre cinq couches de gaufre, le poids total est de 7,5 grammes par tranche.<\/p>\n<p>Au d\u00e9but, les tranches \u00e9taient vendues en vrac afin que chaque citoyen puisse au moins se payer une tranche de temps en temps. Depuis 1924, les gaufrettes Manner sont propos\u00e9es dans les deux rang\u00e9es de cinq bien connues, bien s\u00fbr en feuille rose.<\/p>\n<p>Le grand magasin Manner se trouve \u00e0 Vienne pr\u00e8s de l&rsquo;usine centrale dans le 17e arrondissement, mais vous pouvez \u00e9galement trouver des gaufrettes Manner dans tous les supermarch\u00e9s de Vienne.<\/p>\n<h2 id=\"t-1669293662548\">6. Caf\u00e9<\/h2>\n<p><span><img decoding=\"async\" class=\"lazyload\" alt=\"Kaffee in Vienna in Austria\" data-id=\"2270\" width=\"885\" data-init-width=\"1000\" height=\"590\" data-init-height=\"667\" title=\"Kaffee in Vienna in Austria\" loading=\"lazy\" src=\"data:image\/gif;base64,R0lGODlhAQABAIAAAAAAAP\/\/\/yH5BAEAAAAALAAAAAABAAEAAAIBRAA7\" data-src=\"\/\/viennatouristinformation.com\/fr\/wp-content\/uploads\/2020\/10\/Kaffee.jpg\" data-width=\"885\" data-height=\"590\"><noscript><img decoding=\"async\" class=\"lazyload\" alt=\"Kaffee in Vienna in Austria\" data-id=\"2270\" width=\"885\" data-init-width=\"1000\" height=\"590\" data-init-height=\"667\" title=\"Kaffee in Vienna in Austria\" loading=\"lazy\" src=\"\/\/viennatouristinformation.com\/fr\/wp-content\/uploads\/2020\/10\/Kaffee.jpg\" data-width=\"885\" data-height=\"590\"><\/noscript><\/span><\/p>\n<p>En plus de ses sucreries, Vienne est bien s\u00fbr \u00e9galement connue pour sa culture du caf\u00e9. L&rsquo;une des marques de caf\u00e9 les plus connues \u00e0 Vienne est Julius Meinl. La maison date de 1862 lorsque l&rsquo;entreprise s&rsquo;est implant\u00e9e dans le 1er arrondissement. \u00c0 l&rsquo;origine, seuls les grains de caf\u00e9 verts \u00e9taient vendus ici, le caf\u00e9 fra\u00eechement torr\u00e9fi\u00e9 n&rsquo;y a \u00e9t\u00e9 ajout\u00e9 que plus tard.<\/p>\n<p>La succursale principale de Vienne \u00ab\u00a0Meinl am Graben\u00a0\u00bb, qui a ouvert ses portes en 1950, est d\u00e9sormais g\u00e9r\u00e9e comme un magasin phare.<\/p>\n<h2 id=\"t-1669293662549\">7. Fromage et saucisse du Naschmarkt<\/h2>\n<p><span><img decoding=\"async\" class=\"lazyload\" alt=\"K\u00e4se und Wurst vom Naschmarkt\" data-id=\"2271\" width=\"885\" data-init-width=\"1000\" height=\"590\" data-init-height=\"667\" title=\"K\u00e4se und Wurst vom Naschmarkt\" loading=\"lazy\" src=\"data:image\/gif;base64,R0lGODlhAQABAIAAAAAAAP\/\/\/yH5BAEAAAAALAAAAAABAAEAAAIBRAA7\" data-src=\"\/\/viennatouristinformation.com\/fr\/wp-content\/uploads\/2020\/10\/K\u00e4se-und-Wurst-vom-Naschmarkt.jpg\" data-width=\"885\" data-height=\"590\"><noscript><img decoding=\"async\" class=\"lazyload\" alt=\"K\u00e4se und Wurst vom Naschmarkt\" data-id=\"2271\" width=\"885\" data-init-width=\"1000\" height=\"590\" data-init-height=\"667\" title=\"K\u00e4se und Wurst vom Naschmarkt\" loading=\"lazy\" src=\"\/\/viennatouristinformation.com\/fr\/wp-content\/uploads\/2020\/10\/K\u00e4se-und-Wurst-vom-Naschmarkt.jpg\" data-width=\"885\" data-height=\"590\"><\/noscript><\/span><\/p>\n<p>Les \u00e9tals du Naschmarkt proposent leurs produits du lundi au vendredi de 6h \u00e0 21h et le samedi de 6h \u00e0 18h. En plus des fruits, des l\u00e9gumes et de la viande, des \u00e9pices, du fromage et des saucisses de diff\u00e9rents pays et r\u00e9gions sont \u00e9galement vendus. Le Naschmarkt est le march\u00e9 le plus important de Vienne.<\/p>\n<p>Ceux qui sont rest\u00e9s \u00e0 la maison seront certainement ravis d&rsquo;un bon morceau de fromage ou d&rsquo;une belle saucisse achet\u00e9e dans le style viennois d&rsquo;origine.<\/p>\n<h2 id=\"t-1669293662550\">8. Gustave Klimt<\/h2>\n<p><span><img decoding=\"async\" class=\"lazyload\" alt=\"Gustav Klimt\" data-id=\"2272\" width=\"885\" data-init-width=\"1000\" height=\"590\" data-init-height=\"667\" title=\"Gustav Klimt\" loading=\"lazy\" src=\"data:image\/gif;base64,R0lGODlhAQABAIAAAAAAAP\/\/\/yH5BAEAAAAALAAAAAABAAEAAAIBRAA7\" data-src=\"\/\/viennatouristinformation.com\/fr\/wp-content\/uploads\/2020\/10\/Gustav-Klimt.jpg\" data-width=\"885\" data-height=\"590\"><noscript><img decoding=\"async\" class=\"lazyload\" alt=\"Gustav Klimt\" data-id=\"2272\" width=\"885\" data-init-width=\"1000\" height=\"590\" data-init-height=\"667\" title=\"Gustav Klimt\" loading=\"lazy\" src=\"\/\/viennatouristinformation.com\/fr\/wp-content\/uploads\/2020\/10\/Gustav-Klimt.jpg\" data-width=\"885\" data-height=\"590\"><\/noscript><\/span><\/p>\n<p>Gustav Klimt \u00e9tait un peintre autrichien important (1862 &#8211; 1918) et l&rsquo;un des repr\u00e9sentants les plus connus de l&rsquo;Art Nouveau. Son tableau le plus c\u00e9l\u00e8bre \u00ab\u00a0Le Baiser\u00a0\u00bb a \u00e9t\u00e9 cr\u00e9\u00e9 dans les ann\u00e9es 1908 &#8211; 1909, \u00e9galement appel\u00e9es la phase dor\u00e9e de Klimt.<\/p>\n<p>De nombreuses reproductions du tableau et d&rsquo;autres motifs de Gustav Klimt sont vendues \u00e0 Vienne. Le plus grand choix se trouve dans les boutiques de souvenirs Klimt.<\/p>\n<h2 id=\"t-1669293662551\">9. Musique classique<\/h2>\n<p><span><img decoding=\"async\" class=\"lazyload\" alt=\"Klassische Musik\" data-id=\"2273\" width=\"885\" data-init-width=\"1000\" height=\"590\" data-init-height=\"667\" title=\"Klassische Musik\" loading=\"lazy\" src=\"data:image\/gif;base64,R0lGODlhAQABAIAAAAAAAP\/\/\/yH5BAEAAAAALAAAAAABAAEAAAIBRAA7\" data-src=\"\/\/viennatouristinformation.com\/fr\/wp-content\/uploads\/2020\/10\/Klassische-Musik.jpg\" data-width=\"885\" data-height=\"590\"><noscript><img decoding=\"async\" class=\"lazyload\" alt=\"Klassische Musik\" data-id=\"2273\" width=\"885\" data-init-width=\"1000\" height=\"590\" data-init-height=\"667\" title=\"Klassische Musik\" loading=\"lazy\" src=\"\/\/viennatouristinformation.com\/fr\/wp-content\/uploads\/2020\/10\/Klassische-Musik.jpg\" data-width=\"885\" data-height=\"590\"><\/noscript><\/span><\/p>\n<p>L&rsquo;Autriche a produit de nombreux compositeurs c\u00e9l\u00e8bres. Wolfgang Amadeus Mozart est probablement le plus connu d&rsquo;entre eux, mais Joseph Haydn, Johann Strauss et Franz Schubert sont \u00e9galement venus d&rsquo;Autriche. Bien que Ludwig van Beethoven soit n\u00e9 \u00e0 Bonn, il a v\u00e9cu \u00e0 Vienne d\u00e8s l&rsquo;\u00e2ge de 22 ans, o\u00f9 il a \u00e9galement compos\u00e9 ses \u0153uvres les plus c\u00e9l\u00e8bres.<\/p>\n<p>Les CD avec les compositions correspondantes sont un bon souvenir pour tous les invit\u00e9s m\u00e9lomanes.<\/p>\n<h2 id=\"t-1669293662552\">10. Chapeaux M\u00fchlbauer<\/h2>\n<p>En 1903, Julianna M\u00fchlbauer a fond\u00e9 une petite chapellerie dans la Seilergasse au centre de Vienne. Aujourd&rsquo;hui, le petit-fils du fondateur, Klaus M\u00fchlbacher, est chapelier de la quatri\u00e8me g\u00e9n\u00e9ration. La boutique est toujours familiale et tous les chapeaux sont fabriqu\u00e9s \u00e0 la main. Chaque chapeau de la manufacture de chapeaux M\u00fchlbauer est orn\u00e9 d&rsquo;un M argent\u00e9 incurv\u00e9, la marque de fabrique et le label de qualit\u00e9 du chapeau.<\/p>\n<p>Un souvenir typiquement autrichien est le chapeau tyrolien, fait de feutre doux et d\u00e9cor\u00e9 d&rsquo;un pinceau ou d&rsquo;une plume.<\/p>\n<h2 id=\"t-1669293662553\">11. Chaussures faites \u00e0 la main<\/h2>\n<p>Si vous recherchez des chaussures exclusives, vous \u00eates au bon endroit chez Ludwig Reiter Schuhmanufaktur. L&rsquo;entreprise a \u00e9t\u00e9 fond\u00e9e en 1885 et est aujourd&rsquo;hui une entreprise familiale de la quatri\u00e8me g\u00e9n\u00e9ration. Dans la manufacture viennoise, les chaussures sont fabriqu\u00e9es \u00e0 la main selon la m\u00e9thode traditionnelle Goodyear. Environ 30 000 chaussures sont fabriqu\u00e9es chaque ann\u00e9e.<\/p>\n<p>La manufacture est situ\u00e9e dans le 22\u00e8me arrondissement de Vienne, S\u00fc\u00dfenbrunn.Il y a des magasins dans le centre-ville sur la F\u00fchrichgasse et sur le M\u00f6lkersteig.<\/p>\n<h2 id=\"t-1669293662554\">12. J &amp; L Lobmeyr<\/h2>\n<p>Le ma\u00eetre verrier Josef Lobmeyr a ouvert sa premi\u00e8re boutique en 1823, et en 1860, la soci\u00e9t\u00e9 J&amp;L Lobmeyr est devenue un marchand de verrerie de cour et a fourni des lustres en cristal pour la Hofburg, le ch\u00e2teau de Sch\u00f6nbrunn et les palais royaux bavarois, entre autres.<\/p>\n<p>La soci\u00e9t\u00e9 m\u00e8re de la K\u00e4rntner Strasse est toujours une entreprise familiale et propose \u00e0 la vente des verres, des carafes, des vases, des lustres et des lampes souffl\u00e9s \u00e0 la bouche et taill\u00e9s \u00e0 la main.<\/p>\n<h2 id=\"t-1669293662555\">13. Porcelaine<\/h2>\n<p>La manufacture de porcelaine viennoise Augarten tire son nom du jardin dans lequel se trouvent ses b\u00e2timents de manufacture. Elle a \u00e9t\u00e9 fond\u00e9e sous sa forme actuelle en 1923. Toutes les pi\u00e8ces sont encore fabriqu\u00e9es \u00e0 la main aujourd&rsquo;hui. La porcelaine Augarten est la porcelaine autrichienne la plus ch\u00e8re et est \u00e9galement utilis\u00e9e \u00e0 des fins publiques telles que la Hofburg, la Chancellerie f\u00e9d\u00e9rale et les ambassades autrichiennes.<\/p>\n<p>Entre autres choses, des vases, des services de table et de th\u00e9, des figurines, des lampes et bien plus encore sont vendus. Les dessins proviennent de diff\u00e9rentes \u00e9poques et comprennent diff\u00e9rents motifs. En plus des bouquets de fleurs, des motifs de chasse et de la nature, vous avez le choix entre le classicisme, le Biedermeier, l&rsquo;art d\u00e9co et le modernisme.<\/p>\n<p>Le magasin phare de la manufacture de porcelaine Augarten est situ\u00e9 dans le centre-ville \u00e0 Spiegelgasse 3.<\/p>\n<p>Pas un souvenir bon march\u00e9, mais garanti fait main.<\/p>\n<h2 id=\"t-1669293662556\">14. La jeune souabe<\/h2>\n<p>Si vous recherchez du linge de table, de lit et de bain exquis, rendez-vous \u00e0 la Jungfrau souabe \u00e0 Vienne. C&rsquo;est la plus ancienne boutique de linge d&rsquo;Europe, fond\u00e9e en 1720 par un marchand de linge de Souabe. Comme l&rsquo;homme avait trois filles, l&rsquo;entreprise prit le nom de \u00ab\u00a0Zur Schw\u00e4bische Jungfrau\u00a0\u00bb.<\/p>\n<p>Des produits sur mesure avec vos propres monogrammes peuvent \u00e9galement \u00eatre r\u00e9alis\u00e9s sur demande. Le magasin a d\u00e9j\u00e0 re\u00e7u les armoiries nationales autrichiennes.<\/p>\n<h2 id=\"t-1669293662557\">15. T-shirt : pas de kangourou en Autriche<\/h2>\n<p>Il arrive encore et encore que l&rsquo;Autriche, l&rsquo;Autriche et l&rsquo;Australie, l&rsquo;Australie soient confondues par des invit\u00e9s anglophones.<\/p>\n<p>C&rsquo;est pourquoi ces t-shirts ont \u00e9t\u00e9 invent\u00e9s, qui clarifient et prouvent clairement les faits.<\/p>\n<p>Pauli et Johann, qui ont r\u00e9cemment quitt\u00e9 un \u00e9levage de kangourous en Autriche, pourraient \u00eatre ramen\u00e9s chez eux&#8230;<\/p>\n<h2 id=\"t-1669293662558\">16. Wilhelm Jungmann &amp; neveu<\/h2>\n<p>Wilhelm Jungmann &amp; Neffe est un fabricant de v\u00eatements dans le 1er arrondissement de Vienne \u00e0 Albertina Platz. La soci\u00e9t\u00e9 a \u00e9t\u00e9 fond\u00e9e en 1866 et \u00e9tait fournisseur de la cour et de la chambre imp\u00e9riale et royale depuis 1881. Aujourd&rsquo;hui, Jungmann &amp; Neffe est l&rsquo;un des rares magasins de l&rsquo;\u00e9poque wilhelminienne conserv\u00e9s \u00e0 l&rsquo;origine.Le magasin juste en face de l&rsquo;Albertina de Vienne est class\u00e9 et n&rsquo;a pas de chauffage central afin de ne pas endommager les pr\u00e9cieuses boiseries.<\/p>\n<p>Des tissus nobles et des accessoires exclusifs sont propos\u00e9s.<\/p>\n<p>Pas un souvenir bon march\u00e9, mais tr\u00e8s original.<\/p>\n","protected":false},"excerpt":{"rendered":"<p>Que seraient des vacances sans souvenir ? A Vienne, le choix est immense, l&rsquo;abondance in\u00e9puisable. Vous pouvez trouver tout entre les souvenirs classiques et traditionnels. Bien s\u00fbr, tous les monuments sont \u00e9galement disponibles \u00e0 Vienne sous toutes leurs formes en souvenir. Ceux-ci incluent des tasses, des assiettes, du verre, des cartes postales, des affiches, des [&hellip;]<\/p>\n","protected":false},"author":17,"featured_media":2265,"parent":1464,"menu_order":0,"comment_status":"closed","ping_status":"closed","template":"","meta":{"footnotes":""},"tags":[],"class_list":["post-1559","page","type-page","status-publish","has-post-thumbnail","hentry","post-wrapper","thrv_wrapper"],"_links":{"self":[{"href":"https:\/\/viennatouristinformation.com\/fr\/wp-json\/wp\/v2\/pages\/1559","targetHints":{"allow":["GET"]}}],"collection":[{"href":"https:\/\/viennatouristinformation.com\/fr\/wp-json\/wp\/v2\/pages"}],"about":[{"href":"https:\/\/viennatouristinformation.com\/fr\/wp-json\/wp\/v2\/types\/page"}],"author":[{"embeddable":true,"href":"https:\/\/viennatouristinformation.com\/fr\/wp-json\/wp\/v2\/users\/17"}],"replies":[{"embeddable":true,"href":"https:\/\/viennatouristinformation.com\/fr\/wp-json\/wp\/v2\/comments?post=1559"}],"version-history":[{"count":0,"href":"https:\/\/viennatouristinformation.com\/fr\/wp-json\/wp\/v2\/pages\/1559\/revisions"}],"up":[{"embeddable":true,"href":"https:\/\/viennatouristinformation.com\/fr\/wp-json\/wp\/v2\/pages\/1464"}],"wp:featuredmedia":[{"embeddable":true,"href":"https:\/\/viennatouristinformation.com\/fr\/wp-json\/wp\/v2\/media\/2265"}],"wp:attachment":[{"href":"https:\/\/viennatouristinformation.com\/fr\/wp-json\/wp\/v2\/media?parent=1559"}],"wp:term":[{"taxonomy":"post_tag","embeddable":true,"href":"https:\/\/viennatouristinformation.com\/fr\/wp-json\/wp\/v2\/tags?post=1559"}],"curies":[{"name":"wp","href":"https:\/\/api.w.org\/{rel}","templated":true}]}}