{"id":1623,"date":"2020-09-25T08:33:41","date_gmt":"2020-09-25T06:33:41","guid":{"rendered":"http:\/\/viennatouristinformation.com\/fr\/?page_id=1623"},"modified":"2023-06-02T08:28:25","modified_gmt":"2023-06-02T06:28:25","slug":"eglises","status":"publish","type":"page","link":"https:\/\/viennatouristinformation.com\/fr\/choses-a-faire\/eglises\/","title":{"rendered":"12 Plus Belles \u00c9glises de Vienne"},"content":{"rendered":"<h2 id=\"t-1669106156838\">1. Cath\u00e9drale Saint-\u00c9tienne<\/h2>\n<p><span><img decoding=\"async\" class=\"lazyload\" alt=\"\" data-id=\"1875\" width=\"884\" data-init-width=\"1200\" height=\"464\" data-init-height=\"630\" title=\"Stephansdom in Vienna in Austria\" loading=\"lazy\" src=\"data:image\/gif;base64,R0lGODlhAQABAIAAAAAAAP\/\/\/yH5BAEAAAAALAAAAAABAAEAAAIBRAA7\" data-src=\"\/\/viennatouristinformation.com\/fr\/wp-content\/uploads\/2020\/09\/Stephansdom-2.jpg\" data-width=\"884\" data-height=\"464\"><noscript><img decoding=\"async\" class=\"lazyload\" alt=\"\" data-id=\"1875\" width=\"884\" data-init-width=\"1200\" height=\"464\" data-init-height=\"630\" title=\"Stephansdom in Vienna in Austria\" loading=\"lazy\" src=\"\/\/viennatouristinformation.com\/fr\/wp-content\/uploads\/2020\/09\/Stephansdom-2.jpg\" data-width=\"884\" data-height=\"464\"><\/noscript><\/span><\/p>\n<p>L&rsquo;impressionnant b\u00e2timent gothique est situ\u00e9 au milieu de la vieille ville et est l&rsquo;\u00e9glise la plus c\u00e9l\u00e8bre de Vienne, probablement m\u00eame de toute l&rsquo;Autriche. Dans l&rsquo;int\u00e9rieur imposant, qui a \u00e9t\u00e9 modifi\u00e9 \u00e0 maintes reprises au cours des si\u00e8cles, le ma\u00eetre-autel du d\u00e9but du baroque, les fen\u00eatres de l&rsquo;\u00e9glise m\u00e9di\u00e9vale, de nombreuses petites chapelles et le tr\u00e9sor de la cath\u00e9drale valent particuli\u00e8rement le d\u00e9tour.<\/p>\n<p>Un escalier de 343 marches m\u00e8ne \u00e0 la tour sud de plus de 136 m\u00e8tres de haut, qui offre une vue fantastique sur Vienne. Dans la tour nord, accessible par ascenseur, se trouve le Pummerin, la plus grande cloche d&rsquo;\u00e9glise d&rsquo;Autriche. Il est toujours sonn\u00e9 au jour de l&rsquo;an et a \u00e9t\u00e9 coul\u00e9 \u00e0 partir de boulets de canon abandonn\u00e9s lors du deuxi\u00e8me si\u00e8ge turc de Vienne.<\/p>\n<p>Dans la crypte sous la <a href=\"https:\/\/viennatouristinformation.com\/fr\/choses-a-faire\/eglises\/saint-etienne\/\">cath\u00e9drale Saint-\u00c9tienne<\/a>, dans la crypte dite ducale, se trouvent les urnes des Habsbourg, dans lesquelles \u00e9taient enterr\u00e9es les entrailles de la famille r\u00e9gnante.<\/p>\n<p>Les scientifiques ont r\u00e9cemment r\u00e9ussi \u00e0 r\u00e9v\u00e9ler l&rsquo;int\u00e9rieur de la haute tombe monumentale de l&#8217;empereur Fr\u00e9d\u00e9ric III. recherche \u00e0 l&rsquo;aide d&rsquo;une cam\u00e9ra endoscopique. Outre la d\u00e9pouille mortelle de l&#8217;empereur, sa couronne, son sceptre et son \u00e9p\u00e9e ont \u00e9galement \u00e9t\u00e9 d\u00e9couverts.<\/p>\n<p>La chapelle Virgile \u00e0 proximit\u00e9 est un tuyau d&rsquo;initi\u00e9. La chapelle n&rsquo;a \u00e9t\u00e9 d\u00e9couverte qu&rsquo;en 1973 dans le cadre de la construction du m\u00e9tro et est l&rsquo;un des int\u00e9rieurs gothiques les mieux conserv\u00e9s de Vienne. Il se trouve \u00e0 environ 12 m\u00e8tres en dessous de la Stephansplatz. L\u00e0, le plan d&rsquo;\u00e9tage de la chapelle est trac\u00e9 au point sous lequel elle se trouve, elle peut \u00eatre visit\u00e9e via la station de m\u00e9tro Stephansplatz.<\/p>\n<p>La partie arri\u00e8re de la cath\u00e9drale Saint-\u00c9tienne est librement accessible, mais il y a un droit d&rsquo;entr\u00e9e pour visiter la tour, la crypte et le tr\u00e9sor de la cath\u00e9drale.<\/p>\n<h2 id=\"t-1669106156839\">2. \u00c9glise Saint-Charles<\/h2>\n<p><span><img decoding=\"async\" class=\"lazyload\" alt=\"Karlskirche in Vienna in Austria\" data-id=\"1861\" width=\"884\" data-init-width=\"1000\" height=\"590\" data-init-height=\"667\" title=\"Karlskirche in Vienna in Austria\" loading=\"lazy\" src=\"data:image\/gif;base64,R0lGODlhAQABAIAAAAAAAP\/\/\/yH5BAEAAAAALAAAAAABAAEAAAIBRAA7\" data-src=\"\/\/viennatouristinformation.com\/fr\/wp-content\/uploads\/2020\/09\/Karlskirche.jpg\" data-width=\"884\" data-height=\"590\"><noscript><img decoding=\"async\" class=\"lazyload\" alt=\"Karlskirche in Vienna in Austria\" data-id=\"1861\" width=\"884\" data-init-width=\"1000\" height=\"590\" data-init-height=\"667\" title=\"Karlskirche in Vienna in Austria\" loading=\"lazy\" src=\"\/\/viennatouristinformation.com\/fr\/wp-content\/uploads\/2020\/09\/Karlskirche.jpg\" data-width=\"884\" data-height=\"590\"><\/noscript><\/span><\/p>\n<p><a href=\"https:\/\/viennatouristinformation.com\/fr\/choses-a-faire\/eglises\/saint-charles\/\">La \u00c9glise Saint-Charles<\/a>, avec son d\u00f4me turquoise de 72 m\u00e8tres de haut, est l&rsquo;une des \u00e9glises baroques les plus importantes d&rsquo;Europe.&nbsp;Il a \u00e9t\u00e9 con\u00e7u par l&rsquo;architecte vedette Johann Fischer von Erlach, qui a bas\u00e9 son architecture sur la basilique Sainte-Sophie d&rsquo;Istanbul et a combin\u00e9 des \u00e9l\u00e9ments chr\u00e9tiens et islamiques du b\u00e2timent sacr\u00e9. L&rsquo;\u00e9glise, achev\u00e9e en 1737, a \u00e9t\u00e9 command\u00e9e par l&#8217;empereur Charles VI. D\u00e9di\u00e9 \u00e0 Saint Charles Borrom\u00e9e en remerciement pour la fin d&rsquo;une \u00e9pid\u00e9mie de peste.<\/p>\n<p>L&rsquo;int\u00e9rieur est orn\u00e9 d&rsquo;ornements en or et de marbre, et il y a des fresques \u00e9labor\u00e9es dans le d\u00f4me. Depuis la plate-forme \u00e0 32 m\u00e8tres de hauteur, accessible par un ascenseur panoramique, vous avez une vue imprenable sur l&rsquo;int\u00e9rieur et les fresques.<\/p>\n<p>Un march\u00e9 de No\u00ebl est install\u00e9 devant l&rsquo;\u00e9glise sur la Karlsplatz chaque ann\u00e9e pendant l&rsquo;Avent, et il y a un cin\u00e9ma en plein air en \u00e9t\u00e9.<\/p>\n<p>Il y a des frais pour entrer dans l&rsquo;\u00e9glise.<\/p>\n<h2 id=\"t-1669106156840\">3. \u00c9glise votive<\/h2>\n<p><span><img decoding=\"async\" class=\"lazyload\" alt=\"Votivkirche in Vienna in Austria\" data-id=\"1862\" width=\"884\" data-init-width=\"1000\" height=\"590\" data-init-height=\"667\" title=\"Votivkirche in Vienna in Austria\" loading=\"lazy\" src=\"data:image\/gif;base64,R0lGODlhAQABAIAAAAAAAP\/\/\/yH5BAEAAAAALAAAAAABAAEAAAIBRAA7\" data-src=\"\/\/viennatouristinformation.com\/fr\/wp-content\/uploads\/2020\/09\/Votivkirche.jpg\" data-width=\"884\" data-height=\"590\"><noscript><img decoding=\"async\" class=\"lazyload\" alt=\"Votivkirche in Vienna in Austria\" data-id=\"1862\" width=\"884\" data-init-width=\"1000\" height=\"590\" data-init-height=\"667\" title=\"Votivkirche in Vienna in Austria\" loading=\"lazy\" src=\"\/\/viennatouristinformation.com\/fr\/wp-content\/uploads\/2020\/09\/Votivkirche.jpg\" data-width=\"884\" data-height=\"590\"><\/noscript><\/span><\/p>\n<p>L&rsquo;\u00e9glise votive, une basilique \u00e0 trois nefs sur la Ringstrasse, est consid\u00e9r\u00e9e comme l&rsquo;un des \u00e9difices sacr\u00e9s n\u00e9o-gothiques les plus importants au monde. Il a \u00e9t\u00e9 construit en remerciement pour une tentative d&rsquo;assassinat rat\u00e9e contre l&#8217;empereur Fran\u00e7ois-Joseph. Apr\u00e8s une p\u00e9riode de construction de plus de 20 ans, elle fut consacr\u00e9e le 24 avril 1879, le jour des noces d&rsquo;argent de l&#8217;empereur Fran\u00e7ois-Joseph et de Sissi. En raison de son emplacement sur la Ringstrasse, l&rsquo;\u00e9glise votive \u00e9tait \u00e9galement appel\u00e9e la \u00ab\u00a0cath\u00e9drale de la Ringstrasse\u00a0\u00bb.<\/p>\n<p>Certains jours, la <a href=\"https:\/\/viennatouristinformation.com\/fr\/choses-a-faire\/attractions\/tour-du-danube\/\" style=\"outline: none;\">tour<\/a>&nbsp;de l&rsquo;\u00e9glise peut \u00eatre escalad\u00e9e, d&rsquo;o\u00f9 l&rsquo;on a <a href=\"https:\/\/viennatouristinformation.com\/fr\/choses-a-faire\/vues-panoramiques\/\">une vue magnifique sur Vienne<\/a>.<\/p>\n<p>La vue sur l&rsquo;\u00e9glise depuis Sigmund-Freud-Park est particuli\u00e8rement belle avec les arbres en fleurs au printemps et est un motif Instagram populaire.<\/p>\n<h2 id=\"t-1669106156841\">4. Saint-Augustin<\/h2>\n<p><span><img decoding=\"async\" class=\"lazyload\" alt=\"St. Augustin in Vienna in Austria\" data-id=\"1863\" width=\"884\" data-init-width=\"1000\" height=\"590\" data-init-height=\"667\" title=\"St. Augustin in Vienna in Austria\" loading=\"lazy\" src=\"data:image\/gif;base64,R0lGODlhAQABAIAAAAAAAP\/\/\/yH5BAEAAAAALAAAAAABAAEAAAIBRAA7\" data-src=\"\/\/viennatouristinformation.com\/fr\/wp-content\/uploads\/2020\/09\/St.-Augustin.jpg\" data-width=\"884\" data-height=\"590\"><noscript><img decoding=\"async\" class=\"lazyload\" alt=\"St. Augustin in Vienna in Austria\" data-id=\"1863\" width=\"884\" data-init-width=\"1000\" height=\"590\" data-init-height=\"667\" title=\"St. Augustin in Vienna in Austria\" loading=\"lazy\" src=\"\/\/viennatouristinformation.com\/fr\/wp-content\/uploads\/2020\/09\/St.-Augustin.jpg\" data-width=\"884\" data-height=\"590\"><\/noscript><\/span><\/p>\n<p>L&rsquo;\u00e9glise Saint-Augustin, \u00e9galement connue sous le nom d&rsquo;\u00e9glise des Augustins, fait partie de l&rsquo;aile <a href=\"https:\/\/viennatouristinformation.com\/fr\/choses-a-faire\/musee\/albertina\/\">Albertina<\/a>&nbsp;de la <a href=\"https:\/\/viennatouristinformation.com\/fr\/choses-a-faire\/chateaux\/palais-imperial\/\">Palais imp\u00e9rial<\/a> de Vienne.&nbsp;Dans le pass\u00e9, des c\u00e9l\u00e9brations du tr\u00f4ne et des mariages avaient lieu ici, par exemple le mariage de l&#8217;empereur Fran\u00e7ois-Joseph Ier avec la princesse Elisabeth (Sissi) en 1854.<\/p>\n<p>Il abrite un tombeau qui servait aux Augustins et \u00e0 la haute noblesse, mais n&rsquo;est pas ouvert au public. La soi-disant \u00ab\u00a0crypte du c\u0153ur\u00a0\u00bb est situ\u00e9e dans une extension semi-circulaire de la chapelle Loreto de l&rsquo;\u00e9glise des Augustins. \u00c0 l&rsquo;int\u00e9rieur se trouvent les urnes avec les c\u0153urs de 54 Habsbourg. \u00c0 Vienne, il y avait une coutume d&rsquo;enterrements s\u00e9par\u00e9s pour les monarques, les princes, les ducs et les nobles de rang sup\u00e9rieur. C&rsquo;est pourquoi les cadavres des Habsbourg se trouvent dans la crypte des Capucins, les entrailles dans la crypte de la cath\u00e9drale Saint-\u00c9tienne et les c\u0153urs dans le \u00ab\u00a0Herzlggr\u00e4bt\u00a0\u00bb de l&rsquo;\u00e9glise des Augustins. L&rsquo;\u00e9glise des Augustins est c\u00e9l\u00e8bre pour sa musique d&rsquo;\u00e9glise, des messes concertantes de Schubert, Mozart et Haydn sont c\u00e9l\u00e9br\u00e9es.<\/p>\n<h2 id=\"t-1669106156842\">5. Fran\u00e7ois d&rsquo;Assise<\/h2>\n<p><span><img decoding=\"async\" class=\"lazyload\" alt=\"Franz von Assisi in Vienna in Austria\" data-id=\"1864\" width=\"884\" data-init-width=\"1000\" height=\"590\" data-init-height=\"667\" title=\"Franz von Assisi in Vienna in Austria\" loading=\"lazy\" src=\"data:image\/gif;base64,R0lGODlhAQABAIAAAAAAAP\/\/\/yH5BAEAAAAALAAAAAABAAEAAAIBRAA7\" data-src=\"\/\/viennatouristinformation.com\/fr\/wp-content\/uploads\/2020\/09\/Franz-von-Assisi.jpg\" data-width=\"884\" data-height=\"590\"><noscript><img decoding=\"async\" class=\"lazyload\" alt=\"Franz von Assisi in Vienna in Austria\" data-id=\"1864\" width=\"884\" data-init-width=\"1000\" height=\"590\" data-init-height=\"667\" title=\"Franz von Assisi in Vienna in Austria\" loading=\"lazy\" src=\"\/\/viennatouristinformation.com\/fr\/wp-content\/uploads\/2020\/09\/Franz-von-Assisi.jpg\" data-width=\"884\" data-height=\"590\"><\/noscript><\/span><\/p>\n<p>L&rsquo;aspect de l&rsquo;\u00e9glise, qui est sous la protection des monuments, rappelle plus un ch\u00e2teau qu&rsquo;une \u00e9glise. Elle a \u00e9t\u00e9 construite entre 1898 et 1910 dans le style roman en l&rsquo;honneur du 50e anniversaire du r\u00e8gne de l&#8217;empereur Fran\u00e7ois-Joseph Ier. Elle est donc aussi appel\u00e9e \u00ab\u00a0Kaiserjubil\u00e4umskirche\u00a0\u00bb (\u00e9glise du Jubil\u00e9 de l&rsquo;Empereur), car elle est situ\u00e9e sur la place du Mexique elle est \u00e9galement connue sous le nom de \u00ab\u00a0l&rsquo;\u00e9glise du Mexique\u00a0\u00bb. Son emplacement sur les rives du Danube en fait un beau motif photo et il est impossible d&rsquo;imaginer Instagram sans lui.<\/p>\n<h2 id=\"t-1669106156843\">6. \u00c9glise de Steinhof<\/h2>\n<p><span><img decoding=\"async\" class=\"lazyload\" alt=\"Kirche am Steinhof in Vienna in Austria\" data-id=\"1865\" width=\"884\" data-init-width=\"1000\" height=\"590\" data-init-height=\"667\" title=\"Kirche am Steinhof in Vienna in Austria\" loading=\"lazy\" src=\"data:image\/gif;base64,R0lGODlhAQABAIAAAAAAAP\/\/\/yH5BAEAAAAALAAAAAABAAEAAAIBRAA7\" data-src=\"\/\/viennatouristinformation.com\/fr\/wp-content\/uploads\/2020\/09\/Kirche-am-Steinhof.jpg\" data-width=\"884\" data-height=\"590\"><noscript><img decoding=\"async\" class=\"lazyload\" alt=\"Kirche am Steinhof in Vienna in Austria\" data-id=\"1865\" width=\"884\" data-init-width=\"1000\" height=\"590\" data-init-height=\"667\" title=\"Kirche am Steinhof in Vienna in Austria\" loading=\"lazy\" src=\"\/\/viennatouristinformation.com\/fr\/wp-content\/uploads\/2020\/09\/Kirche-am-Steinhof.jpg\" data-width=\"884\" data-height=\"590\"><\/noscript><\/span><\/p>\n<p>Le d\u00f4me recouvert de cuivre de l&rsquo;\u00e9glise Steinhof dans le 14e arrondissement de Vienne se voit de loin. \u00c0 la demande de l&#8217;empereur Fran\u00e7ois-Joseph, cette \u00e9glise a \u00e9t\u00e9 construite en 1904 pour les malades nerveux et mentaux de l&rsquo;h\u00f4pital psychiatrique de Steinhof. Il fait encore aujourd&rsquo;hui partie du complexe hospitalier et ne peut donc \u00eatre visit\u00e9 que dans le cadre d&rsquo;une visite guid\u00e9e. Le b\u00e2timent a \u00e9t\u00e9 con\u00e7u par Otto Wagner, l&rsquo;architecte Art nouveau le plus c\u00e9l\u00e8bre de Vienne. A cette \u00e9poque, le style architectural inhabituel \u00e9tait tr\u00e8s controvers\u00e9.<\/p>\n<h2 id=\"t-1669106156844\">7. L&rsquo;\u00e9glise Rupert<\/h2>\n<p><span><img decoding=\"async\" class=\"lazyload\" alt=\"Ruprechtskirche in Vienna in Austria\" data-id=\"1866\" width=\"884\" data-init-width=\"1000\" height=\"590\" data-init-height=\"667\" title=\"Ruprechtskirche in Vienna in Austria\" loading=\"lazy\" src=\"data:image\/gif;base64,R0lGODlhAQABAIAAAAAAAP\/\/\/yH5BAEAAAAALAAAAAABAAEAAAIBRAA7\" data-src=\"\/\/viennatouristinformation.com\/fr\/wp-content\/uploads\/2020\/09\/Ruprechtskirche.jpg\" data-width=\"884\" data-height=\"590\"><noscript><img decoding=\"async\" class=\"lazyload\" alt=\"Ruprechtskirche in Vienna in Austria\" data-id=\"1866\" width=\"884\" data-init-width=\"1000\" height=\"590\" data-init-height=\"667\" title=\"Ruprechtskirche in Vienna in Austria\" loading=\"lazy\" src=\"\/\/viennatouristinformation.com\/fr\/wp-content\/uploads\/2020\/09\/Ruprechtskirche.jpg\" data-width=\"884\" data-height=\"590\"><\/noscript><\/span><\/p>\n<p>La Ruprechtskirche est la plus ancienne \u00e9glise de Vienne et est situ\u00e9e dans le centre-ville, dans le 1er arrondissement de Vienne. La l\u00e9gende veut qu&rsquo;elle ait \u00e9t\u00e9 fond\u00e9e en 740, la premi\u00e8re mention \u00e9crite remonte \u00e0 1200. L&rsquo;\u00e9glise a \u00e9t\u00e9 reconstruite plusieurs fois, mais les anciens murs datent du 12\u00e8me si\u00e8cle. Dans le centre-ville chic, il attire le regard par son aspect idiosyncrasique.<\/p>\n<h2 id=\"t-1669106156845\">8. \u00c9glise grecque de la Sainte Trinit\u00e9<\/h2>\n<p><span><img decoding=\"async\" class=\"lazyload\" alt=\"Griechenkirche zur Heiligen Dreifaltigkeit in Vienna in Austria\" data-id=\"1867\" width=\"884\" data-init-width=\"1000\" height=\"590\" data-init-height=\"667\" title=\"Griechenkirche zur Heiligen Dreifaltigkeit in Vienna in Austria\" loading=\"lazy\" src=\"data:image\/gif;base64,R0lGODlhAQABAIAAAAAAAP\/\/\/yH5BAEAAAAALAAAAAABAAEAAAIBRAA7\" data-src=\"\/\/viennatouristinformation.com\/fr\/wp-content\/uploads\/2020\/09\/Griechenkirche-zur-Heiligen-Dreifaltigkeit.jpg\" data-width=\"884\" data-height=\"590\"><noscript><img decoding=\"async\" class=\"lazyload\" alt=\"Griechenkirche zur Heiligen Dreifaltigkeit in Vienna in Austria\" data-id=\"1867\" width=\"884\" data-init-width=\"1000\" height=\"590\" data-init-height=\"667\" title=\"Griechenkirche zur Heiligen Dreifaltigkeit in Vienna in Austria\" loading=\"lazy\" src=\"\/\/viennatouristinformation.com\/fr\/wp-content\/uploads\/2020\/09\/Griechenkirche-zur-Heiligen-Dreifaltigkeit.jpg\" data-width=\"884\" data-height=\"590\"><\/noscript><\/span><\/p>\n<p>Cette \u00e9glise orthodoxe est situ\u00e9e dans l&rsquo;ancien quartier grec de Fleischmarkt dans le 1er arrondissement de Vienne. Bien que le brevet de tol\u00e9rance de Joseph II interdisait tours et cloches aux \u00e9glises non catholiques, cette \u00e9glise fut dot\u00e9e d&rsquo;un clocher. A l&rsquo;int\u00e9rieur, le tr\u00f4ne \u00e9piscopal en bois \u00e0 4 marches et le lutrin de la chancellerie en forme d&rsquo;aigle bic\u00e9phale byzantin, orn\u00e9 d&rsquo;une couronne imp\u00e9riale des Habsbourg, sont remarquables.<\/p>\n<p>Aujourd&rsquo;hui, l&rsquo;\u00e9glise est la cath\u00e9drale des m\u00e9tropolites grecs orthodoxes d&rsquo;Autriche. Une \u00e9cole grecque et une biblioth\u00e8que sont install\u00e9es dans les chambres sup\u00e9rieures.<\/p>\n<h2 id=\"t-1669106156846\">9. \u00c9glise \u00e9vang\u00e9lique Dorotheergasse<\/h2>\n<p>L&rsquo;\u00e9glise \u00e9vang\u00e9lique de la Dorotheergasse date de 1783. Elle a \u00e9t\u00e9 construite sur le site d&rsquo;un ancien monast\u00e8re royal et impressionne par ses lignes claires et sa simplicit\u00e9. \u00c0 ce jour, il n&rsquo;y a pas d&rsquo;images ou de croix dans le b\u00e2timent en forme de croix de la Renaissance. Depuis 2019, des mariages homosexuels ont \u00e9galement lieu ici si au moins un partenaire est protestant et que le mariage civil a eu lieu.<\/p>\n<h2 id=\"t-1669106156847\">10. \u00c9glise franciscaine<\/h2>\n<p><span><img decoding=\"async\" class=\"lazyload\" alt=\"Fransziskanerkirche in Vienna in Austria\" data-id=\"1868\" width=\"884\" data-init-width=\"1000\" height=\"590\" data-init-height=\"667\" title=\"Fransziskanerkirche in Vienna in Austria\" loading=\"lazy\" src=\"data:image\/gif;base64,R0lGODlhAQABAIAAAAAAAP\/\/\/yH5BAEAAAAALAAAAAABAAEAAAIBRAA7\" data-src=\"\/\/viennatouristinformation.com\/fr\/wp-content\/uploads\/2020\/09\/Fransziskanerkirche.jpg\" data-width=\"884\" data-height=\"590\"><noscript><img decoding=\"async\" class=\"lazyload\" alt=\"Fransziskanerkirche in Vienna in Austria\" data-id=\"1868\" width=\"884\" data-init-width=\"1000\" height=\"590\" data-init-height=\"667\" title=\"Fransziskanerkirche in Vienna in Austria\" loading=\"lazy\" src=\"\/\/viennatouristinformation.com\/fr\/wp-content\/uploads\/2020\/09\/Fransziskanerkirche.jpg\" data-width=\"884\" data-height=\"590\"><\/noscript><\/span><\/p>\n<p>L&rsquo;\u00e9glise franciscaine a \u00e9t\u00e9 construite en utilisant les anciennes parties d&rsquo;un ancien couvent de p\u00e9nitents vacant de 1387. La construction de l&rsquo;\u00e9glise fut achev\u00e9e en 1607. L&rsquo;\u00e9glise est le seul \u00e9difice sacr\u00e9 de Vienne de style Renaissance, elle est orn\u00e9e de nombreux \u00e9l\u00e9ments gothiques et se distingue par sa construction inhabituelle.<\/p>\n<p>Le plus ancien orgue de Vienne dont on peut encore jouer se trouve dans l&rsquo;\u00e9glise franciscaine, l&rsquo; <a href=\"https:\/\/www.woeckherl-orgel.wien\/ein-klangjuwel.html\" rel=\"noopener\" target=\"_blank\">orgue W\u00f6ckherl<\/a> de 1642, qui peut \u00eatre visit\u00e9 certains jours.<\/p>\n<h2 id=\"t-1669106156848\">11. Saint-Pierre<\/h2>\n<p><span><img decoding=\"async\" class=\"lazyload\" alt=\"St. Peter in Vienna in Austria\" data-id=\"1871\" width=\"884\" data-init-width=\"1000\" height=\"590\" data-init-height=\"667\" title=\"St. Peter in Vienna in Austria\" loading=\"lazy\" src=\"data:image\/gif;base64,R0lGODlhAQABAIAAAAAAAP\/\/\/yH5BAEAAAAALAAAAAABAAEAAAIBRAA7\" data-src=\"\/\/viennatouristinformation.com\/fr\/wp-content\/uploads\/2020\/09\/St.-Peter.jpg\" data-width=\"884\" data-height=\"590\"><noscript><img decoding=\"async\" class=\"lazyload\" alt=\"St. Peter in Vienna in Austria\" data-id=\"1871\" width=\"884\" data-init-width=\"1000\" height=\"590\" data-init-height=\"667\" title=\"St. Peter in Vienna in Austria\" loading=\"lazy\" src=\"\/\/viennatouristinformation.com\/fr\/wp-content\/uploads\/2020\/09\/St.-Peter.jpg\" data-width=\"884\" data-height=\"590\"><\/noscript><\/span><\/p>\n<p>La Peterskirche a \u00e9t\u00e9 mentionn\u00e9e pour la premi\u00e8re fois dans un document en 1137, mais elle a compl\u00e8tement br\u00fbl\u00e9 dans un incendie au 17\u00e8me si\u00e8cle. La reconstruction de l&rsquo;\u00e9glise baroque a \u00e9t\u00e9 achev\u00e9e en 1733. Les hautes maisons de chaque c\u00f4t\u00e9 lui donnent un aspect quelque peu cach\u00e9. Ces derni\u00e8res ann\u00e9es, il est devenu un motif photo et Instagram populaire, en particulier lorsqu&rsquo;une cal\u00e8che passe \u00e9galement par l\u00e0&#8230;.<\/p>\n<h2 id=\"t-1669106156849\">12. \u00c9glise Karl Borrom\u00e4us (cimeti\u00e8re central)<\/h2>\n<p><span><img decoding=\"async\" class=\"lazyload\" alt=\"Karl-Borrom\u00e4us-Kirche (Zentralfriedhof) in Vienna in Austria\" data-id=\"1872\" width=\"884\" data-init-width=\"1000\" height=\"590\" data-init-height=\"667\" title=\"Karl-Borrom\u00e4us-Kirche (Zentralfriedhof) in Vienna in Austria\" loading=\"lazy\" src=\"data:image\/gif;base64,R0lGODlhAQABAIAAAAAAAP\/\/\/yH5BAEAAAAALAAAAAABAAEAAAIBRAA7\" data-src=\"\/\/viennatouristinformation.com\/fr\/wp-content\/uploads\/2020\/09\/Karl-Borrom\u00e4us-Kirche-Zentralfriedhof.jpg\" data-width=\"884\" data-height=\"590\"><noscript><img decoding=\"async\" class=\"lazyload\" alt=\"Karl-Borrom\u00e4us-Kirche (Zentralfriedhof) in Vienna in Austria\" data-id=\"1872\" width=\"884\" data-init-width=\"1000\" height=\"590\" data-init-height=\"667\" title=\"Karl-Borrom\u00e4us-Kirche (Zentralfriedhof) in Vienna in Austria\" loading=\"lazy\" src=\"\/\/viennatouristinformation.com\/fr\/wp-content\/uploads\/2020\/09\/Karl-Borrom\u00e4us-Kirche-Zentralfriedhof.jpg\" data-width=\"884\" data-height=\"590\"><\/noscript><\/span><\/p>\n<p>Avec son d\u00f4me central de plus de 58 m\u00e8tres de haut, la Karl-Borrom\u00e4us-Kirche est le b\u00e2timent imposant du <a href=\"https:\/\/viennatouristinformation.com\/fr\/choses-a-faire\/parcs\/cimetiere-central\/\">cimeti\u00e8re central<\/a> de Vienne.&nbsp;La premi\u00e8re pierre de l&rsquo;\u00e9glise Art nouveau a \u00e9t\u00e9 pos\u00e9e par l&rsquo;ancien maire de Vienne, le Dr. Karl Lueger, qui est \u00e9galement enterr\u00e9 ici. C&rsquo;est pourquoi on l&rsquo;appelle aussi \u00ab\u00a0l&rsquo;\u00e9glise du souvenir du Dr Karl Lueger\u00a0\u00bb. Devant l&rsquo;\u00e9glise du cimeti\u00e8re, vous trouverez une crypte dans laquelle les anciens pr\u00e9sidents f\u00e9d\u00e9raux autrichiens sont enterr\u00e9s. Tout pr\u00e8s de l&rsquo;\u00e9glise se trouvent quelques-unes des nombreuses tombes d&rsquo;honneur que l&rsquo;on peut trouver dans le cimeti\u00e8re central, notamment celles de Mozart, Beethoven, Brahms et bien d&rsquo;autres.<\/p>\n<p>Si vous le souhaitez, vous pouvez combiner une visite de l&rsquo;\u00e9glise avec une promenade dans le cimeti\u00e8re central, et si vous avez de la chance, vous pourrez m\u00eame voir l&rsquo;un des cerfs qui vivent dans l&rsquo;enceinte du cimeti\u00e8re.<\/p>\n<p style=\"text-align: center;\"><a href=\"https:\/\/www.google.com\/maps\/d\/u\/2\/viewer?hl=en&amp;mid=1a7Dmp_QauwZH3YZKWY6rbIaO0GbL-b99&amp;ll=48.20053143993763%2C16.342114700000003&amp;z=13\" target=\"_blank\" rel=\"noopener\">(lien vers la carte)<\/a><\/p>\n","protected":false},"excerpt":{"rendered":"<p>1. Cath\u00e9drale Saint-\u00c9tienne L&rsquo;impressionnant b\u00e2timent gothique est situ\u00e9 au milieu de la vieille ville et est l&rsquo;\u00e9glise la plus c\u00e9l\u00e8bre de Vienne, probablement m\u00eame de toute l&rsquo;Autriche. Dans l&rsquo;int\u00e9rieur imposant, qui a \u00e9t\u00e9 modifi\u00e9 \u00e0 maintes reprises au cours des si\u00e8cles, le ma\u00eetre-autel du d\u00e9but du baroque, les fen\u00eatres de l&rsquo;\u00e9glise m\u00e9di\u00e9vale, de nombreuses petites [&hellip;]<\/p>\n","protected":false},"author":17,"featured_media":1883,"parent":109,"menu_order":0,"comment_status":"closed","ping_status":"closed","template":"","meta":{"footnotes":""},"tags":[],"class_list":["post-1623","page","type-page","status-publish","has-post-thumbnail","hentry","post-wrapper","thrv_wrapper"],"_links":{"self":[{"href":"https:\/\/viennatouristinformation.com\/fr\/wp-json\/wp\/v2\/pages\/1623","targetHints":{"allow":["GET"]}}],"collection":[{"href":"https:\/\/viennatouristinformation.com\/fr\/wp-json\/wp\/v2\/pages"}],"about":[{"href":"https:\/\/viennatouristinformation.com\/fr\/wp-json\/wp\/v2\/types\/page"}],"author":[{"embeddable":true,"href":"https:\/\/viennatouristinformation.com\/fr\/wp-json\/wp\/v2\/users\/17"}],"replies":[{"embeddable":true,"href":"https:\/\/viennatouristinformation.com\/fr\/wp-json\/wp\/v2\/comments?post=1623"}],"version-history":[{"count":0,"href":"https:\/\/viennatouristinformation.com\/fr\/wp-json\/wp\/v2\/pages\/1623\/revisions"}],"up":[{"embeddable":true,"href":"https:\/\/viennatouristinformation.com\/fr\/wp-json\/wp\/v2\/pages\/109"}],"wp:featuredmedia":[{"embeddable":true,"href":"https:\/\/viennatouristinformation.com\/fr\/wp-json\/wp\/v2\/media\/1883"}],"wp:attachment":[{"href":"https:\/\/viennatouristinformation.com\/fr\/wp-json\/wp\/v2\/media?parent=1623"}],"wp:term":[{"taxonomy":"post_tag","embeddable":true,"href":"https:\/\/viennatouristinformation.com\/fr\/wp-json\/wp\/v2\/tags?post=1623"}],"curies":[{"name":"wp","href":"https:\/\/api.w.org\/{rel}","templated":true}]}}