{"id":1668,"date":"2020-09-25T09:49:46","date_gmt":"2020-09-25T07:49:46","guid":{"rendered":"http:\/\/viennatouristinformation.com\/fr\/?page_id=1668"},"modified":"2023-06-14T12:35:09","modified_gmt":"2023-06-14T10:35:09","slug":"hotels","status":"publish","type":"page","link":"https:\/\/viennatouristinformation.com\/fr\/hotels\/","title":{"rendered":"Meilleurs H\u00f4tels Recommand\u00e9s \u00e0 Vienne : Centre-Ville, 5-\u00c9toiles&#8230;"},"content":{"rendered":"<h1>O\u00f9 dormir \u00e0 Vienne ?<\/h1>\n<p>Recherche d&rsquo;h\u00f4tels dans toutes les cat\u00e9gories et service de r\u00e9servation.&nbsp;<\/p>\n<ul>\n<li style=\"\"><span><span data-attr-id=\"18\" data-extra_key=\"1\" data-option-inline=\"1\" data-shortcode=\"thrive_global_fields\" data-shortcode-name=\"[Company] Support E-Mail\">support@ViennaTouristInformation.com<\/span><\/span><\/li>\n<\/ul>\n<h3>R\u00e9servations de groupe<\/h3>\n<p>Nous pouvons vous proposer le meilleur prix pour une r\u00e9servation de groupe dans un h\u00f4tel confortable \u00e0 Vienne.<\/p>\n<h3>Offres pour Couples<\/h3>\n<p>Lune de miel ou escapade romantique \u00e0 Vienne ? Demandez-nous un devis gratuit pour les meilleurs h\u00f4tels pour couples.<\/p>\n<h3>Emplacements uniques<\/h3>\n<p>Nous vous trouverons l&#8217;emplacement id\u00e9al et le prix d&rsquo;h\u00f4tel id\u00e9al en fonction de vos besoins et de vos envies.<\/p>\n<h2>R\u00e9servez les meilleurs h\u00f4tels de Vienne au meilleur prix<\/h2>\n<p>Vienne est une ville qui a quelque chose pour tout le monde, de ses grands palais et mus\u00e9es \u00e0 ses caf\u00e9s anim\u00e9s et sa vie nocturne. Lors du choix d&rsquo;un h\u00f4tel \u00e0 Vienne, il y a quelques points \u00e0 garder \u00e0 l&rsquo;esprit. Si vous voulez \u00eatre proche de toute l&rsquo;action, choisissez un h\u00f4tel dans le centre-ville. Si vous recherchez une exp\u00e9rience plus d\u00e9tendue, envisagez un h\u00f4tel dans l&rsquo;un des nombreux quartiers charmants de Vienne. Nous avons pr\u00e9par\u00e9 plusieurs articles avec nos recommandations d&rsquo;h\u00f4tels \u00e0 Vienne pour vous aider dans votre choix. Consultez les liens ci-dessous pour en savoir plus.<\/p>\n<ul>\n<li><span><a href=\"https:\/\/viennatouristinformation.com\/fr\/hotels\/5-etoiles\/\">H\u00f4tels 5 \u00e9toiles<\/a><\/span><\/li>\n<li><span><a href=\"https:\/\/viennatouristinformation.com\/fr\/hotels\/4-etoiles\/\">H\u00f4tels 4 \u00e9toiles<\/a><\/span><\/li>\n<li><span><a href=\"https:\/\/viennatouristinformation.com\/fr\/hotels\/3-etoiles\/\">H\u00f4tels 3 \u00e9toiles<\/a><\/span><\/li>\n<\/ul>\n<p style=\"text-align: center;\">H\u00f4tels recommand\u00e9s \u00e0 Vienne<\/p>\n<p style=\"text-align: center;\">H\u00f4tels centraux de 3 \u00e0 5 \u00e9toiles<\/p>\n<p><a href=\"https:\/\/viennatouristinformation.com\/fr\/hotels\/4-etoiles\/\" dynamic-postlink=\"tcb_post_the_permalink\" data-shortcode-id=\"817\"><\/a><\/p>\n<h3 style=\"text-align: center; padding-top: 0px !important; margin-top: 0px !important;\"><span data-attr-link=\"1\" data-attr-rel=\"0\" data-attr-target=\"0\" data-extra_key=\"\" data-option-inline=\"1\" data-shortcode=\"tcb_post_title\" data-shortcode-name=\"Post title\" data-attr-css=\"\" data-attr-static-link=\"{&quot;className&quot;:&quot;&quot;,&quot;href&quot;:&quot;https:\/\/viennatouristinformation.com\/fr\/hotels\/4-etoiles\/&quot;,&quot;title&quot;:&quot;28 Meilleurs H\u00f4tels 4 \u00c9toiles \u00e0 Vienne&quot;,&quot;class&quot;:&quot;&quot;}\"><a href=\"https:\/\/viennatouristinformation.com\/fr\/hotels\/4-etoiles\/\" title=\"28 Meilleurs H\u00f4tels 4 \u00c9toiles \u00e0 Vienne\" data-css=\"\">28 Meilleurs H\u00f4tels 4 \u00c9toiles \u00e0 Vienne<\/a><\/span><\/h3>\n<p><a href=\"https:\/\/viennatouristinformation.com\/fr\/hotels\/4-etoiles\/\"><span style=\"\"><span style=\"\">Lire plus<\/span><\/span><\/a><a href=\"https:\/\/viennatouristinformation.com\/fr\/hotels\/3-etoiles\/\" dynamic-postlink=\"tcb_post_the_permalink\" data-shortcode-id=\"817\"><\/a><\/p>\n<h3 style=\"text-align: center; padding-top: 0px !important; margin-top: 0px !important;\"><span data-attr-link=\"1\" data-attr-rel=\"0\" data-attr-target=\"0\" data-extra_key=\"\" data-option-inline=\"1\" data-shortcode=\"tcb_post_title\" data-shortcode-name=\"Post title\" data-attr-css=\"\" data-attr-static-link=\"{&quot;className&quot;:&quot;&quot;,&quot;href&quot;:&quot;https:\/\/viennatouristinformation.com\/fr\/hotels\/4-etoiles\/&quot;,&quot;title&quot;:&quot;28 Meilleurs H\u00f4tels 4 \u00c9toiles \u00e0 Vienne&quot;,&quot;class&quot;:&quot;&quot;}\"><a href=\"https:\/\/viennatouristinformation.com\/fr\/hotels\/3-etoiles\/\" title=\"22 Meilleurs H\u00f4tels 3 \u00c9toiles \u00e0 Vienne\" data-css=\"\">22 Meilleurs H\u00f4tels 3 \u00c9toiles \u00e0 Vienne<\/a><\/span><\/h3>\n<p><a href=\"https:\/\/viennatouristinformation.com\/fr\/hotels\/3-etoiles\/\"><span style=\"\"><span style=\"\">Lire plus<\/span><\/span><\/a><a href=\"https:\/\/viennatouristinformation.com\/fr\/hotels\/5-etoiles\/\" dynamic-postlink=\"tcb_post_the_permalink\" data-shortcode-id=\"817\"><\/a><\/p>\n<h3 style=\"text-align: center; padding-top: 0px !important; margin-top: 0px !important;\"><span data-attr-link=\"1\" data-attr-rel=\"0\" data-attr-target=\"0\" data-extra_key=\"\" data-option-inline=\"1\" data-shortcode=\"tcb_post_title\" data-shortcode-name=\"Post title\" data-attr-css=\"\" data-attr-static-link=\"{&quot;className&quot;:&quot;&quot;,&quot;href&quot;:&quot;https:\/\/viennatouristinformation.com\/fr\/hotels\/4-etoiles\/&quot;,&quot;title&quot;:&quot;28 Meilleurs H\u00f4tels 4 \u00c9toiles \u00e0 Vienne&quot;,&quot;class&quot;:&quot;&quot;}\"><a href=\"https:\/\/viennatouristinformation.com\/fr\/hotels\/5-etoiles\/\" title=\"21 Meilleurs H\u00f4tels 5 \u00c9toiles \u00e0 Vienne\" data-css=\"\">21 Meilleurs H\u00f4tels 5 \u00c9toiles \u00e0 Vienne<\/a><\/span><\/h3>\n<p><a href=\"https:\/\/viennatouristinformation.com\/fr\/hotels\/5-etoiles\/\"><span style=\"\"><span style=\"\">Lire plus<\/span><\/span><\/a><a href=\"javascript:void(0)\"><span style=\"\"><span style=\"\">Load More<\/span><\/span><\/a><\/p>\n<p style=\"text-align: center;\">H\u00f4tels dans le centre<\/p>\n<p style=\"text-align: center;\">Quartiers pour un city trip ?<\/p>\n<h3 style=\"\"><span data-attr-css=\"tve-u-1750c9f633d\" data-attr-link=\"1\" data-attr-rel=\"0\" data-attr-target=\"0\" data-extra_key=\"\" data-option-inline=\"1\" data-shortcode=\"tcb_post_title\" data-shortcode-name=\"Post title\" style=\"\" data-attr-static-link=\"{&quot;className&quot;:&quot;&quot;,&quot;href&quot;:&quot;https:\/\/viennatouristinformation.com\/fr\/organisez-votre-voyage-a-vienne\/quartiers\/&quot;,&quot;title&quot;:&quot;23 Quartiers de Vienne \u00e0 Conna\u00eetre (et quoi y faire)&quot;,&quot;data-css&quot;:&quot;tve-u-1750c9f633d&quot;,&quot;class&quot;:&quot;&quot;}\"><a href=\"https:\/\/viennatouristinformation.com\/fr\/organisez-votre-voyage-a-vienne\/quartiers\/\" title=\"23 Quartiers de Vienne \u00e0 Conna\u00eetre (et quoi y faire)\">23 Quartiers de Vienne \u00e0 Conna\u00eetre (et quoi y faire)<\/a><\/span><\/h3>\n<p><a href=\"https:\/\/viennatouristinformation.com\/fr\/organisez-votre-voyage-a-vienne\/quartiers\/\"><span style=\"\"><span style=\"\">continuer la lecture<\/span><\/span><\/a><a href=\"javascript:void(0)\"><span style=\"\"><span style=\"\">Load More<\/span><\/span><\/a><\/p>\n<p style=\"text-align: center;\">Voyage de groupe \u00e0 Vienne<\/p>\n<p style=\"text-align: center;\">R\u00e9servation d&rsquo;h\u00f4tels de conf\u00e9rence<\/p>\n<p><a href=\"https:\/\/viennatouristinformation.com\/fr\/organisez-votre-voyage-a-vienne\/\" dynamic-postlink=\"tcb_post_the_permalink\" data-shortcode-id=\"111\"><\/a><\/p>\n<p style=\"text-align: center;\"><span data-shortcode=\"tcb_post_published_date\" data-shortcode-name=\"Post date\" data-extra_key=\"\" data-attr-type=\"published\" data-attr-date-format-select=\"F j, Y\" data-attr-date-format=\"F j, Y\" data-attr-show-time=\"0\" data-attr-time-format-select=\"g:i a\" data-attr-time-format=\"\" data-attr-link=\"0\" data-attr-target=\"1\" data-attr-rel=\"0\" data-option-inline=\"1\">June 10, 2020 <\/span><\/p>\n<h2 style=\"padding-top: 0px !important; margin-top: 0px !important; text-align: center;\"><span data-shortcode=\"tcb_post_title\" data-shortcode-name=\"Post title\" data-extra_key=\"\" data-attr-link=\"1\" data-attr-target=\"0\" data-attr-rel=\"0\" data-option-inline=\"1\" data-attr-static-link=\"{&quot;className&quot;:&quot;&quot;,&quot;href&quot;:&quot;#&quot;,&quot;class&quot;:&quot;&quot;}\" data-attr-css=\"\"><a href=\"https:\/\/viennatouristinformation.com\/fr\/organisez-votre-voyage-a-vienne\/\" title=\"Organisez votre Voyage \u00e0 Vienne\" data-css=\"\">Organisez votre Voyage \u00e0 Vienne<\/a><\/span><\/h2>\n<p>Organisez votre voyage \u00e0 Vienne Lisez cette page <a href=\"https:\/\/viennatouristinformation.com\/fr\/organisez-votre-voyage-a-vienne\/#more-111\"><\/a><\/p>\n<p><a href=\"https:\/\/viennatouristinformation.com\/fr\/organisez-votre-voyage-a-vienne\/\" style=\"\"><span>                    <\/span><span><span><\/span><\/span><\/a><a href=\"javascript:void(0)\"><span style=\"\"><span style=\"\">Load More<\/span><\/span><\/a><\/p>\n<p>N&rsquo;oubliez pas de consulter nos autres articles sur la fa\u00e7on de se d\u00e9placer \u00e0 <a href=\"https:\/\/viennatouristinformation.com\/fr\/organisez-votre-voyage-a-vienne\/transports-en-commun-a-vienne\/\">Vienne avec les transports en commun<\/a> et le <a href=\"https:\/\/viennatouristinformation.com\/fr\/shopping\/\" style=\"outline: none;\">shopping \u00e0 Vienne.<\/a><\/p>\n","protected":false},"excerpt":{"rendered":"<p>O\u00f9 dormir \u00e0 Vienne ? Recherche d&rsquo;h\u00f4tels dans toutes les cat\u00e9gories et service de r\u00e9servation.&nbsp; support@ViennaTouristInformation.com R\u00e9servations de groupe Nous pouvons vous proposer le meilleur prix pour une r\u00e9servation de groupe dans un h\u00f4tel confortable \u00e0 Vienne. Offres pour Couples Lune de miel ou escapade romantique \u00e0 Vienne ? Demandez-nous un devis gratuit pour les [&hellip;]<\/p>\n","protected":false},"author":17,"featured_media":4209,"parent":0,"menu_order":0,"comment_status":"closed","ping_status":"closed","template":"","meta":{"footnotes":""},"tags":[],"class_list":["post-1668","page","type-page","status-publish","has-post-thumbnail","hentry","post-wrapper","thrv_wrapper"],"_links":{"self":[{"href":"https:\/\/viennatouristinformation.com\/fr\/wp-json\/wp\/v2\/pages\/1668","targetHints":{"allow":["GET"]}}],"collection":[{"href":"https:\/\/viennatouristinformation.com\/fr\/wp-json\/wp\/v2\/pages"}],"about":[{"href":"https:\/\/viennatouristinformation.com\/fr\/wp-json\/wp\/v2\/types\/page"}],"author":[{"embeddable":true,"href":"https:\/\/viennatouristinformation.com\/fr\/wp-json\/wp\/v2\/users\/17"}],"replies":[{"embeddable":true,"href":"https:\/\/viennatouristinformation.com\/fr\/wp-json\/wp\/v2\/comments?post=1668"}],"version-history":[{"count":0,"href":"https:\/\/viennatouristinformation.com\/fr\/wp-json\/wp\/v2\/pages\/1668\/revisions"}],"wp:featuredmedia":[{"embeddable":true,"href":"https:\/\/viennatouristinformation.com\/fr\/wp-json\/wp\/v2\/media\/4209"}],"wp:attachment":[{"href":"https:\/\/viennatouristinformation.com\/fr\/wp-json\/wp\/v2\/media?parent=1668"}],"wp:term":[{"taxonomy":"post_tag","embeddable":true,"href":"https:\/\/viennatouristinformation.com\/fr\/wp-json\/wp\/v2\/tags?post=1668"}],"curies":[{"name":"wp","href":"https:\/\/api.w.org\/{rel}","templated":true}]}}