{"id":167,"date":"2020-06-23T12:52:28","date_gmt":"2020-06-23T10:52:28","guid":{"rendered":"http:\/\/viennatouristinformation.com\/fr\/?page_id=167"},"modified":"2023-06-02T10:07:25","modified_gmt":"2023-06-02T08:07:25","slug":"station-de-bus-vib","status":"publish","type":"page","link":"https:\/\/viennatouristinformation.com\/fr\/organisez-votre-voyage-a-vienne\/arrivee\/station-de-bus-vib\/","title":{"rendered":"Gare routi\u00e8re de Vienne\u00a0: VIB Gare routi\u00e8re internationale de Vienne"},"content":{"rendered":"<h2 id=\"t-1669277563987\" data-hide=\"true\">La gare routi\u00e8re de Vienne Erdberg est la plus grande gare routi\u00e8re d&rsquo;Autriche.<\/h2>\n<p>C&rsquo;est la plaque tournante de nombreuses liaisons de bus nationales et internationales longue distance.<\/p>\n<h2 id=\"t-1669277563988\">Horaire avec arriv\u00e9e et d\u00e9part<\/h2>\n<p>La gare routi\u00e8re est exploit\u00e9e par Blaguss. Par cons\u00e9quent, les heures d&rsquo;arriv\u00e9e et de d\u00e9part des bus sont sur le <a href=\"https:\/\/www.vib-wien.at\/de\" target=\"_blank\" rel=\"noopener\">site Web du VIB<\/a> .<\/p>\n<p>Les heures d&rsquo;arriv\u00e9e et de d\u00e9part de Flixbus figurent sur le site Web de la compagnie de bus longue distance.<\/p>\n<h2 id=\"t-1669277563989\">liaisons de bus<\/h2>\n<p>Presque toutes les lignes d&rsquo;autocars internationales et les bus longue distance vers des destinations en Autriche et en Europe partent de la gare routi\u00e8re de Vienne. 45 compagnies de bus traitent 2,1 millions de passagers par an, 80 000 trajets sont effectu\u00e9s par an.<\/p>\n<p>Il existe des liaisons en bus vers de nombreuses villes autrichiennes, ainsi que vers la Basse-Autriche, le Burgenland, le Tyrol et la Carinthie.<\/p>\n<p>En outre, les destinations en Europe comprennent l&rsquo;Allemagne, l&rsquo;Italie, la France, le Danemark, les Pays-Bas, la Roumanie, la Bulgarie, la Hongrie et la Pologne.<\/p>\n<p>Outre Eurolines, la gare routi\u00e8re est \u00e9galement desservie par les compagnies Flixbus et \u00d6BB-Intercitybus.<\/p>\n<h2 id=\"t-1669277563990\">arr\u00eat de bus longue distance<\/h2>\n<p>La gare routi\u00e8re est utilis\u00e9e exclusivement pour les trajets en bus longue distance. La gare routi\u00e8re centrale de Vienne est un point important pour le transport national et international par bus longue distance, reliant Vienne \u00e0 de nombreuses r\u00e9gions d&rsquo;Europe. De par sa situation g\u00e9ographique, la gare routi\u00e8re joue un r\u00f4le particulier de porte d&rsquo;entr\u00e9e vers l&rsquo;Europe de l&rsquo;Est.<\/p>\n<p>La gare routi\u00e8re internationale de Vienne est ouverte 365 jours par an, du lundi au samedi de 7h30 \u00e0 21h00 et les dimanches et jours f\u00e9ri\u00e9s de 10h30 \u00e0 21h00.<\/p>\n<p><span><img decoding=\"async\" class=\"lazyload\" alt=\"Flixbus am Vienna International Busterminal\" data-id=\"273\" width=\"885\" data-init-width=\"1000\" height=\"590\" data-init-height=\"667\" title=\"Flixbus am Vienna International Busterminal\" loading=\"lazy\" src=\"data:image\/gif;base64,R0lGODlhAQABAIAAAAAAAP\/\/\/yH5BAEAAAAALAAAAAABAAEAAAIBRAA7\" data-src=\"\/\/viennatouristinformation.com\/fr\/wp-content\/uploads\/2020\/06\/Flixbus-am-Vienna-International-Busterminal.jpg\" data-width=\"885\" data-height=\"590\"><noscript><img decoding=\"async\" class=\"lazyload\" alt=\"Flixbus am Vienna International Busterminal\" data-id=\"273\" width=\"885\" data-init-width=\"1000\" height=\"590\" data-init-height=\"667\" title=\"Flixbus am Vienna International Busterminal\" loading=\"lazy\" src=\"\/\/viennatouristinformation.com\/fr\/wp-content\/uploads\/2020\/06\/Flixbus-am-Vienna-International-Busterminal.jpg\" data-width=\"885\" data-height=\"590\"><\/noscript><\/span><\/p>\n<h2 id=\"t-1669277563991\">Flixbus \u00e0 la gare routi\u00e8re internationale de Vienne<\/h2>\n<p>Flixbus est la plus grande compagnie de bus longue distance desservant la gare routi\u00e8re internationale de Vienne. La soci\u00e9t\u00e9 a \u00e9t\u00e9 fond\u00e9e en 2012 avec son si\u00e8ge \u00e0 Munich et en 2019 desservait environ 2 500 destinations dans 30 pays avec 62 millions de clients. Flixbus d\u00e9tient ainsi une part de march\u00e9 de plus de 90 % sur le march\u00e9 des bus longue distance.<\/p>\n<p>Le Flixbus dessert \u00e9galement la gare principale et l&rsquo;a\u00e9roport. Les bus verts \u00e0 imp\u00e9riale sont des v\u00e9hicules modernes et confortables avec toilettes \u00e0 bord et WiFi gratuit. Des collations et des boissons sont vendues pendant le trajet.<\/p>\n<p>Les billets Flixbus sont principalement vendus via une plateforme en ligne d\u00e9di\u00e9e et par le biais d&rsquo;agences de voyages, et certaines villes ont \u00e9galement leurs propres magasins Flixbus.<\/p>\n<h2 id=\"t-1669277563992\">Transport public<\/h2>\n<p>La gare routi\u00e8re est accessible par le <strong>U3 &#8211; arr\u00eat Erdberg<\/strong> . Il est en diagonale en face de l&rsquo;arr\u00eat de bus.<\/p>\n<p>La <strong>navette a\u00e9roport \u00ab\u00a0Air-Liner\u00a0\u00bb<\/strong> offre \u00e9galement une connexion pratique entre la gare routi\u00e8re VIB, le r\u00e9seau de m\u00e9tro de Vienne et l&rsquo;a\u00e9roport de Vienne Schwechat.<\/p>\n<p>En savoir plus sur <a href=\"https:\/\/viennatouristinformation.com\/fr\/organisez-votre-voyage-a-vienne\/transports-en-commun-a-vienne\/\" style=\"outline: none;\">les transports publics \u00e0 Vienne<\/a> .<\/p>\n<h2 id=\"t-1669277563993\">Taxi<\/h2>\n<p>Des taxis sont disponibles au VIB. Le tarif de base pour les taxis \u00e0 Vienne est de 3,80 euros, les 4 premiers kilom\u00e8tres co\u00fbtent 1,42 euros, les 5 kilom\u00e8tres suivants 1,08 euros et chaque kilom\u00e8tre suppl\u00e9mentaire 1,05 euros.&nbsp;<\/p>\n<p>Le tarif de nuit s&rsquo;applique entre 23h00 et 6h00 : Le tarif de base est de 4,30 euros, les 4 premiers kilom\u00e8tres co\u00fbtent 1,62 euros, les 5 kilom\u00e8tres suivants co\u00fbtent 1,28 euros et chaque kilom\u00e8tre suppl\u00e9mentaire co\u00fbte 1,18 euros.&nbsp;<\/p>\n<p>Le temps debout et d&rsquo;attente sera factur\u00e9 27,80 euros de l&rsquo;heure.<\/p>\n<p>En savoir plus sur <a href=\"https:\/\/viennatouristinformation.com\/fr\/organisez-votre-voyage-a-vienne\/arrivee\/taxi\/\" style=\"outline: none;\">les taxis \u00e0 Vienne<\/a> .<\/p>\n<h2 id=\"t-1669277563994\">Casiers<\/h2>\n<p>Des casiers sont disponibles dans la salle d&rsquo;attente climatis\u00e9e.<\/p>\n<h2 id=\"t-1669277563995\">Stationnement \u00e0 la gare routi\u00e8re<\/h2>\n<p>Des places de parking payantes sont disponibles juste \u00e0 c\u00f4t\u00e9 de la gare routi\u00e8re. Il y a aussi une installation Park &amp; Ride.<\/p>\n<h2 id=\"t-1669277563996\">Louer un bus \u00e0 la gare routi\u00e8re<\/h2>\n<p>Nous sommes heureux de vous aider \u00e0 louer des bus pour toutes les occasions, que ce soit pour des voyages de groupe, des sorties d&rsquo;entreprise, des voyages scolaires, des \u00e9v\u00e9nements ou autres.<\/p>\n<h2 id=\"t-1669277563997\">achats et achats<\/h2>\n<p>Une petite boutique et un bistrot sont situ\u00e9s \u00e0 60 m\u00e8tres dans le b\u00e2timent des ventes de l&rsquo;Erdbergstrasse. 202. Des collations, des petits rafra\u00eechissements et des souvenirs y sont vendus. Vous pouvez \u00e9galement acheter des billets ici. Il est ouvert de 7h30 \u00e0 21h00.<\/p>\n<h2 id=\"t-1669277563998\">Manger au VIB<\/h2>\n<p>Un bistro est situ\u00e9 dans le b\u00e2timent des ventes de la gare routi\u00e8re internationale de Vienne.<\/p>\n<p>Pr\u00e8s du VIB, vous trouverez le Gusto, o\u00f9 une cuisine autrichienne est propos\u00e9e.<\/p>\n<h2 id=\"t-1669277563999\">H\u00f4tels<\/h2>\n<p>Le Vienna Sporthotel et le Barts Apartment se trouvent \u00e0 proximit\u00e9 de la gare routi\u00e8re. D&rsquo;autres h\u00f4tels et pensions sont situ\u00e9s \u00e0 une courte distance.<\/p>\n<h2 id=\"t-1669277564000\">Salles de s\u00e9minaires et h\u00f4tels de conf\u00e9rence :<\/h2>\n<p>Nous nous ferons un plaisir de vous aider \u00e0 louer des salles de s\u00e9minaire pour vos \u00e9v\u00e9nements ou \u00e0 choisir un h\u00f4tel de conf\u00e9rence r\u00e9pondant exactement \u00e0 vos attentes et exigences.<\/p>\n<h2 id=\"t-1669277564001\">Wi-Fi<\/h2>\n<p>Une connexion Wi-Fi gratuite est mise \u00e0 la disposition des voyageurs dans la salle d&rsquo;attente. De plus, les voyageurs peuvent lire gratuitement 300 magazines et journaux en ligne pendant 2 heures par jour. L&rsquo; inscription se fait sur <a href=\"http:\/\/www.myreadit.com\/vib\" style=\"outline: none;\" target=\"_blank\" rel=\"noopener\">www.myreadit.com\/vib<\/a><\/p>\n<h2 id=\"t-1669277564002\">Adresse<\/h2>\n<p>Gare routi\u00e8re internationale de Vienne (VIB), Erdbergstr. 200 A, 1030 Vienne T\u00e9l. : 0900 128 712 entre 8 h et 20 h E-mail : <a href=\"mailto:info@vib-wien.at\">info@vib-wien.at<\/a><\/p>\n<p>Op\u00e9rateur : Groupe Blaguss<\/p>\n","protected":false},"excerpt":{"rendered":"<p>La gare routi\u00e8re de Vienne Erdberg est la plus grande gare routi\u00e8re d&rsquo;Autriche. C&rsquo;est la plaque tournante de nombreuses liaisons de bus nationales et internationales longue distance. Horaire avec arriv\u00e9e et d\u00e9part La gare routi\u00e8re est exploit\u00e9e par Blaguss. Par cons\u00e9quent, les heures d&rsquo;arriv\u00e9e et de d\u00e9part des bus sont sur le site Web du [&hellip;]<\/p>\n","protected":false},"author":17,"featured_media":2208,"parent":1465,"menu_order":0,"comment_status":"closed","ping_status":"closed","template":"","meta":{"footnotes":""},"tags":[],"class_list":["post-167","page","type-page","status-publish","has-post-thumbnail","hentry","post-wrapper","thrv_wrapper"],"_links":{"self":[{"href":"https:\/\/viennatouristinformation.com\/fr\/wp-json\/wp\/v2\/pages\/167","targetHints":{"allow":["GET"]}}],"collection":[{"href":"https:\/\/viennatouristinformation.com\/fr\/wp-json\/wp\/v2\/pages"}],"about":[{"href":"https:\/\/viennatouristinformation.com\/fr\/wp-json\/wp\/v2\/types\/page"}],"author":[{"embeddable":true,"href":"https:\/\/viennatouristinformation.com\/fr\/wp-json\/wp\/v2\/users\/17"}],"replies":[{"embeddable":true,"href":"https:\/\/viennatouristinformation.com\/fr\/wp-json\/wp\/v2\/comments?post=167"}],"version-history":[{"count":0,"href":"https:\/\/viennatouristinformation.com\/fr\/wp-json\/wp\/v2\/pages\/167\/revisions"}],"up":[{"embeddable":true,"href":"https:\/\/viennatouristinformation.com\/fr\/wp-json\/wp\/v2\/pages\/1465"}],"wp:featuredmedia":[{"embeddable":true,"href":"https:\/\/viennatouristinformation.com\/fr\/wp-json\/wp\/v2\/media\/2208"}],"wp:attachment":[{"href":"https:\/\/viennatouristinformation.com\/fr\/wp-json\/wp\/v2\/media?parent=167"}],"wp:term":[{"taxonomy":"post_tag","embeddable":true,"href":"https:\/\/viennatouristinformation.com\/fr\/wp-json\/wp\/v2\/tags?post=167"}],"curies":[{"name":"wp","href":"https:\/\/api.w.org\/{rel}","templated":true}]}}