{"id":169,"date":"2020-06-23T12:53:01","date_gmt":"2020-06-23T10:53:01","guid":{"rendered":"http:\/\/viennatouristinformation.com\/fr\/?page_id=169"},"modified":"2023-06-14T11:49:24","modified_gmt":"2023-06-14T09:49:24","slug":"gare-centrale","status":"publish","type":"page","link":"https:\/\/viennatouristinformation.com\/fr\/organisez-votre-voyage-a-vienne\/arrivee\/gare-centrale\/","title":{"rendered":"Guide de la Gare Centrale de Vienne"},"content":{"rendered":"<h2 id=\"t-1669280645503\" data-hide=\"true\">La gare centrale de Vienne, l&rsquo;ancienne S\u00fcdbahnhof, est situ\u00e9e dans le 10\u00e8me arrondissement de Vienne sur la S\u00fcdtiroler Platz.<\/h2>\n<p>C&rsquo;est la plaque tournante du transport national et international la plus moderne et en m\u00eame temps la plus importante d&rsquo;Autriche.<\/p>\n<p>Tout le trafic longue distance dans toutes les directions est g\u00e9r\u00e9 depuis la gare principale, tous les trains longue distance des chemins de fer f\u00e9d\u00e9raux autrichiens (\u00d6BB) s&rsquo;y arr\u00eatent.<\/p>\n<p style=\"\"><strong>Autres articles recommand\u00e9s :<\/strong><\/p>\n<ul>\n<li><a href=\"https:\/\/viennatouristinformation.com\/fr\/choses-a-faire\/top-10\/\" style=\"outline: none;\">Les 10 meilleures choses \u00e0 faire \u00e0 Vienne<\/a><\/li>\n<li><a href=\"https:\/\/viennatouristinformation.com\/fr\/hotels\/\" style=\"outline: none;\">Les meilleurs h\u00f4tels recommand\u00e9s \u00e0 Vienne<\/a><\/li>\n<li><a href=\"https:\/\/viennatouristinformation.com\/fr\/choses-a-faire\/attractions\/\">Attractions exceptionnelles \u00e0 Vienne<\/a><\/li>\n<li><a href=\"https:\/\/viennatouristinformation.com\/fr\/restaurants-a-vienne\/\" style=\"outline: none;\">Meilleurs restaurants \u00e0 Vienne<\/a><\/li>\n<li><a href=\"https:\/\/viennatouristinformation.com\/fr\/shopping\/\" style=\"outline: none;\">Shopping \u00e0 Vienne<\/a><\/li>\n<li><a href=\"https:\/\/viennatouristinformation.com\/fr\/organisez-votre-voyage-a-vienne\/transports-en-commun-a-vienne\/\" style=\"outline: none;\">Transport en commun \u00e0 Vienne<\/a><\/li>\n<\/ul>\n<h2 id=\"t-1669280645504\">Horaire avec arriv\u00e9e et d\u00e9part<\/h2>\n<h3 id=\"t-1669280645505\">heures d&rsquo;arriv\u00e9e<\/h3>\n<p>Les heures d&rsquo;arriv\u00e9e actuelles avec des informations sur la plate-forme et des informations sur les retards peuvent \u00eatre trouv\u00e9es ici&nbsp;:<\/p>\n<h3 id=\"t-1669280645506\">Horaires de d\u00e9part &#8211; D\u00e9parts<\/h3>\n<p>Les heures de d\u00e9part actuelles avec les informations sur les quais et les avis de retard peuvent \u00eatre trouv\u00e9es ici&nbsp;:<\/p>\n<h2 id=\"t-1669280645507\">liaisons ferroviaires<\/h2>\n<p>Les trains longue distance et r\u00e9gionaux ainsi que le S-Bahn et le U-Bahn partent de la gare centrale de Vienne, tous les trains ICE passent par la gare centrale de Vienne. En plus des liaisons dans toute l&rsquo;Allemagne, de nombreuses liaisons en Europe sont desservies.<\/p>\n<p>Avec environ 140 000 passagers et 1 170 trains par jour, la gare centrale de Vienne est la gare longue distance la plus fr\u00e9quent\u00e9e d&rsquo;Autriche.<\/p>\n<p>Les capitales provinciales de Bregenz, Innsbruck, Salzbourg, Klagenfurt, Linz et St. P\u00f6lten sont directement reli\u00e9es \u00e0 l&rsquo;a\u00e9roport de Vienne via la gare principale.<\/p>\n<h3 id=\"t-1669280645508\">Flixbus<\/h3>\n<p>Les bus longue distance de Flixbus s&rsquo;arr\u00eatent \u00e9galement \u00e0 la gare principale de Vienne.<\/p>\n<h2 id=\"t-1669280645509\" style=\"\">Transport public<\/h2>\n<p><span><img class=\"lazyload\" decoding=\"async\" alt=\"\u00d6ffentlicher Verkehr in Vienna in Austria\" data-id=\"340\" width=\"885\" data-init-width=\"1000\" height=\"590\" data-init-height=\"667\" title=\"\u00d6ffentlicher Verkehr in Vienna in Austria\" loading=\"lazy\" src=\"data:image\/gif;base64,R0lGODlhAQABAIAAAAAAAP\/\/\/yH5BAEAAAAALAAAAAABAAEAAAIBRAA7\" data-src=\"\/\/viennatouristinformation.com\/fr\/wp-content\/uploads\/2020\/06\/\u00d6ffentlicher-Verkehr-in-Vienna-in-Austria.jpg\" data-width=\"885\" data-height=\"590\" data-pin-media=\"https:\/\/viennatouristinformation.com\/fr\/wp-content\/uploads\/2021\/02\/prag_50_sehenswuerdigkeiten_pinterest-5.jpg\" data-pin-description=\"Der Hauptbahnhof in Wien\" data-pin-url=\"https:\/\/viennatouristinformation.com\/fr\/organisez-votre-voyage-a-vienne\/arrivee\/gare-centrale\/?tve=true&amp;tcbf=0585a8613a\" data-pinpro-key=\"w14n3doho\" style=\"aspect-ratio: auto 1000 \/ 667;\"><noscript><img class=\"lazyload\" decoding=\"async\" alt=\"\u00d6ffentlicher Verkehr in Vienna in Austria\" data-id=\"340\" width=\"885\" data-init-width=\"1000\" height=\"590\" data-init-height=\"667\" title=\"\u00d6ffentlicher Verkehr in Vienna in Austria\" loading=\"lazy\" src=\"\/\/viennatouristinformation.com\/fr\/wp-content\/uploads\/2020\/06\/\u00d6ffentlicher-Verkehr-in-Vienna-in-Austria.jpg\" data-width=\"885\" data-height=\"590\" data-pin-media=\"https:\/\/viennatouristinformation.com\/fr\/wp-content\/uploads\/2021\/02\/prag_50_sehenswuerdigkeiten_pinterest-5.jpg\" data-pin-description=\"Der Hauptbahnhof in Wien\" data-pin-url=\"https:\/\/viennatouristinformation.com\/fr\/organisez-votre-voyage-a-vienne\/arrivee\/gare-centrale\/?tve=true&amp;tcbf=0585a8613a\" data-pinpro-key=\"w14n3doho\" style=\"aspect-ratio: auto 1000 \/ 667;\"><\/noscript><\/span><\/p>\n<h3 id=\"t-1669280645510\">M\u00e9tro<\/h3>\n<p>L&rsquo;U1 passe devant la gare principale. La station de m\u00e9tro est \u00e0 seulement 500 m\u00e8tres des voies ferr\u00e9es en surface.<\/p>\n<p><strong>U1 :<\/strong> Reumannplatz &#8211; S\u00fcdtiroler Platz &#8211; Hauptbahnhof &#8211; Karlsplatz &#8211; Stephansplatz &#8211; Praterstern &#8211; Kaiserm\u00fchlen VIC &#8211; Kagran &#8211; Leopoldau<\/p>\n<h3 id=\"t-1669280645511\">Former<\/h3>\n<p>Les lignes de S-Bahn partent du quai 2 en direction de Wien Mitte. Avec le S7, qui relie \u00e9galement la gare principale \u00e0 l&rsquo;a\u00e9roport, vous pouvez \u00eatre \u00e0 Wien Mitte ou Wien Praterstern en quelques minutes seulement. Les deux sont d&rsquo;importants centres de transport \u00e0 Vienne et offrent des options de transfert vers le r\u00e9seau S-Bahn et U-Bahn de Vienne. De plus, les lignes S2, S3, S60 et S80 passent par la gare centrale de Vienne.<\/p>\n<p>Le S-Bahn fonctionne en continu la nuit du vendredi au samedi et du samedi au dimanche, ainsi que les jours f\u00e9ri\u00e9s. Tous les trains S-Bahn circulent au moins toutes les 20 minutes et la nuit toutes les 30 minutes.<\/p>\n<h3 id=\"t-1669280645512\">Bus<\/h3>\n<p>Les lignes de bus suivantes vont \u00e0 la gare centrale de Vienne : 13 A, 69 A<\/p>\n<h3 id=\"t-1669280645513\">tram<\/h3>\n<p>Les lignes de tramway <strong>18, D et O<\/strong> partent de la gare principale. La ligne 18 est souterraine.<\/p>\n<h3 id=\"t-1669280645514\">trains r\u00e9gionaux<\/h3>\n<p>Les trains r\u00e9gionaux vers les \u00c9tats f\u00e9d\u00e9raux environnants partent de la gare centrale de Vienne, par exemple Bratislava est accessible en une heure et Prague en 3,5 heures. Des excursions d&rsquo;une journ\u00e9e \u00e0 la Wachau, \u00e0 environ 80 kilom\u00e8tres \u00e0 l&rsquo;ouest de Vienne, qui est un site du patrimoine mondial et naturel de l&rsquo;UNESCO, sont une bonne id\u00e9e.<\/p>\n<h2 id=\"t-1669280645515\">Louer un bus \u00e0 la gare principale<\/h2>\n<p>Nous sommes heureux de vous aider \u00e0 louer des bus pour toutes les occasions, que ce soit pour des voyages de groupe, des sorties d&rsquo;entreprise, des voyages scolaires, des \u00e9v\u00e9nements ou autres.<\/p>\n<p>En savoir plus sur <a href=\"https:\/\/viennatouristinformation.com\/fr\/reiseplanung\/oeffentlicher-verkehr\/\" style=\"outline: none;\">les transports publics \u00e0 Vienne<\/a> .<\/p>\n<h2 id=\"t-1669280645516\">Taxi<\/h2>\n<p>Il y a une station de taxis \u00e0 l&rsquo;entr\u00e9e de la Sonnwendgasse. Il y a d&rsquo;autres stations de taxis au coin de Weyringerstra\u00dfe\/Favoritenstra\u00dfe ou dans la Landgutgasse.<\/p>\n<p>Le tarif de base pour les taxis \u00e0 Vienne est de 3,80 euros, les 4 premiers kilom\u00e8tres co\u00fbtent 1,42 euros, les 5 kilom\u00e8tres suivants 1,08 euros et chaque kilom\u00e8tre suppl\u00e9mentaire 1,05 euros.&nbsp;<\/p>\n<p>Le tarif de nuit s&rsquo;applique entre 23h00 et 6h00 : Le tarif de base est de 4,30 euros, les 4 premiers kilom\u00e8tres co\u00fbtent 1,62 euros, les 5 kilom\u00e8tres suivants co\u00fbtent 1,28 euros et chaque kilom\u00e8tre suppl\u00e9mentaire co\u00fbte 1,18 euros.&nbsp;<\/p>\n<p>Le temps debout et d&rsquo;attente sera factur\u00e9 27,80 euros de l&rsquo;heure.<\/p>\n<p>En savoir plus sur <a href=\"https:\/\/viennatouristinformation.com\/fr\/anreise\/taxi\/\">les taxis \u00e0 Vienne<\/a> .<\/p>\n<h2 id=\"t-1669280645517\">Location de voiture<\/h2>\n<p>Entre autres, les loueurs de voitures Sixt, Europcar et Avis sont \u00e0 votre disposition. Les bureaux sont au rez-de-chauss\u00e9e de la gare principale. Bien s\u00fbr, vous pouvez r\u00e9server votre voiture de location en ligne \u00e0 l&rsquo;avance. Le v\u00e9hicule sera alors \u00e0 votre disposition d\u00e8s votre arriv\u00e9e.<\/p>\n<h2 id=\"t-1669280645518\">Partage de voiture<\/h2>\n<p>Les fournisseurs d&rsquo;autopartage \u00e0 la gare centrale de Vienne incluent \u00d6BB Rail&amp;Drive et Car2Go.<\/p>\n<h2 id=\"t-1669280645519\">Nourriture, restaurants et caf\u00e9s<\/h2>\n<p>L&rsquo;offre gastronomique de la gare principale est vari\u00e9e. Que ce soit pour le petit-d\u00e9jeuner, le d\u00e9jeuner ou le d\u00eener, divers stands de restauration proposent un repas rapide entre les deux &#8211; de Burger King et McDonald&rsquo;s \u00e0 la mer du Nord, Starbucks et Wienerwald, il y en a pour tous les go\u00fbts. Si vous souhaitez manger copieusement et en toute tranquillit\u00e9, vous pourrez d\u00e9guster une cuisine italienne au rez-de-chauss\u00e9e de L&rsquo;Osteria.<\/p>\n<h2 id=\"t-1669280645520\" style=\"\">Shopping, magasins et boutiques<\/h2>\n<p><span><img class=\"lazyload\" decoding=\"async\" alt=\"Shops, stores and shops in Vienna in Austria\" data-id=\"342\" width=\"885\" data-init-width=\"1000\" height=\"590\" data-init-height=\"667\" title=\"Shops, stores and shops in Vienna in Austria\" loading=\"lazy\" src=\"data:image\/gif;base64,R0lGODlhAQABAIAAAAAAAP\/\/\/yH5BAEAAAAALAAAAAABAAEAAAIBRAA7\" data-src=\"\/\/viennatouristinformation.com\/fr\/wp-content\/uploads\/2020\/06\/Einkaufen-Gesch\u00e4fte-und-Shops-in-Vienna-in-Austria.jpg\" data-width=\"885\" data-height=\"590\" data-pin-media=\"https:\/\/viennatouristinformation.com\/fr\/wp-content\/uploads\/2021\/02\/prag_50_sehenswuerdigkeiten_pinterest-5.jpg\" data-pin-description=\"Der Hauptbahnhof in Wien\" data-pin-url=\"https:\/\/viennatouristinformation.com\/fr\/organisez-votre-voyage-a-vienne\/arrivee\/gare-centrale\/?tve=true&amp;tcbf=0585a8613a\" data-pinpro-key=\"6r9av6aiq\" style=\"aspect-ratio: auto 1000 \/ 667;\"><noscript><img class=\"lazyload\" decoding=\"async\" alt=\"Shops, stores and shops in Vienna in Austria\" data-id=\"342\" width=\"885\" data-init-width=\"1000\" height=\"590\" data-init-height=\"667\" title=\"Shops, stores and shops in Vienna in Austria\" loading=\"lazy\" src=\"\/\/viennatouristinformation.com\/fr\/wp-content\/uploads\/2020\/06\/Einkaufen-Gesch\u00e4fte-und-Shops-in-Vienna-in-Austria.jpg\" data-width=\"885\" data-height=\"590\" data-pin-media=\"https:\/\/viennatouristinformation.com\/fr\/wp-content\/uploads\/2021\/02\/prag_50_sehenswuerdigkeiten_pinterest-5.jpg\" data-pin-description=\"Der Hauptbahnhof in Wien\" data-pin-url=\"https:\/\/viennatouristinformation.com\/fr\/organisez-votre-voyage-a-vienne\/arrivee\/gare-centrale\/?tve=true&amp;tcbf=0585a8613a\" data-pinpro-key=\"6r9av6aiq\" style=\"aspect-ratio: auto 1000 \/ 667;\"><\/noscript><\/span><\/p>\n<p>Bien s\u00fbr, vous pouvez acheter tout ce dont vous avez besoin pour voyager \u00e0 la gare centrale de Vienne &#8211; et bien plus encore. Il y a plus de 60 magasins vendant de tout, des journaux aux cosm\u00e9tiques en passant par les v\u00eatements et les bijoux, les articles de presse et les produits d&rsquo;\u00e9picerie. Le march\u00e9 DM est au rez-de-chauss\u00e9e, Deichmann et Tchibo sont au premier sous-sol<\/p>\n<ul>\n<li><strong>Poste :<\/strong> Vous trouverez un bureau de poste au rez-de-chauss\u00e9e, il est ouvert du lundi au vendredi de 8h \u00e0 19h et le samedi de 9h \u00e0 15h.<\/li>\n<li><strong>Pharmacie :<\/strong> La pharmacie de la gare centrale de Vienne est ouverte du lundi au vendredi de 8h00 \u00e0 21h00 et le samedi de 9h00 \u00e0 18h00.<\/li>\n<\/ul>\n<h2 id=\"t-1669280645521\">Stationnement et garage<\/h2>\n<p>La gare centrale de Vienne propose des places de parking pour 600 v\u00e9hicules. Le parking souterrain est ouvert 24h\/24, 1h co\u00fbte 4 euros, le tarif journalier est de 40 euros.<\/p>\n<h2 id=\"t-1669280645522\">Casiers et bagagerie<\/h2>\n<p>Les casiers de la gare centrale de Vienne sont situ\u00e9s au 1er sous-sol. Le prix est compris entre 2,00 et 4,50 euros par jour selon la taille.<\/p>\n<p>BAGBNB est situ\u00e9 \u00e0 800 m\u00e8tres de la gare principale, o\u00f9 vous pouvez laisser vos bagages jusqu&rsquo;\u00e0 24 heures. La r\u00e9servation en ligne est obligatoire sur <a href=\"https:\/\/bagbnb.com\/de\/gepaeckaufbewahrung\/wien\/hauptbahnhof\/gepackaufbewahrung-hauptbahnhof\" target=\"_blank\" rel=\"noopener\">Bagbnb.com<\/a> .<\/p>\n<h2 id=\"t-1669280645523\">Centre de voyage \u00d6BB et informations \u00d6BB<\/h2>\n<p>Le centre de voyage \u00d6BB et des informations se trouvent au rez-de-chauss\u00e9e de la gare principale.<\/p>\n<h2 id=\"t-1669280645524\">Salon \u00d6BB<\/h2>\n<p>Le salon \u00d6BB se trouve au 1er \u00e9tage au-dessus des bars. Il est ouvert tous les jours de 06h00 \u00e0 23h30. L&rsquo;acc\u00e8s est accord\u00e9 aux voyageurs munis d&rsquo;une carte \u00d6BB Austria 1\u00e8re classe, Interrail 1\u00e8re classe, Eurail et European East Pass ainsi que de la DB Bahn Bonus Comfort BahnCard First 100. Pour plus de d\u00e9tails , veuillez consulter le <a href=\"https:\/\/www.oebb.at\/de\/reiseplanung-services\/am-bahnhof\/lounges\" target=\"_blank\" rel=\"noopener\">lien suivant vers Oebb.at.<\/a><\/p>\n<h2 id=\"t-1669280645525\">AU M<\/h2>\n<p>Des guichets automatiques pour les retraits d&rsquo;esp\u00e8ces sont disponibles \u00e0 tous les niveaux de la gare principale.<\/p>\n<h2 id=\"t-1669280645526\">Perdu trouv\u00e9<\/h2>\n<p>Plus de 250 000 objets sont perdus chaque ann\u00e9e dans les gares et les trains.<\/p>\n<p>Si vous trouvez quelque chose \u00e0 la gare ou dans le train, vous pouvez le remettre au personnel du train ou au bureau des objets trouv\u00e9s de la gare. Les objets trouv\u00e9s y sont enregistr\u00e9s et attendent sept jours pour \u00eatre r\u00e9cup\u00e9r\u00e9s par leur propri\u00e9taire.<\/p>\n<p>Toute personne ayant perdu quelque chose pendant le voyage a besoin d&rsquo;une demande d&rsquo;enqu\u00eate. Vous pouvez soit appeler la hotline du service des objets trouv\u00e9s au +43 1 93000 9722 222, soit <a href=\"https:\/\/infrastruktur.oebb.at\/de\/kontakt\/lost-and-found-formular\" target=\"_blank\" rel=\"noopener\">d\u00e9poser la demande directement en ligne sur infrastructure.oebb.at<\/a> . \u00d6BB tient un bureau des objets trouv\u00e9s \u00e0 la gare centrale de Vienne.<\/p>\n<h2 id=\"t-1669280645527\">Wi-Fi<\/h2>\n<p>Les chemins de fer f\u00e9d\u00e9raux autrichiens proposent une connexion Wi-Fi gratuite \u00e0 la gare centrale de Vienne.<\/p>\n<h2 id=\"t-1669280645528\">H\u00f4tels \u00e0 la gare<\/h2>\n<p>Il existe de nombreux h\u00f4tels \u00e0 proximit\u00e9 de la gare principale. \u00c0 seulement une minute \u00e0 pied, vous trouverez le Motel One Wien Hauptbahnhof, Apartment Vienna et Apart Sky \u00e0 environ 500 m\u00e8tres de la gare. Il existe \u00e9galement de nombreux autres prestataires dans toutes les gammes de prix, h\u00f4tels \u00e9toil\u00e9s ou non, chambres d&rsquo;h\u00f4tes et chambres d&rsquo;h\u00f4tes. &nbsp;<\/p>\n<h2 id=\"t-1669280645529\">Salles de s\u00e9minaires et h\u00f4tels de conf\u00e9rence :<\/h2>\n<p>Nous nous ferons un plaisir de vous aider \u00e0 louer des salles de s\u00e9minaire pour vos \u00e9v\u00e9nements ou \u00e0 choisir un h\u00f4tel de conf\u00e9rence r\u00e9pondant exactement \u00e0 vos attentes et exigences.<\/p>\n<h2 id=\"t-1669280645530\">Office du tourisme de Vienne dans la gare principale<\/h2>\n<p>Le Tourist Info offre toutes les informations dont vous avez besoin sur Vienne directement sur place. Ici, vous pouvez obtenir des informations sur les cartes, les billets, les visites guid\u00e9es, les th\u00e9\u00e2tres, les \u00e9v\u00e9nements, des informations g\u00e9n\u00e9rales sur la ville et des informations sur les h\u00f4tels. Tout le personnel est multilingue.<\/p>\n<p>Vous trouverez des informations touristiques au \u00d6BB InfoPoint lorsque vous arrivez \u00e0 la gare principale, \u00e0 l&rsquo;adresse : Am Hauptbahnhof 1, 1100 Vienne.<\/p>\n<p><strong>Heures d&rsquo;ouverture :<\/strong> Du lundi au dimanche : 09h00 &#8211; 19h00<\/p>\n<h2 id=\"t-1669280645531\">horaire d&rsquo;ouverture<\/h2>\n<p>Le b\u00e2timent de la gare n&rsquo;est <strong>PAS<\/strong> ouvert 24h\/24, il est ferm\u00e9 entre 1h30 et 4h00.<\/p>\n<h2 id=\"t-1669280645532\">Adresse<\/h2>\n<ul>\n<li><strong>Adresse :<\/strong> Gare centrale de Vienne, Am Hauptbahnhof, 1100 Vienne<\/li>\n<li><strong>T\u00e9l\u00e9phone :<\/strong> +43 (0) 5-1717<\/li>\n<li><strong>Site Web : <\/strong><a href=\"http:\/\/www.hauptbahnhof-wien.at\/\" target=\"_blank\" rel=\"noopener\">www.hauptbahnhof-wien.at<\/a><\/li>\n<\/ul>\n<h3 style=\"\">ARTICLES CONNEXES<\/h3>\n<p><a href=\"https:\/\/viennatouristinformation.com\/fr\/organisez-votre-voyage-a-vienne\/arrivee\/station-de-bus-vib\/\" dynamic-postlink=\"tcb_post_the_permalink\" data-shortcode-id=\"167\"><\/a><\/p>\n<h2 style=\"padding-top: 0px !important; margin-top: 0px !important; text-align: center;\" id=\"t-1686727032072\" data-hide=\"true\"><span data-shortcode=\"tcb_post_title\" data-shortcode-name=\"Post title\" data-extra_key=\"\" data-attr-link=\"1\" data-attr-target=\"0\" data-attr-rel=\"0\" data-option-inline=\"1\" data-attr-static-link=\"{&quot;className&quot;:&quot;&quot;,&quot;href&quot;:&quot;https:\/\/viennatouristinformation.com\/fr\/choses-a-faire\/musee\/&quot;,&quot;title&quot;:&quot;30 Meilleurs Mus\u00e9es \u00e0 Vienne (+ Infos &amp; Billets)&quot;,&quot;class&quot;:&quot;&quot;}\" data-attr-css=\"\"><a href=\"https:\/\/viennatouristinformation.com\/fr\/organisez-votre-voyage-a-vienne\/arrivee\/station-de-bus-vib\/\" title=\"Gare routi\u00e8re de Vienne\u00a0: VIB Gare routi\u00e8re internationale de Vienne\" data-css=\"\">Gare routi\u00e8re de Vienne\u00a0: VIB Gare routi\u00e8re internationale de Vienne<\/a><\/span><\/h2>\n<p><a href=\"https:\/\/viennatouristinformation.com\/fr\/organisez-votre-voyage-a-vienne\/arrivee\/aeroport-schwechat\/\" dynamic-postlink=\"tcb_post_the_permalink\" data-shortcode-id=\"167\"><\/a><\/p>\n<h2 style=\"padding-top: 0px !important; margin-top: 0px !important; text-align: center;\" id=\"t-1686727032072\" data-hide=\"true\"><span data-shortcode=\"tcb_post_title\" data-shortcode-name=\"Post title\" data-extra_key=\"\" data-attr-link=\"1\" data-attr-target=\"0\" data-attr-rel=\"0\" data-option-inline=\"1\" data-attr-static-link=\"{&quot;className&quot;:&quot;&quot;,&quot;href&quot;:&quot;https:\/\/viennatouristinformation.com\/fr\/choses-a-faire\/musee\/&quot;,&quot;title&quot;:&quot;30 Meilleurs Mus\u00e9es \u00e0 Vienne (+ Infos &amp; Billets)&quot;,&quot;class&quot;:&quot;&quot;}\" data-attr-css=\"\"><a href=\"https:\/\/viennatouristinformation.com\/fr\/organisez-votre-voyage-a-vienne\/arrivee\/aeroport-schwechat\/\" title=\"Guide de l\u2019A\u00e9roport de Vienne Schwechat\" data-css=\"\">Guide de l\u2019A\u00e9roport de Vienne Schwechat<\/a><\/span><\/h2>\n<p><a href=\"https:\/\/viennatouristinformation.com\/fr\/organisez-votre-voyage-a-vienne\/arrivee\/taxi\/\" dynamic-postlink=\"tcb_post_the_permalink\" data-shortcode-id=\"167\"><\/a><\/p>\n<h2 style=\"padding-top: 0px !important; margin-top: 0px !important; text-align: center;\" id=\"t-1686727032072\" data-hide=\"true\"><span data-shortcode=\"tcb_post_title\" data-shortcode-name=\"Post title\" data-extra_key=\"\" data-attr-link=\"1\" data-attr-target=\"0\" data-attr-rel=\"0\" data-option-inline=\"1\" data-attr-static-link=\"{&quot;className&quot;:&quot;&quot;,&quot;href&quot;:&quot;https:\/\/viennatouristinformation.com\/fr\/choses-a-faire\/musee\/&quot;,&quot;title&quot;:&quot;30 Meilleurs Mus\u00e9es \u00e0 Vienne (+ Infos &amp; Billets)&quot;,&quot;class&quot;:&quot;&quot;}\" data-attr-css=\"\"><a href=\"https:\/\/viennatouristinformation.com\/fr\/organisez-votre-voyage-a-vienne\/arrivee\/taxi\/\" title=\"Tout sur le taxi \u00e0 Vienne : tarifs, num\u00e9ros et FAQ\" data-css=\"\">Tout sur le taxi \u00e0 Vienne : tarifs, num\u00e9ros et FAQ<\/a><\/span><\/h2>\n<p><a href=\"https:\/\/viennatouristinformation.com\/fr\/organisez-votre-voyage-a-vienne\/arrivee\/parc-relais\/\" dynamic-postlink=\"tcb_post_the_permalink\" data-shortcode-id=\"167\"><\/a><\/p>\n<h2 style=\"padding-top: 0px !important; margin-top: 0px !important; text-align: center;\" id=\"t-1686727032072\" data-hide=\"true\"><span data-shortcode=\"tcb_post_title\" data-shortcode-name=\"Post title\" data-extra_key=\"\" data-attr-link=\"1\" data-attr-target=\"0\" data-attr-rel=\"0\" data-option-inline=\"1\" data-attr-static-link=\"{&quot;className&quot;:&quot;&quot;,&quot;href&quot;:&quot;https:\/\/viennatouristinformation.com\/fr\/choses-a-faire\/musee\/&quot;,&quot;title&quot;:&quot;30 Meilleurs Mus\u00e9es \u00e0 Vienne (+ Infos &amp; Billets)&quot;,&quot;class&quot;:&quot;&quot;}\" data-attr-css=\"\"><a href=\"https:\/\/viennatouristinformation.com\/fr\/organisez-votre-voyage-a-vienne\/arrivee\/parc-relais\/\" title=\"Parc Relais \u00e0 Vienne (Stationnement)\" data-css=\"\">Parc Relais \u00e0 Vienne (Stationnement)<\/a><\/span><\/h2>\n","protected":false},"excerpt":{"rendered":"<p>La gare centrale de Vienne, l&rsquo;ancienne S\u00fcdbahnhof, est situ\u00e9e dans le 10\u00e8me arrondissement de Vienne sur la S\u00fcdtiroler Platz. C&rsquo;est la plaque tournante du transport national et international la plus moderne et en m\u00eame temps la plus importante d&rsquo;Autriche. Tout le trafic longue distance dans toutes les directions est g\u00e9r\u00e9 depuis la gare principale, tous [&hellip;]<\/p>\n","protected":false},"author":17,"featured_media":338,"parent":1465,"menu_order":0,"comment_status":"closed","ping_status":"closed","template":"","meta":{"footnotes":""},"tags":[],"class_list":["post-169","page","type-page","status-publish","has-post-thumbnail","hentry","post-wrapper","thrv_wrapper"],"_links":{"self":[{"href":"https:\/\/viennatouristinformation.com\/fr\/wp-json\/wp\/v2\/pages\/169","targetHints":{"allow":["GET"]}}],"collection":[{"href":"https:\/\/viennatouristinformation.com\/fr\/wp-json\/wp\/v2\/pages"}],"about":[{"href":"https:\/\/viennatouristinformation.com\/fr\/wp-json\/wp\/v2\/types\/page"}],"author":[{"embeddable":true,"href":"https:\/\/viennatouristinformation.com\/fr\/wp-json\/wp\/v2\/users\/17"}],"replies":[{"embeddable":true,"href":"https:\/\/viennatouristinformation.com\/fr\/wp-json\/wp\/v2\/comments?post=169"}],"version-history":[{"count":0,"href":"https:\/\/viennatouristinformation.com\/fr\/wp-json\/wp\/v2\/pages\/169\/revisions"}],"up":[{"embeddable":true,"href":"https:\/\/viennatouristinformation.com\/fr\/wp-json\/wp\/v2\/pages\/1465"}],"wp:featuredmedia":[{"embeddable":true,"href":"https:\/\/viennatouristinformation.com\/fr\/wp-json\/wp\/v2\/media\/338"}],"wp:attachment":[{"href":"https:\/\/viennatouristinformation.com\/fr\/wp-json\/wp\/v2\/media?parent=169"}],"wp:term":[{"taxonomy":"post_tag","embeddable":true,"href":"https:\/\/viennatouristinformation.com\/fr\/wp-json\/wp\/v2\/tags?post=169"}],"curies":[{"name":"wp","href":"https:\/\/api.w.org\/{rel}","templated":true}]}}