{"id":216,"date":"2020-06-23T12:53:22","date_gmt":"2020-06-23T10:53:22","guid":{"rendered":"http:\/\/viennatouristinformation.com\/fr\/?page_id=216"},"modified":"2023-06-14T11:51:40","modified_gmt":"2023-06-14T09:51:40","slug":"parking","status":"publish","type":"page","link":"https:\/\/viennatouristinformation.com\/fr\/organisez-votre-voyage-a-vienne\/arrivee\/parking\/","title":{"rendered":"Stationnement \u00e0 Vienne"},"content":{"rendered":"<h2 data-hide=\"true\" id=\"t-1669281589365\">M\u00eame s&rsquo;il y a parfois un peu plus de trafic, conduire \u00e0 Vienne m\u00eame n&rsquo;est g\u00e9n\u00e9ralement pas un probl\u00e8me, mais le stationnement l&rsquo;est.<\/h2>\n<p data-hide=\"true\">&nbsp;Autant de curiosit\u00e9s qu&rsquo;il y a \u00e0 Vienne, il y a si peu de places de parking.<\/p>\n<p style=\"\"><strong>Autres articles recommand\u00e9s :<\/strong><\/p>\n<ul>\n<li><a href=\"https:\/\/viennatouristinformation.com\/fr\/choses-a-faire\/top-10\/\" style=\"outline: none;\">Les 10 meilleures choses \u00e0 faire \u00e0 Vienne<\/a><\/li>\n<li><a href=\"https:\/\/viennatouristinformation.com\/fr\/hotels\/\" style=\"outline: none;\">Les meilleurs h\u00f4tels recommand\u00e9s \u00e0 Vienne<\/a><\/li>\n<li><a href=\"https:\/\/viennatouristinformation.com\/fr\/choses-a-faire\/attractions\/\">Attractions exceptionnelles \u00e0 Vienne<\/a><\/li>\n<li><a href=\"https:\/\/viennatouristinformation.com\/fr\/restaurants-a-vienne\/\" style=\"outline: none;\">Meilleurs restaurants \u00e0 Vienne<\/a><\/li>\n<li><a href=\"https:\/\/viennatouristinformation.com\/fr\/shopping\/\" style=\"outline: none;\">Shopping \u00e0 Vienne<\/a><\/li>\n<li><a href=\"https:\/\/viennatouristinformation.com\/fr\/organisez-votre-voyage-a-vienne\/transports-en-commun-a-vienne\/\" style=\"outline: none;\">Transport en commun \u00e0 Vienne<\/a><\/li>\n<\/ul>\n<h2 id=\"t-1669281589366\" style=\"\"><strong>Zones de stationnement de courte dur\u00e9e<\/strong><\/h2>\n<p><span><img class=\"lazyload\" decoding=\"async\" alt=\"\" data-id=\"4211\" width=\"898\" data-init-width=\"1000\" height=\"594\" data-init-height=\"662\" title=\"The,Parking,Places,Close-up,View,In,The,Old,District,Of\" loading=\"lazy\" src=\"data:image\/gif;base64,R0lGODlhAQABAIAAAAAAAP\/\/\/yH5BAEAAAAALAAAAAABAAEAAAIBRAA7\" data-src=\"\/\/viennatouristinformation.com\/fr\/wp-content\/uploads\/2022\/12\/parking-in-Vienna-Austria-2.jpg\" data-width=\"898\" data-height=\"594\" data-pin-media=\"https:\/\/viennatouristinformation.com\/fr\/wp-content\/uploads\/2021\/02\/prag_20_museen_pinterest.jpg\" data-pin-description=\"Unsere Tipps: Parken in Wien\" data-pin-url=\"https:\/\/viennatouristinformation.com\/fr\/organisez-votre-voyage-a-vienne\/arrivee\/parking\/?tve=true&amp;tcbf=0585a8613a\" data-pinpro-key=\"y6ordzmdz\" style=\"aspect-ratio: auto 1000 \/ 662;\"><noscript><img class=\"lazyload\" decoding=\"async\" alt=\"\" data-id=\"4211\" width=\"898\" data-init-width=\"1000\" height=\"594\" data-init-height=\"662\" title=\"The,Parking,Places,Close-up,View,In,The,Old,District,Of\" loading=\"lazy\" src=\"\/\/viennatouristinformation.com\/fr\/wp-content\/uploads\/2022\/12\/parking-in-Vienna-Austria-2.jpg\" data-width=\"898\" data-height=\"594\" data-pin-media=\"https:\/\/viennatouristinformation.com\/fr\/wp-content\/uploads\/2021\/02\/prag_20_museen_pinterest.jpg\" data-pin-description=\"Unsere Tipps: Parken in Wien\" data-pin-url=\"https:\/\/viennatouristinformation.com\/fr\/organisez-votre-voyage-a-vienne\/arrivee\/parking\/?tve=true&amp;tcbf=0585a8613a\" data-pinpro-key=\"y6ordzmdz\" style=\"aspect-ratio: auto 1000 \/ 662;\"><\/noscript><\/span><\/p>\n<p>Il existe une vaste zone de stationnement de courte dur\u00e9e dans 19 quartiers de Vienne. Ici, vous devez payer pour le stationnement et avoir besoin d&rsquo;un ticket de parking (1,10 euros par demi-heure) ou d&rsquo;une vignette de stationnement, mais cela ne s&rsquo;applique qu&rsquo;aux r\u00e9sidents du quartier respectif. Le temps de stationnement est limit\u00e9.<\/p>\n<h2 id=\"t-1669281589367\"><strong>Vente de tickets de stationnement<\/strong><\/h2>\n<p>Un ticket de parking peut \u00eatre achet\u00e9 dans les bureaux de tabac, les stations-service, les distributeurs automatiques de cigarettes, les bureaux de poste, les distributeurs de billets dans toutes les stations de m\u00e9tro de Vienne ainsi qu&rsquo;\u00e0 la caisse principale de la ville et \u00e0 toutes les caisses de la ville. Certains magasins et h\u00f4tels vendent \u00e9galement des tickets de stationnement <strong>.<\/strong><\/p>\n<h2 id=\"t-1669281589368\" style=\"\"><strong>Validation des tickets de stationnement<\/strong><\/h2>\n<p><span><img class=\"lazyload\" decoding=\"async\" alt=\"\" data-id=\"4213\" width=\"898\" data-init-width=\"1000\" height=\"600\" data-init-height=\"668\" title=\"Parking,At,The,Airport,On,Open,Space,In,Vienna\" loading=\"lazy\" src=\"data:image\/gif;base64,R0lGODlhAQABAIAAAAAAAP\/\/\/yH5BAEAAAAALAAAAAABAAEAAAIBRAA7\" data-src=\"\/\/viennatouristinformation.com\/fr\/wp-content\/uploads\/2022\/12\/parking-in-Vienna-Austria.jpg\" data-width=\"898\" data-height=\"600\" data-pin-media=\"https:\/\/viennatouristinformation.com\/fr\/wp-content\/uploads\/2021\/02\/prag_20_museen_pinterest.jpg\" data-pin-description=\"Unsere Tipps: Parken in Wien\" data-pin-url=\"https:\/\/viennatouristinformation.com\/fr\/organisez-votre-voyage-a-vienne\/arrivee\/parking\/?tve=true&amp;tcbf=0585a8613a\" data-pinpro-key=\"myebanltw\" style=\"aspect-ratio: auto 1000 \/ 668;\"><noscript><img class=\"lazyload\" decoding=\"async\" alt=\"\" data-id=\"4213\" width=\"898\" data-init-width=\"1000\" height=\"600\" data-init-height=\"668\" title=\"Parking,At,The,Airport,On,Open,Space,In,Vienna\" loading=\"lazy\" src=\"\/\/viennatouristinformation.com\/fr\/wp-content\/uploads\/2022\/12\/parking-in-Vienna-Austria.jpg\" data-width=\"898\" data-height=\"600\" data-pin-media=\"https:\/\/viennatouristinformation.com\/fr\/wp-content\/uploads\/2021\/02\/prag_20_museen_pinterest.jpg\" data-pin-description=\"Unsere Tipps: Parken in Wien\" data-pin-url=\"https:\/\/viennatouristinformation.com\/fr\/organisez-votre-voyage-a-vienne\/arrivee\/parking\/?tve=true&amp;tcbf=0585a8613a\" data-pinpro-key=\"myebanltw\" style=\"aspect-ratio: auto 1000 \/ 668;\"><\/noscript><\/span><\/p>\n<p>Le ticket de parking achet\u00e9 doit \u00eatre valid\u00e9 en remplissant les rubriques mois, jour, heure, minute et ann\u00e9e et doit \u00eatre coll\u00e9 \u00e0 l&rsquo;int\u00e9rieur derri\u00e8re le pare-brise \u00e0 un endroit bien visible.<\/p>\n<p>Si vous remplissez par erreur le ticket de stationnement de mani\u00e8re incorrecte, vous devez le jeter. La correction n&rsquo;est pas autoris\u00e9e.<\/p>\n<h2 id=\"t-1669281589369\"><strong>Pratique <\/strong><strong>&#8211; <\/strong><strong>Applications<\/strong><\/h2>\n<p>Des applications pour t\u00e9l\u00e9phones portables telles que Park Now ouParkingplacesearch.at trouvent la prochaine place de parking gratuite, vous montrent comment vous y rendre en utilisant une navigation r\u00e9elle et vous informent \u00e0 l&rsquo;avance des co\u00fbts. Dans de nombreux cas, le paiement par t\u00e9l\u00e9phone portable est \u00e9galement possible, par exemple avec l&rsquo;application easypark.<\/p>\n<h2 id=\"t-1669281589370\"><strong>garages de stationnement<\/strong><\/h2>\n<p>Il existe des parkings payants \u00e0 plusieurs \u00e9tages dans toute la ville, dont beaucoup se trouvent \u00e0 proximit\u00e9 des gares, des attractions touristiques ou des centres commerciaux. Les prix commencent \u00e0 2,00 euros de l&rsquo;heure et peuvent aller jusqu&rsquo;\u00e0 4,80 euros de l&rsquo;heure.<\/p>\n<h2 id=\"t-1669281589371\" style=\"\">Parc- o- <strong>bus<\/strong><\/h2>\n<p><span><img class=\"lazyload\" decoding=\"async\" alt=\"\" data-id=\"4216\" width=\"898\" data-init-width=\"1000\" height=\"605\" data-init-height=\"674\" title=\"Panorama,?f,Vienna.,Austria\" loading=\"lazy\" src=\"data:image\/gif;base64,R0lGODlhAQABAIAAAAAAAP\/\/\/yH5BAEAAAAALAAAAAABAAEAAAIBRAA7\" data-src=\"\/\/viennatouristinformation.com\/fr\/wp-content\/uploads\/2022\/12\/park-and-ride-vienna-Austria2.jpg\" data-width=\"898\" data-height=\"605\" data-pin-media=\"https:\/\/viennatouristinformation.com\/fr\/wp-content\/uploads\/2021\/02\/prag_20_museen_pinterest.jpg\" data-pin-description=\"Unsere Tipps: Parken in Wien\" data-pin-url=\"https:\/\/viennatouristinformation.com\/fr\/organisez-votre-voyage-a-vienne\/arrivee\/parking\/?tve=true&amp;tcbf=0585a8613a\" data-pinpro-key=\"3mgccgei6\" style=\"aspect-ratio: auto 1000 \/ 674;\"><noscript><img class=\"lazyload\" decoding=\"async\" alt=\"\" data-id=\"4216\" width=\"898\" data-init-width=\"1000\" height=\"605\" data-init-height=\"674\" title=\"Panorama,?f,Vienna.,Austria\" loading=\"lazy\" src=\"\/\/viennatouristinformation.com\/fr\/wp-content\/uploads\/2022\/12\/park-and-ride-vienna-Austria2.jpg\" data-width=\"898\" data-height=\"605\" data-pin-media=\"https:\/\/viennatouristinformation.com\/fr\/wp-content\/uploads\/2021\/02\/prag_20_museen_pinterest.jpg\" data-pin-description=\"Unsere Tipps: Parken in Wien\" data-pin-url=\"https:\/\/viennatouristinformation.com\/fr\/organisez-votre-voyage-a-vienne\/arrivee\/parking\/?tve=true&amp;tcbf=0585a8613a\" data-pinpro-key=\"3mgccgei6\" style=\"aspect-ratio: auto 1000 \/ 674;\"><\/noscript><\/span><\/p>\n<p>Les places de stationnement Park and Ride sont situ\u00e9es directement dans de nombreuses stations r\u00e9gionales, S-Bahn et U-Bahn, qui ne sont pas toutes gratuites.<\/p>\n<h2 id=\"t-1669281589372\"><strong><\/strong><strong>Stationnement <\/strong><strong>gratuit<\/strong><strong><\/strong><\/h2>\n<p>Le stationnement est gratuit en dehors des zones de stationnement de courte dur\u00e9e. Les zones de stationnement de courte dur\u00e9e s&rsquo;appliquant en journ\u00e9e, il est possible de se garer gratuitement la nuit de 22h00 \u00e0 9h00 et le week-end 24h\/24. Cependant, veillez \u00e0 respecter la r\u00e9glementation relative au stationnement le samedi dans les rues principales et commerciales. De plus, un parking gratuit est possible dans les 13e et 21e \u00e0 23e arrondissements.<\/p>\n<h2 id=\"t-1669281589373\"><strong>Remorquer<\/strong><\/h2>\n<p>Si la voiture a \u00e9t\u00e9 remorqu\u00e9e, le centre d&rsquo;information de la police peut appeler le +43 1 760 43 pour plus d&rsquo;informations. Les frais de remorquage commencent \u00e0 270 euros.<\/p>\n<h3 style=\"\">ARTICLES CONNEXES<\/h3>\n<p><a href=\"https:\/\/viennatouristinformation.com\/fr\/organisez-votre-voyage-a-vienne\/arrivee\/station-de-bus-vib\/\" dynamic-postlink=\"tcb_post_the_permalink\" data-shortcode-id=\"167\"><\/a><\/p>\n<h2 style=\"padding-top: 0px !important; margin-top: 0px !important; text-align: center;\" id=\"t-1686727032072\" data-hide=\"true\"><span data-shortcode=\"tcb_post_title\" data-shortcode-name=\"Post title\" data-extra_key=\"\" data-attr-link=\"1\" data-attr-target=\"0\" data-attr-rel=\"0\" data-option-inline=\"1\" data-attr-static-link=\"{&quot;className&quot;:&quot;&quot;,&quot;href&quot;:&quot;https:\/\/viennatouristinformation.com\/fr\/choses-a-faire\/musee\/&quot;,&quot;title&quot;:&quot;30 Meilleurs Mus\u00e9es \u00e0 Vienne (+ Infos &amp; Billets)&quot;,&quot;class&quot;:&quot;&quot;}\" data-attr-css=\"\"><a href=\"https:\/\/viennatouristinformation.com\/fr\/organisez-votre-voyage-a-vienne\/arrivee\/station-de-bus-vib\/\" title=\"Gare routi\u00e8re de Vienne\u00a0: VIB Gare routi\u00e8re internationale de Vienne\" data-css=\"\">Gare routi\u00e8re de Vienne\u00a0: VIB Gare routi\u00e8re internationale de Vienne<\/a><\/span><\/h2>\n<p><a href=\"https:\/\/viennatouristinformation.com\/fr\/organisez-votre-voyage-a-vienne\/arrivee\/gare-centrale\/\" dynamic-postlink=\"tcb_post_the_permalink\" data-shortcode-id=\"167\"><\/a><\/p>\n<h2 style=\"padding-top: 0px !important; margin-top: 0px !important; text-align: center;\" id=\"t-1686727032072\" data-hide=\"true\"><span data-shortcode=\"tcb_post_title\" data-shortcode-name=\"Post title\" data-extra_key=\"\" data-attr-link=\"1\" data-attr-target=\"0\" data-attr-rel=\"0\" data-option-inline=\"1\" data-attr-static-link=\"{&quot;className&quot;:&quot;&quot;,&quot;href&quot;:&quot;https:\/\/viennatouristinformation.com\/fr\/choses-a-faire\/musee\/&quot;,&quot;title&quot;:&quot;30 Meilleurs Mus\u00e9es \u00e0 Vienne (+ Infos &amp; Billets)&quot;,&quot;class&quot;:&quot;&quot;}\" data-attr-css=\"\"><a href=\"https:\/\/viennatouristinformation.com\/fr\/organisez-votre-voyage-a-vienne\/arrivee\/gare-centrale\/\" title=\"Guide de la Gare Centrale de Vienne\" data-css=\"\">Guide de la Gare Centrale de Vienne<\/a><\/span><\/h2>\n<p><a href=\"https:\/\/viennatouristinformation.com\/fr\/organisez-votre-voyage-a-vienne\/arrivee\/taxi\/\" dynamic-postlink=\"tcb_post_the_permalink\" data-shortcode-id=\"167\"><\/a><\/p>\n<h2 style=\"padding-top: 0px !important; margin-top: 0px !important; text-align: center;\" id=\"t-1686727032072\" data-hide=\"true\"><span data-shortcode=\"tcb_post_title\" data-shortcode-name=\"Post title\" data-extra_key=\"\" data-attr-link=\"1\" data-attr-target=\"0\" data-attr-rel=\"0\" data-option-inline=\"1\" data-attr-static-link=\"{&quot;className&quot;:&quot;&quot;,&quot;href&quot;:&quot;https:\/\/viennatouristinformation.com\/fr\/choses-a-faire\/musee\/&quot;,&quot;title&quot;:&quot;30 Meilleurs Mus\u00e9es \u00e0 Vienne (+ Infos &amp; Billets)&quot;,&quot;class&quot;:&quot;&quot;}\" data-attr-css=\"\"><a href=\"https:\/\/viennatouristinformation.com\/fr\/organisez-votre-voyage-a-vienne\/arrivee\/taxi\/\" title=\"Tout sur le taxi \u00e0 Vienne : tarifs, num\u00e9ros et FAQ\" data-css=\"\">Tout sur le taxi \u00e0 Vienne : tarifs, num\u00e9ros et FAQ<\/a><\/span><\/h2>\n<p><a href=\"https:\/\/viennatouristinformation.com\/fr\/organisez-votre-voyage-a-vienne\/arrivee\/parc-relais\/\" dynamic-postlink=\"tcb_post_the_permalink\" data-shortcode-id=\"167\"><\/a><\/p>\n<h2 style=\"padding-top: 0px !important; margin-top: 0px !important; text-align: center;\" id=\"t-1686727032072\" data-hide=\"true\"><span data-shortcode=\"tcb_post_title\" data-shortcode-name=\"Post title\" data-extra_key=\"\" data-attr-link=\"1\" data-attr-target=\"0\" data-attr-rel=\"0\" data-option-inline=\"1\" data-attr-static-link=\"{&quot;className&quot;:&quot;&quot;,&quot;href&quot;:&quot;https:\/\/viennatouristinformation.com\/fr\/choses-a-faire\/musee\/&quot;,&quot;title&quot;:&quot;30 Meilleurs Mus\u00e9es \u00e0 Vienne (+ Infos &amp; Billets)&quot;,&quot;class&quot;:&quot;&quot;}\" data-attr-css=\"\"><a href=\"https:\/\/viennatouristinformation.com\/fr\/organisez-votre-voyage-a-vienne\/arrivee\/parc-relais\/\" title=\"Parc Relais \u00e0 Vienne (Stationnement)\" data-css=\"\">Parc Relais \u00e0 Vienne (Stationnement)<\/a><\/span><\/h2>\n","protected":false},"excerpt":{"rendered":"<p>M\u00eame s&rsquo;il y a parfois un peu plus de trafic, conduire \u00e0 Vienne m\u00eame n&rsquo;est g\u00e9n\u00e9ralement pas un probl\u00e8me, mais le stationnement l&rsquo;est. &nbsp;Autant de curiosit\u00e9s qu&rsquo;il y a \u00e0 Vienne, il y a si peu de places de parking. Autres articles recommand\u00e9s : Les 10 meilleures choses \u00e0 faire \u00e0 Vienne Les meilleurs h\u00f4tels [&hellip;]<\/p>\n","protected":false},"author":17,"featured_media":370,"parent":1465,"menu_order":0,"comment_status":"closed","ping_status":"closed","template":"","meta":{"footnotes":""},"tags":[],"class_list":["post-216","page","type-page","status-publish","has-post-thumbnail","hentry","post-wrapper","thrv_wrapper"],"_links":{"self":[{"href":"https:\/\/viennatouristinformation.com\/fr\/wp-json\/wp\/v2\/pages\/216","targetHints":{"allow":["GET"]}}],"collection":[{"href":"https:\/\/viennatouristinformation.com\/fr\/wp-json\/wp\/v2\/pages"}],"about":[{"href":"https:\/\/viennatouristinformation.com\/fr\/wp-json\/wp\/v2\/types\/page"}],"author":[{"embeddable":true,"href":"https:\/\/viennatouristinformation.com\/fr\/wp-json\/wp\/v2\/users\/17"}],"replies":[{"embeddable":true,"href":"https:\/\/viennatouristinformation.com\/fr\/wp-json\/wp\/v2\/comments?post=216"}],"version-history":[{"count":0,"href":"https:\/\/viennatouristinformation.com\/fr\/wp-json\/wp\/v2\/pages\/216\/revisions"}],"up":[{"embeddable":true,"href":"https:\/\/viennatouristinformation.com\/fr\/wp-json\/wp\/v2\/pages\/1465"}],"wp:featuredmedia":[{"embeddable":true,"href":"https:\/\/viennatouristinformation.com\/fr\/wp-json\/wp\/v2\/media\/370"}],"wp:attachment":[{"href":"https:\/\/viennatouristinformation.com\/fr\/wp-json\/wp\/v2\/media?parent=216"}],"wp:term":[{"taxonomy":"post_tag","embeddable":true,"href":"https:\/\/viennatouristinformation.com\/fr\/wp-json\/wp\/v2\/tags?post=216"}],"curies":[{"name":"wp","href":"https:\/\/api.w.org\/{rel}","templated":true}]}}