{"id":220,"date":"2020-06-23T12:53:33","date_gmt":"2020-06-23T10:53:33","guid":{"rendered":"http:\/\/viennatouristinformation.com\/fr\/?page_id=220"},"modified":"2023-06-14T11:56:31","modified_gmt":"2023-06-14T09:56:31","slug":"taxi","status":"publish","type":"page","link":"https:\/\/viennatouristinformation.com\/fr\/organisez-votre-voyage-a-vienne\/arrivee\/taxi\/","title":{"rendered":"Tout sur le taxi \u00e0 Vienne : tarifs, num\u00e9ros et FAQ"},"content":{"rendered":"<h2 id=\"t-1669281744042\" data-hide=\"true\">Il y a environ 4500 taxis \u00e0 Vienne.<\/h2>\n<p>Soit vous commandez un taxi par t\u00e9l\u00e9phone ou par application, vous vous rendez \u00e0 une station de taxis ou vous le signalez au bord de la route. Lorsque le taxi est libre, le panneau taxi sur le dessus de la voiture est illumin\u00e9.<\/p>\n<p>Lors de la commande de taxis par t\u00e9l\u00e9phone, un suppl\u00e9ment de 2,80 euros doit \u00eatre pay\u00e9.<\/p>\n<p style=\"\"><strong>Autres articles recommand\u00e9s :<\/strong><\/p>\n<ul>\n<li><a href=\"https:\/\/viennatouristinformation.com\/fr\/choses-a-faire\/top-10\/\" style=\"outline: none;\">Les 10 meilleures choses \u00e0 faire \u00e0 Vienne<\/a><\/li>\n<li><a href=\"https:\/\/viennatouristinformation.com\/fr\/hotels\/\">Les meilleurs h\u00f4tels recommand\u00e9s \u00e0 Vienne<\/a><\/li>\n<li><a href=\"https:\/\/viennatouristinformation.com\/fr\/choses-a-faire\/attractions\/\">Attractions exceptionnelles \u00e0 Vienne<\/a><\/li>\n<li><a href=\"https:\/\/viennatouristinformation.com\/fr\/restaurants-a-vienne\/\">Meilleurs restaurants \u00e0 Vienne<\/a><\/li>\n<li><a href=\"https:\/\/viennatouristinformation.com\/fr\/shopping\/\">Shopping \u00e0 Vienne<\/a><\/li>\n<li><a href=\"https:\/\/viennatouristinformation.com\/fr\/organisez-votre-voyage-a-vienne\/transports-en-commun-a-vienne\/\">Transport en commun \u00e0 Vienne<\/a><\/li>\n<\/ul>\n<h2 id=\"t-1669281744043\" style=\"\">Payer<\/h2>\n<p><span><img class=\"lazyload\" decoding=\"async\" alt=\"\" data-id=\"4220\" width=\"702\" data-init-width=\"1000\" height=\"468\" data-init-height=\"667\" title=\"Sign,Of,A,Yellow,Taxi,In,Vienna,,Austria\" loading=\"lazy\" src=\"data:image\/gif;base64,R0lGODlhAQABAIAAAAAAAP\/\/\/yH5BAEAAAAALAAAAAABAAEAAAIBRAA7\" data-src=\"\/\/viennatouristinformation.com\/fr\/wp-content\/uploads\/2022\/12\/taxis-in-vienna-Austria.jpg\" data-width=\"702\" data-height=\"468\" data-pinpro-key=\"rpuzokwvw\" style=\"aspect-ratio: auto 1000 \/ 667;\"><noscript><img class=\"lazyload\" decoding=\"async\" alt=\"\" data-id=\"4220\" width=\"702\" data-init-width=\"1000\" height=\"468\" data-init-height=\"667\" title=\"Sign,Of,A,Yellow,Taxi,In,Vienna,,Austria\" loading=\"lazy\" src=\"\/\/viennatouristinformation.com\/fr\/wp-content\/uploads\/2022\/12\/taxis-in-vienna-Austria.jpg\" data-width=\"702\" data-height=\"468\" data-pinpro-key=\"rpuzokwvw\" style=\"aspect-ratio: auto 1000 \/ 667;\"><\/noscript><\/span><\/p>\n<p>Le paiement se fait par taxim\u00e8tre. Les tarifs des taxis sont fix\u00e9s par les autorit\u00e9s autrichiennes, derni\u00e8rement \u00e0 Vienne en octobre 2012. Ils sont contraignants pour tous les taxis et ne peuvent \u00eatre d\u00e9pass\u00e9s ou inf\u00e9rieurs. La fixation des prix est interdite dans les limites de la ville. Vous pouvez payer en esp\u00e8ces, avec une carte EC ou avec une carte de cr\u00e9dit. En cas de paiement sans num\u00e9raire, des pi\u00e8ces d&rsquo;identit\u00e9 doivent \u00eatre pr\u00e9sent\u00e9es \u00e0 la demande du conducteur. Le passager a droit \u00e0 un re\u00e7u.<\/p>\n<h2 id=\"t-1669281744044\">Les taux<\/h2>\n<h3 id=\"t-1669281744045\">Tarif de base<\/h3>\n<p>Le tarif de base pour les taxis \u00e0 Vienne est de 3,80 euros, les 4 premiers kilom\u00e8tres co\u00fbtent 1,42 euros, les 5 kilom\u00e8tres suivants 1,08 euros et chaque kilom\u00e8tre suppl\u00e9mentaire 1,05 euros.<\/p>\n<h3 id=\"t-1669281744046\">tarif de nuit<\/h3>\n<p>Le tarif de nuit s&rsquo;applique entre 23h00 et 6h00. Le tarif de base est de 4,30 euros, les 4 premiers kilom\u00e8tres co\u00fbtent 1,62 euros, les 5 kilom\u00e8tres suivants co\u00fbtent 1,28 euros et chaque kilom\u00e8tre suppl\u00e9mentaire co\u00fbte 1,18 euros.<\/p>\n<h3 id=\"t-1669281744047\">frais d&rsquo;attente<\/h3>\n<p>Le temps debout et d&rsquo;attente sera factur\u00e9 27,80 euros de l&rsquo;heure.<\/p>\n<h3 id=\"t-1669281744048\">Taxi \u00e0 l&rsquo;a\u00e9roport<\/h3>\n<p>Le prix forfaitaire d&rsquo;un taxi pour l&rsquo;a\u00e9roport de Schwechat est de 36 euros pour un maximum de 4 passagers. Le prix n&rsquo;est valable que pour un trajet direct d&rsquo;une adresse \u00e0 Vienne \u00e0 l&rsquo;a\u00e9roport. Lors de la commande, il est indispensable d&rsquo;indiquer que vous souhaitez vous rendre \u00e0 l&rsquo;a\u00e9roport, sinon un suppl\u00e9ment de 13 euros vous sera factur\u00e9 pour le trajet aller-retour en taxi de l&rsquo;a\u00e9roport \u00e0 la ville.<\/p>\n<h2 id=\"t-1669281744049\" style=\"\">Obligation de porter<\/h2>\n<p><span><img class=\"lazyload\" decoding=\"async\" alt=\"\" data-id=\"4217\" width=\"898\" data-init-width=\"1000\" height=\"599\" data-init-height=\"667\" title=\"Taxi,Car,At,City,Street,Near,Christmas,Market,In,Rathausplatz,\" loading=\"lazy\" src=\"data:image\/gif;base64,R0lGODlhAQABAIAAAAAAAP\/\/\/yH5BAEAAAAALAAAAAABAAEAAAIBRAA7\" data-src=\"\/\/viennatouristinformation.com\/fr\/wp-content\/uploads\/2022\/12\/taxis-in-vienna-austria3.jpg\" data-width=\"898\" data-height=\"599\" data-pinpro-key=\"kcelh7yc6\" style=\"aspect-ratio: auto 1000 \/ 667;\"><noscript><img class=\"lazyload\" decoding=\"async\" alt=\"\" data-id=\"4217\" width=\"898\" data-init-width=\"1000\" height=\"599\" data-init-height=\"667\" title=\"Taxi,Car,At,City,Street,Near,Christmas,Market,In,Rathausplatz,\" loading=\"lazy\" src=\"\/\/viennatouristinformation.com\/fr\/wp-content\/uploads\/2022\/12\/taxis-in-vienna-austria3.jpg\" data-width=\"898\" data-height=\"599\" data-pinpro-key=\"kcelh7yc6\" style=\"aspect-ratio: auto 1000 \/ 667;\"><\/noscript><\/span><\/p>\n<p>Il y a une obligation de transport, chaque passager doit \u00eatre conduit \u00e0 n&rsquo;importe quelle destination souhait\u00e9e, tant qu&rsquo;elle se trouve dans les limites de la ville. Le chauffeur de taxi est oblig\u00e9 d&#8217;emprunter l&rsquo;itin\u00e9raire le plus court et donc le moins cher, sauf si un autre itin\u00e9raire a \u00e9t\u00e9 convenu.<\/p>\n<h2 id=\"t-1669281744050\">interdiction de fumer<\/h2>\n<p>Dans les taxis, il existe une interdiction g\u00e9n\u00e9rale de fumer pour les chauffeurs et les passagers.<\/p>\n<h2 id=\"t-1669281744051\">num\u00e9ros de taxi<\/h2>\n<p>Voici les num\u00e9ros de t\u00e9l\u00e9phone des plus grandes compagnies de taxis : +43 1 40 100 Taxi Radio Center GmbH-CC +43 1 31 300 Taxi 31300 +43 1 60 160<\/p>\n<h2 id=\"t-1669281744052\">Applications de taxis<\/h2>\n<p>Les plus connues sont les applications de taxi gratuites Taxi 31300 \/ Taxi 40100 et Taxi 60160 ainsi que Mytaxi, qui vous permet de commander un taxi en ligne.<\/p>\n<h2 id=\"t-1669281744053\" style=\"\">Pr\u00e9-commander<\/h2>\n<p><span><img class=\"lazyload\" decoding=\"async\" alt=\"\" data-id=\"4219\" width=\"898\" data-init-width=\"1000\" height=\"594\" data-init-height=\"662\" title=\"Close,Up,Of,Wien,,,Austria,Map,With,Red,Pin\" loading=\"lazy\" src=\"data:image\/gif;base64,R0lGODlhAQABAIAAAAAAAP\/\/\/yH5BAEAAAAALAAAAAABAAEAAAIBRAA7\" data-src=\"\/\/viennatouristinformation.com\/fr\/wp-content\/uploads\/2022\/12\/taxis-in-vienna-austria2.jpg\" data-width=\"898\" data-height=\"594\" data-pinpro-key=\"hyv96fog7\" style=\"aspect-ratio: auto 1000 \/ 662;\"><noscript><img class=\"lazyload\" decoding=\"async\" alt=\"\" data-id=\"4219\" width=\"898\" data-init-width=\"1000\" height=\"594\" data-init-height=\"662\" title=\"Close,Up,Of,Wien,,,Austria,Map,With,Red,Pin\" loading=\"lazy\" src=\"\/\/viennatouristinformation.com\/fr\/wp-content\/uploads\/2022\/12\/taxis-in-vienna-austria2.jpg\" data-width=\"898\" data-height=\"594\" data-pinpro-key=\"hyv96fog7\" style=\"aspect-ratio: auto 1000 \/ 662;\"><\/noscript><\/span><\/p>\n<p>Bien s\u00fbr, un taxi peut \u00e9galement \u00eatre pr\u00e9-command\u00e9, soit par t\u00e9l\u00e9phone, soit via une application mobile.<\/p>\n<h2 id=\"t-1669281744054\">Au dessus<\/h2>\n<p>La soci\u00e9t\u00e9 UBER a son si\u00e8ge social \u00e0 San Francisco, aux \u00c9tats-Unis. C&rsquo;est une soci\u00e9t\u00e9 de services am\u00e9ricaine qui fournit des services de transport en ligne dans de nombreuses villes du monde. Une fois l&rsquo;application t\u00e9l\u00e9charg\u00e9e sur votre t\u00e9l\u00e9phone, vous pouvez commencer \u00e0 utiliser les services UBER. Lorsque vous commandez un UBER, le prix de l&rsquo;itin\u00e9raire souhait\u00e9 vous est indiqu\u00e9. Le paiement s&rsquo;effectue par carte bancaire, carte euro, PayPal ou Google Play.<\/p>\n<h2 id=\"t-1686736454683\" style=\"text-align: center;\"><strong>FAQ<\/strong><\/h2>\n<h3 style=\"\">ARTICLES CONNEXES<\/h3>\n<p><a href=\"https:\/\/viennatouristinformation.com\/fr\/organisez-votre-voyage-a-vienne\/arrivee\/station-de-bus-vib\/\" dynamic-postlink=\"tcb_post_the_permalink\" data-shortcode-id=\"167\"><\/a><\/p>\n<h2 style=\"padding-top: 0px !important; margin-top: 0px !important; text-align: center;\" id=\"t-1686727032072\" data-hide=\"true\"><span data-shortcode=\"tcb_post_title\" data-shortcode-name=\"Post title\" data-extra_key=\"\" data-attr-link=\"1\" data-attr-target=\"0\" data-attr-rel=\"0\" data-option-inline=\"1\" data-attr-static-link=\"{&quot;className&quot;:&quot;&quot;,&quot;href&quot;:&quot;https:\/\/viennatouristinformation.com\/fr\/choses-a-faire\/musee\/&quot;,&quot;title&quot;:&quot;30 Meilleurs Mus\u00e9es \u00e0 Vienne (+ Infos &amp; Billets)&quot;,&quot;class&quot;:&quot;&quot;}\" data-attr-css=\"\"><a href=\"https:\/\/viennatouristinformation.com\/fr\/organisez-votre-voyage-a-vienne\/arrivee\/station-de-bus-vib\/\" title=\"Gare routi\u00e8re de Vienne\u00a0: VIB Gare routi\u00e8re internationale de Vienne\" data-css=\"\">Gare routi\u00e8re de Vienne\u00a0: VIB Gare routi\u00e8re internationale de Vienne<\/a><\/span><\/h2>\n<p><a href=\"https:\/\/viennatouristinformation.com\/fr\/organisez-votre-voyage-a-vienne\/arrivee\/aeroport-schwechat\/\" dynamic-postlink=\"tcb_post_the_permalink\" data-shortcode-id=\"167\"><\/a><\/p>\n<h2 style=\"padding-top: 0px !important; margin-top: 0px !important; text-align: center;\" id=\"t-1686727032072\" data-hide=\"true\"><span data-shortcode=\"tcb_post_title\" data-shortcode-name=\"Post title\" data-extra_key=\"\" data-attr-link=\"1\" data-attr-target=\"0\" data-attr-rel=\"0\" data-option-inline=\"1\" data-attr-static-link=\"{&quot;className&quot;:&quot;&quot;,&quot;href&quot;:&quot;https:\/\/viennatouristinformation.com\/fr\/choses-a-faire\/musee\/&quot;,&quot;title&quot;:&quot;30 Meilleurs Mus\u00e9es \u00e0 Vienne (+ Infos &amp; Billets)&quot;,&quot;class&quot;:&quot;&quot;}\" data-attr-css=\"\"><a href=\"https:\/\/viennatouristinformation.com\/fr\/organisez-votre-voyage-a-vienne\/arrivee\/aeroport-schwechat\/\" title=\"Guide de l\u2019A\u00e9roport de Vienne Schwechat\" data-css=\"\">Guide de l\u2019A\u00e9roport de Vienne Schwechat<\/a><\/span><\/h2>\n<p><a href=\"https:\/\/viennatouristinformation.com\/fr\/organisez-votre-voyage-a-vienne\/arrivee\/gare-centrale\/\" dynamic-postlink=\"tcb_post_the_permalink\" data-shortcode-id=\"167\"><\/a><\/p>\n<h2 style=\"padding-top: 0px !important; margin-top: 0px !important; text-align: center;\" id=\"t-1686727032072\" data-hide=\"true\"><span data-shortcode=\"tcb_post_title\" data-shortcode-name=\"Post title\" data-extra_key=\"\" data-attr-link=\"1\" data-attr-target=\"0\" data-attr-rel=\"0\" data-option-inline=\"1\" data-attr-static-link=\"{&quot;className&quot;:&quot;&quot;,&quot;href&quot;:&quot;https:\/\/viennatouristinformation.com\/fr\/choses-a-faire\/musee\/&quot;,&quot;title&quot;:&quot;30 Meilleurs Mus\u00e9es \u00e0 Vienne (+ Infos &amp; Billets)&quot;,&quot;class&quot;:&quot;&quot;}\" data-attr-css=\"\"><a href=\"https:\/\/viennatouristinformation.com\/fr\/organisez-votre-voyage-a-vienne\/arrivee\/gare-centrale\/\" title=\"Guide de la Gare Centrale de Vienne\" data-css=\"\">Guide de la Gare Centrale de Vienne<\/a><\/span><\/h2>\n<p><a href=\"https:\/\/viennatouristinformation.com\/fr\/organisez-votre-voyage-a-vienne\/transports-en-commun-a-vienne\/\" dynamic-postlink=\"tcb_post_the_permalink\" data-shortcode-id=\"167\"><\/a><\/p>\n<h2 style=\"padding-top: 0px !important; margin-top: 0px !important; text-align: center;\" id=\"t-1686727032072\" data-hide=\"true\"><span data-shortcode=\"tcb_post_title\" data-shortcode-name=\"Post title\" data-extra_key=\"\" data-attr-link=\"1\" data-attr-target=\"0\" data-attr-rel=\"0\" data-option-inline=\"1\" data-attr-static-link=\"{&quot;className&quot;:&quot;&quot;,&quot;href&quot;:&quot;https:\/\/viennatouristinformation.com\/fr\/choses-a-faire\/musee\/&quot;,&quot;title&quot;:&quot;30 Meilleurs Mus\u00e9es \u00e0 Vienne (+ Infos &amp; Billets)&quot;,&quot;class&quot;:&quot;&quot;}\" data-attr-css=\"\"><a href=\"https:\/\/viennatouristinformation.com\/fr\/organisez-votre-voyage-a-vienne\/transports-en-commun-a-vienne\/\" title=\"Transports en commun\" data-css=\"\">Transports en commun<\/a><\/span><\/h2>\n","protected":false},"excerpt":{"rendered":"<p>Il y a environ 4500 taxis \u00e0 Vienne. Soit vous commandez un taxi par t\u00e9l\u00e9phone ou par application, vous vous rendez \u00e0 une station de taxis ou vous le signalez au bord de la route. Lorsque le taxi est libre, le panneau taxi sur le dessus de la voiture est illumin\u00e9. Lors de la commande [&hellip;]<\/p>\n","protected":false},"author":17,"featured_media":373,"parent":1465,"menu_order":0,"comment_status":"closed","ping_status":"closed","template":"","meta":{"footnotes":""},"tags":[],"class_list":["post-220","page","type-page","status-publish","has-post-thumbnail","hentry","post-wrapper","thrv_wrapper"],"_links":{"self":[{"href":"https:\/\/viennatouristinformation.com\/fr\/wp-json\/wp\/v2\/pages\/220","targetHints":{"allow":["GET"]}}],"collection":[{"href":"https:\/\/viennatouristinformation.com\/fr\/wp-json\/wp\/v2\/pages"}],"about":[{"href":"https:\/\/viennatouristinformation.com\/fr\/wp-json\/wp\/v2\/types\/page"}],"author":[{"embeddable":true,"href":"https:\/\/viennatouristinformation.com\/fr\/wp-json\/wp\/v2\/users\/17"}],"replies":[{"embeddable":true,"href":"https:\/\/viennatouristinformation.com\/fr\/wp-json\/wp\/v2\/comments?post=220"}],"version-history":[{"count":0,"href":"https:\/\/viennatouristinformation.com\/fr\/wp-json\/wp\/v2\/pages\/220\/revisions"}],"up":[{"embeddable":true,"href":"https:\/\/viennatouristinformation.com\/fr\/wp-json\/wp\/v2\/pages\/1465"}],"wp:featuredmedia":[{"embeddable":true,"href":"https:\/\/viennatouristinformation.com\/fr\/wp-json\/wp\/v2\/media\/373"}],"wp:attachment":[{"href":"https:\/\/viennatouristinformation.com\/fr\/wp-json\/wp\/v2\/media?parent=220"}],"wp:term":[{"taxonomy":"post_tag","embeddable":true,"href":"https:\/\/viennatouristinformation.com\/fr\/wp-json\/wp\/v2\/tags?post=220"}],"curies":[{"name":"wp","href":"https:\/\/api.w.org\/{rel}","templated":true}]}}