{"id":2303,"date":"2020-10-06T13:39:44","date_gmt":"2020-10-06T11:39:44","guid":{"rendered":"http:\/\/viennatouristinformation.com\/fr\/?page_id=2303"},"modified":"2023-06-14T14:54:06","modified_gmt":"2023-06-14T12:54:06","slug":"ecole-dequitation-espagnole","status":"publish","type":"page","link":"https:\/\/viennatouristinformation.com\/fr\/choses-a-faire\/chateaux\/palais-imperial\/ecole-dequitation-espagnole\/","title":{"rendered":"\u00c9cole d&#8217;\u00e9quitation espagnole"},"content":{"rendered":"<h2 id=\"t-1669208124059\" data-hide=\"true\">L&rsquo;\u00e9cole d&rsquo;\u00e9quitation espagnole traditionnelle vous attend avec les comp\u00e9tences d&rsquo;\u00e9quitation classiques du \u00ab\u00a0lyc\u00e9e\u00a0\u00bb, pr\u00e9sent\u00e9es par les chevaux de danse lipizzans de renomm\u00e9e mondiale.<\/h2>\n<p>Dans ce guide de l&rsquo;\u00e9cole d&rsquo;\u00e9quitation espagnole, vous d\u00e9couvrirez tout ce qu&rsquo;il y a \u00e0 faire \u00e0 l&rsquo;\u00e9cole d&rsquo;\u00e9quitation, ainsi que des informations sur comment s&rsquo;y rendre, les billets et les visites guid\u00e9es.<\/p>\n<p style=\"\"><strong>Autres articles recommand\u00e9s :<\/strong><\/p>\n<ul>\n<li><a href=\"https:\/\/viennatouristinformation.com\/fr\/choses-a-faire\/top-10\/\" style=\"outline: none;\">Les 10 meilleures choses \u00e0 faire \u00e0 Vienne<\/a><\/li>\n<li><a href=\"https:\/\/viennatouristinformation.com\/fr\/hotels\/\" style=\"outline: none;\">Les meilleurs h\u00f4tels recommand\u00e9s \u00e0 Vienne<\/a><\/li>\n<li><a href=\"https:\/\/viennatouristinformation.com\/fr\/choses-a-faire\/attractions\/\">Attractions exceptionnelles \u00e0 Vienne<\/a><\/li>\n<li><a href=\"https:\/\/viennatouristinformation.com\/fr\/restaurants-a-vienne\/\">Meilleurs restaurants \u00e0 Vienne<\/a><\/li>\n<li><a href=\"https:\/\/viennatouristinformation.com\/fr\/shopping\/\" style=\"outline: none;\">Shopping \u00e0 Vienne<\/a><\/li>\n<li><a href=\"https:\/\/viennatouristinformation.com\/fr\/organisez-votre-voyage-a-vienne\/transports-en-commun-a-vienne\/\">Transport en commun \u00e0 Vienne<\/a><\/li>\n<\/ul>\n<p><span><img class=\"lazyload\" decoding=\"async\" alt=\"Wie komme ich zur Spanischen Hofreitschule\" data-id=\"2713\" width=\"885\" data-init-width=\"1000\" height=\"590\" data-init-height=\"667\" title=\"Wie komme ich zur Spanischen Hofreitschule\" loading=\"lazy\" src=\"data:image\/gif;base64,R0lGODlhAQABAIAAAAAAAP\/\/\/yH5BAEAAAAALAAAAAABAAEAAAIBRAA7\" data-src=\"\/\/viennatouristinformation.com\/fr\/wp-content\/uploads\/2020\/10\/Wie-komme-ich-zur-Spanischen-Hofreitschule.jpg\" data-width=\"885\" data-height=\"590\" data-pin-media=\"https:\/\/viennatouristinformation.com\/fr\/wp-content\/uploads\/2021\/01\/wien_pinterest_spanische_hofreitschule-2.jpg\" data-pin-description=\"\u00c9cole espagnole d'\u00e9quitation\" data-pin-url=\"https:\/\/viennatouristinformation.com\/fr\/choses-a-faire\/chateaux\/palais-imperial\/ecole-dequitation-espagnole\/?tve=true&amp;tcbf=5180031075\" data-pinpro-key=\"8hutb2l8w\" style=\"aspect-ratio: auto 1000 \/ 667;\"><noscript><img class=\"lazyload\" decoding=\"async\" alt=\"Wie komme ich zur Spanischen Hofreitschule\" data-id=\"2713\" width=\"885\" data-init-width=\"1000\" height=\"590\" data-init-height=\"667\" title=\"Wie komme ich zur Spanischen Hofreitschule\" loading=\"lazy\" src=\"\/\/viennatouristinformation.com\/fr\/wp-content\/uploads\/2020\/10\/Wie-komme-ich-zur-Spanischen-Hofreitschule.jpg\" data-width=\"885\" data-height=\"590\" data-pin-media=\"https:\/\/viennatouristinformation.com\/fr\/wp-content\/uploads\/2021\/01\/wien_pinterest_spanische_hofreitschule-2.jpg\" data-pin-description=\"\u00c9cole espagnole d'\u00e9quitation\" data-pin-url=\"https:\/\/viennatouristinformation.com\/fr\/choses-a-faire\/chateaux\/palais-imperial\/ecole-dequitation-espagnole\/?tve=true&amp;tcbf=5180031075\" data-pinpro-key=\"8hutb2l8w\" style=\"aspect-ratio: auto 1000 \/ 667;\"><\/noscript><\/span><\/p>\n<h2 id=\"t-1669208124060\">Que puis-je faire \u00e0 l&rsquo;\u00e9cole espagnole d&rsquo;\u00e9quitation?<\/h2>\n<p>\u00c0 l&rsquo;\u00e9cole d&rsquo;\u00e9quitation espagnole, vous pourrez d\u00e9couvrir &nbsp; la magie et l&rsquo;\u00e9l\u00e9gance d&rsquo;autrefois dans l&rsquo;atmosph\u00e8re baroque de la <a href=\"https:\/\/viennatouristinformation.com\/fr\/choses-a-faire\/chateaux\/palais-imperial\/\" style=\"outline: none;\">Hofburg .<\/a><\/p>\n<p>En tant que seule institution au monde, l&rsquo;\u00e9cole d&rsquo;\u00e9quitation espagnole pr\u00e9serve l&rsquo;ancienne tradition de l&rsquo;\u00e9quitation en se consacrant \u00e0 l&rsquo;entra\u00eenement et au dressage classiques des \u00e9l\u00e9gants chevaux lipizzans, la plus ancienne race de chevaux d&rsquo;Europe, depuis plus de 450 ans. Pour cette raison, l&rsquo;\u00e9quitation de l&rsquo;\u00e9cole d&rsquo;\u00e9quitation espagnole fait partie du patrimoine culturel immat\u00e9riel de l&rsquo;UNESCO depuis 2015.<\/p>\n<p>Laissez-vous envo\u00fbter par les performances uniques de l&rsquo;\u00e9cole espagnole d&rsquo;\u00e9quitation. Lors d&rsquo;une visite au \u00ab travail du matin \u00bb, l&rsquo;entra\u00eenement matinal quotidien des lipizzans, vous pourrez voir les chevaux dansants s&rsquo;entra\u00eener sur de la musique classique.<\/p>\n<p>Un spectacle \u00e9questre \u00e0 couper le souffle est pr\u00e9sent\u00e9 lors des repr\u00e9sentations nocturnes, extr\u00eamement populaires. Ceci est pr\u00e9sent\u00e9 dans le sensationnel man\u00e8ge d&rsquo;hiver baroque, le plus beau man\u00e8ge du monde, accompagn\u00e9 de musique classique viennoise.<\/p>\n<p>Dans le cadre d&rsquo;une visite guid\u00e9e, telle que la visite architecturale, les personnes int\u00e9ress\u00e9es peuvent avoir un aper\u00e7u exclusif de l&rsquo;histoire, de la tradition et de l&rsquo;architecture de l&rsquo;\u00e9cole espagnole d&rsquo;\u00e9quitation.<\/p>\n<h2 id=\"t-1669208124061\">Entr\u00e9e, billets et visites guid\u00e9es<\/h2>\n<ul>\n<li><strong>D\u00e9monstration :<\/strong> Quiconque souhaite s&rsquo;\u00e9merveiller devant le \u00ab Ballet des Hengstes blancs \u00bb peut choisir entre une repr\u00e9sentation (env. 70 minutes) et une repr\u00e9sentation de gala (env. 90 minutes, en direct mod\u00e9r\u00e9). Vous trouverez ici les billets avec les dates et les prix actuels <a href=\"https:\/\/www.srs.at\/tickets-veranstaltungen\/vorfuehrung-wien\/\" rel=\"noopener\" target=\"_blank\">.<\/a><\/li>\n<li><strong>Billet pour l&rsquo;entra\u00eenement :<\/strong> Les billets et les dates pour l&rsquo;entra\u00eenement des coureurs avec leurs Lipizzans, le soi-disant travail du matin, peuvent \u00eatre trouv\u00e9s <a href=\"https:\/\/www.srs.at\/tickets-veranstaltungen\/training-wien\/\" rel=\"noopener\" target=\"_blank\">ici<\/a> .<\/li>\n<li><strong>Visite guid\u00e9e :<\/strong> Au cours d&rsquo;une visite guid\u00e9e d&rsquo;une heure, vous pourrez d\u00e9couvrir les coulisses de l&rsquo;\u00e9cole espagnole d&rsquo;\u00e9quitation. Des visites priv\u00e9es sont \u00e9galement propos\u00e9es sur demande. <a href=\"https:\/\/www.srs.at\/tickets-veranstaltungen\/gefuehrter-rundgang-wien\/\" rel=\"noopener\" target=\"_blank\">Vous<\/a> pouvez trouver un aper\u00e7u des prix et des dates ici.<\/li>\n<li><strong>Visite architecturale :<\/strong> Si vous souhaitez voir de plus pr\u00e8s la magnifique \u00e9cole d&rsquo;\u00e9quitation espagnole et en savoir plus sur l&rsquo;architecture baroque, vous pouvez le faire lors d&rsquo;une visite architecturale. La visite de 80 minutes m\u00e8ne des \u00e9curies aux \u00e9tages sup\u00e9rieurs de l&rsquo;\u00e9cole d&rsquo;\u00e9quitation baroque d&rsquo;hiver. <a href=\"https:\/\/www.srs.at\/tickets-veranstaltungen\/architekturfuehrung-wien\/\" rel=\"noopener\" target=\"_blank\">Ici,<\/a> vous pouvez choisir entre les dates actuelles et r\u00e9server.<\/li>\n<\/ul>\n<h2 id=\"t-1669208124062\">Comment se rendre \u00e0 l&rsquo;\u00e9cole d&rsquo;\u00e9quitation espagnole ?<\/h2>\n<p>L&rsquo;\u00e9cole d&rsquo;\u00e9quitation espagnole est situ\u00e9e dans la Hofburg de Vienne, au c\u0153ur de la ville. Le moyen le plus simple de s&rsquo;y rendre \u00e0 pied est de passer par la Michaelerplatz ou la Heldenplatz.<\/p>\n<p>Si vous arrivez en transports en commun, nous vous recommandons le U3 jusqu&rsquo;\u00e0 Herrengasse. Alternativement, vous pouvez prendre les lignes de tram 1, 2, D ou 62, qui peuvent vous emmener au K\u00e4rtner Ring Oper ou au Burgring. Les bus 1A (vers Herrengasse), 2A (vers Michaelerplatz) et 3A (vers Habsburgergasse) s&rsquo;arr\u00eatent \u00e9galement \u00e0 proximit\u00e9.<\/p>\n<h2 id=\"t-1669208124063\">Histoire de l&rsquo;\u00e9cole d&rsquo;\u00e9quitation<\/h2>\n<p><span><img class=\"lazyload\" decoding=\"async\" alt=\"Geschichte der Hofreitschule\" data-id=\"2714\" width=\"885\" data-init-width=\"1000\" height=\"590\" data-init-height=\"667\" title=\"Geschichte der Hofreitschule\" loading=\"lazy\" src=\"data:image\/gif;base64,R0lGODlhAQABAIAAAAAAAP\/\/\/yH5BAEAAAAALAAAAAABAAEAAAIBRAA7\" data-src=\"\/\/viennatouristinformation.com\/fr\/wp-content\/uploads\/2020\/10\/Geschichte-der-Hofreitschule.jpg\" data-width=\"885\" data-height=\"590\" data-pin-media=\"https:\/\/viennatouristinformation.com\/fr\/wp-content\/uploads\/2021\/01\/wien_pinterest_spanische_hofreitschule-2.jpg\" data-pin-description=\"\u00c9cole espagnole d'\u00e9quitation\" data-pin-url=\"https:\/\/viennatouristinformation.com\/fr\/choses-a-faire\/chateaux\/palais-imperial\/ecole-dequitation-espagnole\/?tve=true&amp;tcbf=5180031075\" data-pinpro-key=\"ajut5r0f0\" style=\"aspect-ratio: auto 1000 \/ 667;\"><noscript><img class=\"lazyload\" decoding=\"async\" alt=\"Geschichte der Hofreitschule\" data-id=\"2714\" width=\"885\" data-init-width=\"1000\" height=\"590\" data-init-height=\"667\" title=\"Geschichte der Hofreitschule\" loading=\"lazy\" src=\"\/\/viennatouristinformation.com\/fr\/wp-content\/uploads\/2020\/10\/Geschichte-der-Hofreitschule.jpg\" data-width=\"885\" data-height=\"590\" data-pin-media=\"https:\/\/viennatouristinformation.com\/fr\/wp-content\/uploads\/2021\/01\/wien_pinterest_spanische_hofreitschule-2.jpg\" data-pin-description=\"\u00c9cole espagnole d'\u00e9quitation\" data-pin-url=\"https:\/\/viennatouristinformation.com\/fr\/choses-a-faire\/chateaux\/palais-imperial\/ecole-dequitation-espagnole\/?tve=true&amp;tcbf=5180031075\" data-pinpro-key=\"ajut5r0f0\" style=\"aspect-ratio: auto 1000 \/ 667;\"><\/noscript><\/span><\/p>\n<p>La tradition de l&rsquo;\u00e9cole d&rsquo;\u00e9quitation espagnole remonte au XVIe si\u00e8cle, lorsqu&rsquo;une ar\u00e8ne d&rsquo;\u00e9quitation et de tournoi ouverte a \u00e9t\u00e9 construite sur l&rsquo;actuelle Josefplatz, pr\u00e8s de la Hofburg de Vienne. Cette \u00ab\u00a0\u00e9curie espagnole d&rsquo;\u00e9quitation\u00a0\u00bb a \u00e9t\u00e9 officiellement mentionn\u00e9e en 1565, faisant de l&rsquo;\u00e9cole d&rsquo;\u00e9quitation espagnole la plus ancienne \u00e9cole d&rsquo;\u00e9quitation classique au monde.<\/p>\n<p>De 1565 \u00e0 1569, sous le r\u00e8gne de Ferdinand Ier, le Stallburg est construit en transformant une r\u00e9sidence destin\u00e9e \u00e0 Ferdinand Ier en \u00e9curies. D\u00e8s lors, ceux-ci abrit\u00e8rent les chevaux personnels des Habsbourg.<\/p>\n<p>Aujourd&rsquo;hui, l&rsquo;\u00e9cole d&rsquo;\u00e9quitation est l&rsquo;un des <a href=\"https:\/\/viennatouristinformation.com\/fr\/choses-a-faire\/\" style=\"outline: none;\">sites les plus visit\u00e9s de Vienne<\/a> .<\/p>\n<h3 id=\"t-1669208124064\">Chevaux lipizzans<\/h3>\n<p>L&rsquo;\u00e9levage de chevaux andalous a commenc\u00e9 sous l&rsquo;archiduc Charles II. Dans ce but, il leur fit construire un haras \u00e0 Lipica, l&rsquo;actuelle Slov\u00e9nie, en 1580. Au cours des si\u00e8cles qui suivirent, les rois des Habsbourg se consacr\u00e8rent \u00e0 l&rsquo;\u00e9levage d&rsquo;une race r\u00e9pondant aux exigences de l&rsquo;id\u00e9al classique de l&rsquo;\u00e9quitation. Les meilleurs d&rsquo;entre eux furent envoy\u00e9s \u00e0 la <a href=\"https:\/\/viennatouristinformation.com\/fr\/choses-a-faire\/chateaux\/palais-imperial\/\" style=\"outline: none;\">Hofburg<\/a> de Vienne . Le nom des chevaux lipizzans a ensuite \u00e9t\u00e9 d\u00e9riv\u00e9 de ce haras de Lipica.<\/p>\n<h3 id=\"t-1669208124065\">Nouveau man\u00e8ge<\/h3>\n<p>Apr\u00e8s que le man\u00e8ge ait \u00e9t\u00e9 gravement endommag\u00e9 lors du deuxi\u00e8me si\u00e8ge turc de Vienne, l&#8217;empereur Charles IV fit construire une \u00e9cole d&rsquo;\u00e9quitation d&rsquo;hiver dans le Michaelertrakt de la Hofburg de 1729 \u00e0 1735. Le magnifique man\u00e8ge d&rsquo;hiver, aujourd&rsquo;hui consid\u00e9r\u00e9 comme un joyau baroque, a \u00e9t\u00e9 con\u00e7u par Johann Bernhard Fischer von Erlach et construit par son fils Emanuel Fischer von Erlach.<\/p>\n<p>Depuis lors, presque exclusivement les chevaux reproducteurs du haras de la cour de Lipica sont utilis\u00e9s \u00e0 l&rsquo;\u00e9cole d&rsquo;\u00e9quitation de la cour.<\/p>\n<p>En 2015, l&rsquo;\u00e9quitation classique de l&rsquo;\u00e9cole d&rsquo;\u00e9quitation espagnole a \u00e9t\u00e9 inscrite sur la liste de l&rsquo;UNESCO en tant que patrimoine culturel immat\u00e9riel de l&rsquo;humanit\u00e9.<\/p>\n<h2 id=\"t-1669208124066\" style=\"\">Contact<\/h2>\n<ul>\n<li><strong>Adresse :<\/strong> Michaelerplatz 1 (centre d&rsquo;accueil), 1010 Vienne<\/li>\n<li><strong>M\u00e9tro :<\/strong> &nbsp;U1 Stephansplatz, U3 Herrengasse ou U2 et U4 jusqu&rsquo;\u00e0 Karlsplatz<\/li>\n<li><strong>Site Web : <\/strong><a href=\"https:\/\/www.srs.at\/\" rel=\"noopener\" target=\"_blank\">srs.at<\/a><\/li>\n<li><strong>Horaires d&rsquo;ouverture :<\/strong> Les horaires d&rsquo;ouverture actuels de l&rsquo;\u00e9cole espagnole d&rsquo;\u00e9quitation peuvent \u00eatre consult\u00e9s sur le <a href=\"https:\/\/www.srs.at\/besucherinformationen\/oeffnungszeiten\/\" rel=\"noopener\" target=\"_blank\">site Internet<\/a> .<\/li>\n<\/ul>\n<h3 style=\"\">ARTICLES CONNEXES<\/h3>\n<p><a href=\"https:\/\/viennatouristinformation.com\/fr\/choses-a-faire\/eglises\/saint-etienne\/\" dynamic-postlink=\"tcb_post_the_permalink\" data-shortcode-id=\"835\"><\/a><\/p>\n<h2 style=\"padding-top: 0px !important; margin-top: 0px !important; text-align: center;\" id=\"t-1686727032072\" data-hide=\"true\"><span data-shortcode=\"tcb_post_title\" data-shortcode-name=\"Post title\" data-extra_key=\"\" data-attr-link=\"1\" data-attr-target=\"0\" data-attr-rel=\"0\" data-option-inline=\"1\" data-attr-static-link=\"{&quot;className&quot;:&quot;&quot;,&quot;href&quot;:&quot;https:\/\/viennatouristinformation.com\/fr\/choses-a-faire\/musee\/&quot;,&quot;title&quot;:&quot;30 Meilleurs Mus\u00e9es \u00e0 Vienne (+ Infos &amp; Billets)&quot;,&quot;class&quot;:&quot;&quot;}\" data-attr-css=\"\"><a href=\"https:\/\/viennatouristinformation.com\/fr\/choses-a-faire\/eglises\/saint-etienne\/\" title=\"Cath\u00e9drale Saint-\u00c9tienne\" data-css=\"\">Cath\u00e9drale Saint-\u00c9tienne<\/a><\/span><\/h2>\n<p><a href=\"https:\/\/viennatouristinformation.com\/fr\/choses-a-faire\/chateaux\/palais-imperial\/tresor-imperial\/\" dynamic-postlink=\"tcb_post_the_permalink\" data-shortcode-id=\"835\"><\/a><\/p>\n<h2 style=\"padding-top: 0px !important; margin-top: 0px !important; text-align: center;\" id=\"t-1686727032072\" data-hide=\"true\"><span data-shortcode=\"tcb_post_title\" data-shortcode-name=\"Post title\" data-extra_key=\"\" data-attr-link=\"1\" data-attr-target=\"0\" data-attr-rel=\"0\" data-option-inline=\"1\" data-attr-static-link=\"{&quot;className&quot;:&quot;&quot;,&quot;href&quot;:&quot;https:\/\/viennatouristinformation.com\/fr\/choses-a-faire\/musee\/&quot;,&quot;title&quot;:&quot;30 Meilleurs Mus\u00e9es \u00e0 Vienne (+ Infos &amp; Billets)&quot;,&quot;class&quot;:&quot;&quot;}\" data-attr-css=\"\"><a href=\"https:\/\/viennatouristinformation.com\/fr\/choses-a-faire\/chateaux\/palais-imperial\/tresor-imperial\/\" title=\"Tr\u00e9sor imp\u00e9rial de Vienne\" data-css=\"\">Tr\u00e9sor imp\u00e9rial de Vienne<\/a><\/span><\/h2>\n<p><a href=\"https:\/\/viennatouristinformation.com\/fr\/choses-a-faire\/chateaux\/palais-imperial\/musee-du-monde\/\" dynamic-postlink=\"tcb_post_the_permalink\" data-shortcode-id=\"835\"><\/a><\/p>\n<h2 style=\"padding-top: 0px !important; margin-top: 0px !important; text-align: center;\" id=\"t-1686727032072\" data-hide=\"true\"><span data-shortcode=\"tcb_post_title\" data-shortcode-name=\"Post title\" data-extra_key=\"\" data-attr-link=\"1\" data-attr-target=\"0\" data-attr-rel=\"0\" data-option-inline=\"1\" data-attr-static-link=\"{&quot;className&quot;:&quot;&quot;,&quot;href&quot;:&quot;https:\/\/viennatouristinformation.com\/fr\/choses-a-faire\/musee\/&quot;,&quot;title&quot;:&quot;30 Meilleurs Mus\u00e9es \u00e0 Vienne (+ Infos &amp; Billets)&quot;,&quot;class&quot;:&quot;&quot;}\" data-attr-css=\"\"><a href=\"https:\/\/viennatouristinformation.com\/fr\/choses-a-faire\/chateaux\/palais-imperial\/musee-du-monde\/\" title=\"Mus\u00e9e du monde de Vienne\" data-css=\"\">Mus\u00e9e du monde de Vienne<\/a><\/span><\/h2>\n<p><a href=\"https:\/\/viennatouristinformation.com\/fr\/choses-a-faire\/chateaux\/palais-imperial\/bibliotheque-nationale-autrichienne\/\" dynamic-postlink=\"tcb_post_the_permalink\" data-shortcode-id=\"835\"><\/a><\/p>\n<h2 style=\"padding-top: 0px !important; margin-top: 0px !important; text-align: center;\" id=\"t-1686727032072\" data-hide=\"true\"><span data-shortcode=\"tcb_post_title\" data-shortcode-name=\"Post title\" data-extra_key=\"\" data-attr-link=\"1\" data-attr-target=\"0\" data-attr-rel=\"0\" data-option-inline=\"1\" data-attr-static-link=\"{&quot;className&quot;:&quot;&quot;,&quot;href&quot;:&quot;https:\/\/viennatouristinformation.com\/fr\/choses-a-faire\/musee\/&quot;,&quot;title&quot;:&quot;30 Meilleurs Mus\u00e9es \u00e0 Vienne (+ Infos &amp; Billets)&quot;,&quot;class&quot;:&quot;&quot;}\" data-attr-css=\"\"><a href=\"https:\/\/viennatouristinformation.com\/fr\/choses-a-faire\/chateaux\/palais-imperial\/bibliotheque-nationale-autrichienne\/\" title=\"Salle d\u2019apparat de la Biblioth\u00e8que nationale\" data-css=\"\">Salle d\u2019apparat de la Biblioth\u00e8que nationale<\/a><\/span><\/h2>\n","protected":false},"excerpt":{"rendered":"<p>L&rsquo;\u00e9cole d&rsquo;\u00e9quitation espagnole traditionnelle vous attend avec les comp\u00e9tences d&rsquo;\u00e9quitation classiques du \u00ab\u00a0lyc\u00e9e\u00a0\u00bb, pr\u00e9sent\u00e9es par les chevaux de danse lipizzans de renomm\u00e9e mondiale. Dans ce guide de l&rsquo;\u00e9cole d&rsquo;\u00e9quitation espagnole, vous d\u00e9couvrirez tout ce qu&rsquo;il y a \u00e0 faire \u00e0 l&rsquo;\u00e9cole d&rsquo;\u00e9quitation, ainsi que des informations sur comment s&rsquo;y rendre, les billets et les visites [&hellip;]<\/p>\n","protected":false},"author":3,"featured_media":2712,"parent":1666,"menu_order":0,"comment_status":"closed","ping_status":"closed","template":"","meta":{"footnotes":""},"tags":[],"class_list":["post-2303","page","type-page","status-publish","has-post-thumbnail","hentry","post-wrapper","thrv_wrapper"],"_links":{"self":[{"href":"https:\/\/viennatouristinformation.com\/fr\/wp-json\/wp\/v2\/pages\/2303","targetHints":{"allow":["GET"]}}],"collection":[{"href":"https:\/\/viennatouristinformation.com\/fr\/wp-json\/wp\/v2\/pages"}],"about":[{"href":"https:\/\/viennatouristinformation.com\/fr\/wp-json\/wp\/v2\/types\/page"}],"author":[{"embeddable":true,"href":"https:\/\/viennatouristinformation.com\/fr\/wp-json\/wp\/v2\/users\/3"}],"replies":[{"embeddable":true,"href":"https:\/\/viennatouristinformation.com\/fr\/wp-json\/wp\/v2\/comments?post=2303"}],"version-history":[{"count":0,"href":"https:\/\/viennatouristinformation.com\/fr\/wp-json\/wp\/v2\/pages\/2303\/revisions"}],"up":[{"embeddable":true,"href":"https:\/\/viennatouristinformation.com\/fr\/wp-json\/wp\/v2\/pages\/1666"}],"wp:featuredmedia":[{"embeddable":true,"href":"https:\/\/viennatouristinformation.com\/fr\/wp-json\/wp\/v2\/media\/2712"}],"wp:attachment":[{"href":"https:\/\/viennatouristinformation.com\/fr\/wp-json\/wp\/v2\/media?parent=2303"}],"wp:term":[{"taxonomy":"post_tag","embeddable":true,"href":"https:\/\/viennatouristinformation.com\/fr\/wp-json\/wp\/v2\/tags?post=2303"}],"curies":[{"name":"wp","href":"https:\/\/api.w.org\/{rel}","templated":true}]}}