{"id":2305,"date":"2020-10-07T14:25:56","date_gmt":"2020-10-07T12:25:56","guid":{"rendered":"http:\/\/viennatouristinformation.com\/fr\/?page_id=2305"},"modified":"2023-06-14T11:33:35","modified_gmt":"2023-06-14T09:33:35","slug":"theatre-du-burg","status":"publish","type":"page","link":"https:\/\/viennatouristinformation.com\/fr\/choses-a-faire\/theatres\/theatre-du-burg\/","title":{"rendered":"Th\u00e9\u00e2tre du Burg"},"content":{"rendered":"<h2 id=\"t-1669115005508\" data-hide=\"true\">L&rsquo;imposant Burgtheater, ou \u00ab\u00a0Burg\u00a0\u00bb en abr\u00e9g\u00e9, est le th\u00e9\u00e2tre national d&rsquo;Autriche et en m\u00eame temps le plus grand th\u00e9\u00e2tre parl\u00e9 d&rsquo;Europe.<\/h2>\n<p>Dans ce guide du Burgtheater, vous d\u00e9couvrirez ce que vous pouvez y faire, l&rsquo;histoire du th\u00e9\u00e2tre, l&rsquo;horaire avec le programme actuel et des informations sur comment s&rsquo;y rendre, les billets et les visites guid\u00e9es.<\/p>\n<p style=\"\"><strong>Autres articles recommand\u00e9s :<\/strong><\/p>\n<ul>\n<li><a href=\"https:\/\/viennatouristinformation.com\/fr\/choses-a-faire\/top-10\/\" style=\"outline: none;\">Les 10 meilleures choses \u00e0 faire \u00e0 Vienne<\/a><\/li>\n<li><a href=\"https:\/\/viennatouristinformation.com\/fr\/hotels\/\" style=\"outline: none;\">Les meilleurs h\u00f4tels recommand\u00e9s \u00e0 Vienne<\/a><\/li>\n<li><a href=\"https:\/\/viennatouristinformation.com\/fr\/choses-a-faire\/attractions\/\" style=\"outline: none;\">Attractions exceptionnelles \u00e0 Vienne<\/a><\/li>\n<li><a href=\"https:\/\/viennatouristinformation.com\/fr\/restaurants-a-vienne\/\">Meilleurs restaurants \u00e0 Vienne<\/a><\/li>\n<li><a href=\"https:\/\/viennatouristinformation.com\/fr\/shopping\/\">Shopping \u00e0 Vienne<\/a><\/li>\n<li><a href=\"https:\/\/viennatouristinformation.com\/fr\/organisez-votre-voyage-a-vienne\/transports-en-commun-a-vienne\/\">Transport en commun \u00e0 Vienne<\/a><\/li>\n<\/ul>\n<h2 id=\"t-1669115005509\" style=\"\">Que puis-je faire au Burgtheater ?<\/h2>\n<p><span><img class=\"lazyload\" decoding=\"async\" alt=\"Was kann ich im Burgtheater machen\" data-id=\"2784\" width=\"885\" data-init-width=\"1000\" height=\"590\" data-init-height=\"667\" title=\"Was kann ich im Burgtheater machen\" loading=\"lazy\" src=\"data:image\/gif;base64,R0lGODlhAQABAIAAAAAAAP\/\/\/yH5BAEAAAAALAAAAAABAAEAAAIBRAA7\" data-src=\"\/\/viennatouristinformation.com\/fr\/wp-content\/uploads\/2020\/10\/Was-kann-ich-im-Burgtheater-machen.jpg\" data-width=\"885\" data-height=\"590\" data-pin-media=\"https:\/\/viennatouristinformation.com\/fr\/wp-content\/uploads\/2021\/01\/wien_pinterest_burgtheather-2.jpg\" data-pin-description=\"Th\u00e9\u00e2tre du Burg\" data-pin-url=\"https:\/\/viennatouristinformation.com\/fr\/choses-a-faire\/theatres\/theatre-du-burg\/?tve=true&amp;tcbf=06d02671dc\" data-pinpro-key=\"et52s88g8\" style=\"aspect-ratio: auto 1000 \/ 667;\"><noscript><img class=\"lazyload\" decoding=\"async\" alt=\"Was kann ich im Burgtheater machen\" data-id=\"2784\" width=\"885\" data-init-width=\"1000\" height=\"590\" data-init-height=\"667\" title=\"Was kann ich im Burgtheater machen\" loading=\"lazy\" src=\"\/\/viennatouristinformation.com\/fr\/wp-content\/uploads\/2020\/10\/Was-kann-ich-im-Burgtheater-machen.jpg\" data-width=\"885\" data-height=\"590\" data-pin-media=\"https:\/\/viennatouristinformation.com\/fr\/wp-content\/uploads\/2021\/01\/wien_pinterest_burgtheather-2.jpg\" data-pin-description=\"Th\u00e9\u00e2tre du Burg\" data-pin-url=\"https:\/\/viennatouristinformation.com\/fr\/choses-a-faire\/theatres\/theatre-du-burg\/?tve=true&amp;tcbf=06d02671dc\" data-pinpro-key=\"et52s88g8\" style=\"aspect-ratio: auto 1000 \/ 667;\"><\/noscript><\/span><\/p>\n<p>En tant que th\u00e9\u00e2tre le plus important du Land et lieu le plus important pour le th\u00e9\u00e2tre en langue allemande, le Burgtheater offre une exp\u00e9rience th\u00e9\u00e2trale tr\u00e8s sp\u00e9ciale.<\/p>\n<p>Les visiteurs peuvent <strong>&nbsp;<\/strong>admirer des pi\u00e8ces classiques ou modernes lors de l&rsquo;une des repr\u00e9sentations th\u00e9\u00e2trales dramaturgiques. Une soir\u00e9e inoubliable au th\u00e9\u00e2tre peut \u00eatre appr\u00e9ci\u00e9e dans l&rsquo;atmosph\u00e8re du b\u00e2timent historique.<\/p>\n<p>Mais le b\u00e2timent lui-m\u00eame est une raison suffisante pour visiter. Le magnifique b\u00e2timent, con\u00e7u par les architectes Gottfried Semper et Karl Freiherr von Hasenauer, a une fa\u00e7ade dans le style italien de la Haute Renaissance et un int\u00e9rieur opulent.<\/p>\n<p>Tout cela et plus encore peut \u00e9galement \u00eatre admir\u00e9 lors d&rsquo;une visite guid\u00e9e qui donne un aper\u00e7u de l&rsquo;art, de l&rsquo;architecture, de l&rsquo;histoire et de l&rsquo;organisation de la maison.<\/p>\n<h2 id=\"t-1669115005510\" style=\"\">Entr\u00e9e, billets et visites guid\u00e9es<\/h2>\n<p><span><img class=\"lazyload\" decoding=\"async\" alt=\"Eintritt, Tickets und F\u00fchrungen\" data-id=\"2785\" width=\"702\" data-init-width=\"1000\" height=\"468\" data-init-height=\"667\" title=\"Eintritt, Tickets und F\u00fchrungen\" loading=\"lazy\" src=\"data:image\/gif;base64,R0lGODlhAQABAIAAAAAAAP\/\/\/yH5BAEAAAAALAAAAAABAAEAAAIBRAA7\" data-src=\"\/\/viennatouristinformation.com\/fr\/wp-content\/uploads\/2020\/10\/Eintritt-Tickets-und-F\u00fchrungen-1.jpg\" data-width=\"702\" data-height=\"468\" data-pin-media=\"https:\/\/viennatouristinformation.com\/fr\/wp-content\/uploads\/2021\/01\/wien_pinterest_burgtheather-2.jpg\" data-pin-description=\"Th\u00e9\u00e2tre du Burg\" data-pin-url=\"https:\/\/viennatouristinformation.com\/fr\/choses-a-faire\/theatres\/theatre-du-burg\/?tve=true&amp;tcbf=06d02671dc\" data-pinpro-key=\"d3l1kf6ob\" style=\"aspect-ratio: auto 1000 \/ 667;\"><noscript><img class=\"lazyload\" decoding=\"async\" alt=\"Eintritt, Tickets und F\u00fchrungen\" data-id=\"2785\" width=\"702\" data-init-width=\"1000\" height=\"468\" data-init-height=\"667\" title=\"Eintritt, Tickets und F\u00fchrungen\" loading=\"lazy\" src=\"\/\/viennatouristinformation.com\/fr\/wp-content\/uploads\/2020\/10\/Eintritt-Tickets-und-F\u00fchrungen-1.jpg\" data-width=\"702\" data-height=\"468\" data-pin-media=\"https:\/\/viennatouristinformation.com\/fr\/wp-content\/uploads\/2021\/01\/wien_pinterest_burgtheather-2.jpg\" data-pin-description=\"Th\u00e9\u00e2tre du Burg\" data-pin-url=\"https:\/\/viennatouristinformation.com\/fr\/choses-a-faire\/theatres\/theatre-du-burg\/?tve=true&amp;tcbf=06d02671dc\" data-pinpro-key=\"d3l1kf6ob\" style=\"aspect-ratio: auto 1000 \/ 667;\"><\/noscript><\/span><\/p>\n<ul>\n<li><strong>Performances :<\/strong> Les performances actuelles avec vente de billets peuvent \u00eatre trouv\u00e9es <a href=\"https:\/\/www.burgtheater.at\/spielplan\" target=\"_blank\" rel=\"noopener\">ici<\/a> .<\/li>\n<li><strong>Visites guid\u00e9es :<\/strong> Si vous souhaitez jeter un \u0153il dans les coulisses du th\u00e9\u00e2tre traditionnel, vous pouvez le faire lors d&rsquo;une visite d&rsquo;une heure en allemand ou en anglais. Plus d&rsquo;informations \u00e0 ce sujet <a href=\"https:\/\/www.burgtheater.at\/fuehrungen-im-burgtheater\" target=\"_blank\" rel=\"noopener\">ici<\/a> .<\/li>\n<\/ul>\n<h2 id=\"t-1669115005511\" style=\"\">Horaire avec le programme en cours<\/h2>\n<p><span><img class=\"lazyload\" decoding=\"async\" alt=\"Spielplan mit dem aktuellen Programm\" data-id=\"2786\" width=\"702\" data-init-width=\"1000\" height=\"468\" data-init-height=\"667\" title=\"Spielplan mit dem aktuellen Programm\" loading=\"lazy\" src=\"data:image\/gif;base64,R0lGODlhAQABAIAAAAAAAP\/\/\/yH5BAEAAAAALAAAAAABAAEAAAIBRAA7\" data-src=\"\/\/viennatouristinformation.com\/fr\/wp-content\/uploads\/2020\/10\/Spielplan-mit-dem-aktuellen-Programm-1.jpg\" data-width=\"702\" data-height=\"468\" data-pin-media=\"https:\/\/viennatouristinformation.com\/fr\/wp-content\/uploads\/2021\/01\/wien_pinterest_burgtheather-2.jpg\" data-pin-description=\"Th\u00e9\u00e2tre du Burg\" data-pin-url=\"https:\/\/viennatouristinformation.com\/fr\/choses-a-faire\/theatres\/theatre-du-burg\/?tve=true&amp;tcbf=06d02671dc\" data-pinpro-key=\"y7t34h4i4\" style=\"aspect-ratio: auto 1000 \/ 667;\"><noscript><img class=\"lazyload\" decoding=\"async\" alt=\"Spielplan mit dem aktuellen Programm\" data-id=\"2786\" width=\"702\" data-init-width=\"1000\" height=\"468\" data-init-height=\"667\" title=\"Spielplan mit dem aktuellen Programm\" loading=\"lazy\" src=\"\/\/viennatouristinformation.com\/fr\/wp-content\/uploads\/2020\/10\/Spielplan-mit-dem-aktuellen-Programm-1.jpg\" data-width=\"702\" data-height=\"468\" data-pin-media=\"https:\/\/viennatouristinformation.com\/fr\/wp-content\/uploads\/2021\/01\/wien_pinterest_burgtheather-2.jpg\" data-pin-description=\"Th\u00e9\u00e2tre du Burg\" data-pin-url=\"https:\/\/viennatouristinformation.com\/fr\/choses-a-faire\/theatres\/theatre-du-burg\/?tve=true&amp;tcbf=06d02671dc\" data-pinpro-key=\"y7t34h4i4\" style=\"aspect-ratio: auto 1000 \/ 667;\"><\/noscript><\/span><\/p>\n<p>Le Burgtheater est un th\u00e9\u00e2tre de r\u00e9pertoire classique avec des spectacles qui changent quotidiennement. Il a un programme moderne, mais propose \u00e9galement de nombreux classiques autrichiens.<\/p>\n<p>L&rsquo;horaire avec le programme actuel du Burgtheater peut \u00eatre consult\u00e9 sur le <a href=\"https:\/\/www.burgtheater.at\/spielplan\" target=\"_blank\" rel=\"noopener\">site Internet<\/a> du th\u00e9\u00e2tre .<\/p>\n<h2 id=\"t-1669115005512\" style=\"\">Comment se rendre au Burgtheater ?<\/h2>\n<p><span><img class=\"lazyload\" decoding=\"async\" alt=\"Wie komme ich zum Burgtheater\" data-id=\"2787\" width=\"702\" data-init-width=\"1000\" height=\"468\" data-init-height=\"667\" title=\"Wie komme ich zum Burgtheater\" loading=\"lazy\" src=\"data:image\/gif;base64,R0lGODlhAQABAIAAAAAAAP\/\/\/yH5BAEAAAAALAAAAAABAAEAAAIBRAA7\" data-src=\"\/\/viennatouristinformation.com\/fr\/wp-content\/uploads\/2020\/10\/Wie-komme-ich-zum-Burgtheater.jpg\" data-width=\"702\" data-height=\"468\" data-pin-media=\"https:\/\/viennatouristinformation.com\/fr\/wp-content\/uploads\/2021\/01\/wien_pinterest_burgtheather-2.jpg\" data-pin-description=\"Th\u00e9\u00e2tre du Burg\" data-pin-url=\"https:\/\/viennatouristinformation.com\/fr\/choses-a-faire\/theatres\/theatre-du-burg\/?tve=true&amp;tcbf=06d02671dc\" data-pinpro-key=\"id1dajwug\" style=\"aspect-ratio: auto 1000 \/ 667;\"><noscript><img class=\"lazyload\" decoding=\"async\" alt=\"Wie komme ich zum Burgtheater\" data-id=\"2787\" width=\"702\" data-init-width=\"1000\" height=\"468\" data-init-height=\"667\" title=\"Wie komme ich zum Burgtheater\" loading=\"lazy\" src=\"\/\/viennatouristinformation.com\/fr\/wp-content\/uploads\/2020\/10\/Wie-komme-ich-zum-Burgtheater.jpg\" data-width=\"702\" data-height=\"468\" data-pin-media=\"https:\/\/viennatouristinformation.com\/fr\/wp-content\/uploads\/2021\/01\/wien_pinterest_burgtheather-2.jpg\" data-pin-description=\"Th\u00e9\u00e2tre du Burg\" data-pin-url=\"https:\/\/viennatouristinformation.com\/fr\/choses-a-faire\/theatres\/theatre-du-burg\/?tve=true&amp;tcbf=06d02671dc\" data-pinpro-key=\"id1dajwug\" style=\"aspect-ratio: auto 1000 \/ 667;\"><\/noscript><\/span><\/p>\n<p>Le Burgtheater se trouve sur la Ringstrasse, juste en face de l&rsquo;h\u00f4tel de ville de Vienne. &nbsp;<\/p>\n<p>Vous pouvez facilement vous y rendre en <a href=\"https:\/\/viennatouristinformation.com\/fr\/organisez-votre-voyage-a-vienne\/transports-en-commun-a-vienne\/\" style=\"outline: none;\">transports en commun<\/a> . Le meilleur moyen de se rendre au th\u00e9\u00e2tre est de prendre les lignes de tram 1, 71 et D jusqu&rsquo;\u00e0 Rathausplatz\/Burgtheater.<\/p>\n<p>Alternativement, vous pouvez \u00e9galement prendre le U3 jusqu&rsquo;\u00e0 Herrengasse ou le U2 jusqu&rsquo;\u00e0 Schottentor.<\/p>\n<h2 id=\"t-1669115005513\" style=\"\">Histoire du th\u00e9\u00e2tre<\/h2>\n<p><span><img class=\"lazyload\" decoding=\"async\" alt=\"Geschichte des Theaters\" data-id=\"2788\" width=\"702\" data-init-width=\"1000\" height=\"468\" data-init-height=\"667\" title=\"Geschichte des Theaters\" loading=\"lazy\" src=\"data:image\/gif;base64,R0lGODlhAQABAIAAAAAAAP\/\/\/yH5BAEAAAAALAAAAAABAAEAAAIBRAA7\" data-src=\"\/\/viennatouristinformation.com\/fr\/wp-content\/uploads\/2020\/10\/Geschichte-des-Theaters.jpg\" data-width=\"702\" data-height=\"468\" data-pin-media=\"https:\/\/viennatouristinformation.com\/fr\/wp-content\/uploads\/2021\/01\/wien_pinterest_burgtheather-2.jpg\" data-pin-description=\"Th\u00e9\u00e2tre du Burg\" data-pin-url=\"https:\/\/viennatouristinformation.com\/fr\/choses-a-faire\/theatres\/theatre-du-burg\/?tve=true&amp;tcbf=06d02671dc\" data-pinpro-key=\"15a3u41vo\" style=\"aspect-ratio: auto 1000 \/ 667;\"><noscript><img class=\"lazyload\" decoding=\"async\" alt=\"Geschichte des Theaters\" data-id=\"2788\" width=\"702\" data-init-width=\"1000\" height=\"468\" data-init-height=\"667\" title=\"Geschichte des Theaters\" loading=\"lazy\" src=\"\/\/viennatouristinformation.com\/fr\/wp-content\/uploads\/2020\/10\/Geschichte-des-Theaters.jpg\" data-width=\"702\" data-height=\"468\" data-pin-media=\"https:\/\/viennatouristinformation.com\/fr\/wp-content\/uploads\/2021\/01\/wien_pinterest_burgtheather-2.jpg\" data-pin-description=\"Th\u00e9\u00e2tre du Burg\" data-pin-url=\"https:\/\/viennatouristinformation.com\/fr\/choses-a-faire\/theatres\/theatre-du-burg\/?tve=true&amp;tcbf=06d02671dc\" data-pinpro-key=\"15a3u41vo\" style=\"aspect-ratio: auto 1000 \/ 667;\"><\/noscript><\/span><\/p>\n<p>Les origines du Burgtheater remontent \u00e0 1741. A cette \u00e9poque, une salle de bal attenante \u00e0 la <a href=\"https:\/\/viennatouristinformation.com\/fr\/choses-a-faire\/chateaux\/palais-imperial\/\" style=\"outline: none;\">Hofburg est transform\u00e9e en <\/a><a href=\"https:\/\/viennatouristinformation.com\/fr\/choses-a-faire\/theatres\/\" style=\"outline: none;\">th\u00e9\u00e2tre<\/a> sur ordre de l&rsquo;imp\u00e9ratrice Marie-Th\u00e9r\u00e8se .<\/p>\n<p>Dans les ann\u00e9es qui ont suivi, cela est devenu l&rsquo;une des adresses les plus importantes pour le th\u00e9\u00e2tre de langue allemande \u00e0 Vienne. En 1776, Joseph II, le fils de l&rsquo;imp\u00e9ratrice Marie-Th\u00e9r\u00e8se, nomme le th\u00e9\u00e2tre le \u00ab\u00a0Th\u00e9\u00e2tre national allemand\u00a0\u00bb. De 1794 \u00e0 1918, il \u00e9tait connu sous le nom de \u00ab\u00a0Th\u00e9\u00e2tre de la Cour Imp\u00e9riale-Royale \u00e0 c\u00f4t\u00e9 du Ch\u00e2teau\u00a0\u00bb.<\/p>\n<p>Ce n&rsquo;est qu&rsquo;en 1888 que le lieu a d\u00e9m\u00e9nag\u00e9 dans son b\u00e2timent actuel sur la Ringstrasse de Vienne. Le magnifique b\u00e2timent, construit selon les plans de Gottfried Semper et Karl von Hasenauer, a \u00e9t\u00e9 accueilli avec beaucoup d&rsquo;enthousiasme en raison de son design \u00e9poustouflant et de sa technologie moderne. Il s&rsquo;appelle le Burgtheater depuis 1919.<\/p>\n<p>Peu avant la fin de la Seconde Guerre mondiale, cependant, le b\u00e2timent a \u00e9t\u00e9 gravement endommag\u00e9. Apr\u00e8s le bombardement, il a br\u00fbl\u00e9 presque compl\u00e8tement. Heureusement, les pr\u00e9cieuses peintures du plafond et une grande partie du foyer sont rest\u00e9es en grande partie intactes.<\/p>\n<p>Apr\u00e8s la reconstruction, la \u00ab\u00a0Haus am Ring\u00a0\u00bb a \u00e9t\u00e9 rouverte en 1955 et jouit depuis d&rsquo;une grande popularit\u00e9.<\/p>\n<p>Aujourd&rsquo;hui, le magnifique hall d&rsquo;accueil avec des escaliers peints \u00e0 la main est un point culminant particulier. De pr\u00e9cieuses peintures au plafond de Franz Matsch et des fr\u00e8res Gustav et Ernst Klimt ainsi que le relief de 18 m\u00e8tres de haut \u00ab\u00a0Adorateur de Bacchus\u00a0\u00bb de Rudolf Wyer ornent l&rsquo;int\u00e9rieur. Il y a aussi une collection de sculptures et une galerie d&rsquo;honneur avec des portraits de membres c\u00e9l\u00e8bres de l&rsquo;ensemble.<\/p>\n<h2 id=\"t-1669115005514\" style=\"\">Contact<\/h2>\n<ul>\n<li><strong>Adresse :<\/strong> Universit\u00e4tsring 2, 1010 Vienne<\/li>\n<li><strong>M\u00e9tro :<\/strong> &nbsp; U3 Herrengasse<\/li>\n<li><strong>Site Web : <\/strong><a href=\"https:\/\/www.burgtheater.at\/\" style=\"outline: none;\" target=\"_blank\" rel=\"noopener\">https:\/\/www.burgtheater.at\/<\/a><\/li>\n<\/ul>\n<h3 style=\"\">ARTICLES CONNEXES<\/h3>\n<p><a href=\"https:\/\/viennatouristinformation.com\/fr\/choses-a-faire\/vues-panoramiques\/\" dynamic-postlink=\"tcb_post_the_permalink\" data-shortcode-id=\"1253\"><\/a><\/p>\n<h2 style=\"padding-top: 0px !important; margin-top: 0px !important; text-align: center;\" id=\"t-1686727032072\" data-hide=\"true\"><span data-shortcode=\"tcb_post_title\" data-shortcode-name=\"Post title\" data-extra_key=\"\" data-attr-link=\"1\" data-attr-target=\"0\" data-attr-rel=\"0\" data-option-inline=\"1\" data-attr-static-link=\"{&quot;className&quot;:&quot;&quot;,&quot;href&quot;:&quot;https:\/\/viennatouristinformation.com\/fr\/choses-a-faire\/musee\/&quot;,&quot;title&quot;:&quot;30 Meilleurs Mus\u00e9es \u00e0 Vienne (+ Infos &amp; Billets)&quot;,&quot;class&quot;:&quot;&quot;}\" data-attr-css=\"\"><a href=\"https:\/\/viennatouristinformation.com\/fr\/choses-a-faire\/vues-panoramiques\/\" title=\"10 Meilleures Vues Panoramiques \u00e0 Vienne\" data-css=\"\">10 Meilleures Vues Panoramiques \u00e0 Vienne<\/a><\/span><\/h2>\n<p><a href=\"https:\/\/viennatouristinformation.com\/fr\/choses-a-faire\/eglises\/\" dynamic-postlink=\"tcb_post_the_permalink\" data-shortcode-id=\"1253\"><\/a><\/p>\n<h2 style=\"padding-top: 0px !important; margin-top: 0px !important; text-align: center;\" id=\"t-1686727032072\" data-hide=\"true\"><span data-shortcode=\"tcb_post_title\" data-shortcode-name=\"Post title\" data-extra_key=\"\" data-attr-link=\"1\" data-attr-target=\"0\" data-attr-rel=\"0\" data-option-inline=\"1\" data-attr-static-link=\"{&quot;className&quot;:&quot;&quot;,&quot;href&quot;:&quot;https:\/\/viennatouristinformation.com\/fr\/choses-a-faire\/musee\/&quot;,&quot;title&quot;:&quot;30 Meilleurs Mus\u00e9es \u00e0 Vienne (+ Infos &amp; Billets)&quot;,&quot;class&quot;:&quot;&quot;}\" data-attr-css=\"\"><a href=\"https:\/\/viennatouristinformation.com\/fr\/choses-a-faire\/eglises\/\" title=\"12 Plus Belles \u00c9glises de Vienne\" data-css=\"\">12 Plus Belles \u00c9glises de Vienne<\/a><\/span><\/h2>\n<p><a href=\"https:\/\/viennatouristinformation.com\/fr\/choses-a-faire\/theatres\/opera-detat\/\" dynamic-postlink=\"tcb_post_the_permalink\" data-shortcode-id=\"1253\"><\/a><\/p>\n<h2 style=\"padding-top: 0px !important; margin-top: 0px !important; text-align: center;\" id=\"t-1686727032072\" data-hide=\"true\"><span data-shortcode=\"tcb_post_title\" data-shortcode-name=\"Post title\" data-extra_key=\"\" data-attr-link=\"1\" data-attr-target=\"0\" data-attr-rel=\"0\" data-option-inline=\"1\" data-attr-static-link=\"{&quot;className&quot;:&quot;&quot;,&quot;href&quot;:&quot;https:\/\/viennatouristinformation.com\/fr\/choses-a-faire\/musee\/&quot;,&quot;title&quot;:&quot;30 Meilleurs Mus\u00e9es \u00e0 Vienne (+ Infos &amp; Billets)&quot;,&quot;class&quot;:&quot;&quot;}\" data-attr-css=\"\"><a href=\"https:\/\/viennatouristinformation.com\/fr\/choses-a-faire\/theatres\/opera-detat\/\" title=\"Op\u00e9ra d\u2019\u00c9tat de Vienne\" data-css=\"\">Op\u00e9ra d\u2019\u00c9tat de Vienne<\/a><\/span><\/h2>\n<p><a href=\"https:\/\/viennatouristinformation.com\/fr\/choses-a-faire\/theatres\/theatre-du-burg\/\" dynamic-postlink=\"tcb_post_the_permalink\" data-shortcode-id=\"1253\"><\/a><\/p>\n<h2 style=\"padding-top: 0px !important; margin-top: 0px !important; text-align: center;\" id=\"t-1686727032072\" data-hide=\"true\"><span data-shortcode=\"tcb_post_title\" data-shortcode-name=\"Post title\" data-extra_key=\"\" data-attr-link=\"1\" data-attr-target=\"0\" data-attr-rel=\"0\" data-option-inline=\"1\" data-attr-static-link=\"{&quot;className&quot;:&quot;&quot;,&quot;href&quot;:&quot;https:\/\/viennatouristinformation.com\/fr\/choses-a-faire\/musee\/&quot;,&quot;title&quot;:&quot;30 Meilleurs Mus\u00e9es \u00e0 Vienne (+ Infos &amp; Billets)&quot;,&quot;class&quot;:&quot;&quot;}\" data-attr-css=\"\"><a href=\"https:\/\/viennatouristinformation.com\/fr\/choses-a-faire\/theatres\/theatre-du-burg\/\" title=\"Th\u00e9\u00e2tre du Burg\" data-css=\"\">Th\u00e9\u00e2tre du Burg<\/a><\/span><\/h2>\n","protected":false},"excerpt":{"rendered":"<p>L&rsquo;imposant Burgtheater, ou \u00ab\u00a0Burg\u00a0\u00bb en abr\u00e9g\u00e9, est le th\u00e9\u00e2tre national d&rsquo;Autriche et en m\u00eame temps le plus grand th\u00e9\u00e2tre parl\u00e9 d&rsquo;Europe. Dans ce guide du Burgtheater, vous d\u00e9couvrirez ce que vous pouvez y faire, l&rsquo;histoire du th\u00e9\u00e2tre, l&rsquo;horaire avec le programme actuel et des informations sur comment s&rsquo;y rendre, les billets et les visites guid\u00e9es. [&hellip;]<\/p>\n","protected":false},"author":3,"featured_media":2783,"parent":1271,"menu_order":0,"comment_status":"closed","ping_status":"closed","template":"","meta":{"footnotes":""},"tags":[],"class_list":["post-2305","page","type-page","status-publish","has-post-thumbnail","hentry","post-wrapper","thrv_wrapper"],"_links":{"self":[{"href":"https:\/\/viennatouristinformation.com\/fr\/wp-json\/wp\/v2\/pages\/2305","targetHints":{"allow":["GET"]}}],"collection":[{"href":"https:\/\/viennatouristinformation.com\/fr\/wp-json\/wp\/v2\/pages"}],"about":[{"href":"https:\/\/viennatouristinformation.com\/fr\/wp-json\/wp\/v2\/types\/page"}],"author":[{"embeddable":true,"href":"https:\/\/viennatouristinformation.com\/fr\/wp-json\/wp\/v2\/users\/3"}],"replies":[{"embeddable":true,"href":"https:\/\/viennatouristinformation.com\/fr\/wp-json\/wp\/v2\/comments?post=2305"}],"version-history":[{"count":0,"href":"https:\/\/viennatouristinformation.com\/fr\/wp-json\/wp\/v2\/pages\/2305\/revisions"}],"up":[{"embeddable":true,"href":"https:\/\/viennatouristinformation.com\/fr\/wp-json\/wp\/v2\/pages\/1271"}],"wp:featuredmedia":[{"embeddable":true,"href":"https:\/\/viennatouristinformation.com\/fr\/wp-json\/wp\/v2\/media\/2783"}],"wp:attachment":[{"href":"https:\/\/viennatouristinformation.com\/fr\/wp-json\/wp\/v2\/media?parent=2305"}],"wp:term":[{"taxonomy":"post_tag","embeddable":true,"href":"https:\/\/viennatouristinformation.com\/fr\/wp-json\/wp\/v2\/tags?post=2305"}],"curies":[{"name":"wp","href":"https:\/\/api.w.org\/{rel}","templated":true}]}}