{"id":2307,"date":"2020-10-05T14:53:18","date_gmt":"2020-10-05T12:53:18","guid":{"rendered":"http:\/\/viennatouristinformation.com\/fr\/?page_id=2307"},"modified":"2023-06-02T08:32:39","modified_gmt":"2023-06-02T06:32:39","slug":"opera-detat","status":"publish","type":"page","link":"https:\/\/viennatouristinformation.com\/fr\/choses-a-faire\/theatres\/opera-detat\/","title":{"rendered":"Op\u00e9ra d&#8217;\u00c9tat de Vienne"},"content":{"rendered":"<h2 id=\"t-1669117111086\" data-hide=\"true\">L&rsquo;Op\u00e9ra d&rsquo;\u00c9tat de Vienne est l&rsquo;un des op\u00e9ras les plus importants au monde et un point de rep\u00e8re de Vienne.<\/h2>\n<p>Dans ce guide, vous d\u00e9couvrirez ce que vous pouvez faire \u00e0 l&rsquo;Op\u00e9ra d&rsquo;\u00c9tat, le programme actuel, l&rsquo;histoire et des informations sur comment s&rsquo;y rendre, les billets et les visites guid\u00e9es.<\/p>\n<h2 id=\"t-1669117111087\">Que puis-je faire \u00e0 l&rsquo;Op\u00e9ra d&rsquo;\u00c9tat&nbsp;?<\/h2>\n<p><span><img decoding=\"async\" class=\"lazyload\" alt=\"Was kann ich in der Staatsoper machen\" data-id=\"2719\" width=\"885\" data-init-width=\"1000\" height=\"590\" data-init-height=\"667\" title=\"Was kann ich in der Staatsoper machen\" loading=\"lazy\" src=\"data:image\/gif;base64,R0lGODlhAQABAIAAAAAAAP\/\/\/yH5BAEAAAAALAAAAAABAAEAAAIBRAA7\" data-src=\"\/\/viennatouristinformation.com\/fr\/wp-content\/uploads\/2020\/10\/Was-kann-ich-in-der-Staatsoper-machen.jpg\" data-width=\"885\" data-height=\"590\"><noscript><img decoding=\"async\" class=\"lazyload\" alt=\"Was kann ich in der Staatsoper machen\" data-id=\"2719\" width=\"885\" data-init-width=\"1000\" height=\"590\" data-init-height=\"667\" title=\"Was kann ich in der Staatsoper machen\" loading=\"lazy\" src=\"\/\/viennatouristinformation.com\/fr\/wp-content\/uploads\/2020\/10\/Was-kann-ich-in-der-Staatsoper-machen.jpg\" data-width=\"885\" data-height=\"590\"><\/noscript><\/span><\/p>\n<p>L&rsquo;op\u00e9ra de renomm\u00e9e mondiale promet le meilleur plaisir musical avec un programme vari\u00e9 compos\u00e9 d&rsquo;environ 60 op\u00e9ras et ballets diff\u00e9rents par saison.<\/p>\n<p>Depuis son ouverture il y a environ 150 ans, l&rsquo;Op\u00e9ra d&rsquo;\u00c9tat de Vienne a offert des performances musicales \u00e0 couper le souffle avec des grands noms de la musique de Mozart \u00e0 Pavarotti. L&rsquo;Orchestre philharmonique de Vienne, un orchestre de classe mondiale, contribue de mani\u00e8re significative au fait que le divertissement musical est pr\u00e9sent\u00e9 au plus haut niveau dans l&rsquo;ambiance \u00e0 couper le souffle de l&rsquo;Op\u00e9ra d&rsquo;\u00c9tat.<\/p>\n<p>L&rsquo;Op\u00e9ra d&rsquo;\u00c9tat de Vienne est \u00e9galement connu pour le l\u00e9gendaire Bal de l&rsquo;Op\u00e9ra de Vienne, qui a lieu ici chaque ann\u00e9e et dont les billets sont g\u00e9n\u00e9ralement vendus longtemps \u00e0 l&rsquo;avance. Les billets pour les repr\u00e9sentations se vendent \u00e9galement rapidement, il est donc conseill\u00e9 de les r\u00e9server le plus t\u00f4t possible.<\/p>\n<p>M\u00eame ceux qui ne sont pas de grands fans de musique classique devraient visiter l&rsquo;Op\u00e9ra d&rsquo;\u00c9tat de Vienne. L&rsquo;op\u00e9ra n\u00e9o-Renaissance impressionne non seulement par des performances spectaculaires, mais aussi par sa magnifique architecture et son int\u00e9rieur sensationnel. Ceux-ci peuvent \u00e9galement \u00eatre admir\u00e9s lors d&rsquo;une visite guid\u00e9e qui en dit plus sur l&rsquo;architecture, l&rsquo;histoire et les op\u00e9rations de l&rsquo;op\u00e9ra.<\/p>\n<h2 id=\"t-1669117111088\">Entr\u00e9e, billets et visites guid\u00e9es<\/h2>\n<p><span><img decoding=\"async\" class=\"lazyload\" alt=\"Eintritt, Tickets und F\u00fchrungen\" data-id=\"2721\" width=\"885\" data-init-width=\"1000\" height=\"590\" data-init-height=\"667\" title=\"Eintritt, Tickets und F\u00fchrungen\" loading=\"lazy\" src=\"data:image\/gif;base64,R0lGODlhAQABAIAAAAAAAP\/\/\/yH5BAEAAAAALAAAAAABAAEAAAIBRAA7\" data-src=\"\/\/viennatouristinformation.com\/fr\/wp-content\/uploads\/2020\/10\/Eintritt-Tickets-und-F\u00fchrungen.jpg\" data-width=\"885\" data-height=\"590\"><noscript><img decoding=\"async\" class=\"lazyload\" alt=\"Eintritt, Tickets und F\u00fchrungen\" data-id=\"2721\" width=\"885\" data-init-width=\"1000\" height=\"590\" data-init-height=\"667\" title=\"Eintritt, Tickets und F\u00fchrungen\" loading=\"lazy\" src=\"\/\/viennatouristinformation.com\/fr\/wp-content\/uploads\/2020\/10\/Eintritt-Tickets-und-F\u00fchrungen.jpg\" data-width=\"885\" data-height=\"590\"><\/noscript><\/span><\/p>\n<ul>\n<li><strong>Billets :<\/strong> Vous pouvez trouver les prix des billets pour toutes les repr\u00e9sentations en cours sur le <a href=\"https:\/\/www.wiener-staatsoper.at\/spielplan-karten\/liste\/\" target=\"_blank\" rel=\"noopener\">site Internet<\/a> de l&rsquo;Op\u00e9ra d&rsquo;\u00c9tat de Vienne.<\/li>\n<li><strong>Visites guid\u00e9es :<\/strong> Les personnes int\u00e9ress\u00e9es peuvent d\u00e9couvrir les coulisses de l&rsquo;op\u00e9ra lors d&rsquo;une visite guid\u00e9e. Les dates actuelles peuvent \u00eatre consult\u00e9es sur le <a href=\"https:\/\/www.wiener-staatsoper.at\/service\/fuehrungen\/\" target=\"_blank\" rel=\"noopener\">site Web<\/a> de l&rsquo;Op\u00e9ra d&rsquo;\u00c9tat .<\/li>\n<\/ul>\n<h2 id=\"t-1669117111089\">Horaire avec le programme en cours<\/h2>\n<p><span><img decoding=\"async\" class=\"lazyload\" alt=\"Spielplan mit dem aktuellen Programm\" data-id=\"2722\" width=\"885\" data-init-width=\"1000\" height=\"590\" data-init-height=\"667\" title=\"Spielplan mit dem aktuellen Programm\" loading=\"lazy\" src=\"data:image\/gif;base64,R0lGODlhAQABAIAAAAAAAP\/\/\/yH5BAEAAAAALAAAAAABAAEAAAIBRAA7\" data-src=\"\/\/viennatouristinformation.com\/fr\/wp-content\/uploads\/2020\/10\/Spielplan-mit-dem-aktuellen-Programm.jpg\" data-width=\"885\" data-height=\"590\"><noscript><img decoding=\"async\" class=\"lazyload\" alt=\"Spielplan mit dem aktuellen Programm\" data-id=\"2722\" width=\"885\" data-init-width=\"1000\" height=\"590\" data-init-height=\"667\" title=\"Spielplan mit dem aktuellen Programm\" loading=\"lazy\" src=\"\/\/viennatouristinformation.com\/fr\/wp-content\/uploads\/2020\/10\/Spielplan-mit-dem-aktuellen-Programm.jpg\" data-width=\"885\" data-height=\"590\"><\/noscript><\/span><\/p>\n<p>L&rsquo;Op\u00e9ra d&rsquo;\u00c9tat de Vienne est consid\u00e9r\u00e9 comme l&rsquo;op\u00e9ra avec le plus grand r\u00e9pertoire. Des op\u00e9ras autrichiens typiques tels que ceux de Mozart sont souvent jou\u00e9s. Mais aussi des \u0153uvres de renomm\u00e9e internationale sont r\u00e9guli\u00e8rement mises en sc\u00e8ne.<\/p>\n<p>Les \u0153uvres de ballet font \u00e9galement partie du r\u00e9pertoire du magnifique op\u00e9ra.<\/p>\n<p>Le programme de l&rsquo;Op\u00e9ra national de Vienne change tous les jours. <a href=\"https:\/\/www.wiener-staatsoper.at\/spielplan-karten\/liste\/\" target=\"_blank\" rel=\"noopener\">Vous trouverez ici<\/a> le programme avec le programme actuel de l&rsquo;Op\u00e9ra national de Vienne.<\/p>\n<h2 id=\"t-1669117111090\">Comment se rendre \u00e0 l&rsquo;Op\u00e9ra d&rsquo;\u00c9tat&nbsp;?<\/h2>\n<p><span><img decoding=\"async\" class=\"lazyload\" alt=\"Wie komme ich zur Staatsoper\" data-id=\"2723\" width=\"885\" data-init-width=\"1000\" height=\"590\" data-init-height=\"667\" title=\"Wie komme ich zur Staatsoper\" loading=\"lazy\" src=\"data:image\/gif;base64,R0lGODlhAQABAIAAAAAAAP\/\/\/yH5BAEAAAAALAAAAAABAAEAAAIBRAA7\" data-src=\"\/\/viennatouristinformation.com\/fr\/wp-content\/uploads\/2020\/10\/Wie-komme-ich-zur-Staatsoper.jpg\" data-width=\"885\" data-height=\"590\"><noscript><img decoding=\"async\" class=\"lazyload\" alt=\"Wie komme ich zur Staatsoper\" data-id=\"2723\" width=\"885\" data-init-width=\"1000\" height=\"590\" data-init-height=\"667\" title=\"Wie komme ich zur Staatsoper\" loading=\"lazy\" src=\"\/\/viennatouristinformation.com\/fr\/wp-content\/uploads\/2020\/10\/Wie-komme-ich-zur-Staatsoper.jpg\" data-width=\"885\" data-height=\"590\"><\/noscript><\/span><\/p>\n<p>L&rsquo;Op\u00e9ra d&rsquo;\u00c9tat est situ\u00e9 sur la c\u00e9l\u00e8bre Ringstrasse dans le 1er arrondissement de Vienne.<\/p>\n<p>La meilleure fa\u00e7on de se rendre \u00e0 l&rsquo;Op\u00e9ra d&rsquo;\u00c9tat est depuis la station de m\u00e9tro Karlsplatz, o\u00f9 vous pouvez prendre les U1, U2 et U4.<\/p>\n<p>Alternativement, vous pouvez \u00e9galement prendre le bus 59A ou le tram 1, 2, D, 62 ou 71 jusqu&rsquo;\u00e0 la station Opernring.<\/p>\n<h2 id=\"t-1669117111091\">Caf\u00e9 Op\u00e9ra d&rsquo;\u00c9tat<\/h2>\n<p><span><img decoding=\"async\" class=\"lazyload\" alt=\"Cafe Staatsoper\" data-id=\"2724\" width=\"885\" data-init-width=\"1000\" height=\"590\" data-init-height=\"667\" title=\"Cafe Staatsoper\" loading=\"lazy\" src=\"data:image\/gif;base64,R0lGODlhAQABAIAAAAAAAP\/\/\/yH5BAEAAAAALAAAAAABAAEAAAIBRAA7\" data-src=\"\/\/viennatouristinformation.com\/fr\/wp-content\/uploads\/2020\/10\/Cafe-Staatsoper.jpg\" data-width=\"885\" data-height=\"590\"><noscript><img decoding=\"async\" class=\"lazyload\" alt=\"Cafe Staatsoper\" data-id=\"2724\" width=\"885\" data-init-width=\"1000\" height=\"590\" data-init-height=\"667\" title=\"Cafe Staatsoper\" loading=\"lazy\" src=\"\/\/viennatouristinformation.com\/fr\/wp-content\/uploads\/2020\/10\/Cafe-Staatsoper.jpg\" data-width=\"885\" data-height=\"590\"><\/noscript><\/span><\/p>\n<p>\u00c0 l&rsquo;int\u00e9rieur de l&rsquo;Op\u00e9ra d&rsquo;\u00c9tat se trouve le Caf\u00e9 Oper Wien, qui, selon lui, est \u00ab\u00a0le caf\u00e9 le plus musical de Vienne\u00a0\u00bb.<\/p>\n<p>Le caf\u00e9 traditionnel au charme viennois est un lieu de rencontre appr\u00e9ci\u00e9 des m\u00e9lomanes, des artistes d&rsquo;op\u00e9ra et des visiteurs de l&rsquo;op\u00e9ra. Avec son ambiance de caf\u00e9 viennois traditionnel et ses d\u00e9lices servis rapidement, le caf\u00e9 attire avec plaisir et convivialit\u00e9, en particulier pendant les pauses des repr\u00e9sentations.<\/p>\n<h2 id=\"t-1669117111092\">Histoire de l&rsquo;Op\u00e9ra d&rsquo;\u00c9tat de Vienne<\/h2>\n<p><span><img decoding=\"async\" class=\"lazyload\" alt=\"Geschichte der Wiener Staatsoper\" data-id=\"2725\" width=\"885\" data-init-width=\"1000\" height=\"590\" data-init-height=\"667\" title=\"Geschichte der Wiener Staatsoper\" loading=\"lazy\" src=\"data:image\/gif;base64,R0lGODlhAQABAIAAAAAAAP\/\/\/yH5BAEAAAAALAAAAAABAAEAAAIBRAA7\" data-src=\"\/\/viennatouristinformation.com\/fr\/wp-content\/uploads\/2020\/10\/Geschichte-der-Wiener-Staatsoper.jpg\" data-width=\"885\" data-height=\"590\"><noscript><img decoding=\"async\" class=\"lazyload\" alt=\"Geschichte der Wiener Staatsoper\" data-id=\"2725\" width=\"885\" data-init-width=\"1000\" height=\"590\" data-init-height=\"667\" title=\"Geschichte der Wiener Staatsoper\" loading=\"lazy\" src=\"\/\/viennatouristinformation.com\/fr\/wp-content\/uploads\/2020\/10\/Geschichte-der-Wiener-Staatsoper.jpg\" data-width=\"885\" data-height=\"590\"><\/noscript><\/span><\/p>\n<p>L&rsquo;Op\u00e9ra d&rsquo;\u00c9tat de Vienne a \u00e9t\u00e9 construit entre 1863 et 1896 pour succ\u00e9der \u00e0 l&rsquo;Op\u00e9ra de la Cour de Vienne. C&rsquo;\u00e9tait la premi\u00e8re maison sur ce qui \u00e9tait alors le nouveau p\u00e9riph\u00e9rique.<\/p>\n<p>Le b\u00e2timent a \u00e9t\u00e9 con\u00e7u par les architectes viennois August von Sicardsburg et Eduard van der N\u00fcll. \u00c0 l&rsquo;\u00e9poque, cependant, le b\u00e2timent \u00e9tait fortement critiqu\u00e9 par le public et \u00e9tait consid\u00e9r\u00e9 comme un d\u00e9sastre architectural, conduisant le sensible van der N\u00fcll \u00e0 se suicider. \u00c0 peine deux mois plus tard, Sicardsburg est d\u00e9c\u00e9d\u00e9 d&rsquo;une crise cardiaque, ce qui signifie que les deux architectes n&rsquo;ont pas v\u00e9cu pour voir l&rsquo;ach\u00e8vement du b\u00e2timent.<\/p>\n<h3 id=\"t-1669117111093\">Inauguration avec Don Giovanni de Mozart<\/h3>\n<p>L&rsquo;Op\u00e9ra d&rsquo;\u00c9tat a \u00e9t\u00e9 inaugur\u00e9 le 25 mai 1869 avec une premi\u00e8re de \u00ab\u00a0Don Giovanni\u00a0\u00bb de Mozart, \u00e0 laquelle ont \u00e9galement particip\u00e9 le couple imp\u00e9rial Fran\u00e7ois-Joseph et Sissi. L&rsquo;op\u00e9ra a servi de \u00ab\u00a0th\u00e9\u00e2tre de la cour imp\u00e9riale\u00a0\u00bb jusqu&rsquo;\u00e0 la fin de la monarchie en 1918.&nbsp;<\/p>\n<p>Pendant l&rsquo;\u00e8re national-socialiste, il y a eu de nombreuses interdictions de repr\u00e9sentation et les membres de la maison ont \u00e9t\u00e9 pers\u00e9cut\u00e9s, expuls\u00e9s et assassin\u00e9s. Le 12 mars 1945, peu avant la fin de la Seconde Guerre mondiale, le b\u00e2timent est gravement endommag\u00e9 par un bombardement. L&rsquo;op\u00e9ra a \u00e9t\u00e9 reconstruit de 1948 \u00e0 1955.<\/p>\n<p>L&rsquo;Op\u00e9ra national de Vienne porte son nom actuel depuis sa r\u00e9ouverture glamour le 5 novembre 1955 avec \u00ab\u00a0Fidelio\u00a0\u00bb de Beethoven. Au fil des ans, le Staatsoper a \u00e9t\u00e9 le th\u00e9\u00e2tre d&rsquo;innombrables premi\u00e8res et repr\u00e9sentations c\u00e9l\u00e8bres, dans lesquelles apparaissent r\u00e9guli\u00e8rement des stars de la sc\u00e8ne lyrique.<\/p>\n<p>Aujourd&rsquo;hui, l&rsquo;Op\u00e9ra d&rsquo;\u00c9tat est l&rsquo;un des principaux et des plus importants op\u00e9ras du monde et un point de rep\u00e8re culturel de Vienne.<\/p>\n<h2 id=\"t-1669117111094\">Contact<\/h2>\n<ul>\n<li><strong>Adresse :<\/strong> Opernring 2, 1010 Vienne<\/li>\n<li><strong>M\u00e9tro<\/strong> : U1, U2, U4 Karlsplatz<\/li>\n<li><strong>Site Web<\/strong> : <a href=\"https:\/\/www.wiener-staatsoper.at\/\" style=\"outline: none;\" target=\"_blank\" rel=\"noopener\">https:\/\/www.wiener-staatsoper.at\/<\/a><\/li>\n<\/ul>\n","protected":false},"excerpt":{"rendered":"<p>L&rsquo;Op\u00e9ra d&rsquo;\u00c9tat de Vienne est l&rsquo;un des op\u00e9ras les plus importants au monde et un point de rep\u00e8re de Vienne. Dans ce guide, vous d\u00e9couvrirez ce que vous pouvez faire \u00e0 l&rsquo;Op\u00e9ra d&rsquo;\u00c9tat, le programme actuel, l&rsquo;histoire et des informations sur comment s&rsquo;y rendre, les billets et les visites guid\u00e9es. Que puis-je faire \u00e0 l&rsquo;Op\u00e9ra [&hellip;]<\/p>\n","protected":false},"author":3,"featured_media":2718,"parent":1271,"menu_order":0,"comment_status":"closed","ping_status":"closed","template":"","meta":{"footnotes":""},"tags":[],"class_list":["post-2307","page","type-page","status-publish","has-post-thumbnail","hentry","post-wrapper","thrv_wrapper"],"_links":{"self":[{"href":"https:\/\/viennatouristinformation.com\/fr\/wp-json\/wp\/v2\/pages\/2307","targetHints":{"allow":["GET"]}}],"collection":[{"href":"https:\/\/viennatouristinformation.com\/fr\/wp-json\/wp\/v2\/pages"}],"about":[{"href":"https:\/\/viennatouristinformation.com\/fr\/wp-json\/wp\/v2\/types\/page"}],"author":[{"embeddable":true,"href":"https:\/\/viennatouristinformation.com\/fr\/wp-json\/wp\/v2\/users\/3"}],"replies":[{"embeddable":true,"href":"https:\/\/viennatouristinformation.com\/fr\/wp-json\/wp\/v2\/comments?post=2307"}],"version-history":[{"count":0,"href":"https:\/\/viennatouristinformation.com\/fr\/wp-json\/wp\/v2\/pages\/2307\/revisions"}],"up":[{"embeddable":true,"href":"https:\/\/viennatouristinformation.com\/fr\/wp-json\/wp\/v2\/pages\/1271"}],"wp:featuredmedia":[{"embeddable":true,"href":"https:\/\/viennatouristinformation.com\/fr\/wp-json\/wp\/v2\/media\/2718"}],"wp:attachment":[{"href":"https:\/\/viennatouristinformation.com\/fr\/wp-json\/wp\/v2\/media?parent=2307"}],"wp:term":[{"taxonomy":"post_tag","embeddable":true,"href":"https:\/\/viennatouristinformation.com\/fr\/wp-json\/wp\/v2\/tags?post=2307"}],"curies":[{"name":"wp","href":"https:\/\/api.w.org\/{rel}","templated":true}]}}