{"id":2311,"date":"2020-10-07T10:00:40","date_gmt":"2020-10-07T08:00:40","guid":{"rendered":"http:\/\/viennatouristinformation.com\/fr\/?page_id=2311"},"modified":"2023-06-02T08:33:45","modified_gmt":"2023-06-02T06:33:45","slug":"cimetiere-central","status":"publish","type":"page","link":"https:\/\/viennatouristinformation.com\/fr\/choses-a-faire\/parcs\/cimetiere-central\/","title":{"rendered":"Cimeti\u00e8re central"},"content":{"rendered":"<h2 id=\"t-1669192107140\" data-hide=\"true\"><a href=\"https:\/\/viennatouristinformation.com\/fr\/choses-a-faire\/\" style=\"outline: none;\">Une vue<\/a> extraordinaire est le cimeti\u00e8re central, qui est un endroit sp\u00e9cial \u00e0 Vienne avec ses tombes honorifiques, ses tombes sp\u00e9ciales et son spectacle naturel.<\/h2>\n<p>Dans notre guide du cimeti\u00e8re central, vous trouverez toutes les informations importantes, y compris ce que vous pouvez faire ici, une carte du cimeti\u00e8re, son histoire et des informations sur comment s&rsquo;y rendre, l&rsquo;admission et les visites guid\u00e9es.<\/p>\n<h2 id=\"t-1669192107141\">Que puis-je faire au cimeti\u00e8re central ?<\/h2>\n<p><span><img decoding=\"async\" class=\"lazyload\" alt=\"Was kann ich im Zentralfriedhof machen\" data-id=\"2771\" width=\"885\" data-init-width=\"1000\" height=\"590\" data-init-height=\"667\" title=\"Was kann ich im Zentralfriedhof machen\" loading=\"lazy\" src=\"data:image\/gif;base64,R0lGODlhAQABAIAAAAAAAP\/\/\/yH5BAEAAAAALAAAAAABAAEAAAIBRAA7\" data-src=\"\/\/viennatouristinformation.com\/fr\/wp-content\/uploads\/2020\/10\/Was-kann-ich-im-Zentralfriedhof-machen.jpg\" data-width=\"885\" data-height=\"590\"><noscript><img decoding=\"async\" class=\"lazyload\" alt=\"Was kann ich im Zentralfriedhof machen\" data-id=\"2771\" width=\"885\" data-init-width=\"1000\" height=\"590\" data-init-height=\"667\" title=\"Was kann ich im Zentralfriedhof machen\" loading=\"lazy\" src=\"\/\/viennatouristinformation.com\/fr\/wp-content\/uploads\/2020\/10\/Was-kann-ich-im-Zentralfriedhof-machen.jpg\" data-width=\"885\" data-height=\"590\"><\/noscript><\/span><\/p>\n<p>Le cimeti\u00e8re central de Vienne est le cimeti\u00e8re le plus important de Vienne et le deuxi\u00e8me plus grand cimeti\u00e8re d&rsquo;Europe. Des gens de toutes confessions sont enterr\u00e9s ici. D&rsquo;innombrables personnalit\u00e9s c\u00e9l\u00e8bres trouvent leur derni\u00e8re demeure parmi les quelque trois millions de personnes d\u00e9c\u00e9d\u00e9es. Il s&rsquo;agit notamment de compositeurs de renomm\u00e9e mondiale, d&rsquo;artistes importants ainsi que d&rsquo;hommes politiques et de personnalit\u00e9s publiques.<\/p>\n<p>Mais aussi de nombreux monuments historiques, des sites architecturaux et une nature idyllique peuvent \u00eatre explor\u00e9s lors d&rsquo;une promenade dans le cimeti\u00e8re central.&nbsp;<\/p>\n<p>Ci-dessous, nous d\u00e9crivons plus en d\u00e9tail ce que vous pouvez faire dans le cimeti\u00e8re central.<\/p>\n<h3 id=\"t-1669192107142\">1. Allez vous promener et cherchez des cerfs<\/h3>\n<p><span><img decoding=\"async\" class=\"lazyload\" alt=\"Spazieren gehen und Rehe suchen\" data-id=\"2772\" width=\"885\" data-init-width=\"1000\" height=\"590\" data-init-height=\"667\" title=\"Spazieren gehen und Rehe suchen\" loading=\"lazy\" src=\"data:image\/gif;base64,R0lGODlhAQABAIAAAAAAAP\/\/\/yH5BAEAAAAALAAAAAABAAEAAAIBRAA7\" data-src=\"\/\/viennatouristinformation.com\/fr\/wp-content\/uploads\/2020\/10\/Spazieren-gehen-und-Rehe-suchen.jpg\" data-width=\"885\" data-height=\"590\"><noscript><img decoding=\"async\" class=\"lazyload\" alt=\"Spazieren gehen und Rehe suchen\" data-id=\"2772\" width=\"885\" data-init-width=\"1000\" height=\"590\" data-init-height=\"667\" title=\"Spazieren gehen und Rehe suchen\" loading=\"lazy\" src=\"\/\/viennatouristinformation.com\/fr\/wp-content\/uploads\/2020\/10\/Spazieren-gehen-und-Rehe-suchen.jpg\" data-width=\"885\" data-height=\"590\"><\/noscript><\/span><\/p>\n<p>En raison de son espace et de sa nature, le cimeti\u00e8re central est l&rsquo;un des plus beaux parcs de Vienne, c&rsquo;est pourquoi c&rsquo;est un lieu de promenade populaire.<\/p>\n<p>Lors d&rsquo;une promenade dans la vaste r\u00e9gion, vous pouvez non seulement d\u00e9couvrir des tombes et des cryptes con\u00e7ues de mani\u00e8re artistique, mais aussi jeter un coup d&rsquo;\u0153il \u00e0 la flore et \u00e0 la faune uniques. Ceux-ci attirent \u00e0 la fois les habitants et les touristes au cimeti\u00e8re et offrent une oasis de calme et de d\u00e9tente.<\/p>\n<p>De d\u00e9licieuses promenades d&rsquo;un kilom\u00e8tre bord\u00e9es d&rsquo;arbres traversent le cimeti\u00e8re et offrent de merveilleuses exp\u00e9riences dans la nature. De nombreuses esp\u00e8ces v\u00e9g\u00e9tales et animales se retrouvent notamment dans le jardin naturel d&rsquo;environ 40 000 m\u00b2 (entre les groupes 91 et 97).<\/p>\n<p>En vous promenant dans le cimeti\u00e8re, cherchez des cerfs errants ou dirigez-vous vers le parc de la tranquillit\u00e9 et de la force (3e porte), un endroit pour m\u00e9diter et recharger vos batteries.<\/p>\n<p>Les nombreuses sculptures et \u00e9difices Art nouveau comme l&rsquo;\u00e9glise Karl Borrom\u00e4us ensorc\u00e8lent \u00e9galement les visiteurs.<\/p>\n<h3 id=\"t-1669192107143\">2. Tombes d&rsquo;honneur<\/h3>\n<p><span><img decoding=\"async\" class=\"lazyload\" alt=\"Ehrengr\u00e4ber\" data-id=\"2773\" width=\"885\" data-init-width=\"1000\" height=\"590\" data-init-height=\"667\" title=\"Ehrengr\u00e4ber\" loading=\"lazy\" src=\"data:image\/gif;base64,R0lGODlhAQABAIAAAAAAAP\/\/\/yH5BAEAAAAALAAAAAABAAEAAAIBRAA7\" data-src=\"\/\/viennatouristinformation.com\/fr\/wp-content\/uploads\/2020\/10\/Ehrengr\u00e4ber.jpg\" data-width=\"885\" data-height=\"590\"><noscript><img decoding=\"async\" class=\"lazyload\" alt=\"Ehrengr\u00e4ber\" data-id=\"2773\" width=\"885\" data-init-width=\"1000\" height=\"590\" data-init-height=\"667\" title=\"Ehrengr\u00e4ber\" loading=\"lazy\" src=\"\/\/viennatouristinformation.com\/fr\/wp-content\/uploads\/2020\/10\/Ehrengr\u00e4ber.jpg\" data-width=\"885\" data-height=\"590\"><\/noscript><\/span><\/p>\n<p>De nombreuses s\u00e9pultures d&rsquo;honneur sont entretenues au cimeti\u00e8re central. La nomination comme tombe d&rsquo;honneur repr\u00e9sente une distinction sp\u00e9ciale de la ville de Vienne, qui est accord\u00e9e \u00e0 des personnalit\u00e9s c\u00e9l\u00e8bres.<\/p>\n<p>Voici quelques-unes des personnalit\u00e9s c\u00e9l\u00e8bres :<\/p>\n<ul>\n<li><strong>Musiciens :<\/strong> Ludwig van Beethoven, Franz Schubert, Johann Strauss<\/li>\n<li><strong>Pr\u00e9sidents f\u00e9d\u00e9raux dans la crypte pr\u00e9sidentielle :<\/strong> Karl Renner, Theodor K\u00f6rner, Adolf Sch\u00e4rf, Franz Jonas, Rudolf Kirchschl\u00e4ger, Thomas Klestil et Kurt Waldheim<\/li>\n<li>Falco (chanteur pop)<\/li>\n<li>Curd Jurgens (acteur)<\/li>\n<li>Arthur Schnitzler (\u00e9crivain)<\/li>\n<\/ul>\n<h3 id=\"t-1669192107144\">3. \u00c9glise Borrom\u00e9e<\/h3>\n<p><span><img decoding=\"async\" class=\"lazyload\" alt=\"Borrom\u00e4us Kirche\" data-id=\"2775\" width=\"885\" data-init-width=\"1000\" height=\"590\" data-init-height=\"667\" title=\"Borrom\u00e4us Kirche\" loading=\"lazy\" src=\"data:image\/gif;base64,R0lGODlhAQABAIAAAAAAAP\/\/\/yH5BAEAAAAALAAAAAABAAEAAAIBRAA7\" data-src=\"\/\/viennatouristinformation.com\/fr\/wp-content\/uploads\/2020\/10\/Borrom\u00e4us-Kirche.jpg\" data-width=\"885\" data-height=\"590\"><noscript><img decoding=\"async\" class=\"lazyload\" alt=\"Borrom\u00e4us Kirche\" data-id=\"2775\" width=\"885\" data-init-width=\"1000\" height=\"590\" data-init-height=\"667\" title=\"Borrom\u00e4us Kirche\" loading=\"lazy\" src=\"\/\/viennatouristinformation.com\/fr\/wp-content\/uploads\/2020\/10\/Borrom\u00e4us-Kirche.jpg\" data-width=\"885\" data-height=\"590\"><\/noscript><\/span><\/p>\n<p>Une attraction populaire pour les visiteurs, l&rsquo;\u00e9glise du cimeti\u00e8re de Saint Charles Borrom\u00e9e est un chef-d&rsquo;\u0153uvre de l&rsquo;Art nouveau viennois.<\/p>\n<p>Le joyau architectural est \u00e9galement connu sous le nom d&rsquo;\u00e9glise comm\u00e9morative Karl Lueger car l&rsquo;ancien maire de Vienne y est enterr\u00e9.<\/p>\n<h3 id=\"t-1669192107145\">4. Mus\u00e9e fun\u00e9raire<\/h3>\n<p><span><img decoding=\"async\" class=\"lazyload\" alt=\"Bestattungsmuseum\" data-id=\"2776\" width=\"885\" data-init-width=\"1000\" height=\"590\" data-init-height=\"667\" title=\"Bestattungsmuseum\" loading=\"lazy\" src=\"data:image\/gif;base64,R0lGODlhAQABAIAAAAAAAP\/\/\/yH5BAEAAAAALAAAAAABAAEAAAIBRAA7\" data-src=\"\/\/viennatouristinformation.com\/fr\/wp-content\/uploads\/2020\/10\/Bestattungsmuseum.jpg\" data-width=\"885\" data-height=\"590\"><noscript><img decoding=\"async\" class=\"lazyload\" alt=\"Bestattungsmuseum\" data-id=\"2776\" width=\"885\" data-init-width=\"1000\" height=\"590\" data-init-height=\"667\" title=\"Bestattungsmuseum\" loading=\"lazy\" src=\"\/\/viennatouristinformation.com\/fr\/wp-content\/uploads\/2020\/10\/Bestattungsmuseum.jpg\" data-width=\"885\" data-height=\"590\"><\/noscript><\/span><\/p>\n<p>Il y a un mus\u00e9e fun\u00e9raire interactif sur le terrain du cimeti\u00e8re. Il se trouve au sous-sol de la morgue 2.<\/p>\n<p>Plus de 250 expositions offrent un aper\u00e7u de la culture fun\u00e9raire viennoise des si\u00e8cles pass\u00e9s.<\/p>\n<h3 id=\"t-1669192107146\">5. Cimeti\u00e8re des sans-nom<\/h3>\n<p><span><img decoding=\"async\" class=\"lazyload\" alt=\"Friedhof der Namenlosen\" data-id=\"2777\" width=\"885\" data-init-width=\"1000\" height=\"590\" data-init-height=\"667\" title=\"Friedhof der Namenlosen\" loading=\"lazy\" src=\"data:image\/gif;base64,R0lGODlhAQABAIAAAAAAAP\/\/\/yH5BAEAAAAALAAAAAABAAEAAAIBRAA7\" data-src=\"\/\/viennatouristinformation.com\/fr\/wp-content\/uploads\/2020\/10\/Friedhof-der-Namenlosen.jpg\" data-width=\"885\" data-height=\"590\"><noscript><img decoding=\"async\" class=\"lazyload\" alt=\"Friedhof der Namenlosen\" data-id=\"2777\" width=\"885\" data-init-width=\"1000\" height=\"590\" data-init-height=\"667\" title=\"Friedhof der Namenlosen\" loading=\"lazy\" src=\"\/\/viennatouristinformation.com\/fr\/wp-content\/uploads\/2020\/10\/Friedhof-der-Namenlosen.jpg\" data-width=\"885\" data-height=\"590\"><\/noscript><\/span><\/p>\n<p>Le Cimeti\u00e8re des Sans-Nom ne fait pas partie du Cimeti\u00e8re Central !<\/p>\n<p>Il se trouve \u00e0 5,2 km de la porte 4 du cimeti\u00e8re central. Il se dresse sur les rives du Danube \u00e0 Alberner Hafen. Depuis le cimeti\u00e8re central, vous pouvez vous y rendre avec la ligne 11 jusqu&rsquo;\u00e0 Kaiserebersdorf-Zinnergasse, puis changer pour la ligne 76B jusqu&rsquo;\u00e0 Alberner Hafen.<\/p>\n<p>Les morts inconnus qui ont \u00e9t\u00e9 rejet\u00e9s par le Danube dans la zone portuaire entre 1840 et 1940 reposent au cimeti\u00e8re des Sans-Nom. Le cimeti\u00e8re est souvent r\u00e9pertori\u00e9 comme un tuyau d&rsquo;initi\u00e9, ce qui pourrait \u00eatre d\u00fb \u00e0 l&rsquo;ambiance mystique de cet endroit.<\/p>\n<h2 id=\"t-1669192107147\">Entr\u00e9e et visites guid\u00e9es<\/h2>\n<p><span><img decoding=\"async\" class=\"lazyload\" alt=\"Eintritt und F\u00fchrungen\" data-id=\"2778\" width=\"885\" data-init-width=\"1000\" height=\"590\" data-init-height=\"667\" title=\"Eintritt und F\u00fchrungen\" loading=\"lazy\" src=\"data:image\/gif;base64,R0lGODlhAQABAIAAAAAAAP\/\/\/yH5BAEAAAAALAAAAAABAAEAAAIBRAA7\" data-src=\"\/\/viennatouristinformation.com\/fr\/wp-content\/uploads\/2020\/10\/Eintritt-und-F\u00fchrungen-1.jpg\" data-width=\"885\" data-height=\"590\"><noscript><img decoding=\"async\" class=\"lazyload\" alt=\"Eintritt und F\u00fchrungen\" data-id=\"2778\" width=\"885\" data-init-width=\"1000\" height=\"590\" data-init-height=\"667\" title=\"Eintritt und F\u00fchrungen\" loading=\"lazy\" src=\"\/\/viennatouristinformation.com\/fr\/wp-content\/uploads\/2020\/10\/Eintritt-und-F\u00fchrungen-1.jpg\" data-width=\"885\" data-height=\"590\"><\/noscript><\/span><\/p>\n<ul>\n<li><strong>Entr\u00e9e :<\/strong> L&rsquo;entr\u00e9e au cimeti\u00e8re central est gratuite.<\/li>\n<li><strong>Heures d&rsquo;ouverture :<\/strong> Vous pouvez trouver les heures d&rsquo;ouverture actuelles du cimeti\u00e8re central <a href=\"https:\/\/www.friedhoefewien.at\/eportal3\/ep\/channelView.do\/pageTypeId\/75472\/channelId\/-54304\" target=\"_blank\" rel=\"noopener\">ici<\/a> .<\/li>\n<li><strong>Visites guid\u00e9es :<\/strong> Le cimeti\u00e8re central peut \u00e9galement \u00eatre explor\u00e9 dans le cadre d&rsquo;une visite guid\u00e9e, qui vous conduira aux tombes d&rsquo;honneur, aux tombes sp\u00e9ciales et \u00e0 l&rsquo;\u00e9glise du cimeti\u00e8re. Vous pouvez en savoir plus \u00e0 ce sujet <a href=\"https:\/\/www.friedhoefewien.at\/eportal3\/ep\/contentView.do\/pageTypeId\/75472\/programId\/80951\/contentTypeId\/1001\/channelId\/-54304\/contentId\/77684\" target=\"_blank\" rel=\"noopener\">ici<\/a> . Des visites et des \u00e9v\u00e9nements Fiaker tels que des soir\u00e9es \u00e0 suspense sont \u00e9galement propos\u00e9s<\/li>\n<li><strong>Audioguide :<\/strong> Un audioguide est \u00e9galement disponible sur place moyennant un suppl\u00e9ment.<\/li>\n<\/ul>\n<h2 id=\"t-1669192107148\">Comment se rendre au cimeti\u00e8re central ?<\/h2>\n<p><span><img decoding=\"async\" class=\"lazyload\" alt=\"Wie komme ich zum Zentralfriedhof\" data-id=\"2779\" width=\"885\" data-init-width=\"1000\" height=\"590\" data-init-height=\"667\" title=\"Wie komme ich zum Zentralfriedhof\" loading=\"lazy\" src=\"data:image\/gif;base64,R0lGODlhAQABAIAAAAAAAP\/\/\/yH5BAEAAAAALAAAAAABAAEAAAIBRAA7\" data-src=\"\/\/viennatouristinformation.com\/fr\/wp-content\/uploads\/2020\/10\/Wie-komme-ich-zum-Zentralfriedhof.jpg\" data-width=\"885\" data-height=\"590\"><noscript><img decoding=\"async\" class=\"lazyload\" alt=\"Wie komme ich zum Zentralfriedhof\" data-id=\"2779\" width=\"885\" data-init-width=\"1000\" height=\"590\" data-init-height=\"667\" title=\"Wie komme ich zum Zentralfriedhof\" loading=\"lazy\" src=\"\/\/viennatouristinformation.com\/fr\/wp-content\/uploads\/2020\/10\/Wie-komme-ich-zum-Zentralfriedhof.jpg\" data-width=\"885\" data-height=\"590\"><\/noscript><\/span><\/p>\n<p>Le cimeti\u00e8re central est situ\u00e9 dans le 11e arrondissement de Vienne, Simmering, \u00e0 la limite est de la ville de Vienne.<\/p>\n<p>Vous pouvez y acc\u00e9der avec les lignes de tram 71 et 11 (portes 1, 2, 3 et 4) ou avec le S-Bahn S7 (porte 11).<\/p>\n<p>Prenez le m\u00e9tro U3 jusqu&rsquo;\u00e0 la station finale Simmering, puis changez pour la ligne de tramway 71 ou 11.<\/p>\n<h2 id=\"t-1669192107149\">Plan du cimeti\u00e8re<\/h2>\n<p>https:\/\/www.friedhoefewien.at\/media\/files\/2013\/wiener%20zentral%20orientierungsplan_90109.pdf<\/p>\n<h2 id=\"t-1669192107150\">recherche de tombe<\/h2>\n<p>Si vous souhaitez rechercher des tombes sp\u00e9cifiques dans le cimeti\u00e8re central ou dans un autre cimeti\u00e8re de Vienne, vous pouvez le faire \u00e0 l&rsquo;aide <a href=\"https:\/\/www.friedhoefewien.at\/eportal3\/\" target=\"_blank\" rel=\"noopener\">de ce site Web<\/a> .<\/p>\n<h2 id=\"t-1669192107151\">histoire du cimeti\u00e8re<\/h2>\n<p><span><img decoding=\"async\" class=\"lazyload\" alt=\"Geschichte des Friedhofs\" data-id=\"2780\" width=\"885\" data-init-width=\"1000\" height=\"590\" data-init-height=\"667\" title=\"Geschichte des Friedhofs\" loading=\"lazy\" src=\"data:image\/gif;base64,R0lGODlhAQABAIAAAAAAAP\/\/\/yH5BAEAAAAALAAAAAABAAEAAAIBRAA7\" data-src=\"\/\/viennatouristinformation.com\/fr\/wp-content\/uploads\/2020\/10\/Geschichte-des-Friedhofs.jpg\" data-width=\"885\" data-height=\"590\"><noscript><img decoding=\"async\" class=\"lazyload\" alt=\"Geschichte des Friedhofs\" data-id=\"2780\" width=\"885\" data-init-width=\"1000\" height=\"590\" data-init-height=\"667\" title=\"Geschichte des Friedhofs\" loading=\"lazy\" src=\"\/\/viennatouristinformation.com\/fr\/wp-content\/uploads\/2020\/10\/Geschichte-des-Friedhofs.jpg\" data-width=\"885\" data-height=\"590\"><\/noscript><\/span><\/p>\n<p>Apr\u00e8s que le nombre d&rsquo;habitants et donc le nombre de morts n&rsquo;ont cess\u00e9 de cro\u00eetre au XIXe si\u00e8cle, il fut d\u00e9cid\u00e9 en 1863 de construire un nouveau cimeti\u00e8re.<\/p>\n<p>Enfin, en 1874, le cimeti\u00e8re central de Vienne a \u00e9t\u00e9 ouvert en tant que premier cimeti\u00e8re interconfessionnel. A l&rsquo;\u00e9poque, il \u00e9tait consid\u00e9r\u00e9 comme le plus grand cimeti\u00e8re d&rsquo;Europe. Depuis son ouverture, il a \u00e9t\u00e9 agrandi sept fois au total, le plus r\u00e9cemment en 1921.<\/p>\n<p>Le cimeti\u00e8re central n&rsquo;a pas non plus \u00e9t\u00e9 \u00e9pargn\u00e9 par la Seconde Guerre mondiale. Les bombardements l&rsquo;ont durement touch\u00e9. Environ 12 000 tombes et des centaines de tombes ont \u00e9t\u00e9 compl\u00e8tement d\u00e9truites. Tous les b\u00e2timents ont \u00e9galement \u00e9t\u00e9 endommag\u00e9s, y compris l&rsquo;\u00e9glise Karl Borrom\u00e4us, dont le d\u00f4me a \u00e9t\u00e9 d\u00e9truit par une bombe incendiaire.<\/p>\n<p>Aujourd&rsquo;hui, le cimeti\u00e8re central n&rsquo;est pas seulement l&rsquo;un des plus grands cimeti\u00e8res du monde et le plus important de la ville, mais aussi une destination populaire et un lieu de r\u00e9flexion.<\/p>\n<h2 id=\"t-1669192107152\">Contact<\/h2>\n<ul>\n<li><strong>Adresse :<\/strong> &nbsp;Porte d&rsquo;entr\u00e9e principale 2, Simmeringer Hauptstra\u00dfe 234, 1110 Vienne<\/li>\n<li><strong>M\u00e9tro :<\/strong> &nbsp; U3 jusqu&rsquo;au terminus Simmering + ligne 71 ou 11<\/li>\n<li><strong>Heures d&rsquo;ouverture :<\/strong> Vous pouvez trouver les heures d&rsquo;ouverture actuelles du cimeti\u00e8re central <a href=\"https:\/\/www.friedhoefewien.at\/eportal3\/ep\/channelView.do\/pageTypeId\/75472\/channelId\/-54304\" target=\"_blank\" rel=\"noopener\">ici<\/a> .<\/li>\n<\/ul>\n","protected":false},"excerpt":{"rendered":"<p>Une vue extraordinaire est le cimeti\u00e8re central, qui est un endroit sp\u00e9cial \u00e0 Vienne avec ses tombes honorifiques, ses tombes sp\u00e9ciales et son spectacle naturel. Dans notre guide du cimeti\u00e8re central, vous trouverez toutes les informations importantes, y compris ce que vous pouvez faire ici, une carte du cimeti\u00e8re, son histoire et des informations sur [&hellip;]<\/p>\n","protected":false},"author":3,"featured_media":2769,"parent":1257,"menu_order":0,"comment_status":"closed","ping_status":"closed","template":"","meta":{"footnotes":""},"tags":[],"class_list":["post-2311","page","type-page","status-publish","has-post-thumbnail","hentry","post-wrapper","thrv_wrapper"],"_links":{"self":[{"href":"https:\/\/viennatouristinformation.com\/fr\/wp-json\/wp\/v2\/pages\/2311","targetHints":{"allow":["GET"]}}],"collection":[{"href":"https:\/\/viennatouristinformation.com\/fr\/wp-json\/wp\/v2\/pages"}],"about":[{"href":"https:\/\/viennatouristinformation.com\/fr\/wp-json\/wp\/v2\/types\/page"}],"author":[{"embeddable":true,"href":"https:\/\/viennatouristinformation.com\/fr\/wp-json\/wp\/v2\/users\/3"}],"replies":[{"embeddable":true,"href":"https:\/\/viennatouristinformation.com\/fr\/wp-json\/wp\/v2\/comments?post=2311"}],"version-history":[{"count":0,"href":"https:\/\/viennatouristinformation.com\/fr\/wp-json\/wp\/v2\/pages\/2311\/revisions"}],"up":[{"embeddable":true,"href":"https:\/\/viennatouristinformation.com\/fr\/wp-json\/wp\/v2\/pages\/1257"}],"wp:featuredmedia":[{"embeddable":true,"href":"https:\/\/viennatouristinformation.com\/fr\/wp-json\/wp\/v2\/media\/2769"}],"wp:attachment":[{"href":"https:\/\/viennatouristinformation.com\/fr\/wp-json\/wp\/v2\/media?parent=2311"}],"wp:term":[{"taxonomy":"post_tag","embeddable":true,"href":"https:\/\/viennatouristinformation.com\/fr\/wp-json\/wp\/v2\/tags?post=2311"}],"curies":[{"name":"wp","href":"https:\/\/api.w.org\/{rel}","templated":true}]}}