{"id":2316,"date":"2020-10-05T10:32:15","date_gmt":"2020-10-05T08:32:15","guid":{"rendered":"http:\/\/viennatouristinformation.com\/fr\/?page_id=2316"},"modified":"2023-06-02T09:24:12","modified_gmt":"2023-06-02T07:24:12","slug":"naschmarkt","status":"publish","type":"page","link":"https:\/\/viennatouristinformation.com\/fr\/choses-a-faire\/attractions\/naschmarkt\/","title":{"rendered":"Guide du Naschmarkt \u00e0 Vienne"},"content":{"rendered":"<h2 id=\"t-1669120321813\" data-hide=\"true\">Avec son atmosph\u00e8re incomparable, rappelant un bazar oriental, le Vienna Naschmarkt est l&rsquo;un des sites les plus populaires de Vienne.<\/h2>\n<p>Dans ce guide complet du Naschmarkt, vous apprendrez quoi faire au Naschmarkt, son histoire ainsi que des informations sur comment s&rsquo;y rendre, l&rsquo;admission et les visites guid\u00e9es.<\/p>\n<h2 id=\"t-1669120321814\">Que puis-je faire au Naschmarkt ?<\/h2>\n<p>Avec plus de 170 \u00e9tals de march\u00e9, boutiques et restaurants, le Naschmarkt de Vienne propose une gamme spectaculaire de d\u00e9lices culinaires. Ce n&rsquo;est pas seulement le march\u00e9 le plus grand et le plus c\u00e9l\u00e8bre de la ville, mais aussi une attraction viennoise et un lieu de rencontre pour les habitants et les touristes.<\/p>\n<p>Essentiellement, le march\u00e9 s\u00e9culaire peut \u00eatre divis\u00e9 en trois zones :<\/p>\n<h3 id=\"t-1669120321815\">1. Nourriture<\/h3>\n<p><span><img decoding=\"async\" class=\"lazyload\" alt=\"Lebensmittel\" data-id=\"2730\" width=\"885\" data-init-width=\"1000\" height=\"590\" data-init-height=\"667\" title=\"Lebensmittel\" loading=\"lazy\" src=\"data:image\/gif;base64,R0lGODlhAQABAIAAAAAAAP\/\/\/yH5BAEAAAAALAAAAAABAAEAAAIBRAA7\" data-src=\"\/\/viennatouristinformation.com\/fr\/wp-content\/uploads\/2020\/10\/Lebensmittel.jpg\" data-width=\"885\" data-height=\"590\"><noscript><img decoding=\"async\" class=\"lazyload\" alt=\"Lebensmittel\" data-id=\"2730\" width=\"885\" data-init-width=\"1000\" height=\"590\" data-init-height=\"667\" title=\"Lebensmittel\" loading=\"lazy\" src=\"\/\/viennatouristinformation.com\/fr\/wp-content\/uploads\/2020\/10\/Lebensmittel.jpg\" data-width=\"885\" data-height=\"590\"><\/noscript><\/span><\/p>\n<p>Dans le Naschmarkt, vous trouverez tout ce qu&rsquo;un c\u0153ur d&rsquo;\u00e9picerie fine d\u00e9sire. Le march\u00e9 color\u00e9 attire avec de la nourriture du monde entier ainsi que les meilleurs produits r\u00e9gionaux.<\/p>\n<p>Les d\u00e9lices incluent les fruits et l\u00e9gumes exotiques, les fruits de mer, les antipasti, la viande et le vin. Des produits locaux tels que le fromage et la viande sont \u00e9galement propos\u00e9s sur les nombreux stands. Les \u00e9pices exotiques assurent \u00e9galement un r\u00e9gal pour les sens.<\/p>\n<p>Le samedi, il y a aussi un coin bio avec une gamme bio et des produits plus r\u00e9gionaux.<\/p>\n<h3 id=\"t-1669120321816\">2. Restaurants, caf\u00e9s et pubs<\/h3>\n<p><span><img decoding=\"async\" class=\"lazyload\" alt=\"Restaurants, Cafes und Lokale\" data-id=\"2731\" width=\"885\" data-init-width=\"1000\" height=\"590\" data-init-height=\"667\" title=\"Restaurants, Cafes und Lokale\" loading=\"lazy\" src=\"data:image\/gif;base64,R0lGODlhAQABAIAAAAAAAP\/\/\/yH5BAEAAAAALAAAAAABAAEAAAIBRAA7\" data-src=\"\/\/viennatouristinformation.com\/fr\/wp-content\/uploads\/2020\/10\/Restaurants-Cafes-und-Lokale.jpg\" data-width=\"885\" data-height=\"590\"><noscript><img decoding=\"async\" class=\"lazyload\" alt=\"Restaurants, Cafes und Lokale\" data-id=\"2731\" width=\"885\" data-init-width=\"1000\" height=\"590\" data-init-height=\"667\" title=\"Restaurants, Cafes und Lokale\" loading=\"lazy\" src=\"\/\/viennatouristinformation.com\/fr\/wp-content\/uploads\/2020\/10\/Restaurants-Cafes-und-Lokale.jpg\" data-width=\"885\" data-height=\"590\"><\/noscript><\/span><\/p>\n<p>Dans le paradis des gourmands, les visiteurs trouveront une sc\u00e8ne gastronomique vivante et diversifi\u00e9e. Au milieu de l&rsquo;activit\u00e9 palpitante du march\u00e9, de nombreux restaurants, caf\u00e9s et pubs proposent des d\u00e9lices du monde entier \u00e0 d\u00e9guster avec une cuisine internationale color\u00e9e.<\/p>\n<p>Tout y est repr\u00e9sent\u00e9, de l&rsquo;oriental au viennois, c&rsquo;est pourquoi le Naschmarkt est parfait pour une balade gourmande. Le restaurant \u00ab Neni \u00bb, qui s&rsquo;est fait une r\u00e9putation internationale avec sa cuisine orientale isra\u00e9lienne, est particuli\u00e8rement recommand\u00e9 et inspire d\u00e9sormais \u00e9galement les gens avec ses comp\u00e9tences culinaires dans plusieurs endroits en Europe.<\/p>\n<p>Le restaurant \u00ab\u00a0Gr\u00e4fin vom Naschmarkt\u00a0\u00bb a atteint un certain statut de culte, qui occupe discr\u00e8tement les derni\u00e8res places selon les avis des clients sur TripAdvisor. Il occupe actuellement la 3737e place sur 3737. Les journaux autrichiens aiment envoyer leurs critiques de restaurants \u00e0 la comtesse pour savoir quelle pourrait en \u00eatre la raison&#8230;<\/p>\n<h3 id=\"t-1669120321817\">3. March\u00e9 aux puces le samedi<\/h3>\n<p><span><img decoding=\"async\" class=\"lazyload\" alt=\"Flohmarkt am Samstag\" data-id=\"2733\" width=\"885\" data-init-width=\"1000\" height=\"590\" data-init-height=\"667\" title=\"Flohmarkt am Samstag\" loading=\"lazy\" src=\"data:image\/gif;base64,R0lGODlhAQABAIAAAAAAAP\/\/\/yH5BAEAAAAALAAAAAABAAEAAAIBRAA7\" data-src=\"\/\/viennatouristinformation.com\/fr\/wp-content\/uploads\/2020\/10\/Flohmarkt-am-Samstag.jpg\" data-width=\"885\" data-height=\"590\"><noscript><img decoding=\"async\" class=\"lazyload\" alt=\"Flohmarkt am Samstag\" data-id=\"2733\" width=\"885\" data-init-width=\"1000\" height=\"590\" data-init-height=\"667\" title=\"Flohmarkt am Samstag\" loading=\"lazy\" src=\"\/\/viennatouristinformation.com\/fr\/wp-content\/uploads\/2020\/10\/Flohmarkt-am-Samstag.jpg\" data-width=\"885\" data-height=\"590\"><\/noscript><\/span><\/p>\n<p>En plus des offres culinaires, le Naschmarkt inspire avec un march\u00e9 aux puces tous les samedis, qui est l&rsquo;un des plus c\u00e9l\u00e8bres de Vienne. Il n&rsquo;est donc pas surprenant que le march\u00e9 soit particuli\u00e8rement anim\u00e9 le samedi.<\/p>\n<p>Ici, les visiteurs trouveront de tout, des antiquit\u00e9s aux v\u00eatements vintage, des disques et des livres au kitsch et aux curiosit\u00e9s.<\/p>\n<p>Le march\u00e9 aux puces traditionnel a g\u00e9n\u00e9ralement lieu le samedi de 6h30 \u00e0 18h00.<\/p>\n<h2 id=\"t-1669120321818\">Entr\u00e9e et visites guid\u00e9es<\/h2>\n<p><span><img decoding=\"async\" class=\"lazyload\" alt=\"Eintritt und F\u00fchrungen\" data-id=\"2734\" width=\"885\" data-init-width=\"1000\" height=\"590\" data-init-height=\"667\" title=\"Eintritt und F\u00fchrungen\" loading=\"lazy\" src=\"data:image\/gif;base64,R0lGODlhAQABAIAAAAAAAP\/\/\/yH5BAEAAAAALAAAAAABAAEAAAIBRAA7\" data-src=\"\/\/viennatouristinformation.com\/fr\/wp-content\/uploads\/2020\/10\/Eintritt-und-F\u00fchrungen.jpg\" data-width=\"885\" data-height=\"590\"><noscript><img decoding=\"async\" class=\"lazyload\" alt=\"Eintritt und F\u00fchrungen\" data-id=\"2734\" width=\"885\" data-init-width=\"1000\" height=\"590\" data-init-height=\"667\" title=\"Eintritt und F\u00fchrungen\" loading=\"lazy\" src=\"\/\/viennatouristinformation.com\/fr\/wp-content\/uploads\/2020\/10\/Eintritt-und-F\u00fchrungen.jpg\" data-width=\"885\" data-height=\"590\"><\/noscript><\/span><\/p>\n<ul>\n<li><strong>Entr\u00e9e :<\/strong> L&rsquo;entr\u00e9e au Naschmarkt est gratuite.<\/li>\n<li><strong>Horaires d&rsquo;ouverture :<\/strong> Vous trouverez ici les horaires d&rsquo;ouverture actuels du <a href=\"https:\/\/www.wien.gv.at\/freizeit\/einkaufen\/maerkte\/lebensmittel\/naschmarkt\/\" target=\"_blank\" rel=\"noopener\">Naschmarkt<\/a> .<\/li>\n<li><strong>Visites guid\u00e9es :<\/strong> Si vous souhaitez d\u00e9couvrir le Naschmarkt lors d&rsquo;une visite guid\u00e9e, vous pouvez le faire lors d&rsquo;un soi-disant Naschmarkttour comprenant de d\u00e9licieux \u00e9chantillons.<\/li>\n<\/ul>\n<h2 id=\"t-1669120321819\">Comment se rendre au Naschmarkt ?<\/h2>\n<p><span><img decoding=\"async\" class=\"lazyload\" alt=\"Wie komme ich zum Naschmarkt\" data-id=\"2735\" width=\"885\" data-init-width=\"1000\" height=\"590\" data-init-height=\"667\" title=\"Wie komme ich zum Naschmarkt\" loading=\"lazy\" src=\"data:image\/gif;base64,R0lGODlhAQABAIAAAAAAAP\/\/\/yH5BAEAAAAALAAAAAABAAEAAAIBRAA7\" data-src=\"\/\/viennatouristinformation.com\/fr\/wp-content\/uploads\/2020\/10\/Wie-komme-ich-zum-Naschmarkt.jpg\" data-width=\"885\" data-height=\"590\"><noscript><img decoding=\"async\" class=\"lazyload\" alt=\"Wie komme ich zum Naschmarkt\" data-id=\"2735\" width=\"885\" data-init-width=\"1000\" height=\"590\" data-init-height=\"667\" title=\"Wie komme ich zum Naschmarkt\" loading=\"lazy\" src=\"\/\/viennatouristinformation.com\/fr\/wp-content\/uploads\/2020\/10\/Wie-komme-ich-zum-Naschmarkt.jpg\" data-width=\"885\" data-height=\"590\"><\/noscript><\/span><\/p>\n<p>Le Naschmarkt de Vienne est situ\u00e9 dans le 6\u00e8me arrondissement de Mariahilf, en bordure de la vieille ville de Vienne. Il est situ\u00e9 entre le Getreidemarkt sur la Karlsplatz et la Kettenbr\u00fcckengasse.<\/p>\n<p>Le moyen le plus simple de se rendre au Naschmarkt est de prendre le U4 jusqu&rsquo;\u00e0 la gare de Kettenbr\u00fcckengasse ou le U1, U2 ou U4 jusqu&rsquo;\u00e0 la gare de Karlsplatz.<\/p>\n<p>Alternativement, vous pouvez faire une promenade de 8 minutes depuis le quartier des mus\u00e9es.<\/p>\n<h2 id=\"t-1669120321820\">Histoire du Naschmarkt<\/h2>\n<p><span><img decoding=\"async\" class=\"lazyload\" alt=\"Geschichte des Naschmarkt\" data-id=\"2736\" width=\"885\" data-init-width=\"1000\" height=\"590\" data-init-height=\"667\" title=\"Geschichte des Naschmarkt\" loading=\"lazy\" src=\"data:image\/gif;base64,R0lGODlhAQABAIAAAAAAAP\/\/\/yH5BAEAAAAALAAAAAABAAEAAAIBRAA7\" data-src=\"\/\/viennatouristinformation.com\/fr\/wp-content\/uploads\/2020\/10\/Geschichte-des-Naschmarkt.jpg\" data-width=\"885\" data-height=\"590\"><noscript><img decoding=\"async\" class=\"lazyload\" alt=\"Geschichte des Naschmarkt\" data-id=\"2736\" width=\"885\" data-init-width=\"1000\" height=\"590\" data-init-height=\"667\" title=\"Geschichte des Naschmarkt\" loading=\"lazy\" src=\"\/\/viennatouristinformation.com\/fr\/wp-content\/uploads\/2020\/10\/Geschichte-des-Naschmarkt.jpg\" data-width=\"885\" data-height=\"590\"><\/noscript><\/span><\/p>\n<p>L&rsquo;histoire du Naschmarkt remonte au 18\u00e8me si\u00e8cle. A cette \u00e9poque, il y avait d\u00e9j\u00e0 un march\u00e9 fermier, le soi-disant \u00ab\u00a0Aschenmarkt\u00a0\u00bb. Le nom est probablement d\u00e9riv\u00e9 des r\u00e9cipients \u00e0 lait en bois de fr\u00eane, qui y \u00e9taient principalement vendus. Une autre explication possible du nom pourrait \u00eatre la d\u00e9charge de cendres et d&rsquo;ordures qui se trouvait ici.<\/p>\n<p>Le nom actuel est document\u00e9 \u00e0 partir de 1820 et remonte probablement aux bonbons qui y sont vendus. Le march\u00e9 s&rsquo;appelle officiellement le \u00ab\u00a0Naschmarkt\u00a0\u00bb depuis 1905.<\/p>\n<p>Aujourd&rsquo;hui, le Naschmarkt est le plus grand march\u00e9 du centre-ville avec une longueur d&rsquo;environ 5 kilom\u00e8tres et est visit\u00e9 par des milliers de visiteurs chaque jour.<\/p>\n<h2 id=\"t-1669120321821\">Contact<\/h2>\n<ul>\n<li><strong>Adresse :<\/strong> Wienzeile, 1060 Vienne<\/li>\n<li><strong>M\u00e9tro :<\/strong> &nbsp; U4 Kettenbr\u00fcckengasse ou U1, U2, U4 Karlsplatz<\/li>\n<li><strong>Heures d&rsquo;ouverture :<\/strong> Les heures d&rsquo;ouverture actuelles peuvent \u00eatre consult\u00e9es <a href=\"https:\/\/www.wien.gv.at\/freizeit\/einkaufen\/maerkte\/lebensmittel\/naschmarkt\/\" target=\"_blank\" rel=\"noopener\">ici<\/a> .<\/li>\n<\/ul>\n","protected":false},"excerpt":{"rendered":"<p>Avec son atmosph\u00e8re incomparable, rappelant un bazar oriental, le Vienna Naschmarkt est l&rsquo;un des sites les plus populaires de Vienne. Dans ce guide complet du Naschmarkt, vous apprendrez quoi faire au Naschmarkt, son histoire ainsi que des informations sur comment s&rsquo;y rendre, l&rsquo;admission et les visites guid\u00e9es. Que puis-je faire au Naschmarkt ? Avec plus [&hellip;]<\/p>\n","protected":false},"author":3,"featured_media":2729,"parent":138,"menu_order":0,"comment_status":"closed","ping_status":"closed","template":"","meta":{"footnotes":""},"tags":[],"class_list":["post-2316","page","type-page","status-publish","has-post-thumbnail","hentry","post-wrapper","thrv_wrapper"],"_links":{"self":[{"href":"https:\/\/viennatouristinformation.com\/fr\/wp-json\/wp\/v2\/pages\/2316","targetHints":{"allow":["GET"]}}],"collection":[{"href":"https:\/\/viennatouristinformation.com\/fr\/wp-json\/wp\/v2\/pages"}],"about":[{"href":"https:\/\/viennatouristinformation.com\/fr\/wp-json\/wp\/v2\/types\/page"}],"author":[{"embeddable":true,"href":"https:\/\/viennatouristinformation.com\/fr\/wp-json\/wp\/v2\/users\/3"}],"replies":[{"embeddable":true,"href":"https:\/\/viennatouristinformation.com\/fr\/wp-json\/wp\/v2\/comments?post=2316"}],"version-history":[{"count":0,"href":"https:\/\/viennatouristinformation.com\/fr\/wp-json\/wp\/v2\/pages\/2316\/revisions"}],"up":[{"embeddable":true,"href":"https:\/\/viennatouristinformation.com\/fr\/wp-json\/wp\/v2\/pages\/138"}],"wp:featuredmedia":[{"embeddable":true,"href":"https:\/\/viennatouristinformation.com\/fr\/wp-json\/wp\/v2\/media\/2729"}],"wp:attachment":[{"href":"https:\/\/viennatouristinformation.com\/fr\/wp-json\/wp\/v2\/media?parent=2316"}],"wp:term":[{"taxonomy":"post_tag","embeddable":true,"href":"https:\/\/viennatouristinformation.com\/fr\/wp-json\/wp\/v2\/tags?post=2316"}],"curies":[{"name":"wp","href":"https:\/\/api.w.org\/{rel}","templated":true}]}}