{"id":2339,"date":"2020-10-05T09:38:19","date_gmt":"2020-10-05T07:38:19","guid":{"rendered":"http:\/\/viennatouristinformation.com\/fr\/?page_id=2339"},"modified":"2023-06-13T11:44:23","modified_gmt":"2023-06-13T09:44:23","slug":"lifestyle","status":"publish","type":"page","link":"https:\/\/viennatouristinformation.com\/fr\/lifestyle\/","title":{"rendered":"Guide Lifestyle de Vienne"},"content":{"rendered":"<h1>Guide Lifestyle de Vienne<\/h1>\n<p><strong>Que puis-je faire \u00e0 Vienne en dehors des visites touristiques, des palais et des mus\u00e9es ? <\/strong>Voici nos conseils pour manger, faire du shopping et cultiver.&nbsp;<\/p>\n<p style=\"\">Lors de votre s\u00e9jour dans la capitale autrichienne, vous d\u00e9couvrirez rapidement que <strong>Vienne poss\u00e8de un style unique et un mode de vie tr\u00e8s particulier, <\/strong>fa\u00e7onn\u00e9s par son riche h\u00e9ritage culturel et son pass\u00e9 imp\u00e9rial. Le lifestyle de la ville<strong> est r\u00e9solument d\u00e9contract\u00e9, <\/strong>car les Viennois appr\u00e9cient la convivialit\u00e9.Vienne <strong>est r\u00e9guli\u00e8rement class\u00e9e parmi les villes les plus agr\u00e9ables \u00e0 vivre au monde,<\/strong> et pour cause ! Avec son <strong>charme typiquement viennois<\/strong>, son <strong>offre culturelle abondante<\/strong>, son syst\u00e8me de transport public efficace et sa <strong>c\u00e9l\u00e8bre culture des caf\u00e9s<\/strong>, inscrite au patrimoine immat\u00e9riel de l&rsquo;UNESCO, la m\u00e9tropole offre une qualit\u00e9 de vie et un lifestyle incomparables. Et que dire de <strong>la<\/strong> <strong>vie nocturne<\/strong> ? Elle est anim\u00e9e et diversifi\u00e9e, allant des concerts classiques aux clubs branch\u00e9s.Pour vous aider \u00e0 vous immerger dans le lifestyle viennois et \u00e0 profiter au maximum de votre s\u00e9jour dans cette ville imp\u00e9riale,<strong> nous avons rassembl\u00e9 quelques-uns de nos meilleurs articles.<\/strong> Ils vous donneront de nombreuses id\u00e9es pour vivre Vienne comme un vrai Viennois.<\/p>\n<p style=\"text-align: center;\">Manger \u00e0 Vienne<\/p>\n<p style=\"text-align: center;\">Caf\u00e9s et Restaurants<\/p>\n<h3 style=\"\"><span data-attr-css=\"tve-u-17502a74a36\" data-attr-link=\"1\" data-attr-rel=\"0\" data-attr-target=\"0\" data-extra_key=\"\" data-option-inline=\"1\" data-shortcode=\"tcb_post_title\" data-shortcode-name=\"Post title\" style=\"\" data-attr-static-link=\"{&quot;className&quot;:&quot;&quot;,&quot;href&quot;:&quot;https:\/\/viennatouristinformation.com\/fr\/restaurants-a-vienne\/&quot;,&quot;title&quot;:&quot;Guide des Restaurants \u00e0 Vienne&quot;,&quot;data-css&quot;:&quot;tve-u-17502a74a36&quot;,&quot;class&quot;:&quot;&quot;}\"><a href=\"https:\/\/viennatouristinformation.com\/fr\/restaurants-a-vienne\/\" title=\"Guide des Restaurants \u00e0 Vienne\">Guide des Restaurants \u00e0 Vienne<\/a><\/span><\/h3>\n<p><a href=\"https:\/\/viennatouristinformation.com\/fr\/restaurants-a-vienne\/cuisine-viennoise\/\" dynamic-postlink=\"tcb_post_the_permalink\" data-shortcode-id=\"376\"><\/a><\/p>\n<h3 style=\"text-align: center; padding-top: 0px !important; margin-top: 0px !important;\"><span data-attr-link=\"1\" data-attr-rel=\"0\" data-attr-target=\"0\" data-extra_key=\"\" data-option-inline=\"1\" data-shortcode=\"tcb_post_title\" data-shortcode-name=\"Post title\" data-attr-css=\"\" data-attr-static-link=\"{&quot;className&quot;:&quot;&quot;,&quot;href&quot;:&quot;https:\/\/viennatouristinformation.com\/fr\/restaurants-a-vienne\/cuisine-viennoise\/&quot;,&quot;title&quot;:&quot;Cuisine Viennoise : 21 Plats Traditionnels&quot;,&quot;class&quot;:&quot;&quot;}\"><a href=\"https:\/\/viennatouristinformation.com\/fr\/restaurants-a-vienne\/cuisine-viennoise\/\" title=\"Cuisine Viennoise : 21 Plats Traditionnels\" data-css=\"\">Cuisine Viennoise : 21 Plats Traditionnels<\/a><\/span><\/h3>\n<p><a href=\"https:\/\/viennatouristinformation.com\/fr\/restaurants-a-vienne\/cuisine-viennoise\/\" style=\"\"><span style=\"\"><span style=\"\">Lire plus<\/span><\/span><\/a><a href=\"https:\/\/viennatouristinformation.com\/fr\/restaurants-a-vienne\/restaurants-exceptionnels\/\" dynamic-postlink=\"tcb_post_the_permalink\" data-shortcode-id=\"376\"><\/a><\/p>\n<h3 style=\"text-align: center; padding-top: 0px !important; margin-top: 0px !important;\"><span data-attr-link=\"1\" data-attr-rel=\"0\" data-attr-target=\"0\" data-extra_key=\"\" data-option-inline=\"1\" data-shortcode=\"tcb_post_title\" data-shortcode-name=\"Post title\" data-attr-css=\"\" data-attr-static-link=\"{&quot;className&quot;:&quot;&quot;,&quot;href&quot;:&quot;https:\/\/viennatouristinformation.com\/fr\/restaurants-a-vienne\/cuisine-viennoise\/&quot;,&quot;title&quot;:&quot;Cuisine Viennoise : 21 Plats Traditionnels&quot;,&quot;class&quot;:&quot;&quot;}\"><a href=\"https:\/\/viennatouristinformation.com\/fr\/restaurants-a-vienne\/restaurants-exceptionnels\/\" title=\"22 Restaurants Exceptionnels \u00e0 Vienne\" data-css=\"\">22 Restaurants Exceptionnels \u00e0 Vienne<\/a><\/span><\/h3>\n<p><a href=\"https:\/\/viennatouristinformation.com\/fr\/restaurants-a-vienne\/restaurants-exceptionnels\/\" style=\"\"><span style=\"\"><span style=\"\">Lire plus<\/span><\/span><\/a><a href=\"https:\/\/viennatouristinformation.com\/fr\/restaurants-a-vienne\/cafe\/\" dynamic-postlink=\"tcb_post_the_permalink\" data-shortcode-id=\"376\"><\/a><\/p>\n<h3 style=\"text-align: center; padding-top: 0px !important; margin-top: 0px !important;\"><span data-attr-link=\"1\" data-attr-rel=\"0\" data-attr-target=\"0\" data-extra_key=\"\" data-option-inline=\"1\" data-shortcode=\"tcb_post_title\" data-shortcode-name=\"Post title\" data-attr-css=\"\" data-attr-static-link=\"{&quot;className&quot;:&quot;&quot;,&quot;href&quot;:&quot;https:\/\/viennatouristinformation.com\/fr\/restaurants-a-vienne\/cuisine-viennoise\/&quot;,&quot;title&quot;:&quot;Cuisine Viennoise : 21 Plats Traditionnels&quot;,&quot;class&quot;:&quot;&quot;}\"><a href=\"https:\/\/viennatouristinformation.com\/fr\/restaurants-a-vienne\/cafe\/\" title=\"10 Vrais caf\u00e9s viennois [avec de bonnes notes]\" data-css=\"\">10 Vrais caf\u00e9s viennois [avec de bonnes notes]<\/a><\/span><\/h3>\n<p><a href=\"https:\/\/viennatouristinformation.com\/fr\/restaurants-a-vienne\/cafe\/\" style=\"\"><span style=\"\"><span style=\"\">Lire plus<\/span><\/span><\/a><a href=\"javascript:void(0)\" style=\"\"><span style=\"\"><span style=\"\">Load More<\/span><\/span><\/a><\/p>\n<p style=\"text-align: center;\">Shopping \u00e0 Vienne<\/p>\n<p style=\"text-align: center;\">Centres commerciaux et march\u00e9s<\/p>\n<h3 style=\"\"><span data-attr-css=\"tve-u-17502ac29cd\" data-attr-link=\"1\" data-attr-rel=\"0\" data-attr-target=\"0\" data-extra_key=\"\" data-option-inline=\"1\" data-shortcode=\"tcb_post_title\" data-shortcode-name=\"Post title\" style=\"\" data-attr-static-link=\"{&quot;className&quot;:&quot;&quot;,&quot;href&quot;:&quot;https:\/\/viennatouristinformation.com\/fr\/shopping\/&quot;,&quot;title&quot;:&quot;Guide du Shopping \u00e0 Vienne&quot;,&quot;data-css&quot;:&quot;tve-u-17502ac29cd&quot;,&quot;class&quot;:&quot;&quot;}\"><a href=\"https:\/\/viennatouristinformation.com\/fr\/shopping\/\" title=\"Guide du Shopping \u00e0 Vienne\">Guide du Shopping \u00e0 Vienne<\/a><\/span><\/h3>\n<p><a href=\"https:\/\/viennatouristinformation.com\/fr\/shopping\/rues-commercantes\/\" dynamic-postlink=\"tcb_post_the_permalink\" data-shortcode-id=\"238\"><\/a><\/p>\n<h3 style=\"text-align: center; padding-top: 0px !important; margin-top: 0px !important;\"><span data-attr-link=\"1\" data-attr-rel=\"0\" data-attr-target=\"0\" data-extra_key=\"\" data-option-inline=\"1\" data-shortcode=\"tcb_post_title\" data-shortcode-name=\"Post title\" data-attr-css=\"\" data-attr-static-link=\"{&quot;className&quot;:&quot;&quot;,&quot;href&quot;:&quot;https:\/\/viennatouristinformation.com\/fr\/shopping\/rues-commercantes\/&quot;,&quot;title&quot;:&quot;Top 10 des Rues Commer\u00e7antes de Vienne&quot;,&quot;class&quot;:&quot;&quot;}\"><a href=\"https:\/\/viennatouristinformation.com\/fr\/shopping\/rues-commercantes\/\" title=\"Top 10 des Rues Commer\u00e7antes de Vienne\" data-css=\"\">Top 10 des Rues Commer\u00e7antes de Vienne<\/a><\/span><\/h3>\n<p><a href=\"https:\/\/viennatouristinformation.com\/fr\/shopping\/rues-commercantes\/\" style=\"\"><span style=\"\"><span style=\"\">Lire Plus<\/span><\/span><\/a><a href=\"https:\/\/viennatouristinformation.com\/fr\/shopping\/centres-commerciaux\/\" dynamic-postlink=\"tcb_post_the_permalink\" data-shortcode-id=\"238\"><\/a><\/p>\n<h3 style=\"text-align: center; padding-top: 0px !important; margin-top: 0px !important;\"><span data-attr-link=\"1\" data-attr-rel=\"0\" data-attr-target=\"0\" data-extra_key=\"\" data-option-inline=\"1\" data-shortcode=\"tcb_post_title\" data-shortcode-name=\"Post title\" data-attr-css=\"\" data-attr-static-link=\"{&quot;className&quot;:&quot;&quot;,&quot;href&quot;:&quot;https:\/\/viennatouristinformation.com\/fr\/shopping\/rues-commercantes\/&quot;,&quot;title&quot;:&quot;Top 10 des Rues Commer\u00e7antes de Vienne&quot;,&quot;class&quot;:&quot;&quot;}\"><a href=\"https:\/\/viennatouristinformation.com\/fr\/shopping\/centres-commerciaux\/\" title=\"Top 10 des Centres Commerciaux \u00e0 Vienne\" data-css=\"\">Top 10 des Centres Commerciaux \u00e0 Vienne<\/a><\/span><\/h3>\n<p><a href=\"https:\/\/viennatouristinformation.com\/fr\/shopping\/centres-commerciaux\/\" style=\"\"><span style=\"\"><span style=\"\">Lire Plus<\/span><\/span><\/a><a href=\"https:\/\/viennatouristinformation.com\/fr\/shopping\/marches\/\" dynamic-postlink=\"tcb_post_the_permalink\" data-shortcode-id=\"238\"><\/a><\/p>\n<h3 style=\"text-align: center; padding-top: 0px !important; margin-top: 0px !important;\"><span data-attr-link=\"1\" data-attr-rel=\"0\" data-attr-target=\"0\" data-extra_key=\"\" data-option-inline=\"1\" data-shortcode=\"tcb_post_title\" data-shortcode-name=\"Post title\" data-attr-css=\"\" data-attr-static-link=\"{&quot;className&quot;:&quot;&quot;,&quot;href&quot;:&quot;https:\/\/viennatouristinformation.com\/fr\/shopping\/rues-commercantes\/&quot;,&quot;title&quot;:&quot;Top 10 des Rues Commer\u00e7antes de Vienne&quot;,&quot;class&quot;:&quot;&quot;}\"><a href=\"https:\/\/viennatouristinformation.com\/fr\/shopping\/marches\/\" title=\"10 Meilleurs March\u00e9s \u00e0 Vienne\" data-css=\"\">10 Meilleurs March\u00e9s \u00e0 Vienne<\/a><\/span><\/h3>\n<p><a href=\"https:\/\/viennatouristinformation.com\/fr\/shopping\/marches\/\" style=\"\"><span style=\"\"><span style=\"\">Lire Plus<\/span><\/span><\/a><a href=\"javascript:void(0)\" style=\"\"><span style=\"\"><span style=\"\">Load More<\/span><\/span><\/a><\/p>\n<p style=\"text-align: center;\">Vienne la Nuit<\/p>\n<p style=\"text-align: center;\">Que puis-je faire \u00e0 Vienne la nuit ?<\/p>\n<h3 style=\"\"><span data-attr-css=\"tve-u-17502ad8784\" data-attr-link=\"1\" data-attr-rel=\"0\" data-attr-target=\"0\" data-extra_key=\"\" data-option-inline=\"1\" data-shortcode=\"tcb_post_title\" data-shortcode-name=\"Post title\" style=\"\" data-attr-static-link=\"{&quot;className&quot;:&quot;&quot;,&quot;href&quot;:&quot;https:\/\/viennatouristinformation.com\/fr\/vienne-la-nuit\/&quot;,&quot;title&quot;:&quot;Vie Nocturne : Guide de Vienne la nuit&quot;,&quot;data-css&quot;:&quot;tve-u-17502ad8784&quot;,&quot;class&quot;:&quot;&quot;}\"><a href=\"https:\/\/viennatouristinformation.com\/fr\/vienne-la-nuit\/\" title=\"Vie Nocturne : Guide de Vienne la nuit\">Vie Nocturne : Guide de Vienne la nuit<\/a><\/span><\/h3>\n<p><a href=\"javascript:void(0)\" style=\"\"><span style=\"\"><span style=\"\">Load More<\/span><\/span><\/a><\/p>\n<p style=\"text-align: center;\">Plus d&rsquo;id\u00e9es<\/p>\n<p style=\"text-align: center;\">Que faire d&rsquo;autre ?<\/p>\n<h3 style=\"\"><span data-attr-css=\"tve-u-17502ae396e\" data-attr-link=\"1\" data-attr-rel=\"0\" data-attr-target=\"0\" data-extra_key=\"\" data-option-inline=\"1\" data-shortcode=\"tcb_post_title\" data-shortcode-name=\"Post title\" style=\"\" data-attr-static-link=\"{&quot;className&quot;:&quot;&quot;,&quot;href&quot;:&quot;https:\/\/viennatouristinformation.com\/fr\/choses-a-faire\/theatres\/&quot;,&quot;title&quot;:&quot;15 Th\u00e9\u00e2tres \u00e0 Vienne&quot;,&quot;data-css&quot;:&quot;tve-u-17502ae396e&quot;,&quot;class&quot;:&quot;&quot;}\"><a href=\"https:\/\/viennatouristinformation.com\/fr\/choses-a-faire\/theatres\/\" title=\"15 Th\u00e9\u00e2tres \u00e0 Vienne\">15 Th\u00e9\u00e2tres \u00e0 Vienne<\/a><\/span><\/h3>\n<p><a href=\"https:\/\/viennatouristinformation.com\/fr\/choses-a-faire\/parcs\/\" dynamic-postlink=\"tcb_post_the_permalink\" data-shortcode-id=\"1257\"><\/a><\/p>\n<h3 style=\"text-align: center; padding-top: 0px !important; margin-top: 0px !important;\"><span data-attr-link=\"1\" data-attr-rel=\"0\" data-attr-target=\"0\" data-extra_key=\"\" data-option-inline=\"1\" data-shortcode=\"tcb_post_title\" data-shortcode-name=\"Post title\" data-attr-css=\"\" data-attr-static-link=\"{&quot;className&quot;:&quot;&quot;,&quot;href&quot;:&quot;https:\/\/viennatouristinformation.com\/fr\/choses-a-faire\/parcs\/&quot;,&quot;title&quot;:&quot;20 Plus Beaux Parcs de Vienne&quot;,&quot;class&quot;:&quot;&quot;}\"><a href=\"https:\/\/viennatouristinformation.com\/fr\/choses-a-faire\/parcs\/\" title=\"20 Plus Beaux Parcs de Vienne\" data-css=\"\">20 Plus Beaux Parcs de Vienne<\/a><\/span><\/h3>\n<p><a href=\"https:\/\/viennatouristinformation.com\/fr\/choses-a-faire\/parcs\/\" style=\"\"><span style=\"\"><span style=\"\">Lire Plus<\/span><\/span><\/a><a href=\"https:\/\/viennatouristinformation.com\/fr\/restaurants-a-vienne\/tavernes-a-vin\/\" dynamic-postlink=\"tcb_post_the_permalink\" data-shortcode-id=\"1257\"><\/a><\/p>\n<h3 style=\"text-align: center; padding-top: 0px !important; margin-top: 0px !important;\"><span data-attr-link=\"1\" data-attr-rel=\"0\" data-attr-target=\"0\" data-extra_key=\"\" data-option-inline=\"1\" data-shortcode=\"tcb_post_title\" data-shortcode-name=\"Post title\" data-attr-css=\"\" data-attr-static-link=\"{&quot;className&quot;:&quot;&quot;,&quot;href&quot;:&quot;https:\/\/viennatouristinformation.com\/fr\/choses-a-faire\/parcs\/&quot;,&quot;title&quot;:&quot;20 Plus Beaux Parcs de Vienne&quot;,&quot;class&quot;:&quot;&quot;}\"><a href=\"https:\/\/viennatouristinformation.com\/fr\/restaurants-a-vienne\/tavernes-a-vin\/\" title=\"12 Plus Belles Tavernes \u00e0 Vin de Vienne\" data-css=\"\">12 Plus Belles Tavernes \u00e0 Vin de Vienne<\/a><\/span><\/h3>\n<p><a href=\"https:\/\/viennatouristinformation.com\/fr\/restaurants-a-vienne\/tavernes-a-vin\/\" style=\"\"><span style=\"\"><span style=\"\">Lire Plus<\/span><\/span><\/a><a href=\"https:\/\/viennatouristinformation.com\/fr\/choses-a-faire\/chateaux\/\" dynamic-postlink=\"tcb_post_the_permalink\" data-shortcode-id=\"1257\"><\/a><\/p>\n<h3 style=\"text-align: center; padding-top: 0px !important; margin-top: 0px !important;\"><span data-attr-link=\"1\" data-attr-rel=\"0\" data-attr-target=\"0\" data-extra_key=\"\" data-option-inline=\"1\" data-shortcode=\"tcb_post_title\" data-shortcode-name=\"Post title\" data-attr-css=\"\" data-attr-static-link=\"{&quot;className&quot;:&quot;&quot;,&quot;href&quot;:&quot;https:\/\/viennatouristinformation.com\/fr\/choses-a-faire\/parcs\/&quot;,&quot;title&quot;:&quot;20 Plus Beaux Parcs de Vienne&quot;,&quot;class&quot;:&quot;&quot;}\"><a href=\"https:\/\/viennatouristinformation.com\/fr\/choses-a-faire\/chateaux\/\" title=\"10 Plus Beaux Ch\u00e2teaux de Vienne\" data-css=\"\">10 Plus Beaux Ch\u00e2teaux de Vienne<\/a><\/span><\/h3>\n<p><a href=\"https:\/\/viennatouristinformation.com\/fr\/choses-a-faire\/chateaux\/\" style=\"\"><span style=\"\"><span style=\"\">Lire Plus<\/span><\/span><\/a><a href=\"javascript:void(0)\" style=\"\"><span style=\"\"><span style=\"\">Load More<\/span><\/span><\/a><\/p>\n","protected":false},"excerpt":{"rendered":"<p>Guide Lifestyle de Vienne Que puis-je faire \u00e0 Vienne en dehors des visites touristiques, des palais et des mus\u00e9es ? Voici nos conseils pour manger, faire du shopping et cultiver.&nbsp; Lors de votre s\u00e9jour dans la capitale autrichienne, vous d\u00e9couvrirez rapidement que Vienne poss\u00e8de un style unique et un mode de vie tr\u00e8s particulier, fa\u00e7onn\u00e9s [&hellip;]<\/p>\n","protected":false},"author":17,"featured_media":3025,"parent":0,"menu_order":0,"comment_status":"closed","ping_status":"closed","template":"","meta":{"footnotes":""},"tags":[],"class_list":["post-2339","page","type-page","status-publish","has-post-thumbnail","hentry","post-wrapper","thrv_wrapper"],"_links":{"self":[{"href":"https:\/\/viennatouristinformation.com\/fr\/wp-json\/wp\/v2\/pages\/2339","targetHints":{"allow":["GET"]}}],"collection":[{"href":"https:\/\/viennatouristinformation.com\/fr\/wp-json\/wp\/v2\/pages"}],"about":[{"href":"https:\/\/viennatouristinformation.com\/fr\/wp-json\/wp\/v2\/types\/page"}],"author":[{"embeddable":true,"href":"https:\/\/viennatouristinformation.com\/fr\/wp-json\/wp\/v2\/users\/17"}],"replies":[{"embeddable":true,"href":"https:\/\/viennatouristinformation.com\/fr\/wp-json\/wp\/v2\/comments?post=2339"}],"version-history":[{"count":0,"href":"https:\/\/viennatouristinformation.com\/fr\/wp-json\/wp\/v2\/pages\/2339\/revisions"}],"wp:featuredmedia":[{"embeddable":true,"href":"https:\/\/viennatouristinformation.com\/fr\/wp-json\/wp\/v2\/media\/3025"}],"wp:attachment":[{"href":"https:\/\/viennatouristinformation.com\/fr\/wp-json\/wp\/v2\/media?parent=2339"}],"wp:term":[{"taxonomy":"post_tag","embeddable":true,"href":"https:\/\/viennatouristinformation.com\/fr\/wp-json\/wp\/v2\/tags?post=2339"}],"curies":[{"name":"wp","href":"https:\/\/api.w.org\/{rel}","templated":true}]}}