{"id":238,"date":"2020-06-23T12:52:41","date_gmt":"2020-06-23T10:52:41","guid":{"rendered":"http:\/\/viennatouristinformation.com\/fr\/?page_id=238"},"modified":"2023-06-02T10:01:02","modified_gmt":"2023-06-02T08:01:02","slug":"rues-commercantes","status":"publish","type":"page","link":"https:\/\/viennatouristinformation.com\/fr\/shopping\/rues-commercantes\/","title":{"rendered":"Top 10 des Rues Commer\u00e7antes de Vienne"},"content":{"rendered":"<h2 id=\"t-1669294833149\" data-hide=\"true\">Des rues commer\u00e7antes parcourent tous les quartiers de Vienne.<\/h2>\n<p>Ici, nous avons rassembl\u00e9 les kilom\u00e8tres de shopping les plus longs, les plus visit\u00e9s et les plus exclusifs de la ville.<\/p>\n<p>Cela inclut \u00e9galement les rues pour faire du shopping, manger et se pr\u00e9lasser.<\/p>\n<h2 id=\"t-1669294833150\">1. Mariahilferstra\u00dfe<\/h2>\n<p><span><img decoding=\"async\" class=\"lazyload\" alt=\"Mariahilferstra\u00dfe in Vienna in Austria\" data-id=\"303\" width=\"885\" data-init-width=\"1000\" height=\"590\" data-init-height=\"667\" title=\"Mariahilferstra\u00dfe in Vienna in Austria\" loading=\"lazy\" src=\"data:image\/gif;base64,R0lGODlhAQABAIAAAAAAAP\/\/\/yH5BAEAAAAALAAAAAABAAEAAAIBRAA7\" data-src=\"\/\/viennatouristinformation.com\/fr\/wp-content\/uploads\/2020\/06\/Mariahilferstra\u00dfe-in-Vienna-in-Austria.jpg\" data-width=\"885\" data-height=\"590\"><noscript><img decoding=\"async\" class=\"lazyload\" alt=\"Mariahilferstra\u00dfe in Vienna in Austria\" data-id=\"303\" width=\"885\" data-init-width=\"1000\" height=\"590\" data-init-height=\"667\" title=\"Mariahilferstra\u00dfe in Vienna in Austria\" loading=\"lazy\" src=\"\/\/viennatouristinformation.com\/fr\/wp-content\/uploads\/2020\/06\/Mariahilferstra\u00dfe-in-Vienna-in-Austria.jpg\" data-width=\"885\" data-height=\"590\"><\/noscript><\/span><\/p>\n<p>La Mariahilferstra\u00dfe int\u00e9rieure, de la Westbahnhof au Museumsquartier, est la plus longue rue commer\u00e7ante d&rsquo;Autriche. Les Viennois l&rsquo;appellent affectueusement \u00ab\u00a0Mah\u00fc\u00a0\u00bb.<\/p>\n<p>En plus des grands magasins et des succursales de grandes cha\u00eenes telles que Mango, H&amp;M et Zara, vous trouverez des magasins phares et des boutiques de Hallhuber, Dressmann, BikBok et Humanic. Le petit <a href=\"https:\/\/viennatouristinformation.com\/fr\/shopping\/centres-commerciaux\/\" style=\"outline: none;\">centre commercial<\/a> Gerngross se trouve \u00e9galement dans la rue.<\/p>\n<p>De nombreux restaurants et bars servant des sp\u00e9cialit\u00e9s internationales sont propices \u00e0 une pause lors d&rsquo;une vir\u00e9e shopping. Les petites rues du 7\u00e8me arrondissement invitent particuli\u00e8rement \u00e0 la fl\u00e2nerie avec leurs <a href=\"https:\/\/viennatouristinformation.com\/fr\/restaurants-vienne\/cafe\/\" style=\"outline: none;\">caf\u00e9s et restaurants.<\/a><\/p>\n<p>La rue est plus facilement accessible avec les stations de m\u00e9tro Museumsquartier, Neubaugasse, Zieglergasse et Westbahnhof.<\/p>\n<p>Juste \u00e0 c\u00f4t\u00e9 de la Mariahilferstra\u00dfe, vous pourrez d\u00e9couvrir le Museumsquartier, la <a href=\"https:\/\/viennatouristinformation.com\/fr\/choses-a-faire\/attractions\/haus-des-meeres\/\" style=\"outline: none;\">Haus des Meeres<\/a> , l&rsquo;\u00e9glise Mariahilfer et la coll\u00e9giale.<\/p>\n<h2 id=\"t-1669294833151\">2. Karntnerstrasse<\/h2>\n<p><span><img decoding=\"async\" class=\"lazyload\" alt=\"K\u00e4rntnerstra\u00dfe in Vienna in Berlin\" data-id=\"305\" width=\"885\" data-init-width=\"1000\" height=\"590\" data-init-height=\"667\" title=\"K\u00e4rntnerstra\u00dfe in Vienna in Berlin\" loading=\"lazy\" src=\"data:image\/gif;base64,R0lGODlhAQABAIAAAAAAAP\/\/\/yH5BAEAAAAALAAAAAABAAEAAAIBRAA7\" data-src=\"\/\/viennatouristinformation.com\/fr\/wp-content\/uploads\/2020\/06\/K\u00e4rntnerstra\u00dfe-in-Vienna-in-Berlin.jpg\" data-width=\"885\" data-height=\"590\"><noscript><img decoding=\"async\" class=\"lazyload\" alt=\"K\u00e4rntnerstra\u00dfe in Vienna in Berlin\" data-id=\"305\" width=\"885\" data-init-width=\"1000\" height=\"590\" data-init-height=\"667\" title=\"K\u00e4rntnerstra\u00dfe in Vienna in Berlin\" loading=\"lazy\" src=\"\/\/viennatouristinformation.com\/fr\/wp-content\/uploads\/2020\/06\/K\u00e4rntnerstra\u00dfe-in-Vienna-in-Berlin.jpg\" data-width=\"885\" data-height=\"590\"><\/noscript><\/span><\/p>\n<p>K\u00e4rntnerstra\u00dfe commence \u00e0 Karlsplatz et s&rsquo;\u00e9tend au-del\u00e0 de l&rsquo;op\u00e9ra jusqu&rsquo;\u00e0 Stephansplatz au centre. C&rsquo;est la deuxi\u00e8me rue commer\u00e7ante la plus importante de la ville, mais c&rsquo;est aussi l&rsquo;une des plus ch\u00e8res. Il est accessible avec la ligne de m\u00e9tro U1, qui passe sous la K\u00e4rntnerstra\u00dfe avec les stations Karlsplatz et Stephansplatz.<\/p>\n<p>Les nombreuses boutiques proposent un m\u00e9lange de marques internationales et de marques de luxe. Par exemple, vous pouvez trouver Mango, Benetton, Rosenthal, Peek&amp;Cloppenburg, Weltstadthaus, Marks &amp; Spencer et bien d&rsquo;autres. La succursale Swarovski \u00e9labor\u00e9e avec des installations artistiques et des spectacles de prismes est particuli\u00e8rement impressionnante.<\/p>\n<p>De nombreux restaurants et caf\u00e9s vous invitent \u00e0 vous attarder, la gamme color\u00e9e propos\u00e9e \u00e9tant une combinaison parfaite de flair viennois et d&rsquo;ambiance cosmopolite.<\/p>\n<p>Dans les environs de la rue, vous trouverez des <a href=\"https:\/\/viennatouristinformation.com\/fr\/choses-a-faire\/\" style=\"outline: none;\">sites<\/a> tels que l&rsquo;Op\u00e9ra national de Vienne, l&rsquo;h\u00f4tel Sacher, le Graben, la maison de Mozart, <a href=\"https:\/\/viennatouristinformation.com\/fr\/choses-a-faire\/eglises\/saint-etienne\/\" style=\"outline: none;\">la cath\u00e9drale Saint-\u00c9tienne<\/a> , la crypte imp\u00e9riale, l&rsquo; <a href=\"https:\/\/viennatouristinformation.com\/fr\/choses-a-faire\/musee\/albertina\/\" style=\"outline: none;\">Albertina<\/a> , la <a href=\"https:\/\/viennatouristinformation.com\/fr\/choses-a-faire\/chateaux\/palais-imperial\/\" style=\"outline: none;\">Hofburg<\/a> , l&rsquo;\u00e9glise maltaise et le palais Esterh\u00e1zy.<\/p>\n<h2 id=\"t-1669294833152\">3. Quartier dor\u00e9<\/h2>\n<p><span><img decoding=\"async\" class=\"lazyload\" alt=\"Goldenes Quartier in Vienna in Austria\" data-id=\"307\" width=\"885\" data-init-width=\"1000\" height=\"590\" data-init-height=\"667\" title=\"Goldenes Quartier in Vienna in Austria\" loading=\"lazy\" src=\"data:image\/gif;base64,R0lGODlhAQABAIAAAAAAAP\/\/\/yH5BAEAAAAALAAAAAABAAEAAAIBRAA7\" data-src=\"\/\/viennatouristinformation.com\/fr\/wp-content\/uploads\/2020\/06\/Goldenes-Quartier-in-Vienna-in-Austria.jpg\" data-width=\"885\" data-height=\"590\"><noscript><img decoding=\"async\" class=\"lazyload\" alt=\"Goldenes Quartier in Vienna in Austria\" data-id=\"307\" width=\"885\" data-init-width=\"1000\" height=\"590\" data-init-height=\"667\" title=\"Goldenes Quartier in Vienna in Austria\" loading=\"lazy\" src=\"\/\/viennatouristinformation.com\/fr\/wp-content\/uploads\/2020\/06\/Goldenes-Quartier-in-Vienna-in-Austria.jpg\" data-width=\"885\" data-height=\"590\"><\/noscript><\/span><\/p>\n<p>Le Golden Quarter est le quartier commer\u00e7ant le plus exclusif de Vienne. Il est situ\u00e9 en plein centre-ville sur le Graben. Les magasins phares et les boutiques de nombreuses marques de luxe internationales s&rsquo;alignent, \u00e0 commencer par Louis Vuitton, Rolex, Bambini, Chanel et Prada en passant par Etro, Vivienne Westwood, Brunello Cucinelli, Miu Miu, Alexander McQueen et Saint Laurent.<\/p>\n<p>Au Bar Campari dans le Golden Quarter, vous pouvez prendre un d\u00e9licieux petit-d\u00e9jeuner toute la journ\u00e9e. Les restaurants \u00e0 proximit\u00e9 imm\u00e9diate sont tout aussi exclusifs que les boutiques du Golden Quarter et proposent principalement des d\u00e9lices internationaux pour les gourmets.<\/p>\n<p>La cath\u00e9drale Saint-\u00c9tienne, la Hofburg et l&rsquo;Albertina sont tr\u00e8s proches.<\/p>\n<h2 id=\"t-1669294833153\">4. Graben<\/h2>\n<p><span><img decoding=\"async\" class=\"lazyload\" alt=\"Graben in Vienna in Austria\" data-id=\"309\" width=\"885\" data-init-width=\"1000\" height=\"590\" data-init-height=\"667\" title=\"Graben in Vienna in Austria\" loading=\"lazy\" src=\"data:image\/gif;base64,R0lGODlhAQABAIAAAAAAAP\/\/\/yH5BAEAAAAALAAAAAABAAEAAAIBRAA7\" data-src=\"\/\/viennatouristinformation.com\/fr\/wp-content\/uploads\/2020\/06\/Graben-in-Vienna-in-Austria.jpg\" data-width=\"885\" data-height=\"590\"><noscript><img decoding=\"async\" class=\"lazyload\" alt=\"Graben in Vienna in Austria\" data-id=\"309\" width=\"885\" data-init-width=\"1000\" height=\"590\" data-init-height=\"667\" title=\"Graben in Vienna in Austria\" loading=\"lazy\" src=\"\/\/viennatouristinformation.com\/fr\/wp-content\/uploads\/2020\/06\/Graben-in-Vienna-in-Austria.jpg\" data-width=\"885\" data-height=\"590\"><\/noscript><\/span><\/p>\n<p>Le Graben m\u00e8ne du Golden Quarter au d\u00e9but de la K\u00e4rntnerstra\u00dfe \u00e0 la cath\u00e9drale Saint-\u00c9tienne. Ici, les visiteurs fl\u00e2nent entre les boutiques de cr\u00e9ateurs et les boutiques proposant des marques internationales et des marques de luxe. Par exemple, vous pouvez visiter Gerry Weber, Paul &amp; Shark, Marco Polo, Yves Roche, Timberland, Cartier et Versage.<\/p>\n<p>Si vous avez faim, rendez-vous dans l&rsquo;un des nombreux caf\u00e9s ou restaurants. Bien s\u00fbr, en plus de la cuisine internationale, une cuisine <a href=\"https:\/\/viennatouristinformation.com\/fr\/restaurants-vienne\/cuisine-viennoise\/\" style=\"outline: none;\">viennoise<\/a> est \u00e9galement propos\u00e9e. De nombreuses petites ruelles historiques partent du Graben et valent le d\u00e9tour. Le caf\u00e9 traditionnel Hawelka est situ\u00e9 dans la Dorotheergasse.<\/p>\n<p>La colonne de peste viennoise sur le Graben est c\u00e9l\u00e8bre, elle a \u00e9t\u00e9 \u00e9rig\u00e9e en 1679 lors de la derni\u00e8re grande \u00e9pid\u00e9mie de peste sur ordre de l&#8217;empereur L\u00e9opold Ier.<\/p>\n<h2 id=\"t-1669294833154\">5. Kohlmarkt<\/h2>\n<p><span><img decoding=\"async\" class=\"lazyload\" alt=\"Kohlmarkt in Vienna in Austria\" data-id=\"311\" width=\"885\" data-init-width=\"1000\" height=\"590\" data-init-height=\"667\" title=\"Kohlmarkt in Vienna in Austria\" loading=\"lazy\" src=\"data:image\/gif;base64,R0lGODlhAQABAIAAAAAAAP\/\/\/yH5BAEAAAAALAAAAAABAAEAAAIBRAA7\" data-src=\"\/\/viennatouristinformation.com\/fr\/wp-content\/uploads\/2020\/06\/Kohlmarkt-in-Vienna-in-Austria.jpg\" data-width=\"885\" data-height=\"590\"><noscript><img decoding=\"async\" class=\"lazyload\" alt=\"Kohlmarkt in Vienna in Austria\" data-id=\"311\" width=\"885\" data-init-width=\"1000\" height=\"590\" data-init-height=\"667\" title=\"Kohlmarkt in Vienna in Austria\" loading=\"lazy\" src=\"\/\/viennatouristinformation.com\/fr\/wp-content\/uploads\/2020\/06\/Kohlmarkt-in-Vienna-in-Austria.jpg\" data-width=\"885\" data-height=\"590\"><\/noscript><\/span><\/p>\n<p>Le Kohlmarkt commence \u00e0 Michaelerplatz devant l&rsquo;entr\u00e9e de la Hofburg et s&rsquo;\u00e9tend jusqu&rsquo;au Graben. Il est accessible via la station de m\u00e9tro Herrengasse.<\/p>\n<p>Les marques de luxe ont notamment ouvert des boutiques le long du Kohlmarkt. Le joaillier new-yorkais Tiffany &amp; Co \u00e9tait autrefois le fournisseur de la cour imp\u00e9riale et royale et poss\u00e8de d\u00e9sormais un magasin phare sur Kohlmarkt. Les boutiques de Chopard, Diesel, Giorgio Armani, Dolce &amp; Gabbana, Gucci, Prada et Karl Lagerfeld, entre autres, peuvent \u00eatre trouv\u00e9es ici.<\/p>\n<p>Au Kohlmarkt num\u00e9ro 14 se trouve le KuK Hofzuckerb\u00e4ckerei Demel, l&rsquo;une des confiseries les plus connues et traditionnelles de Vienne. L&rsquo;entreprise porte le titre de \u00ab\u00a0kuk Hofzuckerb\u00e4cker\u00a0\u00bb, qui signifie quelque chose comme confiseur de la cour imp\u00e9riale et royale, depuis 1874 \u00e0 ce jour.<\/p>\n<p>Au bout du Kohlmarkt am Graben se trouve l&rsquo;\u00e9picerie fine \u00ab\u00a0Meinl am Graben\u00a0\u00bb. Avec 17 000 articles, le magasin phare de Julius Meinl est la plus grande \u00e9picerie fine d&rsquo;Autriche.<\/p>\n<h2 id=\"t-1669294833155\">6. Landstrasser Hauptstrasse<\/h2>\n<p><span><img decoding=\"async\" class=\"lazyload\" alt=\"Landstra\u00dfer Hauptstra\u00dfe in Vienna in Austria\" data-id=\"313\" width=\"885\" data-init-width=\"1000\" height=\"590\" data-init-height=\"667\" title=\"Landstra\u00dfer Hauptstra\u00dfe in Vienna in Austria\" loading=\"lazy\" src=\"data:image\/gif;base64,R0lGODlhAQABAIAAAAAAAP\/\/\/yH5BAEAAAAALAAAAAABAAEAAAIBRAA7\" data-src=\"\/\/viennatouristinformation.com\/fr\/wp-content\/uploads\/2020\/06\/Landstra\u00dfer-Hauptstra\u00dfe-in-Vienna-in-Austria.jpg\" data-width=\"885\" data-height=\"590\"><noscript><img decoding=\"async\" class=\"lazyload\" alt=\"Landstra\u00dfer Hauptstra\u00dfe in Vienna in Austria\" data-id=\"313\" width=\"885\" data-init-width=\"1000\" height=\"590\" data-init-height=\"667\" title=\"Landstra\u00dfer Hauptstra\u00dfe in Vienna in Austria\" loading=\"lazy\" src=\"\/\/viennatouristinformation.com\/fr\/wp-content\/uploads\/2020\/06\/Landstra\u00dfer-Hauptstra\u00dfe-in-Vienna-in-Austria.jpg\" data-width=\"885\" data-height=\"590\"><\/noscript><\/span><\/p>\n<p>Landstra\u00dfer Hauptstra\u00dfe est une rue commer\u00e7ante du 3\u00e8me arrondissement de Vienne, les Viennois l&rsquo;appellent simplement \u00ab\u00a0Landstra\u00dfe\u00a0\u00bb.<\/p>\n<p>La station de m\u00e9tro du m\u00eame nom m\u00e8ne directement au milieu de la rue. Il est \u00e9galement accessible via la station de m\u00e9tro Rochusgasse. Si vous descendez de l\u00e0, vous \u00eates juste au Rochusmarkt, qui avec 40 \u00e9tals est l&rsquo;un des plus petits <a href=\"https:\/\/viennatouristinformation.com\/fr\/shopping\/marches\/\" style=\"outline: none;\">march\u00e9s de Vienne<\/a> . Il \u00e9tait autrefois connu sous le nom d&rsquo;Augustinermarkt. A proximit\u00e9 se trouve le centre commercial Galleria. Des marques comme Mueller, C&amp;A, Depot, Sportsdirect, DM et Spar y sont chez elles.<\/p>\n<p>Un magasin d&rsquo;occasion Humana et Fareone by BN-Fashion sont \u00e9galement situ\u00e9s sur Landstra\u00dfer Hauptstra\u00dfe, tout comme le centre commercial The Mall.<\/p>\n<p>Le paysage de rue est caract\u00e9ris\u00e9 par de larges trottoirs avec beaucoup de verdure et de nombreux h\u00f4tels et banques. De nombreux restaurants et caf\u00e9s vous invitent \u00e0 vous d\u00e9tendre.<\/p>\n<p>La maison Hundertwasser et la Kunst Haus Wien ainsi que <a href=\"https:\/\/viennatouristinformation.com\/fr\/choses-a-faire\/chateaux\/belvedere\/\" style=\"outline: none;\">le palais du Belv\u00e9d\u00e8re<\/a> vous invitent \u00e0 faire des excursions dans les environs.<\/p>\n<h2 id=\"t-1669294833156\">7. Favoritenstra\u00dfe<\/h2>\n<p><span><img decoding=\"async\" class=\"lazyload\" alt=\"Favoritenstra\u00dfe in Vienna in Austria\" data-id=\"315\" width=\"885\" data-init-width=\"1000\" height=\"590\" data-init-height=\"667\" title=\"Favoritenstra\u00dfe in Vienna in Austria\" loading=\"lazy\" src=\"data:image\/gif;base64,R0lGODlhAQABAIAAAAAAAP\/\/\/yH5BAEAAAAALAAAAAABAAEAAAIBRAA7\" data-src=\"\/\/viennatouristinformation.com\/fr\/wp-content\/uploads\/2020\/06\/Favoritenstra\u00dfe-in-Vienna-in-Austria.jpg\" data-width=\"885\" data-height=\"590\"><noscript><img decoding=\"async\" class=\"lazyload\" alt=\"Favoritenstra\u00dfe in Vienna in Austria\" data-id=\"315\" width=\"885\" data-init-width=\"1000\" height=\"590\" data-init-height=\"667\" title=\"Favoritenstra\u00dfe in Vienna in Austria\" loading=\"lazy\" src=\"\/\/viennatouristinformation.com\/fr\/wp-content\/uploads\/2020\/06\/Favoritenstra\u00dfe-in-Vienna-in-Austria.jpg\" data-width=\"885\" data-height=\"590\"><\/noscript><\/span><\/p>\n<p>Favoritenstrasse s&rsquo;\u00e9tend de <a href=\"https:\/\/viennatouristinformation.com\/fr\/organisez-votre-voyage-a-vienne\/arrivee\/gare-centrale\/\" style=\"outline: none;\">la gare centrale de Vienne<\/a> au 10e arrondissement. Il est facilement accessible via les stations de m\u00e9tro Troststrasse, Reumannplatz et Hauptbahnhof (S\u00fcdtiroler-Platz).<\/p>\n<p>Des marques internationales et locales bien connues et des entreprises familiales qui vendent des produits \u00e0 des prix abordables se trouvent dans la Favoritenstrasse, qui est en partie con\u00e7ue comme une zone pi\u00e9tonne.<\/p>\n<p>Si vous en avez envie, vous pouvez visiter le march\u00e9 Viktor Adler, connu pour ses aboyeurs bruyants. Il y a aussi de nombreux petits bars \u00e0 proximit\u00e9.<\/p>\n<p>La rue Favorite doit son nom \u00e0 l&rsquo;ancien palais de plaisance imp\u00e9rial Favorita, construit en 1623. Aujourd&rsquo;hui, le Theresianum, une \u00e9cole priv\u00e9e, se trouve ici.<\/p>\n<h2 id=\"t-1669294833157\">8. Spittelberg<\/h2>\n<p><span><img decoding=\"async\" class=\"lazyload\" alt=\"Spittelberg in Vienna in Austria\" data-id=\"317\" width=\"885\" data-init-width=\"1000\" height=\"590\" data-init-height=\"667\" title=\"Spittelberg in Vienna in Austria\" loading=\"lazy\" src=\"data:image\/gif;base64,R0lGODlhAQABAIAAAAAAAP\/\/\/yH5BAEAAAAALAAAAAABAAEAAAIBRAA7\" data-src=\"\/\/viennatouristinformation.com\/fr\/wp-content\/uploads\/2020\/06\/Spittelberg-in-Vienna-in-Austria.jpg\" data-width=\"885\" data-height=\"590\"><noscript><img decoding=\"async\" class=\"lazyload\" alt=\"Spittelberg in Vienna in Austria\" data-id=\"317\" width=\"885\" data-init-width=\"1000\" height=\"590\" data-init-height=\"667\" title=\"Spittelberg in Vienna in Austria\" loading=\"lazy\" src=\"\/\/viennatouristinformation.com\/fr\/wp-content\/uploads\/2020\/06\/Spittelberg-in-Vienna-in-Austria.jpg\" data-width=\"885\" data-height=\"590\"><\/noscript><\/span><\/p>\n<p>Le Spittelberg est le centre de la Vienne alternative dans le 7\u00e8me arrondissement de Vienne. En plus des tavernes viennoises traditionnelles &#8211; une taverne est un pub &#8211; le quartier cosy compte \u00e9galement de nouveaux bars chics, de nombreux pubs, des petits commerces et des boutiques qui invitent \u00e0 fl\u00e2ner et fl\u00e2ner.<\/p>\n<p>Les nombreuses maisons Biedermeier bien conserv\u00e9es et les petites rues romantiques qui rappellent un village sont caract\u00e9ristiques. Le march\u00e9 de <a href=\"https:\/\/viennatouristinformation.com\/fr\/shopping\/marches-de-noel\/\" style=\"outline: none;\">No\u00ebl<\/a> de Spittelberg est particuli\u00e8rement connu. L&rsquo;offre culturelle est \u00e9galement diversifi\u00e9e, de nombreux artistes et performeurs se sont install\u00e9s ici<\/p>\n<h2 id=\"t-1669294833158\">9. Rotenturmstra\u00dfe<\/h2>\n<p><span><img decoding=\"async\" class=\"lazyload\" alt=\"Rotenturmstra\u00dfe in Vienna in Austria\" data-id=\"319\" width=\"885\" data-init-width=\"1000\" height=\"590\" data-init-height=\"667\" title=\"Rotenturmstra\u00dfe in Vienna in Austria\" loading=\"lazy\" src=\"data:image\/gif;base64,R0lGODlhAQABAIAAAAAAAP\/\/\/yH5BAEAAAAALAAAAAABAAEAAAIBRAA7\" data-src=\"\/\/viennatouristinformation.com\/fr\/wp-content\/uploads\/2020\/06\/Rotenturmstra\u00dfe-in-Vienna-in-Austria.jpg\" data-width=\"885\" data-height=\"590\"><noscript><img decoding=\"async\" class=\"lazyload\" alt=\"Rotenturmstra\u00dfe in Vienna in Austria\" data-id=\"319\" width=\"885\" data-init-width=\"1000\" height=\"590\" data-init-height=\"667\" title=\"Rotenturmstra\u00dfe in Vienna in Austria\" loading=\"lazy\" src=\"\/\/viennatouristinformation.com\/fr\/wp-content\/uploads\/2020\/06\/Rotenturmstra\u00dfe-in-Vienna-in-Austria.jpg\" data-width=\"885\" data-height=\"590\"><\/noscript><\/span><\/p>\n<p>La Rotenturmstra\u00dfe est situ\u00e9e entre la cath\u00e9drale Saint-\u00c9tienne et la Schwedenplatz et est facilement accessible en m\u00e9tro via les arr\u00eats Schwedenplatz ou Stephansplatz. Les cal\u00e8ches \u00e0 deux chevaux, avec lesquelles vous pouvez faire un aller-retour, sont particuli\u00e8rement appr\u00e9ci\u00e9es des visiteurs du monde entier. &nbsp;<\/p>\n<p>En plus de certaines cha\u00eenes de mode comme Intimissimi et Blue Tomato, de nombreux petits magasins et boutiques ainsi que de nombreuses boutiques de souvenirs vous invitent \u00e0 fl\u00e2ner.<\/p>\n<p>De nombreux restaurants vous permettent de faire une pause, et il existe \u00e9galement des moyens d&rsquo;assouvir votre faim dans les rues lat\u00e9rales plus calmes. Si vous le souhaitez, vous pouvez grignoter des tranches dans le magasin phare Manner de la cath\u00e9drale Saint-\u00c9tienne, si vous avez soif, vous pouvez faire une pause dans le c\u00e9l\u00e8bre Hard Rock Caf\u00e9, qui vous invite \u00e0 visiter avec sa terrasse ext\u00e9rieure spacieuse et anim\u00e9e bar.<\/p>\n<h2 id=\"t-1669294833159\">10. Ligne de laine<\/h2>\n<p><span><img decoding=\"async\" class=\"lazyload\" alt=\"Wollzeile in Vienna in Austria\" data-id=\"321\" width=\"885\" data-init-width=\"1000\" height=\"590\" data-init-height=\"667\" title=\"Wollzeile in Vienna in Austria\" loading=\"lazy\" src=\"data:image\/gif;base64,R0lGODlhAQABAIAAAAAAAP\/\/\/yH5BAEAAAAALAAAAAABAAEAAAIBRAA7\" data-src=\"\/\/viennatouristinformation.com\/fr\/wp-content\/uploads\/2020\/06\/Wollzeile-in-Vienna-in-Austria.jpg\" data-width=\"885\" data-height=\"590\"><noscript><img decoding=\"async\" class=\"lazyload\" alt=\"Wollzeile in Vienna in Austria\" data-id=\"321\" width=\"885\" data-init-width=\"1000\" height=\"590\" data-init-height=\"667\" title=\"Wollzeile in Vienna in Austria\" loading=\"lazy\" src=\"\/\/viennatouristinformation.com\/fr\/wp-content\/uploads\/2020\/06\/Wollzeile-in-Vienna-in-Austria.jpg\" data-width=\"885\" data-height=\"590\"><\/noscript><\/span><\/p>\n<p>Wollzeile se trouve \u00e0 quelques minutes \u00e0 pied de la Stephansplatz. Il est accessible via la station de m\u00e9tro Stubentor ou \u00e0 pied depuis la Stephansplatz.<\/p>\n<p>Dans la petite ruelle se trouvent de nombreux petits commerces, notamment des librairies et des papeteries. Il y a aussi du th\u00e9 et des produits naturels et bien s\u00fbr de la mode.<\/p>\n<p>R\u00e9cemment, des restaurants et des caf\u00e9s ont ouvert dans la rue. Le restaurant traditionnel \u00ab\u00a0Figlm\u00fcller\u00a0\u00bb, qui est devenu c\u00e9l\u00e8bre pour le Wiener Schnitzel et est souvent c\u00e9l\u00e9br\u00e9 comme son lieu de naissance, m\u00e9rite particuli\u00e8rement d&rsquo;\u00eatre mentionn\u00e9. La carte est tr\u00e8s claire avec seulement quelques plats, mais elle n&rsquo;en est que meilleure.<\/p>\n<p>Si vous n&rsquo;avez pas envie de schnitzel, rendez-vous au \u00ab\u00a0Plachutta\u00a0\u00bb, c\u00e9l\u00e8bre pour son b\u0153uf bouilli.<\/p>\n<p style=\"text-align: center;\"><a href=\"https:\/\/www.google.com\/maps\/d\/u\/1\/viewer?hl=en&amp;mid=1oAjXz27VK0spRxCELElPbRrqR3_t8j9g&amp;ll=48.19148838439195%2C16.367175800000027&amp;z=14\" target=\"_blank\" rel=\"noopener\">(lien vers la carte)<\/a><\/p>\n","protected":false},"excerpt":{"rendered":"<p>Des rues commer\u00e7antes parcourent tous les quartiers de Vienne. Ici, nous avons rassembl\u00e9 les kilom\u00e8tres de shopping les plus longs, les plus visit\u00e9s et les plus exclusifs de la ville. Cela inclut \u00e9galement les rues pour faire du shopping, manger et se pr\u00e9lasser. 1. Mariahilferstra\u00dfe La Mariahilferstra\u00dfe int\u00e9rieure, de la Westbahnhof au Museumsquartier, est la [&hellip;]<\/p>\n","protected":false},"author":17,"featured_media":301,"parent":1464,"menu_order":0,"comment_status":"closed","ping_status":"closed","template":"","meta":{"footnotes":""},"tags":[],"class_list":["post-238","page","type-page","status-publish","has-post-thumbnail","hentry","post-wrapper","thrv_wrapper"],"_links":{"self":[{"href":"https:\/\/viennatouristinformation.com\/fr\/wp-json\/wp\/v2\/pages\/238","targetHints":{"allow":["GET"]}}],"collection":[{"href":"https:\/\/viennatouristinformation.com\/fr\/wp-json\/wp\/v2\/pages"}],"about":[{"href":"https:\/\/viennatouristinformation.com\/fr\/wp-json\/wp\/v2\/types\/page"}],"author":[{"embeddable":true,"href":"https:\/\/viennatouristinformation.com\/fr\/wp-json\/wp\/v2\/users\/17"}],"replies":[{"embeddable":true,"href":"https:\/\/viennatouristinformation.com\/fr\/wp-json\/wp\/v2\/comments?post=238"}],"version-history":[{"count":0,"href":"https:\/\/viennatouristinformation.com\/fr\/wp-json\/wp\/v2\/pages\/238\/revisions"}],"up":[{"embeddable":true,"href":"https:\/\/viennatouristinformation.com\/fr\/wp-json\/wp\/v2\/pages\/1464"}],"wp:featuredmedia":[{"embeddable":true,"href":"https:\/\/viennatouristinformation.com\/fr\/wp-json\/wp\/v2\/media\/301"}],"wp:attachment":[{"href":"https:\/\/viennatouristinformation.com\/fr\/wp-json\/wp\/v2\/media?parent=238"}],"wp:term":[{"taxonomy":"post_tag","embeddable":true,"href":"https:\/\/viennatouristinformation.com\/fr\/wp-json\/wp\/v2\/tags?post=238"}],"curies":[{"name":"wp","href":"https:\/\/api.w.org\/{rel}","templated":true}]}}