{"id":241,"date":"2020-06-23T12:52:35","date_gmt":"2020-06-23T10:52:35","guid":{"rendered":"http:\/\/viennatouristinformation.com\/fr\/?page_id=241"},"modified":"2023-06-02T10:00:43","modified_gmt":"2023-06-02T08:00:43","slug":"centres-commerciaux","status":"publish","type":"page","link":"https:\/\/viennatouristinformation.com\/fr\/shopping\/centres-commerciaux\/","title":{"rendered":"Top 10 des Centres Commerciaux \u00e0 Vienne"},"content":{"rendered":"<h2 id=\"t-1669295397398\" data-hide=\"true\">Il y a plus de 35 centres commerciaux \u00e0 Vienne.<\/h2>\n<p>Des marques internationales y sont repr\u00e9sent\u00e9es ainsi que des marques r\u00e9gionales reconnues et des boutiques exclusives.<\/p>\n<p>Les visiteurs peuvent se d\u00e9tendre lors d&rsquo;une pause shopping dans les restaurants, bistros et caf\u00e9s.<\/p>\n<p>Voici une s\u00e9lection des centres commerciaux les plus c\u00e9l\u00e8bres et les plus grands de Vienne.<\/p>\n<p>Les heures d&rsquo;ouverture exactes peuvent \u00eatre trouv\u00e9es sur le site Web concern\u00e9; les centres commerciaux de Vienne sont g\u00e9n\u00e9ralement ferm\u00e9s le dimanche.<\/p>\n<h2 id=\"t-1669295397399\">1. Ville commer\u00e7ante Sud<\/h2>\n<p><span><img decoding=\"async\" class=\"lazyload\" alt=\"Shopping City S\u00fcd in Vienna in Austria\" data-id=\"278\" width=\"885\" data-init-width=\"1000\" height=\"590\" data-init-height=\"667\" title=\"Shopping City S\u00fcd in Vienna in Austria\" loading=\"lazy\" src=\"data:image\/gif;base64,R0lGODlhAQABAIAAAAAAAP\/\/\/yH5BAEAAAAALAAAAAABAAEAAAIBRAA7\" data-src=\"\/\/viennatouristinformation.com\/fr\/wp-content\/uploads\/2020\/06\/Shopping-City-S\u00fcd-in-Vienna-in-Austria.jpg\" data-width=\"885\" data-height=\"590\"><noscript><img decoding=\"async\" class=\"lazyload\" alt=\"Shopping City S\u00fcd in Vienna in Austria\" data-id=\"278\" width=\"885\" data-init-width=\"1000\" height=\"590\" data-init-height=\"667\" title=\"Shopping City S\u00fcd in Vienna in Austria\" loading=\"lazy\" src=\"\/\/viennatouristinformation.com\/fr\/wp-content\/uploads\/2020\/06\/Shopping-City-S\u00fcd-in-Vienna-in-Austria.jpg\" data-width=\"885\" data-height=\"590\"><\/noscript><\/span><\/p>\n<p>Un peu en dehors de Vienne \u00e0 V\u00f6sendorf se trouve le plus grand centre commercial d&rsquo;Autriche, avec 330 magasins le SCS est m\u00eame l&rsquo;un des plus grands centres commerciaux d&rsquo;Europe. Les visiteurs se voient proposer un m\u00e9lange de succursales de cha\u00eenes bien connues telles que Pull&amp;Bear, Hollister, Footlocker, Jack Wolfskin, Lacoste Blue Tomato, Peek&amp;Cloppenburg, UCI et Primark ainsi que des boutiques plus petites.<\/p>\n<p>L&rsquo;Ikea du SCS occupe pr\u00e8s d&rsquo;un cinqui\u00e8me de la surface totale.<\/p>\n<p>De nombreux restaurants et snacks du SCS vous invitent \u00e0 faire une pause, que ce soit des p\u00e2tes, des pizzas ou des sushis, que ce soit des plats \u00e0 emporter ou un endroit cosy, tout se trouve ici.<\/p>\n<p>Apr\u00e8s le shopping, vous pourrez regarder l&rsquo;un des derniers blockbusters au cin\u00e9ma SCS UCI.<\/p>\n<p>Le centre commercial City S\u00fcd propose des navettes pour les transferts vers le centre-ville, Car2go est disponible pour les clients VIP, et ceux qui le souhaitent peuvent utiliser le service Uber.<\/p>\n<h2 id=\"t-1669295397400\">2. Le centre commercial \u2013 Mitte de Vienne<\/h2>\n<p><span><img decoding=\"async\" class=\"lazyload\" alt=\"The Mall \u2013 Wien Mitte in Vienna in Austria\" data-id=\"280\" width=\"885\" data-init-width=\"1000\" height=\"590\" data-init-height=\"667\" title=\"The Mall \u2013 Wien Mitte in Vienna in Austria\" loading=\"lazy\" src=\"data:image\/gif;base64,R0lGODlhAQABAIAAAAAAAP\/\/\/yH5BAEAAAAALAAAAAABAAEAAAIBRAA7\" data-src=\"\/\/viennatouristinformation.com\/fr\/wp-content\/uploads\/2020\/06\/The-Mall-\u2013-Wien-Mitte-in-Vienna-in-Austria.jpg\" data-width=\"885\" data-height=\"590\"><noscript><img decoding=\"async\" class=\"lazyload\" alt=\"The Mall \u2013 Wien Mitte in Vienna in Austria\" data-id=\"280\" width=\"885\" data-init-width=\"1000\" height=\"590\" data-init-height=\"667\" title=\"The Mall \u2013 Wien Mitte in Vienna in Austria\" loading=\"lazy\" src=\"\/\/viennatouristinformation.com\/fr\/wp-content\/uploads\/2020\/06\/The-Mall-\u2013-Wien-Mitte-in-Vienna-in-Austria.jpg\" data-width=\"885\" data-height=\"590\"><\/noscript><\/span><\/p>\n<p>Le centre commercial The Mall est situ\u00e9 en plein centre-ville, avec plus de 50 boutiques, c&rsquo;est le plus grand centre commercial en plein c\u0153ur de Vienne. Son architecture moderne dialogue avec la Vienne historique du quartier.<\/p>\n<p>De nombreuses boutiques de marques internationales vous invitent \u00e0 fl\u00e2ner ici, par exemple David Jones, Hutchison, H&amp;M, Swarovski, Deichmann, Douglas, The Body Shop et bien d&rsquo;autres. Media Markt est \u00e9galement repr\u00e9sent\u00e9 avec une succursale. Vous pouvez faire vos courses chez Interspar, l&rsquo;Interspar Pronto est m\u00eame ouvert le dimanche.<\/p>\n<p>Si vous avez faim, il existe diff\u00e9rents restaurants et caf\u00e9s o\u00f9 vous pourrez vous reposer, McDonalds est \u00e9galement repr\u00e9sent\u00e9, ainsi qu&rsquo;un bar \u00e0 sushi, Vapiano, HENRY-The Art of Living et un bar \u00e0 jus Rauch.<\/p>\n<p>Le Mall fait partie du quartier de Wien Mitte et se situe juste \u00e0 c\u00f4t\u00e9 de la station de m\u00e9tro du m\u00eame nom. <a href=\"https:\/\/viennatouristinformation.com\/fr\/choses-a-faire\/\" style=\"outline: none;\">Des sites<\/a> tels que le parc de la ville, la <a href=\"https:\/\/viennatouristinformation.com\/fr\/choses-a-faire\/eglises\/saint-charles\/\" style=\"outline: none;\">Karlskirche<\/a>&nbsp;et\u200b<a href=\"https:\/\/viennatouristinformation.com\/fr\/choses-a-faire\/theatres\/opera-detat\/\"> l&rsquo;op\u00e9ra <\/a>ne sont qu&rsquo;\u00e0 quelques minutes \u00e0 pied .<\/p>\n<h2 id=\"t-1669295397401\">3. Gerngross<\/h2>\n<p><span><img decoding=\"async\" class=\"lazyload\" alt=\"Gerngross in Vienna in Austria\" data-id=\"282\" width=\"885\" data-init-width=\"1000\" height=\"590\" data-init-height=\"667\" title=\"Gerngross in Vienna in Austria\" loading=\"lazy\" src=\"data:image\/gif;base64,R0lGODlhAQABAIAAAAAAAP\/\/\/yH5BAEAAAAALAAAAAABAAEAAAIBRAA7\" data-src=\"\/\/viennatouristinformation.com\/fr\/wp-content\/uploads\/2020\/06\/Gerngross-in-Vienna-in-Austria.jpg\" data-width=\"885\" data-height=\"590\"><noscript><img decoding=\"async\" class=\"lazyload\" alt=\"Gerngross in Vienna in Austria\" data-id=\"282\" width=\"885\" data-init-width=\"1000\" height=\"590\" data-init-height=\"667\" title=\"Gerngross in Vienna in Austria\" loading=\"lazy\" src=\"\/\/viennatouristinformation.com\/fr\/wp-content\/uploads\/2020\/06\/Gerngross-in-Vienna-in-Austria.jpg\" data-width=\"885\" data-height=\"590\"><\/noscript><\/span><\/p>\n<p>Contrairement \u00e0 ce que son nom pourrait sugg\u00e9rer, Gerngross est un centre commercial plut\u00f4t petit sur la Mariahilferstrasse. R\u00e9partis sur cinq \u00e9tages, vous trouverez Billy Jeans, Wolford, Zara, Esprit, Tom Tailor Betty Barclay Bandolera et bien d&rsquo;autres. Il y a un supermarch\u00e9 Merkur au rez-de-chauss\u00e9e.<\/p>\n<p>Le magasin d&rsquo;\u00e9lectronique Saturn occupe tout le quatri\u00e8me \u00e9tage et une partie du cinqui\u00e8me. L&rsquo;aire de restauration est \u00e9galement au cinqui\u00e8me \u00e9tage. Le restaurant japonais Akakiko m\u00e9rite particuli\u00e8rement d&rsquo;\u00eatre mentionn\u00e9. Le toit-terrasse du Gerngross offre une vue panoramique sur la ville en \u00e9t\u00e9.<\/p>\n<p>Les restaurants et les bars du cinqui\u00e8me \u00e9tage sont accessibles par un ascenseur s\u00e9par\u00e9 et sont donc \u00e9galement accessibles en dehors des heures d&rsquo;ouverture du centre commercial. Depuis f\u00e9vrier 2020, la galerie BURN-IN a ouvert ses portes \u00e0 Gerngross.<\/p>\n<p>L&rsquo;art contemporain y est expos\u00e9. &nbsp;Il y a une connexion directe \u00e0 la station de m\u00e9tro Neubaugasse, \u00e0 partir de laquelle le sous-sol de Gerngross peut \u00eatre atteint directement. De nombreux sites et institutions culturelles tels que le quartier des mus\u00e9es sont tr\u00e8s proches.<\/p>\n<h2 id=\"t-1669295397402\">4. Centre du Danube<\/h2>\n<p>260 boutiques sont r\u00e9parties dans le centre.<\/p>\n<p>La gamme est vaste, vous pouvez donc trouver Hollister, Superdry, Pull&amp;Bear et la marque de cosm\u00e9tiques KIKO ; ces marques ne peuvent \u00eatre trouv\u00e9es nulle part ailleurs \u00e0 Vienne. Le seul magasin GAP de toute l&rsquo;Autriche et le seul magasin de la marque de th\u00e9 franco-russe KUSMI Tea sont \u00e9galement situ\u00e9s \u00e0 Donaucity.<\/p>\n<p>L&rsquo;espace gastronomique appel\u00e9 \u00ab\u00a0Kitchen\u00a0\u00bb au 1er niveau a quelque chose \u00e0 offrir pour tous les go\u00fbts avec plus de 55 restaurants, caf\u00e9s et bars. Au 3\u00e8me \u00e9tage se trouve le club enfants \u00ab\u00a0Paletti\u00a0\u00bb o\u00f9 les enfants \u00e0 partir de 2 ans peuvent jouer pendant que vous faites vos courses.<\/p>\n<p>Le Cineplexx \u00e9quip\u00e9 de fa\u00e7on moderne avec 13 cin\u00e9mas propose des divertissements pour petits et grands.<\/p>\n<p>Le Donau Zentrum est accessible avec le U1 via l&rsquo;arr\u00eat Kagran. Le trajet dure environ 20 minutes depuis la Stephansplatz. Si vous en avez envie, vous pouvez visiter le parc du Danube avec la <a href=\"https:\/\/viennatouristinformation.com\/fr\/choses-a-faire\/attractions\/tour-du-danube\/\" style=\"outline: none;\">tour<\/a> du Danube , qui se trouve \u00e0 une station de m\u00e9tro en direction du centre-ville.<\/p>\n<h2 id=\"t-1669295397403\">5. Gare centrale &#8211; BahnhofCity<\/h2>\n<p><span><img decoding=\"async\" class=\"lazyload\" alt=\"Hauptbahnhof - BahnhofCity in Vienna in Austria\" data-id=\"287\" width=\"885\" data-init-width=\"1000\" height=\"590\" data-init-height=\"667\" title=\"Hauptbahnhof - BahnhofCity in Vienna in Austria\" loading=\"lazy\" src=\"data:image\/gif;base64,R0lGODlhAQABAIAAAAAAAP\/\/\/yH5BAEAAAAALAAAAAABAAEAAAIBRAA7\" data-src=\"\/\/viennatouristinformation.com\/fr\/wp-content\/uploads\/2020\/06\/Hauptbahnhof-BahnhofCity-in-Vienna-in-Austria.jpg\" data-width=\"885\" data-height=\"590\"><noscript><img decoding=\"async\" class=\"lazyload\" alt=\"Hauptbahnhof - BahnhofCity in Vienna in Austria\" data-id=\"287\" width=\"885\" data-init-width=\"1000\" height=\"590\" data-init-height=\"667\" title=\"Hauptbahnhof - BahnhofCity in Vienna in Austria\" loading=\"lazy\" src=\"\/\/viennatouristinformation.com\/fr\/wp-content\/uploads\/2020\/06\/Hauptbahnhof-BahnhofCity-in-Vienna-in-Austria.jpg\" data-width=\"885\" data-height=\"590\"><\/noscript><\/span><\/p>\n<p>Le centre commercial BahnhofCity est situ\u00e9 dans le hall de la <a href=\"https:\/\/viennatouristinformation.com\/fr\/organisez-votre-voyage-a-vienne\/arrivee\/gare-centrale\/\" style=\"outline: none;\">gare principale sous les voies. <\/a>Le centre a rouvert en octobre 2014. Les commerces sont r\u00e9partis sur deux niveaux. Des marques internationales telles que Deichmann, Intimissimi, Manner, Tom&amp;Nike et bien d&rsquo;autres sont propos\u00e9es sur 20 000 m2. Il y a aussi un supermarch\u00e9 Interspar.<\/p>\n<p>Dans l&rsquo;aire de restauration, de nombreux caf\u00e9s, boulangeries et restaurants vous invitent \u00e0 vous attarder. La connexion au <a href=\"https:\/\/viennatouristinformation.com\/fr\/organisez-votre-voyage-a-vienne\/transports-en-commun-a-vienne\/\" style=\"outline: none;\">r\u00e9seau de transport en commun<\/a> est id\u00e9ale, il existe de nombreuses liaisons vers le centre-ville.<\/p>\n<p>Avec le S7, vous pouvez \u00eatre \u00e0 Wien Mitte ou Wien Praterstern en quelques minutes seulement. Les deux sont d&rsquo;importants centres de transport \u00e0 Vienne et offrent des options de transfert vers le r\u00e9seau S-Bahn et U-Bahn de Vienne.<\/p>\n<h2 id=\"t-1669295397404\">6. Gare de l&rsquo;Ouest &#8211; Gare de la ville<\/h2>\n<p><span><img decoding=\"async\" class=\"lazyload\" alt=\"Westbahnhof - Bahnhof City in Vienna in Austria\" data-id=\"289\" width=\"885\" data-init-width=\"1000\" height=\"590\" data-init-height=\"667\" title=\"Westbahnhof - Bahnhof City in Vienna in Austria\" loading=\"lazy\" src=\"data:image\/gif;base64,R0lGODlhAQABAIAAAAAAAP\/\/\/yH5BAEAAAAALAAAAAABAAEAAAIBRAA7\" data-src=\"\/\/viennatouristinformation.com\/fr\/wp-content\/uploads\/2020\/06\/Westbahnhof-Bahnhof-City-in-Vienna-in-Austria.jpg\" data-width=\"885\" data-height=\"590\"><noscript><img decoding=\"async\" class=\"lazyload\" alt=\"Westbahnhof - Bahnhof City in Vienna in Austria\" data-id=\"289\" width=\"885\" data-init-width=\"1000\" height=\"590\" data-init-height=\"667\" title=\"Westbahnhof - Bahnhof City in Vienna in Austria\" loading=\"lazy\" src=\"\/\/viennatouristinformation.com\/fr\/wp-content\/uploads\/2020\/06\/Westbahnhof-Bahnhof-City-in-Vienna-in-Austria.jpg\" data-width=\"885\" data-height=\"590\"><\/noscript><\/span><\/p>\n<p>Le centre commercial Westbahnhof est situ\u00e9 au bout de la plus longue <a href=\"https:\/\/viennatouristinformation.com\/fr\/shopping\/rues-commercantes\/\" style=\"outline: none;\">rue commer\u00e7ante de Vienne<\/a> , la Mariahilferstrasse. Il est int\u00e9gr\u00e9 au b\u00e2timent Westbahnhof, dont le hall de gare historique a \u00e9t\u00e9 construit en 1858 et est un b\u00e2timent class\u00e9.<\/p>\n<p>Les marques internationales sont pr\u00e9sentes dans 90 magasins r\u00e9partis sur 3 niveaux. De la mode et des bijoux, des cosm\u00e9tiques et des chaussures \u00e0 la technologie, tout est repr\u00e9sent\u00e9 ici.<\/p>\n<p>Vous y trouverez des succursales de Deichmann, Cyberport, DM, Merkur, Thalia, Orsay, Tom Tailor, entre autres. Press&amp;More propose les derniers journaux et magazines, et des \u00e9piceries peuvent \u00eatre trouv\u00e9es \u00e0 Biba, entre autres.<\/p>\n<p>Une connexion Wi-Fi gratuite est disponible pour les visiteurs dans toute l&rsquo;aire de restauration et \u00e0 l&rsquo;\u00e9tage au niveau E1. Le centre commercial est populaire en raison de sa proximit\u00e9 avec Mariahilferstrasse, qui n&rsquo;est qu&rsquo;\u00e0 un jet de pierre et est l&rsquo;une des rues commer\u00e7antes les plus anim\u00e9es de Vienne.<\/p>\n<p>Le centre commercial est accessible via la station de m\u00e9tro Westbahnhof.<\/p>\n<h2 id=\"t-1669295397405\">7. Designer Outlet Parndorf<\/h2>\n<p><span><img decoding=\"async\" class=\"lazyload\" alt=\"Designer-Outlet Parndorf in Vienna in Austria\" data-id=\"291\" width=\"885\" data-init-width=\"1000\" height=\"590\" data-init-height=\"667\" title=\"Designer-Outlet Parndorf in Vienna in Austria\" loading=\"lazy\" src=\"data:image\/gif;base64,R0lGODlhAQABAIAAAAAAAP\/\/\/yH5BAEAAAAALAAAAAABAAEAAAIBRAA7\" data-src=\"\/\/viennatouristinformation.com\/fr\/wp-content\/uploads\/2020\/06\/Designer-Outlet-Parndorf-in-Vienna-in-Austria.jpg\" data-width=\"885\" data-height=\"590\"><noscript><img decoding=\"async\" class=\"lazyload\" alt=\"Designer-Outlet Parndorf in Vienna in Austria\" data-id=\"291\" width=\"885\" data-init-width=\"1000\" height=\"590\" data-init-height=\"667\" title=\"Designer-Outlet Parndorf in Vienna in Austria\" loading=\"lazy\" src=\"\/\/viennatouristinformation.com\/fr\/wp-content\/uploads\/2020\/06\/Designer-Outlet-Parndorf-in-Vienna-in-Austria.jpg\" data-width=\"885\" data-height=\"590\"><\/noscript><\/span><\/p>\n<p>Parndorf est une petite commune du district de Neusiedl am See dans le Burgenland qui compte environ 5 000 habitants. Le Designer Outlet Center est le premier centre de magasins d&rsquo;usine d&rsquo;Autriche.<\/p>\n<p>Il a ouvert en 1998 avec \u00e0 l&rsquo;origine 30 magasins. Ce sont d\u00e9sormais plus de 160 fournisseurs sur 36 500 m2 d&rsquo;espace de vente qui proposent des v\u00eatements de marque et de la mode cr\u00e9ateur \u00e0 prix r\u00e9duits. De Prada, Burberry, Armani, Bally et Gucci \u00e0 Nike, Adidas, New Balance et Puma en passant par Guess, Diesel, Desigual, Rituals, L&rsquo;Or\u00e9al et bien d&rsquo;autres, vous trouverez ici des marques internationales et de la mode \u00e0 des prix sp\u00e9ciaux.<\/p>\n<p>Si vous avez faim, vous pouvez manger chez Burger King, Wagamama et Nordsee, entre autres, ou simplement prendre un caf\u00e9 au Starbucks ou au Sacher Caf\u00e9.<\/p>\n<ul>\n<li><strong>Navette :<\/strong> Devant l&rsquo;op\u00e9ra de Vienne, il y a une navette pour Parndorf. Le trajet dure environ une heure et co\u00fbte 15 euros par personne (aller-retour). <a href=\"https:\/\/www.parndorf-shuttlebus.at\/de\/checkout\/2\" rel=\"noopener\" target=\"_blank\">Vous pouvez effectuer<\/a> la r\u00e9servation en ligne requise ici .<\/li>\n<li><strong>Voiture :<\/strong> Le Parndorf Outlet Center est situ\u00e9 \u00e0 2,5 kilom\u00e8tres au sud du centre de Parndorf dans un champ ouvert, l&rsquo;adresse exacte est : Gewerbestra\u00dfe 4, 7111 Parndorf<\/li>\n<\/ul>\n<h2 id=\"t-1669295397406\">8. Ville de Lugner<\/h2>\n<p><span><img decoding=\"async\" class=\"lazyload\" alt=\"Lugner City in Vienna in Austria\" data-id=\"293\" width=\"885\" data-init-width=\"1000\" height=\"604\" data-init-height=\"682\" title=\"Lugner City in Vienna in Austria\" loading=\"lazy\" src=\"data:image\/gif;base64,R0lGODlhAQABAIAAAAAAAP\/\/\/yH5BAEAAAAALAAAAAABAAEAAAIBRAA7\" data-src=\"\/\/viennatouristinformation.com\/fr\/wp-content\/uploads\/2020\/06\/Lugner-City-in-Vienna-in-Austria.jpg\" data-width=\"885\" data-height=\"604\"><noscript><img decoding=\"async\" class=\"lazyload\" alt=\"Lugner City in Vienna in Austria\" data-id=\"293\" width=\"885\" data-init-width=\"1000\" height=\"604\" data-init-height=\"682\" title=\"Lugner City in Vienna in Austria\" loading=\"lazy\" src=\"\/\/viennatouristinformation.com\/fr\/wp-content\/uploads\/2020\/06\/Lugner-City-in-Vienna-in-Austria.jpg\" data-width=\"885\" data-height=\"604\"><\/noscript><\/span><\/p>\n<p>Lugner City avec le centre m\u00e9dical int\u00e9gr\u00e9 est situ\u00e9 sur la ceinture de Vienne pr\u00e8s de la Mariahilferstrasse et de la Westbahnhof.<\/p>\n<p>Lugner City a \u00e9t\u00e9 construit en 1990 par le c\u00e9l\u00e8bre homme d&rsquo;affaires autrichien et star de la t\u00e9l\u00e9-r\u00e9alit\u00e9 Richard Siegfried Lugner. Chaque ann\u00e9e depuis 1992, il est accompagn\u00e9 d&rsquo;un invit\u00e9 de marque diff\u00e9rent au Bal de l&rsquo;Op\u00e9ra de Vienne : Iwana Trump, Sophia Loren, Pamela Anderson, Dieter Bohlen, Roger Moore et Ornella Muti ne sont que quelques-uns des noms c\u00e9l\u00e8bres.<\/p>\n<p>Les nombreux magasins de Lugner City proposent une gamme vari\u00e9e de marques internationales. En plus des pharmacies telles que DM et Mueller, il existe des succursales d&rsquo;Ulla Popken, Orsay, H&amp;M, Dressmann, C&amp;A, Deichmann, Humanic, Libro, Blue Cat et bien d&rsquo;autres. La nourriture est disponible chez Anka, Bila, Merkur et Wurstico, entre autres.<\/p>\n<p>Si vous avez faim, rendez-vous dans l&rsquo;un des nombreux restaurants de Lugner City ou arr\u00eatez-vous chez Burger King, KFC ou Subway.<\/p>\n<p>Il y a toujours d&rsquo;autres \u00e9v\u00e9nements sur la sc\u00e8ne du spectacle dans la ville de Lugner, par exemple le th\u00e9\u00e2tre Kasperl est au programme tous les mardis. Si vous en avez assez achet\u00e9, vous pouvez \u00e9galement regarder un film dans l&rsquo;une des 13 salles de cin\u00e9ma du complexe cin\u00e9matographique.<\/p>\n<p>Vous pouvez rejoindre Lugner City avec la ligne de m\u00e9tro U6, arr\u00eat Burggasse.<\/p>\n<h2 id=\"t-1669295397407\">9. Vous donnez au Columbus Center<\/h2>\n<p><span><img decoding=\"async\" class=\"lazyload\" alt=\"Das Columbus Center in Vienna in Austria\" data-id=\"295\" width=\"885\" data-init-width=\"1000\" height=\"590\" data-init-height=\"667\" title=\"Das Columbus Center in Vienna in Austria\" loading=\"lazy\" src=\"data:image\/gif;base64,R0lGODlhAQABAIAAAAAAAP\/\/\/yH5BAEAAAAALAAAAAABAAEAAAIBRAA7\" data-src=\"\/\/viennatouristinformation.com\/fr\/wp-content\/uploads\/2020\/06\/Das-Columbus-Center-in-Vienna-in-Austria.jpg\" data-width=\"885\" data-height=\"590\"><noscript><img decoding=\"async\" class=\"lazyload\" alt=\"Das Columbus Center in Vienna in Austria\" data-id=\"295\" width=\"885\" data-init-width=\"1000\" height=\"590\" data-init-height=\"667\" title=\"Das Columbus Center in Vienna in Austria\" loading=\"lazy\" src=\"\/\/viennatouristinformation.com\/fr\/wp-content\/uploads\/2020\/06\/Das-Columbus-Center-in-Vienna-in-Austria.jpg\" data-width=\"885\" data-height=\"590\"><\/noscript><\/span><\/p>\n<p>Le Columbus Center est un petit mais tr\u00e8s populaire centre commercial du 10e arrondissement de Vienne. Situ\u00e9s sur Favoritenstrasse, ses magasins r\u00e9pondent aux besoins des habitants de plus en plus multiculturels de la r\u00e9gion.<\/p>\n<p>Une large gamme de produits diff\u00e9rents est propos\u00e9e, des tenues \u00e0 la mode \u00e0 tout ce dont vous avez besoin pour le d\u00eener. Des magasins comme Merkur, S-Oliver, Mango, Palmers, Libro, Ernsting&rsquo;s Family et bien d&rsquo;autres sont repr\u00e9sent\u00e9s ici.<\/p>\n<p>Une succursale de Saturne et une succursale du \u00ab Danisches Bettenlager \u00bb compl\u00e8tent l&rsquo;offre. Si vous avez faim, vous pourrez vous reposer dans l&rsquo;un des nombreux caf\u00e9s ou d\u00e9guster des sushis.<\/p>\n<p>Le Columbus Center est accessible avec la ligne de m\u00e9tro U1, arr\u00eat Keplerplatz (sortie Raaber Bahn Gasse). Avec le U1, vous pouvez facilement rejoindre le centre et \u00eatre connect\u00e9 \u00e0 l&rsquo;ensemble du r\u00e9seau souterrain.<\/p>\n<h2 id=\"t-1669295397408\">10. Centre Commercial Nord<\/h2>\n<p><span><img decoding=\"async\" class=\"lazyload\" alt=\"Shopping-Center Nord in Vienna in Austria\" data-id=\"297\" width=\"885\" data-init-width=\"1000\" height=\"581\" data-init-height=\"657\" title=\"Shopping-Center Nord in Vienna in Austria\" loading=\"lazy\" src=\"data:image\/gif;base64,R0lGODlhAQABAIAAAAAAAP\/\/\/yH5BAEAAAAALAAAAAABAAEAAAIBRAA7\" data-src=\"\/\/viennatouristinformation.com\/fr\/wp-content\/uploads\/2020\/06\/Shopping-Center-Nord-in-Vienna-in-Austria.jpg\" data-width=\"885\" data-height=\"581\"><noscript><img decoding=\"async\" class=\"lazyload\" alt=\"Shopping-Center Nord in Vienna in Austria\" data-id=\"297\" width=\"885\" data-init-width=\"1000\" height=\"581\" data-init-height=\"657\" title=\"Shopping-Center Nord in Vienna in Austria\" loading=\"lazy\" src=\"\/\/viennatouristinformation.com\/fr\/wp-content\/uploads\/2020\/06\/Shopping-Center-Nord-in-Vienna-in-Austria.jpg\" data-width=\"885\" data-height=\"581\"><\/noscript><\/span><\/p>\n<p>Si vous voulez faire du shopping sans l&rsquo;agitation, vous \u00eates au bon endroit au North Shopping Center. Le SCN de Floridsdorf est \u00e0 environ 45 minutes du centre. Il marque avec un m\u00e9lange \u00e9quilibr\u00e9 de succursales, en plus des pharmacies telles que BIPA ou DM, il y a des succursales de Bonita, Jones, Garry Weber, Intersport et bien d&rsquo;autres, des \u00e9piceries se trouvent dans le Merkur Markt.<\/p>\n<p>Si vous \u00eates fatigu\u00e9 du shopping, vous pouvez vous reposer dans l&rsquo;un des nombreux restaurants et caf\u00e9s et manger de la nourriture mexicaine \u00e0 Taco ou commander une pizza \u00e0 Scala.<\/p>\n<p>Dans le FitInn Studio, vous pouvez \u00e0 nouveau \u00e9liminer les calories. Le Hollywood Megaplex avec 8 \u00e9crans propose des divertissements pour toute la famille.<\/p>\n<p>Quiconque aime jouer au paintball ne doit pas manquer une visite \u00e0 la salle de paintball Moon. Il est situ\u00e9 juste en face du SCN et poss\u00e8de un parcours vari\u00e9. Vous pouvez rejoindre le centre commercial nord avec la ligne de S-Bahn S3, arr\u00eat Br\u00fcnner Stra\u00dfe.<\/p>\n<p style=\"text-align: center;\"><a href=\"https:\/\/www.google.com\/maps\/d\/u\/1\/viewer?hl=en&amp;mid=14IzMncmQZM4uSHFM00juDllaNlGIrgZv&amp;ll=48.12285075070493%2C16.583902999999978&amp;z=11\" target=\"_blank\" style=\"outline: none;\" rel=\"noopener\">(lien vers la carte)<\/a><\/p>\n","protected":false},"excerpt":{"rendered":"<p>Il y a plus de 35 centres commerciaux \u00e0 Vienne. Des marques internationales y sont repr\u00e9sent\u00e9es ainsi que des marques r\u00e9gionales reconnues et des boutiques exclusives. Les visiteurs peuvent se d\u00e9tendre lors d&rsquo;une pause shopping dans les restaurants, bistros et caf\u00e9s. Voici une s\u00e9lection des centres commerciaux les plus c\u00e9l\u00e8bres et les plus grands de [&hellip;]<\/p>\n","protected":false},"author":17,"featured_media":277,"parent":1464,"menu_order":0,"comment_status":"closed","ping_status":"closed","template":"","meta":{"footnotes":""},"tags":[],"class_list":["post-241","page","type-page","status-publish","has-post-thumbnail","hentry","post-wrapper","thrv_wrapper"],"_links":{"self":[{"href":"https:\/\/viennatouristinformation.com\/fr\/wp-json\/wp\/v2\/pages\/241","targetHints":{"allow":["GET"]}}],"collection":[{"href":"https:\/\/viennatouristinformation.com\/fr\/wp-json\/wp\/v2\/pages"}],"about":[{"href":"https:\/\/viennatouristinformation.com\/fr\/wp-json\/wp\/v2\/types\/page"}],"author":[{"embeddable":true,"href":"https:\/\/viennatouristinformation.com\/fr\/wp-json\/wp\/v2\/users\/17"}],"replies":[{"embeddable":true,"href":"https:\/\/viennatouristinformation.com\/fr\/wp-json\/wp\/v2\/comments?post=241"}],"version-history":[{"count":0,"href":"https:\/\/viennatouristinformation.com\/fr\/wp-json\/wp\/v2\/pages\/241\/revisions"}],"up":[{"embeddable":true,"href":"https:\/\/viennatouristinformation.com\/fr\/wp-json\/wp\/v2\/pages\/1464"}],"wp:featuredmedia":[{"embeddable":true,"href":"https:\/\/viennatouristinformation.com\/fr\/wp-json\/wp\/v2\/media\/277"}],"wp:attachment":[{"href":"https:\/\/viennatouristinformation.com\/fr\/wp-json\/wp\/v2\/media?parent=241"}],"wp:term":[{"taxonomy":"post_tag","embeddable":true,"href":"https:\/\/viennatouristinformation.com\/fr\/wp-json\/wp\/v2\/tags?post=241"}],"curies":[{"name":"wp","href":"https:\/\/api.w.org\/{rel}","templated":true}]}}