{"id":2600,"date":"2020-10-08T10:53:09","date_gmt":"2020-10-08T08:53:09","guid":{"rendered":"http:\/\/viennatouristinformation.com\/fr\/?page_id=2600"},"modified":"2023-06-02T09:28:09","modified_gmt":"2023-06-02T07:28:09","slug":"influenceurs","status":"publish","type":"page","link":"https:\/\/viennatouristinformation.com\/fr\/contact\/influenceurs\/","title":{"rendered":"Coop\u00e9ration entre blogs, m\u00e9dias sociaux et influenceurs \u00e0 Vienne"},"content":{"rendered":"<h1 style=\"text-align: left; font-size: 18px !important;\"><span style=\"font-weight: normal;\">Vous planifiez un voyage \u00e0 Vienne?<\/span><\/h1>\n<h1 style=\"text-align: left;\">Contact blog, r\u00e9seaux sociaux et influenceurs<\/h1>\n<p style=\"text-align: left;\">Si possible, nous aidons \u00e0 trouver des partenaires locaux pour la coop\u00e9ration.<\/p>\n<p><span style=\"\"><a href=\"https:\/\/viennatouristinformation.com\/fr\/wp-content\/uploads\/2020\/10\/Influencers.jpg\"><img decoding=\"async\" class=\"lazyload\" alt=\"Contact blog, r\u00e9seaux sociaux et influenceurs\" data-id=\"3220\" title=\"Contact blog, r\u00e9seaux sociaux et influenceurs\" src=\"data:image\/gif;base64,R0lGODlhAQABAIAAAAAAAP\/\/\/yH5BAEAAAAALAAAAAABAAEAAAIBRAA7\" data-src=\"https:\/\/viennatouristinformation.com\/fr\/wp-content\/uploads\/2020\/10\/Kontakt-f\u00fcr-Blog-Social-Media-und-Influencer-1.jpg\" style=\"\" ml-d=\"0\" data-width=\"480\" data-height=\"252\" data-init-width=\"1200\" data-init-height=\"630\" mt-d=\"0\" width=\"480\" height=\"252\" data-link-wrap=\"true\" loading=\"lazy\"><noscript><img decoding=\"async\" class=\"lazyload\" alt=\"Contact blog, r\u00e9seaux sociaux et influenceurs\" data-id=\"3220\" title=\"Contact blog, r\u00e9seaux sociaux et influenceurs\" src=\"https:\/\/viennatouristinformation.com\/fr\/wp-content\/uploads\/2020\/10\/Kontakt-f\u00fcr-Blog-Social-Media-und-Influencer-1.jpg\" style=\"\" ml-d=\"0\" data-width=\"480\" data-height=\"252\" data-init-width=\"1200\" data-init-height=\"630\" mt-d=\"0\" width=\"480\" height=\"252\" data-link-wrap=\"true\" loading=\"lazy\"><\/noscript><\/a><\/span><\/p>\n<p style=\"text-align: center;\">Contact avec <em>support@viennatouristinformation.com\/fr<\/em> ou formulaire.<\/p>\n<h2 style=\"\">Comment pouvons nous aider?<\/h2>\n<p style=\"\">Veuillez nous envoyer un kit m\u00e9dia significatif en allemand ou en anglais avec votre demande.&nbsp;<\/p>\n<h3 style=\"\">1. Visite locale<\/h3>\n<p style=\"\">Nous sommes heureux d&rsquo;\u00e9tablir des contacts avec des organisateurs locaux de visites, de visites guid\u00e9es et d&rsquo;\u00e9v\u00e9nements. &nbsp;<\/p>\n<h3 style=\"\">2. H\u00f4tels \u00e0 Vienne<\/h3>\n<p style=\"\">Si possible et avec un kit m\u00e9dia appropri\u00e9, nous pouvons organiser des h\u00f4tels au cas par cas.&nbsp;<\/p>\n<h3 style=\"\">3. Questions de planification<\/h3>\n<p style=\"\">Il est bien s\u00fbr possible d&rsquo;organiser des contacts pour des recherches, des questions sur Vienne et d&rsquo;autres sujets. &nbsp;<\/p>\n<h2 style=\"text-align: center;\">Contact pour d&rsquo;autres demandes<\/h2>\n<p style=\"text-align: center;\">Les demandes de coop\u00e9ration des m\u00e9dias, des voyagistes, des compagnies a\u00e9riennes, des m\u00e9dias, de la t\u00e9l\u00e9vision, des journaux et des entreprises peuvent \u00eatre effectu\u00e9es via notre formulaire de contact.&nbsp;<\/p>\n","protected":false},"excerpt":{"rendered":"<p>Vous planifiez un voyage \u00e0 Vienne? Contact blog, r\u00e9seaux sociaux et influenceurs Si possible, nous aidons \u00e0 trouver des partenaires locaux pour la coop\u00e9ration. Contact avec support@viennatouristinformation.com\/fr ou formulaire. Comment pouvons nous aider? Veuillez nous envoyer un kit m\u00e9dia significatif en allemand ou en anglais avec votre demande.&nbsp; 1. Visite locale Nous sommes heureux d&rsquo;\u00e9tablir [&hellip;]<\/p>\n","protected":false},"author":17,"featured_media":3217,"parent":126,"menu_order":0,"comment_status":"closed","ping_status":"closed","template":"","meta":{"footnotes":""},"tags":[],"class_list":["post-2600","page","type-page","status-publish","has-post-thumbnail","hentry","post-wrapper","thrv_wrapper"],"_links":{"self":[{"href":"https:\/\/viennatouristinformation.com\/fr\/wp-json\/wp\/v2\/pages\/2600","targetHints":{"allow":["GET"]}}],"collection":[{"href":"https:\/\/viennatouristinformation.com\/fr\/wp-json\/wp\/v2\/pages"}],"about":[{"href":"https:\/\/viennatouristinformation.com\/fr\/wp-json\/wp\/v2\/types\/page"}],"author":[{"embeddable":true,"href":"https:\/\/viennatouristinformation.com\/fr\/wp-json\/wp\/v2\/users\/17"}],"replies":[{"embeddable":true,"href":"https:\/\/viennatouristinformation.com\/fr\/wp-json\/wp\/v2\/comments?post=2600"}],"version-history":[{"count":0,"href":"https:\/\/viennatouristinformation.com\/fr\/wp-json\/wp\/v2\/pages\/2600\/revisions"}],"up":[{"embeddable":true,"href":"https:\/\/viennatouristinformation.com\/fr\/wp-json\/wp\/v2\/pages\/126"}],"wp:featuredmedia":[{"embeddable":true,"href":"https:\/\/viennatouristinformation.com\/fr\/wp-json\/wp\/v2\/media\/3217"}],"wp:attachment":[{"href":"https:\/\/viennatouristinformation.com\/fr\/wp-json\/wp\/v2\/media?parent=2600"}],"wp:term":[{"taxonomy":"post_tag","embeddable":true,"href":"https:\/\/viennatouristinformation.com\/fr\/wp-json\/wp\/v2\/tags?post=2600"}],"curies":[{"name":"wp","href":"https:\/\/api.w.org\/{rel}","templated":true}]}}