{"id":2817,"date":"2020-10-12T13:27:19","date_gmt":"2020-10-12T11:27:19","guid":{"rendered":"http:\/\/viennatouristinformation.com\/fr\/?page_id=2817"},"modified":"2023-06-02T10:19:46","modified_gmt":"2023-06-02T08:19:46","slug":"incentives-et-seminaires","status":"publish","type":"page","link":"https:\/\/viennatouristinformation.com\/fr\/voyage-groupe-a-vienne\/incentives-et-seminaires\/","title":{"rendered":"Incentives\u00a0: conseils, soutien et inspiration"},"content":{"rendered":"<h1>Incentives \u00e0 Vienne : conseils, soutien et inspiration<\/h1>\n<p>Nous vous conseillons sur les bonnes incitations et sur l&rsquo;ensemble du programme de soutien \u00e0 Vienne.&nbsp;<\/p>\n<ul>\n<li style=\"\"><span style=\"\">004361423306670<\/span><\/li>\n<li style=\"\"><span style=\"\"><span data-attr-id=\"17\" data-extra_key=\"1\" data-option-inline=\"1\" data-shortcode=\"thrive_global_fields\" data-shortcode-name=\"[Company] MICE E-Mail\" style=\"\">00431232323<\/span><\/span><\/li>\n<\/ul>\n<h2>Quelles incitations sont possibles ?<\/h2>\n<p>Tout est possible entre un d\u00eener dans les gondoles de la grande roue, une visite priv\u00e9e du Danube et une balade \u00e0 bord de la r\u00e9plique originale du train imp\u00e9rial dans le wagon Fran\u00e7ois-Joseph.<\/p>\n<p>Nous sommes \u00e9galement heureux de r\u00e9pondre aux souhaits individuels.&nbsp;<\/p>\n<p>ViennaTouristInformation.com begleitet sie gesamte Auswahl, Planung und Durchf\u00fchrung von Incentives aus einer Hand. Dazu geh\u00f6rt auf Wunsch das gesamte Rahmenprogramm.&nbsp;<\/p>\n<h3>Demandes individuelles :<\/h3>\n<p>R\u00e9unions, conf\u00e9rences et \u00e9v\u00e9nements d&rsquo;entreprise d&rsquo;une seule source \u00e0 Vienne. Tout est possible entre petits et grands \u00e9v\u00e9nements avec plusieurs centaines de participants.&nbsp;<\/p>\n<p>Nous sommes heureux de r\u00e9aliser des id\u00e9es individuelles \u00e0 Vienne.&nbsp;<\/p>\n<ul>\n<li><span><strong>Assistance 24h\/24<\/strong><\/span><\/li>\n<li><span><strong>Premi\u00e8re consultation gratuite<\/strong><\/span><\/li>\n<li><span><strong>D&rsquo;une seule source<\/strong><\/span><\/li>\n<\/ul>\n<h2 style=\"\">Que dois-je savoir avant de r\u00e9server ?<\/h2>\n<h2 style=\"text-align: center;\">10 incitations possibles \u00e0 titre d&rsquo;exemple<\/h2>\n<p style=\"text-align: center;\">Qu&rsquo;est-ce que \u00e7a peut \u00eatre ? Un tour dans le train Imperator Majestic de Vienne \u00e0 Budapest, un d\u00eener sur la grande roue, une d\u00e9gustation de vin dans les vignobles de Vienne ou un bal dans un palais de la ville ?&nbsp;<\/p>\n<h3 style=\"\">1. Prost !<\/h3>\n<p>Des vins exclusifs dans une cave au centre, des vignes en p\u00e9riph\u00e9rie ou \u00e0 la campagne.&nbsp;<\/p>\n<h3 style=\"\">2. D\u00eener de gala<\/h3>\n<p>Dans un palace avec musique de chambre ou, si vous le souhaitez, dans un club exclusif avec un DJ au centre ?<\/p>\n<h3 style=\"\">3. Faites la f\u00eate comme un empereur<\/h3>\n<p>Des lieux magnifiques pour des \u00e9v\u00e9nements extraordinaires en soir\u00e9e, jusqu&rsquo;au bal ou au bal costum\u00e9.&nbsp;<\/p>\n<h3 style=\"\">4. Train majestueux imp\u00e9rial<\/h3>\n<p>C\u00e9l\u00e9brez dans la r\u00e9plique originale du train des empereurs austro-hongrois (adapt\u00e9 aux excursions en ville).<\/p>\n<h3 style=\"\">5. Navire priv\u00e9 du Danube<\/h3>\n<p>Votre propre bateau avec restauration, f\u00eate et DJ sur le Vieux Danube \u00e0 Vienne.&nbsp;<\/p>\n<h3 style=\"\">6. Soir\u00e9e club<\/h3>\n<p>En exclusivit\u00e9 dans un palais du centre de Vienne ou dans un emplacement au c\u0153ur de la ville.&nbsp;<\/p>\n<h3 style=\"\">7. Balise \u00e0 Bratislava<\/h3>\n<p>Rendez-vous dans la capitale slovaque \u00e0 bord du Twin City Liner sur le Danube.&nbsp;<\/p>\n<h3 style=\"\">8. D\u00eener sur la grande roue<\/h3>\n<p>Ambiance du soir, nourriture et vue depuis une t\u00e9l\u00e9cabine priv\u00e9e dans la grande roue.&nbsp;<\/p>\n<h3 style=\"\">9. Heuriger viennois<\/h3>\n<p>Feu dans un vignoble en p\u00e9riph\u00e9rie avec vue sur la ville et sp\u00e9cialit\u00e9s r\u00e9gionales.&nbsp;<\/p>\n<h3 style=\"\">10. Les classiques<\/h3>\n<p>Courir sur des charbons ardents, un jardin d&rsquo;escalade, construire un radeau ? Ou voir Vienne en Fiacre ? Bien s\u00fbr, nous pouvons \u00e9galement planifier cela.&nbsp;<\/p>\n<h2>Rien pour le moment?<\/h2>\n<p>Nous sommes heureux d&rsquo;aider \u00e0 la mise en \u0153uvre d&rsquo;id\u00e9es extraordinaires. Nous nous ferons un plaisir de vous conseiller sur les possibilit\u00e9s \u00e0 Vienne lors d&rsquo;un premier appel gratuit.&nbsp;<\/p>\n<ul>\n<li style=\"\"><span style=\"\"><span data-attr-id=\"19\" data-extra_key=\"1\" data-option-inline=\"1\" data-shortcode=\"thrive_global_fields\" data-shortcode-name=\"[Company] MICE Telefonnummer\">0043124567890<\/span><\/span><\/li>\n<li style=\"\"><span style=\"\">support@viennatouristinformation.com\/fr<\/span><\/li>\n<\/ul>\n<h2 style=\"text-align: center;\"><strong>Le chemin de l&rsquo;enqu\u00eate \u00e0 la mise en \u0153uvre<\/strong><\/h2>\n<p>1. Enqu\u00eate<\/p>\n<p>Vous nous faites part de vos souhaits par t\u00e9l\u00e9phone ou via notre formulaire de contact. Nous nous ferons un plaisir de vous rappeler. Apr\u00e8s le premier contact, vous recevrez une offre sans engagement dans les 24 \u00e0 48 heures. &nbsp;<\/p>\n<p>2. Planification<\/p>\n<p>Nous planifions le voyage incentive \u00e0 Vienne ou, si vous le souhaitez, l&rsquo;ensemble du programme d&rsquo;accompagnement. Avec un seul interlocuteur d&rsquo;une seule source, nous prenons en charge l&rsquo;effort de coordination.&nbsp;<\/p>\n<p>ex\u00e9cution<\/p>\n<p>Nous serions ravis de vous accompagner lors de l&rsquo;\u00e9v\u00e9nement. Vous avez la m\u00eame personne de contact pendant toute la planification, la mise en \u0153uvre et la mise en \u0153uvre des incitations. Notre support est disponible 24h\/24.&nbsp;<\/p>\n<h2>Premi\u00e8re consultation gratuite<\/h2>\n<p>Nos sp\u00e9cialistes de l&rsquo;incentive planifient avec vous des exp\u00e9riences inoubliables \u00e0 Vienne. Tout est possible entre un bal masqu\u00e9 dans un palais v\u00e9n\u00e9rable, des croisi\u00e8res sur le Danube et un d\u00eener de gala dans un lieu exclusif.<\/p>\n<p>Nous sommes \u00e9galement heureux de r\u00e9pondre aux souhaits individuels.&nbsp;<\/p>\n<p>La r\u00e9servation de l&rsquo;ensemble du programme d&rsquo;accompagnement, de l&rsquo;h\u00f4tel de groupe \u00e0 la restauration, est possible aupr\u00e8s d&rsquo;un interlocuteur central.&nbsp;<\/p>\n<h3>Service complet<\/h3>\n<ul>\n<li style=\"\"><span style=\"\"><strong>D&rsquo;une seule source :<\/strong> Chez nous, il n&rsquo;y a pas de contacts diff\u00e9rents. &nbsp;<\/span><\/li>\n<li><span><strong><strong>Assistance 24h\/24 :<\/strong><\/strong> disponible tout au long de la planification et de l&rsquo;ex\u00e9cution des \u00e9v\u00e9nements, y compris la nuit et le week-end.&nbsp;<\/span><\/li>\n<li><span><strong>Consultation initiale gratuite :<\/strong> Nous serions heureux de v\u00e9rifier vos attentes lors d&rsquo;une premi\u00e8re rencontre.&nbsp;<\/span><\/li>\n<\/ul>\n<h2 style=\"text-align: center;\">Premi\u00e8re consultation gratuite<\/h2>\n<p style=\"text-align: center;\">Nous serions ravis de parler de vos projets. Le contact est possible par t\u00e9l\u00e9phone au <span data-shortcode=\"thrive_global_fields\" data-shortcode-name=\"[Company] MICE Telefonnummer\" data-extra_key=\"1\" data-attr-id=\"19\" data-option-inline=\"1\">0043124567890<\/span> , email \u00e0 <em>support@viennatouristinformation.com\/fr<\/em> ou formulaire de contact.&nbsp;<\/p>\n","protected":false},"excerpt":{"rendered":"<p>Incentives \u00e0 Vienne : conseils, soutien et inspiration Nous vous conseillons sur les bonnes incitations et sur l&rsquo;ensemble du programme de soutien \u00e0 Vienne.&nbsp; 004361423306670 00431232323 Quelles incitations sont possibles ? Tout est possible entre un d\u00eener dans les gondoles de la grande roue, une visite priv\u00e9e du Danube et une balade \u00e0 bord de [&hellip;]<\/p>\n","protected":false},"author":17,"featured_media":2968,"parent":1352,"menu_order":0,"comment_status":"closed","ping_status":"closed","template":"","meta":{"footnotes":""},"tags":[],"class_list":["post-2817","page","type-page","status-publish","has-post-thumbnail","hentry","post-wrapper","thrv_wrapper"],"_links":{"self":[{"href":"https:\/\/viennatouristinformation.com\/fr\/wp-json\/wp\/v2\/pages\/2817","targetHints":{"allow":["GET"]}}],"collection":[{"href":"https:\/\/viennatouristinformation.com\/fr\/wp-json\/wp\/v2\/pages"}],"about":[{"href":"https:\/\/viennatouristinformation.com\/fr\/wp-json\/wp\/v2\/types\/page"}],"author":[{"embeddable":true,"href":"https:\/\/viennatouristinformation.com\/fr\/wp-json\/wp\/v2\/users\/17"}],"replies":[{"embeddable":true,"href":"https:\/\/viennatouristinformation.com\/fr\/wp-json\/wp\/v2\/comments?post=2817"}],"version-history":[{"count":0,"href":"https:\/\/viennatouristinformation.com\/fr\/wp-json\/wp\/v2\/pages\/2817\/revisions"}],"up":[{"embeddable":true,"href":"https:\/\/viennatouristinformation.com\/fr\/wp-json\/wp\/v2\/pages\/1352"}],"wp:featuredmedia":[{"embeddable":true,"href":"https:\/\/viennatouristinformation.com\/fr\/wp-json\/wp\/v2\/media\/2968"}],"wp:attachment":[{"href":"https:\/\/viennatouristinformation.com\/fr\/wp-json\/wp\/v2\/media?parent=2817"}],"wp:term":[{"taxonomy":"post_tag","embeddable":true,"href":"https:\/\/viennatouristinformation.com\/fr\/wp-json\/wp\/v2\/tags?post=2817"}],"curies":[{"name":"wp","href":"https:\/\/api.w.org\/{rel}","templated":true}]}}