{"id":3394,"date":"2021-01-12T16:40:46","date_gmt":"2021-01-12T15:40:46","guid":{"rendered":"http:\/\/viennatouristinformation.com\/fr\/?page_id=3394"},"modified":"2023-06-02T10:18:07","modified_gmt":"2023-06-02T08:18:07","slug":"partenaire","status":"publish","type":"page","link":"https:\/\/viennatouristinformation.com\/fr\/partenaire\/","title":{"rendered":"Vienna Tourist Information partenaire"},"content":{"rendered":"<p><a href=\"https:\/\/pariswelcomecard.com\/\" target=\"_blank\" rel=\"noopener\"><span><img decoding=\"async\" class=\"lazyload\" alt=\"Favicon ViennaTouristInformation.com\" data-id=\"3383\" width=\"133\" data-init-width=\"500\" height=\"133\" data-init-height=\"500\" title=\"Favicon ViennaTouristInformation.com\" src=\"data:image\/gif;base64,R0lGODlhAQABAIAAAAAAAP\/\/\/yH5BAEAAAAALAAAAAABAAEAAAIBRAA7\" data-src=\"https:\/\/viennatouristinformation.com\/fr\/wp-content\/uploads\/2020\/12\/Favicon-ViennaTouristInformation.com_.png\" data-width=\"133\" data-height=\"133\" style=\"\" loading=\"lazy\"><noscript><img decoding=\"async\" class=\"lazyload\" alt=\"Favicon ViennaTouristInformation.com\" data-id=\"3383\" width=\"133\" data-init-width=\"500\" height=\"133\" data-init-height=\"500\" title=\"Favicon ViennaTouristInformation.com\" src=\"https:\/\/viennatouristinformation.com\/fr\/wp-content\/uploads\/2020\/12\/Favicon-ViennaTouristInformation.com_.png\" data-width=\"133\" data-height=\"133\" style=\"\" loading=\"lazy\"><\/noscript><\/span><\/a><\/p>\n<p><a href=\"https:\/\/pariswelcomecard.com\/\" target=\"_blank\" rel=\"noopener\"><\/p>\n<h4>Carte de bienvenue de Vienne<\/h4>\n<p>Le City Pass de ViennaTouristInformation.com. Voir plus, payer moins.<\/p>\n<p><\/a><a href=\"https:\/\/pariswelcomecard.com\/\" target=\"_blank\" rel=\"noopener\"><\/a><a href=\"https:\/\/yourmobileguide.com\/\" target=\"_blank\" rel=\"noopener\"><span><img decoding=\"async\" class=\"lazyload\" alt=\"\" data-id=\"5828\" width=\"368\" data-init-width=\"350\" height=\"130\" data-init-height=\"124\" title=\"Logo VotreGuideMobile.com\" src=\"data:image\/gif;base64,R0lGODlhAQABAIAAAAAAAP\/\/\/yH5BAEAAAAALAAAAAABAAEAAAIBRAA7\" data-src=\"https:\/\/viennatouristinformation.com\/fr\/wp-content\/uploads\/2021\/01\/ymg.jpg\" data-width=\"368\" data-height=\"130\" style=\"\" loading=\"lazy\"><noscript><img decoding=\"async\" class=\"lazyload\" alt=\"\" data-id=\"5828\" width=\"368\" data-init-width=\"350\" height=\"130\" data-init-height=\"124\" title=\"Logo VotreGuideMobile.com\" src=\"https:\/\/viennatouristinformation.com\/fr\/wp-content\/uploads\/2021\/01\/ymg.jpg\" data-width=\"368\" data-height=\"130\" style=\"\" loading=\"lazy\"><\/noscript><\/span><\/a><\/p>\n<p><a href=\"https:\/\/yourmobileguide.com\/\" target=\"_blank\" rel=\"noopener\"><\/p>\n<h4>VotreGuideMobile.com<\/h4>\n<p>Le partenaire audioguide pour les billets, les visites libres et les mus\u00e9es.&nbsp;<\/p>\n<p><\/a><a href=\"https:\/\/yourmobileguide.com\/\" target=\"_blank\" rel=\"noopener\"><\/a><a href=\"https:\/\/checkfortrips.com\/\" target=\"_blank\" rel=\"noopener\"><span><img decoding=\"async\" class=\"lazyload\" alt=\"\" data-id=\"5827\" width=\"244\" data-init-width=\"350\" height=\"86\" data-init-height=\"124\" title=\"V\u00e9rifier le logo des voyages\" src=\"data:image\/gif;base64,R0lGODlhAQABAIAAAAAAAP\/\/\/yH5BAEAAAAALAAAAAABAAEAAAIBRAA7\" data-src=\"https:\/\/viennatouristinformation.com\/fr\/wp-content\/uploads\/2021\/01\/cft.jpg\" data-width=\"244\" data-height=\"86\" style=\"\" loading=\"lazy\"><noscript><img decoding=\"async\" class=\"lazyload\" alt=\"\" data-id=\"5827\" width=\"244\" data-init-width=\"350\" height=\"86\" data-init-height=\"124\" title=\"V\u00e9rifier le logo des voyages\" src=\"https:\/\/viennatouristinformation.com\/fr\/wp-content\/uploads\/2021\/01\/cft.jpg\" data-width=\"244\" data-height=\"86\" style=\"\" loading=\"lazy\"><\/noscript><\/span><\/a><\/p>\n<p><a href=\"https:\/\/checkfortrips.com\/\" target=\"_blank\" rel=\"noopener\"><\/p>\n<h4>CheckForTrips.de<\/h4>\n<p>Ticket, visites et partenaire d&rsquo;activit\u00e9s pour la r\u00e9gion DACH.&nbsp;<\/p>\n<p><\/a><a href=\"https:\/\/checkfortrips.com\/\" target=\"_blank\" rel=\"noopener\"><\/a><a href=\"https:\/\/www.dynamicwebsolutions.at\/\" target=\"_blank\" rel=\"noopener\"><span><img decoding=\"async\" class=\"lazyload\" alt=\"\" data-id=\"5834\" width=\"460\" data-init-width=\"1440\" height=\"77\" data-init-height=\"240\" title=\"Logo Dynamic Web Solutions GmbH\" src=\"data:image\/gif;base64,R0lGODlhAQABAIAAAAAAAP\/\/\/yH5BAEAAAAALAAAAAABAAEAAAIBRAA7\" data-src=\"https:\/\/viennatouristinformation.com\/fr\/wp-content\/uploads\/2021\/01\/Dynamic-Web-Solutions-GmbH-Logo.png\" data-width=\"460\" data-height=\"77\" style=\"\" loading=\"lazy\"><noscript><img decoding=\"async\" class=\"lazyload\" alt=\"\" data-id=\"5834\" width=\"460\" data-init-width=\"1440\" height=\"77\" data-init-height=\"240\" title=\"Logo Dynamic Web Solutions GmbH\" src=\"https:\/\/viennatouristinformation.com\/fr\/wp-content\/uploads\/2021\/01\/Dynamic-Web-Solutions-GmbH-Logo.png\" data-width=\"460\" data-height=\"77\" style=\"\" loading=\"lazy\"><\/noscript><\/span><\/a><\/p>\n<p><a href=\"https:\/\/www.dynamicwebsolutions.at\/\" target=\"_blank\" rel=\"noopener\"><\/p>\n<h4>Dynamic Web Solutions GmbH<\/h4>\n<p>Partenaire pour la technologie, le r\u00e9f\u00e9rencement et la conception Web de ViennaTouristInformation.com.&nbsp;<\/p>\n<p><\/a><a href=\"https:\/\/www.dynamicwebsolutions.at\/\" target=\"_blank\" rel=\"noopener\"><\/a><\/p>\n<h2 style=\"text-align: center;\">Contact partenaire pour les entreprises, les agences et les organismes de voyage<\/h2>\n<h2 style=\"\">Comment pouvons nous aider?<\/h2>\n<h3 style=\"\">1. Info-Service<\/h3>\n<p style=\"\">Questions sur la planification de voyages \u00e0 Vienne.&nbsp;<\/p>\n<h3 style=\"\">2. Service de r\u00e9servation<\/h3>\n<p style=\"\">R\u00e9servation d&rsquo;h\u00f4tels, de salles de r\u00e9union, de billets, de visites et de guides.<\/p>\n<h3 style=\"\">3. B2B et M.ICE<\/h3>\n<p style=\"\">Coop\u00e9ration avec ViennaTouristInformation.com et demandes de renseignements sur les conf\u00e9rences, les \u00e9v\u00e9nements et les salons \u00e0 Vienne.&nbsp;<\/p>\n<h2 style=\"\">Fait partie de l&rsquo;organisation touristique mondiale<\/h2>\n<p><a href=\"https:\/\/paristouristinformation.fr\/\" target=\"_blank\" rel=\"noopener\"><span><img decoding=\"async\" class=\"lazyload\" alt=\"\" data-id=\"3414\" width=\"308\" data-init-width=\"1834\" height=\"109\" data-init-height=\"651\" title=\"Logo Office de Tourisme de Paris\" src=\"data:image\/gif;base64,R0lGODlhAQABAIAAAAAAAP\/\/\/yH5BAEAAAAALAAAAAABAAEAAAIBRAA7\" data-src=\"https:\/\/viennatouristinformation.com\/fr\/wp-content\/uploads\/2021\/01\/Paris-Tourist-Information-Logo.png\" data-width=\"308\" data-height=\"109\" style=\"\" loading=\"lazy\"><noscript><img decoding=\"async\" class=\"lazyload\" alt=\"\" data-id=\"3414\" width=\"308\" data-init-width=\"1834\" height=\"109\" data-init-height=\"651\" title=\"Logo Office de Tourisme de Paris\" src=\"https:\/\/viennatouristinformation.com\/fr\/wp-content\/uploads\/2021\/01\/Paris-Tourist-Information-Logo.png\" data-width=\"308\" data-height=\"109\" style=\"\" loading=\"lazy\"><\/noscript><\/span><\/a><\/p>\n<p><a href=\"https:\/\/paristouristinformation.fr\/\" target=\"_blank\" rel=\"noopener\"><\/p>\n<h4>ParisTouristInformation.fr<\/h4>\n<p>Site d&rsquo;information touristique de la capitale fran\u00e7aise Paris.&nbsp;<\/p>\n<p><\/a><a href=\"https:\/\/paristouristinformation.fr\/\" target=\"_blank\" rel=\"noopener\"><\/a><a href=\"https:\/\/istanbul-tourist-information.com\/\" target=\"_blank\" rel=\"noopener\"><span><img decoding=\"async\" class=\"lazyload\" alt=\"\" data-id=\"5812\" width=\"368\" data-init-width=\"2346\" height=\"102\" data-init-height=\"651\" title=\"IstanbulTouristInformation.com\" src=\"data:image\/gif;base64,R0lGODlhAQABAIAAAAAAAP\/\/\/yH5BAEAAAAALAAAAAABAAEAAAIBRAA7\" data-src=\"https:\/\/viennatouristinformation.com\/fr\/wp-content\/uploads\/2021\/01\/IstanbulTouristInformation.com_.png\" data-width=\"368\" data-height=\"102\" style=\"\" loading=\"lazy\"><noscript><img decoding=\"async\" class=\"lazyload\" alt=\"\" data-id=\"5812\" width=\"368\" data-init-width=\"2346\" height=\"102\" data-init-height=\"651\" title=\"IstanbulTouristInformation.com\" src=\"https:\/\/viennatouristinformation.com\/fr\/wp-content\/uploads\/2021\/01\/IstanbulTouristInformation.com_.png\" data-width=\"368\" data-height=\"102\" style=\"\" loading=\"lazy\"><\/noscript><\/span><\/a><\/p>\n<p><a href=\"https:\/\/istanbul-tourist-information.com\/\" target=\"_blank\" rel=\"noopener\"><\/p>\n<h4>IstanbulTouristInformation.com<\/h4>\n<p>Site d&rsquo;information touristique de la capitale autrichienne.<\/p>\n<p><\/a><a href=\"https:\/\/istanbul-tourist-information.com\/\" target=\"_blank\" rel=\"noopener\"><\/a><a href=\"https:\/\/berlincitytrips.com\/\" target=\"_blank\" rel=\"noopener\"><span><img decoding=\"async\" class=\"lazyload\" alt=\"\" data-id=\"5813\" width=\"198\" data-init-width=\"721\" height=\"79\" data-init-height=\"288\" title=\"Logo BerlinCityTrips.com\" src=\"data:image\/gif;base64,R0lGODlhAQABAIAAAAAAAP\/\/\/yH5BAEAAAAALAAAAAABAAEAAAIBRAA7\" data-src=\"https:\/\/viennatouristinformation.com\/fr\/wp-content\/uploads\/2021\/01\/BerlinCityTrips.com-Logo.png\" data-width=\"198\" data-height=\"79\" style=\"\" loading=\"lazy\"><noscript><img decoding=\"async\" class=\"lazyload\" alt=\"\" data-id=\"5813\" width=\"198\" data-init-width=\"721\" height=\"79\" data-init-height=\"288\" title=\"Logo BerlinCityTrips.com\" src=\"https:\/\/viennatouristinformation.com\/fr\/wp-content\/uploads\/2021\/01\/BerlinCityTrips.com-Logo.png\" data-width=\"198\" data-height=\"79\" style=\"\" loading=\"lazy\"><\/noscript><\/span><\/a><\/p>\n<p><a href=\"https:\/\/berlincitytrips.com\/\" target=\"_blank\" rel=\"noopener\"><\/p>\n<h4>BerlinCityTrips.com<\/h4>\n<p>Billets, visites et informations sur les voyages \u00e0 Berlin en Allemagne.&nbsp;<\/p>\n<p><\/a><a href=\"https:\/\/berlincitytrips.com\/\" target=\"_blank\" rel=\"noopener\"><\/a><a href=\"https:\/\/www.athenstouristinformation.gr\/\" target=\"_blank\" rel=\"noopener\"><span><img decoding=\"async\" class=\"lazyload\" alt=\"\" data-id=\"5804\" width=\"376\" data-init-width=\"2171\" height=\"113\" data-init-height=\"651\" title=\"Logo AthensTouristInformation.com\" src=\"data:image\/gif;base64,R0lGODlhAQABAIAAAAAAAP\/\/\/yH5BAEAAAAALAAAAAABAAEAAAIBRAA7\" data-src=\"https:\/\/viennatouristinformation.com\/fr\/wp-content\/uploads\/2021\/01\/AthensTouristInformation.com-Logo.png\" data-width=\"376\" data-height=\"113\" style=\"\" loading=\"lazy\"><noscript><img decoding=\"async\" class=\"lazyload\" alt=\"\" data-id=\"5804\" width=\"376\" data-init-width=\"2171\" height=\"113\" data-init-height=\"651\" title=\"Logo AthensTouristInformation.com\" src=\"https:\/\/viennatouristinformation.com\/fr\/wp-content\/uploads\/2021\/01\/AthensTouristInformation.com-Logo.png\" data-width=\"376\" data-height=\"113\" style=\"\" loading=\"lazy\"><\/noscript><\/span><\/a><\/p>\n<p><a href=\"https:\/\/www.athenstouristinformation.gr\/\" target=\"_blank\" rel=\"noopener\"><\/p>\n<h4>AthensTouristInformation.gr<\/h4>\n<p>Site d&rsquo;informations touristiques sur la capitale grecque Ath\u00e8nes.&nbsp;<\/p>\n<p><\/a><a href=\"https:\/\/www.athenstouristinformation.gr\/\" target=\"_blank\" rel=\"noopener\"><\/a><a href=\"https:\/\/praguetouristinformation.com\/\" target=\"_blank\" rel=\"noopener\"><span><img decoding=\"async\" class=\"lazyload\" alt=\"\" data-id=\"5803\" width=\"376\" data-init-width=\"2292\" height=\"107\" data-init-height=\"651\" title=\"Logo PragueTouristInformation.com\" src=\"data:image\/gif;base64,R0lGODlhAQABAIAAAAAAAP\/\/\/yH5BAEAAAAALAAAAAABAAEAAAIBRAA7\" data-src=\"https:\/\/viennatouristinformation.com\/fr\/wp-content\/uploads\/2021\/01\/PragueTouristInformation.com-Logo.png\" data-width=\"376\" data-height=\"107\" style=\"\" loading=\"lazy\"><noscript><img decoding=\"async\" class=\"lazyload\" alt=\"\" data-id=\"5803\" width=\"376\" data-init-width=\"2292\" height=\"107\" data-init-height=\"651\" title=\"Logo PragueTouristInformation.com\" src=\"https:\/\/viennatouristinformation.com\/fr\/wp-content\/uploads\/2021\/01\/PragueTouristInformation.com-Logo.png\" data-width=\"376\" data-height=\"107\" style=\"\" loading=\"lazy\"><\/noscript><\/span><\/a><\/p>\n<p><a href=\"https:\/\/praguetouristinformation.com\/\" target=\"_blank\" rel=\"noopener\"><\/p>\n<h4>PragueTouristInformation.com<\/h4>\n<p>Site d&rsquo;informations touristiques sur la capitale tch\u00e8que Prague.&nbsp;<\/p>\n<p><\/a><a href=\"https:\/\/praguetouristinformation.com\/\" target=\"_blank\" rel=\"noopener\"><\/a><span><img decoding=\"async\" class=\"lazyload\" alt=\"\" data-id=\"3417\" width=\"298\" data-init-width=\"895\" height=\"80\" data-init-height=\"240\" title=\"Logo de l'organisation touristique mondiale\" src=\"data:image\/gif;base64,R0lGODlhAQABAIAAAAAAAP\/\/\/yH5BAEAAAAALAAAAAABAAEAAAIBRAA7\" data-src=\"https:\/\/viennatouristinformation.com\/fr\/wp-content\/uploads\/2021\/01\/Global-Tourist-Organization-Logo.jpg\" data-width=\"298\" data-height=\"80\" style=\"\" loading=\"lazy\"><noscript><img decoding=\"async\" class=\"lazyload\" alt=\"\" data-id=\"3417\" width=\"298\" data-init-width=\"895\" height=\"80\" data-init-height=\"240\" title=\"Logo de l'organisation touristique mondiale\" src=\"https:\/\/viennatouristinformation.com\/fr\/wp-content\/uploads\/2021\/01\/Global-Tourist-Organization-Logo.jpg\" data-width=\"298\" data-height=\"80\" style=\"\" loading=\"lazy\"><\/noscript><\/span><\/p>\n","protected":false},"excerpt":{"rendered":"<p>Carte de bienvenue de Vienne Le City Pass de ViennaTouristInformation.com. Voir plus, payer moins. VotreGuideMobile.com Le partenaire audioguide pour les billets, les visites libres et les mus\u00e9es.&nbsp; CheckForTrips.de Ticket, visites et partenaire d&rsquo;activit\u00e9s pour la r\u00e9gion DACH.&nbsp; Dynamic Web Solutions GmbH Partenaire pour la technologie, le r\u00e9f\u00e9rencement et la conception Web de ViennaTouristInformation.com.&nbsp; Contact partenaire [&hellip;]<\/p>\n","protected":false},"author":17,"featured_media":2970,"parent":0,"menu_order":0,"comment_status":"closed","ping_status":"closed","template":"","meta":{"footnotes":""},"tags":[],"class_list":["post-3394","page","type-page","status-publish","has-post-thumbnail","hentry","post-wrapper","thrv_wrapper"],"_links":{"self":[{"href":"https:\/\/viennatouristinformation.com\/fr\/wp-json\/wp\/v2\/pages\/3394","targetHints":{"allow":["GET"]}}],"collection":[{"href":"https:\/\/viennatouristinformation.com\/fr\/wp-json\/wp\/v2\/pages"}],"about":[{"href":"https:\/\/viennatouristinformation.com\/fr\/wp-json\/wp\/v2\/types\/page"}],"author":[{"embeddable":true,"href":"https:\/\/viennatouristinformation.com\/fr\/wp-json\/wp\/v2\/users\/17"}],"replies":[{"embeddable":true,"href":"https:\/\/viennatouristinformation.com\/fr\/wp-json\/wp\/v2\/comments?post=3394"}],"version-history":[{"count":0,"href":"https:\/\/viennatouristinformation.com\/fr\/wp-json\/wp\/v2\/pages\/3394\/revisions"}],"wp:featuredmedia":[{"embeddable":true,"href":"https:\/\/viennatouristinformation.com\/fr\/wp-json\/wp\/v2\/media\/2970"}],"wp:attachment":[{"href":"https:\/\/viennatouristinformation.com\/fr\/wp-json\/wp\/v2\/media?parent=3394"}],"wp:term":[{"taxonomy":"post_tag","embeddable":true,"href":"https:\/\/viennatouristinformation.com\/fr\/wp-json\/wp\/v2\/tags?post=3394"}],"curies":[{"name":"wp","href":"https:\/\/api.w.org\/{rel}","templated":true}]}}