{"id":822,"date":"2020-07-10T08:33:53","date_gmt":"2020-07-10T06:33:53","guid":{"rendered":"http:\/\/viennatouristinformation.com\/fr\/?page_id=822"},"modified":"2023-06-14T14:39:13","modified_gmt":"2023-06-14T12:39:13","slug":"prater","status":"publish","type":"page","link":"https:\/\/viennatouristinformation.com\/fr\/choses-a-faire\/attractions\/prater\/","title":{"rendered":"Guide du Prater \u00e0 Vienne"},"content":{"rendered":"<h2 id=\"t-1669122844169\" data-hide=\"true\">Le Prater de Vienne au c\u0153ur de la ville est l&rsquo;une <a href=\"https:\/\/viennatouristinformation.com\/fr\/choses-a-faire\/\" style=\"outline: none;\">des attractions les plus populaires de Vienne<\/a> .<\/h2>\n<p>En tant que plus ancien parc d&rsquo;attractions au monde, il offre un divertissement ultime, en particulier avec le Wurstelprater, qui existe depuis le d\u00e9but du 19e si\u00e8cle.<\/p>\n<p>Cependant, l&#8217;embl\u00e8me de Vienne est bien plus qu&rsquo;un simple parc d&rsquo;aventure. Le \u00ab\u00a0Green Prater\u00a0\u00bb, une zone de loisirs populaire, ainsi qu&rsquo;un plan\u00e9tarium et une installation sportive sont \u00e9galement situ\u00e9s sur les plus de six kilom\u00e8tres carr\u00e9s du Prater.<\/p>\n<p style=\"\"><strong>Autres articles recommand\u00e9s :<\/strong><\/p>\n<ul>\n<li><a href=\"https:\/\/viennatouristinformation.com\/fr\/choses-a-faire\/top-10\/\">Les 10 meilleures choses \u00e0 faire \u00e0 Vienne<\/a><\/li>\n<li><a href=\"https:\/\/viennatouristinformation.com\/fr\/hotels\/\">Les meilleurs h\u00f4tels recommand\u00e9s \u00e0 Vienne<\/a><\/li>\n<li><a href=\"https:\/\/viennatouristinformation.com\/fr\/choses-a-faire\/attractions\/\">Attractions exceptionnelles \u00e0 Vienne<\/a><\/li>\n<li><a href=\"https:\/\/viennatouristinformation.com\/fr\/restaurants-a-vienne\/\" style=\"outline: none;\">Meilleurs restaurants \u00e0 Vienne<\/a><\/li>\n<li><a href=\"https:\/\/viennatouristinformation.com\/fr\/shopping\/\" style=\"outline: none;\">Shopping \u00e0 Vienne<\/a><\/li>\n<li><a href=\"https:\/\/viennatouristinformation.com\/fr\/organisez-votre-voyage-a-vienne\/transports-en-commun-a-vienne\/\" style=\"outline: none;\">Transport en commun \u00e0 Vienne<\/a><\/li>\n<\/ul>\n<h2 id=\"t-1669122844170\" style=\"\">Attractions dans le Prater<\/h2>\n<p><span><img class=\"lazyload\" decoding=\"async\" alt=\"Attraktionen im Prater\" data-id=\"1939\" width=\"885\" data-init-width=\"1000\" height=\"590\" data-init-height=\"667\" title=\"Attraktionen im Prater\" loading=\"lazy\" src=\"data:image\/gif;base64,R0lGODlhAQABAIAAAAAAAP\/\/\/yH5BAEAAAAALAAAAAABAAEAAAIBRAA7\" data-src=\"\/\/viennatouristinformation.com\/fr\/wp-content\/uploads\/2020\/09\/Attraktionen-im-Prater.jpg\" data-width=\"885\" data-height=\"590\" data-pin-media=\"https:\/\/viennatouristinformation.com\/fr\/wp-content\/uploads\/2021\/01\/wien_pinterest_prater-2.jpg\" data-pin-description=\"Prater \u00e0 Vienne\" data-pin-url=\"https:\/\/viennatouristinformation.com\/fr\/choses-a-faire\/attractions\/prater\/?tve=true&amp;tcbf=5180031075\" data-pinpro-key=\"jz5iqwvvh\" style=\"aspect-ratio: auto 1000 \/ 667;\"><noscript><img class=\"lazyload\" decoding=\"async\" alt=\"Attraktionen im Prater\" data-id=\"1939\" width=\"885\" data-init-width=\"1000\" height=\"590\" data-init-height=\"667\" title=\"Attraktionen im Prater\" loading=\"lazy\" src=\"\/\/viennatouristinformation.com\/fr\/wp-content\/uploads\/2020\/09\/Attraktionen-im-Prater.jpg\" data-width=\"885\" data-height=\"590\" data-pin-media=\"https:\/\/viennatouristinformation.com\/fr\/wp-content\/uploads\/2021\/01\/wien_pinterest_prater-2.jpg\" data-pin-description=\"Prater \u00e0 Vienne\" data-pin-url=\"https:\/\/viennatouristinformation.com\/fr\/choses-a-faire\/attractions\/prater\/?tve=true&amp;tcbf=5180031075\" data-pinpro-key=\"jz5iqwvvh\" style=\"aspect-ratio: auto 1000 \/ 667;\"><\/noscript><\/span><\/p>\n<p>Le Prater de Vienne compte plus de 250 attractions. Bien que la saison s&rsquo;\u00e9tende de mars \u00e0 octobre, le Prater et de nombreuses <a href=\"https:\/\/viennatouristinformation.com\/fr\/choses-a-faire\/attractions\/\" style=\"outline: none;\">attractions<\/a> , dont le <a href=\"https:\/\/viennatouristinformation.com\/fr\/choses-a-faire\/attractions\/grande-roue\/\" style=\"outline: none;\">Wiener Riesenrad<\/a> , sont ouverts toute l&rsquo;ann\u00e9e.<\/p>\n<p>Les nombreux man\u00e8ges forains spectaculaires, tels que les carrousels, les galeries de lancer de balles et de tir, les trains fant\u00f4mes et les montagnes russes ainsi que les pistes d&rsquo;autodrome, offrent depuis des d\u00e9cennies du plaisir, de l&rsquo;aventure et du divertissement aux petits et aux grands.<\/p>\n<h2 id=\"t-1669122844171\" style=\"\">Les 10 meilleurs faits saillants im Prater&nbsp;:<\/h2>\n<p><span><img class=\"lazyload\" decoding=\"async\" alt=\"Die Top 10 Highlights im Prater\" data-id=\"1940\" width=\"885\" data-init-width=\"1000\" height=\"590\" data-init-height=\"667\" title=\"Die Top 10 Highlights im Prater\" loading=\"lazy\" src=\"data:image\/gif;base64,R0lGODlhAQABAIAAAAAAAP\/\/\/yH5BAEAAAAALAAAAAABAAEAAAIBRAA7\" data-src=\"\/\/viennatouristinformation.com\/fr\/wp-content\/uploads\/2020\/09\/Die-Top-10-Highlights-im-Prater.jpg\" data-width=\"885\" data-height=\"590\" data-pin-media=\"https:\/\/viennatouristinformation.com\/fr\/wp-content\/uploads\/2021\/01\/wien_pinterest_prater-2.jpg\" data-pin-description=\"Prater \u00e0 Vienne\" data-pin-url=\"https:\/\/viennatouristinformation.com\/fr\/choses-a-faire\/attractions\/prater\/?tve=true&amp;tcbf=5180031075\" data-pinpro-key=\"30siv9my6\" style=\"aspect-ratio: auto 1000 \/ 667;\"><noscript><img class=\"lazyload\" decoding=\"async\" alt=\"Die Top 10 Highlights im Prater\" data-id=\"1940\" width=\"885\" data-init-width=\"1000\" height=\"590\" data-init-height=\"667\" title=\"Die Top 10 Highlights im Prater\" loading=\"lazy\" src=\"\/\/viennatouristinformation.com\/fr\/wp-content\/uploads\/2020\/09\/Die-Top-10-Highlights-im-Prater.jpg\" data-width=\"885\" data-height=\"590\" data-pin-media=\"https:\/\/viennatouristinformation.com\/fr\/wp-content\/uploads\/2021\/01\/wien_pinterest_prater-2.jpg\" data-pin-description=\"Prater \u00e0 Vienne\" data-pin-url=\"https:\/\/viennatouristinformation.com\/fr\/choses-a-faire\/attractions\/prater\/?tve=true&amp;tcbf=5180031075\" data-pinpro-key=\"30siv9my6\" style=\"aspect-ratio: auto 1000 \/ 667;\"><\/noscript><\/span><\/p>\n<ol type=\"1\">\n<li><strong>Riesenrad :<\/strong> L&rsquo;attraction principale du Prater est sans aucun doute le Wiener Riesenrad. C&rsquo;est l&rsquo;un des symboles de Vienne. Pendant le trajet de 15 minutes, les visiteurs peuvent profiter d&rsquo;une vue incomparable sur Vienne d&rsquo;une hauteur de pr\u00e8s de 65 m\u00e8tres.<\/li>\n<li><strong>Carrousel \u00e0 cha\u00eenes Prater Turm<\/strong> : \u00c0 117 m\u00e8tres, le carrousel \u00e0 cha\u00eenes Prater Turm est le carrousel \u00e0 cha\u00eenes le plus haut du monde. Les visiteurs \u00ab volent \u00bb dans les airs \u00e0 60 km\/h.<\/li>\n<li><strong>Madame Tussauds :<\/strong> La branche viennoise du c\u00e9l\u00e8bre mus\u00e9e de cire Madame Tussauds est install\u00e9e au Prater depuis 2011. \u00c9merveillez-vous devant des stars internationales et des Autrichiens c\u00e9l\u00e8bres, tels que l&rsquo;imp\u00e9ratrice Sisi, Falko, Sigmund Freud et Mozart.<\/li>\n<li><strong>Skull Rock &#8211; Fl\u00e9au des Pirates :<\/strong> Cette nouvelle attraction promet la chair de poule. Le trajet de 6 minutes dans le train fant\u00f4me devient une aventure de pirate passionnante avec des surprises et des effets passionnants.<\/li>\n<li><strong>Black Mamba :<\/strong> Le Black Mamba catapulte les visiteurs dans les airs \u00e0 80 km\/h pour une pouss\u00e9e d&rsquo;adr\u00e9naline.<\/li>\n<li><strong>H\u00f4tel Psycho :<\/strong> Une autre attraction populaire est le train fant\u00f4me de l&rsquo;H\u00f4tel Psychof, qui procure des sensations fortes et des divertissements fantasmagoriques.<\/li>\n<li><strong>Liliputbahn :<\/strong> Pour les amateurs de trains, la Liliputbahn avec ses wagons ouverts est d\u00e9finitivement une exp\u00e9rience sp\u00e9ciale, car diff\u00e9rentes locomotives, y compris des locomotives \u00e0 vapeur, circulent sur le parcours de 4 km.<\/li>\n<li><strong>Volare :<\/strong> Ces montagnes russes sont quelque chose pour les courageux, car lors de cette balade extraordinaire, les visiteurs filent \u00e0 travers la piste de 420 m de long, la t\u00eate la premi\u00e8re sur le ventre.<\/li>\n<li><strong>Wildalpenbahn :<\/strong> Une promenade rafra\u00eechissante sur un large ravin offre du plaisir et parfois aussi de la fra\u00eecheur pour toute la famille.<\/li>\n<li><strong>Boomerang&nbsp;:<\/strong> cette montagne russe a tout pour plaire&nbsp;! Sur la piste en boucle, les visiteurs roulent non seulement en avant, mais aussi en arri\u00e8re.<\/li>\n<\/ol>\n<h2 id=\"t-1669122844172\" style=\"\">Manger au Prater<\/h2>\n<p><span><img class=\"lazyload\" decoding=\"async\" alt=\"Essen im Prater\" data-id=\"1941\" width=\"885\" data-init-width=\"1000\" height=\"590\" data-init-height=\"667\" title=\"Essen im Prater\" loading=\"lazy\" src=\"data:image\/gif;base64,R0lGODlhAQABAIAAAAAAAP\/\/\/yH5BAEAAAAALAAAAAABAAEAAAIBRAA7\" data-src=\"\/\/viennatouristinformation.com\/fr\/wp-content\/uploads\/2020\/09\/Essen-im-Prater.jpg\" data-width=\"885\" data-height=\"590\" data-pin-media=\"https:\/\/viennatouristinformation.com\/fr\/wp-content\/uploads\/2021\/01\/wien_pinterest_prater-2.jpg\" data-pin-description=\"Prater \u00e0 Vienne\" data-pin-url=\"https:\/\/viennatouristinformation.com\/fr\/choses-a-faire\/attractions\/prater\/?tve=true&amp;tcbf=5180031075\" data-pinpro-key=\"jru1xehqo\" style=\"aspect-ratio: auto 1000 \/ 667;\"><noscript><img class=\"lazyload\" decoding=\"async\" alt=\"Essen im Prater\" data-id=\"1941\" width=\"885\" data-init-width=\"1000\" height=\"590\" data-init-height=\"667\" title=\"Essen im Prater\" loading=\"lazy\" src=\"\/\/viennatouristinformation.com\/fr\/wp-content\/uploads\/2020\/09\/Essen-im-Prater.jpg\" data-width=\"885\" data-height=\"590\" data-pin-media=\"https:\/\/viennatouristinformation.com\/fr\/wp-content\/uploads\/2021\/01\/wien_pinterest_prater-2.jpg\" data-pin-description=\"Prater \u00e0 Vienne\" data-pin-url=\"https:\/\/viennatouristinformation.com\/fr\/choses-a-faire\/attractions\/prater\/?tve=true&amp;tcbf=5180031075\" data-pinpro-key=\"jru1xehqo\" style=\"aspect-ratio: auto 1000 \/ 667;\"><\/noscript><\/span><\/p>\n<p>De nombreux caf\u00e9s, stands de restauration et restaurants du Prater veillent \u00e0 votre bien-\u00eatre physique. Des stands de saucisses viennoises \u00e0 la gastronomie, il y en a pour tous les go\u00fbts. &nbsp;<\/p>\n<p>Le Schweizerhaus, qui sert une cuisine autrichienne typique, est particuli\u00e8rement recommand\u00e9. L&rsquo;auberge traditionnelle avec son immense caf\u00e9 en plein air est surtout connue pour ses plats copieux, comme le Schweizerhaus Stelze.<\/p>\n<h2 id=\"t-1669122844173\" style=\"\">Vie nocturne au Prater<\/h2>\n<p><span><img class=\"lazyload\" decoding=\"async\" alt=\"Nightlife in Prater in Vienna in Ausria\" data-id=\"865\" width=\"885\" data-init-width=\"1000\" height=\"590\" data-init-height=\"667\" title=\"Nightlife in Prater in Vienna in Ausria\" loading=\"lazy\" src=\"data:image\/gif;base64,R0lGODlhAQABAIAAAAAAAP\/\/\/yH5BAEAAAAALAAAAAABAAEAAAIBRAA7\" data-src=\"\/\/viennatouristinformation.com\/fr\/wp-content\/uploads\/2020\/07\/Nightlife-in-Prater.jpg\" data-width=\"885\" data-height=\"590\" data-pin-media=\"https:\/\/viennatouristinformation.com\/fr\/wp-content\/uploads\/2021\/01\/wien_pinterest_prater-2.jpg\" data-pin-description=\"Prater \u00e0 Vienne\" data-pin-url=\"https:\/\/viennatouristinformation.com\/fr\/choses-a-faire\/attractions\/prater\/?tve=true&amp;tcbf=5180031075\" data-pinpro-key=\"05uwa668m\" style=\"aspect-ratio: auto 1000 \/ 667;\"><noscript><img class=\"lazyload\" decoding=\"async\" alt=\"Nightlife in Prater in Vienna in Ausria\" data-id=\"865\" width=\"885\" data-init-width=\"1000\" height=\"590\" data-init-height=\"667\" title=\"Nightlife in Prater in Vienna in Ausria\" loading=\"lazy\" src=\"\/\/viennatouristinformation.com\/fr\/wp-content\/uploads\/2020\/07\/Nightlife-in-Prater.jpg\" data-width=\"885\" data-height=\"590\" data-pin-media=\"https:\/\/viennatouristinformation.com\/fr\/wp-content\/uploads\/2021\/01\/wien_pinterest_prater-2.jpg\" data-pin-description=\"Prater \u00e0 Vienne\" data-pin-url=\"https:\/\/viennatouristinformation.com\/fr\/choses-a-faire\/attractions\/prater\/?tve=true&amp;tcbf=5180031075\" data-pinpro-key=\"05uwa668m\" style=\"aspect-ratio: auto 1000 \/ 667;\"><\/noscript><\/span><\/p>\n<p>Le Prater abrite le Praterdome, la plus grande discoth\u00e8que d&rsquo;Autriche et l&rsquo;un des <a href=\"https:\/\/viennatouristinformation.com\/fr\/vienne-la-nuit\/\" style=\"outline: none;\">endroits les plus branch\u00e9s de Vienne<\/a> .<\/p>\n<p>Tous les jeudis, vendredis et samedis, vous pouvez vous attendre non seulement \u00e0 une ambiance de f\u00eate anim\u00e9e, mais aussi \u00e0 une atmosph\u00e8re exclusive. L&rsquo;imposant b\u00e2timent de la Riesenradplatz propose 12 bars \u00e0 th\u00e8me et quatre pistes de danse sur deux \u00e9tages, o\u00f9 vous pourrez faire la f\u00eate toute la nuit sur la derni\u00e8re musique.<\/p>\n<p>Un spectacle sp\u00e9cial attend les visiteurs \u00e0 minuit, lorsque les murs entre les deux principales pistes de danse se l\u00e8vent sur l&rsquo;accompagnement de sons futuristes et d&rsquo;un show laser.<\/p>\n<h2 id=\"t-1669122844174\">Faits saillants de la carte Prater et du Prater<\/h2>\n<ul>\n<li><strong>Pratercard :<\/strong> Avec la \u00ab\u00a0Pratercard\u00a0\u00bb, les visiteurs peuvent payer sans esp\u00e8ces dans les attractions participantes et dans certains restaurants du Prater. Dans certaines attractions, le titulaire de la carte b\u00e9n\u00e9ficie \u00e9galement d&rsquo;une r\u00e9duction sur le tarif. La Pratercard peut \u00eatre command\u00e9e en ligne avec le cr\u00e9dit souhait\u00e9 et recharg\u00e9e apr\u00e8s \u00e9puisement du cr\u00e9dit.<\/li>\n<\/ul>\n<ul>\n<li><strong>Faits saillants du Prater :<\/strong> Les d\u00e9tenteurs de la carte \u00ab Faits saillants du Prater \u00bb b\u00e9n\u00e9ficient d&rsquo;une entr\u00e9e gratuite \u00e0 20 attractions du Prater, dont le Wiener Riesenrad, Madame Tussauds, le Liliputbahn et Vienna Flight. Ils recevront \u00e9galement un livret bonus avec des r\u00e9ductions. Prix : 45 \u20ac<\/li>\n<\/ul>\n<h2 id=\"t-1669122844175\" style=\"\">Histoire<\/h2>\n<p><span><img class=\"lazyload\" decoding=\"async\" alt=\"Geschichte in Vienna in Austria\" data-id=\"1942\" width=\"885\" data-init-width=\"1000\" height=\"590\" data-init-height=\"667\" title=\"Geschichte in Vienna in Austria\" loading=\"lazy\" src=\"data:image\/gif;base64,R0lGODlhAQABAIAAAAAAAP\/\/\/yH5BAEAAAAALAAAAAABAAEAAAIBRAA7\" data-src=\"\/\/viennatouristinformation.com\/fr\/wp-content\/uploads\/2020\/09\/Geschichte-4.jpg\" data-width=\"885\" data-height=\"590\" data-pin-media=\"https:\/\/viennatouristinformation.com\/fr\/wp-content\/uploads\/2021\/01\/wien_pinterest_prater-2.jpg\" data-pin-description=\"Prater \u00e0 Vienne\" data-pin-url=\"https:\/\/viennatouristinformation.com\/fr\/choses-a-faire\/attractions\/prater\/?tve=true&amp;tcbf=5180031075\" data-pinpro-key=\"vedss0kjz\" style=\"aspect-ratio: auto 1000 \/ 667;\"><noscript><img class=\"lazyload\" decoding=\"async\" alt=\"Geschichte in Vienna in Austria\" data-id=\"1942\" width=\"885\" data-init-width=\"1000\" height=\"590\" data-init-height=\"667\" title=\"Geschichte in Vienna in Austria\" loading=\"lazy\" src=\"\/\/viennatouristinformation.com\/fr\/wp-content\/uploads\/2020\/09\/Geschichte-4.jpg\" data-width=\"885\" data-height=\"590\" data-pin-media=\"https:\/\/viennatouristinformation.com\/fr\/wp-content\/uploads\/2021\/01\/wien_pinterest_prater-2.jpg\" data-pin-description=\"Prater \u00e0 Vienne\" data-pin-url=\"https:\/\/viennatouristinformation.com\/fr\/choses-a-faire\/attractions\/prater\/?tve=true&amp;tcbf=5180031075\" data-pinpro-key=\"vedss0kjz\" style=\"aspect-ratio: auto 1000 \/ 667;\"><\/noscript><\/span><\/p>\n<p>Le Prater a \u00e9t\u00e9 rendu accessible \u00e0 tous les Viennois le 7 avril 1766 par l&#8217;empereur Joseph II. Auparavant, il \u00e9tait r\u00e9serv\u00e9 \u00e0 la noblesse comme terrain de chasse imp\u00e9rial et pour les promenades. Dans le m\u00eame temps, l&rsquo;Empereur approuve \u00e9galement la construction de stands de restauration. Avec la construction des premi\u00e8res \u00e9choppes, de plus en plus d&rsquo;aubergistes, de cafetiers et de Lebzelter s&rsquo;installent, suivi par la construction de balan\u00e7oires, man\u00e8ges et boulodromes. C&rsquo;est ainsi que s&rsquo;est progressivement d\u00e9velopp\u00e9 le pr\u00e9curseur de l&rsquo;actuel Wurstelprater.<\/p>\n<p>L&rsquo;apog\u00e9e du Prater a commenc\u00e9 avec l&rsquo;Exposition universelle de 1873 \u00e0 Vienne. A cet effet, un grand espace avec des salles d&rsquo;exposition a \u00e9t\u00e9 am\u00e9nag\u00e9 dans le Prater, dont le centre \u00e9tait une rotonde de 84 m\u00e8tres de haut. Cependant, il a compl\u00e8tement br\u00fbl\u00e9 en 1937. Aujourd&rsquo;hui, vous pouvez trouver le b\u00e2timent principal de la Foire de Vienne sur place.<\/p>\n<p>Avec la construction de la zone d&rsquo;amusement \u00ab\u00a0Venedig in Wien\u00a0\u00bb en 1895, au milieu de laquelle le Wiener Riesenrad a \u00e9t\u00e9 construit deux ans plus tard, le Prater s&rsquo;est de plus en plus d\u00e9velopp\u00e9 en un lieu de divertissement. Les th\u00e9\u00e2tres de marionnettes, les cabinets de curiosit\u00e9s ainsi que les forains et les man\u00e8ges forains \u00e9taient tr\u00e8s appr\u00e9ci\u00e9s du public. Le Liliputbahn a suivi en 1928 et le premier train fant\u00f4me au monde en 1933.<\/p>\n<p>Pendant la Seconde Guerre mondiale, cependant, le Prater n&rsquo;a pas \u00e9t\u00e9 \u00e9pargn\u00e9 par les bombardements. Gr\u00e2ce \u00e0 des initiatives priv\u00e9es, il put cependant \u00eatre reconstruit apr\u00e8s 1945.<\/p>\n<p>De nombreuses attractions et bars nouveaux et modernes ont \u00e9t\u00e9 ajout\u00e9s au cours des ann\u00e9es suivantes et ont fait du Prater l&rsquo;un des sites les plus populaires et les plus visit\u00e9s de Vienne avec environ 5,2 millions de visiteurs par an.<\/p>\n<h2 id=\"t-1669122844176\" style=\"\">Contact<\/h2>\n<ul>\n<li><strong>Adresse :<\/strong> Prater, 1020 Vienne<\/li>\n<li><strong>M\u00e9tro :<\/strong> Praterstern ou Messe-Prater<\/li>\n<li><strong>Horaires d&rsquo;ouverture :<\/strong> Le Prater est ouvert 24h\/24, toute l&rsquo;ann\u00e9e. Les heures d&rsquo;ouverture des attractions respectives peuvent varier.<\/li>\n<\/ul>\n<h3 style=\"\">ARTICLES CONNEXES<\/h3>\n<p><a href=\"https:\/\/viennatouristinformation.com\/fr\/choses-a-faire\/attractions\/grande-roue\/\" dynamic-postlink=\"tcb_post_the_permalink\" data-shortcode-id=\"827\"><\/a><\/p>\n<h2 style=\"padding-top: 0px !important; margin-top: 0px !important; text-align: center;\" id=\"t-1686727032072\" data-hide=\"true\"><span data-shortcode=\"tcb_post_title\" data-shortcode-name=\"Post title\" data-extra_key=\"\" data-attr-link=\"1\" data-attr-target=\"0\" data-attr-rel=\"0\" data-option-inline=\"1\" data-attr-static-link=\"{&quot;className&quot;:&quot;&quot;,&quot;href&quot;:&quot;https:\/\/viennatouristinformation.com\/fr\/choses-a-faire\/musee\/&quot;,&quot;title&quot;:&quot;30 Meilleurs Mus\u00e9es \u00e0 Vienne (+ Infos &amp; Billets)&quot;,&quot;class&quot;:&quot;&quot;}\" data-attr-css=\"\"><a href=\"https:\/\/viennatouristinformation.com\/fr\/choses-a-faire\/attractions\/grande-roue\/\" title=\"La Grande Roue de Vienne\u00a0: Visite d\u2019un Monument Viennois\" data-css=\"\">La Grande Roue de Vienne\u00a0: Visite d\u2019un Monument Viennois<\/a><\/span><\/h2>\n<p><a href=\"https:\/\/viennatouristinformation.com\/fr\/choses-a-faire\/attractions\/hotel-de-ville\/\" dynamic-postlink=\"tcb_post_the_permalink\" data-shortcode-id=\"827\"><\/a><\/p>\n<h2 style=\"padding-top: 0px !important; margin-top: 0px !important; text-align: center;\" id=\"t-1686727032072\" data-hide=\"true\"><span data-shortcode=\"tcb_post_title\" data-shortcode-name=\"Post title\" data-extra_key=\"\" data-attr-link=\"1\" data-attr-target=\"0\" data-attr-rel=\"0\" data-option-inline=\"1\" data-attr-static-link=\"{&quot;className&quot;:&quot;&quot;,&quot;href&quot;:&quot;https:\/\/viennatouristinformation.com\/fr\/choses-a-faire\/musee\/&quot;,&quot;title&quot;:&quot;30 Meilleurs Mus\u00e9es \u00e0 Vienne (+ Infos &amp; Billets)&quot;,&quot;class&quot;:&quot;&quot;}\" data-attr-css=\"\"><a href=\"https:\/\/viennatouristinformation.com\/fr\/choses-a-faire\/attractions\/hotel-de-ville\/\" title=\"H\u00f4tel de Ville de Vienne : Rathausplatz, \u00c9v\u00e9nements et Visites\" data-css=\"\">H\u00f4tel de Ville de Vienne : Rathausplatz, \u00c9v\u00e9nements et Visites<\/a><\/span><\/h2>\n<p><a href=\"https:\/\/viennatouristinformation.com\/fr\/choses-a-faire\/attractions\/zoo-de-schoenbrunn\/\" dynamic-postlink=\"tcb_post_the_permalink\" data-shortcode-id=\"827\"><\/a><\/p>\n<h2 style=\"padding-top: 0px !important; margin-top: 0px !important; text-align: center;\" id=\"t-1686727032072\" data-hide=\"true\"><span data-shortcode=\"tcb_post_title\" data-shortcode-name=\"Post title\" data-extra_key=\"\" data-attr-link=\"1\" data-attr-target=\"0\" data-attr-rel=\"0\" data-option-inline=\"1\" data-attr-static-link=\"{&quot;className&quot;:&quot;&quot;,&quot;href&quot;:&quot;https:\/\/viennatouristinformation.com\/fr\/choses-a-faire\/musee\/&quot;,&quot;title&quot;:&quot;30 Meilleurs Mus\u00e9es \u00e0 Vienne (+ Infos &amp; Billets)&quot;,&quot;class&quot;:&quot;&quot;}\" data-attr-css=\"\"><a href=\"https:\/\/viennatouristinformation.com\/fr\/choses-a-faire\/attractions\/zoo-de-schoenbrunn\/\" title=\"Zoo de Sch\u00f6nbrunn \u00e0 Vienne\" data-css=\"\">Zoo de Sch\u00f6nbrunn \u00e0 Vienne<\/a><\/span><\/h2>\n<p><a href=\"https:\/\/viennatouristinformation.com\/fr\/choses-a-faire\/parcs\/\" dynamic-postlink=\"tcb_post_the_permalink\" data-shortcode-id=\"827\"><\/a><\/p>\n<h2 style=\"padding-top: 0px !important; margin-top: 0px !important; text-align: center;\" id=\"t-1686727032072\" data-hide=\"true\"><span data-shortcode=\"tcb_post_title\" data-shortcode-name=\"Post title\" data-extra_key=\"\" data-attr-link=\"1\" data-attr-target=\"0\" data-attr-rel=\"0\" data-option-inline=\"1\" data-attr-static-link=\"{&quot;className&quot;:&quot;&quot;,&quot;href&quot;:&quot;https:\/\/viennatouristinformation.com\/fr\/choses-a-faire\/musee\/&quot;,&quot;title&quot;:&quot;30 Meilleurs Mus\u00e9es \u00e0 Vienne (+ Infos &amp; Billets)&quot;,&quot;class&quot;:&quot;&quot;}\" data-attr-css=\"\"><a href=\"https:\/\/viennatouristinformation.com\/fr\/choses-a-faire\/parcs\/\" title=\"20 Plus Beaux Parcs de Vienne\" data-css=\"\">20 Plus Beaux Parcs de Vienne<\/a><\/span><\/h2>\n","protected":false},"excerpt":{"rendered":"<p>Le Prater de Vienne au c\u0153ur de la ville est l&rsquo;une des attractions les plus populaires de Vienne . En tant que plus ancien parc d&rsquo;attractions au monde, il offre un divertissement ultime, en particulier avec le Wurstelprater, qui existe depuis le d\u00e9but du 19e si\u00e8cle. Cependant, l&#8217;embl\u00e8me de Vienne est bien plus qu&rsquo;un simple [&hellip;]<\/p>\n","protected":false},"author":3,"featured_media":1938,"parent":138,"menu_order":0,"comment_status":"closed","ping_status":"closed","template":"","meta":{"footnotes":""},"tags":[],"class_list":["post-822","page","type-page","status-publish","has-post-thumbnail","hentry","post-wrapper","thrv_wrapper"],"_links":{"self":[{"href":"https:\/\/viennatouristinformation.com\/fr\/wp-json\/wp\/v2\/pages\/822","targetHints":{"allow":["GET"]}}],"collection":[{"href":"https:\/\/viennatouristinformation.com\/fr\/wp-json\/wp\/v2\/pages"}],"about":[{"href":"https:\/\/viennatouristinformation.com\/fr\/wp-json\/wp\/v2\/types\/page"}],"author":[{"embeddable":true,"href":"https:\/\/viennatouristinformation.com\/fr\/wp-json\/wp\/v2\/users\/3"}],"replies":[{"embeddable":true,"href":"https:\/\/viennatouristinformation.com\/fr\/wp-json\/wp\/v2\/comments?post=822"}],"version-history":[{"count":0,"href":"https:\/\/viennatouristinformation.com\/fr\/wp-json\/wp\/v2\/pages\/822\/revisions"}],"up":[{"embeddable":true,"href":"https:\/\/viennatouristinformation.com\/fr\/wp-json\/wp\/v2\/pages\/138"}],"wp:featuredmedia":[{"embeddable":true,"href":"https:\/\/viennatouristinformation.com\/fr\/wp-json\/wp\/v2\/media\/1938"}],"wp:attachment":[{"href":"https:\/\/viennatouristinformation.com\/fr\/wp-json\/wp\/v2\/media?parent=822"}],"wp:term":[{"taxonomy":"post_tag","embeddable":true,"href":"https:\/\/viennatouristinformation.com\/fr\/wp-json\/wp\/v2\/tags?post=822"}],"curies":[{"name":"wp","href":"https:\/\/api.w.org\/{rel}","templated":true}]}}