{"id":827,"date":"2020-07-16T12:37:34","date_gmt":"2020-07-16T10:37:34","guid":{"rendered":"http:\/\/viennatouristinformation.com\/fr\/?page_id=827"},"modified":"2023-06-14T14:42:18","modified_gmt":"2023-06-14T12:42:18","slug":"grande-roue","status":"publish","type":"page","link":"https:\/\/viennatouristinformation.com\/fr\/choses-a-faire\/attractions\/grande-roue\/","title":{"rendered":"La Grande Roue de Vienne\u00a0: Visite d&#8217;un Monument Viennois"},"content":{"rendered":"<h2 id=\"t-1669125450926\" data-hide=\"true\"><a href=\"https:\/\/viennatouristinformation.com\/fr\/sehenswuerdigkeiten\/attraktionen\/riesenrad\/\" style=\"outline: none;\">La grande roue<\/a> de 64,75 m de haut dans le Prater est l&rsquo;un des monuments de Vienne.<\/h2>\n<p>Sa silhouette embl\u00e9matique se voit de loin et fa\u00e7onne l&rsquo;horizon de Vienne.<\/p>\n<p>Lorsqu&rsquo;elle a ouvert ses portes en 1897 pour le jubil\u00e9 de l&#8217;empereur Fran\u00e7ois-Joseph Ier, c&rsquo;\u00e9tait la plus haute grande roue du monde.<\/p>\n<p>Voici des informations importantes pour une visite de la grande roue du <a href=\"https:\/\/viennatouristinformation.com\/fr\/choses-a-faire\/attractions\/prater\/\" style=\"outline: none;\">Prater de Vienne<\/a> .<\/p>\n<p style=\"\"><strong>Autres articles recommand\u00e9s :<\/strong><\/p>\n<ul>\n<li><a href=\"https:\/\/viennatouristinformation.com\/fr\/choses-a-faire\/top-10\/\">Les 10 meilleures choses \u00e0 faire \u00e0 Vienne<\/a><\/li>\n<li><a href=\"https:\/\/viennatouristinformation.com\/fr\/hotels\/\" style=\"outline: none;\">Les meilleurs h\u00f4tels recommand\u00e9s \u00e0 Vienne<\/a><\/li>\n<li><a href=\"https:\/\/viennatouristinformation.com\/fr\/choses-a-faire\/attractions\/\" style=\"outline: none;\">Attractions exceptionnelles \u00e0 Vienne<\/a><\/li>\n<li><a href=\"https:\/\/viennatouristinformation.com\/fr\/restaurants-a-vienne\/\">Meilleurs restaurants \u00e0 Vienne<\/a><\/li>\n<li><a href=\"https:\/\/viennatouristinformation.com\/fr\/shopping\/\">Shopping \u00e0 Vienne<\/a><\/li>\n<li><a href=\"https:\/\/viennatouristinformation.com\/fr\/organisez-votre-voyage-a-vienne\/transports-en-commun-a-vienne\/\" style=\"outline: none;\">Transport en commun \u00e0 Vienne<\/a><\/li>\n<\/ul>\n<h2 id=\"t-1669125450927\" style=\"\">Montez sur la grande roue<\/h2>\n<p><span><img class=\"lazyload\" decoding=\"async\" alt=\"Fahrt mit dem Riesenrad in Wien in Austria\" data-id=\"1947\" width=\"885\" data-init-width=\"1000\" height=\"590\" data-init-height=\"667\" title=\"Fahrt mit dem Riesenrad in Wien in Austria\" loading=\"lazy\" src=\"data:image\/gif;base64,R0lGODlhAQABAIAAAAAAAP\/\/\/yH5BAEAAAAALAAAAAABAAEAAAIBRAA7\" data-src=\"\/\/viennatouristinformation.com\/fr\/wp-content\/uploads\/2020\/09\/Fahrt-mit-dem-Riesenrad.jpg\" data-width=\"885\" data-height=\"590\" data-pin-media=\"https:\/\/viennatouristinformation.com\/fr\/wp-content\/uploads\/2021\/01\/wien_pinterest_riesenrad-2.jpg\" data-pin-description=\"La Grande Roue de Vienna\" data-pin-url=\"https:\/\/viennatouristinformation.com\/fr\/choses-a-faire\/attractions\/grande-roue\/?tve=true&amp;tcbf=5180031075\" data-pinpro-key=\"j6rinn07n\" style=\"aspect-ratio: auto 1000 \/ 667;\"><noscript><img class=\"lazyload\" decoding=\"async\" alt=\"Fahrt mit dem Riesenrad in Wien in Austria\" data-id=\"1947\" width=\"885\" data-init-width=\"1000\" height=\"590\" data-init-height=\"667\" title=\"Fahrt mit dem Riesenrad in Wien in Austria\" loading=\"lazy\" src=\"\/\/viennatouristinformation.com\/fr\/wp-content\/uploads\/2020\/09\/Fahrt-mit-dem-Riesenrad.jpg\" data-width=\"885\" data-height=\"590\" data-pin-media=\"https:\/\/viennatouristinformation.com\/fr\/wp-content\/uploads\/2021\/01\/wien_pinterest_riesenrad-2.jpg\" data-pin-description=\"La Grande Roue de Vienna\" data-pin-url=\"https:\/\/viennatouristinformation.com\/fr\/choses-a-faire\/attractions\/grande-roue\/?tve=true&amp;tcbf=5180031075\" data-pinpro-key=\"j6rinn07n\" style=\"aspect-ratio: auto 1000 \/ 667;\"><\/noscript><\/span><\/p>\n<p>La grande roue du Prater est l&rsquo;un des <a href=\"https:\/\/viennatouristinformation.com\/fr\/choses-a-faire\/\" style=\"outline: none;\">sites les plus c\u00e9l\u00e8bres de Vienne<\/a> et en m\u00eame temps le symbole du Prater.<\/p>\n<p>Si vous \u00eates \u00e0 Vienne, vous ne devriez pas manquer la balade nostalgique sur la grande roue. On dit que vous n&rsquo;\u00eates pas vraiment all\u00e9 \u00e0 Vienne si vous n&rsquo;avez m\u00eame pas mont\u00e9 la grande roue.<\/p>\n<p>Le Wiener Riesenrad tourne dans le sens nord-sud et prend 4,25 minutes pour effectuer un tour complet. Cependant, comme les passagers embarquent et d\u00e9barquent, le tour du monde prend plus de temps en fonction du nombre de passagers.<\/p>\n<p>Un trajet moyen sur le c\u00e9l\u00e8bre Wiener Riesenrad prend environ 12 \u00e0 15 minutes. Assis dans l&rsquo;un des l\u00e9gendaires wagons rouges, la m\u00e9tropole du Danube peut \u00eatre admir\u00e9e \u00e0 vol d&rsquo;oiseau. Des photos souvenirs uniques sont cr\u00e9\u00e9es.<\/p>\n<p>Au point culminant de la roue, \u00e0 une hauteur de 64,75 m\u00e8tres, les visiteurs peuvent profiter d&rsquo;une vue incomparable sur la capitale autrichienne et ses environs.<\/p>\n<h2 id=\"t-1669125450928\" style=\"\">Mus\u00e9e panoramique<\/h2>\n<p><span><img class=\"lazyload\" decoding=\"async\" alt=\"Panorama Museum in Vienna in Austria\" data-id=\"1948\" width=\"885\" data-init-width=\"1000\" height=\"590\" data-init-height=\"667\" title=\"Panorama Museum in Vienna in Austria\" loading=\"lazy\" src=\"data:image\/gif;base64,R0lGODlhAQABAIAAAAAAAP\/\/\/yH5BAEAAAAALAAAAAABAAEAAAIBRAA7\" data-src=\"\/\/viennatouristinformation.com\/fr\/wp-content\/uploads\/2020\/09\/Panorama-Museum.jpg\" data-width=\"885\" data-height=\"590\" data-pin-media=\"https:\/\/viennatouristinformation.com\/fr\/wp-content\/uploads\/2021\/01\/wien_pinterest_riesenrad-2.jpg\" data-pin-description=\"La Grande Roue de Vienna\" data-pin-url=\"https:\/\/viennatouristinformation.com\/fr\/choses-a-faire\/attractions\/grande-roue\/?tve=true&amp;tcbf=5180031075\" data-pinpro-key=\"km617hhqx\" style=\"aspect-ratio: auto 1000 \/ 667;\"><noscript><img class=\"lazyload\" decoding=\"async\" alt=\"Panorama Museum in Vienna in Austria\" data-id=\"1948\" width=\"885\" data-init-width=\"1000\" height=\"590\" data-init-height=\"667\" title=\"Panorama Museum in Vienna in Austria\" loading=\"lazy\" src=\"\/\/viennatouristinformation.com\/fr\/wp-content\/uploads\/2020\/09\/Panorama-Museum.jpg\" data-width=\"885\" data-height=\"590\" data-pin-media=\"https:\/\/viennatouristinformation.com\/fr\/wp-content\/uploads\/2021\/01\/wien_pinterest_riesenrad-2.jpg\" data-pin-description=\"La Grande Roue de Vienna\" data-pin-url=\"https:\/\/viennatouristinformation.com\/fr\/choses-a-faire\/attractions\/grande-roue\/?tve=true&amp;tcbf=5180031075\" data-pinpro-key=\"km617hhqx\" style=\"aspect-ratio: auto 1000 \/ 667;\"><\/noscript><\/span><\/p>\n<p>Dans la zone d&rsquo;entr\u00e9e de la grande roue se trouve le mus\u00e9e panoramique, qui vous ram\u00e8ne dans le pass\u00e9 de Vienne. Les visiteurs peuvent se plonger dans 2000 ans d&rsquo;histoire viennoise et d&rsquo;histoires du Prater.<\/p>\n<p>Huit wagons avec des installations artistiques et techniques et un \u00e9norme sch\u00e9ma offrent un aper\u00e7u passionnant.<\/p>\n<h2 id=\"t-1669125450929\" style=\"\">D\u00eener sur la grande roue<\/h2>\n<p><span><img class=\"lazyload\" decoding=\"async\" alt=\"Dinner im Riesenrad\" data-id=\"1949\" width=\"885\" data-init-width=\"1000\" height=\"590\" data-init-height=\"667\" title=\"Dinner im Riesenrad\" loading=\"lazy\" src=\"data:image\/gif;base64,R0lGODlhAQABAIAAAAAAAP\/\/\/yH5BAEAAAAALAAAAAABAAEAAAIBRAA7\" data-src=\"\/\/viennatouristinformation.com\/fr\/wp-content\/uploads\/2020\/09\/Dinner-im-Riesenrad.jpg\" data-width=\"885\" data-height=\"590\" data-pin-media=\"https:\/\/viennatouristinformation.com\/fr\/wp-content\/uploads\/2021\/01\/wien_pinterest_riesenrad-2.jpg\" data-pin-description=\"La Grande Roue de Vienna\" data-pin-url=\"https:\/\/viennatouristinformation.com\/fr\/choses-a-faire\/attractions\/grande-roue\/?tve=true&amp;tcbf=5180031075\" data-pinpro-key=\"ftciwy9jw\" style=\"aspect-ratio: auto 1000 \/ 667;\"><noscript><img class=\"lazyload\" decoding=\"async\" alt=\"Dinner im Riesenrad\" data-id=\"1949\" width=\"885\" data-init-width=\"1000\" height=\"590\" data-init-height=\"667\" title=\"Dinner im Riesenrad\" loading=\"lazy\" src=\"\/\/viennatouristinformation.com\/fr\/wp-content\/uploads\/2020\/09\/Dinner-im-Riesenrad.jpg\" data-width=\"885\" data-height=\"590\" data-pin-media=\"https:\/\/viennatouristinformation.com\/fr\/wp-content\/uploads\/2021\/01\/wien_pinterest_riesenrad-2.jpg\" data-pin-description=\"La Grande Roue de Vienna\" data-pin-url=\"https:\/\/viennatouristinformation.com\/fr\/choses-a-faire\/attractions\/grande-roue\/?tve=true&amp;tcbf=5180031075\" data-pinpro-key=\"ftciwy9jw\" style=\"aspect-ratio: auto 1000 \/ 667;\"><\/noscript><\/span><\/p>\n<p>Pour une exp\u00e9rience inoubliable, les visiteurs peuvent organiser des d\u00eeners exclusifs, des f\u00eates priv\u00e9es et m\u00eame des mariages dans l&rsquo;une des quatre cal\u00e8ches gastronomiques. Les gondoles peuvent \u00e9galement \u00eatre r\u00e9serv\u00e9es pour <a href=\"https:\/\/viennatouristinformation.com\/fr\/voyage-groupe-berlin-allemagne\/incentives-et-seminaires\/\" style=\"outline: none;\">des incentives \u00e0 Vienne<\/a> .<\/p>\n<p>Le d\u00eener pittoresque sur la grande roue promet une pure romance. A des hauteurs vertigineuses, vous et votre moiti\u00e9 pouvez profiter d&rsquo;un d\u00eener romantique aux chandelles dans une atmosph\u00e8re incomparable.<\/p>\n<p>Un d\u00e9licieux repas de 3 plats avec vue sur Vienne fait partie du voyage de 90 minutes dans la cal\u00e8che exclusive.<\/p>\n<h2 id=\"t-1669125450930\">Sp\u00e9cifications techniques<\/h2>\n<ul>\n<li>Hauteur (point le plus haut de la grande roue) : 64,5 m<\/li>\n<li>Diam\u00e8tre des roues : 60,96 m<\/li>\n<li>Poids de l&rsquo;ensemble de la structure en fer : 430 t<\/li>\n<li>Dur\u00e9e d&rsquo;un trajet : environ 12-15 minutes<\/li>\n<li>Nombre de wagons : 15<\/li>\n<li>Vitesse&nbsp;: 0,75&nbsp;m\/s = 2,7&nbsp;km\/h<\/li>\n<\/ul>\n<h2 id=\"t-1669125450931\" style=\"\">Histoire<\/h2>\n<p><span><img class=\"lazyload\" decoding=\"async\" alt=\"Geschichte in Vienna in Austria\" data-id=\"1950\" width=\"702\" data-init-width=\"1000\" height=\"468\" data-init-height=\"667\" title=\"Geschichte in Vienna in Austria\" loading=\"lazy\" src=\"data:image\/gif;base64,R0lGODlhAQABAIAAAAAAAP\/\/\/yH5BAEAAAAALAAAAAABAAEAAAIBRAA7\" data-src=\"\/\/viennatouristinformation.com\/fr\/wp-content\/uploads\/2020\/09\/Geschichte-5.jpg\" data-width=\"702\" data-height=\"468\" data-pin-media=\"https:\/\/viennatouristinformation.com\/fr\/wp-content\/uploads\/2021\/01\/wien_pinterest_riesenrad-2.jpg\" data-pin-description=\"La Grande Roue de Vienna\" data-pin-url=\"https:\/\/viennatouristinformation.com\/fr\/choses-a-faire\/attractions\/grande-roue\/?tve=true&amp;tcbf=5180031075\" data-pinpro-key=\"49eu8spor\" style=\"aspect-ratio: auto 1000 \/ 667;\"><noscript><img class=\"lazyload\" decoding=\"async\" alt=\"Geschichte in Vienna in Austria\" data-id=\"1950\" width=\"702\" data-init-width=\"1000\" height=\"468\" data-init-height=\"667\" title=\"Geschichte in Vienna in Austria\" loading=\"lazy\" src=\"\/\/viennatouristinformation.com\/fr\/wp-content\/uploads\/2020\/09\/Geschichte-5.jpg\" data-width=\"702\" data-height=\"468\" data-pin-media=\"https:\/\/viennatouristinformation.com\/fr\/wp-content\/uploads\/2021\/01\/wien_pinterest_riesenrad-2.jpg\" data-pin-description=\"La Grande Roue de Vienna\" data-pin-url=\"https:\/\/viennatouristinformation.com\/fr\/choses-a-faire\/attractions\/grande-roue\/?tve=true&amp;tcbf=5180031075\" data-pinpro-key=\"49eu8spor\" style=\"aspect-ratio: auto 1000 \/ 667;\"><\/noscript><\/span><\/p>\n<p>La grande roue a \u00e9t\u00e9 construite en 1897 \u00e0 l&rsquo;occasion du 50e anniversaire du tr\u00f4ne de l&#8217;empereur Fran\u00e7ois-Joseph Ier. C&rsquo;\u00e9tait d\u00e9j\u00e0 l&rsquo;une des <a href=\"https:\/\/viennatouristinformation.com\/fr\/choses-a-faire\/attractions\/\" style=\"outline: none;\">attractions les plus importantes de Vienne \u00e0 l&rsquo;\u00e9poque<\/a><\/p>\n<p>Le Wiener Riesenrad peut se pr\u00e9valoir d&rsquo;une histoire mouvement\u00e9e et a \u00e9t\u00e9 \u00e0 plusieurs reprises le th\u00e9\u00e2tre d&rsquo;\u00e9v\u00e9nements sensationnels et tragiques. En 1898, une Viennoise, Marie Kindl, s&rsquo;est pendue \u00e0 une corde \u00e0 l&rsquo;une des gondoles pour attirer l&rsquo;attention sur la pauvret\u00e9 de sa famille et de nombreux autres Viennois.<\/p>\n<p>Aussi spectaculaire a \u00e9t\u00e9 l&rsquo;action de la directrice de cirque Madame Solange d&rsquo;Atalide, qui s&rsquo;est assise sur un cheval sur le toit d&rsquo;une gondole pour un film alors qu&rsquo;elle montait sur la grande roue.<\/p>\n<p>La grande roue a servi de toile de fond \u00e0 plusieurs reprises, par exemple pour le classique \u00ab\u00a0The Third Man\u00a0\u00bb, qui a \u00e9t\u00e9 tourn\u00e9 \u00e0 Vienne en 1948, ou \u00ab\u00a0The Living Daylights\u00a0\u00bb de James Bond.<\/p>\n<p>M\u00eame la grande roue n&rsquo;a pas \u00e9t\u00e9 \u00e9pargn\u00e9e par les bombardements pendant la Seconde Guerre mondiale. Il a \u00e9t\u00e9 presque enti\u00e8rement d\u00e9truit. Seule la structure en acier a surv\u00e9cu au violent incendie. Apr\u00e8s la guerre, la grande roue a \u00e9t\u00e9 reconstruite et est devenue un symbole de la reconstruction. Lors de sa r\u00e9ouverture en 1947, il re\u00e7ut 15 wagons au lieu des 30 wagons d&rsquo;origine et 4 au lieu des 6 fen\u00eatres d&rsquo;origine.&nbsp;<\/p>\n<p>Depuis 2002, le Panorama Museum offre un aper\u00e7u de l&rsquo;histoire passionnante de Vienne et du Prater avec huit des wagons restants.<\/p>\n<p>Aujourd&rsquo;hui, la grande roue de 430 tonnes tourne tranquillement \u00e0 une vitesse de 2,7 km\/h et offre toujours aux visiteurs un panorama \u00e0 couper le souffle.<\/p>\n<h2 id=\"t-1669125450932\" style=\"\">Contact<\/h2>\n<ul>\n<li><strong>Adresse :<\/strong> Prater, 1020 Vienne<\/li>\n<li><strong>M\u00e9tro :<\/strong> Praterstern<\/li>\n<li><strong>Horaires d&rsquo;ouverture<\/strong> : Vous pouvez trouver les horaires d&rsquo;ouverture actuels sur le <a href=\"https:\/\/wienerriesenrad.com\/ihr-besuch\/\" rel=\"noopener\" target=\"_blank\">site Internet de la grande roue g\u00e9ante<\/a> .<\/li>\n<\/ul>\n<h3 style=\"\">ARTICLES CONNEXES<\/h3>\n<p><a href=\"https:\/\/viennatouristinformation.com\/fr\/choses-a-faire\/attractions\/prater\/\" dynamic-postlink=\"tcb_post_the_permalink\" data-shortcode-id=\"822\"><\/a><\/p>\n<h2 style=\"padding-top: 0px !important; margin-top: 0px !important; text-align: center;\" id=\"t-1686727032072\" data-hide=\"true\"><span data-shortcode=\"tcb_post_title\" data-shortcode-name=\"Post title\" data-extra_key=\"\" data-attr-link=\"1\" data-attr-target=\"0\" data-attr-rel=\"0\" data-option-inline=\"1\" data-attr-static-link=\"{&quot;className&quot;:&quot;&quot;,&quot;href&quot;:&quot;https:\/\/viennatouristinformation.com\/fr\/choses-a-faire\/musee\/&quot;,&quot;title&quot;:&quot;30 Meilleurs Mus\u00e9es \u00e0 Vienne (+ Infos &amp; Billets)&quot;,&quot;class&quot;:&quot;&quot;}\" data-attr-css=\"\"><a href=\"https:\/\/viennatouristinformation.com\/fr\/choses-a-faire\/attractions\/prater\/\" title=\"Guide du Prater \u00e0 Vienne\" data-css=\"\">Guide du Prater \u00e0 Vienne<\/a><\/span><\/h2>\n<p><a href=\"https:\/\/viennatouristinformation.com\/fr\/choses-a-faire\/attractions\/hotel-de-ville\/\" dynamic-postlink=\"tcb_post_the_permalink\" data-shortcode-id=\"822\"><\/a><\/p>\n<h2 style=\"padding-top: 0px !important; margin-top: 0px !important; text-align: center;\" id=\"t-1686727032072\" data-hide=\"true\"><span data-shortcode=\"tcb_post_title\" data-shortcode-name=\"Post title\" data-extra_key=\"\" data-attr-link=\"1\" data-attr-target=\"0\" data-attr-rel=\"0\" data-option-inline=\"1\" data-attr-static-link=\"{&quot;className&quot;:&quot;&quot;,&quot;href&quot;:&quot;https:\/\/viennatouristinformation.com\/fr\/choses-a-faire\/musee\/&quot;,&quot;title&quot;:&quot;30 Meilleurs Mus\u00e9es \u00e0 Vienne (+ Infos &amp; Billets)&quot;,&quot;class&quot;:&quot;&quot;}\" data-attr-css=\"\"><a href=\"https:\/\/viennatouristinformation.com\/fr\/choses-a-faire\/attractions\/hotel-de-ville\/\" title=\"H\u00f4tel de Ville de Vienne : Rathausplatz, \u00c9v\u00e9nements et Visites\" data-css=\"\">H\u00f4tel de Ville de Vienne : Rathausplatz, \u00c9v\u00e9nements et Visites<\/a><\/span><\/h2>\n<p><a href=\"https:\/\/viennatouristinformation.com\/fr\/choses-a-faire\/attractions\/zoo-de-schoenbrunn\/\" dynamic-postlink=\"tcb_post_the_permalink\" data-shortcode-id=\"822\"><\/a><\/p>\n<h2 style=\"padding-top: 0px !important; margin-top: 0px !important; text-align: center;\" id=\"t-1686727032072\" data-hide=\"true\"><span data-shortcode=\"tcb_post_title\" data-shortcode-name=\"Post title\" data-extra_key=\"\" data-attr-link=\"1\" data-attr-target=\"0\" data-attr-rel=\"0\" data-option-inline=\"1\" data-attr-static-link=\"{&quot;className&quot;:&quot;&quot;,&quot;href&quot;:&quot;https:\/\/viennatouristinformation.com\/fr\/choses-a-faire\/musee\/&quot;,&quot;title&quot;:&quot;30 Meilleurs Mus\u00e9es \u00e0 Vienne (+ Infos &amp; Billets)&quot;,&quot;class&quot;:&quot;&quot;}\" data-attr-css=\"\"><a href=\"https:\/\/viennatouristinformation.com\/fr\/choses-a-faire\/attractions\/zoo-de-schoenbrunn\/\" title=\"Zoo de Sch\u00f6nbrunn \u00e0 Vienne\" data-css=\"\">Zoo de Sch\u00f6nbrunn \u00e0 Vienne<\/a><\/span><\/h2>\n<p><a href=\"https:\/\/viennatouristinformation.com\/fr\/choses-a-faire\/parcs\/\" dynamic-postlink=\"tcb_post_the_permalink\" data-shortcode-id=\"822\"><\/a><\/p>\n<h2 style=\"padding-top: 0px !important; margin-top: 0px !important; text-align: center;\" id=\"t-1686727032072\" data-hide=\"true\"><span data-shortcode=\"tcb_post_title\" data-shortcode-name=\"Post title\" data-extra_key=\"\" data-attr-link=\"1\" data-attr-target=\"0\" data-attr-rel=\"0\" data-option-inline=\"1\" data-attr-static-link=\"{&quot;className&quot;:&quot;&quot;,&quot;href&quot;:&quot;https:\/\/viennatouristinformation.com\/fr\/choses-a-faire\/musee\/&quot;,&quot;title&quot;:&quot;30 Meilleurs Mus\u00e9es \u00e0 Vienne (+ Infos &amp; Billets)&quot;,&quot;class&quot;:&quot;&quot;}\" data-attr-css=\"\"><a href=\"https:\/\/viennatouristinformation.com\/fr\/choses-a-faire\/parcs\/\" title=\"20 Plus Beaux Parcs de Vienne\" data-css=\"\">20 Plus Beaux Parcs de Vienne<\/a><\/span><\/h2>\n","protected":false},"excerpt":{"rendered":"<p>La grande roue de 64,75 m de haut dans le Prater est l&rsquo;un des monuments de Vienne. Sa silhouette embl\u00e9matique se voit de loin et fa\u00e7onne l&rsquo;horizon de Vienne. Lorsqu&rsquo;elle a ouvert ses portes en 1897 pour le jubil\u00e9 de l&#8217;empereur Fran\u00e7ois-Joseph Ier, c&rsquo;\u00e9tait la plus haute grande roue du monde. Voici des informations importantes [&hellip;]<\/p>\n","protected":false},"author":3,"featured_media":1946,"parent":138,"menu_order":0,"comment_status":"closed","ping_status":"closed","template":"","meta":{"footnotes":""},"tags":[],"class_list":["post-827","page","type-page","status-publish","has-post-thumbnail","hentry","post-wrapper","thrv_wrapper"],"_links":{"self":[{"href":"https:\/\/viennatouristinformation.com\/fr\/wp-json\/wp\/v2\/pages\/827","targetHints":{"allow":["GET"]}}],"collection":[{"href":"https:\/\/viennatouristinformation.com\/fr\/wp-json\/wp\/v2\/pages"}],"about":[{"href":"https:\/\/viennatouristinformation.com\/fr\/wp-json\/wp\/v2\/types\/page"}],"author":[{"embeddable":true,"href":"https:\/\/viennatouristinformation.com\/fr\/wp-json\/wp\/v2\/users\/3"}],"replies":[{"embeddable":true,"href":"https:\/\/viennatouristinformation.com\/fr\/wp-json\/wp\/v2\/comments?post=827"}],"version-history":[{"count":0,"href":"https:\/\/viennatouristinformation.com\/fr\/wp-json\/wp\/v2\/pages\/827\/revisions"}],"up":[{"embeddable":true,"href":"https:\/\/viennatouristinformation.com\/fr\/wp-json\/wp\/v2\/pages\/138"}],"wp:featuredmedia":[{"embeddable":true,"href":"https:\/\/viennatouristinformation.com\/fr\/wp-json\/wp\/v2\/media\/1946"}],"wp:attachment":[{"href":"https:\/\/viennatouristinformation.com\/fr\/wp-json\/wp\/v2\/media?parent=827"}],"wp:term":[{"taxonomy":"post_tag","embeddable":true,"href":"https:\/\/viennatouristinformation.com\/fr\/wp-json\/wp\/v2\/tags?post=827"}],"curies":[{"name":"wp","href":"https:\/\/api.w.org\/{rel}","templated":true}]}}