{"id":920,"date":"2020-07-20T10:03:31","date_gmt":"2020-07-20T08:03:31","guid":{"rendered":"http:\/\/viennatouristinformation.com\/fr\/?page_id=920"},"modified":"2023-06-14T14:48:15","modified_gmt":"2023-06-14T12:48:15","slug":"tresor-imperial","status":"publish","type":"page","link":"https:\/\/viennatouristinformation.com\/fr\/choses-a-faire\/chateaux\/palais-imperial\/tresor-imperial\/","title":{"rendered":"Tr\u00e9sor imp\u00e9rial de Vienne"},"content":{"rendered":"<h2 id=\"t-1669204634310\" data-hide=\"true\">Le Tr\u00e9sor imp\u00e9rial fait partie du complexe de la Hofburg. Il est situ\u00e9 dans l&rsquo;aile suisse, la partie la plus ancienne de la Hofburg.<\/h2>\n<p>Avec ses nombreux tr\u00e9sors d&rsquo;une valeur incommensurable, le Tr\u00e9sor Imp\u00e9rial est le tr\u00e9sor le plus important du monde.<\/p>\n<p style=\"\"><strong>Autres articles recommand\u00e9s :<\/strong><\/p>\n<ul>\n<li><a href=\"https:\/\/viennatouristinformation.com\/fr\/choses-a-faire\/top-10\/\" style=\"outline: none;\">Les 10 meilleures choses \u00e0 faire \u00e0 Vienne<\/a><\/li>\n<li><a href=\"https:\/\/viennatouristinformation.com\/fr\/hotels\/\" style=\"outline: none;\">Les meilleurs h\u00f4tels recommand\u00e9s \u00e0 Vienne<\/a><\/li>\n<li><a href=\"https:\/\/viennatouristinformation.com\/fr\/choses-a-faire\/attractions\/\" style=\"outline: none;\">Attractions exceptionnelles \u00e0 Vienne<\/a><\/li>\n<li><a href=\"https:\/\/viennatouristinformation.com\/fr\/restaurants-a-vienne\/\">Meilleurs restaurants \u00e0 Vienne<\/a><\/li>\n<li><a href=\"https:\/\/viennatouristinformation.com\/fr\/shopping\/\">Shopping \u00e0 Vienne<\/a><\/li>\n<li><a href=\"https:\/\/viennatouristinformation.com\/fr\/organisez-votre-voyage-a-vienne\/transports-en-commun-a-vienne\/\">Transport en commun \u00e0 Vienne<\/a><\/li>\n<\/ul>\n<h2 id=\"t-1669204634311\">Sites dans le tr\u00e9sor<\/h2>\n<p>Le tr\u00e9sor, qui s&rsquo;\u00e9tend sur 20 salles et expose plus de 500 objets, est divis\u00e9 en un tr\u00e9sor s\u00e9culier et un tr\u00e9sor spirituel.<\/p>\n<p>Les objets expos\u00e9s dans le <strong>tr\u00e9sor cl\u00e9rical<\/strong> fournissent des informations sur le culte des reliques du Moyen \u00c2ge, sur le catholicisme des Habsbourg et aussi sur les croyances populaires autrichiennes.<\/p>\n<p>Le <strong>tr\u00e9sor s\u00e9culier<\/strong> contient des tr\u00e9sors de plus de mille ans d&rsquo;histoire europ\u00e9enne. Les objets les plus spectaculaires sont les suivants :<\/p>\n<h3 id=\"t-1669204634312\">1. Couronne imp\u00e9riale du Saint Empire romain germanique<\/h3>\n<p>La pi\u00e8ce ma\u00eetresse du tr\u00e9sor est la couronne imp\u00e9riale du Saint Empire romain germanique. Elle date de la seconde moiti\u00e9 du Xe si\u00e8cle et est orn\u00e9e de toutes sortes d&rsquo;allusions bibliques ainsi que de 144 pierres pr\u00e9cieuses et de nombreuses perles. La plupart des rois et empereurs romains-allemands depuis Conrad II ont \u00e9t\u00e9 couronn\u00e9s avec la couronne octogonale en or pur.<\/p>\n<p>Les autres joyaux imp\u00e9riaux, y compris le sceptre, l&rsquo;orbe imp\u00e9rial, l&rsquo;\u00e9p\u00e9e imp\u00e9riale, la croix imp\u00e9riale, la sainte lance, le manteau de couronnement et bien d&rsquo;autres sont conserv\u00e9s ici.<\/p>\n<h3 id=\"t-1669204634313\">2. Couronne imp\u00e9riale autrichienne<\/h3>\n<p>La couronne priv\u00e9e de l&#8217;empereur Rodolphe II de 1602, l&rsquo;une des plus belles couronnes du monde, est \u00e9galement l&rsquo;une des pi\u00e8ces les plus importantes du tr\u00e9sor. C&rsquo;est la derni\u00e8re couronne imp\u00e9riale autrichienne. Cependant, elle n&rsquo;a jamais \u00e9t\u00e9 utilis\u00e9e pour un couronnement. La couronne, qui se compose de l&rsquo;anneau de couronne en trois parties, de l&rsquo;arc de couronne et de la mitre, est consid\u00e9r\u00e9e comme une \u0153uvre majeure de l&rsquo;art de l&rsquo;orf\u00e8vrerie europ\u00e9enne.<\/p>\n<p>\u00c0 c\u00f4t\u00e9 d&rsquo;elle se trouvent le sceptre et l&rsquo;orbe du tr\u00e9sor s\u00e9culier.<\/p>\n<h3 id=\"t-1669204634314\">3. Tr\u00e9sor de l&rsquo;Ordre de la Toison d&rsquo;Or<\/h3>\n<p>Le tr\u00e9sor de l&rsquo;Ordre de la Toison d&rsquo;or, fond\u00e9 en 1430 et l&rsquo;ordre le plus \u00e9lev\u00e9 de la monarchie des Habsbourg, est \u00e9galement expos\u00e9. En plus des chasubles et des v\u00eatements, il y a aussi de nombreux objets d&rsquo;art de Charles le T\u00e9m\u00e9raire parmi les expositions.<\/p>\n<h3 id=\"t-1669204634315\">4. Burgunderschatz<\/h3>\n<p>Autre bien culturel exceptionnel du tr\u00e9sor, le tr\u00e9sor bourguignon du XVe si\u00e8cle. Cela a \u00e9t\u00e9 ajout\u00e9 aux possessions des Habsbourg apr\u00e8s que Marie de Bourgogne a \u00e9pous\u00e9 le dernier empereur Maximilien Ier. De nombreuses pi\u00e8ces pr\u00e9cieuses t\u00e9moignent de la renomm\u00e9e et de la richesse du duch\u00e9 de Bourgogne.<\/p>\n<h3 id=\"t-1669204634316\">Plus de faits saillants<\/h3>\n<p>Parmi les autres joyaux des collections, citons de magnifiques bijoux d&rsquo;imp\u00e9ratrices et de princesses, tels que des parties des bijoux originaux de Sissi, des bijoux pr\u00e9cieux des Habsbourg, dont l&rsquo;une des plus grandes \u00e9meraudes du monde, et le tr\u00f4ne du berceau du fils de Napol\u00e9on.<\/p>\n<p>La collection comprend \u00e9galement des tr\u00e9sors l\u00e9gendaires, comme une dent de narval de plus de 2 m\u00e8tres de long, que l&rsquo;on croyait \u00eatre la corne d&rsquo;une licorne, et un immense bol en agate de l&rsquo;Antiquit\u00e9 tardive, qui \u00e9tait consid\u00e9r\u00e9 comme le l\u00e9gendaire Saint Graal.<\/p>\n<h2 id=\"t-1669204634317\">Entr\u00e9e au tr\u00e9sor<\/h2>\n<p>L&rsquo;entr\u00e9e du tr\u00e9sor se trouve dans le Schweizerhof. C&rsquo;est dans le coin sud-est, juste en dessous de la chapelle Hofburg.<\/p>\n<h2 id=\"t-1669204634318\">Entr\u00e9e, billets et visites guid\u00e9es<\/h2>\n<p><strong>Entr\u00e9e :<\/strong> L&rsquo;entr\u00e9e au Tr\u00e9sor Imp\u00e9rial est de 12 \u20ac pour les adultes. Les enfants et les jeunes de moins de 19 ans b\u00e9n\u00e9ficient d&rsquo;une entr\u00e9e gratuite.<\/p>\n<p><strong>Billets :<\/strong> Divers billets combin\u00e9s et billets annuels sont \u00e9galement disponibles, tels que le \u00ab Billet Annuel <em>7 Mus\u00e9es <\/em><em>&#8211; 365 jours \u00bb<\/em> , <em>\u00ab Billet Annuel Jeune U25 \u00bb<\/em> ou les billets combin\u00e9s <em>\u00ab Tr\u00e9sors des Habsbourg \u00bb<\/em> et <em>\u00ab <\/em><em>Tr\u00e9sors de l&rsquo;Empereur \u00bb. <\/em><a href=\"https:\/\/www.kaiserliche-schatzkammer.at\/besuchen\/besucherinformation\/oeffnungszeiten-eintrittspreise\/\" rel=\"noopener\" target=\"_blank\">Vous trouverez ici<\/a> un aper\u00e7u des offres de billets et des prix .<\/p>\n<p><strong>Visites guid\u00e9es&nbsp;:<\/strong> les personnes int\u00e9ress\u00e9es peuvent avoir un aper\u00e7u approfondi de la riche collection lors de la <em>visite guid\u00e9e, qui est propos\u00e9e en allemand et en anglais. <\/em>Des visites priv\u00e9es sont \u00e9galement possibles avec un pr\u00e9avis d&rsquo;une semaine. Plus d&rsquo;informations \u00e0 ce sujet <a href=\"https:\/\/www.kaiserliche-schatzkammer.at\/erfahren\/kunstvermittlung\/fuehrungen\/\" rel=\"noopener\" target=\"_blank\">ici<\/a> .<\/p>\n<p><strong>Audioguide :<\/strong> Un audioguide, qui permet de mieux comprendre le contexte historique des nombreux tr\u00e9sors, est disponible moyennant un suppl\u00e9ment au point de d\u00e9livrance \u00e0 gauche de l&rsquo;escalier. Il est disponible dans les langues suivantes : allemand, anglais, italien, fran\u00e7ais, espagnol, russe et mandarin.<\/p>\n<h2 id=\"t-1669204634319\" style=\"\">Contact<\/h2>\n<ul>\n<li><strong>Adresse :<\/strong> Hofburg, Schweizerhof, 1010 Vienne<\/li>\n<li><strong>M\u00e9tro : &nbsp;<\/strong> U3 Herrengasse<\/li>\n<li><strong>Heures d&rsquo;ouverture :<\/strong> Vous pouvez trouver les heures d&rsquo;ouverture actuelles du Tr\u00e9sor imp\u00e9rial sur la page d&rsquo; <a href=\"https:\/\/www.kaiserliche-schatzkammer.at\/besuchen\/besucherinformation\/oeffnungszeiten-eintrittspreise\/\" rel=\"noopener\" target=\"_blank\">accueil<\/a> du Tr\u00e9sor .<\/li>\n<\/ul>\n<h3 style=\"\">ARTICLES CONNEXES<\/h3>\n<p><a href=\"https:\/\/viennatouristinformation.com\/fr\/choses-a-faire\/chateaux\/palais-imperial\/musee-du-monde\/\" dynamic-postlink=\"tcb_post_the_permalink\" data-shortcode-id=\"1220\"><\/a><\/p>\n<h2 style=\"padding-top: 0px !important; margin-top: 0px !important; text-align: center;\" id=\"t-1686727032072\" data-hide=\"true\"><span data-shortcode=\"tcb_post_title\" data-shortcode-name=\"Post title\" data-extra_key=\"\" data-attr-link=\"1\" data-attr-target=\"0\" data-attr-rel=\"0\" data-option-inline=\"1\" data-attr-static-link=\"{&quot;className&quot;:&quot;&quot;,&quot;href&quot;:&quot;https:\/\/viennatouristinformation.com\/fr\/choses-a-faire\/musee\/&quot;,&quot;title&quot;:&quot;30 Meilleurs Mus\u00e9es \u00e0 Vienne (+ Infos &amp; Billets)&quot;,&quot;class&quot;:&quot;&quot;}\" data-attr-css=\"\"><a href=\"https:\/\/viennatouristinformation.com\/fr\/choses-a-faire\/chateaux\/palais-imperial\/musee-du-monde\/\" title=\"Mus\u00e9e du monde de Vienne\" data-css=\"\">Mus\u00e9e du monde de Vienne<\/a><\/span><\/h2>\n<p><a href=\"https:\/\/viennatouristinformation.com\/fr\/choses-a-faire\/musee\/histoire-naturelle\/\" dynamic-postlink=\"tcb_post_the_permalink\" data-shortcode-id=\"1220\"><\/a><\/p>\n<h2 style=\"padding-top: 0px !important; margin-top: 0px !important; text-align: center;\" id=\"t-1686727032072\" data-hide=\"true\"><span data-shortcode=\"tcb_post_title\" data-shortcode-name=\"Post title\" data-extra_key=\"\" data-attr-link=\"1\" data-attr-target=\"0\" data-attr-rel=\"0\" data-option-inline=\"1\" data-attr-static-link=\"{&quot;className&quot;:&quot;&quot;,&quot;href&quot;:&quot;https:\/\/viennatouristinformation.com\/fr\/choses-a-faire\/musee\/&quot;,&quot;title&quot;:&quot;30 Meilleurs Mus\u00e9es \u00e0 Vienne (+ Infos &amp; Billets)&quot;,&quot;class&quot;:&quot;&quot;}\" data-attr-css=\"\"><a href=\"https:\/\/viennatouristinformation.com\/fr\/choses-a-faire\/musee\/histoire-naturelle\/\" title=\"Mus\u00e9e d\u2019Histoire Naturelle de Vienne\" data-css=\"\">Mus\u00e9e d\u2019Histoire Naturelle de Vienne<\/a><\/span><\/h2>\n<p><a href=\"https:\/\/viennatouristinformation.com\/fr\/choses-a-faire\/chateaux\/palais-imperial\/bibliotheque-nationale-autrichienne\/\" dynamic-postlink=\"tcb_post_the_permalink\" data-shortcode-id=\"1220\"><\/a><\/p>\n<h2 style=\"padding-top: 0px !important; margin-top: 0px !important; text-align: center;\" id=\"t-1686727032072\" data-hide=\"true\"><span data-shortcode=\"tcb_post_title\" data-shortcode-name=\"Post title\" data-extra_key=\"\" data-attr-link=\"1\" data-attr-target=\"0\" data-attr-rel=\"0\" data-option-inline=\"1\" data-attr-static-link=\"{&quot;className&quot;:&quot;&quot;,&quot;href&quot;:&quot;https:\/\/viennatouristinformation.com\/fr\/choses-a-faire\/musee\/&quot;,&quot;title&quot;:&quot;30 Meilleurs Mus\u00e9es \u00e0 Vienne (+ Infos &amp; Billets)&quot;,&quot;class&quot;:&quot;&quot;}\" data-attr-css=\"\"><a href=\"https:\/\/viennatouristinformation.com\/fr\/choses-a-faire\/chateaux\/palais-imperial\/bibliotheque-nationale-autrichienne\/\" title=\"Salle d\u2019apparat de la Biblioth\u00e8que nationale\" data-css=\"\">Salle d\u2019apparat de la Biblioth\u00e8que nationale<\/a><\/span><\/h2>\n<p><a href=\"https:\/\/viennatouristinformation.com\/fr\/choses-a-faire\/chateaux\/palais-imperial\/\" dynamic-postlink=\"tcb_post_the_permalink\" data-shortcode-id=\"1220\"><\/a><\/p>\n<h2 style=\"padding-top: 0px !important; margin-top: 0px !important; text-align: center;\" id=\"t-1686727032072\" data-hide=\"true\"><span data-shortcode=\"tcb_post_title\" data-shortcode-name=\"Post title\" data-extra_key=\"\" data-attr-link=\"1\" data-attr-target=\"0\" data-attr-rel=\"0\" data-option-inline=\"1\" data-attr-static-link=\"{&quot;className&quot;:&quot;&quot;,&quot;href&quot;:&quot;https:\/\/viennatouristinformation.com\/fr\/choses-a-faire\/musee\/&quot;,&quot;title&quot;:&quot;30 Meilleurs Mus\u00e9es \u00e0 Vienne (+ Infos &amp; Billets)&quot;,&quot;class&quot;:&quot;&quot;}\" data-attr-css=\"\"><a href=\"https:\/\/viennatouristinformation.com\/fr\/choses-a-faire\/chateaux\/palais-imperial\/\" title=\"Guide du Palais Imp\u00e9rial de Vienne\" data-css=\"\">Guide du Palais Imp\u00e9rial de Vienne<\/a><\/span><\/h2>\n","protected":false},"excerpt":{"rendered":"<p>Le Tr\u00e9sor imp\u00e9rial fait partie du complexe de la Hofburg. Il est situ\u00e9 dans l&rsquo;aile suisse, la partie la plus ancienne de la Hofburg. Avec ses nombreux tr\u00e9sors d&rsquo;une valeur incommensurable, le Tr\u00e9sor Imp\u00e9rial est le tr\u00e9sor le plus important du monde. Autres articles recommand\u00e9s : Les 10 meilleures choses \u00e0 faire \u00e0 Vienne Les [&hellip;]<\/p>\n","protected":false},"author":3,"featured_media":3011,"parent":1666,"menu_order":0,"comment_status":"open","ping_status":"closed","template":"","meta":{"footnotes":""},"tags":[],"class_list":["post-920","page","type-page","status-publish","has-post-thumbnail","hentry","post-wrapper","thrv_wrapper"],"_links":{"self":[{"href":"https:\/\/viennatouristinformation.com\/fr\/wp-json\/wp\/v2\/pages\/920","targetHints":{"allow":["GET"]}}],"collection":[{"href":"https:\/\/viennatouristinformation.com\/fr\/wp-json\/wp\/v2\/pages"}],"about":[{"href":"https:\/\/viennatouristinformation.com\/fr\/wp-json\/wp\/v2\/types\/page"}],"author":[{"embeddable":true,"href":"https:\/\/viennatouristinformation.com\/fr\/wp-json\/wp\/v2\/users\/3"}],"replies":[{"embeddable":true,"href":"https:\/\/viennatouristinformation.com\/fr\/wp-json\/wp\/v2\/comments?post=920"}],"version-history":[{"count":0,"href":"https:\/\/viennatouristinformation.com\/fr\/wp-json\/wp\/v2\/pages\/920\/revisions"}],"up":[{"embeddable":true,"href":"https:\/\/viennatouristinformation.com\/fr\/wp-json\/wp\/v2\/pages\/1666"}],"wp:featuredmedia":[{"embeddable":true,"href":"https:\/\/viennatouristinformation.com\/fr\/wp-json\/wp\/v2\/media\/3011"}],"wp:attachment":[{"href":"https:\/\/viennatouristinformation.com\/fr\/wp-json\/wp\/v2\/media?parent=920"}],"wp:term":[{"taxonomy":"post_tag","embeddable":true,"href":"https:\/\/viennatouristinformation.com\/fr\/wp-json\/wp\/v2\/tags?post=920"}],"curies":[{"name":"wp","href":"https:\/\/api.w.org\/{rel}","templated":true}]}}