{"id":923,"date":"2020-09-21T11:27:31","date_gmt":"2020-09-21T09:27:31","guid":{"rendered":"http:\/\/viennatouristinformation.com\/fr\/?page_id=923"},"modified":"2023-06-02T08:27:10","modified_gmt":"2023-06-02T06:27:10","slug":"bibliotheque-nationale-autrichienne","status":"publish","type":"page","link":"https:\/\/viennatouristinformation.com\/fr\/choses-a-faire\/chateaux\/palais-imperial\/bibliotheque-nationale-autrichienne\/","title":{"rendered":"Salle d\u2019apparat de la Biblioth\u00e8que nationale"},"content":{"rendered":"<h2 id=\"t-1669205699646\" data-hide=\"true\">La salle d&rsquo;apparat baroque de la Biblioth\u00e8que nationale d&rsquo;Autriche \u00e0 la Hofburg n&rsquo;est pas seulement la plus grande biblioth\u00e8que baroque d&rsquo;Europe, c&rsquo;est aussi l&rsquo;une des plus belles biblioth\u00e8ques historiques du monde.<\/h2>\n<p>L&rsquo;ancienne biblioth\u00e8que de la cour imp\u00e9riale du XVIIIe si\u00e8cle a \u00e9t\u00e9 command\u00e9e par l&#8217;empereur Karl VI. construit comme une aile s\u00e9par\u00e9e dans la <a href=\"https:\/\/viennatouristinformation.com\/fr\/choses-a-faire\/chateaux\/palais-imperial\/\" style=\"outline: none;\">Hofburg<\/a> .<\/p>\n<p>L&rsquo;entr\u00e9e de la Prunksaal ne doit pas \u00eatre confondue avec l&rsquo;entr\u00e9e de la Biblioth\u00e8que nationale \u00e0 Heldenplatz et est situ\u00e9e \u00e0 Josefplatz 1.<\/p>\n<h2 id=\"t-1669205699647\">Que puis-je voir dans le State Hall&nbsp;?<\/h2>\n<p>Les visiteurs du State Hall peuvent admirer une collection \u00e9poustouflante de plus de 200 000 livres des ann\u00e9es 1501 \u00e0 1850. La collection de l&rsquo;important g\u00e9n\u00e9ral autrichien Prince Eug\u00e8ne de Savoie, compos\u00e9e de 15 000 volumes, vaut particuli\u00e8rement le d\u00e9tour. Vous pouvez les voir dans l&rsquo;ovale central.<\/p>\n<p>Au milieu de l&rsquo;imposante salle se dresse l&rsquo;impressionnante statue de l&#8217;empereur Charles VI.&nbsp;<\/p>\n<p>De plus, ce joyau baroque est orn\u00e9 de magnifiques fresques. En entrant dans la salle d&rsquo;apparat, vous pourrez d\u00e9couvrir les fresques magistrales de Daniel Gran dans l&rsquo;aile d&rsquo;entr\u00e9e, qui traitent de th\u00e8mes profanes et martiaux. Admirez \u00e9galement les fresques de l&rsquo;aile arri\u00e8re adjacente \u00e0 la Hofburg, avec l&rsquo;entr\u00e9e originale de l&rsquo;Empereur, qui repr\u00e9sentent des motifs all\u00e9goriques du Ciel et de la Paix. La pi\u00e8ce ma\u00eetresse est la c\u00e9l\u00e8bre fresque du d\u00f4me de 30 m\u00e8tres de haut, qui repr\u00e9sente l&#8217;empereur Charles VI devenant un dieu. et d\u00e9peint l&rsquo;histoire all\u00e9gorique de la construction de la biblioth\u00e8que.<\/p>\n<p>Les quatre magnifiques globes v\u00e9nitiens de plus d&rsquo;un m\u00e8tre de diam\u00e8tre et les statues en marbre des fr\u00e8res Peter et Paul Strudel m\u00e9ritent \u00e9galement d&rsquo;\u00eatre mentionn\u00e9s.<\/p>\n<p>Il y a aussi des expositions sp\u00e9ciales deux \u00e0 trois fois par an, dans lesquelles des expositions extraordinaires des fonds de la Biblioth\u00e8que nationale autrichienne sont pr\u00e9sent\u00e9es.<\/p>\n<h2 id=\"t-1669205699648\">Entr\u00e9e, billet et visites guid\u00e9es<\/h2>\n<p><span><img decoding=\"async\" class=\"lazyload\" alt=\"Eintritt, Ticket und F\u00fchrungen\" data-id=\"1811\" width=\"885\" data-init-width=\"1000\" height=\"590\" data-init-height=\"667\" title=\"Eintritt, Ticket und F\u00fchrungen\" loading=\"lazy\" src=\"data:image\/gif;base64,R0lGODlhAQABAIAAAAAAAP\/\/\/yH5BAEAAAAALAAAAAABAAEAAAIBRAA7\" data-src=\"\/\/viennatouristinformation.com\/fr\/wp-content\/uploads\/2020\/09\/Eintritt-Ticket-und-F\u00fchrungen.jpg\" data-width=\"885\" data-height=\"590\"><noscript><img decoding=\"async\" class=\"lazyload\" alt=\"Eintritt, Ticket und F\u00fchrungen\" data-id=\"1811\" width=\"885\" data-init-width=\"1000\" height=\"590\" data-init-height=\"667\" title=\"Eintritt, Ticket und F\u00fchrungen\" loading=\"lazy\" src=\"\/\/viennatouristinformation.com\/fr\/wp-content\/uploads\/2020\/09\/Eintritt-Ticket-und-F\u00fchrungen.jpg\" data-width=\"885\" data-height=\"590\"><\/noscript><\/span><\/p>\n<p>Les prix d&rsquo;entr\u00e9e actuels pour la salle d&rsquo;\u00c9tat peuvent \u00eatre consult\u00e9s sur la page d&rsquo; <a href=\"https:\/\/www.onb.ac.at\/besucherinfo\/eintrittspreise\/museen\" rel=\"noopener\" target=\"_blank\">accueil<\/a> de la Biblioth\u00e8que nationale d&rsquo;Autriche.<\/p>\n<p>D\u00e9couvrez la salle d&rsquo;apparat baroque lors d&rsquo;une visite guid\u00e9e. Les visites publiques \u00e0 travers la salle d&rsquo;\u00c9tat durent environ 45 minutes. Le point de rendez-vous est au Prunksaal Servicedesk, Josefsplatz 1, 1010 Vienne.&nbsp;<\/p>\n<p>Les prix actuels et les horaires des visites peuvent \u00eatre consult\u00e9s sur la page d&rsquo; <a href=\"https:\/\/www.onb.ac.at\/besucherinfo\/fuehrungen\" rel=\"noopener\" target=\"_blank\">accueil<\/a> de la Biblioth\u00e8que nationale autrichienne.<\/p>\n<h2 id=\"t-1669205699649\">Le quartier de la Hofburg comprend \u00e9galement :<\/h2>\n<ul>\n<li><a href=\"https:\/\/viennatouristinformation.com\/fr\/choses-a-faire\/chateaux\/palais-imperial\/appartements-imperiaux\/\" style=\"outline: none;\">Kaiserappartements, Mus\u00e9e Sisi, Silberkammer<\/a><\/li>\n<li><a href=\"https:\/\/viennatouristinformation.com\/fr\/choses-a-faire\/chateaux\/palais-imperial\/ecole-dequitation-espagnole\/\" style=\"outline: none;\">\u00c9cole d&rsquo;\u00e9quitation espagnole<\/a><\/li>\n<li><a href=\"https:\/\/viennatouristinformation.com\/fr\/choses-a-faire\/chateaux\/palais-imperial\/tresor-imperial\/\" style=\"outline: none;\">Tr\u00e9sor imp\u00e9rial<\/a><\/li>\n<li><a href=\"https:\/\/viennatouristinformation.com\/fr\/choses-a-faire\/chateaux\/palais-imperial\/musee-du-monde\/\" style=\"outline: none;\">Mus\u00e9e du monde de Vienne<\/a><\/li>\n<li>Mus\u00e9e du papyrus de la Biblioth\u00e8que nationale d&rsquo;Autriche<\/li>\n<li>Mus\u00e9e d&rsquo;\u00c9ph\u00e8se<\/li>\n<li>Cour de chasse et armurerie de Vienne<\/li>\n<li>Collection d&rsquo;instruments de musique anciens<\/li>\n<li>maison de papillon<\/li>\n<li>Burggarten<\/li>\n<li>jardin publique<\/li>\n<li>Chancellerie du pr\u00e9sident autrichien (si\u00e8ge du pr\u00e9sident f\u00e9d\u00e9ral)<\/li>\n<li>Chancellerie f\u00e9d\u00e9rale<\/li>\n<\/ul>\n<h2 id=\"t-1669205699650\">histoire<\/h2>\n<p><span><img decoding=\"async\" class=\"lazyload\" alt=\"Geschichte\" data-id=\"1812\" width=\"885\" data-init-width=\"1000\" height=\"590\" data-init-height=\"667\" title=\"Geschichte\" loading=\"lazy\" src=\"data:image\/gif;base64,R0lGODlhAQABAIAAAAAAAP\/\/\/yH5BAEAAAAALAAAAAABAAEAAAIBRAA7\" data-src=\"\/\/viennatouristinformation.com\/fr\/wp-content\/uploads\/2020\/09\/Geschichte.jpg\" data-width=\"885\" data-height=\"590\"><noscript><img decoding=\"async\" class=\"lazyload\" alt=\"Geschichte\" data-id=\"1812\" width=\"885\" data-init-width=\"1000\" height=\"590\" data-init-height=\"667\" title=\"Geschichte\" loading=\"lazy\" src=\"\/\/viennatouristinformation.com\/fr\/wp-content\/uploads\/2020\/09\/Geschichte.jpg\" data-width=\"885\" data-height=\"590\"><\/noscript><\/span><\/p>\n<p>La salle d&rsquo;\u00c9tat de la Biblioth\u00e8que nationale d&rsquo;Autriche dans la <a href=\"https:\/\/viennatouristinformation.com\/fr\/sehenswuerdigkeiten\/hofburg\/\">Hofburg<\/a> , l&rsquo;ancienne r\u00e9sidence imp\u00e9riale, abritait autrefois la biblioth\u00e8que de la cour imp\u00e9riale. Il a \u00e9t\u00e9 construit entre 1723 et 1726 \u00e0 la demande de l&#8217;empereur des Habsbourg Charles VI. Il a charg\u00e9 le c\u00e9l\u00e8bre architecte de la cour Johann Bernhard Fischer von Erlach de construire la biblioth\u00e8que.<\/p>\n<p>L&rsquo;imposante salle d&rsquo;une longueur d&rsquo;environ 78 m\u00e8tres et d&rsquo;une hauteur de pr\u00e8s de 20 m\u00e8tres est \u00e9galement d\u00e9cor\u00e9e de fresques au plafond du peintre de la cour Daniel Gran, achev\u00e9es vers 1730. Contrairement \u00e0 aujourd&rsquo;hui, cependant, l&rsquo;aile \u00e9tait autoportante.<\/p>\n<p>Une particularit\u00e9 \u00e0 cette \u00e9poque \u00e9tait que le b\u00e2timent de la biblioth\u00e8que \u00e9tait express\u00e9ment destin\u00e9 \u00e0 un usage public. N\u00e9anmoins, la biblioth\u00e8que n&rsquo;\u00e9tait initialement accessible qu&rsquo;aux universitaires. Ce n&rsquo;est qu&rsquo;en 1860 qu&rsquo;il fut \u00e9galement accessible au grand public.<\/p>\n<p>Avec la fin de la monarchie, la biblioth\u00e8que est devenue propri\u00e9t\u00e9 seigneuriale en 1919. La biblioth\u00e8que nationale est devenue la biblioth\u00e8que de la cour.<\/p>\n<h2 id=\"t-1669205699651\">Contact<\/h2>\n<ul>\n<li><strong>Adresse :<\/strong> Josefsplatz 1, 1010 Vienne<\/li>\n<li><strong>M\u00e9tro :<\/strong> U1 Stephansplatz, U2 Museumsquartier, U3 Herrengasse<\/li>\n<li><strong>Horaires d&rsquo;ouverture :<\/strong> Vous trouverez ici les horaires d&rsquo;ouverture actuels du State <a href=\"https:\/\/www.onb.ac.at\/besucherinfo\/oeffnungszeiten\/museen\" rel=\"noopener\" target=\"_blank\">Hall<\/a> .<\/li>\n<\/ul>\n","protected":false},"excerpt":{"rendered":"<p>La salle d&rsquo;apparat baroque de la Biblioth\u00e8que nationale d&rsquo;Autriche \u00e0 la Hofburg n&rsquo;est pas seulement la plus grande biblioth\u00e8que baroque d&rsquo;Europe, c&rsquo;est aussi l&rsquo;une des plus belles biblioth\u00e8ques historiques du monde. L&rsquo;ancienne biblioth\u00e8que de la cour imp\u00e9riale du XVIIIe si\u00e8cle a \u00e9t\u00e9 command\u00e9e par l&#8217;empereur Karl VI. construit comme une aile s\u00e9par\u00e9e dans la Hofburg [&hellip;]<\/p>\n","protected":false},"author":3,"featured_media":1809,"parent":1666,"menu_order":0,"comment_status":"closed","ping_status":"closed","template":"","meta":{"footnotes":""},"tags":[],"class_list":["post-923","page","type-page","status-publish","has-post-thumbnail","hentry","post-wrapper","thrv_wrapper"],"_links":{"self":[{"href":"https:\/\/viennatouristinformation.com\/fr\/wp-json\/wp\/v2\/pages\/923","targetHints":{"allow":["GET"]}}],"collection":[{"href":"https:\/\/viennatouristinformation.com\/fr\/wp-json\/wp\/v2\/pages"}],"about":[{"href":"https:\/\/viennatouristinformation.com\/fr\/wp-json\/wp\/v2\/types\/page"}],"author":[{"embeddable":true,"href":"https:\/\/viennatouristinformation.com\/fr\/wp-json\/wp\/v2\/users\/3"}],"replies":[{"embeddable":true,"href":"https:\/\/viennatouristinformation.com\/fr\/wp-json\/wp\/v2\/comments?post=923"}],"version-history":[{"count":0,"href":"https:\/\/viennatouristinformation.com\/fr\/wp-json\/wp\/v2\/pages\/923\/revisions"}],"up":[{"embeddable":true,"href":"https:\/\/viennatouristinformation.com\/fr\/wp-json\/wp\/v2\/pages\/1666"}],"wp:featuredmedia":[{"embeddable":true,"href":"https:\/\/viennatouristinformation.com\/fr\/wp-json\/wp\/v2\/media\/1809"}],"wp:attachment":[{"href":"https:\/\/viennatouristinformation.com\/fr\/wp-json\/wp\/v2\/media?parent=923"}],"wp:term":[{"taxonomy":"post_tag","embeddable":true,"href":"https:\/\/viennatouristinformation.com\/fr\/wp-json\/wp\/v2\/tags?post=923"}],"curies":[{"name":"wp","href":"https:\/\/api.w.org\/{rel}","templated":true}]}}