{"id":928,"date":"2020-07-21T09:48:44","date_gmt":"2020-07-21T07:48:44","guid":{"rendered":"http:\/\/viennatouristinformation.com\/fr\/?page_id=928"},"modified":"2023-06-02T08:23:26","modified_gmt":"2023-06-02T06:23:26","slug":"appartements-imperiaux","status":"publish","type":"page","link":"https:\/\/viennatouristinformation.com\/fr\/choses-a-faire\/chateaux\/palais-imperial\/appartements-imperiaux\/","title":{"rendered":"Appartements Imp\u00e9riaux, Mus\u00e9e Sisi et Collection d&rsquo;Argent"},"content":{"rendered":"<p>&nbsp;<\/p>\n<h2 id=\"t-1669203837977\" data-hide=\"true\">Les trois attractions comptent parmi les sites les plus visit\u00e9s de l&rsquo;histoire autrichienne, car elles offrent un aper\u00e7u particulier du mode de vie imp\u00e9rial et de la vie quotidienne \u00e0 la cour des Habsbourg.<\/h2>\n<p>Vous trouverez ici tout ce que vous devez savoir sur les trois points forts de l&rsquo;h\u00e9ritage imp\u00e9rial autrichien.<\/p>\n<h2 id=\"t-1669203837978\">Appartements Kaiser<\/h2>\n<p><span><img class=\"lazyload\" decoding=\"async\" alt=\"Kaiserappartments in Vienna in Austria\" data-id=\"1817\" width=\"885\" data-init-width=\"1000\" height=\"590\" data-init-height=\"667\" title=\"Kaiserappartments in Vienna in Austria\" loading=\"lazy\" src=\"data:image\/gif;base64,R0lGODlhAQABAIAAAAAAAP\/\/\/yH5BAEAAAAALAAAAAABAAEAAAIBRAA7\" data-src=\"\/\/viennatouristinformation.com\/fr\/wp-content\/uploads\/2020\/09\/Kaiserappartments.jpg\" data-width=\"885\" data-height=\"590\" data-pin-media=\"https:\/\/viennatouristinformation.com\/fr\/wp-content\/uploads\/2021\/01\/wien_pinterest_kaiserappartments_sisi_museum-2.jpg\" data-pin-description=\"appartements imp\u00e9riaux et mus\u00e9e Sisi | Vienna Tourist Information\" data-pin-url=\"https:\/\/viennatouristinformation.com\/fr\/choses-a-faire\/chateaux\/palais-imperial\/appartements-imperiaux\/?tve=true&amp;tcbf=7d81b36c1f\" data-pinpro-key=\"b34n5d918\"><noscript><img class=\"lazyload\" decoding=\"async\" alt=\"Kaiserappartments in Vienna in Austria\" data-id=\"1817\" width=\"885\" data-init-width=\"1000\" height=\"590\" data-init-height=\"667\" title=\"Kaiserappartments in Vienna in Austria\" loading=\"lazy\" src=\"\/\/viennatouristinformation.com\/fr\/wp-content\/uploads\/2020\/09\/Kaiserappartments.jpg\" data-width=\"885\" data-height=\"590\" data-pin-media=\"https:\/\/viennatouristinformation.com\/fr\/wp-content\/uploads\/2021\/01\/wien_pinterest_kaiserappartments_sisi_museum-2.jpg\" data-pin-description=\"appartements imp\u00e9riaux et mus\u00e9e Sisi | Vienna Tourist Information\" data-pin-url=\"https:\/\/viennatouristinformation.com\/fr\/choses-a-faire\/chateaux\/palais-imperial\/appartements-imperiaux\/?tve=true&amp;tcbf=7d81b36c1f\" data-pinpro-key=\"b34n5d918\"><\/noscript><\/span><\/p>\n<p>Conform\u00e9ment \u00e0 la tradition courtoise, chaque membre de la famille imp\u00e9riale disposait de sa propre chambre, qui \u00e9tait am\u00e9nag\u00e9e dans l&rsquo;une des nombreuses ailes de la r\u00e9sidence d&rsquo;hiver imp\u00e9riale.<\/p>\n<p>Aujourd&rsquo;hui, les anciens appartements imp\u00e9riaux de l&rsquo;avant-dernier couple imp\u00e9rial autrichien, Fran\u00e7ois-Joseph et Elisabeth, peuvent \u00eatre visit\u00e9s dans l&rsquo;aile de la chancellerie du Reich et dans l&rsquo;Amalienburg de la Hofburg.<\/p>\n<p>Les appartements imp\u00e9riaux, qui ont \u00e9t\u00e9 restaur\u00e9s selon des mod\u00e8les historiques et meubl\u00e9s fid\u00e8lement \u00e0 l&rsquo;original, donnent aux visiteurs un aper\u00e7u historiquement authentique de l&rsquo;atmosph\u00e8re de vie priv\u00e9e de l&#8217;empereur Fran\u00e7ois-Joseph Ier et de son \u00e9pouse Elisabeth, \u00e9galement connue sous le nom de Sisi.<\/p>\n<p>Au cours d&rsquo;une visite des 19 salles imp\u00e9riales, les visiteurs peuvent explorer les diff\u00e9rentes chambres, du Kaiserstiege aux salles d&rsquo;audience et d&rsquo;\u00e9tude, en passant par les salons et les chambres. Le point culminant est la salle de sport et les toilettes de Sisi.<\/p>\n<h2 id=\"t-1669203837979\">C\u00f4t\u00e9 mus\u00e9es<\/h2>\n<p><span><img class=\"lazyload\" decoding=\"async\" alt=\"Sisi Museum in Vienna in Austria\" data-id=\"1818\" width=\"885\" data-init-width=\"1000\" height=\"590\" data-init-height=\"667\" title=\"Sisi Museum in Vienna in Austria\" loading=\"lazy\" src=\"data:image\/gif;base64,R0lGODlhAQABAIAAAAAAAP\/\/\/yH5BAEAAAAALAAAAAABAAEAAAIBRAA7\" data-src=\"\/\/viennatouristinformation.com\/fr\/wp-content\/uploads\/2020\/09\/Sisi-Museum.jpg\" data-width=\"885\" data-height=\"590\" data-pin-media=\"https:\/\/viennatouristinformation.com\/fr\/wp-content\/uploads\/2021\/01\/wien_pinterest_kaiserappartments_sisi_museum-2.jpg\" data-pin-description=\"appartements imp\u00e9riaux et mus\u00e9e Sisi | Vienna Tourist Information\" data-pin-url=\"https:\/\/viennatouristinformation.com\/fr\/choses-a-faire\/chateaux\/palais-imperial\/appartements-imperiaux\/?tve=true&amp;tcbf=7d81b36c1f\" data-pinpro-key=\"h3wtz23em\"><noscript><img class=\"lazyload\" decoding=\"async\" alt=\"Sisi Museum in Vienna in Austria\" data-id=\"1818\" width=\"885\" data-init-width=\"1000\" height=\"590\" data-init-height=\"667\" title=\"Sisi Museum in Vienna in Austria\" loading=\"lazy\" src=\"\/\/viennatouristinformation.com\/fr\/wp-content\/uploads\/2020\/09\/Sisi-Museum.jpg\" data-width=\"885\" data-height=\"590\" data-pin-media=\"https:\/\/viennatouristinformation.com\/fr\/wp-content\/uploads\/2021\/01\/wien_pinterest_kaiserappartments_sisi_museum-2.jpg\" data-pin-description=\"appartements imp\u00e9riaux et mus\u00e9e Sisi | Vienna Tourist Information\" data-pin-url=\"https:\/\/viennatouristinformation.com\/fr\/choses-a-faire\/chateaux\/palais-imperial\/appartements-imperiaux\/?tve=true&amp;tcbf=7d81b36c1f\" data-pinpro-key=\"h3wtz23em\"><\/noscript><\/span><\/p>\n<p>Le mus\u00e9e Sisi dans les appartements imp\u00e9riaux est d\u00e9di\u00e9 \u00e0 la vie de l&rsquo;imp\u00e9ratrice bien-aim\u00e9e. Au milieu du cadre de vie d&rsquo;origine, les visiteurs peuvent suivre les traces de Sisi et jeter un \u0153il \u00e0 de nombreux objets personnels.<\/p>\n<p>Sur 400 m\u00b2, objets originaux et imitations racontent sa personnalit\u00e9 et la vraie vie de l&rsquo;imp\u00e9ratrice Sissi souvent m\u00e9connue.<\/p>\n<p>Commen\u00e7ant par sa mort tragique, chacune des six salles \u00e9claire la fa\u00e7on dont le mythe de Sisi est n\u00e9 et est entr\u00e9 dans l&rsquo;histoire. Environ 300 objets, dont des v\u00eatements, des pinces \u00e0 cheveux, des parapluies, des \u00e9ventails, des recettes de beaut\u00e9 et sa trousse de premiers soins, donnent aux visiteurs un aper\u00e7u \u00e9motionnel du monde priv\u00e9 et officiel de Sisi.<\/p>\n<h2 id=\"t-1669203837980\">collection d&rsquo;argent<\/h2>\n<p><span><img class=\"lazyload\" decoding=\"async\" alt=\"Silberkammer in Vienna in Austria\" data-id=\"1819\" width=\"885\" data-init-width=\"1000\" height=\"590\" data-init-height=\"667\" title=\"Silberkammer in Vienna in Austria\" loading=\"lazy\" src=\"data:image\/gif;base64,R0lGODlhAQABAIAAAAAAAP\/\/\/yH5BAEAAAAALAAAAAABAAEAAAIBRAA7\" data-src=\"\/\/viennatouristinformation.com\/fr\/wp-content\/uploads\/2020\/09\/Silberkammer.jpg\" data-width=\"885\" data-height=\"590\" data-pin-media=\"https:\/\/viennatouristinformation.com\/fr\/wp-content\/uploads\/2021\/01\/wien_pinterest_kaiserappartments_sisi_museum-2.jpg\" data-pin-description=\"appartements imp\u00e9riaux et mus\u00e9e Sisi | Vienna Tourist Information\" data-pin-url=\"https:\/\/viennatouristinformation.com\/fr\/choses-a-faire\/chateaux\/palais-imperial\/appartements-imperiaux\/?tve=true&amp;tcbf=7d81b36c1f\" data-pinpro-key=\"wbruvw05s\"><noscript><img class=\"lazyload\" decoding=\"async\" alt=\"Silberkammer in Vienna in Austria\" data-id=\"1819\" width=\"885\" data-init-width=\"1000\" height=\"590\" data-init-height=\"667\" title=\"Silberkammer in Vienna in Austria\" loading=\"lazy\" src=\"\/\/viennatouristinformation.com\/fr\/wp-content\/uploads\/2020\/09\/Silberkammer.jpg\" data-width=\"885\" data-height=\"590\" data-pin-media=\"https:\/\/viennatouristinformation.com\/fr\/wp-content\/uploads\/2021\/01\/wien_pinterest_kaiserappartments_sisi_museum-2.jpg\" data-pin-description=\"appartements imp\u00e9riaux et mus\u00e9e Sisi | Vienna Tourist Information\" data-pin-url=\"https:\/\/viennatouristinformation.com\/fr\/choses-a-faire\/chateaux\/palais-imperial\/appartements-imperiaux\/?tve=true&amp;tcbf=7d81b36c1f\" data-pinpro-key=\"wbruvw05s\"><\/noscript><\/span><\/p>\n<p>Dans la collection d&rsquo;argenterie de l&rsquo;aile de la Chancellerie du Reich, les visiteurs peuvent admirer de magnifiques pi\u00e8ces de vaisselle imp\u00e9riale. Environ 7 000 des 150 000 objets sont pr\u00e9sent\u00e9s sur l&rsquo;espace de 1 300 m\u00b2.<\/p>\n<p>La collection se compose d&rsquo;argenterie de table exquise, de porcelaine pr\u00e9cieuse, de verres en cristal, de magnifiques centres de table, d&rsquo;ustensiles de cuisine simples, d&rsquo;ustensiles de cuisson et du linge de cuisine de la cour. De nombreuses expositions \u00e9taient utilis\u00e9es pendant la monarchie des Habsbourg. La collection provient des stocks de l&rsquo;ancienne argenterie de cour et de la chambre des tables.<\/p>\n<p>Au cours de votre visite, vous aurez non seulement un aper\u00e7u de la culture culinaire, mais aussi des c\u00e9r\u00e9monies de la cour de la maison de Habsbourg et des d\u00e9corations de table.<\/p>\n<h2 id=\"t-1669203837981\">Prix : entr\u00e9e, billets et visites guid\u00e9es<\/h2>\n<p><span><img class=\"lazyload\" decoding=\"async\" alt=\"Preis Eintritt, Tickets and F\u00fchrungen\" data-id=\"1820\" width=\"885\" data-init-width=\"1000\" height=\"590\" data-init-height=\"667\" title=\"Preis Eintritt, Tickets and F\u00fchrungen\" loading=\"lazy\" src=\"data:image\/gif;base64,R0lGODlhAQABAIAAAAAAAP\/\/\/yH5BAEAAAAALAAAAAABAAEAAAIBRAA7\" data-src=\"\/\/viennatouristinformation.com\/fr\/wp-content\/uploads\/2020\/09\/Preis-Eintritt-Tickets-and-F\u00fchrungen.jpg\" data-width=\"885\" data-height=\"590\" data-pin-media=\"https:\/\/viennatouristinformation.com\/fr\/wp-content\/uploads\/2021\/01\/wien_pinterest_kaiserappartments_sisi_museum-2.jpg\" data-pin-description=\"appartements imp\u00e9riaux et mus\u00e9e Sisi | Vienna Tourist Information\" data-pin-url=\"https:\/\/viennatouristinformation.com\/fr\/choses-a-faire\/chateaux\/palais-imperial\/appartements-imperiaux\/?tve=true&amp;tcbf=7d81b36c1f\" data-pinpro-key=\"ow5ysb10w\"><noscript><img class=\"lazyload\" decoding=\"async\" alt=\"Preis Eintritt, Tickets and F\u00fchrungen\" data-id=\"1820\" width=\"885\" data-init-width=\"1000\" height=\"590\" data-init-height=\"667\" title=\"Preis Eintritt, Tickets and F\u00fchrungen\" loading=\"lazy\" src=\"\/\/viennatouristinformation.com\/fr\/wp-content\/uploads\/2020\/09\/Preis-Eintritt-Tickets-and-F\u00fchrungen.jpg\" data-width=\"885\" data-height=\"590\" data-pin-media=\"https:\/\/viennatouristinformation.com\/fr\/wp-content\/uploads\/2021\/01\/wien_pinterest_kaiserappartments_sisi_museum-2.jpg\" data-pin-description=\"appartements imp\u00e9riaux et mus\u00e9e Sisi | Vienna Tourist Information\" data-pin-url=\"https:\/\/viennatouristinformation.com\/fr\/choses-a-faire\/chateaux\/palais-imperial\/appartements-imperiaux\/?tve=true&amp;tcbf=7d81b36c1f\" data-pinpro-key=\"ow5ysb10w\"><\/noscript><\/span><\/p>\n<ul>\n<li>Admission : Les adultes paient 15 \u20ac pour entrer dans le mus\u00e9e Sisi, les appartements imp\u00e9riaux et la collection d&rsquo;argent. Les enfants et les jeunes de 6 \u00e0 18 ans paient 9 \u20ac. Le billet est valable pour les trois zones. Un audioguide gratuit en 13 langues est \u00e9galement inclus dans le prix.<\/li>\n<li>Billet Sisi : entr\u00e9e \u00e0 trois attractions de Vienne : <a href=\"https:\/\/viennatouristinformation.com\/fr\/choses-a-faire\/chateaux\/schonbrunn\/\" style=\"outline: none;\">le ch\u00e2teau de Sch\u00f6nbrunn<\/a> , le mus\u00e9e Sisi, les appartements imp\u00e9riaux et la collection d&rsquo;argenterie de la Hofburg et la collection imp\u00e9riale de meubles et le mus\u00e9e du meuble de Vienne.<\/li>\n<li>Pass groupe Sch\u00f6nbrunn : avec ce billet, <strong>&nbsp;<\/strong>tous les points forts imp\u00e9riaux du groupe Sch\u00f6nbrunn peuvent \u00eatre visit\u00e9s. Il comprend le ch\u00e2teau de <strong>&nbsp;<\/strong>Sch\u00f6nbrunn, le mus\u00e9e Sisi, le mus\u00e9e du meuble de Vienne et le palais Hof. Vous pouvez trouver plus d&rsquo;informations sur les billets sur le <a href=\"https:\/\/www.hofburg-wien.at\/unsere-preise-fuehrungen\/preise\/\" rel=\"noopener\" target=\"_blank\">site Web<\/a> de la Hofburg .<\/li>\n<li>Visites guid\u00e9es : Les visiteurs int\u00e9ress\u00e9s peuvent approfondir l&rsquo;histoire des Habsbourg lors d&rsquo;une visite du mus\u00e9e Sisi et des appartements imp\u00e9riaux. Des visites guid\u00e9es sont propos\u00e9es tous les jours en allemand et en anglais. Le prix d&rsquo;entr\u00e9e incluant la visite guid\u00e9e est de 18 \u20ac pour les adultes. Vous pouvez trouver un aper\u00e7u des visites <a href=\"https:\/\/www.hofburg-wien.at\/unsere-preise-fuehrungen\/fuehrungen\/\" rel=\"noopener\" target=\"_blank\">ici<\/a> .<\/li>\n<\/ul>\n<h2 id=\"t-1669203837982\">Plus de curiosit\u00e9s \u00e0 la Hofburg<\/h2>\n<p><span><img class=\"lazyload\" decoding=\"async\" alt=\"Mehr Sehensw\u00fcrdigkeiten in der Hofburg\" data-id=\"1821\" width=\"885\" data-init-width=\"1000\" height=\"590\" data-init-height=\"667\" title=\"Mehr Sehensw\u00fcrdigkeiten in der Hofburg\" loading=\"lazy\" src=\"data:image\/gif;base64,R0lGODlhAQABAIAAAAAAAP\/\/\/yH5BAEAAAAALAAAAAABAAEAAAIBRAA7\" data-src=\"\/\/viennatouristinformation.com\/fr\/wp-content\/uploads\/2020\/09\/Mehr-Sehensw\u00fcrdigkeiten-in-der-Hofburg.jpg\" data-width=\"885\" data-height=\"590\" data-pin-media=\"https:\/\/viennatouristinformation.com\/fr\/wp-content\/uploads\/2021\/01\/wien_pinterest_kaiserappartments_sisi_museum-2.jpg\" data-pin-description=\"appartements imp\u00e9riaux et mus\u00e9e Sisi | Vienna Tourist Information\" data-pin-url=\"https:\/\/viennatouristinformation.com\/fr\/choses-a-faire\/chateaux\/palais-imperial\/appartements-imperiaux\/?tve=true&amp;tcbf=7d81b36c1f\" data-pinpro-key=\"doe3dudu5\"><noscript><img class=\"lazyload\" decoding=\"async\" alt=\"Mehr Sehensw\u00fcrdigkeiten in der Hofburg\" data-id=\"1821\" width=\"885\" data-init-width=\"1000\" height=\"590\" data-init-height=\"667\" title=\"Mehr Sehensw\u00fcrdigkeiten in der Hofburg\" loading=\"lazy\" src=\"\/\/viennatouristinformation.com\/fr\/wp-content\/uploads\/2020\/09\/Mehr-Sehensw\u00fcrdigkeiten-in-der-Hofburg.jpg\" data-width=\"885\" data-height=\"590\" data-pin-media=\"https:\/\/viennatouristinformation.com\/fr\/wp-content\/uploads\/2021\/01\/wien_pinterest_kaiserappartments_sisi_museum-2.jpg\" data-pin-description=\"appartements imp\u00e9riaux et mus\u00e9e Sisi | Vienna Tourist Information\" data-pin-url=\"https:\/\/viennatouristinformation.com\/fr\/choses-a-faire\/chateaux\/palais-imperial\/appartements-imperiaux\/?tve=true&amp;tcbf=7d81b36c1f\" data-pinpro-key=\"doe3dudu5\"><\/noscript><\/span><\/p>\n<ul>\n<li><a href=\"https:\/\/viennatouristinformation.com\/fr\/choses-a-faire\/chateaux\/palais-imperial\/bibliotheque-nationale-autrichienne\/\" style=\"outline: none;\">Salle d&rsquo;\u00c9tat de la Biblioth\u00e8que nationale d&rsquo;Autriche<\/a><\/li>\n<li><a href=\"https:\/\/viennatouristinformation.com\/fr\/choses-a-faire\/chateaux\/palais-imperial\/ecole-dequitation-espagnole\/\" style=\"outline: none;\">\u00c9cole d&rsquo;\u00e9quitation espagnole<\/a><\/li>\n<li><a href=\"https:\/\/viennatouristinformation.com\/fr\/choses-a-faire\/chateaux\/palais-imperial\/tresor-imperial\/\" style=\"outline: none;\">Tr\u00e9sor imp\u00e9rial<\/a><\/li>\n<li><a href=\"https:\/\/viennatouristinformation.com\/fr\/choses-a-faire\/chateaux\/palais-imperial\/musee-du-monde\/\" style=\"outline: none;\">Mus\u00e9e du monde de Vienne<\/a><\/li>\n<li>Mus\u00e9e du papyrus de la Biblioth\u00e8que nationale d&rsquo;Autriche<\/li>\n<li>Mus\u00e9e d&rsquo;\u00c9ph\u00e8se<\/li>\n<li>Cour de chasse et armurerie de Vienne<\/li>\n<li>Collection d&rsquo;instruments de musique anciens<\/li>\n<li>maison de papillon<\/li>\n<li>Burggarten<\/li>\n<li>jardin publique<\/li>\n<li>Chancellerie du pr\u00e9sident autrichien (si\u00e8ge du pr\u00e9sident f\u00e9d\u00e9ral)<\/li>\n<li>Chancellerie f\u00e9d\u00e9rale<\/li>\n<\/ul>\n<h2 id=\"t-1669203837983\">histoire<\/h2>\n<p><span><img class=\"lazyload\" decoding=\"async\" alt=\"Geschichte in Vienna in Austria\" data-id=\"1822\" width=\"885\" data-init-width=\"1000\" height=\"590\" data-init-height=\"667\" title=\"Geschichte in Vienna in Austria\" loading=\"lazy\" src=\"data:image\/gif;base64,R0lGODlhAQABAIAAAAAAAP\/\/\/yH5BAEAAAAALAAAAAABAAEAAAIBRAA7\" data-src=\"\/\/viennatouristinformation.com\/fr\/wp-content\/uploads\/2020\/09\/Geschichte-1.jpg\" data-width=\"885\" data-height=\"590\" data-pin-media=\"https:\/\/viennatouristinformation.com\/fr\/wp-content\/uploads\/2021\/01\/wien_pinterest_kaiserappartments_sisi_museum-2.jpg\" data-pin-description=\"appartements imp\u00e9riaux et mus\u00e9e Sisi | Vienna Tourist Information\" data-pin-url=\"https:\/\/viennatouristinformation.com\/fr\/choses-a-faire\/chateaux\/palais-imperial\/appartements-imperiaux\/?tve=true&amp;tcbf=7d81b36c1f\" data-pinpro-key=\"p57guec9j\"><noscript><img class=\"lazyload\" decoding=\"async\" alt=\"Geschichte in Vienna in Austria\" data-id=\"1822\" width=\"885\" data-init-width=\"1000\" height=\"590\" data-init-height=\"667\" title=\"Geschichte in Vienna in Austria\" loading=\"lazy\" src=\"\/\/viennatouristinformation.com\/fr\/wp-content\/uploads\/2020\/09\/Geschichte-1.jpg\" data-width=\"885\" data-height=\"590\" data-pin-media=\"https:\/\/viennatouristinformation.com\/fr\/wp-content\/uploads\/2021\/01\/wien_pinterest_kaiserappartments_sisi_museum-2.jpg\" data-pin-description=\"appartements imp\u00e9riaux et mus\u00e9e Sisi | Vienna Tourist Information\" data-pin-url=\"https:\/\/viennatouristinformation.com\/fr\/choses-a-faire\/chateaux\/palais-imperial\/appartements-imperiaux\/?tve=true&amp;tcbf=7d81b36c1f\" data-pinpro-key=\"p57guec9j\"><\/noscript><\/span><\/p>\n<p>La Hofburg de Vienne au c\u0153ur de la ville \u00e9tait la r\u00e9sidence imp\u00e9riale principale et d&rsquo;hiver de la dynastie des Habsbourg du XIIIe si\u00e8cle jusqu&rsquo;\u00e0 la fin de la monarchie en 1918. Pendant des si\u00e8cles, elle a \u00e9t\u00e9 le centre du pouvoir des Habsbourg et est toujours le centre politique de l&rsquo;Autriche.<\/p>\n<p>Au fil des si\u00e8cles, le complexe du ch\u00e2teau initial du XIIIe si\u00e8cle n&rsquo;a cess\u00e9 de s&rsquo;agrandir. Chaque empereur s&rsquo;est vu ajouter une aile ou une aile, qui doit son apparence actuelle au puissant complexe de b\u00e2timents, qui compte d\u00e9sormais 18 ailes, 19 cours et 2 600 pi\u00e8ces.<\/p>\n<p>Depuis la fin de la monarchie en 1918, la Hofburg est la propri\u00e9t\u00e9 de la R\u00e9publique autrichienne. La maison de la cour a \u00e9galement \u00e9t\u00e9 dissoute et est devenue la propri\u00e9t\u00e9 de la R\u00e9publique d&rsquo;Autriche. Une partie de l&rsquo;ancienne collection de cour et d&rsquo;orf\u00e8vrerie est expos\u00e9e dans un fonds mus\u00e9al ouvert au public depuis 1923 dans les anciens bureaux de la collection d&rsquo;orf\u00e8vrerie. Depuis le 1er avril 1995, le Museum Silberkammer pr\u00e9sente la culture gastronomique de la cour avec ses objets glamour du quotidien.<\/p>\n<p>Les Kaiserappartements accueillent les visiteurs depuis novembre 1994.<\/p>\n<p>Depuis 2004, le mus\u00e9e Sisi a \u00e9galement ouvert ses portes au public.<\/p>\n<h2 id=\"t-1669203837984\">Contact<\/h2>\n<ul>\n<li><strong>Adresse :<\/strong> Hofburg, d\u00f4me Michaeler, 1010 Vienne<\/li>\n<li><strong>M\u00e9tro : &nbsp;<\/strong> U3 Herrengasse<\/li>\n<li><strong>Horaires d&rsquo;ouverture :<\/strong> Le mus\u00e9e Sisi, les appartements imp\u00e9riaux et la collection d&rsquo;argenterie sont ouverts tous les jours. Les heures d&rsquo;ouverture actuelles peuvent \u00eatre trouv\u00e9es <a href=\"https:\/\/www.hofburg-wien.at\/besucher-informationen\/oeffnungszeiten\/\" rel=\"noopener\" target=\"_blank\">ici<\/a> .<\/li>\n<\/ul>\n","protected":false},"excerpt":{"rendered":"<p>&nbsp; Les trois attractions comptent parmi les sites les plus visit\u00e9s de l&rsquo;histoire autrichienne, car elles offrent un aper\u00e7u particulier du mode de vie imp\u00e9rial et de la vie quotidienne \u00e0 la cour des Habsbourg. Vous trouverez ici tout ce que vous devez savoir sur les trois points forts de l&rsquo;h\u00e9ritage imp\u00e9rial autrichien. Appartements Kaiser [&hellip;]<\/p>\n","protected":false},"author":3,"featured_media":1816,"parent":1666,"menu_order":0,"comment_status":"open","ping_status":"closed","template":"","meta":{"footnotes":""},"tags":[],"class_list":["post-928","page","type-page","status-publish","has-post-thumbnail","hentry","post-wrapper","thrv_wrapper"],"_links":{"self":[{"href":"https:\/\/viennatouristinformation.com\/fr\/wp-json\/wp\/v2\/pages\/928","targetHints":{"allow":["GET"]}}],"collection":[{"href":"https:\/\/viennatouristinformation.com\/fr\/wp-json\/wp\/v2\/pages"}],"about":[{"href":"https:\/\/viennatouristinformation.com\/fr\/wp-json\/wp\/v2\/types\/page"}],"author":[{"embeddable":true,"href":"https:\/\/viennatouristinformation.com\/fr\/wp-json\/wp\/v2\/users\/3"}],"replies":[{"embeddable":true,"href":"https:\/\/viennatouristinformation.com\/fr\/wp-json\/wp\/v2\/comments?post=928"}],"version-history":[{"count":0,"href":"https:\/\/viennatouristinformation.com\/fr\/wp-json\/wp\/v2\/pages\/928\/revisions"}],"up":[{"embeddable":true,"href":"https:\/\/viennatouristinformation.com\/fr\/wp-json\/wp\/v2\/pages\/1666"}],"wp:featuredmedia":[{"embeddable":true,"href":"https:\/\/viennatouristinformation.com\/fr\/wp-json\/wp\/v2\/media\/1816"}],"wp:attachment":[{"href":"https:\/\/viennatouristinformation.com\/fr\/wp-json\/wp\/v2\/media?parent=928"}],"wp:term":[{"taxonomy":"post_tag","embeddable":true,"href":"https:\/\/viennatouristinformation.com\/fr\/wp-json\/wp\/v2\/tags?post=928"}],"curies":[{"name":"wp","href":"https:\/\/api.w.org\/{rel}","templated":true}]}}